{"id":41009,"date":"2015-12-14T09:46:51","date_gmt":"2015-12-14T15:46:51","guid":{"rendered":"https:\/\/www.generalkinematics.com\/product\/velocitrol\/"},"modified":"2018-08-31T10:50:49","modified_gmt":"2018-08-31T15:50:49","slug":"velocitrol","status":"publish","type":"product","link":"https:\/\/www.generalkinematics.com\/de\/produkt\/velocitrol\/","title":{"rendered":"VELOCITROL"},"content":{"rendered":"<p><strong>Velocitrol<\/strong> ist ein komplettes System zur Erfassung, Anzeige und Steuerung der Geschwindigkeit von Vibrationsmaschinen. Dieses System besteht aus einem industriellen Beschleunigungsmesser, zwei Vibrationsgebern und einem computergest\u00fctzten Anzeige- und Bedienger\u00e4t.<\/p>\n<p>Velocitrol ist eine SPS-basierte Steuerung, die Signale von zwei Vibrationsgebern empf\u00e4ngt. Die Velocitrol zeigt die aktuelle Geschwindigkeit an und stellt ein 4-20-mA-Signal an einen Frequenzumrichter ein, um eine konstante Geschwindigkeit beizubehalten.<\/p>\n<p>Die Velocitrol ist in der Lage, zwischen zwei Geschwindigkeitssollwerten zu wechseln, die durch einstellbare interne Zeitgeber oder durch einen externen potentialfreien Kontaktschluss ausgel\u00f6st werden k\u00f6nnen. Die Velocitrol zeigt den Hub kontinuierlich an und \u00fcberwacht den Hub hinsichtlich obere oder untere Grenzwerte.<\/p>\n<p>Wenn einer der Grenzwerte f\u00fcr einen einstellbaren Zeitraum \u00fcberschritten wird, gibt der Hubmonitor einen Alarm aus. Die Alarme k\u00f6nnen durch die potentialfreien Kontaktrelais an vorhandene Steuerger\u00e4te angeschlossen werden. Alle Sollwerte k\u00f6nnen \u00fcber die Bedienerschnittstelle an der Vorderseite der Velocitrol eingestellt werden.<\/p>\n","protected":false},"excerpt":{"rendered":"<p>Velocitrol ist ein komplettes System zur Erfassung, Anzeige und Steuerung der Geschwindigkeit von Vibrationsmaschinen. Dieses System besteht aus einem industriellen Beschleunigungsmesser, zwei Vibrationsgebern und einem computergest\u00fctzten Anzeige- und Bedienger\u00e4t. Velocitrol ist eine SPS-basierte Steuerung, die Signale von zwei Vibrationsgebern empf\u00e4ngt. Die Velocitrol zeigt die aktuelle Geschwindigkeit an und stellt ein 4-20-mA-Signal an einen Frequenzumrichter ein, [&hellip;]<\/p>\n","protected":false},"featured_media":27031,"comment_status":"closed","ping_status":"closed","template":"","meta":{"_acf_changed":false,"om_disable_all_campaigns":false,"ep_exclude_from_search":false},"product_brand":[],"product_cat":[1749],"product_tag":[],"class_list":{"0":"post-41009","1":"product","2":"type-product","3":"status-publish","4":"has-post-thumbnail","6":"product_cat-steuerung-und-ueberwachung","8":"first","9":"instock","10":"taxable","11":"shipping-taxable","12":"product-type-simple"},"acf":[],"yoast_head":"<!-- This site is optimized with the Yoast SEO plugin v27.2 - https:\/\/yoast.com\/product\/yoast-seo-wordpress\/ -->\n<title>VELOCITROL | General Kinematics<\/title>\n<meta name=\"robots\" content=\"index, follow, max-snippet:-1, max-image-preview:large, max-video-preview:-1\" \/>\n<link rel=\"canonical\" href=\"https:\/\/www.generalkinematics.com\/de\/produkt\/velocitrol\/\" \/>\n<meta property=\"og:locale\" content=\"de_DE\" \/>\n<meta property=\"og:type\" content=\"article\" \/>\n<meta property=\"og:title\" content=\"VELOCITROL | General Kinematics\" \/>\n<meta property=\"og:description\" content=\"Velocitrol ist ein komplettes System zur Erfassung, Anzeige und Steuerung der Geschwindigkeit von Vibrationsmaschinen. Dieses System besteht aus einem industriellen Beschleunigungsmesser, zwei Vibrationsgebern und einem computergest\u00fctzten Anzeige- und Bedienger\u00e4t. Velocitrol ist eine SPS-basierte Steuerung, die Signale von zwei Vibrationsgebern empf\u00e4ngt. Die Velocitrol zeigt die aktuelle Geschwindigkeit an und stellt ein 4-20-mA-Signal an einen Frequenzumrichter ein, [&hellip;]\" \/>\n<meta property=\"og:url\" content=\"https:\/\/www.generalkinematics.com\/de\/produkt\/velocitrol\/\" \/>\n<meta property=\"og:site_name\" content=\"General Kinematics\" \/>\n<meta property=\"article:publisher\" content=\"https:\/\/www.facebook.com\/generalkinematics\" \/>\n<meta property=\"article:modified_time\" content=\"2018-08-31T15:50:49+00:00\" \/>\n<meta property=\"og:image\" content=\"https:\/\/media.generalkinematics.com\/wp-content\/uploads\/2015\/12\/velocitrol.png\" \/>\n\t<meta property=\"og:image:width\" content=\"400\" \/>\n\t<meta property=\"og:image:height\" content=\"400\" \/>\n\t<meta property=\"og:image:type\" content=\"image\/jpeg\" \/>\n<meta name=\"twitter:card\" content=\"summary_large_image\" \/>\n<meta name=\"twitter:site\" content=\"@gkvibrating\" \/>\n<meta name=\"twitter:label1\" content=\"Gesch\u00e4tzte Lesezeit\" \/>\n\t<meta name=\"twitter:data1\" content=\"1 Minute\" \/>\n<!-- \/ Yoast SEO plugin. -->","yoast_head_json":{"title":"VELOCITROL | General Kinematics","robots":{"index":"index","follow":"follow","max-snippet":"max-snippet:-1","max-image-preview":"max-image-preview:large","max-video-preview":"max-video-preview:-1"},"canonical":"https:\/\/www.generalkinematics.com\/de\/produkt\/velocitrol\/","og_locale":"de_DE","og_type":"article","og_title":"VELOCITROL | General Kinematics","og_description":"Velocitrol ist ein komplettes System zur Erfassung, Anzeige und Steuerung der Geschwindigkeit von Vibrationsmaschinen. Dieses System besteht aus einem industriellen Beschleunigungsmesser, zwei Vibrationsgebern und einem computergest\u00fctzten Anzeige- und Bedienger\u00e4t. Velocitrol ist eine SPS-basierte Steuerung, die Signale von zwei Vibrationsgebern empf\u00e4ngt. Die Velocitrol zeigt die aktuelle Geschwindigkeit an und stellt ein 4-20-mA-Signal an einen Frequenzumrichter ein, [&hellip;]","og_url":"https:\/\/www.generalkinematics.com\/de\/produkt\/velocitrol\/","og_site_name":"General Kinematics","article_publisher":"https:\/\/www.facebook.com\/generalkinematics","article_modified_time":"2018-08-31T15:50:49+00:00","og_image":[{"width":400,"height":400,"url":"https:\/\/media.generalkinematics.com\/wp-content\/uploads\/2015\/12\/velocitrol.png","type":"image\/jpeg"}],"twitter_card":"summary_large_image","twitter_site":"@gkvibrating","twitter_misc":{"Gesch\u00e4tzte Lesezeit":"1 Minute"},"schema":{"@context":"https:\/\/schema.org","@graph":[{"@type":"WebPage","@id":"https:\/\/www.generalkinematics.com\/de\/produkt\/velocitrol\/","url":"https:\/\/www.generalkinematics.com\/de\/produkt\/velocitrol\/","name":"VELOCITROL | General Kinematics","isPartOf":{"@id":"https:\/\/www.generalkinematics.com\/de\/#website"},"primaryImageOfPage":{"@id":"https:\/\/www.generalkinematics.com\/de\/produkt\/velocitrol\/#primaryimage"},"image":{"@id":"https:\/\/www.generalkinematics.com\/de\/produkt\/velocitrol\/#primaryimage"},"thumbnailUrl":"https:\/\/media.generalkinematics.com\/wp-content\/uploads\/2015\/12\/velocitrol.png","datePublished":"2015-12-14T15:46:51+00:00","dateModified":"2018-08-31T15:50:49+00:00","breadcrumb":{"@id":"https:\/\/www.generalkinematics.com\/de\/produkt\/velocitrol\/#breadcrumb"},"inLanguage":"de-DE","potentialAction":[{"@type":"ReadAction","target":["https:\/\/www.generalkinematics.com\/de\/produkt\/velocitrol\/"]}]},{"@type":"ImageObject","inLanguage":"de-DE","@id":"https:\/\/www.generalkinematics.com\/de\/produkt\/velocitrol\/#primaryimage","url":"https:\/\/media.generalkinematics.com\/wp-content\/uploads\/2015\/12\/velocitrol.png","contentUrl":"https:\/\/media.generalkinematics.com\/wp-content\/uploads\/2015\/12\/velocitrol.png","width":400,"height":400,"caption":"general-kinematics-velocitrol"},{"@type":"BreadcrumbList","@id":"https:\/\/www.generalkinematics.com\/de\/produkt\/velocitrol\/#breadcrumb","itemListElement":[{"@type":"ListItem","position":1,"name":"GK Home","item":"https:\/\/www.generalkinematics.com\/de\/"},{"@type":"ListItem","position":2,"name":"Shop","item":"https:\/\/www.generalkinematics.com\/shop\/"},{"@type":"ListItem","position":3,"name":"VELOCITROL"}]},{"@type":"WebSite","@id":"https:\/\/www.generalkinematics.com\/de\/#website","url":"https:\/\/www.generalkinematics.com\/de\/","name":"General Kinematics","description":"","publisher":{"@id":"https:\/\/www.generalkinematics.com\/de\/#organization"},"potentialAction":[{"@type":"SearchAction","target":{"@type":"EntryPoint","urlTemplate":"https:\/\/www.generalkinematics.com\/de\/?s={search_term_string}"},"query-input":{"@type":"PropertyValueSpecification","valueRequired":true,"valueName":"search_term_string"}}],"inLanguage":"de-DE"},{"@type":"Organization","@id":"https:\/\/www.generalkinematics.com\/de\/#organization","name":"General Kinematics","url":"https:\/\/www.generalkinematics.com\/de\/","logo":{"@type":"ImageObject","inLanguage":"de-DE","@id":"https:\/\/www.generalkinematics.com\/de\/#\/schema\/logo\/image\/","url":"https:\/\/media.generalkinematics.com\/wp-content\/uploads\/2018\/03\/logo.png","contentUrl":"https:\/\/media.generalkinematics.com\/wp-content\/uploads\/2018\/03\/logo.png","width":313,"height":100,"caption":"General Kinematics"},"image":{"@id":"https:\/\/www.generalkinematics.com\/de\/#\/schema\/logo\/image\/"},"sameAs":["https:\/\/www.facebook.com\/generalkinematics","https:\/\/x.com\/gkvibrating"]}]}},"_links":{"self":[{"href":"https:\/\/www.generalkinematics.com\/de\/wp-json\/wp\/v2\/product\/41009","targetHints":{"allow":["GET"]}}],"collection":[{"href":"https:\/\/www.generalkinematics.com\/de\/wp-json\/wp\/v2\/product"}],"about":[{"href":"https:\/\/www.generalkinematics.com\/de\/wp-json\/wp\/v2\/types\/product"}],"replies":[{"embeddable":true,"href":"https:\/\/www.generalkinematics.com\/de\/wp-json\/wp\/v2\/comments?post=41009"}],"wp:featuredmedia":[{"embeddable":true,"href":"https:\/\/www.generalkinematics.com\/de\/wp-json\/wp\/v2\/media\/27031"}],"wp:attachment":[{"href":"https:\/\/www.generalkinematics.com\/de\/wp-json\/wp\/v2\/media?parent=41009"}],"wp:term":[{"taxonomy":"product_brand","embeddable":true,"href":"https:\/\/www.generalkinematics.com\/de\/wp-json\/wp\/v2\/product_brand?post=41009"},{"taxonomy":"product_cat","embeddable":true,"href":"https:\/\/www.generalkinematics.com\/de\/wp-json\/wp\/v2\/product_cat?post=41009"},{"taxonomy":"product_tag","embeddable":true,"href":"https:\/\/www.generalkinematics.com\/de\/wp-json\/wp\/v2\/product_tag?post=41009"}],"curies":[{"name":"wp","href":"https:\/\/api.w.org\/{rel}","templated":true}]}}