{"id":41254,"date":"2015-05-12T06:35:47","date_gmt":"2015-05-12T11:35:47","guid":{"rendered":"https:\/\/www.generalkinematics.com\/product\/vibrations-direktantrieb\/"},"modified":"2018-08-31T15:41:04","modified_gmt":"2018-08-31T20:41:04","slug":"vibrationssiebe-2","status":"publish","type":"product","link":"https:\/\/www.generalkinematics.com\/de\/produkt\/vibrationssiebe-2\/","title":{"rendered":"Vibrations-Direktantrieb"},"content":{"rendered":"<p><span style=\"font-weight: 400;\">General Kinematics Vibrations-Pfannenf\u00f6rderer und Siebe mit Direktantrieb sind f\u00fcr den robusten Dauerbetrieb ausgelegt. (vibrationssieb) Mit den kompakten und energiesparenden Vibrationsmotoren speist und siebt GK Equipment mit Direktantrieb auch die schwierigsten Materialien. Heavy Duty-Ausf\u00fchrungen halten selbst den h\u00e4rtesten Bedingungen stand. Es gibt GK-Anlagen, die auch nach \u00fcber 40 Jahren noch in Betrieb sind.<\/span><\/p>\n<h2>Eigenschaften:<\/h2>\n<ul>\n<li style=\"font-weight: 400;\"><span style=\"font-weight: 400;\">Es stehen Standard- und ma\u00dfgeschneiderte Gr\u00f6\u00dfen zur Verf\u00fcgung.<\/span><\/li>\n<li style=\"font-weight: 400;\"><span style=\"font-weight: 400;\">Die Antriebe k\u00f6nnen \u00fcber Kopf oder unter der Wanne montiert werden, wodurch eine au\u00dfergew\u00f6hnliche Prozessflexibilit\u00e4t gew\u00e4hrleistet wird.<\/span><\/li>\n<li style=\"font-weight: 400;\"><span style=\"font-weight: 400;\">Die Auskleidungen k\u00f6nnen je nach Wunsch verschwei\u00dft oder verschraubt werden.<\/span><\/li>\n<li style=\"font-weight: 400;\"><span style=\"font-weight: 400;\">Erh\u00e4ltlich in optionalen Sonderoberfl\u00e4chen und Konstruktionsmaterialien.<\/span><\/li>\n<\/ul>\n","protected":false},"excerpt":{"rendered":"<p>General Kinematics Vibrations-Pfannenf\u00f6rderer und Siebe mit Direktantrieb sind f\u00fcr den robusten Dauerbetrieb ausgelegt. (vibrationssieb) Mit den kompakten und energiesparenden Vibrationsmotoren speist und siebt GK Equipment mit Direktantrieb auch die schwierigsten Materialien. Heavy Duty-Ausf\u00fchrungen halten selbst den h\u00e4rtesten Bedingungen stand. Es gibt GK-Anlagen, die auch nach \u00fcber 40 Jahren noch in Betrieb sind. Eigenschaften: Es stehen [&hellip;]<\/p>\n","protected":false},"featured_media":24583,"comment_status":"closed","ping_status":"closed","template":"","meta":{"_acf_changed":false,"om_disable_all_campaigns":false,"ep_exclude_from_search":false},"product_brand":[],"product_cat":[1798],"product_tag":[],"class_list":{"0":"post-41254","1":"product","2":"type-product","3":"status-publish","4":"has-post-thumbnail","6":"product_cat-recycling-loesungen","8":"first","9":"instock","10":"taxable","11":"shipping-taxable","12":"product-type-simple"},"acf":[],"yoast_head":"<!-- This site is optimized with the Yoast SEO plugin v27.2 - https:\/\/yoast.com\/product\/yoast-seo-wordpress\/ -->\n<title>Vibrations-Direktantrieb | General Kinematics<\/title>\n<meta name=\"robots\" content=\"index, follow, max-snippet:-1, max-image-preview:large, max-video-preview:-1\" \/>\n<link rel=\"canonical\" href=\"https:\/\/www.generalkinematics.com\/de\/produkt\/vibrationssiebe-2\/\" \/>\n<meta property=\"og:locale\" content=\"de_DE\" \/>\n<meta property=\"og:type\" content=\"article\" \/>\n<meta property=\"og:title\" content=\"Vibrations-Direktantrieb | General Kinematics\" \/>\n<meta property=\"og:description\" content=\"General Kinematics Vibrations-Pfannenf\u00f6rderer und Siebe mit Direktantrieb sind f\u00fcr den robusten Dauerbetrieb ausgelegt. (vibrationssieb) Mit den kompakten und energiesparenden Vibrationsmotoren speist und siebt GK Equipment mit Direktantrieb auch die schwierigsten Materialien. Heavy Duty-Ausf\u00fchrungen halten selbst den h\u00e4rtesten Bedingungen stand. Es gibt GK-Anlagen, die auch nach \u00fcber 40 Jahren noch in Betrieb sind. Eigenschaften: Es stehen [&hellip;]\" \/>\n<meta property=\"og:url\" content=\"https:\/\/www.generalkinematics.com\/de\/produkt\/vibrationssiebe-2\/\" \/>\n<meta property=\"og:site_name\" content=\"General Kinematics\" \/>\n<meta property=\"article:publisher\" content=\"https:\/\/www.facebook.com\/generalkinematics\" \/>\n<meta property=\"article:modified_time\" content=\"2018-08-31T20:41:04+00:00\" \/>\n<meta property=\"og:image\" content=\"https:\/\/www.generalkinematics.com\/wp-content\/uploads\/2015\/05\/DCP_0334.jpg\" \/>\n\t<meta property=\"og:image:width\" content=\"2160\" \/>\n\t<meta property=\"og:image:height\" content=\"1440\" \/>\n\t<meta property=\"og:image:type\" content=\"image\/jpeg\" \/>\n<meta name=\"twitter:card\" content=\"summary_large_image\" \/>\n<meta name=\"twitter:site\" content=\"@gkvibrating\" \/>\n<meta name=\"twitter:label1\" content=\"Gesch\u00e4tzte Lesezeit\" \/>\n\t<meta name=\"twitter:data1\" content=\"1 Minute\" \/>\n<!-- \/ Yoast SEO plugin. -->","yoast_head_json":{"title":"Vibrations-Direktantrieb | General Kinematics","robots":{"index":"index","follow":"follow","max-snippet":"max-snippet:-1","max-image-preview":"max-image-preview:large","max-video-preview":"max-video-preview:-1"},"canonical":"https:\/\/www.generalkinematics.com\/de\/produkt\/vibrationssiebe-2\/","og_locale":"de_DE","og_type":"article","og_title":"Vibrations-Direktantrieb | General Kinematics","og_description":"General Kinematics Vibrations-Pfannenf\u00f6rderer und Siebe mit Direktantrieb sind f\u00fcr den robusten Dauerbetrieb ausgelegt. (vibrationssieb) Mit den kompakten und energiesparenden Vibrationsmotoren speist und siebt GK Equipment mit Direktantrieb auch die schwierigsten Materialien. Heavy Duty-Ausf\u00fchrungen halten selbst den h\u00e4rtesten Bedingungen stand. Es gibt GK-Anlagen, die auch nach \u00fcber 40 Jahren noch in Betrieb sind. Eigenschaften: Es stehen [&hellip;]","og_url":"https:\/\/www.generalkinematics.com\/de\/produkt\/vibrationssiebe-2\/","og_site_name":"General Kinematics","article_publisher":"https:\/\/www.facebook.com\/generalkinematics","article_modified_time":"2018-08-31T20:41:04+00:00","og_image":[{"width":2160,"height":1440,"url":"https:\/\/www.generalkinematics.com\/wp-content\/uploads\/2015\/05\/DCP_0334.jpg","type":"image\/jpeg"}],"twitter_card":"summary_large_image","twitter_site":"@gkvibrating","twitter_misc":{"Gesch\u00e4tzte Lesezeit":"1 Minute"},"schema":{"@context":"https:\/\/schema.org","@graph":[{"@type":"WebPage","@id":"https:\/\/www.generalkinematics.com\/de\/produkt\/vibrationssiebe-2\/","url":"https:\/\/www.generalkinematics.com\/de\/produkt\/vibrationssiebe-2\/","name":"Vibrations-Direktantrieb | General Kinematics","isPartOf":{"@id":"https:\/\/www.generalkinematics.com\/de\/#website"},"primaryImageOfPage":{"@id":"https:\/\/www.generalkinematics.com\/de\/produkt\/vibrationssiebe-2\/#primaryimage"},"image":{"@id":"https:\/\/www.generalkinematics.com\/de\/produkt\/vibrationssiebe-2\/#primaryimage"},"thumbnailUrl":"https:\/\/media.generalkinematics.com\/wp-content\/uploads\/2015\/05\/DCP_0334.jpg","datePublished":"2015-05-12T11:35:47+00:00","dateModified":"2018-08-31T20:41:04+00:00","breadcrumb":{"@id":"https:\/\/www.generalkinematics.com\/de\/produkt\/vibrationssiebe-2\/#breadcrumb"},"inLanguage":"de-DE","potentialAction":[{"@type":"ReadAction","target":["https:\/\/www.generalkinematics.com\/de\/produkt\/vibrationssiebe-2\/"]}]},{"@type":"ImageObject","inLanguage":"de-DE","@id":"https:\/\/www.generalkinematics.com\/de\/produkt\/vibrationssiebe-2\/#primaryimage","url":"https:\/\/media.generalkinematics.com\/wp-content\/uploads\/2015\/05\/DCP_0334.jpg","contentUrl":"https:\/\/media.generalkinematics.com\/wp-content\/uploads\/2015\/05\/DCP_0334.jpg","width":2160,"height":1440,"caption":"general-kinematics-recycling-sieb"},{"@type":"BreadcrumbList","@id":"https:\/\/www.generalkinematics.com\/de\/produkt\/vibrationssiebe-2\/#breadcrumb","itemListElement":[{"@type":"ListItem","position":1,"name":"GK Home","item":"https:\/\/www.generalkinematics.com\/de\/"},{"@type":"ListItem","position":2,"name":"Shop","item":"https:\/\/www.generalkinematics.com\/shop\/"},{"@type":"ListItem","position":3,"name":"Vibrations-Direktantrieb"}]},{"@type":"WebSite","@id":"https:\/\/www.generalkinematics.com\/de\/#website","url":"https:\/\/www.generalkinematics.com\/de\/","name":"General Kinematics","description":"","publisher":{"@id":"https:\/\/www.generalkinematics.com\/de\/#organization"},"potentialAction":[{"@type":"SearchAction","target":{"@type":"EntryPoint","urlTemplate":"https:\/\/www.generalkinematics.com\/de\/?s={search_term_string}"},"query-input":{"@type":"PropertyValueSpecification","valueRequired":true,"valueName":"search_term_string"}}],"inLanguage":"de-DE"},{"@type":"Organization","@id":"https:\/\/www.generalkinematics.com\/de\/#organization","name":"General Kinematics","url":"https:\/\/www.generalkinematics.com\/de\/","logo":{"@type":"ImageObject","inLanguage":"de-DE","@id":"https:\/\/www.generalkinematics.com\/de\/#\/schema\/logo\/image\/","url":"https:\/\/media.generalkinematics.com\/wp-content\/uploads\/2018\/03\/logo.png","contentUrl":"https:\/\/media.generalkinematics.com\/wp-content\/uploads\/2018\/03\/logo.png","width":313,"height":100,"caption":"General Kinematics"},"image":{"@id":"https:\/\/www.generalkinematics.com\/de\/#\/schema\/logo\/image\/"},"sameAs":["https:\/\/www.facebook.com\/generalkinematics","https:\/\/x.com\/gkvibrating"]}]}},"_links":{"self":[{"href":"https:\/\/www.generalkinematics.com\/de\/wp-json\/wp\/v2\/product\/41254","targetHints":{"allow":["GET"]}}],"collection":[{"href":"https:\/\/www.generalkinematics.com\/de\/wp-json\/wp\/v2\/product"}],"about":[{"href":"https:\/\/www.generalkinematics.com\/de\/wp-json\/wp\/v2\/types\/product"}],"replies":[{"embeddable":true,"href":"https:\/\/www.generalkinematics.com\/de\/wp-json\/wp\/v2\/comments?post=41254"}],"wp:featuredmedia":[{"embeddable":true,"href":"https:\/\/www.generalkinematics.com\/de\/wp-json\/wp\/v2\/media\/24583"}],"wp:attachment":[{"href":"https:\/\/www.generalkinematics.com\/de\/wp-json\/wp\/v2\/media?parent=41254"}],"wp:term":[{"taxonomy":"product_brand","embeddable":true,"href":"https:\/\/www.generalkinematics.com\/de\/wp-json\/wp\/v2\/product_brand?post=41254"},{"taxonomy":"product_cat","embeddable":true,"href":"https:\/\/www.generalkinematics.com\/de\/wp-json\/wp\/v2\/product_cat?post=41254"},{"taxonomy":"product_tag","embeddable":true,"href":"https:\/\/www.generalkinematics.com\/de\/wp-json\/wp\/v2\/product_tag?post=41254"}],"curies":[{"name":"wp","href":"https:\/\/api.w.org\/{rel}","templated":true}]}}