{"id":41275,"date":"2017-09-26T15:06:50","date_gmt":"2017-09-26T20:06:50","guid":{"rendered":"https:\/\/www.generalkinematics.com\/product\/indirekte-kuhler-fur-hygroskopische-materialien\/"},"modified":"2020-08-28T15:02:58","modified_gmt":"2020-08-28T20:02:58","slug":"indirekte-kuhler-fur-hygroskopische-materialien","status":"publish","type":"product","link":"https:\/\/www.generalkinematics.com\/de\/produkt\/indirekte-kuhler-fur-hygroskopische-materialien\/","title":{"rendered":"INDIREKTE K\u00dcHLER F\u00dcR HYGROSKOPISCHE MATERIALIEN"},"content":{"rendered":"<p>General Kinematics neuer indirekter Alternierender Fluss-Kaskadenk\u00fchler (AFC &#8211; Alternating Flow Cascade) verbessert den K\u00fchlprozess f\u00fcr Lithiumchlorid und andere hygroskopische Produkte erheblich. Basierend auf der Zwei-Massen-Technologie (zweimassentechnologie blog) des Unternehmens ist der K\u00fchler mit linearem F\u00f6rdersystem ausgestattet und mit einer echten horizontalen Antriebswirkung ausgestattet, mit der er den Produktkontakt gleichm\u00e4\u00dfig verteilt und auf den K\u00fchldecks maximiert. Die modulare Deckausf\u00fchrung erm\u00f6glicht f\u00fcr eine gleichm\u00e4\u00dfigere K\u00fchlung das Fallen des Produkts. Mit einem Fl\u00fcssigkeitszwischenraum unter jedem Deck ausgestattet wird K\u00fchlfl\u00fcssigkeit in einer dem Produkt entgegengesetzten Richtung bewegt, wobei eine Serpentinenbewegung zur Optimierung der K\u00fchlwirkung ausgef\u00fchrt wird. Abgedichtete Zufuhrauslass- und Deckkammern erfordern keine Staubabsaugung und verhindern das Feuchtigkeit eindringt, wodurch diese Einheit ideal f\u00fcr hygroskopische Produkte ist.<\/p>\n<p>&nbsp;<\/p>\n<p>EIGENSCHAFTEN:<\/p>\n<ul>\n<li>Stapelbare Ausf\u00fchrung f\u00fcr die weitere Verl\u00e4ngerung der K\u00fchlstrecke<\/li>\n<li>L\u00e4sst Material nach jeder Umdrehung f\u00fcr gleichm\u00e4\u00dfige K\u00fchlung fallen<\/li>\n<li>Eine echte horizontale Antriebswirkung maximiert die Produktkontaktdauer mit dem K\u00fchldeck<\/li>\n<li>Die modulare Deckausf\u00fchrung erm\u00f6glicht anpassbare K\u00fchlzonen<\/li>\n<li>Mit verschiedenen Stahltrogausf\u00fchrungen, einschlie\u00dflich Edelstahl f\u00fcr Abriebfestigkeit und Hochnickellegierung f\u00fcr hochkorrosive Produkte, verf\u00fcgbar<\/li>\n<li>Die F\u00f6rdergeschwindigkeit ist einstellbar<\/li>\n<li>Erfordert keine Staubabsaugung<\/li>\n<li>Versiegelte Kammer f\u00fcr hygroskopische Materialien<\/li>\n<li>Leicht zug\u00e4ngliche T\u00fcren f\u00fcr den Materialtransport<\/li>\n<li>GKs Zwei-Massen-Ausf\u00fchrung (gk two mass) erfordert einen Bruchteil der Leistung einer herk\u00f6mmlichen Maschine<\/li>\n<li>Vibrations-\u00dcberwachungssystem enthalten<\/li>\n<\/ul>\n","protected":false},"excerpt":{"rendered":"<p>General Kinematics neuer indirekter Alternierender Fluss-Kaskadenk\u00fchler (AFC &#8211; Alternating Flow Cascade) verbessert den K\u00fchlprozess f\u00fcr Lithiumchlorid und andere hygroskopische Produkte erheblich. Basierend auf der Zwei-Massen-Technologie (zweimassentechnologie blog) des Unternehmens ist der K\u00fchler mit linearem F\u00f6rdersystem ausgestattet und mit einer echten horizontalen Antriebswirkung ausgestattet, mit der er den Produktkontakt gleichm\u00e4\u00dfig verteilt und auf den K\u00fchldecks maximiert. [&hellip;]<\/p>\n","protected":false},"featured_media":53704,"comment_status":"closed","ping_status":"closed","template":"","meta":{"_acf_changed":false,"om_disable_all_campaigns":false,"ep_exclude_from_search":false},"product_brand":[],"product_cat":[1761,1767],"product_tag":[],"class_list":{"0":"post-41275","1":"product","2":"type-product","3":"status-publish","4":"has-post-thumbnail","6":"product_cat-loesungen-fuer-schuettgutverarbeitung","7":"product_cat-vibrierende-foerderer","9":"first","10":"instock","11":"taxable","12":"shipping-taxable","13":"product-type-simple"},"acf":[],"yoast_head":"<!-- This site is optimized with the Yoast SEO plugin v27.2 - https:\/\/yoast.com\/product\/yoast-seo-wordpress\/ -->\n<title>INDIREKTE K\u00dcHLER F\u00dcR HYGROSKOPISCHE MATERIALIEN | General Kinematics<\/title>\n<meta name=\"robots\" content=\"index, follow, max-snippet:-1, max-image-preview:large, max-video-preview:-1\" \/>\n<link rel=\"canonical\" href=\"https:\/\/www.generalkinematics.com\/de\/produkt\/indirekte-kuhler-fur-hygroskopische-materialien\/\" \/>\n<meta property=\"og:locale\" content=\"de_DE\" \/>\n<meta property=\"og:type\" content=\"article\" \/>\n<meta property=\"og:title\" content=\"INDIREKTE K\u00dcHLER F\u00dcR HYGROSKOPISCHE MATERIALIEN | General Kinematics\" \/>\n<meta property=\"og:description\" content=\"General Kinematics neuer indirekter Alternierender Fluss-Kaskadenk\u00fchler (AFC &#8211; Alternating Flow Cascade) verbessert den K\u00fchlprozess f\u00fcr Lithiumchlorid und andere hygroskopische Produkte erheblich. Basierend auf der Zwei-Massen-Technologie (zweimassentechnologie blog) des Unternehmens ist der K\u00fchler mit linearem F\u00f6rdersystem ausgestattet und mit einer echten horizontalen Antriebswirkung ausgestattet, mit der er den Produktkontakt gleichm\u00e4\u00dfig verteilt und auf den K\u00fchldecks maximiert. [&hellip;]\" \/>\n<meta property=\"og:url\" content=\"https:\/\/www.generalkinematics.com\/de\/produkt\/indirekte-kuhler-fur-hygroskopische-materialien\/\" \/>\n<meta property=\"og:site_name\" content=\"General Kinematics\" \/>\n<meta property=\"article:publisher\" content=\"https:\/\/www.facebook.com\/generalkinematics\" \/>\n<meta property=\"article:modified_time\" content=\"2020-08-28T20:02:58+00:00\" \/>\n<meta property=\"og:image\" content=\"https:\/\/media.generalkinematics.com\/wp-content\/uploads\/2017\/08\/img_1213.jpg\" \/>\n\t<meta property=\"og:image:width\" content=\"3264\" \/>\n\t<meta property=\"og:image:height\" content=\"2448\" \/>\n\t<meta property=\"og:image:type\" content=\"image\/jpeg\" \/>\n<meta name=\"twitter:card\" content=\"summary_large_image\" \/>\n<meta name=\"twitter:site\" content=\"@gkvibrating\" \/>\n<meta name=\"twitter:label1\" content=\"Gesch\u00e4tzte Lesezeit\" \/>\n\t<meta name=\"twitter:data1\" content=\"1 Minute\" \/>\n<!-- \/ Yoast SEO plugin. -->","yoast_head_json":{"title":"INDIREKTE K\u00dcHLER F\u00dcR HYGROSKOPISCHE MATERIALIEN | General Kinematics","robots":{"index":"index","follow":"follow","max-snippet":"max-snippet:-1","max-image-preview":"max-image-preview:large","max-video-preview":"max-video-preview:-1"},"canonical":"https:\/\/www.generalkinematics.com\/de\/produkt\/indirekte-kuhler-fur-hygroskopische-materialien\/","og_locale":"de_DE","og_type":"article","og_title":"INDIREKTE K\u00dcHLER F\u00dcR HYGROSKOPISCHE MATERIALIEN | General Kinematics","og_description":"General Kinematics neuer indirekter Alternierender Fluss-Kaskadenk\u00fchler (AFC &#8211; Alternating Flow Cascade) verbessert den K\u00fchlprozess f\u00fcr Lithiumchlorid und andere hygroskopische Produkte erheblich. Basierend auf der Zwei-Massen-Technologie (zweimassentechnologie blog) des Unternehmens ist der K\u00fchler mit linearem F\u00f6rdersystem ausgestattet und mit einer echten horizontalen Antriebswirkung ausgestattet, mit der er den Produktkontakt gleichm\u00e4\u00dfig verteilt und auf den K\u00fchldecks maximiert. [&hellip;]","og_url":"https:\/\/www.generalkinematics.com\/de\/produkt\/indirekte-kuhler-fur-hygroskopische-materialien\/","og_site_name":"General Kinematics","article_publisher":"https:\/\/www.facebook.com\/generalkinematics","article_modified_time":"2020-08-28T20:02:58+00:00","og_image":[{"width":3264,"height":2448,"url":"https:\/\/media.generalkinematics.com\/wp-content\/uploads\/2017\/08\/img_1213.jpg","type":"image\/jpeg"}],"twitter_card":"summary_large_image","twitter_site":"@gkvibrating","twitter_misc":{"Gesch\u00e4tzte Lesezeit":"1 Minute"},"schema":{"@context":"https:\/\/schema.org","@graph":[{"@type":"WebPage","@id":"https:\/\/www.generalkinematics.com\/de\/produkt\/indirekte-kuhler-fur-hygroskopische-materialien\/","url":"https:\/\/www.generalkinematics.com\/de\/produkt\/indirekte-kuhler-fur-hygroskopische-materialien\/","name":"INDIREKTE K\u00dcHLER F\u00dcR HYGROSKOPISCHE MATERIALIEN | General Kinematics","isPartOf":{"@id":"https:\/\/www.generalkinematics.com\/de\/#website"},"primaryImageOfPage":{"@id":"https:\/\/www.generalkinematics.com\/de\/produkt\/indirekte-kuhler-fur-hygroskopische-materialien\/#primaryimage"},"image":{"@id":"https:\/\/www.generalkinematics.com\/de\/produkt\/indirekte-kuhler-fur-hygroskopische-materialien\/#primaryimage"},"thumbnailUrl":"https:\/\/media.generalkinematics.com\/wp-content\/uploads\/2024\/01\/indirect-cooler.jpg","datePublished":"2017-09-26T20:06:50+00:00","dateModified":"2020-08-28T20:02:58+00:00","breadcrumb":{"@id":"https:\/\/www.generalkinematics.com\/de\/produkt\/indirekte-kuhler-fur-hygroskopische-materialien\/#breadcrumb"},"inLanguage":"de-DE","potentialAction":[{"@type":"ReadAction","target":["https:\/\/www.generalkinematics.com\/de\/produkt\/indirekte-kuhler-fur-hygroskopische-materialien\/"]}]},{"@type":"ImageObject","inLanguage":"de-DE","@id":"https:\/\/www.generalkinematics.com\/de\/produkt\/indirekte-kuhler-fur-hygroskopische-materialien\/#primaryimage","url":"https:\/\/media.generalkinematics.com\/wp-content\/uploads\/2024\/01\/indirect-cooler.jpg","contentUrl":"https:\/\/media.generalkinematics.com\/wp-content\/uploads\/2024\/01\/indirect-cooler.jpg","width":1753,"height":1024},{"@type":"BreadcrumbList","@id":"https:\/\/www.generalkinematics.com\/de\/produkt\/indirekte-kuhler-fur-hygroskopische-materialien\/#breadcrumb","itemListElement":[{"@type":"ListItem","position":1,"name":"GK Home","item":"https:\/\/www.generalkinematics.com\/de\/"},{"@type":"ListItem","position":2,"name":"Shop","item":"https:\/\/www.generalkinematics.com\/shop\/"},{"@type":"ListItem","position":3,"name":"INDIREKTE K\u00dcHLER F\u00dcR HYGROSKOPISCHE MATERIALIEN"}]},{"@type":"WebSite","@id":"https:\/\/www.generalkinematics.com\/de\/#website","url":"https:\/\/www.generalkinematics.com\/de\/","name":"General Kinematics","description":"","publisher":{"@id":"https:\/\/www.generalkinematics.com\/de\/#organization"},"potentialAction":[{"@type":"SearchAction","target":{"@type":"EntryPoint","urlTemplate":"https:\/\/www.generalkinematics.com\/de\/?s={search_term_string}"},"query-input":{"@type":"PropertyValueSpecification","valueRequired":true,"valueName":"search_term_string"}}],"inLanguage":"de-DE"},{"@type":"Organization","@id":"https:\/\/www.generalkinematics.com\/de\/#organization","name":"General Kinematics","url":"https:\/\/www.generalkinematics.com\/de\/","logo":{"@type":"ImageObject","inLanguage":"de-DE","@id":"https:\/\/www.generalkinematics.com\/de\/#\/schema\/logo\/image\/","url":"https:\/\/media.generalkinematics.com\/wp-content\/uploads\/2018\/03\/logo.png","contentUrl":"https:\/\/media.generalkinematics.com\/wp-content\/uploads\/2018\/03\/logo.png","width":313,"height":100,"caption":"General Kinematics"},"image":{"@id":"https:\/\/www.generalkinematics.com\/de\/#\/schema\/logo\/image\/"},"sameAs":["https:\/\/www.facebook.com\/generalkinematics","https:\/\/x.com\/gkvibrating"]}]}},"_links":{"self":[{"href":"https:\/\/www.generalkinematics.com\/de\/wp-json\/wp\/v2\/product\/41275","targetHints":{"allow":["GET"]}}],"collection":[{"href":"https:\/\/www.generalkinematics.com\/de\/wp-json\/wp\/v2\/product"}],"about":[{"href":"https:\/\/www.generalkinematics.com\/de\/wp-json\/wp\/v2\/types\/product"}],"replies":[{"embeddable":true,"href":"https:\/\/www.generalkinematics.com\/de\/wp-json\/wp\/v2\/comments?post=41275"}],"wp:featuredmedia":[{"embeddable":true,"href":"https:\/\/www.generalkinematics.com\/de\/wp-json\/wp\/v2\/media\/53704"}],"wp:attachment":[{"href":"https:\/\/www.generalkinematics.com\/de\/wp-json\/wp\/v2\/media?parent=41275"}],"wp:term":[{"taxonomy":"product_brand","embeddable":true,"href":"https:\/\/www.generalkinematics.com\/de\/wp-json\/wp\/v2\/product_brand?post=41275"},{"taxonomy":"product_cat","embeddable":true,"href":"https:\/\/www.generalkinematics.com\/de\/wp-json\/wp\/v2\/product_cat?post=41275"},{"taxonomy":"product_tag","embeddable":true,"href":"https:\/\/www.generalkinematics.com\/de\/wp-json\/wp\/v2\/product_tag?post=41275"}],"curies":[{"name":"wp","href":"https:\/\/api.w.org\/{rel}","templated":true}]}}