{"id":41280,"date":"2018-01-25T14:28:32","date_gmt":"2018-01-25T20:28:32","guid":{"rendered":"https:\/\/www.generalkinematics.com\/product\/vibra-fin-schuttgutkuhler\/"},"modified":"2018-08-31T10:37:18","modified_gmt":"2018-08-31T15:37:18","slug":"vibra-fin-schuttgutkuhler","status":"publish","type":"product","link":"https:\/\/www.generalkinematics.com\/de\/produkt\/vibra-fin-schuttgutkuhler\/","title":{"rendered":"VIBRA-FIN\u2122 SCH\u00dcTTGUTK\u00dcHLER"},"content":{"rendered":"<p>General Kinematics <b>VIBRA-FIN\u2122 Sch\u00fcttgutk\u00fchler\u00a0<\/b>ist ideal zum K\u00fchlen oder Erw\u00e4rmen von k\u00f6rnigen Materialien. Die Verarbeitung von Material bei genauen und spezifischen Temperaturen mit indirekter K\u00fchlung und Erw\u00e4rmung durch W\u00e4rmeaustausch sorgt f\u00fcr gleichm\u00e4\u00dfig aufbereitetes Material. Keine Staubabsaugung oder Luftstr\u00f6mung erforderlich. Verarbeitet Materialien und Kunststoffe von 1\/8\u201c oder kleiner.<\/p>\n<h2>Eigenschaften:<\/h2>\n<ul>\n<li>Keine Luft erforderlich, um das Hilfs-Equipment zu drosseln.<\/li>\n<li>Dosiert die Materialausgabe.<\/li>\n<li>Indirekte Erw\u00e4rmung und K\u00fchlung.<\/li>\n<li>Temperaturf\u00fchrler f\u00fcr Maximal- und Minimaltemperature.<\/li>\n<li>Benutzerdefinierte K\u00fchlb\u00fcndel<\/li>\n<\/ul>\n","protected":false},"excerpt":{"rendered":"<p>General Kinematics VIBRA-FIN\u2122 Sch\u00fcttgutk\u00fchler\u00a0ist ideal zum K\u00fchlen oder Erw\u00e4rmen von k\u00f6rnigen Materialien. Die Verarbeitung von Material bei genauen und spezifischen Temperaturen mit indirekter K\u00fchlung und Erw\u00e4rmung durch W\u00e4rmeaustausch sorgt f\u00fcr gleichm\u00e4\u00dfig aufbereitetes Material. Keine Staubabsaugung oder Luftstr\u00f6mung erforderlich. Verarbeitet Materialien und Kunststoffe von 1\/8\u201c oder kleiner. Eigenschaften: Keine Luft erforderlich, um das Hilfs-Equipment zu drosseln. [&hellip;]<\/p>\n","protected":false},"featured_media":35953,"comment_status":"closed","ping_status":"closed","template":"","meta":{"_acf_changed":false,"om_disable_all_campaigns":false,"ep_exclude_from_search":false},"product_brand":[],"product_cat":[1761,1767],"product_tag":[],"class_list":{"0":"post-41280","1":"product","2":"type-product","3":"status-publish","4":"has-post-thumbnail","6":"product_cat-loesungen-fuer-schuettgutverarbeitung","7":"product_cat-vibrierende-foerderer","9":"first","10":"instock","11":"taxable","12":"shipping-taxable","13":"product-type-simple"},"acf":[],"yoast_head":"<!-- This site is optimized with the Yoast SEO plugin v27.2 - https:\/\/yoast.com\/product\/yoast-seo-wordpress\/ -->\n<title>VIBRA-FIN\u2122 SCH\u00dcTTGUTK\u00dcHLER | General Kinematics<\/title>\n<meta name=\"robots\" content=\"index, follow, max-snippet:-1, max-image-preview:large, max-video-preview:-1\" \/>\n<link rel=\"canonical\" href=\"https:\/\/www.generalkinematics.com\/de\/produkt\/vibra-fin-schuttgutkuhler\/\" \/>\n<meta property=\"og:locale\" content=\"de_DE\" \/>\n<meta property=\"og:type\" content=\"article\" \/>\n<meta property=\"og:title\" content=\"VIBRA-FIN\u2122 SCH\u00dcTTGUTK\u00dcHLER | General Kinematics\" \/>\n<meta property=\"og:description\" content=\"General Kinematics VIBRA-FIN\u2122 Sch\u00fcttgutk\u00fchler\u00a0ist ideal zum K\u00fchlen oder Erw\u00e4rmen von k\u00f6rnigen Materialien. Die Verarbeitung von Material bei genauen und spezifischen Temperaturen mit indirekter K\u00fchlung und Erw\u00e4rmung durch W\u00e4rmeaustausch sorgt f\u00fcr gleichm\u00e4\u00dfig aufbereitetes Material. Keine Staubabsaugung oder Luftstr\u00f6mung erforderlich. Verarbeitet Materialien und Kunststoffe von 1\/8\u201c oder kleiner. Eigenschaften: Keine Luft erforderlich, um das Hilfs-Equipment zu drosseln. [&hellip;]\" \/>\n<meta property=\"og:url\" content=\"https:\/\/www.generalkinematics.com\/de\/produkt\/vibra-fin-schuttgutkuhler\/\" \/>\n<meta property=\"og:site_name\" content=\"General Kinematics\" \/>\n<meta property=\"article:publisher\" content=\"https:\/\/www.facebook.com\/generalkinematics\" \/>\n<meta property=\"article:modified_time\" content=\"2018-08-31T15:37:18+00:00\" \/>\n<meta property=\"og:image\" content=\"https:\/\/www.generalkinematics.com\/wp-content\/uploads\/2018\/01\/IMG_0525.jpg\" \/>\n\t<meta property=\"og:image:width\" content=\"2448\" \/>\n\t<meta property=\"og:image:height\" content=\"3264\" \/>\n\t<meta property=\"og:image:type\" content=\"image\/jpeg\" \/>\n<meta name=\"twitter:card\" content=\"summary_large_image\" \/>\n<meta name=\"twitter:site\" content=\"@gkvibrating\" \/>\n<!-- \/ Yoast SEO plugin. -->","yoast_head_json":{"title":"VIBRA-FIN\u2122 SCH\u00dcTTGUTK\u00dcHLER | General Kinematics","robots":{"index":"index","follow":"follow","max-snippet":"max-snippet:-1","max-image-preview":"max-image-preview:large","max-video-preview":"max-video-preview:-1"},"canonical":"https:\/\/www.generalkinematics.com\/de\/produkt\/vibra-fin-schuttgutkuhler\/","og_locale":"de_DE","og_type":"article","og_title":"VIBRA-FIN\u2122 SCH\u00dcTTGUTK\u00dcHLER | General Kinematics","og_description":"General Kinematics VIBRA-FIN\u2122 Sch\u00fcttgutk\u00fchler\u00a0ist ideal zum K\u00fchlen oder Erw\u00e4rmen von k\u00f6rnigen Materialien. Die Verarbeitung von Material bei genauen und spezifischen Temperaturen mit indirekter K\u00fchlung und Erw\u00e4rmung durch W\u00e4rmeaustausch sorgt f\u00fcr gleichm\u00e4\u00dfig aufbereitetes Material. Keine Staubabsaugung oder Luftstr\u00f6mung erforderlich. Verarbeitet Materialien und Kunststoffe von 1\/8\u201c oder kleiner. Eigenschaften: Keine Luft erforderlich, um das Hilfs-Equipment zu drosseln. [&hellip;]","og_url":"https:\/\/www.generalkinematics.com\/de\/produkt\/vibra-fin-schuttgutkuhler\/","og_site_name":"General Kinematics","article_publisher":"https:\/\/www.facebook.com\/generalkinematics","article_modified_time":"2018-08-31T15:37:18+00:00","og_image":[{"width":2448,"height":3264,"url":"https:\/\/www.generalkinematics.com\/wp-content\/uploads\/2018\/01\/IMG_0525.jpg","type":"image\/jpeg"}],"twitter_card":"summary_large_image","twitter_site":"@gkvibrating","schema":{"@context":"https:\/\/schema.org","@graph":[{"@type":"WebPage","@id":"https:\/\/www.generalkinematics.com\/de\/produkt\/vibra-fin-schuttgutkuhler\/","url":"https:\/\/www.generalkinematics.com\/de\/produkt\/vibra-fin-schuttgutkuhler\/","name":"VIBRA-FIN\u2122 SCH\u00dcTTGUTK\u00dcHLER | General Kinematics","isPartOf":{"@id":"https:\/\/www.generalkinematics.com\/de\/#website"},"primaryImageOfPage":{"@id":"https:\/\/www.generalkinematics.com\/de\/produkt\/vibra-fin-schuttgutkuhler\/#primaryimage"},"image":{"@id":"https:\/\/www.generalkinematics.com\/de\/produkt\/vibra-fin-schuttgutkuhler\/#primaryimage"},"thumbnailUrl":"https:\/\/media.generalkinematics.com\/wp-content\/uploads\/2018\/01\/IMG_0525.jpg","datePublished":"2018-01-25T20:28:32+00:00","dateModified":"2018-08-31T15:37:18+00:00","breadcrumb":{"@id":"https:\/\/www.generalkinematics.com\/de\/produkt\/vibra-fin-schuttgutkuhler\/#breadcrumb"},"inLanguage":"de-DE","potentialAction":[{"@type":"ReadAction","target":["https:\/\/www.generalkinematics.com\/de\/produkt\/vibra-fin-schuttgutkuhler\/"]}]},{"@type":"ImageObject","inLanguage":"de-DE","@id":"https:\/\/www.generalkinematics.com\/de\/produkt\/vibra-fin-schuttgutkuhler\/#primaryimage","url":"https:\/\/media.generalkinematics.com\/wp-content\/uploads\/2018\/01\/IMG_0525.jpg","contentUrl":"https:\/\/media.generalkinematics.com\/wp-content\/uploads\/2018\/01\/IMG_0525.jpg","width":1440,"height":1920},{"@type":"BreadcrumbList","@id":"https:\/\/www.generalkinematics.com\/de\/produkt\/vibra-fin-schuttgutkuhler\/#breadcrumb","itemListElement":[{"@type":"ListItem","position":1,"name":"GK Home","item":"https:\/\/www.generalkinematics.com\/de\/"},{"@type":"ListItem","position":2,"name":"Shop","item":"https:\/\/www.generalkinematics.com\/shop\/"},{"@type":"ListItem","position":3,"name":"VIBRA-FIN\u2122 SCH\u00dcTTGUTK\u00dcHLER"}]},{"@type":"WebSite","@id":"https:\/\/www.generalkinematics.com\/de\/#website","url":"https:\/\/www.generalkinematics.com\/de\/","name":"General Kinematics","description":"","publisher":{"@id":"https:\/\/www.generalkinematics.com\/de\/#organization"},"potentialAction":[{"@type":"SearchAction","target":{"@type":"EntryPoint","urlTemplate":"https:\/\/www.generalkinematics.com\/de\/?s={search_term_string}"},"query-input":{"@type":"PropertyValueSpecification","valueRequired":true,"valueName":"search_term_string"}}],"inLanguage":"de-DE"},{"@type":"Organization","@id":"https:\/\/www.generalkinematics.com\/de\/#organization","name":"General Kinematics","url":"https:\/\/www.generalkinematics.com\/de\/","logo":{"@type":"ImageObject","inLanguage":"de-DE","@id":"https:\/\/www.generalkinematics.com\/de\/#\/schema\/logo\/image\/","url":"https:\/\/media.generalkinematics.com\/wp-content\/uploads\/2018\/03\/logo.png","contentUrl":"https:\/\/media.generalkinematics.com\/wp-content\/uploads\/2018\/03\/logo.png","width":313,"height":100,"caption":"General Kinematics"},"image":{"@id":"https:\/\/www.generalkinematics.com\/de\/#\/schema\/logo\/image\/"},"sameAs":["https:\/\/www.facebook.com\/generalkinematics","https:\/\/x.com\/gkvibrating"]}]}},"_links":{"self":[{"href":"https:\/\/www.generalkinematics.com\/de\/wp-json\/wp\/v2\/product\/41280","targetHints":{"allow":["GET"]}}],"collection":[{"href":"https:\/\/www.generalkinematics.com\/de\/wp-json\/wp\/v2\/product"}],"about":[{"href":"https:\/\/www.generalkinematics.com\/de\/wp-json\/wp\/v2\/types\/product"}],"replies":[{"embeddable":true,"href":"https:\/\/www.generalkinematics.com\/de\/wp-json\/wp\/v2\/comments?post=41280"}],"wp:featuredmedia":[{"embeddable":true,"href":"https:\/\/www.generalkinematics.com\/de\/wp-json\/wp\/v2\/media\/35953"}],"wp:attachment":[{"href":"https:\/\/www.generalkinematics.com\/de\/wp-json\/wp\/v2\/media?parent=41280"}],"wp:term":[{"taxonomy":"product_brand","embeddable":true,"href":"https:\/\/www.generalkinematics.com\/de\/wp-json\/wp\/v2\/product_brand?post=41280"},{"taxonomy":"product_cat","embeddable":true,"href":"https:\/\/www.generalkinematics.com\/de\/wp-json\/wp\/v2\/product_cat?post=41280"},{"taxonomy":"product_tag","embeddable":true,"href":"https:\/\/www.generalkinematics.com\/de\/wp-json\/wp\/v2\/product_tag?post=41280"}],"curies":[{"name":"wp","href":"https:\/\/api.w.org\/{rel}","templated":true}]}}