{"id":47839,"date":"2020-02-05T10:44:24","date_gmt":"2020-02-05T16:44:25","guid":{"rendered":"https:\/\/www.generalkinematics.com\/?post_type=product&#038;p=47839"},"modified":"2021-03-18T10:08:28","modified_gmt":"2021-03-18T15:08:28","slug":"foundry-systems","status":"publish","type":"product","link":"https:\/\/www.generalkinematics.com\/de\/produkt\/foundry-systems\/","title":{"rendered":"Gie\u00dferei-Systeme"},"content":{"rendered":"<p>General Kinematics bietet komplette Gie\u00dferei-Systeme f\u00fcr optimale Metallgie\u00dfverfahren. Eine Installationsbasis von \u00fcber 40.000 Maschinen in 35 L\u00e4ndern im Laufe der letzten 60 Jahre verleiht GK unangefochtene Gie\u00dferei-Erfahrung. Durch diese Installationen konnte GK ein ausgedehntes Netzwerk an Beziehungen mit Ausr\u00fcstungs-OEM, Partnern und Lieferanten auf der ganzen Welt aufbauen. GK befindet sich in einer einzigartigen Position, um ma\u00dfgeschneiderte Gie\u00dferei-Systeme und L\u00f6sungen zu schaffen, die die Produktion mit minimalen Ausfallzeiten steigern.<\/p>\n<p>GK verf\u00fcgt \u00fcber mit Fachwissen entworfene Systeme, um eine breite Palette an Metallgie\u00dfanwendungen zu bedienen. General Kinematics ist ein auf Ingenieurwesen basierendes Unternehmen, das die Grunds\u00e4tze versteht, die notwendig sind, um gewinnbringende Gie\u00dferei-Systeme zu schaffen. GK kann jedes Gie\u00dferei-Projekt entwerfen, planen und konstruieren, mithilfe neuester Technologien. Kunden konnten sich immer darauf verlassen, dass wir eine hohe Rendite bei Investitionen bieten. Der Schwerpunkt unseres Systems ist nicht anders. GK\u2019s bew\u00e4hrte Methodik ist die Lieferung wesentlicher Renditen und eines Wettbewerbsvorteils f\u00fcr unsere Kunden.<\/p>\n<p>&nbsp;<\/p>\n<h3>Warum GK Systeme:<\/h3>\n<ul>\n<li><strong><span data-preserver-spaces=\"true\">Anerkannter Branchenf\u00fchrer.<\/span><\/strong><span data-preserver-spaces=\"true\"> Jahrezehnte der Erfahrung mit Gie\u00dfverfahren und Know-How bieten uns das notwendige Fachwissen, um produktive, langlebige und gewinnbringende Systeme zu entwerfen.<\/span><\/li>\n<li><strong><span data-preserver-spaces=\"true\">Niedrigere Wartung.<\/span><\/strong><span data-preserver-spaces=\"true\"> Die bew\u00e4hrte Technologie der Materialbearbeitung von GK ist <\/span><strong><em><span data-preserver-spaces=\"true\">FOUNDRY-RATED\u2122<\/span><\/em><\/strong><span data-preserver-spaces=\"true\"> f\u00fcr weniger Wartung bei l\u00e4ngerer Service-Lebensdauer.<\/span><\/li>\n<li><strong><span data-preserver-spaces=\"true\">Turnkey-L\u00f6sungen. <\/span><\/strong><span data-preserver-spaces=\"true\">GK Systeme sind so ausgelegt, dass jede Komponente sich nahtlos integrieren l\u00e4sst, um einen bew\u00e4hrten Prozess mit maximalem Gewinn zu schaffen.<\/span><\/li>\n<\/ul>\n","protected":false},"excerpt":{"rendered":"<p>General Kinematics bietet komplette Gie\u00dferei-Systeme f\u00fcr optimale Metallgie\u00dfverfahren. Eine Installationsbasis von \u00fcber 40.000 Maschinen in 35 L\u00e4ndern im Laufe der letzten 60 Jahre verleiht GK unangefochtene Gie\u00dferei-Erfahrung. Durch diese Installationen konnte GK ein ausgedehntes Netzwerk an Beziehungen mit Ausr\u00fcstungs-OEM, Partnern und Lieferanten auf der ganzen Welt aufbauen. GK befindet sich in einer einzigartigen Position, um [&hellip;]<\/p>\n","protected":false},"featured_media":47867,"comment_status":"closed","ping_status":"closed","template":"","meta":{"_acf_changed":false,"om_disable_all_campaigns":false,"ep_exclude_from_search":false},"product_brand":[],"product_cat":[1791,1773,1775,1769,1771,1787,1785],"product_tag":[],"class_list":{"0":"post-47839","1":"product","2":"type-product","3":"status-publish","4":"has-post-thumbnail","6":"product_cat-gruensandgiesserei","7":"product_cat-gusskuehlausruestung","8":"product_cat-lost-foam-de","9":"product_cat-lordungen-fuer-giesserei-und-metallguss","10":"product_cat-materielhandling","11":"product_cat-vibrationstrommeln-und-trennrinnen","12":"product_cat-vibrierende-foerderer-de","14":"first","15":"instock","16":"taxable","17":"shipping-taxable","18":"product-type-simple"},"acf":[],"yoast_head":"<!-- This site is optimized with the Yoast SEO plugin v27.2 - https:\/\/yoast.com\/product\/yoast-seo-wordpress\/ -->\n<title>Gie\u00dferei-Systeme | General Kinematics<\/title>\n<meta name=\"robots\" content=\"index, follow, max-snippet:-1, max-image-preview:large, max-video-preview:-1\" \/>\n<link rel=\"canonical\" href=\"https:\/\/www.generalkinematics.com\/de\/produkt\/foundry-systems\/\" \/>\n<meta property=\"og:locale\" content=\"de_DE\" \/>\n<meta property=\"og:type\" content=\"article\" \/>\n<meta property=\"og:title\" content=\"Gie\u00dferei-Systeme | General Kinematics\" \/>\n<meta property=\"og:description\" content=\"General Kinematics bietet komplette Gie\u00dferei-Systeme f\u00fcr optimale Metallgie\u00dfverfahren. Eine Installationsbasis von \u00fcber 40.000 Maschinen in 35 L\u00e4ndern im Laufe der letzten 60 Jahre verleiht GK unangefochtene Gie\u00dferei-Erfahrung. Durch diese Installationen konnte GK ein ausgedehntes Netzwerk an Beziehungen mit Ausr\u00fcstungs-OEM, Partnern und Lieferanten auf der ganzen Welt aufbauen. GK befindet sich in einer einzigartigen Position, um [&hellip;]\" \/>\n<meta property=\"og:url\" content=\"https:\/\/www.generalkinematics.com\/de\/produkt\/foundry-systems\/\" \/>\n<meta property=\"og:site_name\" content=\"General Kinematics\" \/>\n<meta property=\"article:publisher\" content=\"https:\/\/www.facebook.com\/generalkinematics\" \/>\n<meta property=\"article:modified_time\" content=\"2021-03-18T15:08:28+00:00\" \/>\n<meta property=\"og:image\" content=\"https:\/\/www.generalkinematics.com\/wp-content\/uploads\/2020\/02\/DJI_0148.jpg\" \/>\n\t<meta property=\"og:image:width\" content=\"1440\" \/>\n\t<meta property=\"og:image:height\" content=\"1080\" \/>\n\t<meta property=\"og:image:type\" content=\"image\/jpeg\" \/>\n<meta name=\"twitter:card\" content=\"summary_large_image\" \/>\n<meta name=\"twitter:site\" content=\"@gkvibrating\" \/>\n<meta name=\"twitter:label1\" content=\"Gesch\u00e4tzte Lesezeit\" \/>\n\t<meta name=\"twitter:data1\" content=\"1 Minute\" \/>\n<!-- \/ Yoast SEO plugin. -->","yoast_head_json":{"title":"Gie\u00dferei-Systeme | General Kinematics","robots":{"index":"index","follow":"follow","max-snippet":"max-snippet:-1","max-image-preview":"max-image-preview:large","max-video-preview":"max-video-preview:-1"},"canonical":"https:\/\/www.generalkinematics.com\/de\/produkt\/foundry-systems\/","og_locale":"de_DE","og_type":"article","og_title":"Gie\u00dferei-Systeme | General Kinematics","og_description":"General Kinematics bietet komplette Gie\u00dferei-Systeme f\u00fcr optimale Metallgie\u00dfverfahren. Eine Installationsbasis von \u00fcber 40.000 Maschinen in 35 L\u00e4ndern im Laufe der letzten 60 Jahre verleiht GK unangefochtene Gie\u00dferei-Erfahrung. Durch diese Installationen konnte GK ein ausgedehntes Netzwerk an Beziehungen mit Ausr\u00fcstungs-OEM, Partnern und Lieferanten auf der ganzen Welt aufbauen. GK befindet sich in einer einzigartigen Position, um [&hellip;]","og_url":"https:\/\/www.generalkinematics.com\/de\/produkt\/foundry-systems\/","og_site_name":"General Kinematics","article_publisher":"https:\/\/www.facebook.com\/generalkinematics","article_modified_time":"2021-03-18T15:08:28+00:00","og_image":[{"width":1440,"height":1080,"url":"https:\/\/www.generalkinematics.com\/wp-content\/uploads\/2020\/02\/DJI_0148.jpg","type":"image\/jpeg"}],"twitter_card":"summary_large_image","twitter_site":"@gkvibrating","twitter_misc":{"Gesch\u00e4tzte Lesezeit":"1 Minute"},"schema":{"@context":"https:\/\/schema.org","@graph":[{"@type":"WebPage","@id":"https:\/\/www.generalkinematics.com\/de\/produkt\/foundry-systems\/","url":"https:\/\/www.generalkinematics.com\/de\/produkt\/foundry-systems\/","name":"Gie\u00dferei-Systeme | General Kinematics","isPartOf":{"@id":"https:\/\/www.generalkinematics.com\/de\/#website"},"primaryImageOfPage":{"@id":"https:\/\/www.generalkinematics.com\/de\/produkt\/foundry-systems\/#primaryimage"},"image":{"@id":"https:\/\/www.generalkinematics.com\/de\/produkt\/foundry-systems\/#primaryimage"},"thumbnailUrl":"https:\/\/media.generalkinematics.com\/wp-content\/uploads\/2020\/02\/DJI_0148.jpg","datePublished":"2020-02-05T16:44:25+00:00","dateModified":"2021-03-18T15:08:28+00:00","breadcrumb":{"@id":"https:\/\/www.generalkinematics.com\/de\/produkt\/foundry-systems\/#breadcrumb"},"inLanguage":"de-DE","potentialAction":[{"@type":"ReadAction","target":["https:\/\/www.generalkinematics.com\/de\/produkt\/foundry-systems\/"]}]},{"@type":"ImageObject","inLanguage":"de-DE","@id":"https:\/\/www.generalkinematics.com\/de\/produkt\/foundry-systems\/#primaryimage","url":"https:\/\/media.generalkinematics.com\/wp-content\/uploads\/2020\/02\/DJI_0148.jpg","contentUrl":"https:\/\/media.generalkinematics.com\/wp-content\/uploads\/2020\/02\/DJI_0148.jpg","width":1440,"height":1080,"caption":"DCIM100MEDIADJI_0148.JPG"},{"@type":"BreadcrumbList","@id":"https:\/\/www.generalkinematics.com\/de\/produkt\/foundry-systems\/#breadcrumb","itemListElement":[{"@type":"ListItem","position":1,"name":"GK Home","item":"https:\/\/www.generalkinematics.com\/de\/"},{"@type":"ListItem","position":2,"name":"Shop","item":"https:\/\/www.generalkinematics.com\/shop\/"},{"@type":"ListItem","position":3,"name":"Gie\u00dferei-Systeme"}]},{"@type":"WebSite","@id":"https:\/\/www.generalkinematics.com\/de\/#website","url":"https:\/\/www.generalkinematics.com\/de\/","name":"General Kinematics","description":"","publisher":{"@id":"https:\/\/www.generalkinematics.com\/de\/#organization"},"potentialAction":[{"@type":"SearchAction","target":{"@type":"EntryPoint","urlTemplate":"https:\/\/www.generalkinematics.com\/de\/?s={search_term_string}"},"query-input":{"@type":"PropertyValueSpecification","valueRequired":true,"valueName":"search_term_string"}}],"inLanguage":"de-DE"},{"@type":"Organization","@id":"https:\/\/www.generalkinematics.com\/de\/#organization","name":"General Kinematics","url":"https:\/\/www.generalkinematics.com\/de\/","logo":{"@type":"ImageObject","inLanguage":"de-DE","@id":"https:\/\/www.generalkinematics.com\/de\/#\/schema\/logo\/image\/","url":"https:\/\/media.generalkinematics.com\/wp-content\/uploads\/2018\/03\/logo.png","contentUrl":"https:\/\/media.generalkinematics.com\/wp-content\/uploads\/2018\/03\/logo.png","width":313,"height":100,"caption":"General Kinematics"},"image":{"@id":"https:\/\/www.generalkinematics.com\/de\/#\/schema\/logo\/image\/"},"sameAs":["https:\/\/www.facebook.com\/generalkinematics","https:\/\/x.com\/gkvibrating"]}]}},"_links":{"self":[{"href":"https:\/\/www.generalkinematics.com\/de\/wp-json\/wp\/v2\/product\/47839","targetHints":{"allow":["GET"]}}],"collection":[{"href":"https:\/\/www.generalkinematics.com\/de\/wp-json\/wp\/v2\/product"}],"about":[{"href":"https:\/\/www.generalkinematics.com\/de\/wp-json\/wp\/v2\/types\/product"}],"replies":[{"embeddable":true,"href":"https:\/\/www.generalkinematics.com\/de\/wp-json\/wp\/v2\/comments?post=47839"}],"wp:featuredmedia":[{"embeddable":true,"href":"https:\/\/www.generalkinematics.com\/de\/wp-json\/wp\/v2\/media\/47867"}],"wp:attachment":[{"href":"https:\/\/www.generalkinematics.com\/de\/wp-json\/wp\/v2\/media?parent=47839"}],"wp:term":[{"taxonomy":"product_brand","embeddable":true,"href":"https:\/\/www.generalkinematics.com\/de\/wp-json\/wp\/v2\/product_brand?post=47839"},{"taxonomy":"product_cat","embeddable":true,"href":"https:\/\/www.generalkinematics.com\/de\/wp-json\/wp\/v2\/product_cat?post=47839"},{"taxonomy":"product_tag","embeddable":true,"href":"https:\/\/www.generalkinematics.com\/de\/wp-json\/wp\/v2\/product_tag?post=47839"}],"curies":[{"name":"wp","href":"https:\/\/api.w.org\/{rel}","templated":true}]}}