{"id":51828,"date":"2020-06-10T15:52:27","date_gmt":"2020-06-10T20:52:27","guid":{"rendered":"https:\/\/www.generalkinematics.com\/product\/stm-series-zwei-massen-vibrationssiebe\/"},"modified":"2025-06-02T14:26:15","modified_gmt":"2025-06-02T19:26:15","slug":"stm-siebe","status":"publish","type":"product","link":"https:\/\/www.generalkinematics.com\/de\/produkt\/stm-siebe\/","title":{"rendered":"STM-SERIES\u2122-ZWEI-MASSEN-VIBRATIONSSIEBE"},"content":{"rendered":"<div class=\"wpb-content-wrapper\"><p>[vc_row][vc_column][vc_column_text]<span style=\"font-weight: 400;\">General Kinematics <\/span> <b>STM-SCREEN\u2122 Zwei-Massen-Vibrationssiebe<\/b> <span style=\"font-weight: 400;\">nutzen<\/span> <a href=\"https:\/\/www.generalkinematics.com\/de\/?page_id=50468\"><span style=\"font-weight: 400;\">GKs bew\u00e4hrtes Zwei-Massen-Eigenfrequenz-Antriebsdesign <\/span> <\/a><span style=\"font-weight: 400;\">. Dieses auf Last ansprechende Design erm\u00f6glicht l\u00e4ngere Materialverweilzeiten, um das Material besser zu bearbeiten. Das bedeutet, dass Sie mehr Sieben im selben Durchgang wie mit ihrem rohen alten Kraftsieb erzielen. <\/span><span style=\"font-weight: 400;\">Duale eingebaute Vibrationsmotoren eliminieren teure Riemen, Wellen und Lager. Unser patentiertes modulares Design verwendet einen zentralen Keil um die strukturelle Integrit\u00e4t wesentlich zu erh\u00f6hen, und erm\u00f6glicht die einfache Montage und Demontage, f\u00fcr schnellen Transport und Installation.<\/span><\/p>\n<p><a href=\"https:\/\/www.generalkinematics.com\/wp-content\/uploads\/2020\/06\/GKM16V1_STM_Reliability_CaseStudy_052220.pdf\" target=\"_blank\" rel=\"noopener noreferrer\"> <span style=\"font-weight: 400;\">ZUVERL\u00c4SSIGKEIT <\/span> <\/a> <span style=\"font-weight: 400;\">&#8211; Erleben Sie das zuverl\u00e4ssigste Sieb in der Branche mit einer durchschnittlich <\/span> <span style=\"font-weight: 400;\">5X<\/span> <span style=\"font-weight: 400;\">l\u00e4ngeren Service-Lebensdauer als die des rohen Kraftmodells.<\/span><\/p>\n<p><a href=\"https:\/\/www.generalkinematics.com\/wp-content\/uploads\/2020\/06\/GKM15V2_STM_Effieciency_CaseStudy_052220.pdf\" target=\"_blank\" rel=\"noopener noreferrer\"> <span style=\"font-weight: 400;\">EFFIZIENZ <\/span> <\/a> <span style=\"font-weight: 400;\">&#8211; Verbessern Sie Ihren Durchsatz um mindestens 30 %.<\/span><\/p>\n<p><span style=\"font-weight: 400;\"><a href=\"https:\/\/www.generalkinematics.com\/wp-content\/uploads\/2020\/06\/GKM20_STM_Capacity.pdf\" target=\"_blank\" rel=\"noopener noreferrer\">KAPAZIT\u00c4T<\/a> &#8211; Erh\u00f6hen Sie Ihre Siebkapazit\u00e4t um bis zu 40 %. 4 x R\u00fcckhalterate f\u00fcr verbessertes Sieben. <\/span><\/p>\n<p><span style=\"font-weight: 400;\">All diese Funktionen bieten verbesserte Einsatzbereitschaft, l\u00e4ngere Serviceintervalle, wesentlich erh\u00f6hten Durchsatz und die niedrigsten Betriebskosten, die f\u00fcr ein Vibrationssieb-Paket verf\u00fcgbar sind.<\/span>[\/vc_column_text][vc_column_text]<a href=\"https:\/\/www.generalkinematics.com\/de\/produkt\/stm-siebe\/#tab-videos\">Sehen Sie sich das neueste STM-SCREEN<b>\u2122<\/b> Video<\/a> an, um zu sehen, wie es funktioniert![\/vc_column_text][\/vc_column][\/vc_row]<\/p>\n<\/div>","protected":false},"excerpt":{"rendered":"<p>General Kinematics STM-SCREEN\u2122-Zwei-Massen-Vibrationssiebe nutzen GKs bew\u00e4hrtes Zwei-Massen-Eigenfrequenz-Antriebsdesign. Dieses auf Last ansprechende Design erm\u00f6glicht l\u00e4ngere Materialverweilzeiten&#8230;<\/p>\n","protected":false},"featured_media":53519,"comment_status":"closed","ping_status":"closed","template":"","meta":{"_acf_changed":false,"om_disable_all_campaigns":false,"ep_exclude_from_search":false},"product_brand":[],"product_cat":[1792,1796],"product_tag":[],"class_list":{"0":"post-51828","1":"product","2":"type-product","3":"status-publish","4":"has-post-thumbnail","6":"casestudytag-stm-screen-de","7":"product_cat-bergbau-und-mineralienloesungen","8":"product_cat-siebloesungen-de","10":"first","11":"instock","12":"taxable","13":"shipping-taxable","14":"product-type-simple"},"acf":[],"yoast_head":"<!-- This site is optimized with the Yoast SEO plugin v27.2 - https:\/\/yoast.com\/product\/yoast-seo-wordpress\/ -->\n<title>STM-SCREEN\u2122-Zwei-Massen-Vibrationssiebe | General Kinematics<\/title>\n<meta name=\"description\" content=\"Das STM-SCREEN-Zwei-Massen-Vibrationssieb von GK ist praxiserprobt und zeichnet sich durch hohe Verf\u00fcgbarkeit und geringe Ausfallzeiten f\u00fcr Bergbau- und Minerall\u00f6sungen und -prozesse aus. Erfahren Sie mehr!\" \/>\n<meta name=\"robots\" content=\"index, follow, max-snippet:-1, max-image-preview:large, max-video-preview:-1\" \/>\n<link rel=\"canonical\" href=\"https:\/\/www.generalkinematics.com\/de\/produkt\/stm-siebe\/\" \/>\n<meta property=\"og:locale\" content=\"de_DE\" \/>\n<meta property=\"og:type\" content=\"article\" \/>\n<meta property=\"og:title\" content=\"STM-SCREEN\u2122-Zwei-Massen-Vibrationssiebe | General Kinematics\" \/>\n<meta property=\"og:description\" content=\"Das STM-SCREEN-Zwei-Massen-Vibrationssieb von GK ist praxiserprobt und zeichnet sich durch hohe Verf\u00fcgbarkeit und geringe Ausfallzeiten f\u00fcr Bergbau- und Minerall\u00f6sungen und -prozesse aus. Erfahren Sie mehr!\" \/>\n<meta property=\"og:url\" content=\"https:\/\/www.generalkinematics.com\/de\/produkt\/stm-siebe\/\" \/>\n<meta property=\"og:site_name\" content=\"General Kinematics\" \/>\n<meta property=\"article:publisher\" content=\"https:\/\/www.facebook.com\/generalkinematics\" \/>\n<meta property=\"article:modified_time\" content=\"2025-06-02T19:26:15+00:00\" \/>\n<meta property=\"og:image\" content=\"https:\/\/media.generalkinematics.com\/wp-content\/uploads\/2020\/06\/258A8205-scaled.jpg\" \/>\n\t<meta property=\"og:image:width\" content=\"2560\" \/>\n\t<meta property=\"og:image:height\" content=\"1438\" \/>\n\t<meta property=\"og:image:type\" content=\"image\/jpeg\" \/>\n<meta name=\"twitter:card\" content=\"summary_large_image\" \/>\n<meta name=\"twitter:site\" content=\"@gkvibrating\" \/>\n<meta name=\"twitter:label1\" content=\"Gesch\u00e4tzte Lesezeit\" \/>\n\t<meta name=\"twitter:data1\" content=\"1 Minute\" \/>\n<!-- \/ Yoast SEO plugin. -->","yoast_head_json":{"title":"STM-SCREEN\u2122-Zwei-Massen-Vibrationssiebe | General Kinematics","description":"Das STM-SCREEN-Zwei-Massen-Vibrationssieb von GK ist praxiserprobt und zeichnet sich durch hohe Verf\u00fcgbarkeit und geringe Ausfallzeiten f\u00fcr Bergbau- und Minerall\u00f6sungen und -prozesse aus. Erfahren Sie mehr!","robots":{"index":"index","follow":"follow","max-snippet":"max-snippet:-1","max-image-preview":"max-image-preview:large","max-video-preview":"max-video-preview:-1"},"canonical":"https:\/\/www.generalkinematics.com\/de\/produkt\/stm-siebe\/","og_locale":"de_DE","og_type":"article","og_title":"STM-SCREEN\u2122-Zwei-Massen-Vibrationssiebe | General Kinematics","og_description":"Das STM-SCREEN-Zwei-Massen-Vibrationssieb von GK ist praxiserprobt und zeichnet sich durch hohe Verf\u00fcgbarkeit und geringe Ausfallzeiten f\u00fcr Bergbau- und Minerall\u00f6sungen und -prozesse aus. Erfahren Sie mehr!","og_url":"https:\/\/www.generalkinematics.com\/de\/produkt\/stm-siebe\/","og_site_name":"General Kinematics","article_publisher":"https:\/\/www.facebook.com\/generalkinematics","article_modified_time":"2025-06-02T19:26:15+00:00","og_image":[{"width":2560,"height":1438,"url":"https:\/\/media.generalkinematics.com\/wp-content\/uploads\/2020\/06\/258A8205-scaled.jpg","type":"image\/jpeg"}],"twitter_card":"summary_large_image","twitter_site":"@gkvibrating","twitter_misc":{"Gesch\u00e4tzte Lesezeit":"1 Minute"},"schema":{"@context":"https:\/\/schema.org","@graph":[{"@type":"WebPage","@id":"https:\/\/www.generalkinematics.com\/de\/produkt\/stm-siebe\/","url":"https:\/\/www.generalkinematics.com\/de\/produkt\/stm-siebe\/","name":"STM-SCREEN\u2122-Zwei-Massen-Vibrationssiebe | General Kinematics","isPartOf":{"@id":"https:\/\/www.generalkinematics.com\/de\/#website"},"primaryImageOfPage":{"@id":"https:\/\/www.generalkinematics.com\/de\/produkt\/stm-siebe\/#primaryimage"},"image":{"@id":"https:\/\/www.generalkinematics.com\/de\/produkt\/stm-siebe\/#primaryimage"},"thumbnailUrl":"https:\/\/media.generalkinematics.com\/wp-content\/uploads\/2020\/06\/258A8205-scaled.jpg","datePublished":"2020-06-10T20:52:27+00:00","dateModified":"2025-06-02T19:26:15+00:00","description":"Das STM-SCREEN-Zwei-Massen-Vibrationssieb von GK ist praxiserprobt und zeichnet sich durch hohe Verf\u00fcgbarkeit und geringe Ausfallzeiten f\u00fcr Bergbau- und Minerall\u00f6sungen und -prozesse aus. Erfahren Sie mehr!","breadcrumb":{"@id":"https:\/\/www.generalkinematics.com\/de\/produkt\/stm-siebe\/#breadcrumb"},"inLanguage":"de-DE","potentialAction":[{"@type":"ReadAction","target":["https:\/\/www.generalkinematics.com\/de\/produkt\/stm-siebe\/"]}]},{"@type":"ImageObject","inLanguage":"de-DE","@id":"https:\/\/www.generalkinematics.com\/de\/produkt\/stm-siebe\/#primaryimage","url":"https:\/\/media.generalkinematics.com\/wp-content\/uploads\/2020\/06\/258A8205-scaled.jpg","contentUrl":"https:\/\/media.generalkinematics.com\/wp-content\/uploads\/2020\/06\/258A8205-scaled.jpg","width":2560,"height":1438},{"@type":"BreadcrumbList","@id":"https:\/\/www.generalkinematics.com\/de\/produkt\/stm-siebe\/#breadcrumb","itemListElement":[{"@type":"ListItem","position":1,"name":"GK Home","item":"https:\/\/www.generalkinematics.com\/de\/"},{"@type":"ListItem","position":2,"name":"Shop","item":"https:\/\/www.generalkinematics.com\/shop\/"},{"@type":"ListItem","position":3,"name":"STM-SERIES\u2122-ZWEI-MASSEN-VIBRATIONSSIEBE"}]},{"@type":"WebSite","@id":"https:\/\/www.generalkinematics.com\/de\/#website","url":"https:\/\/www.generalkinematics.com\/de\/","name":"General Kinematics","description":"","publisher":{"@id":"https:\/\/www.generalkinematics.com\/de\/#organization"},"potentialAction":[{"@type":"SearchAction","target":{"@type":"EntryPoint","urlTemplate":"https:\/\/www.generalkinematics.com\/de\/?s={search_term_string}"},"query-input":{"@type":"PropertyValueSpecification","valueRequired":true,"valueName":"search_term_string"}}],"inLanguage":"de-DE"},{"@type":"Organization","@id":"https:\/\/www.generalkinematics.com\/de\/#organization","name":"General Kinematics","url":"https:\/\/www.generalkinematics.com\/de\/","logo":{"@type":"ImageObject","inLanguage":"de-DE","@id":"https:\/\/www.generalkinematics.com\/de\/#\/schema\/logo\/image\/","url":"https:\/\/media.generalkinematics.com\/wp-content\/uploads\/2018\/03\/logo.png","contentUrl":"https:\/\/media.generalkinematics.com\/wp-content\/uploads\/2018\/03\/logo.png","width":313,"height":100,"caption":"General Kinematics"},"image":{"@id":"https:\/\/www.generalkinematics.com\/de\/#\/schema\/logo\/image\/"},"sameAs":["https:\/\/www.facebook.com\/generalkinematics","https:\/\/x.com\/gkvibrating"]}]}},"_links":{"self":[{"href":"https:\/\/www.generalkinematics.com\/de\/wp-json\/wp\/v2\/product\/51828","targetHints":{"allow":["GET"]}}],"collection":[{"href":"https:\/\/www.generalkinematics.com\/de\/wp-json\/wp\/v2\/product"}],"about":[{"href":"https:\/\/www.generalkinematics.com\/de\/wp-json\/wp\/v2\/types\/product"}],"replies":[{"embeddable":true,"href":"https:\/\/www.generalkinematics.com\/de\/wp-json\/wp\/v2\/comments?post=51828"}],"wp:featuredmedia":[{"embeddable":true,"href":"https:\/\/www.generalkinematics.com\/de\/wp-json\/wp\/v2\/media\/53519"}],"wp:attachment":[{"href":"https:\/\/www.generalkinematics.com\/de\/wp-json\/wp\/v2\/media?parent=51828"}],"wp:term":[{"taxonomy":"product_brand","embeddable":true,"href":"https:\/\/www.generalkinematics.com\/de\/wp-json\/wp\/v2\/product_brand?post=51828"},{"taxonomy":"product_cat","embeddable":true,"href":"https:\/\/www.generalkinematics.com\/de\/wp-json\/wp\/v2\/product_cat?post=51828"},{"taxonomy":"product_tag","embeddable":true,"href":"https:\/\/www.generalkinematics.com\/de\/wp-json\/wp\/v2\/product_tag?post=51828"}],"curies":[{"name":"wp","href":"https:\/\/api.w.org\/{rel}","templated":true}]}}