{"id":52405,"date":"2022-08-01T11:31:07","date_gmt":"2022-08-01T16:31:07","guid":{"rendered":"https:\/\/www.generalkinematics.com\/?post_type=product&#038;p=52405"},"modified":"2024-03-14T09:58:55","modified_gmt":"2024-03-14T14:58:55","slug":"duro-deck-protection-and-wear-parts","status":"publish","type":"product","link":"https:\/\/www.generalkinematics.com\/de\/produkt\/duro-deck-protection-and-wear-parts\/","title":{"rendered":"DURO-DECK\u2122 Schutz- und Verschlei\u00dfteile"},"content":{"rendered":"<div class=\"wpb-content-wrapper\"><p>[vc_row][vc_column][vc_column_text]<span style=\"font-weight: 400;\">General Kinematics bietet eine Reihe von Verschlei\u00dfauskleidungen f\u00fcr Siebe, die abrasive Materialien wie Sand, Gestein, Schlamm und mehr verarbeiten. Verschlei\u00dffeste Auskleidungen k\u00f6nnen die Lebensdauer der Ausr\u00fcstung verl\u00e4ngern, die L\u00e4rmbel\u00e4stigung verringern oder sogar die Verarbeitung klebriger Materialien unterst\u00fctzen. Abh\u00e4ngig von Ihrer Anwendung sind Auskleidungen in den Ausf\u00fchrungen Gummi, Gummi mit Stahlr\u00fccken, Polyurethan und Keramik erh\u00e4ltlich. Um die beste L\u00f6sung f\u00fcr Ihre Anwendung zu finden, fragen Sie noch heute einen GK-Screening-Spezialisten!<\/span>[\/vc_column_text][\/vc_column][\/vc_row][vc_row css=&#8220;.vc_custom_1664246429088{margin-right: 45px !important;margin-left: 50px !important;}&#8220;][vc_column width=&#8220;1\/3&#8243;][vc_column_text]<\/p>\n<h2><span style=\"font-weight: 400;\">Einsatzgebiete:<\/span><\/h2>\n<p><span style=\"font-weight: 400;\">Ladefl\u00e4che, Steinbox, Seitenverkleidungen, Aufprallbereich<\/span><\/p>\n<p>[\/vc_column_text][\/vc_column][vc_column width=&#8220;1\/3&#8243;][\/vc_column][vc_column width=&#8220;1\/3&#8243;][\/vc_column][\/vc_row][vc_row css=&#8220;.vc_custom_1664246439897{margin-right: 45px !important;margin-left: 50px !important;}&#8220;][vc_column width=&#8220;1\/3&#8243;][vc_column_text]<\/p>\n<h2><span style=\"font-weight: 400;\">Tragen Sie Anwendungen:<\/span><\/h2>\n<p>[\/vc_column_text][\/vc_column][vc_column width=&#8220;1\/3&#8243;][\/vc_column][vc_column width=&#8220;1\/3&#8243;][\/vc_column][\/vc_row][vc_row css=&#8220;.vc_custom_1664246449008{margin-right: 45px !important;margin-left: 50px !important;}&#8220;][vc_column width=&#8220;1\/3&#8243;][vc_column_text]<\/p>\n<h3><strong><span style=\"color: #000000;\">Polyurethan<\/span><\/strong><\/h3>\n<ul>\n<li>Geldbu\u00dfen<\/li>\n<li>Nassanwendungen<\/li>\n<li>Klebematerialien<\/li>\n<\/ul>\n<p>[\/vc_column_text][\/vc_column][vc_column width=&#8220;1\/3&#8243;][vc_column_text]<\/p>\n<h3><span style=\"color: #000000;\"><strong>Keramik<\/strong><\/span><\/h3>\n<ul>\n<li><span style=\"font-weight: 400;\">Bereiche mit hoher Sto\u00dfbelastung<\/span><\/li>\n<li><span style=\"font-weight: 400;\">Verbessern Sie die Lebensdauer der Ausr\u00fcstung<\/span><\/li>\n<\/ul>\n<p>[\/vc_column_text][\/vc_column][vc_column width=&#8220;1\/3&#8243;][vc_column_text]<\/p>\n<h3><span style=\"color: #000000;\"><strong>Gummi <\/strong><\/span><\/h3>\n<ul>\n<li>Abschirmung mit hohem Verschlei\u00df<\/li>\n<li>Nass- und Trockenanwendungen<\/li>\n<\/ul>\n<p>[\/vc_column_text][\/vc_column][\/vc_row]<\/p>\n<\/div>","protected":false},"excerpt":{"rendered":"<p>Das einfach zu installierende modulare Paneelsystem von GK erm\u00f6glicht den einfachen Austausch stark beanspruchter Bereiche, ohne dass das gesamte Sieb ausgetauscht werden muss. Die Pin-Installation beansprucht weniger Platz und bietet eine bis zu 15 % gr\u00f6\u00dfere offene Fl\u00e4che&#8230;<\/p>\n","protected":false},"featured_media":53856,"comment_status":"closed","ping_status":"closed","template":"","meta":{"_acf_changed":false,"om_disable_all_campaigns":false,"ep_exclude_from_search":false},"product_brand":[],"product_cat":[2310],"product_tag":[],"class_list":{"0":"post-52405","1":"product","2":"type-product","3":"status-publish","4":"has-post-thumbnail","6":"product_cat-duro-deck-de","8":"first","9":"instock","10":"taxable","11":"shipping-taxable","12":"product-type-simple"},"acf":[],"yoast_head":"<!-- This site is optimized with the Yoast SEO plugin v27.2 - https:\/\/yoast.com\/product\/yoast-seo-wordpress\/ -->\n<title>DURO-DECK\u2122 Schutz- und Verschlei\u00dfteile<\/title>\n<meta name=\"description\" content=\"Das einfach zu installierende modulare Paneelsystem von GK erm\u00f6glicht den einfachen Austausch stark beanspruchter Bereiche, ohne dass das gesamte Sieb ausgetauscht werden muss.\" \/>\n<meta name=\"robots\" content=\"index, follow, max-snippet:-1, max-image-preview:large, max-video-preview:-1\" \/>\n<link rel=\"canonical\" href=\"https:\/\/www.generalkinematics.com\/de\/produkt\/duro-deck-protection-and-wear-parts\/\" \/>\n<meta property=\"og:locale\" content=\"de_DE\" \/>\n<meta property=\"og:type\" content=\"article\" \/>\n<meta property=\"og:title\" content=\"DURO-DECK\u2122 Schutz- und Verschlei\u00dfteile\" \/>\n<meta property=\"og:description\" content=\"Das einfach zu installierende modulare Paneelsystem von GK erm\u00f6glicht den einfachen Austausch stark beanspruchter Bereiche, ohne dass das gesamte Sieb ausgetauscht werden muss.\" \/>\n<meta property=\"og:url\" content=\"https:\/\/www.generalkinematics.com\/de\/produkt\/duro-deck-protection-and-wear-parts\/\" \/>\n<meta property=\"og:site_name\" content=\"General Kinematics\" \/>\n<meta property=\"article:publisher\" content=\"https:\/\/www.facebook.com\/generalkinematics\" \/>\n<meta property=\"article:modified_time\" content=\"2024-03-14T14:58:55+00:00\" \/>\n<meta property=\"og:image\" content=\"https:\/\/media.generalkinematics.com\/wp-content\/uploads\/2024\/02\/DSC_8519-scaled-e1708031661189.jpg\" \/>\n\t<meta property=\"og:image:width\" content=\"1500\" \/>\n\t<meta property=\"og:image:height\" content=\"998\" \/>\n\t<meta property=\"og:image:type\" content=\"image\/jpeg\" \/>\n<meta name=\"twitter:card\" content=\"summary_large_image\" \/>\n<meta name=\"twitter:site\" content=\"@gkvibrating\" \/>\n<meta name=\"twitter:label1\" content=\"Gesch\u00e4tzte Lesezeit\" \/>\n\t<meta name=\"twitter:data1\" content=\"1 Minute\" \/>\n<!-- \/ Yoast SEO plugin. -->","yoast_head_json":{"title":"DURO-DECK\u2122 Schutz- und Verschlei\u00dfteile","description":"Das einfach zu installierende modulare Paneelsystem von GK erm\u00f6glicht den einfachen Austausch stark beanspruchter Bereiche, ohne dass das gesamte Sieb ausgetauscht werden muss.","robots":{"index":"index","follow":"follow","max-snippet":"max-snippet:-1","max-image-preview":"max-image-preview:large","max-video-preview":"max-video-preview:-1"},"canonical":"https:\/\/www.generalkinematics.com\/de\/produkt\/duro-deck-protection-and-wear-parts\/","og_locale":"de_DE","og_type":"article","og_title":"DURO-DECK\u2122 Schutz- und Verschlei\u00dfteile","og_description":"Das einfach zu installierende modulare Paneelsystem von GK erm\u00f6glicht den einfachen Austausch stark beanspruchter Bereiche, ohne dass das gesamte Sieb ausgetauscht werden muss.","og_url":"https:\/\/www.generalkinematics.com\/de\/produkt\/duro-deck-protection-and-wear-parts\/","og_site_name":"General Kinematics","article_publisher":"https:\/\/www.facebook.com\/generalkinematics","article_modified_time":"2024-03-14T14:58:55+00:00","og_image":[{"width":1500,"height":998,"url":"https:\/\/media.generalkinematics.com\/wp-content\/uploads\/2024\/02\/DSC_8519-scaled-e1708031661189.jpg","type":"image\/jpeg"}],"twitter_card":"summary_large_image","twitter_site":"@gkvibrating","twitter_misc":{"Gesch\u00e4tzte Lesezeit":"1 Minute"},"schema":{"@context":"https:\/\/schema.org","@graph":[{"@type":"WebPage","@id":"https:\/\/www.generalkinematics.com\/de\/produkt\/duro-deck-protection-and-wear-parts\/","url":"https:\/\/www.generalkinematics.com\/de\/produkt\/duro-deck-protection-and-wear-parts\/","name":"DURO-DECK\u2122 Schutz- und Verschlei\u00dfteile","isPartOf":{"@id":"https:\/\/www.generalkinematics.com\/de\/#website"},"primaryImageOfPage":{"@id":"https:\/\/www.generalkinematics.com\/de\/produkt\/duro-deck-protection-and-wear-parts\/#primaryimage"},"image":{"@id":"https:\/\/www.generalkinematics.com\/de\/produkt\/duro-deck-protection-and-wear-parts\/#primaryimage"},"thumbnailUrl":"https:\/\/media.generalkinematics.com\/wp-content\/uploads\/2024\/02\/DSC_8519-scaled-e1708031661189.jpg","datePublished":"2022-08-01T16:31:07+00:00","dateModified":"2024-03-14T14:58:55+00:00","description":"Das einfach zu installierende modulare Paneelsystem von GK erm\u00f6glicht den einfachen Austausch stark beanspruchter Bereiche, ohne dass das gesamte Sieb ausgetauscht werden muss.","breadcrumb":{"@id":"https:\/\/www.generalkinematics.com\/de\/produkt\/duro-deck-protection-and-wear-parts\/#breadcrumb"},"inLanguage":"de-DE","potentialAction":[{"@type":"ReadAction","target":["https:\/\/www.generalkinematics.com\/de\/produkt\/duro-deck-protection-and-wear-parts\/"]}]},{"@type":"ImageObject","inLanguage":"de-DE","@id":"https:\/\/www.generalkinematics.com\/de\/produkt\/duro-deck-protection-and-wear-parts\/#primaryimage","url":"https:\/\/media.generalkinematics.com\/wp-content\/uploads\/2024\/02\/DSC_8519-scaled-e1708031661189.jpg","contentUrl":"https:\/\/media.generalkinematics.com\/wp-content\/uploads\/2024\/02\/DSC_8519-scaled-e1708031661189.jpg","width":1500,"height":998},{"@type":"BreadcrumbList","@id":"https:\/\/www.generalkinematics.com\/de\/produkt\/duro-deck-protection-and-wear-parts\/#breadcrumb","itemListElement":[{"@type":"ListItem","position":1,"name":"GK Home","item":"https:\/\/www.generalkinematics.com\/de\/"},{"@type":"ListItem","position":2,"name":"Shop","item":"https:\/\/www.generalkinematics.com\/shop\/"},{"@type":"ListItem","position":3,"name":"DURO-DECK\u2122 Schutz- und Verschlei\u00dfteile"}]},{"@type":"WebSite","@id":"https:\/\/www.generalkinematics.com\/de\/#website","url":"https:\/\/www.generalkinematics.com\/de\/","name":"General Kinematics","description":"","publisher":{"@id":"https:\/\/www.generalkinematics.com\/de\/#organization"},"potentialAction":[{"@type":"SearchAction","target":{"@type":"EntryPoint","urlTemplate":"https:\/\/www.generalkinematics.com\/de\/?s={search_term_string}"},"query-input":{"@type":"PropertyValueSpecification","valueRequired":true,"valueName":"search_term_string"}}],"inLanguage":"de-DE"},{"@type":"Organization","@id":"https:\/\/www.generalkinematics.com\/de\/#organization","name":"General Kinematics","url":"https:\/\/www.generalkinematics.com\/de\/","logo":{"@type":"ImageObject","inLanguage":"de-DE","@id":"https:\/\/www.generalkinematics.com\/de\/#\/schema\/logo\/image\/","url":"https:\/\/media.generalkinematics.com\/wp-content\/uploads\/2018\/03\/logo.png","contentUrl":"https:\/\/media.generalkinematics.com\/wp-content\/uploads\/2018\/03\/logo.png","width":313,"height":100,"caption":"General Kinematics"},"image":{"@id":"https:\/\/www.generalkinematics.com\/de\/#\/schema\/logo\/image\/"},"sameAs":["https:\/\/www.facebook.com\/generalkinematics","https:\/\/x.com\/gkvibrating"]}]}},"_links":{"self":[{"href":"https:\/\/www.generalkinematics.com\/de\/wp-json\/wp\/v2\/product\/52405","targetHints":{"allow":["GET"]}}],"collection":[{"href":"https:\/\/www.generalkinematics.com\/de\/wp-json\/wp\/v2\/product"}],"about":[{"href":"https:\/\/www.generalkinematics.com\/de\/wp-json\/wp\/v2\/types\/product"}],"replies":[{"embeddable":true,"href":"https:\/\/www.generalkinematics.com\/de\/wp-json\/wp\/v2\/comments?post=52405"}],"wp:featuredmedia":[{"embeddable":true,"href":"https:\/\/www.generalkinematics.com\/de\/wp-json\/wp\/v2\/media\/53856"}],"wp:attachment":[{"href":"https:\/\/www.generalkinematics.com\/de\/wp-json\/wp\/v2\/media?parent=52405"}],"wp:term":[{"taxonomy":"product_brand","embeddable":true,"href":"https:\/\/www.generalkinematics.com\/de\/wp-json\/wp\/v2\/product_brand?post=52405"},{"taxonomy":"product_cat","embeddable":true,"href":"https:\/\/www.generalkinematics.com\/de\/wp-json\/wp\/v2\/product_cat?post=52405"},{"taxonomy":"product_tag","embeddable":true,"href":"https:\/\/www.generalkinematics.com\/de\/wp-json\/wp\/v2\/product_tag?post=52405"}],"curies":[{"name":"wp","href":"https:\/\/api.w.org\/{rel}","templated":true}]}}