{"id":52430,"date":"2022-08-01T13:37:59","date_gmt":"2022-08-01T18:37:59","guid":{"rendered":"https:\/\/www.generalkinematics.com\/?post_type=product&#038;p=52430"},"modified":"2022-12-13T19:58:17","modified_gmt":"2022-12-14T01:58:17","slug":"spannungs-installation-sieb-deck","status":"publish","type":"product","link":"https:\/\/www.generalkinematics.com\/de\/produkt\/spannungs-installation-sieb-deck\/","title":{"rendered":"Spannungs-Installation Deck"},"content":{"rendered":"<div class=\"wpb-content-wrapper\"><p>[vc_row][vc_column][vc_column_text]<span style=\"font-weight: 400;\">Erh\u00e4ltlich aus Drahtgitter, Gummi und Hybridmaterialien, um sich Ihrer Anwendung anzupassen. Die Spannungssiebe werden benutzerdefiniert gefertigt, um sich Ihrer Siebgr\u00f6\u00dfe anzupassen, mit einer Vielfalt an verf\u00fcgbaren Hakenstilen f\u00fcr Ihre spezifische Installationsmethode. Spannungssiebe erfordern normalerweise keine Modifikationen am Siebdeck, was eine kosteneffektive Siebl\u00f6sung f\u00fcr die meisten Anwendungen bietet.<\/span><\/p>\n<h2><span style=\"font-weight: 400;\">Eigenschaften:<\/span><\/h2>\n<ul>\n<li style=\"font-weight: 400;\" aria-level=\"1\"><span style=\"font-weight: 400;\">Es sind keine Modifikationen n\u00f6tig.<\/span><\/li>\n<li style=\"font-weight: 400;\" aria-level=\"1\"><span style=\"font-weight: 400;\">Direkter Ersatz f\u00fcr Drahtgewebe-Siebe.<\/span><\/li>\n<li style=\"font-weight: 400;\" aria-level=\"1\"><span style=\"font-weight: 400;\">Kosteneffektive Siebl\u00f6sung.<\/span><\/li>\n<\/ul>\n<p>[\/vc_column_text][\/vc_column][\/vc_row]<\/p>\n<\/div>","protected":false},"excerpt":{"rendered":"<p>GK&#8217;s einfach installierbares modulares Mattensystem erlaubt den einfachen Austausch von Bereichen mit hohem Verschlei\u00df, ohne Notwendigkeit, das gesamte Sieb zu ersetzen. Die Pin-Installation verbraucht weniger Platz und bietet bis zu 15 % gr\u00f6\u00dfere offene Fl\u00e4che und&#8230;<\/p>\n","protected":false},"featured_media":52425,"comment_status":"closed","ping_status":"closed","template":"","meta":{"_acf_changed":false,"om_disable_all_campaigns":false,"ep_exclude_from_search":false},"product_brand":[],"product_cat":[2310,1748],"product_tag":[],"class_list":{"0":"post-52430","1":"product","2":"type-product","3":"status-publish","4":"has-post-thumbnail","6":"product_cat-duro-deck-de","7":"product_cat-gkparts-com-de","9":"first","10":"instock","11":"taxable","12":"shipping-taxable","13":"product-type-simple"},"acf":[],"yoast_head":"<!-- This site is optimized with the Yoast SEO plugin v27.2 - https:\/\/yoast.com\/product\/yoast-seo-wordpress\/ -->\n<title>Spannungs-Installation Siebdeck<\/title>\n<meta name=\"description\" content=\"GK&quot;s einfach installierbares modulares Mattensystem erlaubt den einfachen Austausch von Bereichen mit hohem Verschlei\u00df, ohne Notwendigkeit, das gesamte Sieb zu ersetzen.\" \/>\n<meta name=\"robots\" content=\"index, follow, max-snippet:-1, max-image-preview:large, max-video-preview:-1\" \/>\n<link rel=\"canonical\" href=\"https:\/\/www.generalkinematics.com\/de\/produkt\/spannungs-installation-sieb-deck\/\" \/>\n<meta property=\"og:locale\" content=\"de_DE\" \/>\n<meta property=\"og:type\" content=\"article\" \/>\n<meta property=\"og:title\" content=\"Spannungs-Installation Siebdeck\" \/>\n<meta property=\"og:description\" content=\"GK&quot;s einfach installierbares modulares Mattensystem erlaubt den einfachen Austausch von Bereichen mit hohem Verschlei\u00df, ohne Notwendigkeit, das gesamte Sieb zu ersetzen.\" \/>\n<meta property=\"og:url\" content=\"https:\/\/www.generalkinematics.com\/de\/produkt\/spannungs-installation-sieb-deck\/\" \/>\n<meta property=\"og:site_name\" content=\"General Kinematics\" \/>\n<meta property=\"article:publisher\" content=\"https:\/\/www.facebook.com\/generalkinematics\" \/>\n<meta property=\"article:modified_time\" content=\"2022-12-14T01:58:17+00:00\" \/>\n<meta property=\"og:image\" content=\"https:\/\/media.generalkinematics.com\/wp-content\/uploads\/2022\/01\/Render-product-image-500-R.png\" \/>\n\t<meta property=\"og:image:width\" content=\"500\" \/>\n\t<meta property=\"og:image:height\" content=\"500\" \/>\n\t<meta property=\"og:image:type\" content=\"image\/png\" \/>\n<meta name=\"twitter:card\" content=\"summary_large_image\" \/>\n<meta name=\"twitter:site\" content=\"@gkvibrating\" \/>\n<!-- \/ Yoast SEO plugin. -->","yoast_head_json":{"title":"Spannungs-Installation Siebdeck","description":"GK\"s einfach installierbares modulares Mattensystem erlaubt den einfachen Austausch von Bereichen mit hohem Verschlei\u00df, ohne Notwendigkeit, das gesamte Sieb zu ersetzen.","robots":{"index":"index","follow":"follow","max-snippet":"max-snippet:-1","max-image-preview":"max-image-preview:large","max-video-preview":"max-video-preview:-1"},"canonical":"https:\/\/www.generalkinematics.com\/de\/produkt\/spannungs-installation-sieb-deck\/","og_locale":"de_DE","og_type":"article","og_title":"Spannungs-Installation Siebdeck","og_description":"GK\"s einfach installierbares modulares Mattensystem erlaubt den einfachen Austausch von Bereichen mit hohem Verschlei\u00df, ohne Notwendigkeit, das gesamte Sieb zu ersetzen.","og_url":"https:\/\/www.generalkinematics.com\/de\/produkt\/spannungs-installation-sieb-deck\/","og_site_name":"General Kinematics","article_publisher":"https:\/\/www.facebook.com\/generalkinematics","article_modified_time":"2022-12-14T01:58:17+00:00","og_image":[{"width":500,"height":500,"url":"https:\/\/media.generalkinematics.com\/wp-content\/uploads\/2022\/01\/Render-product-image-500-R.png","type":"image\/png"}],"twitter_card":"summary_large_image","twitter_site":"@gkvibrating","schema":{"@context":"https:\/\/schema.org","@graph":[{"@type":"WebPage","@id":"https:\/\/www.generalkinematics.com\/de\/produkt\/spannungs-installation-sieb-deck\/","url":"https:\/\/www.generalkinematics.com\/de\/produkt\/spannungs-installation-sieb-deck\/","name":"Spannungs-Installation Siebdeck","isPartOf":{"@id":"https:\/\/www.generalkinematics.com\/de\/#website"},"primaryImageOfPage":{"@id":"https:\/\/www.generalkinematics.com\/de\/produkt\/spannungs-installation-sieb-deck\/#primaryimage"},"image":{"@id":"https:\/\/www.generalkinematics.com\/de\/produkt\/spannungs-installation-sieb-deck\/#primaryimage"},"thumbnailUrl":"https:\/\/media.generalkinematics.com\/wp-content\/uploads\/2022\/08\/Deck-Front.jpg","datePublished":"2022-08-01T18:37:59+00:00","dateModified":"2022-12-14T01:58:17+00:00","description":"GK\"s einfach installierbares modulares Mattensystem erlaubt den einfachen Austausch von Bereichen mit hohem Verschlei\u00df, ohne Notwendigkeit, das gesamte Sieb zu ersetzen.","breadcrumb":{"@id":"https:\/\/www.generalkinematics.com\/de\/produkt\/spannungs-installation-sieb-deck\/#breadcrumb"},"inLanguage":"de-DE","potentialAction":[{"@type":"ReadAction","target":["https:\/\/www.generalkinematics.com\/de\/produkt\/spannungs-installation-sieb-deck\/"]}]},{"@type":"ImageObject","inLanguage":"de-DE","@id":"https:\/\/www.generalkinematics.com\/de\/produkt\/spannungs-installation-sieb-deck\/#primaryimage","url":"https:\/\/media.generalkinematics.com\/wp-content\/uploads\/2022\/08\/Deck-Front.jpg","contentUrl":"https:\/\/media.generalkinematics.com\/wp-content\/uploads\/2022\/08\/Deck-Front.jpg","width":1920,"height":1277,"caption":"Tension screen"},{"@type":"BreadcrumbList","@id":"https:\/\/www.generalkinematics.com\/de\/produkt\/spannungs-installation-sieb-deck\/#breadcrumb","itemListElement":[{"@type":"ListItem","position":1,"name":"GK Home","item":"https:\/\/www.generalkinematics.com\/de\/"},{"@type":"ListItem","position":2,"name":"Shop","item":"https:\/\/www.generalkinematics.com\/shop\/"},{"@type":"ListItem","position":3,"name":"Spannungs-Installation Deck"}]},{"@type":"WebSite","@id":"https:\/\/www.generalkinematics.com\/de\/#website","url":"https:\/\/www.generalkinematics.com\/de\/","name":"General Kinematics","description":"","publisher":{"@id":"https:\/\/www.generalkinematics.com\/de\/#organization"},"potentialAction":[{"@type":"SearchAction","target":{"@type":"EntryPoint","urlTemplate":"https:\/\/www.generalkinematics.com\/de\/?s={search_term_string}"},"query-input":{"@type":"PropertyValueSpecification","valueRequired":true,"valueName":"search_term_string"}}],"inLanguage":"de-DE"},{"@type":"Organization","@id":"https:\/\/www.generalkinematics.com\/de\/#organization","name":"General Kinematics","url":"https:\/\/www.generalkinematics.com\/de\/","logo":{"@type":"ImageObject","inLanguage":"de-DE","@id":"https:\/\/www.generalkinematics.com\/de\/#\/schema\/logo\/image\/","url":"https:\/\/media.generalkinematics.com\/wp-content\/uploads\/2018\/03\/logo.png","contentUrl":"https:\/\/media.generalkinematics.com\/wp-content\/uploads\/2018\/03\/logo.png","width":313,"height":100,"caption":"General Kinematics"},"image":{"@id":"https:\/\/www.generalkinematics.com\/de\/#\/schema\/logo\/image\/"},"sameAs":["https:\/\/www.facebook.com\/generalkinematics","https:\/\/x.com\/gkvibrating"]}]}},"_links":{"self":[{"href":"https:\/\/www.generalkinematics.com\/de\/wp-json\/wp\/v2\/product\/52430","targetHints":{"allow":["GET"]}}],"collection":[{"href":"https:\/\/www.generalkinematics.com\/de\/wp-json\/wp\/v2\/product"}],"about":[{"href":"https:\/\/www.generalkinematics.com\/de\/wp-json\/wp\/v2\/types\/product"}],"replies":[{"embeddable":true,"href":"https:\/\/www.generalkinematics.com\/de\/wp-json\/wp\/v2\/comments?post=52430"}],"wp:featuredmedia":[{"embeddable":true,"href":"https:\/\/www.generalkinematics.com\/de\/wp-json\/wp\/v2\/media\/52425"}],"wp:attachment":[{"href":"https:\/\/www.generalkinematics.com\/de\/wp-json\/wp\/v2\/media?parent=52430"}],"wp:term":[{"taxonomy":"product_brand","embeddable":true,"href":"https:\/\/www.generalkinematics.com\/de\/wp-json\/wp\/v2\/product_brand?post=52430"},{"taxonomy":"product_cat","embeddable":true,"href":"https:\/\/www.generalkinematics.com\/de\/wp-json\/wp\/v2\/product_cat?post=52430"},{"taxonomy":"product_tag","embeddable":true,"href":"https:\/\/www.generalkinematics.com\/de\/wp-json\/wp\/v2\/product_tag?post=52430"}],"curies":[{"name":"wp","href":"https:\/\/api.w.org\/{rel}","templated":true}]}}