{"id":52472,"date":"2022-08-09T15:20:37","date_gmt":"2022-08-09T20:20:37","guid":{"rendered":"https:\/\/www.generalkinematics.com\/?post_type=product&#038;p=52472"},"modified":"2022-12-13T19:56:00","modified_gmt":"2022-12-14T01:56:00","slug":"duro-deck-einrast-installation","status":"publish","type":"product","link":"https:\/\/www.generalkinematics.com\/de\/produkt\/duro-deck-einrast-installation\/","title":{"rendered":"DURO-DECK\u2122 Einrast-Installation"},"content":{"rendered":"<div class=\"wpb-content-wrapper\"><p>[vc_row][vc_column][vc_column_text]<span style=\"font-weight: 400;\">Einrast-Siebmedien bieten eine schnelle und einfache Installation ohne die Notwendigkeit zus\u00e4tzlicher Teile oder Werkzeuge. GK&#8220;s modulares Mattensystem erlaubt den einfachen Austausch von Bereichen mit hohem Verschlei\u00df, ohne Notwendigkeit, das gesamte Siebdeck zu ersetzen. Einrast-Installationsmedien sind aus Gummi oder Polyurethan erh\u00e4ltlich, um sich Ihrer Anwendung anzupassen. Die stark anpassbaren, spritzgussgeformten Siebpaneele erlauben mehr Flexibilit\u00e4t beim \u00d6ffnungsdesign um den besten Siebvorgang f\u00fcr Ihr Material zu bieten. <\/span><\/p>\n<h2><span style=\"font-weight: 400;\">Eigenschaften:<\/span><\/h2>\n<ul>\n<li style=\"font-weight: 400;\" aria-level=\"1\"><span style=\"font-weight: 400;\">Weniger Komponenten sind f\u00fcr die Installation n\u00f6tig, was eine kosteneffektivere L\u00f6sung bietet.<\/span><\/li>\n<li style=\"font-weight: 400;\" aria-level=\"1\"><span style=\"font-weight: 400;\">Das modulare System erlaubt Ihnen nur Verschlei\u00dfbereiche nach Bedarf zu ersetzen.<\/span><\/li>\n<li style=\"font-weight: 400;\" aria-level=\"1\"><span style=\"font-weight: 400;\">Einfache Instandhaltung. F\u00fcr den Austausch der Matten sind kein zus\u00e4tzlich Werkzeug oder Teile n\u00f6tig. <\/span><\/li>\n<li style=\"font-weight: 400;\" aria-level=\"1\"><span style=\"font-weight: 400;\">Sehr anpassbar. <\/span><\/li>\n<\/ul>\n<p>[\/vc_column_text][\/vc_column][\/vc_row]<\/p>\n<\/div>","protected":false},"excerpt":{"rendered":"<p>GK&#8217;s einfach installierbares modulares Mattensystem erlaubt den einfachen Austausch von Bereichen mit hohem Verschlei\u00df, ohne Notwendigkeit, das gesamte Sieb zu ersetzen. Die Pin-Installation verbraucht weniger Platz und bietet bis zu 15 % gr\u00f6\u00dfere offene Fl\u00e4che und&#8230;<\/p>\n","protected":false},"featured_media":52399,"comment_status":"closed","ping_status":"closed","template":"","meta":{"_acf_changed":false,"om_disable_all_campaigns":false,"ep_exclude_from_search":false},"product_brand":[],"product_cat":[2310,1748],"product_tag":[],"class_list":{"0":"post-52472","1":"product","2":"type-product","3":"status-publish","4":"has-post-thumbnail","6":"product_cat-duro-deck-de","7":"product_cat-gkparts-com-de","9":"first","10":"instock","11":"taxable","12":"shipping-taxable","13":"product-type-simple"},"acf":[],"yoast_head":"<!-- This site is optimized with the Yoast SEO plugin v27.2 - https:\/\/yoast.com\/product\/yoast-seo-wordpress\/ -->\n<title>DURO-DECK\u2122 SIEBMEDIEN<\/title>\n<meta name=\"description\" content=\"GK&quot;s einfach installierbares modulares Mattensystem erlaubt den einfachen Austausch von Bereichen mit hohem Verschlei\u00df, ohne Notwendigkeit, das gesamte Sieb zu ersetzen.\" \/>\n<meta name=\"robots\" content=\"index, follow, max-snippet:-1, max-image-preview:large, max-video-preview:-1\" \/>\n<link rel=\"canonical\" href=\"https:\/\/www.generalkinematics.com\/de\/produkt\/duro-deck-einrast-installation\/\" \/>\n<meta property=\"og:locale\" content=\"de_DE\" \/>\n<meta property=\"og:type\" content=\"article\" \/>\n<meta property=\"og:title\" content=\"DURO-DECK\u2122 SIEBMEDIEN\" \/>\n<meta property=\"og:description\" content=\"GK&quot;s einfach installierbares modulares Mattensystem erlaubt den einfachen Austausch von Bereichen mit hohem Verschlei\u00df, ohne Notwendigkeit, das gesamte Sieb zu ersetzen.\" \/>\n<meta property=\"og:url\" content=\"https:\/\/www.generalkinematics.com\/de\/produkt\/duro-deck-einrast-installation\/\" \/>\n<meta property=\"og:site_name\" content=\"General Kinematics\" \/>\n<meta property=\"article:publisher\" content=\"https:\/\/www.facebook.com\/generalkinematics\" \/>\n<meta property=\"article:modified_time\" content=\"2022-12-14T01:56:00+00:00\" \/>\n<meta property=\"og:image\" content=\"https:\/\/media.generalkinematics.com\/wp-content\/uploads\/2022\/01\/Render-product-image-500-R.png\" \/>\n\t<meta property=\"og:image:width\" content=\"500\" \/>\n\t<meta property=\"og:image:height\" content=\"500\" \/>\n\t<meta property=\"og:image:type\" content=\"image\/png\" \/>\n<meta name=\"twitter:card\" content=\"summary_large_image\" \/>\n<meta name=\"twitter:site\" content=\"@gkvibrating\" \/>\n<meta name=\"twitter:label1\" content=\"Gesch\u00e4tzte Lesezeit\" \/>\n\t<meta name=\"twitter:data1\" content=\"1 Minute\" \/>\n<!-- \/ Yoast SEO plugin. -->","yoast_head_json":{"title":"DURO-DECK\u2122 SIEBMEDIEN","description":"GK\"s einfach installierbares modulares Mattensystem erlaubt den einfachen Austausch von Bereichen mit hohem Verschlei\u00df, ohne Notwendigkeit, das gesamte Sieb zu ersetzen.","robots":{"index":"index","follow":"follow","max-snippet":"max-snippet:-1","max-image-preview":"max-image-preview:large","max-video-preview":"max-video-preview:-1"},"canonical":"https:\/\/www.generalkinematics.com\/de\/produkt\/duro-deck-einrast-installation\/","og_locale":"de_DE","og_type":"article","og_title":"DURO-DECK\u2122 SIEBMEDIEN","og_description":"GK\"s einfach installierbares modulares Mattensystem erlaubt den einfachen Austausch von Bereichen mit hohem Verschlei\u00df, ohne Notwendigkeit, das gesamte Sieb zu ersetzen.","og_url":"https:\/\/www.generalkinematics.com\/de\/produkt\/duro-deck-einrast-installation\/","og_site_name":"General Kinematics","article_publisher":"https:\/\/www.facebook.com\/generalkinematics","article_modified_time":"2022-12-14T01:56:00+00:00","og_image":[{"width":500,"height":500,"url":"https:\/\/media.generalkinematics.com\/wp-content\/uploads\/2022\/01\/Render-product-image-500-R.png","type":"image\/png"}],"twitter_card":"summary_large_image","twitter_site":"@gkvibrating","twitter_misc":{"Gesch\u00e4tzte Lesezeit":"1 Minute"},"schema":{"@context":"https:\/\/schema.org","@graph":[{"@type":"WebPage","@id":"https:\/\/www.generalkinematics.com\/de\/produkt\/duro-deck-einrast-installation\/","url":"https:\/\/www.generalkinematics.com\/de\/produkt\/duro-deck-einrast-installation\/","name":"DURO-DECK\u2122 SIEBMEDIEN","isPartOf":{"@id":"https:\/\/www.generalkinematics.com\/de\/#website"},"primaryImageOfPage":{"@id":"https:\/\/www.generalkinematics.com\/de\/produkt\/duro-deck-einrast-installation\/#primaryimage"},"image":{"@id":"https:\/\/www.generalkinematics.com\/de\/produkt\/duro-deck-einrast-installation\/#primaryimage"},"thumbnailUrl":"https:\/\/media.generalkinematics.com\/wp-content\/uploads\/2022\/07\/rocks-on-thin-opening-deck.jpg","datePublished":"2022-08-09T20:20:37+00:00","dateModified":"2022-12-14T01:56:00+00:00","description":"GK\"s einfach installierbares modulares Mattensystem erlaubt den einfachen Austausch von Bereichen mit hohem Verschlei\u00df, ohne Notwendigkeit, das gesamte Sieb zu ersetzen.","breadcrumb":{"@id":"https:\/\/www.generalkinematics.com\/de\/produkt\/duro-deck-einrast-installation\/#breadcrumb"},"inLanguage":"de-DE","potentialAction":[{"@type":"ReadAction","target":["https:\/\/www.generalkinematics.com\/de\/produkt\/duro-deck-einrast-installation\/"]}]},{"@type":"ImageObject","inLanguage":"de-DE","@id":"https:\/\/www.generalkinematics.com\/de\/produkt\/duro-deck-einrast-installation\/#primaryimage","url":"https:\/\/media.generalkinematics.com\/wp-content\/uploads\/2022\/07\/rocks-on-thin-opening-deck.jpg","contentUrl":"https:\/\/media.generalkinematics.com\/wp-content\/uploads\/2022\/07\/rocks-on-thin-opening-deck.jpg","width":1920,"height":1277,"caption":"Rocks on screen deck media"},{"@type":"BreadcrumbList","@id":"https:\/\/www.generalkinematics.com\/de\/produkt\/duro-deck-einrast-installation\/#breadcrumb","itemListElement":[{"@type":"ListItem","position":1,"name":"GK Home","item":"https:\/\/www.generalkinematics.com\/de\/"},{"@type":"ListItem","position":2,"name":"Shop","item":"https:\/\/www.generalkinematics.com\/shop\/"},{"@type":"ListItem","position":3,"name":"DURO-DECK\u2122 Einrast-Installation"}]},{"@type":"WebSite","@id":"https:\/\/www.generalkinematics.com\/de\/#website","url":"https:\/\/www.generalkinematics.com\/de\/","name":"General Kinematics","description":"","publisher":{"@id":"https:\/\/www.generalkinematics.com\/de\/#organization"},"potentialAction":[{"@type":"SearchAction","target":{"@type":"EntryPoint","urlTemplate":"https:\/\/www.generalkinematics.com\/de\/?s={search_term_string}"},"query-input":{"@type":"PropertyValueSpecification","valueRequired":true,"valueName":"search_term_string"}}],"inLanguage":"de-DE"},{"@type":"Organization","@id":"https:\/\/www.generalkinematics.com\/de\/#organization","name":"General Kinematics","url":"https:\/\/www.generalkinematics.com\/de\/","logo":{"@type":"ImageObject","inLanguage":"de-DE","@id":"https:\/\/www.generalkinematics.com\/de\/#\/schema\/logo\/image\/","url":"https:\/\/media.generalkinematics.com\/wp-content\/uploads\/2018\/03\/logo.png","contentUrl":"https:\/\/media.generalkinematics.com\/wp-content\/uploads\/2018\/03\/logo.png","width":313,"height":100,"caption":"General Kinematics"},"image":{"@id":"https:\/\/www.generalkinematics.com\/de\/#\/schema\/logo\/image\/"},"sameAs":["https:\/\/www.facebook.com\/generalkinematics","https:\/\/x.com\/gkvibrating"]}]}},"_links":{"self":[{"href":"https:\/\/www.generalkinematics.com\/de\/wp-json\/wp\/v2\/product\/52472","targetHints":{"allow":["GET"]}}],"collection":[{"href":"https:\/\/www.generalkinematics.com\/de\/wp-json\/wp\/v2\/product"}],"about":[{"href":"https:\/\/www.generalkinematics.com\/de\/wp-json\/wp\/v2\/types\/product"}],"replies":[{"embeddable":true,"href":"https:\/\/www.generalkinematics.com\/de\/wp-json\/wp\/v2\/comments?post=52472"}],"wp:featuredmedia":[{"embeddable":true,"href":"https:\/\/www.generalkinematics.com\/de\/wp-json\/wp\/v2\/media\/52399"}],"wp:attachment":[{"href":"https:\/\/www.generalkinematics.com\/de\/wp-json\/wp\/v2\/media?parent=52472"}],"wp:term":[{"taxonomy":"product_brand","embeddable":true,"href":"https:\/\/www.generalkinematics.com\/de\/wp-json\/wp\/v2\/product_brand?post=52472"},{"taxonomy":"product_cat","embeddable":true,"href":"https:\/\/www.generalkinematics.com\/de\/wp-json\/wp\/v2\/product_cat?post=52472"},{"taxonomy":"product_tag","embeddable":true,"href":"https:\/\/www.generalkinematics.com\/de\/wp-json\/wp\/v2\/product_tag?post=52472"}],"curies":[{"name":"wp","href":"https:\/\/api.w.org\/{rel}","templated":true}]}}