{"id":54833,"date":"2025-05-21T08:23:03","date_gmt":"2025-05-21T13:23:03","guid":{"rendered":"https:\/\/www.generalkinematics.com\/?post_type=product&#038;p=54833"},"modified":"2025-08-13T10:56:16","modified_gmt":"2025-08-13T15:56:16","slug":"zufuhrrinnen-fur-hacker","status":"publish","type":"product","link":"https:\/\/www.generalkinematics.com\/de\/produkt\/zufuhrrinnen-fur-hacker\/","title":{"rendered":"Zuf\u00fchrrinnen f\u00fcr Hacker"},"content":{"rendered":"<h1>Zuf\u00fchrrinnen f\u00fcr Hacker<\/h1>\n<p>GK Zuf\u00fchrrinnen f\u00fcr Hacker wurden entwickelt, um die Beschickung von Trommel- und Scheibenhackern in der Holzverarbeitung zu optimieren. Vibrationsf\u00f6rderer transportieren Rundholz und S\u00e4gewerksr\u00fcckst\u00e4nde wie Schwarten, Sprei\u00dfel und Kappungen in den Hacker und verbessern so den Durchsatz im Hackbetrieb. Die fortschrittliche F\u00f6rdertechnologie erm\u00f6glicht eine pr\u00e4zise Steuerung des Materialflusses, um den spezifischen Anforderungen von Hackern gerecht zu werden.<\/p>\n<p>Die GK Zuf\u00fchrrinnen f\u00fcr Hacker wurden entwickelt, um die Produktivit\u00e4t Ihrer Anlage zu steigern, bei gleichzeitiger Minimierung des Wartungsaufwands. Im Gegensatz zu herk\u00f6mmlichen F\u00f6rderb\u00e4ndern, werden bei der GK-Vibrationstechnologie keine rotierenden Teile verbaut, was zu weniger Reinigungsaufwand und deutlich reduzierten Wartungszeiten f\u00fchrt. Sie sind mit hochbelastbaren Komponenten ausgestattet, die den anspruchsvollen Umgebungen aller holzverarbeitenden Anlagen standhalten und eine langfristige Leistung bieten.<\/p>\n<p>Als kompakte L\u00f6sung und All-in-One-F\u00f6rderrinne mit verst\u00e4rktem Aufgabebereich und Reinigungsbereich machen sie Kettenbettf\u00f6rderer, Transportb\u00e4nder oder Kettenquerf\u00f6rderer \u00fcberfl\u00fcssig. Es besteht keine Notwendigkeit f\u00fcr einen zus\u00e4tzlichen Reinigungsrollengang um Verunreinigungen zu entfernen, da diese Reinigungszone bereits in der All-in-One F\u00f6rderrinne integriert ist. Diese F\u00f6rderrinne passt dorthin, wo andere Anbieter drei separate Aggregate mit drei Antrieben und vielen Sensoren zur Steuerung verwenden.<\/p>\n<p>Unter Verwendung der bew\u00e4hrten SYNCRO-COIL-Technologie\u00ae von General Kinematics verwenden sie ein nat\u00fcrliches Frequenzdesign, das den Energieverbrauch reduziert und eine reibungslose Materialbewegung gew\u00e4hrleistet.<\/p>\n<p>&nbsp;<\/p>\n<h2>Vorteile<\/h2>\n<ul>\n<li>Alle Federn sind auf ihre Leistungsf\u00e4higkeit gepr\u00fcft und erf\u00fcllen h\u00f6chste Qualit\u00e4tsstandards.<\/li>\n<li>Kompakte L\u00f6sung und eine All-in-One-F\u00f6rderrinne mit verst\u00e4rktem Aufgabebereich und Reinigungsbereich.<\/li>\n<li>Keine Notwendigkeit eines Kettenbettf\u00f6rderers an der Material\u00fcbergabe von Entrinder und Rundholzaufgabetisch.<\/li>\n<li>Keine Notwendigkeit f\u00fcr einen separaten Reinigungsrollengang.<\/li>\n<li>Dieser F\u00f6rderer findet dort Anwendung, wo andere Anbieter drei F\u00f6rderaggregate mit drei Antrieben und vielen Sensoren zur Steuerung einsetzen.<\/li>\n<li>Das kompakte Design erfordert einen geringeren Platzbedarf als die \u00fcblichen L\u00f6sungen.<\/li>\n<li>Es gibt keine rotierenden Teile und F\u00f6rdergurte, die im Schadensfall ausgetauscht werden m\u00fcssen. Ebenfalls keine UB\/OB Rollen sowie Spannstationen die gewartet werden m\u00fcssten.<\/li>\n<li>Es muss kein Schieflaufw\u00e4chter installiert und gesteuert werden.<\/li>\n<li>Verschlei\u00dffeste Bodenplatte, die sich leicht einschwei\u00dfen l\u00e4sst (auch als Nachr\u00fcstung).<\/li>\n<\/ul>\n<h2>Anpassbar an Ihre Anwendung<\/h2>\n<ul>\n<li>Metallfreie Zone mit einer L\u00e4nge von bis zu 3 m verf\u00fcgbar.<\/li>\n<li>Um den Hacker zu sch\u00fctzen, kann die F\u00f6rderrinne mit einer Reinigungssektion ausgestattet werden, um Rinde und Steine aus dem Materialstrom auszuschleusen.<\/li>\n<li>F\u00f6rdergeschwindigkeit bis zu 36 m\/min m\u00f6glich. Alle Vibrationsf\u00f6rderrinnen werden an die Anwendungsanforderungen angepasst, wie z. B. die Vorschubgeschwindigkeit des Hackers.<\/li>\n<li>Einfaches Tuning der F\u00f6rderrinnen, indem weitere Federn hinzugef\u00fcgt oder andere Federn verwendet werden.<\/li>\n<\/ul>\n<h2>Anwendungsbereiche<\/h2>\n<ul>\n<li>Pelletproduktion<\/li>\n<li>Plattenindustrie<\/li>\n<li>Zellstoff- und Papierfabriken<\/li>\n<li>Biomassekraftwerke<\/li>\n<li>S\u00e4gewerke<\/li>\n<\/ul>\n","protected":false},"excerpt":{"rendered":"<p>Zuf\u00fchrrinnen f\u00fcr Hacker GK Zuf\u00fchrrinnen f\u00fcr Hacker wurden entwickelt, um die Beschickung von Trommel- und Scheibenhackern in der Holzverarbeitung zu optimieren. Vibrationsf\u00f6rderer transportieren Rundholz und S\u00e4gewerksr\u00fcckst\u00e4nde wie Schwarten, Sprei\u00dfel und Kappungen in den Hacker und verbessern so den Durchsatz im Hackbetrieb. Die fortschrittliche F\u00f6rdertechnologie erm\u00f6glicht eine pr\u00e4zise Steuerung des Materialflusses, um den spezifischen Anforderungen von [&hellip;]<\/p>\n","protected":false},"featured_media":54842,"comment_status":"open","ping_status":"closed","template":"","meta":{"_acf_changed":false,"om_disable_all_campaigns":false,"ep_exclude_from_search":false},"product_brand":[],"product_cat":[1810,1798],"product_tag":[],"class_list":{"0":"post-54833","1":"product","2":"type-product","3":"status-publish","4":"has-post-thumbnail","6":"product_cat-ausruestung-forstwirtschaft-holz-und-biomasse","7":"product_cat-recycling-loesungen","9":"first","10":"instock","11":"taxable","12":"shipping-taxable","13":"product-type-simple"},"acf":[],"yoast_head":"<!-- This site is optimized with the Yoast SEO plugin v27.2 - https:\/\/yoast.com\/product\/yoast-seo-wordpress\/ -->\n<title>Zuf\u00fchrrinnen f\u00fcr Hacker | General Kinematics<\/title>\n<meta name=\"robots\" content=\"index, follow, max-snippet:-1, max-image-preview:large, max-video-preview:-1\" \/>\n<link rel=\"canonical\" href=\"https:\/\/www.generalkinematics.com\/de\/produkt\/zufuhrrinnen-fur-hacker\/\" \/>\n<meta property=\"og:locale\" content=\"de_DE\" \/>\n<meta property=\"og:type\" content=\"article\" \/>\n<meta property=\"og:title\" content=\"Zuf\u00fchrrinnen f\u00fcr Hacker | General Kinematics\" \/>\n<meta property=\"og:description\" content=\"Zuf\u00fchrrinnen f\u00fcr Hacker GK Zuf\u00fchrrinnen f\u00fcr Hacker wurden entwickelt, um die Beschickung von Trommel- und Scheibenhackern in der Holzverarbeitung zu optimieren. Vibrationsf\u00f6rderer transportieren Rundholz und S\u00e4gewerksr\u00fcckst\u00e4nde wie Schwarten, Sprei\u00dfel und Kappungen in den Hacker und verbessern so den Durchsatz im Hackbetrieb. Die fortschrittliche F\u00f6rdertechnologie erm\u00f6glicht eine pr\u00e4zise Steuerung des Materialflusses, um den spezifischen Anforderungen von [&hellip;]\" \/>\n<meta property=\"og:url\" content=\"https:\/\/www.generalkinematics.com\/de\/produkt\/zufuhrrinnen-fur-hacker\/\" \/>\n<meta property=\"og:site_name\" content=\"General Kinematics\" \/>\n<meta property=\"article:publisher\" content=\"https:\/\/www.facebook.com\/generalkinematics\" \/>\n<meta property=\"article:modified_time\" content=\"2025-08-13T15:56:16+00:00\" \/>\n<meta property=\"og:image\" content=\"https:\/\/media.generalkinematics.com\/wp-content\/uploads\/2025\/08\/Chipper-Feeding-Conveyor-3.png\" \/>\n\t<meta property=\"og:image:width\" content=\"1280\" \/>\n\t<meta property=\"og:image:height\" content=\"1024\" \/>\n\t<meta property=\"og:image:type\" content=\"image\/png\" \/>\n<meta name=\"twitter:card\" content=\"summary_large_image\" \/>\n<meta name=\"twitter:site\" content=\"@gkvibrating\" \/>\n<meta name=\"twitter:label1\" content=\"Gesch\u00e4tzte Lesezeit\" \/>\n\t<meta name=\"twitter:data1\" content=\"2 Minuten\" \/>\n<!-- \/ Yoast SEO plugin. -->","yoast_head_json":{"title":"Zuf\u00fchrrinnen f\u00fcr Hacker | General Kinematics","robots":{"index":"index","follow":"follow","max-snippet":"max-snippet:-1","max-image-preview":"max-image-preview:large","max-video-preview":"max-video-preview:-1"},"canonical":"https:\/\/www.generalkinematics.com\/de\/produkt\/zufuhrrinnen-fur-hacker\/","og_locale":"de_DE","og_type":"article","og_title":"Zuf\u00fchrrinnen f\u00fcr Hacker | General Kinematics","og_description":"Zuf\u00fchrrinnen f\u00fcr Hacker GK Zuf\u00fchrrinnen f\u00fcr Hacker wurden entwickelt, um die Beschickung von Trommel- und Scheibenhackern in der Holzverarbeitung zu optimieren. Vibrationsf\u00f6rderer transportieren Rundholz und S\u00e4gewerksr\u00fcckst\u00e4nde wie Schwarten, Sprei\u00dfel und Kappungen in den Hacker und verbessern so den Durchsatz im Hackbetrieb. Die fortschrittliche F\u00f6rdertechnologie erm\u00f6glicht eine pr\u00e4zise Steuerung des Materialflusses, um den spezifischen Anforderungen von [&hellip;]","og_url":"https:\/\/www.generalkinematics.com\/de\/produkt\/zufuhrrinnen-fur-hacker\/","og_site_name":"General Kinematics","article_publisher":"https:\/\/www.facebook.com\/generalkinematics","article_modified_time":"2025-08-13T15:56:16+00:00","og_image":[{"width":1280,"height":1024,"url":"https:\/\/media.generalkinematics.com\/wp-content\/uploads\/2025\/08\/Chipper-Feeding-Conveyor-3.png","type":"image\/png"}],"twitter_card":"summary_large_image","twitter_site":"@gkvibrating","twitter_misc":{"Gesch\u00e4tzte Lesezeit":"2 Minuten"},"schema":{"@context":"https:\/\/schema.org","@graph":[{"@type":"WebPage","@id":"https:\/\/www.generalkinematics.com\/de\/produkt\/zufuhrrinnen-fur-hacker\/","url":"https:\/\/www.generalkinematics.com\/de\/produkt\/zufuhrrinnen-fur-hacker\/","name":"Zuf\u00fchrrinnen f\u00fcr Hacker | General Kinematics","isPartOf":{"@id":"https:\/\/www.generalkinematics.com\/de\/#website"},"primaryImageOfPage":{"@id":"https:\/\/www.generalkinematics.com\/de\/produkt\/zufuhrrinnen-fur-hacker\/#primaryimage"},"image":{"@id":"https:\/\/www.generalkinematics.com\/de\/produkt\/zufuhrrinnen-fur-hacker\/#primaryimage"},"thumbnailUrl":"https:\/\/media.generalkinematics.com\/wp-content\/uploads\/2025\/08\/Chipper-Feeding-Conveyor-3.png","datePublished":"2025-05-21T13:23:03+00:00","dateModified":"2025-08-13T15:56:16+00:00","breadcrumb":{"@id":"https:\/\/www.generalkinematics.com\/de\/produkt\/zufuhrrinnen-fur-hacker\/#breadcrumb"},"inLanguage":"de-DE","potentialAction":[{"@type":"ReadAction","target":["https:\/\/www.generalkinematics.com\/de\/produkt\/zufuhrrinnen-fur-hacker\/"]}]},{"@type":"ImageObject","inLanguage":"de-DE","@id":"https:\/\/www.generalkinematics.com\/de\/produkt\/zufuhrrinnen-fur-hacker\/#primaryimage","url":"https:\/\/media.generalkinematics.com\/wp-content\/uploads\/2025\/08\/Chipper-Feeding-Conveyor-3.png","contentUrl":"https:\/\/media.generalkinematics.com\/wp-content\/uploads\/2025\/08\/Chipper-Feeding-Conveyor-3.png","width":1280,"height":1024},{"@type":"BreadcrumbList","@id":"https:\/\/www.generalkinematics.com\/de\/produkt\/zufuhrrinnen-fur-hacker\/#breadcrumb","itemListElement":[{"@type":"ListItem","position":1,"name":"GK Home","item":"https:\/\/www.generalkinematics.com\/de\/"},{"@type":"ListItem","position":2,"name":"Shop","item":"https:\/\/www.generalkinematics.com\/shop\/"},{"@type":"ListItem","position":3,"name":"Zuf\u00fchrrinnen f\u00fcr Hacker"}]},{"@type":"WebSite","@id":"https:\/\/www.generalkinematics.com\/de\/#website","url":"https:\/\/www.generalkinematics.com\/de\/","name":"General Kinematics","description":"","publisher":{"@id":"https:\/\/www.generalkinematics.com\/de\/#organization"},"potentialAction":[{"@type":"SearchAction","target":{"@type":"EntryPoint","urlTemplate":"https:\/\/www.generalkinematics.com\/de\/?s={search_term_string}"},"query-input":{"@type":"PropertyValueSpecification","valueRequired":true,"valueName":"search_term_string"}}],"inLanguage":"de-DE"},{"@type":"Organization","@id":"https:\/\/www.generalkinematics.com\/de\/#organization","name":"General Kinematics","url":"https:\/\/www.generalkinematics.com\/de\/","logo":{"@type":"ImageObject","inLanguage":"de-DE","@id":"https:\/\/www.generalkinematics.com\/de\/#\/schema\/logo\/image\/","url":"https:\/\/media.generalkinematics.com\/wp-content\/uploads\/2018\/03\/logo.png","contentUrl":"https:\/\/media.generalkinematics.com\/wp-content\/uploads\/2018\/03\/logo.png","width":313,"height":100,"caption":"General Kinematics"},"image":{"@id":"https:\/\/www.generalkinematics.com\/de\/#\/schema\/logo\/image\/"},"sameAs":["https:\/\/www.facebook.com\/generalkinematics","https:\/\/x.com\/gkvibrating"]}]}},"_links":{"self":[{"href":"https:\/\/www.generalkinematics.com\/de\/wp-json\/wp\/v2\/product\/54833","targetHints":{"allow":["GET"]}}],"collection":[{"href":"https:\/\/www.generalkinematics.com\/de\/wp-json\/wp\/v2\/product"}],"about":[{"href":"https:\/\/www.generalkinematics.com\/de\/wp-json\/wp\/v2\/types\/product"}],"replies":[{"embeddable":true,"href":"https:\/\/www.generalkinematics.com\/de\/wp-json\/wp\/v2\/comments?post=54833"}],"wp:featuredmedia":[{"embeddable":true,"href":"https:\/\/www.generalkinematics.com\/de\/wp-json\/wp\/v2\/media\/54842"}],"wp:attachment":[{"href":"https:\/\/www.generalkinematics.com\/de\/wp-json\/wp\/v2\/media?parent=54833"}],"wp:term":[{"taxonomy":"product_brand","embeddable":true,"href":"https:\/\/www.generalkinematics.com\/de\/wp-json\/wp\/v2\/product_brand?post=54833"},{"taxonomy":"product_cat","embeddable":true,"href":"https:\/\/www.generalkinematics.com\/de\/wp-json\/wp\/v2\/product_cat?post=54833"},{"taxonomy":"product_tag","embeddable":true,"href":"https:\/\/www.generalkinematics.com\/de\/wp-json\/wp\/v2\/product_tag?post=54833"}],"curies":[{"name":"wp","href":"https:\/\/api.w.org\/{rel}","templated":true}]}}