{"id":36090,"date":"2018-05-23T05:13:42","date_gmt":"2018-05-23T10:13:42","guid":{"rendered":"https:\/\/www.generalkinematics.com\/tablas-de-tamanos-del-alimentador-vibratorio\/"},"modified":"2018-06-27T10:56:56","modified_gmt":"2018-06-27T15:56:56","slug":"tablas-de-tamanos-del-alimentador-vibratorio","status":"publish","type":"page","link":"https:\/\/www.generalkinematics.com\/es\/tablas-de-tamanos-del-alimentador-vibratorio\/","title":{"rendered":"Tablas de tama\u00f1os del alimentador vibratorio"},"content":{"rendered":"<h1 class=\"pagetitle\">ALIMENTADORES VIBRATORIOS PARA-MOUNT II\u00ae<\/h1>\n<h2 class=\"subhead\">Tama\u00f1os est\u00e1ndar<\/h2>\n<p><center><a href=\"\/?page_id=1262\">Alimentadores vibratorios<\/a> | <a href=\"\/?page_id=1264\">Activador Un-Coaler \/ Alimentadores<\/a> | <a href=\"\/?page_id=1266\">Informaci\u00f3n t\u00e9cnica<\/a> | <a href=\"\/?page_id=1268\">Piezas y Servicio<\/a><\/center><\/p>\n<p style=\"text-align: center;\"><br clear=\"all\" \/><\/p>\n<p><a href=\"\/wp-content\/uploads\/2012\/05\/feedersizechart-1.png\"><img decoding=\"async\" class=\"aligncenter  wp-image-4777\" alt=\"feedersizechart\" src=\"https:\/\/www.generalkinematics.com\/wp-content\/uploads\/2012\/05\/feedersizechart-1.png\" width=\"630\" height=\"278\" srcset=\"https:\/\/www.generalkinematics.com\/wp-content\/uploads\/2012\/05\/feedersizechart-1.png 900w, https:\/\/www.generalkinematics.com\/wp-content\/uploads\/2012\/05\/feedersizechart-1-300x132.png 300w, https:\/\/www.generalkinematics.com\/wp-content\/uploads\/2012\/05\/feedersizechart-1-390x172.png 390w, https:\/\/www.generalkinematics.com\/wp-content\/uploads\/2012\/05\/feedersizechart-1-768x339.png 768w\" sizes=\"(max-width: 639px) 98vw, (max-width: 1199px) 64vw, 630px\" \/><\/a><\/p>\n<p>&nbsp;<\/p>\n<table width=\"625\" border=\"0\" cellspacing=\"0\" cellpadding=\"0\" align=\"center\">\n<tbody>\n<tr>\n<td align=\"center\" bgcolor=\"#FFFF99\">Referencia del modelo del alimentador<\/p>\n<p>FRC y ARC<\/p>\n<p>Modelo A&quot;-B&apos;<\/td>\n<td align=\"center\" bgcolor=\"#FFFF99\">HP<\/td>\n<td align=\"center\" bgcolor=\"#FFFF99\">Peso<\/p>\n<p>aprox.<\/p>\n<p>Libras<\/td>\n<td colspan=\"6\" bgcolor=\"#FFFF99\">Dimensiones, Pulgadas*<\/td>\n<\/tr>\n<tr class=\"smalltext\">\n<td scope=\"col\" align=\"center\">18-5<\/p>\n<p>18-6<\/p>\n<p>18-7<\/p>\n<p>18-8<\/td>\n<td scope=\"col\" align=\"center\">3\/4<\/p>\n<p>3\/4<\/p>\n<p>3\/4<\/p>\n<p>3\/4<\/td>\n<td scope=\"col\" align=\"center\">900<\/p>\n<p>950<\/p>\n<p>1000<\/p>\n<p>1050<\/td>\n<td scope=\"col\" align=\"center\">18<\/p>\n<p>18<\/p>\n<p>18<\/p>\n<p>18<\/td>\n<td scope=\"col\" align=\"center\">60<\/p>\n<p>72<\/p>\n<p>84<\/p>\n<p>96<\/td>\n<td scope=\"col\" align=\"center\" width=\"27\">9<\/p>\n<p>9<\/p>\n<p>9<\/p>\n<p>9<\/td>\n<td scope=\"col\" align=\"center\" width=\"27\">32<\/p>\n<p>32<\/p>\n<p>32<\/p>\n<p>32<\/td>\n<td scope=\"col\" align=\"center\" width=\"27\">24<\/p>\n<p>24<\/p>\n<p>24<\/p>\n<p>24<\/td>\n<td scope=\"col\" align=\"center\" width=\"30\">45<\/p>\n<p>45<\/p>\n<p>45<\/p>\n<p>45<\/td>\n<\/tr>\n<tr class=\"smalltext\">\n<td scope=\"col\" align=\"center\">24-5<\/p>\n<p>24-6<\/p>\n<p>24-7<\/p>\n<p>24-8<\/td>\n<td scope=\"col\" align=\"center\">1<\/p>\n<p>1<\/p>\n<p>1<\/p>\n<p>1<\/td>\n<td scope=\"col\" align=\"center\">1400<\/p>\n<p>1400<\/p>\n<p>1450<\/p>\n<p>1500<\/td>\n<td scope=\"col\" align=\"center\">24<\/p>\n<p>24<\/p>\n<p>24<\/p>\n<p>24<\/td>\n<td scope=\"col\" align=\"center\">60<\/p>\n<p>72<\/p>\n<p>84<\/p>\n<p>96<\/td>\n<td scope=\"col\" align=\"center\">9<\/p>\n<p>9<\/p>\n<p>9<\/p>\n<p>9<\/td>\n<td scope=\"col\" align=\"center\">33<\/p>\n<p>33<\/p>\n<p>33<\/p>\n<p>33<\/td>\n<td scope=\"col\" align=\"center\">30<\/p>\n<p>30<\/p>\n<p>30<\/p>\n<p>30<\/td>\n<td scope=\"col\" align=\"center\">42<\/p>\n<p>42<\/p>\n<p>42<\/p>\n<p>42<\/td>\n<\/tr>\n<tr class=\"smalltext\">\n<td scope=\"col\" align=\"center\">30-5<\/p>\n<p>30-6<\/p>\n<p>30-7<\/p>\n<p>30-8<\/td>\n<td scope=\"col\" align=\"center\">1<\/p>\n<p>1<\/p>\n<p>2<\/p>\n<p>2<\/td>\n<td scope=\"col\" align=\"center\">1450<\/p>\n<p>1450<\/p>\n<p>1700<\/p>\n<p>1750<\/td>\n<td scope=\"col\" align=\"center\">30<\/p>\n<p>30<\/p>\n<p>30<\/p>\n<p>30<\/td>\n<td scope=\"col\" align=\"center\">60<\/p>\n<p>72<\/p>\n<p>84<\/p>\n<p>96<\/td>\n<td scope=\"col\" align=\"center\">9<\/p>\n<p>9<\/p>\n<p>9<\/p>\n<p>9<\/td>\n<td scope=\"col\" align=\"center\">33<\/p>\n<p>33<\/p>\n<p>33<\/p>\n<p>33<\/td>\n<td scope=\"col\" align=\"center\">36<\/p>\n<p>36<\/p>\n<p>36<\/p>\n<p>36<\/td>\n<td scope=\"col\" align=\"center\">48<\/p>\n<p>48<\/p>\n<p>48<\/p>\n<p>48<\/td>\n<\/tr>\n<tr class=\"smalltext\">\n<td scope=\"col\" align=\"center\">36-5<\/p>\n<p>36-6<\/p>\n<p>36-7<\/p>\n<p>36-8<\/td>\n<td scope=\"col\" align=\"center\">2<\/p>\n<p>2<\/p>\n<p>2<\/p>\n<p>2<\/td>\n<td scope=\"col\" align=\"center\">1850<\/p>\n<p>1900<\/p>\n<p>1950<\/p>\n<p>2000<\/td>\n<td scope=\"col\" align=\"center\">36<\/p>\n<p>36<\/p>\n<p>36<\/p>\n<p>36<\/td>\n<td scope=\"col\" align=\"center\">60<\/p>\n<p>72<\/p>\n<p>84<\/p>\n<p>96<\/td>\n<td scope=\"col\" align=\"center\">10<\/p>\n<p>10<\/p>\n<p>10<\/p>\n<p>10<\/td>\n<td scope=\"col\" align=\"center\">33<\/p>\n<p>33<\/p>\n<p>33<\/p>\n<p>33<\/td>\n<td scope=\"col\" align=\"center\">42<\/p>\n<p>42<\/p>\n<p>42<\/p>\n<p>42<\/td>\n<td scope=\"col\" align=\"center\">54<\/p>\n<p>54<\/p>\n<p>54<\/p>\n<p>54<\/td>\n<\/tr>\n<tr class=\"smalltext\">\n<td scope=\"col\" align=\"center\">42-6<\/p>\n<p>42-7<\/p>\n<p>42-8<\/td>\n<td scope=\"col\" align=\"center\">2<\/p>\n<p>2<\/p>\n<p>3<\/td>\n<td scope=\"col\" align=\"center\">1950<\/p>\n<p>2000<\/p>\n<p>2500<\/td>\n<td scope=\"col\" align=\"center\">42<\/p>\n<p>42<\/p>\n<p>42<\/td>\n<td scope=\"col\" align=\"center\">72<\/p>\n<p>84<\/p>\n<p>96<\/td>\n<td scope=\"col\" align=\"center\">10<\/p>\n<p>10<\/p>\n<p>10<\/td>\n<td scope=\"col\" align=\"center\">33<\/p>\n<p>33<\/p>\n<p>36<\/td>\n<td scope=\"col\" align=\"center\">48<\/p>\n<p>48<\/p>\n<p>48<\/td>\n<td scope=\"col\" align=\"center\">60<\/p>\n<p>60<\/p>\n<p>60<\/td>\n<\/tr>\n<tr class=\"smalltext\">\n<td scope=\"col\" align=\"center\">48-6<\/p>\n<p>48-7<\/p>\n<p>48-8<\/p>\n<p>48-9<\/td>\n<td scope=\"col\" align=\"center\">3<\/p>\n<p>3<\/p>\n<p>3<\/p>\n<p>3<\/td>\n<td scope=\"col\" align=\"center\">2500<\/p>\n<p>2600<\/p>\n<p>2700<\/p>\n<p>2800<\/td>\n<td scope=\"col\" align=\"center\">48<\/p>\n<p>48<\/p>\n<p>48<\/p>\n<p>48<\/td>\n<td scope=\"col\" align=\"center\">75<\/p>\n<p>84<\/p>\n<p>96<\/p>\n<p>108<\/td>\n<td scope=\"col\" align=\"center\">12<\/p>\n<p>12<\/p>\n<p>12<\/p>\n<p>12<\/td>\n<td scope=\"col\" align=\"center\">35<\/p>\n<p>35<\/p>\n<p>35<\/p>\n<p>35<\/td>\n<td scope=\"col\" align=\"center\">55<\/p>\n<p>55<\/p>\n<p>55<\/p>\n<p>55<\/td>\n<td scope=\"col\" align=\"center\">68<\/p>\n<p>68<\/p>\n<p>68<\/p>\n<p>68<\/td>\n<\/tr>\n<tr class=\"smalltext\">\n<td scope=\"col\" align=\"center\">60-7<\/p>\n<p>60-8<\/p>\n<p>60-9<\/p>\n<p>60-10<\/td>\n<td scope=\"col\" align=\"center\">5<\/p>\n<p>5<\/p>\n<p>5<\/p>\n<p>5<\/td>\n<td scope=\"col\" align=\"center\">4100<\/p>\n<p>4200<\/p>\n<p>5300<\/p>\n<p>5400<\/td>\n<td scope=\"col\" align=\"center\">60<\/p>\n<p>60<\/p>\n<p>60<\/p>\n<p>60<\/td>\n<td scope=\"col\" align=\"center\">84<\/p>\n<p>96<\/p>\n<p>108<\/p>\n<p>120<\/td>\n<td scope=\"col\" align=\"center\">15<\/p>\n<p>15<\/p>\n<p>15<\/p>\n<p>15<\/td>\n<td scope=\"col\" align=\"center\">34<\/p>\n<p>34<\/p>\n<p>34<\/p>\n<p>34<\/td>\n<td scope=\"col\" align=\"center\">68<\/p>\n<p>68<\/p>\n<p>68<\/p>\n<p>68<\/td>\n<td scope=\"col\" align=\"center\">80<\/p>\n<p>80<\/p>\n<p>80<\/p>\n<p>80<\/td>\n<\/tr>\n<tr class=\"smalltext\">\n<td scope=\"col\" align=\"center\">72-8<\/p>\n<p>72-9<\/p>\n<p>72-10<\/td>\n<td scope=\"col\" align=\"center\">5<\/p>\n<p>5<\/p>\n<p>5<\/td>\n<td scope=\"col\" align=\"center\">5400<\/p>\n<p>5500<\/p>\n<p>5600<\/td>\n<td scope=\"col\" align=\"center\">72<\/p>\n<p>72<\/p>\n<p>72<\/td>\n<td scope=\"col\" align=\"center\">96<\/p>\n<p>108<\/p>\n<p>120<\/td>\n<td scope=\"col\" align=\"center\">15<\/p>\n<p>15<\/p>\n<p>15<\/td>\n<td scope=\"col\" align=\"center\">34<\/p>\n<p>34<\/p>\n<p>34<\/td>\n<td scope=\"col\" align=\"center\">80<\/p>\n<p>80<\/p>\n<p>80<\/td>\n<td scope=\"col\" align=\"center\">90<\/p>\n<p>90<\/p>\n<p>90<\/td>\n<\/tr>\n<tr class=\"smalltext\">\n<td scope=\"col\" align=\"center\">84-10<\/p>\n<p>84-11<\/p>\n<p>84-12<\/td>\n<td scope=\"col\" align=\"center\">10<\/p>\n<p>10<\/p>\n<p>10<\/td>\n<td scope=\"col\" align=\"center\">6800<\/p>\n<p>7000<\/p>\n<p>7200<\/td>\n<td scope=\"col\" align=\"center\">84<\/p>\n<p>84<\/p>\n<p>84<\/td>\n<td scope=\"col\" align=\"center\">120<\/p>\n<p>132<\/p>\n<p>144<\/td>\n<td scope=\"col\" align=\"center\">15<\/p>\n<p>15<\/p>\n<p>15<\/td>\n<td scope=\"col\" align=\"center\">34<\/p>\n<p>34<\/p>\n<p>34<\/td>\n<td scope=\"col\" align=\"center\">92<\/p>\n<p>92<\/p>\n<p>92<\/td>\n<td scope=\"col\" align=\"center\">104<\/p>\n<p>104<\/p>\n<p>104<\/td>\n<\/tr>\n<tr class=\"smalltext\">\n<td scope=\"col\" align=\"center\">96-10<\/p>\n<p>96-12<\/p>\n<p>96-14<\/td>\n<td scope=\"col\" align=\"center\">10<\/p>\n<p>10<\/p>\n<p>10<\/td>\n<td scope=\"col\" align=\"center\">7200<\/p>\n<p>7600<\/p>\n<p>8000<\/td>\n<td scope=\"col\" align=\"center\">96<\/p>\n<p>96<\/p>\n<p>96<\/td>\n<td scope=\"col\" align=\"center\">120<\/p>\n<p>144<\/p>\n<p>168<\/td>\n<td scope=\"col\" align=\"center\">15<\/p>\n<p>15<\/p>\n<p>15<\/td>\n<td scope=\"col\" align=\"center\">34<\/p>\n<p>34<\/p>\n<p>34<\/td>\n<td scope=\"col\" align=\"center\">104<\/p>\n<p>104<\/p>\n<p>104<\/td>\n<td scope=\"col\" align=\"center\">116<\/p>\n<p>116<\/p>\n<p>116<\/td>\n<\/tr>\n<\/tbody>\n<\/table>\n<p>&nbsp;<\/p>\n<p>*Para realizar la instalaci\u00f3n, solicitar las dimensiones certificadas.<\/p>\n<p>Los tama\u00f1os y las capacidades se basan en valores anteriores de desempe\u00f1o. Contactar con GK para obtener la informaci\u00f3n espec\u00edfica de dimensionamiento para el material y la aplicaci\u00f3n en particular.<\/p>\n<p>FRC = R\u00e9gimen fijo | ARC = R\u00e9gimen ajustable<\/p>\n<p><img decoding=\"async\" alt=\"Tabla de capacidad del alimentador vibratorio\" src=\"https:\/\/www.generalkinematics.com\/wp-content\/uploads\/images\/vibratingfeeders\/images\/capacitychart.jpg\" width=\"425\" height=\"581\" align=\"right\" \/><\/p>\n","protected":false},"excerpt":{"rendered":"<p>ALIMENTADORES VIBRATORIOS PARA-MOUNT II\u00ae Tama\u00f1os est\u00e1ndar Alimentadores vibratorios | Activador Un-Coaler \/ Alimentadores | Informaci\u00f3n t\u00e9cnica | Piezas y Servicio &nbsp; Referencia del modelo del alimentador FRC y ARC Modelo A&quot;-B&apos; HP Peso aprox. Libras Dimensiones, Pulgadas* 18-5 18-6 18-7 18-8 3\/4 3\/4 3\/4 3\/4 900 950 1000 1050 18 18 18 18 60 72 [&hellip;]<\/p>\n","protected":false},"author":5,"featured_media":0,"parent":0,"menu_order":0,"comment_status":"open","ping_status":"open","template":"","meta":{"_acf_changed":false,"om_disable_all_campaigns":false,"ep_exclude_from_search":false,"footnotes":""},"class_list":["post-36090","page","type-page","status-publish","hentry"],"acf":[],"yoast_head":"<!-- This site is optimized with the Yoast SEO plugin v27.2 - https:\/\/yoast.com\/product\/yoast-seo-wordpress\/ -->\n<title>Tablas de tama\u00f1os del alimentador vibratorio<\/title>\n<meta name=\"robots\" content=\"index, follow, max-snippet:-1, max-image-preview:large, max-video-preview:-1\" \/>\n<link rel=\"canonical\" href=\"https:\/\/www.generalkinematics.com\/es\/tablas-de-tamanos-del-alimentador-vibratorio\/\" \/>\n<meta property=\"og:locale\" content=\"es_ES\" \/>\n<meta property=\"og:type\" content=\"article\" \/>\n<meta property=\"og:title\" content=\"Tablas de tama\u00f1os del alimentador vibratorio\" \/>\n<meta property=\"og:description\" content=\"ALIMENTADORES VIBRATORIOS PARA-MOUNT II\u00ae Tama\u00f1os est\u00e1ndar Alimentadores vibratorios | Activador Un-Coaler \/ Alimentadores | Informaci\u00f3n t\u00e9cnica | Piezas y Servicio &nbsp; Referencia del modelo del alimentador FRC y ARC Modelo A&quot;-B&amp;apos; HP Peso aprox. Libras Dimensiones, Pulgadas* 18-5 18-6 18-7 18-8 3\/4 3\/4 3\/4 3\/4 900 950 1000 1050 18 18 18 18 60 72 [&hellip;]\" \/>\n<meta property=\"og:url\" content=\"https:\/\/www.generalkinematics.com\/es\/tablas-de-tamanos-del-alimentador-vibratorio\/\" \/>\n<meta property=\"og:site_name\" content=\"General Kinematics\" \/>\n<meta property=\"article:publisher\" content=\"https:\/\/www.facebook.com\/generalkinematics\" \/>\n<meta property=\"article:modified_time\" content=\"2018-06-27T15:56:56+00:00\" \/>\n<meta property=\"og:image\" content=\"https:\/\/www.generalkinematics.com\/wp-content\/uploads\/2012\/05\/feedersizechart-1.png\" \/>\n<meta name=\"twitter:card\" content=\"summary_large_image\" \/>\n<meta name=\"twitter:site\" content=\"@gkvibrating\" \/>\n<meta name=\"twitter:label1\" content=\"Tiempo de lectura\" \/>\n\t<meta name=\"twitter:data1\" content=\"1 minuto\" \/>\n<!-- \/ Yoast SEO plugin. -->","yoast_head_json":{"title":"Tablas de tama\u00f1os del alimentador vibratorio","robots":{"index":"index","follow":"follow","max-snippet":"max-snippet:-1","max-image-preview":"max-image-preview:large","max-video-preview":"max-video-preview:-1"},"canonical":"https:\/\/www.generalkinematics.com\/es\/tablas-de-tamanos-del-alimentador-vibratorio\/","og_locale":"es_ES","og_type":"article","og_title":"Tablas de tama\u00f1os del alimentador vibratorio","og_description":"ALIMENTADORES VIBRATORIOS PARA-MOUNT II\u00ae Tama\u00f1os est\u00e1ndar Alimentadores vibratorios | Activador Un-Coaler \/ Alimentadores | Informaci\u00f3n t\u00e9cnica | Piezas y Servicio &nbsp; Referencia del modelo del alimentador FRC y ARC Modelo A&quot;-B&apos; HP Peso aprox. Libras Dimensiones, Pulgadas* 18-5 18-6 18-7 18-8 3\/4 3\/4 3\/4 3\/4 900 950 1000 1050 18 18 18 18 60 72 [&hellip;]","og_url":"https:\/\/www.generalkinematics.com\/es\/tablas-de-tamanos-del-alimentador-vibratorio\/","og_site_name":"General Kinematics","article_publisher":"https:\/\/www.facebook.com\/generalkinematics","article_modified_time":"2018-06-27T15:56:56+00:00","og_image":[{"url":"https:\/\/www.generalkinematics.com\/wp-content\/uploads\/2012\/05\/feedersizechart-1.png","type":"","width":"","height":""}],"twitter_card":"summary_large_image","twitter_site":"@gkvibrating","twitter_misc":{"Tiempo de lectura":"1 minuto"},"schema":{"@context":"https:\/\/schema.org","@graph":[{"@type":"WebPage","@id":"https:\/\/www.generalkinematics.com\/es\/tablas-de-tamanos-del-alimentador-vibratorio\/","url":"https:\/\/www.generalkinematics.com\/es\/tablas-de-tamanos-del-alimentador-vibratorio\/","name":"Tablas de tama\u00f1os del alimentador vibratorio","isPartOf":{"@id":"https:\/\/www.generalkinematics.com\/es\/#website"},"primaryImageOfPage":{"@id":"https:\/\/www.generalkinematics.com\/es\/tablas-de-tamanos-del-alimentador-vibratorio\/#primaryimage"},"image":{"@id":"https:\/\/www.generalkinematics.com\/es\/tablas-de-tamanos-del-alimentador-vibratorio\/#primaryimage"},"thumbnailUrl":"https:\/\/www.generalkinematics.com\/wp-content\/uploads\/2012\/05\/feedersizechart-1.png","datePublished":"2018-05-23T10:13:42+00:00","dateModified":"2018-06-27T15:56:56+00:00","breadcrumb":{"@id":"https:\/\/www.generalkinematics.com\/es\/tablas-de-tamanos-del-alimentador-vibratorio\/#breadcrumb"},"inLanguage":"es","potentialAction":[{"@type":"ReadAction","target":["https:\/\/www.generalkinematics.com\/es\/tablas-de-tamanos-del-alimentador-vibratorio\/"]}]},{"@type":"ImageObject","inLanguage":"es","@id":"https:\/\/www.generalkinematics.com\/es\/tablas-de-tamanos-del-alimentador-vibratorio\/#primaryimage","url":"https:\/\/www.generalkinematics.com\/wp-content\/uploads\/2012\/05\/feedersizechart-1.png","contentUrl":"https:\/\/www.generalkinematics.com\/wp-content\/uploads\/2012\/05\/feedersizechart-1.png"},{"@type":"BreadcrumbList","@id":"https:\/\/www.generalkinematics.com\/es\/tablas-de-tamanos-del-alimentador-vibratorio\/#breadcrumb","itemListElement":[{"@type":"ListItem","position":1,"name":"GK Home","item":"https:\/\/www.generalkinematics.com\/es\/"},{"@type":"ListItem","position":2,"name":"Tablas de tama\u00f1os del alimentador vibratorio"}]},{"@type":"WebSite","@id":"https:\/\/www.generalkinematics.com\/es\/#website","url":"https:\/\/www.generalkinematics.com\/es\/","name":"General Kinematics","description":"","publisher":{"@id":"https:\/\/www.generalkinematics.com\/es\/#organization"},"potentialAction":[{"@type":"SearchAction","target":{"@type":"EntryPoint","urlTemplate":"https:\/\/www.generalkinematics.com\/es\/?s={search_term_string}"},"query-input":{"@type":"PropertyValueSpecification","valueRequired":true,"valueName":"search_term_string"}}],"inLanguage":"es"},{"@type":"Organization","@id":"https:\/\/www.generalkinematics.com\/es\/#organization","name":"General Kinematics","url":"https:\/\/www.generalkinematics.com\/es\/","logo":{"@type":"ImageObject","inLanguage":"es","@id":"https:\/\/www.generalkinematics.com\/es\/#\/schema\/logo\/image\/","url":"https:\/\/media.generalkinematics.com\/wp-content\/uploads\/2018\/03\/logo.png","contentUrl":"https:\/\/media.generalkinematics.com\/wp-content\/uploads\/2018\/03\/logo.png","width":313,"height":100,"caption":"General Kinematics"},"image":{"@id":"https:\/\/www.generalkinematics.com\/es\/#\/schema\/logo\/image\/"},"sameAs":["https:\/\/www.facebook.com\/generalkinematics","https:\/\/x.com\/gkvibrating"]}]}},"_links":{"self":[{"href":"https:\/\/www.generalkinematics.com\/es\/wp-json\/wp\/v2\/pages\/36090","targetHints":{"allow":["GET"]}}],"collection":[{"href":"https:\/\/www.generalkinematics.com\/es\/wp-json\/wp\/v2\/pages"}],"about":[{"href":"https:\/\/www.generalkinematics.com\/es\/wp-json\/wp\/v2\/types\/page"}],"author":[{"embeddable":true,"href":"https:\/\/www.generalkinematics.com\/es\/wp-json\/wp\/v2\/users\/5"}],"replies":[{"embeddable":true,"href":"https:\/\/www.generalkinematics.com\/es\/wp-json\/wp\/v2\/comments?post=36090"}],"version-history":[{"count":0,"href":"https:\/\/www.generalkinematics.com\/es\/wp-json\/wp\/v2\/pages\/36090\/revisions"}],"wp:attachment":[{"href":"https:\/\/www.generalkinematics.com\/es\/wp-json\/wp\/v2\/media?parent=36090"}],"curies":[{"name":"wp","href":"https:\/\/api.w.org\/{rel}","templated":true}]}}