{"id":36092,"date":"2012-05-06T16:34:57","date_gmt":"2012-05-06T21:34:57","guid":{"rendered":"https:\/\/www.generalkinematics.com\/sistema-de-calidad\/"},"modified":"2018-08-29T15:57:20","modified_gmt":"2018-08-29T20:57:20","slug":"sistema-de-calidad","status":"publish","type":"page","link":"https:\/\/www.generalkinematics.com\/es\/sistema-de-calidad\/","title":{"rendered":"Sistema de calidad"},"content":{"rendered":"<h1>COMPROMISO DE GK CON LA CALIDAD<\/h1>\n<h2>Certificada conforme a la norma ISO 9001:2015 para ofrecer productos, procesos y satisfacci\u00f3n a los clientes de calidad superior.<\/h2>\n<p>&nbsp;<\/p>\n<p>&nbsp;<\/p>\n<h2>MEJORA CONTINUA<\/h2>\n<p>General Kinematics est\u00e1 comprometida en ofrecer productos y servicios de calidad, dise\u00f1ados y elaborados para satisfacer los requisitos de nuestros clientes. Nuestra gesti\u00f3n se basa en la filosof\u00eda de <em>mejora continua<\/em> con un enfoque en la <em>calidad <\/em>como la dimensi\u00f3n principal de la empresa.<\/p>\n<p class=\"bodytext\" align=\"left\"><span style=\"text-decoration: underline;\"><strong>Enfoque en el cliente<\/strong><\/span><\/p>\n<p>Calidad no es un departamento dentro del organigrama de General Kinematics; los requisitos asociados a la calidad est\u00e1n integrados en todos nuestros procesos e impregnan nuestra cultura: en GK, todas las personas son responsables de la calidad de nuestros productos y servicios. Nos centramos en nuestros clientes, porque solo ellos pueden definir el valor y calidad. Necesitamos que nuestros clientes comuniquen sus ideas, requisitos y preocupaciones y, por consiguiente, medimos el desempe\u00f1o de calidad a trav\u00e9s de la <em>satisfacci\u00f3n del cliente<\/em>.<\/p>\n<p class=\"bodytext\" align=\"left\"><span style=\"text-decoration: underline;\"><strong>Mejora de procesos<\/strong><\/span><\/p>\n<p>General Kinematics ha invertido en gran medida en equipos, instalaciones e inventario, sin embargo, esta inversi\u00f3n no garantiza el \u00e9xito de nuestra empresa &#8211; NUESTRO PERSONAL S\u00cd LO HACE. Nos impulsa la b\u00fasqueda de la mejora continua en todas nuestras operaciones, y la mejora de la calidad se alcanza a trav\u00e9s de los expertos: <em>los<\/em> <em>trabajadores que est\u00e1n m\u00e1s vinculados a los procesos.<\/em> Nuestros equipos analizan <em>la forma<\/em> como se realizan las tareas en lugar de simplemente valorar <em>qu\u00e9<\/em> es lo que se logra con las tareas para eliminar el desperdicio y la variaci\u00f3n y mantener el lugar de trabajo organizado y seguro. Tambi\u00e9n exigimos la participaci\u00f3n de nuestros subcontratistas y proveedores en nuestras actividades de mejora y les impartimos cursos de formaci\u00f3n para que realicen sus actividades conforme a nuestras normas de calidad.<\/p>\n<p class=\"bodytext\" align=\"left\"><span style=\"text-decoration: underline;\"><strong>Certificaci\u00f3n de registro ISO 9001:2015<\/strong><\/span><\/p>\n<p>La inspecci\u00f3n de los <em>procesos <\/em>es tan importante como la inspecci\u00f3n de los <em>productos<\/em>. General Kinematics sigue demostrando su compromiso con la calidad manteniendo el registro con la norma ISO 9001 y, en 2010, completamos la recertificaci\u00f3n con la norma m\u00e1s reciente ISO 9001:2015. ISO 9001 es la norma reconocida a nivel internacional para la gesti\u00f3n de calidad de las empresas. Esta norma sirve de apoyo para nuestros objetivos de mejora continua, adem\u00e1s de ofrecer una normativa que los clientes reconocen y, a trav\u00e9s de la cual podemos contratar agencias externas para auditar nuestros sistemas de calidad.<\/p>\n<p class=\"bodytext\" align=\"left\">La calidad suele definirse simplemente como \u00abla satisfacci\u00f3n o superaci\u00f3n de los requisitos de los clientes\u00bb, y en General Kinematics entendemos esto porque&#8230; los requisitos de los clientes seguir\u00e1n cambiando y siempre habr\u00e1 formas para perfeccionar nuestros procesos, productos y servicios&#8230; la gesti\u00f3n de calidad nunca se realiza &#8211; en realidad, es un proceso constante de mejora continua.<\/p>\n<p><a href=\"https:\/\/www.generalkinematics.com\/wp-content\/uploads\/2018\/08\/ISO-CERTIFICATE-2018-2021.pdf\" target=\"_blank\" rel=\"noopener\"><img decoding=\"async\" class=\"alignleft wp-image-42708 size-medium\" src=\"https:\/\/www.generalkinematics.com\/wp-content\/uploads\/2018\/08\/Capture-390x303.png\" alt=\"\" width=\"390\" height=\"303\" srcset=\"https:\/\/www.generalkinematics.com\/wp-content\/uploads\/2018\/08\/Capture-390x303.png 390w, https:\/\/www.generalkinematics.com\/wp-content\/uploads\/2018\/08\/Capture-768x596.png 768w, https:\/\/www.generalkinematics.com\/wp-content\/uploads\/2018\/08\/Capture-1024x795.png 1024w, https:\/\/www.generalkinematics.com\/wp-content\/uploads\/2018\/08\/Capture-300x233.png 300w, https:\/\/www.generalkinematics.com\/wp-content\/uploads\/2018\/08\/Capture.png 1176w\" sizes=\"(max-width: 639px) 98vw, (max-width: 1199px) 64vw, 390px\" \/><\/a><\/p>\n<p><span class=\"bodytext14\"><a href=\"https:\/\/www.generalkinematics.com\/wp-content\/uploads\/2018\/08\/ISO-CERTIFICATE-2018-2021.pdf\" target=\"_blank\" rel=\"noopener\">Haga clic aqu\u00ed para ver nuestra \u00faltima certificaci\u00f3n ISO<\/a><\/span><\/p>\n","protected":false},"excerpt":{"rendered":"<p>COMPROMISO DE GK CON LA CALIDAD Certificada conforme a la norma ISO 9001:2015 para ofrecer productos, procesos y satisfacci\u00f3n a los clientes de calidad superior. &nbsp; &nbsp; MEJORA CONTINUA General Kinematics est\u00e1 comprometida en ofrecer productos y servicios de calidad, dise\u00f1ados y elaborados para satisfacer los requisitos de nuestros clientes. Nuestra gesti\u00f3n se basa en [&hellip;]<\/p>\n","protected":false},"author":5,"featured_media":0,"parent":0,"menu_order":0,"comment_status":"closed","ping_status":"closed","template":"","meta":{"_acf_changed":false,"om_disable_all_campaigns":false,"ep_exclude_from_search":false,"footnotes":""},"class_list":["post-36092","page","type-page","status-publish","hentry"],"acf":[],"yoast_head":"<!-- This site is optimized with the Yoast SEO plugin v27.2 - https:\/\/yoast.com\/product\/yoast-seo-wordpress\/ -->\n<title>Sistema de calidad<\/title>\n<meta name=\"robots\" content=\"index, follow, max-snippet:-1, max-image-preview:large, max-video-preview:-1\" \/>\n<link rel=\"canonical\" href=\"https:\/\/www.generalkinematics.com\/es\/sistema-de-calidad\/\" \/>\n<meta property=\"og:locale\" content=\"es_ES\" \/>\n<meta property=\"og:type\" content=\"article\" \/>\n<meta property=\"og:title\" content=\"Sistema de calidad\" \/>\n<meta property=\"og:description\" content=\"COMPROMISO DE GK CON LA CALIDAD Certificada conforme a la norma ISO 9001:2015 para ofrecer productos, procesos y satisfacci\u00f3n a los clientes de calidad superior. &nbsp; &nbsp; MEJORA CONTINUA General Kinematics est\u00e1 comprometida en ofrecer productos y servicios de calidad, dise\u00f1ados y elaborados para satisfacer los requisitos de nuestros clientes. Nuestra gesti\u00f3n se basa en [&hellip;]\" \/>\n<meta property=\"og:url\" content=\"https:\/\/www.generalkinematics.com\/es\/sistema-de-calidad\/\" \/>\n<meta property=\"og:site_name\" content=\"General Kinematics\" \/>\n<meta property=\"article:publisher\" content=\"https:\/\/www.facebook.com\/generalkinematics\" \/>\n<meta property=\"article:modified_time\" content=\"2018-08-29T20:57:20+00:00\" \/>\n<meta property=\"og:image\" content=\"https:\/\/www.generalkinematics.com\/wp-content\/uploads\/2018\/08\/Capture-390x303.png\" \/>\n<meta name=\"twitter:card\" content=\"summary_large_image\" \/>\n<meta name=\"twitter:site\" content=\"@gkvibrating\" \/>\n<meta name=\"twitter:label1\" content=\"Tiempo de lectura\" \/>\n\t<meta name=\"twitter:data1\" content=\"2 minutos\" \/>\n<!-- \/ Yoast SEO plugin. -->","yoast_head_json":{"title":"Sistema de calidad","robots":{"index":"index","follow":"follow","max-snippet":"max-snippet:-1","max-image-preview":"max-image-preview:large","max-video-preview":"max-video-preview:-1"},"canonical":"https:\/\/www.generalkinematics.com\/es\/sistema-de-calidad\/","og_locale":"es_ES","og_type":"article","og_title":"Sistema de calidad","og_description":"COMPROMISO DE GK CON LA CALIDAD Certificada conforme a la norma ISO 9001:2015 para ofrecer productos, procesos y satisfacci\u00f3n a los clientes de calidad superior. &nbsp; &nbsp; MEJORA CONTINUA General Kinematics est\u00e1 comprometida en ofrecer productos y servicios de calidad, dise\u00f1ados y elaborados para satisfacer los requisitos de nuestros clientes. Nuestra gesti\u00f3n se basa en [&hellip;]","og_url":"https:\/\/www.generalkinematics.com\/es\/sistema-de-calidad\/","og_site_name":"General Kinematics","article_publisher":"https:\/\/www.facebook.com\/generalkinematics","article_modified_time":"2018-08-29T20:57:20+00:00","og_image":[{"url":"https:\/\/www.generalkinematics.com\/wp-content\/uploads\/2018\/08\/Capture-390x303.png","type":"","width":"","height":""}],"twitter_card":"summary_large_image","twitter_site":"@gkvibrating","twitter_misc":{"Tiempo de lectura":"2 minutos"},"schema":{"@context":"https:\/\/schema.org","@graph":[{"@type":"WebPage","@id":"https:\/\/www.generalkinematics.com\/es\/sistema-de-calidad\/","url":"https:\/\/www.generalkinematics.com\/es\/sistema-de-calidad\/","name":"Sistema de calidad","isPartOf":{"@id":"https:\/\/www.generalkinematics.com\/es\/#website"},"primaryImageOfPage":{"@id":"https:\/\/www.generalkinematics.com\/es\/sistema-de-calidad\/#primaryimage"},"image":{"@id":"https:\/\/www.generalkinematics.com\/es\/sistema-de-calidad\/#primaryimage"},"thumbnailUrl":"https:\/\/www.generalkinematics.com\/wp-content\/uploads\/2018\/08\/Capture-390x303.png","datePublished":"2012-05-06T21:34:57+00:00","dateModified":"2018-08-29T20:57:20+00:00","breadcrumb":{"@id":"https:\/\/www.generalkinematics.com\/es\/sistema-de-calidad\/#breadcrumb"},"inLanguage":"es","potentialAction":[{"@type":"ReadAction","target":["https:\/\/www.generalkinematics.com\/es\/sistema-de-calidad\/"]}]},{"@type":"ImageObject","inLanguage":"es","@id":"https:\/\/www.generalkinematics.com\/es\/sistema-de-calidad\/#primaryimage","url":"https:\/\/www.generalkinematics.com\/wp-content\/uploads\/2018\/08\/Capture-390x303.png","contentUrl":"https:\/\/www.generalkinematics.com\/wp-content\/uploads\/2018\/08\/Capture-390x303.png"},{"@type":"BreadcrumbList","@id":"https:\/\/www.generalkinematics.com\/es\/sistema-de-calidad\/#breadcrumb","itemListElement":[{"@type":"ListItem","position":1,"name":"GK Home","item":"https:\/\/www.generalkinematics.com\/es\/"},{"@type":"ListItem","position":2,"name":"Sistema de calidad"}]},{"@type":"WebSite","@id":"https:\/\/www.generalkinematics.com\/es\/#website","url":"https:\/\/www.generalkinematics.com\/es\/","name":"General Kinematics","description":"","publisher":{"@id":"https:\/\/www.generalkinematics.com\/es\/#organization"},"potentialAction":[{"@type":"SearchAction","target":{"@type":"EntryPoint","urlTemplate":"https:\/\/www.generalkinematics.com\/es\/?s={search_term_string}"},"query-input":{"@type":"PropertyValueSpecification","valueRequired":true,"valueName":"search_term_string"}}],"inLanguage":"es"},{"@type":"Organization","@id":"https:\/\/www.generalkinematics.com\/es\/#organization","name":"General Kinematics","url":"https:\/\/www.generalkinematics.com\/es\/","logo":{"@type":"ImageObject","inLanguage":"es","@id":"https:\/\/www.generalkinematics.com\/es\/#\/schema\/logo\/image\/","url":"https:\/\/media.generalkinematics.com\/wp-content\/uploads\/2018\/03\/logo.png","contentUrl":"https:\/\/media.generalkinematics.com\/wp-content\/uploads\/2018\/03\/logo.png","width":313,"height":100,"caption":"General Kinematics"},"image":{"@id":"https:\/\/www.generalkinematics.com\/es\/#\/schema\/logo\/image\/"},"sameAs":["https:\/\/www.facebook.com\/generalkinematics","https:\/\/x.com\/gkvibrating"]}]}},"_links":{"self":[{"href":"https:\/\/www.generalkinematics.com\/es\/wp-json\/wp\/v2\/pages\/36092","targetHints":{"allow":["GET"]}}],"collection":[{"href":"https:\/\/www.generalkinematics.com\/es\/wp-json\/wp\/v2\/pages"}],"about":[{"href":"https:\/\/www.generalkinematics.com\/es\/wp-json\/wp\/v2\/types\/page"}],"author":[{"embeddable":true,"href":"https:\/\/www.generalkinematics.com\/es\/wp-json\/wp\/v2\/users\/5"}],"replies":[{"embeddable":true,"href":"https:\/\/www.generalkinematics.com\/es\/wp-json\/wp\/v2\/comments?post=36092"}],"version-history":[{"count":0,"href":"https:\/\/www.generalkinematics.com\/es\/wp-json\/wp\/v2\/pages\/36092\/revisions"}],"wp:attachment":[{"href":"https:\/\/www.generalkinematics.com\/es\/wp-json\/wp\/v2\/media?parent=36092"}],"curies":[{"name":"wp","href":"https:\/\/api.w.org\/{rel}","templated":true}]}}