{"id":36093,"date":"2012-05-08T19:26:26","date_gmt":"2012-05-09T00:26:26","guid":{"rendered":"https:\/\/www.generalkinematics.com\/informacion-legal-y-sobre-privacidad\/"},"modified":"2018-08-31T09:05:53","modified_gmt":"2018-08-31T14:05:53","slug":"informacion-legal-y-sobre-privacidad","status":"publish","type":"page","link":"https:\/\/www.generalkinematics.com\/es\/informacion-legal-y-sobre-privacidad\/","title":{"rendered":"Informaci\u00f3n legal y sobre privacidad"},"content":{"rendered":"<p>General Kinematics Corporation mantiene todos los derechos de autor de los textos, im\u00e1genes gr\u00e1ficas y el software de propiedad de General Kinematics Corporation y por la presente, le autoriza a copiar de manera electr\u00f3nica los documentos publicados en este documento, \u00fanicamente para transmitir o visualizar la informaci\u00f3n. Usted no puede replicar, modificar o de otra forma alterar los archivos contenidos en este sitio web para retransmitir o imprimir la informaci\u00f3n contenida en el sitio, sin la autorizaci\u00f3n escrita de General Kinematics Corporation. A excepci\u00f3n de lo que se dispone anteriormente de forma expresa, ninguna parte del contenido del presente documento se interpretar\u00e1 como el otorgamiento de una licencia o derecho en virtud de ning\u00fan derecho de autor, patente o marca comercial de General Kinematics Corporation.<\/p>\n<p>General Kinematics Corporation, sus respectivos logotipos, al igual que la identidad corporativa y de los productos utilizados en la presente, son marcas comerciales de General Kinematics Corporation y no pueden usarse sin autorizaci\u00f3n. General Kinematics Corporation es una marca comercial registrada de General Kinematics Corporation 5050 Rickert Rd., Crystal Lake, IL 60014.<\/p>\n<h2>AVISOS LEGALES<\/h2>\n<p>La informaci\u00f3n de esta publicaci\u00f3n, incluido el texto, las im\u00e1genes y los v\u00ednculos, ES PROPORCIONADA POR GENERAL KINEMATICS CORPORATION \u00abTAL Y COMO SE ENCUENTRA\u00bb A SUS DISTRIBUIDORES Y CLIENTES SIN GARANT\u00cdA DE NING\u00daN TIPO, BIEN SEA EXPRESA O IMPL\u00cdCITA, INCLUIDAS, ENTRE OTRAS, LAS GARANT\u00cdAS IMPL\u00cdCITAS DE COMERCIABILIDAD E IDONEIDAD PARA UN PROP\u00d3SITO PARTICULAR, O DE NO INFRACCI\u00d3N. General Kinematics Corporation no asume ninguna responsabilidad por los errores u omisiones de esta publicaci\u00f3n o de otros documentos a los que se haga referencia o est\u00e9n vinculados a trav\u00e9s de esta publicaci\u00f3n. Esta publicaci\u00f3n puede incluir inexactitudes t\u00e9cnicas o de otro tipo, y no todos los productos o servicios a los que se hace referencia en el presente documento est\u00e1n disponibles en todas las \u00e1reas. Peri\u00f3dicamente se realizan cambios a la informaci\u00f3n y General Kinematics Corporation puede cambiar en cualquier momento los productos o servicios que se describen en esta publicaci\u00f3n. P\u00f3ngase en contacto con su distribuidor local de General Kinematics Corporation para obtener m\u00e1s informaci\u00f3n antes de basarse en la informaci\u00f3n contenida en el presente documento.<\/p>\n<p>Si decide responder directamente a General Kinematics Corporation con comentarios, preguntas, sugerencias, e ideas o aspectos semejantes relacionados con este sitio web o los productos y servicios de General Kinematics Corporation, usted acepta que dicha informaci\u00f3n ha de considerarse no confidencial y General Kinematics Corporation no tiene ninguna obligaci\u00f3n de responder y podr\u00e1 reproducir, usar, divulgar y distribuir libremente la informaci\u00f3n a terceros sin ninguna limitaci\u00f3n, que incluye, aunque no taxativamente, el desarrollo, la fabricaci\u00f3n y la comercializaci\u00f3n de productos que incorporen dicha informaci\u00f3n.<\/p>\n<h2>DECLARACI\u00d3N SOBRE PRIVACIDAD DEL SITIO WEB<\/h2>\n<p>General Kinematics Corporation est\u00e1 comprometida en ofrecer a los clientes, distribuidores y proveedores productos y servicios que aporten el mejor valor en el terreno y en l\u00ednea. Hemos solicitado sus datos personales de identificaci\u00f3n y, por consiguiente, queremos que sepa c\u00f3mo se utilizar\u00e1n.<\/p>\n<p><strong><a title=\"Pol\u00edtica sobre privacidad\" href=\"https:\/\/www.generalkinematics.com\/es\/politica-de-privacidad\/\" target=\"_blank\" rel=\"noopener\">Consulte aqu\u00ed toda nuestra Pol\u00edtica sobre privacidad.<\/a><\/strong><\/p>\n<h2>AGENTE DE DERECHOS DE AUTOR<\/h2>\n<p>\u00a92018 General Kinematics Corp. Todos los derechos reservados.<\/p>\n<p>General Kinematics Corporation respeta los derechos de todos los titulares del copyright y en este sentido, General Kinematics Corporation ha adoptado e implementado una pol\u00edtica que contempla el retiro de su sitio web de los materiales que infrinjan los derechos de titulares de derecho de autor. Si cree que su trabajo ha sido copiado de forma que constituya una infracci\u00f3n de sus derechos de autor, s\u00edrvase proporcionar al Agente de derechos de autor de General Kinematics Corporation la siguiente informaci\u00f3n que exige la Ley de limitaci\u00f3n de responsabilidad por infracci\u00f3n a los derechos de autor en l\u00ednea de la Ley de derecho de autor digital del milenio, 17 U.S.C. 512:\u00a0Una firma f\u00edsica o electr\u00f3nica de una persona autorizada para actuar en nombre del propietario de un derecho exclusivo presuntamente vulnerado; La identificaci\u00f3n del trabajo reclamado cuyos derechos de autor han sido vulnerados, o, si se tratase de varios trabajos con derechos de autor en un solo sitio en l\u00ednea que estuviesen cubiertos por una sola notificaci\u00f3n, una lista representativa de dichos trabajos presentes en el sitio en cuesti\u00f3n; La identificaci\u00f3n del material que es objeto del reclamo por infracci\u00f3n o ser\u00e1 objeto de la actividad infractora y que ha de eliminarse o cuyo acceso ha de deshabilitarse, e informaci\u00f3n razonablemente suficiente que nos permita contactar a la parte reclamante; Una declaraci\u00f3n en la que se exprese que la parte reclamante cree de buena fe que el uso del material en la forma reclamada, no est\u00e1 autorizado por el titular de los derechos de autor, su agente o la ley; y Una declaraci\u00f3n en la que se exprese que la informaci\u00f3n de la notificaci\u00f3n es precisa, y bajo pena por perjurio, que la parte reclamante est\u00e1 autorizada para actuar en nombre del titular de un derecho exclusivo que se presuma vulnerado.<\/p>\n<h2>MARCAS COMERCIALES DE GENERAL KINEMATICS<\/h2>\n<ul>\n<li>Sistemas de reciclaje CD-EXPRESS\u00ae<\/li>\n<li>Sistemas de reciclaje CD-XL\u2122<\/li>\n<li>Clasificador neum\u00e1tico DE-STONER\u00ae<\/li>\n<li>Tambores de medio rotatorios DUCTA-CLEAN\u00ae<\/li>\n<li>Tambores rotatorios DUCTA-COOL\u2122<\/li>\n<li>Desmoldeadoras rotatorias DUCTA-SCREEN\u2122<\/li>\n<li>Tambores de fundici\u00f3n rotatorios DUCTA-SERIES\u2122<\/li>\n<li>Molinos de colada rotatorios DUCTA-SPRUE\u00ae<\/li>\n<li>Separador vibratorio FINGER-SCREEN\u2122<\/li>\n<li>Equipo vibratorio GENERAL KINEMATICS\u00ae (ver el dise\u00f1o)<\/li>\n<li>GENERAL KINEMATICS CORPORATION\u00ae (ver el dise\u00f1o)<\/li>\n<li>Piezas de repuesto GKPARTS.COM\u00ae (ver el dise\u00f1o)<\/li>\n<li>Equipo vibratorio GK\u2122 \u2013 logo del \u00edcono (ver el dise\u00f1o)<\/li>\n<li>Activador de silos HULA-HOPPER\u00ae<\/li>\n<li>Equipo vibratorio GENERAL KINEMATICS\u00ae<\/li>\n<li>Cinta transportadora vibratoria KWIXTROK\u2122<\/li>\n<li>Sistemas de reciclaje MINI-MRF\u2122<\/li>\n<li>Criba vibratoria OMNI-SCREENER\u2122<\/li>\n<li>Alimentadores vibratorios PARA-MOUNT\u00ae<\/li>\n<li><span style=\"line-height: 1.5;\">Alimentadores vibratorios PARA-MOUNT II\u00ae<\/span><\/li>\n<li><span style=\"line-height: 1.5;\">Alimentadores vibratorios PARA-MOUNT III\u2122<\/span><\/li>\n<li><span style=\"line-height: 1.5;\">Alimentadores vibratorios PARA-MOUNT IV\u2122<\/span><\/li>\n<li><span style=\"line-height: 1.5;\">Cintas transportadoras de enfriamiento de piezas fundidas SPIRA-COOL\u00ae<\/span><\/li>\n<li><span style=\"line-height: 1.5;\">Adici\u00f3n de agua SPRAY-COOL\u2122<\/span><\/li>\n<li><span style=\"line-height: 1.5;\">Cribas de trabajo pesado STM-SERIES\u00ae<\/span><\/li>\n<li><span style=\"line-height: 1.5;\">Cribas vibratorias de doble masa STM-SCREEN\u2122<\/span><\/li>\n<li><span style=\"line-height: 1.5;\">Criba vibratoria SXS SCREEN\u00ae<\/span><\/li>\n<li><span style=\"line-height: 1.5;\">Transmisi\u00f3n de cinta transportadora vibratoria SYNCRO-COIL\u00ae<\/span><\/li>\n<li><span style=\"line-height: 1.5;\">Transmisi\u00f3n de cinta transportadora vibratoria SYNCRO-FLEX\u00ae<\/span><\/li>\n<li><span style=\"line-height: 1.5;\">Transmisi\u00f3n de cinta transportadora vibratoria SYNCRO SHEAR\u00ae (gui\u00f3n por colocar)<\/span><\/li>\n<li>Cinta transportadora vibratoria TRENCHVEYOR\u2122<\/li>\n<li><span style=\"line-height: 1.5;\">Alimentador bidireccional TWO-WAY\u2122<\/span><\/li>\n<li><span style=\"line-height: 1.5;\">Activador \/ Alimentador UN-COALER\u00ae<\/span><\/li>\n<li><span style=\"line-height: 1.5;\">Cinta transportadora vibratoria VIBRA-BELT\u00ae<\/span><\/li>\n<li>Desmoldeadora \/ Molino de atrici\u00f3n VIBRA-CLAIM\u00ae<\/li>\n<li><span style=\"line-height: 1.5;\">Tambor de medios vibratorio VIBRA-CLEAN\u2122<\/span><\/li>\n<li>Acondicionador de arena y fundici\u00f3n VIBRA-DRUM\u00ae<\/li>\n<li>Enfriador de material en cantidad VIBRA-FIN\u2122<\/li>\n<li><span style=\"line-height: 1.5;\">Activador \/ Alimentador VIBRA-FLOW\u2122<\/span><\/li>\n<li><span style=\"line-height: 1.5;\">Motores vibratorios VIBRA-MAX\u00ae<\/span><\/li>\n<li><span style=\"line-height: 1.5;\">Recuperador de arena VIBRA-MILL\u00ae<\/span><\/li>\n<li><span style=\"line-height: 1.5;\">Densificador de contenedores de transporte VIBRA-PACK\u2122<\/span><\/li>\n<li><span style=\"line-height: 1.5;\">Cinta transportadora inclinada vibratoria V-TROUGH\u00ae<\/span><\/li>\n<\/ul>\n","protected":false},"excerpt":{"rendered":"<p>General Kinematics Corporation mantiene todos los derechos de autor de los textos, im\u00e1genes gr\u00e1ficas y el software de propiedad de General Kinematics Corporation y por la presente, le autoriza a copiar de manera electr\u00f3nica los documentos publicados en este documento, \u00fanicamente para transmitir o visualizar la informaci\u00f3n. Usted no puede replicar, modificar o de otra [&hellip;]<\/p>\n","protected":false},"author":5,"featured_media":0,"parent":0,"menu_order":0,"comment_status":"open","ping_status":"closed","template":"","meta":{"_acf_changed":false,"om_disable_all_campaigns":false,"ep_exclude_from_search":false,"footnotes":""},"class_list":["post-36093","page","type-page","status-publish","hentry"],"acf":[],"yoast_head":"<!-- This site is optimized with the Yoast SEO plugin v27.2 - https:\/\/yoast.com\/product\/yoast-seo-wordpress\/ -->\n<title>Informaci\u00f3n legal y sobre privacidad | General Kinematics<\/title>\n<meta name=\"robots\" content=\"index, follow, max-snippet:-1, max-image-preview:large, max-video-preview:-1\" \/>\n<link rel=\"canonical\" href=\"https:\/\/www.generalkinematics.com\/es\/informacion-legal-y-sobre-privacidad\/\" \/>\n<meta property=\"og:locale\" content=\"es_ES\" \/>\n<meta property=\"og:type\" content=\"article\" \/>\n<meta property=\"og:title\" content=\"Informaci\u00f3n legal y sobre privacidad | General Kinematics\" \/>\n<meta property=\"og:description\" content=\"General Kinematics Corporation mantiene todos los derechos de autor de los textos, im\u00e1genes gr\u00e1ficas y el software de propiedad de General Kinematics Corporation y por la presente, le autoriza a copiar de manera electr\u00f3nica los documentos publicados en este documento, \u00fanicamente para transmitir o visualizar la informaci\u00f3n. Usted no puede replicar, modificar o de otra [&hellip;]\" \/>\n<meta property=\"og:url\" content=\"https:\/\/www.generalkinematics.com\/es\/informacion-legal-y-sobre-privacidad\/\" \/>\n<meta property=\"og:site_name\" content=\"General Kinematics\" \/>\n<meta property=\"article:publisher\" content=\"https:\/\/www.facebook.com\/generalkinematics\" \/>\n<meta property=\"article:modified_time\" content=\"2018-08-31T14:05:53+00:00\" \/>\n<meta property=\"og:image\" content=\"https:\/\/media.generalkinematics.com\/wp-content\/uploads\/2017\/07\/GK-Icon.png\" \/>\n\t<meta property=\"og:image:width\" content=\"3000\" \/>\n\t<meta property=\"og:image:height\" content=\"3000\" \/>\n\t<meta property=\"og:image:type\" content=\"image\/jpeg\" \/>\n<meta name=\"twitter:card\" content=\"summary_large_image\" \/>\n<meta name=\"twitter:site\" content=\"@gkvibrating\" \/>\n<meta name=\"twitter:label1\" content=\"Tiempo de lectura\" \/>\n\t<meta name=\"twitter:data1\" content=\"5 minutos\" \/>\n<!-- \/ Yoast SEO plugin. -->","yoast_head_json":{"title":"Informaci\u00f3n legal y sobre privacidad | General Kinematics","robots":{"index":"index","follow":"follow","max-snippet":"max-snippet:-1","max-image-preview":"max-image-preview:large","max-video-preview":"max-video-preview:-1"},"canonical":"https:\/\/www.generalkinematics.com\/es\/informacion-legal-y-sobre-privacidad\/","og_locale":"es_ES","og_type":"article","og_title":"Informaci\u00f3n legal y sobre privacidad | General Kinematics","og_description":"General Kinematics Corporation mantiene todos los derechos de autor de los textos, im\u00e1genes gr\u00e1ficas y el software de propiedad de General Kinematics Corporation y por la presente, le autoriza a copiar de manera electr\u00f3nica los documentos publicados en este documento, \u00fanicamente para transmitir o visualizar la informaci\u00f3n. Usted no puede replicar, modificar o de otra [&hellip;]","og_url":"https:\/\/www.generalkinematics.com\/es\/informacion-legal-y-sobre-privacidad\/","og_site_name":"General Kinematics","article_publisher":"https:\/\/www.facebook.com\/generalkinematics","article_modified_time":"2018-08-31T14:05:53+00:00","og_image":[{"width":3000,"height":3000,"url":"https:\/\/media.generalkinematics.com\/wp-content\/uploads\/2017\/07\/GK-Icon.png","type":"image\/jpeg"}],"twitter_card":"summary_large_image","twitter_site":"@gkvibrating","twitter_misc":{"Tiempo de lectura":"5 minutos"},"schema":{"@context":"https:\/\/schema.org","@graph":[{"@type":"WebPage","@id":"https:\/\/www.generalkinematics.com\/es\/informacion-legal-y-sobre-privacidad\/","url":"https:\/\/www.generalkinematics.com\/es\/informacion-legal-y-sobre-privacidad\/","name":"Informaci\u00f3n legal y sobre privacidad | General Kinematics","isPartOf":{"@id":"https:\/\/www.generalkinematics.com\/es\/#website"},"datePublished":"2012-05-09T00:26:26+00:00","dateModified":"2018-08-31T14:05:53+00:00","breadcrumb":{"@id":"https:\/\/www.generalkinematics.com\/es\/informacion-legal-y-sobre-privacidad\/#breadcrumb"},"inLanguage":"es","potentialAction":[{"@type":"ReadAction","target":["https:\/\/www.generalkinematics.com\/es\/informacion-legal-y-sobre-privacidad\/"]}]},{"@type":"BreadcrumbList","@id":"https:\/\/www.generalkinematics.com\/es\/informacion-legal-y-sobre-privacidad\/#breadcrumb","itemListElement":[{"@type":"ListItem","position":1,"name":"GK Home","item":"https:\/\/www.generalkinematics.com\/es\/"},{"@type":"ListItem","position":2,"name":"Informaci\u00f3n legal y sobre privacidad"}]},{"@type":"WebSite","@id":"https:\/\/www.generalkinematics.com\/es\/#website","url":"https:\/\/www.generalkinematics.com\/es\/","name":"General Kinematics","description":"","publisher":{"@id":"https:\/\/www.generalkinematics.com\/es\/#organization"},"potentialAction":[{"@type":"SearchAction","target":{"@type":"EntryPoint","urlTemplate":"https:\/\/www.generalkinematics.com\/es\/?s={search_term_string}"},"query-input":{"@type":"PropertyValueSpecification","valueRequired":true,"valueName":"search_term_string"}}],"inLanguage":"es"},{"@type":"Organization","@id":"https:\/\/www.generalkinematics.com\/es\/#organization","name":"General Kinematics","url":"https:\/\/www.generalkinematics.com\/es\/","logo":{"@type":"ImageObject","inLanguage":"es","@id":"https:\/\/www.generalkinematics.com\/es\/#\/schema\/logo\/image\/","url":"https:\/\/media.generalkinematics.com\/wp-content\/uploads\/2018\/03\/logo.png","contentUrl":"https:\/\/media.generalkinematics.com\/wp-content\/uploads\/2018\/03\/logo.png","width":313,"height":100,"caption":"General Kinematics"},"image":{"@id":"https:\/\/www.generalkinematics.com\/es\/#\/schema\/logo\/image\/"},"sameAs":["https:\/\/www.facebook.com\/generalkinematics","https:\/\/x.com\/gkvibrating"]}]}},"_links":{"self":[{"href":"https:\/\/www.generalkinematics.com\/es\/wp-json\/wp\/v2\/pages\/36093","targetHints":{"allow":["GET"]}}],"collection":[{"href":"https:\/\/www.generalkinematics.com\/es\/wp-json\/wp\/v2\/pages"}],"about":[{"href":"https:\/\/www.generalkinematics.com\/es\/wp-json\/wp\/v2\/types\/page"}],"author":[{"embeddable":true,"href":"https:\/\/www.generalkinematics.com\/es\/wp-json\/wp\/v2\/users\/5"}],"replies":[{"embeddable":true,"href":"https:\/\/www.generalkinematics.com\/es\/wp-json\/wp\/v2\/comments?post=36093"}],"version-history":[{"count":0,"href":"https:\/\/www.generalkinematics.com\/es\/wp-json\/wp\/v2\/pages\/36093\/revisions"}],"wp:attachment":[{"href":"https:\/\/www.generalkinematics.com\/es\/wp-json\/wp\/v2\/media?parent=36093"}],"curies":[{"name":"wp","href":"https:\/\/api.w.org\/{rel}","templated":true}]}}