{"id":36094,"date":"2013-02-04T15:39:03","date_gmt":"2013-02-04T21:39:03","guid":{"rendered":"https:\/\/www.generalkinematics.com\/contactar-a-general-kinematics\/"},"modified":"2023-07-19T10:13:13","modified_gmt":"2023-07-19T15:13:13","slug":"contactar-a-general-kinematics","status":"publish","type":"page","link":"https:\/\/www.generalkinematics.com\/es\/contactar-a-general-kinematics\/","title":{"rendered":"Contactar a General Kinematics"},"content":{"rendered":"<div class=\"wpb-content-wrapper\"><p>[vc_row][vc_column][vc_column_text]<iframe style=\"border: 0;\" src=\"https:\/\/www.google.com\/maps\/embed?pb=!1m14!1m8!1m3!1d11817.022356272244!2d-88.2944199!3d42.2303523!3m2!1i1024!2i768!4f13.1!3m3!1m2!1s0x0%3A0xb4c4429d992fee0f!2sGeneral+Kinematics+Corporation!5e0!3m2!1sen!2sus!4v1449247823966\" width=\"100%\" height=\"292\" frameborder=\"0\" allowfullscreen=\"allowfullscreen\"><\/iframe>[\/vc_column_text][vc_column_text]<\/p>\n<h3 style=\"text-align: center;\"><span style=\"color: #800000;\"><strong>Oficinas centrales de General Kinematics<\/strong><\/span><\/h3>\n<p style=\"text-align: center;\">5050 Rickert Rd<br \/>\nCrystal Lake, IL 60014 USA<br \/>\noficina:\u00a0<a href=\"tel:815-455-3222\">815-455-3222<\/a><br \/>\nfax:\u00a0815-455-2285<\/p>\n<p>[\/vc_column_text][\/vc_column][\/vc_row][vc_row][vc_column width=\u00bb1\/2&#8243;][vc_column_text]<strong>GK SYSTEMS<\/strong><br \/>\n855 Wright Brothers Blvd W SW<br \/>\nCedar Rapids, IA 52404<br \/>\nUnited States<br \/>\noffice: <a href=\"https:\/\/www.google.com\/search?q=GK%20SYSTEMS&amp;oq=gk%20&amp;aqs=chrome.1.69i57j35i39j69i61l3j69i65l3&amp;pf=cs&amp;sourceid=chrome&amp;ie=UTF-8&amp;stick=H4sIAAAAAAAAAONgU1I1qLAwTzUxNU8zS041NE00Nre0MqgwTzWwtEy2SE5NMU41MjAzWMTK5e6tEBwZHOLqGwwAGidsvjYAAAA&amp;ved=2ahUKEwiT_JLwrNb3AhUOahoKHXIrBE4QrMcEegQIBBAC#\" data-dtype=\"d3ph\" data-local-attribute=\"d3ph\" data-ved=\"2ahUKEwjOy-70rNb3AhUM8xoKHbKSDuMQkAgoAHoECF8QAw\"><span aria-label=\"Call Phone Number (319) 582-4500\">(319) 582-4500<\/span><\/a><\/p>\n<p><strong>GK Europe GmbH<\/strong><br \/>\nSchnieringshof 12<br \/>\n45329 Essen<br \/>\nGermany<br \/>\noffice: <a href=\"tel:+492012196130\">+49(0)201 2196130<\/a><\/p>\n<p><strong>GK Europe GmbH<\/strong><br \/>\nLegion\u00f3w Polskich 7a<br \/>\n32-065\u00a0 Krzeszowice<br \/>\nPoland<br \/>\noffice: +49-162-205-9938<\/p>\n<p><strong>General Kinematics (Beijing) Co. Ltd.<\/strong><br \/>\n1203 Tower 3<br \/>\nBeijing International Center No.3<br \/>\nNo.38 Dong San Huan Bei Lu<br \/>\nChaoyang District<br \/>\nBeijing, P.R. China 100026<br \/>\noffice: <a href=\"tel:+86-10-8587-9561\">+86-10-8587-9561<\/a><br \/>\nfax: +86-10-8587-9861[\/vc_column_text][\/vc_column][vc_column width=\u00bb1\/2&#8243;][vc_column_text]<strong>General Kinematics Foundry \u2013 Asia<\/strong><br \/>\nRoom B-702<br \/>\nXin Da Building, No.322<br \/>\nXian Xia Road<br \/>\nShangh\u00e1i, P.R. China 200336<br \/>\noficina: <a href=\"tel:+86-21-6289-6880\">+86-21-6289-6880<\/a><br \/>\nfax: +86-6289-6160<\/p>\n<p><strong>General Kinematics India Pvt. Ltd.<\/strong><br \/>\nNo 36 Mathrushree Layout Maragondana Halli<br \/>\nNear New Baldwin International School<br \/>\nKR Puram Bangalore &#8211; 560036<br \/>\nCelular: <a href=\"tel:+91 9164 289 201\">+91 9164 289 201<\/a>[\/vc_column_text][\/vc_column][vc_column][\/vc_column][\/vc_row]<\/p>\n<\/div>","protected":false},"excerpt":{"rendered":"<p>[vc_row][vc_column][vc_column_text][\/vc_column_text][vc_column_text] Oficinas centrales de General Kinematics 5050 Rickert Rd Crystal Lake, IL 60014 USA oficina:\u00a0815-455-3222 fax:\u00a0815-455-2285 [\/vc_column_text][\/vc_column][\/vc_row][vc_row][vc_column width=\u00bb1\/2&#8243;][vc_column_text]GK SYSTEMS 855 Wright Brothers Blvd W SW Cedar Rapids, IA 52404 United States office: (319) 582-4500 GK Europe GmbH Schnieringshof 12 45329 Essen Germany office: +49(0)201 2196130 GK Europe GmbH Legion\u00f3w Polskich 7a 32-065\u00a0 Krzeszowice Poland office: [&hellip;]<\/p>\n","protected":false},"author":2,"featured_media":0,"parent":0,"menu_order":0,"comment_status":"open","ping_status":"closed","template":"","meta":{"_acf_changed":false,"om_disable_all_campaigns":false,"ep_exclude_from_search":false,"footnotes":""},"class_list":["post-36094","page","type-page","status-publish","hentry"],"acf":[],"yoast_head":"<!-- This site is optimized with the Yoast SEO plugin v27.2 - https:\/\/yoast.com\/product\/yoast-seo-wordpress\/ -->\n<title>Contactar a General Kinematics | General Kinematics<\/title>\n<meta name=\"description\" content=\"Las piezas y servicios de General Kinematics est\u00e1n a su plena disposici\u00f3n 24 horas del d\u00eda, 7 d\u00edas de la semana as\u00ed podr\u00e1 mantener activa su maquinaria y en funcionamiento r\u00e1pidamente. Cont\u00e1ctenos hoy mismo.\" \/>\n<meta name=\"robots\" content=\"index, follow, max-snippet:-1, max-image-preview:large, max-video-preview:-1\" \/>\n<link rel=\"canonical\" href=\"https:\/\/www.generalkinematics.com\/es\/contactar-a-general-kinematics\/\" \/>\n<meta property=\"og:locale\" content=\"es_ES\" \/>\n<meta property=\"og:type\" content=\"article\" \/>\n<meta property=\"og:title\" content=\"Contactar a General Kinematics | General Kinematics\" \/>\n<meta property=\"og:description\" content=\"Las piezas y servicios de General Kinematics est\u00e1n a su plena disposici\u00f3n 24 horas del d\u00eda, 7 d\u00edas de la semana as\u00ed podr\u00e1 mantener activa su maquinaria y en funcionamiento r\u00e1pidamente. Cont\u00e1ctenos hoy mismo.\" \/>\n<meta property=\"og:url\" content=\"https:\/\/www.generalkinematics.com\/es\/contactar-a-general-kinematics\/\" \/>\n<meta property=\"og:site_name\" content=\"General Kinematics\" \/>\n<meta property=\"article:publisher\" content=\"https:\/\/www.facebook.com\/generalkinematics\" \/>\n<meta property=\"article:modified_time\" content=\"2023-07-19T15:13:13+00:00\" \/>\n<meta property=\"og:image\" content=\"https:\/\/media.generalkinematics.com\/wp-content\/uploads\/2017\/07\/GK-Icon.png\" \/>\n\t<meta property=\"og:image:width\" content=\"3000\" \/>\n\t<meta property=\"og:image:height\" content=\"3000\" \/>\n\t<meta property=\"og:image:type\" content=\"image\/jpeg\" \/>\n<meta name=\"twitter:card\" content=\"summary_large_image\" \/>\n<meta name=\"twitter:site\" content=\"@gkvibrating\" \/>\n<meta name=\"twitter:label1\" content=\"Tiempo de lectura\" \/>\n\t<meta name=\"twitter:data1\" content=\"1 minuto\" \/>\n<!-- \/ Yoast SEO plugin. -->","yoast_head_json":{"title":"Contactar a General Kinematics | General Kinematics","description":"Las piezas y servicios de General Kinematics est\u00e1n a su plena disposici\u00f3n 24 horas del d\u00eda, 7 d\u00edas de la semana as\u00ed podr\u00e1 mantener activa su maquinaria y en funcionamiento r\u00e1pidamente. Cont\u00e1ctenos hoy mismo.","robots":{"index":"index","follow":"follow","max-snippet":"max-snippet:-1","max-image-preview":"max-image-preview:large","max-video-preview":"max-video-preview:-1"},"canonical":"https:\/\/www.generalkinematics.com\/es\/contactar-a-general-kinematics\/","og_locale":"es_ES","og_type":"article","og_title":"Contactar a General Kinematics | General Kinematics","og_description":"Las piezas y servicios de General Kinematics est\u00e1n a su plena disposici\u00f3n 24 horas del d\u00eda, 7 d\u00edas de la semana as\u00ed podr\u00e1 mantener activa su maquinaria y en funcionamiento r\u00e1pidamente. Cont\u00e1ctenos hoy mismo.","og_url":"https:\/\/www.generalkinematics.com\/es\/contactar-a-general-kinematics\/","og_site_name":"General Kinematics","article_publisher":"https:\/\/www.facebook.com\/generalkinematics","article_modified_time":"2023-07-19T15:13:13+00:00","og_image":[{"width":3000,"height":3000,"url":"https:\/\/media.generalkinematics.com\/wp-content\/uploads\/2017\/07\/GK-Icon.png","type":"image\/jpeg"}],"twitter_card":"summary_large_image","twitter_site":"@gkvibrating","twitter_misc":{"Tiempo de lectura":"1 minuto"},"schema":{"@context":"https:\/\/schema.org","@graph":[{"@type":"WebPage","@id":"https:\/\/www.generalkinematics.com\/es\/contactar-a-general-kinematics\/","url":"https:\/\/www.generalkinematics.com\/es\/contactar-a-general-kinematics\/","name":"Contactar a General Kinematics | General Kinematics","isPartOf":{"@id":"https:\/\/www.generalkinematics.com\/es\/#website"},"datePublished":"2013-02-04T21:39:03+00:00","dateModified":"2023-07-19T15:13:13+00:00","description":"Las piezas y servicios de General Kinematics est\u00e1n a su plena disposici\u00f3n 24 horas del d\u00eda, 7 d\u00edas de la semana as\u00ed podr\u00e1 mantener activa su maquinaria y en funcionamiento r\u00e1pidamente. Cont\u00e1ctenos hoy mismo.","breadcrumb":{"@id":"https:\/\/www.generalkinematics.com\/es\/contactar-a-general-kinematics\/#breadcrumb"},"inLanguage":"es","potentialAction":[{"@type":"ReadAction","target":["https:\/\/www.generalkinematics.com\/es\/contactar-a-general-kinematics\/"]}]},{"@type":"BreadcrumbList","@id":"https:\/\/www.generalkinematics.com\/es\/contactar-a-general-kinematics\/#breadcrumb","itemListElement":[{"@type":"ListItem","position":1,"name":"GK Home","item":"https:\/\/www.generalkinematics.com\/es\/"},{"@type":"ListItem","position":2,"name":"Contactar a General Kinematics"}]},{"@type":"WebSite","@id":"https:\/\/www.generalkinematics.com\/es\/#website","url":"https:\/\/www.generalkinematics.com\/es\/","name":"General Kinematics","description":"","publisher":{"@id":"https:\/\/www.generalkinematics.com\/es\/#organization"},"potentialAction":[{"@type":"SearchAction","target":{"@type":"EntryPoint","urlTemplate":"https:\/\/www.generalkinematics.com\/es\/?s={search_term_string}"},"query-input":{"@type":"PropertyValueSpecification","valueRequired":true,"valueName":"search_term_string"}}],"inLanguage":"es"},{"@type":"Organization","@id":"https:\/\/www.generalkinematics.com\/es\/#organization","name":"General Kinematics","url":"https:\/\/www.generalkinematics.com\/es\/","logo":{"@type":"ImageObject","inLanguage":"es","@id":"https:\/\/www.generalkinematics.com\/es\/#\/schema\/logo\/image\/","url":"https:\/\/media.generalkinematics.com\/wp-content\/uploads\/2018\/03\/logo.png","contentUrl":"https:\/\/media.generalkinematics.com\/wp-content\/uploads\/2018\/03\/logo.png","width":313,"height":100,"caption":"General Kinematics"},"image":{"@id":"https:\/\/www.generalkinematics.com\/es\/#\/schema\/logo\/image\/"},"sameAs":["https:\/\/www.facebook.com\/generalkinematics","https:\/\/x.com\/gkvibrating"]}]}},"_links":{"self":[{"href":"https:\/\/www.generalkinematics.com\/es\/wp-json\/wp\/v2\/pages\/36094","targetHints":{"allow":["GET"]}}],"collection":[{"href":"https:\/\/www.generalkinematics.com\/es\/wp-json\/wp\/v2\/pages"}],"about":[{"href":"https:\/\/www.generalkinematics.com\/es\/wp-json\/wp\/v2\/types\/page"}],"author":[{"embeddable":true,"href":"https:\/\/www.generalkinematics.com\/es\/wp-json\/wp\/v2\/users\/2"}],"replies":[{"embeddable":true,"href":"https:\/\/www.generalkinematics.com\/es\/wp-json\/wp\/v2\/comments?post=36094"}],"version-history":[{"count":0,"href":"https:\/\/www.generalkinematics.com\/es\/wp-json\/wp\/v2\/pages\/36094\/revisions"}],"wp:attachment":[{"href":"https:\/\/www.generalkinematics.com\/es\/wp-json\/wp\/v2\/media?parent=36094"}],"curies":[{"name":"wp","href":"https:\/\/api.w.org\/{rel}","templated":true}]}}