{"id":36096,"date":"2014-03-12T14:07:57","date_gmt":"2014-03-12T19:07:57","guid":{"rendered":"https:\/\/www.generalkinematics.com\/opciones-y-terminos-de-compra\/"},"modified":"2023-11-28T14:47:50","modified_gmt":"2023-11-28T20:47:50","slug":"opciones-y-terminos-de-compra","status":"publish","type":"page","link":"https:\/\/www.generalkinematics.com\/es\/opciones-y-terminos-de-compra\/","title":{"rendered":"Opciones y t\u00e9rminos de compra"},"content":{"rendered":"<p>La siguiente es la descripci\u00f3n de los t\u00e9rminos de pedidos, las opciones de compra y otros aspectos pertinentes de General Kinematics Corporation. Tenga en cuenta que estos t\u00e9rminos est\u00e1n sujetos a cambios sin previo aviso y los t\u00e9rminos de pago se aplican por cotizaci\u00f3n, con el cr\u00e9dito aprobado y el l\u00edmite de cr\u00e9dito aplicable, por cliente. P\u00f3ngase en contacto con su representante de ventas de General Kinematics y solicite informaci\u00f3n sobre los t\u00e9rminos y pol\u00edticas vigentes en relaci\u00f3n con los pedidos.<\/p>\n<h2>PEDIDOS POR CORREO POSTAL, TEL\u00c9FONO, FAX o CORREO ELECTR\u00d3NICO:<\/h2>\n<p><strong><span style=\"color: #b1070c;\">Oficinas centrales de General Kinematics<\/span><\/strong><\/p>\n<p><strong>LLAME AL:<\/strong> 1+ (815) 455-3222<\/p>\n<p>Lunes a viernes<\/p>\n<p>entre las 8:00 AM y las 4:45 PM, Hora est\u00e1ndar del Este,<\/p>\n<p>para realizar su pedido por tel\u00e9fono.<\/p>\n<p><strong>FAX:<\/strong> 1+ (815) 455-2285<\/p>\n<p><strong>CORREO ELECTR\u00d3NICO:<\/strong> mail@generalkinematics.com<\/p>\n<p><strong>CORREO POSTAL:<\/strong><\/p>\n<p>General Kinematics Corporation<\/p>\n<p>5050 Rickert Rd.<\/p>\n<p>Crystal Lake, IL 60014<\/p>\n<p><strong><span style=\"color: #b1070c;\">GK Europe GmbH<\/span><\/strong><\/p>\n<p><strong>LLAME AL:<\/strong> +49 (0)211 542250 10<\/p>\n<p>lunes a viernes<\/p>\n<p>entre las 8:00 AM y las 4:45 PM, HSG,<\/p>\n<p>para realizar su pedido por tel\u00e9fono.<\/p>\n<p><strong>FAX:<\/strong> +49(0)211 542250 15<\/p>\n<p><strong>CORREO ELECTR\u00d3NICO:<\/strong> mail@generalkinematics.com<\/p>\n<p><strong>CORREO POSTAL:<\/strong><\/p>\n<p>GK Europe GmbH<\/p>\n<p>M\u00fcndelheimer Weg 37<\/p>\n<p>40472 D\u00fcsseldorf<\/p>\n<p>Alemania<\/p>\n<h2>Compras con tarjeta de cr\u00e9dito<\/h2>\n<p>Aunque muchas empresas no aceptan tarjetas de cr\u00e9dito ni tramitan pedidos de PAGO CONTRA ENTREGA, queremos ofrecer a nuestros clientes la mayor cantidad posible de opciones de pago. Por favor, tenga en cuenta que se aplica un cargo del 3% por servicio a todos los pagos que se realicen con tarjeta de cr\u00e9dito. (No hay un monto m\u00ednimo para el pedido).<\/p>\n<p><strong>Compras con tarjeta de cr\u00e9dito<\/strong><\/p>\n<p>&nbsp;<\/p>\n<p>General Kinematics acepta las siguientes tarjetas de cr\u00e9dito:<\/p>\n<p><img decoding=\"async\" class=\"alignleft wp-image-12670\" src=\"https:\/\/www.generalkinematics.com\/wp-content\/uploads\/2014\/03\/creditcards-390x85.png\" alt=\"tarjetasdecr\u00e9dito\" width=\"133\" height=\"29\" srcset=\"https:\/\/www.generalkinematics.com\/wp-content\/uploads\/2014\/03\/creditcards-390x85.png 390w, https:\/\/www.generalkinematics.com\/wp-content\/uploads\/2014\/03\/creditcards-300x65.png 300w, https:\/\/www.generalkinematics.com\/wp-content\/uploads\/2014\/03\/creditcards-768x166.png 768w, https:\/\/www.generalkinematics.com\/wp-content\/uploads\/2014\/03\/creditcards-1024x222.png 1024w, https:\/\/www.generalkinematics.com\/wp-content\/uploads\/2014\/03\/creditcards.png 1200w\" sizes=\"(max-width: 639px) 98vw, (max-width: 1199px) 64vw, 133px\" \/><\/p>\n<p>&nbsp;<\/p>\n<p>Adem\u00e1s, General Kinematics acepta pagos con ACH, EFT y Wire. Por favor, solicite la informaci\u00f3n de nuestro banco a su representante de ventas local.<\/p>\n<h2>Programa de alquiler\/leasing<\/h2>\n<p>GK ofrece equipo en alquiler para realizar pruebas en sus instalaciones. P\u00f3ngase en contacto directamente con GK para obtener informaci\u00f3n sobre las tarifas y las directrices vigentes en relaci\u00f3n con el alquiler de equipos.<\/p>\n<h2>Pol\u00edtica de devoluciones<\/h2>\n<p><strong>GENERAL KINEMATICS<\/strong> se esfuerza para ofrecer a sus clientes el apoyo m\u00e1ximo de seguimiento y, para ofrecer el mayor grado de flexibilidad pr\u00e1ctica, aplica las siguientes condiciones a la devoluci\u00f3n de mercanc\u00eda. El acatamiento de estos procedimientos garantiza la prestaci\u00f3n de un servicio oportuno y eficiente en la mayor medida posible.<\/p>\n<p><span style=\"color: #b1070c;\">Tenga en cuenta que las piezas est\u00e1ndar est\u00e1n limitadas a una pol\u00edtica de devoluci\u00f3n de 30 d\u00edas.<\/span><\/p>\n<p>LAS DEVOLUCIONES SE CONSIDERAR\u00c1N EN LAS SIGUIENTES SITUACIONES:<\/p>\n<p style=\"padding-left: 30px;\">&#8211; Productos pedidos por error del cliente. (Sujetas a un cargo del <strong><span style=\"color: #b1070c;\">20%<\/span><\/strong> por reintegraci\u00f3n al inventario)<\/p>\n<p>&nbsp;<\/p>\n<p style=\"padding-left: 30px;\">&#8211; Productos err\u00f3neos o defectuosos enviados al cliente.<\/p>\n<p>&nbsp;<\/p>\n<p style=\"padding-left: 30px;\">&#8211; Reparaci\u00f3n o modernizaci\u00f3n de productos existentes.<\/p>\n<p>&nbsp;<\/p>\n<p style=\"padding-left: 30px;\">&#8211; Productos ordenados correctamente y que no se deseaban o no eran apropiados. (Sujetas a un cargo del <strong><span style=\"color: #b1070c;\">20%<\/span><\/strong> por reintegraci\u00f3n al inventario)<\/p>\n<p>&nbsp;<\/p>\n<p style=\"padding-left: 30px;\">&#8211; Productos electr\u00f3nicos que se encuentren en una de las situaciones mencionadas anteriormente y que NO EST\u00c9N USADOS.<\/p>\n<p>&nbsp;<\/p>\n<p style=\"padding-left: 30px;\">&#8211; Las devoluciones de motores est\u00e1n sujetas a una de las situaciones mencionadas anteriormente.<\/p>\n<p>&nbsp;<\/p>\n<p style=\"padding-left: 30px;\">&#8211; Los art\u00edculos de pedidos especiales est\u00e1n sujetos a situaciones espec\u00edficas y a un acuerdo escrito por parte de GKC.<\/p>\n<p><span style=\"text-decoration: underline;\"><strong>PROCEDIMIENTO DE DEVOLUCI\u00d3N:<\/strong><\/span><\/p>\n<p>&nbsp;<\/p>\n<p>(1) El cliente debe solicitar un N\u00famero de autorizaci\u00f3n de devoluci\u00f3n de mercanc\u00eda <strong>(RMA#)<\/strong> a General Kinematics antes de proceder con la devoluci\u00f3n de la mercanc\u00eda.<\/p>\n<p>&nbsp;<\/p>\n<p>(2) Para obtener un RMA#, el cliente debe ponerse en contacto con el Departamento de servicio al cliente de la siguiente manera:<\/p>\n<p style=\"padding-left: 30px;\"><strong>General Kinematics (USA)<\/strong><\/p>\n<p>T: 815-455-3222 F: 815-479-9098<\/p>\n<p>Direcci\u00f3n de correo: General Kinematics Corporation<\/p>\n<p>ATN: Customer Service Department &#8211; RMA #<\/p>\n<p>5050 Rickert Road, Crystal Lake, IL 60014<\/p>\n<p style=\"padding-left: 30px;\"><strong>GKE Europe GmbH<\/strong><\/p>\n<p>T:+49 (0)211 542250 10 F:+49(0)211 542250 15<\/p>\n<p>Direcci\u00f3n de correo: GK Europe GmbH<\/p>\n<p>ATN: Customer Service Department &#8211; RMA #<\/p>\n<p>M\u00fcndelheimer Weg 37<\/p>\n<p>40472 D\u00fcsseldorf\u00a0Alemania<\/p>\n<p>&nbsp;<\/p>\n<p>&nbsp;<\/p>\n<p>(3) El material que ha de devolverse debe estar identificado y se debe especificar <strong>claramente<\/strong> la raz\u00f3n de su devoluci\u00f3n.<\/p>\n<p>&nbsp;<\/p>\n<p>(4) Toda la mercanc\u00eda devuelta ha de enviarse con los fletes de transporte <strong>PREPAGADOS<\/strong>, excepto que se acuerde lo contrario cuando se asigne el RMA#. Tras inspeccionar la mercanc\u00eda devuelta, si se determina que presenta defectos debido a defectos de fabricaci\u00f3n o errores de General Kinematics, se acreditar\u00e1 en la cuenta del cliente el valor del costo de transporte de env\u00edo previa recepci\u00f3n de una copia de la factura del flete pagado. Cuando se haya predeterminado que la mercanc\u00eda devuelta ha de enviarse por <strong>COBRO REVERTIDO<\/strong>, General Kinematics especificar\u00e1 la ruta deseada.<\/p>\n<p>&nbsp;<\/p>\n<p>(5) Todos los env\u00edos devueltos est\u00e1n sujetos a inspecci\u00f3n cuando llegan a la planta de General Kinematics.<\/p>\n<p>&nbsp;<\/p>\n<p>(6) El material devuelto sin un RMA# podr\u00e1 rechazarse o devolverse a costas del cliente.<\/p>\n<p>&nbsp;<\/p>\n<p><strong><span style=\"color: #b1070c;\">REMITA LOS ENV\u00cdOS A LA DIRECCI\u00d3N INDICADA ANTERIORMENTE, SEG\u00daN CORRESPONDA, CLARAMENTE ETIQUETADOS CON EL RMA# TAL Y COMO LO INDIQUE EL DEPARTAMENTO DE SERVICIO AL CLIENTE DE GENERAL KINEMATICS.<\/span><\/strong><\/p>\n<h2>T\u00e9rminos para la venta de equipos<\/h2>\n<p>&nbsp;<\/p>\n<p><a href=\"https:\/\/media.generalkinematics.com\/wp-content\/uploads\/2023\/11\/QSR-72-004-Contract-Sales-Terms-and-Conditions-Rev.-11-17-23.pdf\" target=\"_blank\" rel=\"noopener noreferrer\">Ventas de equipos nuevos<\/a><\/p>\n<p><a href=\"https:\/\/www.generalkinematics.com\/wp-content\/uploads\/2016\/10\/GK-Credit-Application.pdf\" target=\"_blank\" rel=\"noopener noreferrer\">Solicitud de cr\u00e9dito<\/a><\/p>\n<p><a href=\"https:\/\/www.generalkinematics.com\/wp-content\/uploads\/2021\/01\/QSR-72-103-Parts-Terms-and-Conditions.pdf\" target=\"_blank\" rel=\"noopener noreferrer\">Servicio y componentes<\/a><\/p>\n<p><a href=\"https:\/\/media.generalkinematics.com\/wp-content\/uploads\/2022\/11\/QSR-74-011-Purchase-Order-Terms-and-Conditions-FINAL-changes-11-8-2246.pdf\" target=\"_blank\" rel=\"noopener noreferrer\">\u00d3rdenes de compra<\/a><\/p>\n<p><a href=\"\/wp-content\/uploads\/2014\/03\/GKC-website-terms-3-11-14.pdf\" target=\"_blank\" rel=\"noopener noreferrer\">Compras en el sitio web<\/a><\/p>\n<p>(\u00daltima carga 10\/10\/2016)<\/p>\n","protected":false},"excerpt":{"rendered":"<p>La siguiente es la descripci\u00f3n de los t\u00e9rminos de pedidos, las opciones de compra y otros aspectos pertinentes de General Kinematics Corporation. Tenga en cuenta que estos t\u00e9rminos est\u00e1n sujetos a cambios sin previo aviso y los t\u00e9rminos de pago se aplican por cotizaci\u00f3n, con el cr\u00e9dito aprobado y el l\u00edmite de cr\u00e9dito aplicable, por [&hellip;]<\/p>\n","protected":false},"author":5,"featured_media":0,"parent":0,"menu_order":0,"comment_status":"closed","ping_status":"closed","template":"page-templates\/page-full-width.php","meta":{"_acf_changed":false,"om_disable_all_campaigns":false,"ep_exclude_from_search":false,"footnotes":""},"class_list":["post-36096","page","type-page","status-publish","hentry"],"acf":[],"yoast_head":"<!-- This site is optimized with the Yoast SEO plugin v27.5 - https:\/\/yoast.com\/product\/yoast-seo-wordpress\/ -->\n<title>Opciones y t\u00e9rminos de compra | General Kinematics<\/title>\n<meta name=\"robots\" content=\"index, follow, max-snippet:-1, max-image-preview:large, max-video-preview:-1\" \/>\n<link rel=\"canonical\" href=\"https:\/\/www.generalkinematics.com\/es\/opciones-y-terminos-de-compra\/\" \/>\n<meta property=\"og:locale\" content=\"es_ES\" \/>\n<meta property=\"og:type\" content=\"article\" \/>\n<meta property=\"og:title\" content=\"Opciones y t\u00e9rminos de compra | General Kinematics\" \/>\n<meta property=\"og:description\" content=\"La siguiente es la descripci\u00f3n de los t\u00e9rminos de pedidos, las opciones de compra y otros aspectos pertinentes de General Kinematics Corporation. Tenga en cuenta que estos t\u00e9rminos est\u00e1n sujetos a cambios sin previo aviso y los t\u00e9rminos de pago se aplican por cotizaci\u00f3n, con el cr\u00e9dito aprobado y el l\u00edmite de cr\u00e9dito aplicable, por [&hellip;]\" \/>\n<meta property=\"og:url\" content=\"https:\/\/www.generalkinematics.com\/es\/opciones-y-terminos-de-compra\/\" \/>\n<meta property=\"og:site_name\" content=\"General Kinematics\" \/>\n<meta property=\"article:publisher\" content=\"https:\/\/www.facebook.com\/generalkinematics\" \/>\n<meta property=\"article:modified_time\" content=\"2023-11-28T20:47:50+00:00\" \/>\n<meta property=\"og:image\" content=\"https:\/\/www.generalkinematics.com\/wp-content\/uploads\/2014\/03\/creditcards-390x85.png\" \/>\n<meta name=\"twitter:card\" content=\"summary_large_image\" \/>\n<meta name=\"twitter:site\" content=\"@gkvibrating\" \/>\n<meta name=\"twitter:label1\" content=\"Tiempo de lectura\" \/>\n\t<meta name=\"twitter:data1\" content=\"4 minutos\" \/>\n<!-- \/ Yoast SEO plugin. -->","yoast_head_json":{"title":"Opciones y t\u00e9rminos de compra | General Kinematics","robots":{"index":"index","follow":"follow","max-snippet":"max-snippet:-1","max-image-preview":"max-image-preview:large","max-video-preview":"max-video-preview:-1"},"canonical":"https:\/\/www.generalkinematics.com\/es\/opciones-y-terminos-de-compra\/","og_locale":"es_ES","og_type":"article","og_title":"Opciones y t\u00e9rminos de compra | General Kinematics","og_description":"La siguiente es la descripci\u00f3n de los t\u00e9rminos de pedidos, las opciones de compra y otros aspectos pertinentes de General Kinematics Corporation. Tenga en cuenta que estos t\u00e9rminos est\u00e1n sujetos a cambios sin previo aviso y los t\u00e9rminos de pago se aplican por cotizaci\u00f3n, con el cr\u00e9dito aprobado y el l\u00edmite de cr\u00e9dito aplicable, por [&hellip;]","og_url":"https:\/\/www.generalkinematics.com\/es\/opciones-y-terminos-de-compra\/","og_site_name":"General Kinematics","article_publisher":"https:\/\/www.facebook.com\/generalkinematics","article_modified_time":"2023-11-28T20:47:50+00:00","og_image":[{"url":"https:\/\/www.generalkinematics.com\/wp-content\/uploads\/2014\/03\/creditcards-390x85.png","type":"","width":"","height":""}],"twitter_card":"summary_large_image","twitter_site":"@gkvibrating","twitter_misc":{"Tiempo de lectura":"4 minutos"},"schema":{"@context":"https:\/\/schema.org","@graph":[{"@type":"WebPage","@id":"https:\/\/www.generalkinematics.com\/es\/opciones-y-terminos-de-compra\/","url":"https:\/\/www.generalkinematics.com\/es\/opciones-y-terminos-de-compra\/","name":"Opciones y t\u00e9rminos de compra | General Kinematics","isPartOf":{"@id":"https:\/\/www.generalkinematics.com\/es\/#website"},"primaryImageOfPage":{"@id":"https:\/\/www.generalkinematics.com\/es\/opciones-y-terminos-de-compra\/#primaryimage"},"image":{"@id":"https:\/\/www.generalkinematics.com\/es\/opciones-y-terminos-de-compra\/#primaryimage"},"thumbnailUrl":"https:\/\/www.generalkinematics.com\/wp-content\/uploads\/2014\/03\/creditcards-390x85.png","datePublished":"2014-03-12T19:07:57+00:00","dateModified":"2023-11-28T20:47:50+00:00","breadcrumb":{"@id":"https:\/\/www.generalkinematics.com\/es\/opciones-y-terminos-de-compra\/#breadcrumb"},"inLanguage":"es","potentialAction":[{"@type":"ReadAction","target":["https:\/\/www.generalkinematics.com\/es\/opciones-y-terminos-de-compra\/"]}]},{"@type":"ImageObject","inLanguage":"es","@id":"https:\/\/www.generalkinematics.com\/es\/opciones-y-terminos-de-compra\/#primaryimage","url":"https:\/\/www.generalkinematics.com\/wp-content\/uploads\/2014\/03\/creditcards-390x85.png","contentUrl":"https:\/\/www.generalkinematics.com\/wp-content\/uploads\/2014\/03\/creditcards-390x85.png"},{"@type":"BreadcrumbList","@id":"https:\/\/www.generalkinematics.com\/es\/opciones-y-terminos-de-compra\/#breadcrumb","itemListElement":[{"@type":"ListItem","position":1,"name":"GK Home","item":"https:\/\/www.generalkinematics.com\/es\/"},{"@type":"ListItem","position":2,"name":"Opciones y t\u00e9rminos de compra"}]},{"@type":"WebSite","@id":"https:\/\/www.generalkinematics.com\/es\/#website","url":"https:\/\/www.generalkinematics.com\/es\/","name":"General Kinematics","description":"","publisher":{"@id":"https:\/\/www.generalkinematics.com\/es\/#organization"},"potentialAction":[{"@type":"SearchAction","target":{"@type":"EntryPoint","urlTemplate":"https:\/\/www.generalkinematics.com\/es\/?s={search_term_string}"},"query-input":{"@type":"PropertyValueSpecification","valueRequired":true,"valueName":"search_term_string"}}],"inLanguage":"es"},{"@type":"Organization","@id":"https:\/\/www.generalkinematics.com\/es\/#organization","name":"General Kinematics","url":"https:\/\/www.generalkinematics.com\/es\/","logo":{"@type":"ImageObject","inLanguage":"es","@id":"https:\/\/www.generalkinematics.com\/es\/#\/schema\/logo\/image\/","url":"https:\/\/media.generalkinematics.com\/wp-content\/uploads\/2018\/03\/logo.png","contentUrl":"https:\/\/media.generalkinematics.com\/wp-content\/uploads\/2018\/03\/logo.png","width":313,"height":100,"caption":"General Kinematics"},"image":{"@id":"https:\/\/www.generalkinematics.com\/es\/#\/schema\/logo\/image\/"},"sameAs":["https:\/\/www.facebook.com\/generalkinematics","https:\/\/x.com\/gkvibrating"]}]}},"_links":{"self":[{"href":"https:\/\/www.generalkinematics.com\/es\/wp-json\/wp\/v2\/pages\/36096","targetHints":{"allow":["GET"]}}],"collection":[{"href":"https:\/\/www.generalkinematics.com\/es\/wp-json\/wp\/v2\/pages"}],"about":[{"href":"https:\/\/www.generalkinematics.com\/es\/wp-json\/wp\/v2\/types\/page"}],"author":[{"embeddable":true,"href":"https:\/\/www.generalkinematics.com\/es\/wp-json\/wp\/v2\/users\/5"}],"replies":[{"embeddable":true,"href":"https:\/\/www.generalkinematics.com\/es\/wp-json\/wp\/v2\/comments?post=36096"}],"version-history":[{"count":0,"href":"https:\/\/www.generalkinematics.com\/es\/wp-json\/wp\/v2\/pages\/36096\/revisions"}],"wp:attachment":[{"href":"https:\/\/www.generalkinematics.com\/es\/wp-json\/wp\/v2\/media?parent=36096"}],"curies":[{"name":"wp","href":"https:\/\/api.w.org\/{rel}","templated":true}]}}