{"id":36097,"date":"2014-11-11T16:11:12","date_gmt":"2014-11-11T22:11:12","guid":{"rendered":"https:\/\/www.generalkinematics.com\/politica-de-privacidad\/"},"modified":"2018-08-03T13:57:22","modified_gmt":"2018-08-03T18:57:22","slug":"politica-de-privacidad","status":"publish","type":"page","link":"https:\/\/www.generalkinematics.com\/es\/politica-de-privacidad\/","title":{"rendered":"Pol\u00edtica de privacidad"},"content":{"rendered":"<p>La presente Pol\u00edtica de privacidad rige la forma en que General Kinematics re\u00fane, usa, mantiene y divulga la informaci\u00f3n recopilada de los usuarios (cada uno, un \u00abUsuario\u00bb) del sitio web <a href=\"\/\">www.generalkinematics.com<\/a> (el \u00abSitio\u00bb). La presente pol\u00edtica de privacidad se aplica al Sitio y a todos los productos y servicios que ofrece General Kinematics.<\/p>\n<p><strong>Informaci\u00f3n de identificaci\u00f3n personal<\/strong><\/p>\n<p>Podremos recopilar la informaci\u00f3n de identificaci\u00f3n personal de los Usuarios de varias formas, incluidas entre otras, cuando los Usuarios visitan nuestro sitio, realizan un pedido, se suscriben al bolet\u00edn de anuncios, rellenan un formulario y en relaci\u00f3n con otras actividades, servicios, funciones o recursos que pongamos a disposici\u00f3n en nuestro Sitio. A los usuarios se les podr\u00e1 solicitar, seg\u00fan corresponda, el nombre, la direcci\u00f3n de correo electr\u00f3nico, el n\u00famero de tel\u00e9fono e informaci\u00f3n de la tarjeta de cr\u00e9dito. Sin embargo, los usuarios pueden visitar nuestro Sitio de manera an\u00f3nima. Recopilaremos la informaci\u00f3n de identificaci\u00f3n personal de los Usuarios \u00fanicamente si los Usuarios nos env\u00edan voluntariamente dicha informaci\u00f3n. Los usuarios pueden siempre rehusarse a proporcionar la informaci\u00f3n de identificaci\u00f3n personal, excepto que esto les impida participar en ciertas actividades relacionadas con el Sitio.<\/p>\n<p><strong>Informaci\u00f3n de identificaci\u00f3n no personal<\/strong><\/p>\n<p>Podremos recopilar la informaci\u00f3n de identificaci\u00f3n no personal de los Usuarios siempre que interact\u00faen con nuestro Sitio. La informaci\u00f3n de identificaci\u00f3n no personal puede incluir el nombre del explorador, el tipo de computadora y la informaci\u00f3n t\u00e9cnica sobre los medios de conexi\u00f3n de los Usuarios con nuestro Sitio, por ejemplo, el sistema operativo y los proveedores de servicios de Internet utilizados y otra informaci\u00f3n similar.<\/p>\n<p><strong>Cookies del explorador de Internet<\/strong><\/p>\n<p>Nuestro Sitio puede usar \u00abcookies\u00bb para mejorar la experiencia del Usuario. El explorador de Internet del Usuario copia las cookies en su disco duro para mantener el registro y algunas veces rastrear la informaci\u00f3n del usuario. Los Usuarios pueden optar por hacer que su explorador de Internet rechace las cookies o que avise cuando se van a enviar las cookies. Si as\u00ed lo hiciesen, hay que tener en cuenta que algunas partes del Sitio podr\u00edan no funcionar correctamente.<\/p>\n<p><strong>C\u00f3mo usamos la informaci\u00f3n recopilada<\/strong><\/p>\n<p>General Kinematics puede recopilar y usar la informaci\u00f3n personal de los Usuarios para los siguientes fines:<\/p>\n<p style=\"padding-left: 30px;\"><em>&#8211; Mejorar el servicio al cliente<\/em><\/p>\n<p>La informaci\u00f3n que suministra nos ayuda a responder las solicitudes de servicio de los clientes y apoyar las necesidades m\u00e1s eficientemente.<\/p>\n<p style=\"padding-left: 30px;\"><em>&#8211; Personalizar la experiencia del usuario<\/em><\/p>\n<p>Podemos usar la informaci\u00f3n en general para comprender la forma como nuestros Usuarios, como grupo, usan los servicios y recursos que se suministran en nuestro Sitio.<\/p>\n<p style=\"padding-left: 30px;\"><em>&#8211; Mejorar nuestro Sitio<\/em><\/p>\n<p>Podemos usar sus opiniones y comentarios para mejorar nuestros productos y servicios.<\/p>\n<p style=\"padding-left: 30px;\"><em>&#8211; Tramitar pagos<\/em><\/p>\n<p>Podemos usar la informaci\u00f3n que los Usuarios proporcionan sobre ellos mismos a la hora de realizar un pedido \u00fanicamente para prestar los servicios que corresponden al pedido en cuesti\u00f3n. No compartimos esta informaci\u00f3n con terceros, excepto que sea en la medida necesaria para prestar el servicio.<\/p>\n<p style=\"padding-left: 30px;\"><em>&#8211; Realizar promociones, concursos, encuestas u otras funciones del Sitio<\/em><\/p>\n<p>Enviar a los Usuarios la informaci\u00f3n que aceptaron recibir sobre temas que en nuestra opini\u00f3n son de su inter\u00e9s.<\/p>\n<p style=\"padding-left: 30px;\"><em>&#8211; Enviar correos electr\u00f3nicos peri\u00f3dicos<\/em><\/p>\n<p>Podemos usar la direcci\u00f3n de correo electr\u00f3nico para enviar al Usuario informaci\u00f3n y actualizaciones que est\u00e9n relacionadas con sus pedidos. Tambi\u00e9n puede usarse para responder sus consultas, preguntas y\/o otras solicitudes. Si los Usuarios optan por incluirse en nuestra lista de correo, recibir\u00e1n correos electr\u00f3nicos que pueden incluir noticias de la empresa, actualizaciones, informaci\u00f3n relacionada con los productos o servicios, etc. Si en cualquier momento los Usuarios quieren cancelar la suscripci\u00f3n para no recibir correos electr\u00f3nicos en el futuro, incluimos las instrucciones detalladas para cancelar la suscripci\u00f3n en la parte inferior de cada correo electr\u00f3nico.<\/p>\n<p><strong>C\u00f3mo protegemos su informaci\u00f3n<\/strong><\/p>\n<p>Adoptamos las pr\u00e1cticas y medidas de seguridad apropiadas para la recolecci\u00f3n, almacenamiento y procesamiento de datos con el fin de proteger contra el acceso, modificaci\u00f3n, divulgaci\u00f3n o destrucci\u00f3n no autorizados de su informaci\u00f3n personal, nombre de usuario, contrase\u00f1a, informaci\u00f3n de transacciones y datos almacenados en nuestro Sitio.<\/p>\n<p>El intercambio de datos confidenciales y privados entre el Sitio y sus Usuarios, se realiza sobre un canal de comunicaci\u00f3n seguro SSL y est\u00e1 codificado y protegido con firmas digitales.<\/p>\n<p><strong>Divulgaci\u00f3n de su informaci\u00f3n personal<\/strong><\/p>\n<p>No vendemos, comercializamos ni alquilamos a terceros la identificaci\u00f3n personal de los Usuarios. Podemos compartir informaci\u00f3n demogr\u00e1fica gen\u00e9rica y acumulada, no vinculada a ning\u00fan tipo de informaci\u00f3n de identificaci\u00f3n personal, en relaci\u00f3n a los visitantes y usuarios con nuestros asociados comerciales, afiliados de confianza y anunciantes para los prop\u00f3sitos descritos anteriormente. Podemos usar proveedores de servicios de terceros para ayudarnos a gestionar nuestra empresa y el Sitio o realizar actividades administrativas en nuestro nombre, como el env\u00edo de boletines o encuestas. Podemos compartir su informaci\u00f3n con estos terceros con los mencionados fines limitados, siempre y cuando usted nos haya dado su autorizaci\u00f3n.<\/p>\n<p><strong>Cambios a la presente Pol\u00edtica de privacidad<\/strong><\/p>\n<p>General Kinematics tiene la discreci\u00f3n para actualizar en cualquier momento la presente pol\u00edtica de privacidad. Cuando lo hacemos, modificamos la fecha de actualizaci\u00f3n que se encuentra al final de esta p\u00e1gina. Exhortamos a los Usuarios a comprobar con frecuencia esta p\u00e1gina para determinar si hay cambios y permanecer informados en relaci\u00f3n con lo que hacemos para ayudar a proteger la informaci\u00f3n personal que recopilamos. Usted reconoce y acepta su responsabilidad de revisar peri\u00f3dicamente esta pol\u00edtica de privacidad y permanecer al tanto de las modificaciones.<\/p>\n<p><strong>Su aceptaci\u00f3n de estos t\u00e9rminos<\/strong><\/p>\n<p>Al utilizar este Sitio, usted indica su aceptaci\u00f3n de esta pol\u00edtica. Si no acepta esta pol\u00edtica, no use nuestro Sitio. Su uso continuo del Sitio despu\u00e9s de la notificaci\u00f3n de los cambios a esta pol\u00edtica, se considerar\u00e1 su aceptaci\u00f3n de dichos cambios.<\/p>\n<p><strong>Forma de contactarnos<\/strong><\/p>\n<p>Si tiene alguna duda sobre la presente Pol\u00edtica de privacidad, las pr\u00e1cticas de este Sitio, o sus transacciones con este Sitio, p\u00f3ngase en contacto con nosotros en:<\/p>\n<p>General Kinematics<\/p>\n<p><a href=\"\/\">www.generalkinematics.com<\/a><\/p>\n<p>5050 Rickert Rd. Crystal Lake, IL 60014<\/p>\n<p>815-455-3222<\/p>\n<p><a href=\"mailto:mail@generalkinematics.com\" target=\"_blank\" rel=\"noopener\">mail@generalkinematics.com<\/a><\/p>\n<p>Este documento fue actualizado por \u00faltima vez el 7 de noviembre de 2014.<\/p>\n<p><a title=\"PDF de la Pol\u00edtica de privacidad\" href=\"https:\/\/www.generalkinematics.com\/wp-content\/uploads\/2014\/11\/PrivacyPolicy.pdf\" target=\"_blank\" rel=\"noopener\">Descargar<\/a> PDF de la Pol\u00edtica de privacidad<\/p>\n","protected":false},"excerpt":{"rendered":"<p>La presente Pol\u00edtica de privacidad rige la forma en que General Kinematics re\u00fane, usa, mantiene y divulga la informaci\u00f3n recopilada de los usuarios (cada uno, un \u00abUsuario\u00bb) del sitio web www.generalkinematics.com (el \u00abSitio\u00bb). La presente pol\u00edtica de privacidad se aplica al Sitio y a todos los productos y servicios que ofrece General Kinematics. Informaci\u00f3n de [&hellip;]<\/p>\n","protected":false},"author":5,"featured_media":0,"parent":0,"menu_order":0,"comment_status":"closed","ping_status":"closed","template":"page-templates\/page-full-width.php","meta":{"_acf_changed":false,"om_disable_all_campaigns":false,"ep_exclude_from_search":false,"footnotes":""},"class_list":["post-36097","page","type-page","status-publish","hentry"],"acf":[],"yoast_head":"<!-- This site is optimized with the Yoast SEO plugin v27.2 - https:\/\/yoast.com\/product\/yoast-seo-wordpress\/ -->\n<title>Pol\u00edtica de privacidad | General Kinematics<\/title>\n<meta name=\"description\" content=\"Nuestra Pol\u00edtica de privacidad rige la forma en que General Kinematics re\u00fane, usa, mantiene y divulga la informaci\u00f3n recopilada de los visitantes al sitio web. Leer m\u00e1s.\" \/>\n<meta name=\"robots\" content=\"index, follow, max-snippet:-1, max-image-preview:large, max-video-preview:-1\" \/>\n<link rel=\"canonical\" href=\"https:\/\/www.generalkinematics.com\/es\/politica-de-privacidad\/\" \/>\n<meta property=\"og:locale\" content=\"es_ES\" \/>\n<meta property=\"og:type\" content=\"article\" \/>\n<meta property=\"og:title\" content=\"Pol\u00edtica de privacidad | General Kinematics\" \/>\n<meta property=\"og:description\" content=\"Nuestra Pol\u00edtica de privacidad rige la forma en que General Kinematics re\u00fane, usa, mantiene y divulga la informaci\u00f3n recopilada de los visitantes al sitio web. Leer m\u00e1s.\" \/>\n<meta property=\"og:url\" content=\"https:\/\/www.generalkinematics.com\/es\/politica-de-privacidad\/\" \/>\n<meta property=\"og:site_name\" content=\"General Kinematics\" \/>\n<meta property=\"article:publisher\" content=\"https:\/\/www.facebook.com\/generalkinematics\" \/>\n<meta property=\"article:modified_time\" content=\"2018-08-03T18:57:22+00:00\" \/>\n<meta property=\"og:image\" content=\"https:\/\/media.generalkinematics.com\/wp-content\/uploads\/2017\/07\/GK-Icon.png\" \/>\n\t<meta property=\"og:image:width\" content=\"3000\" \/>\n\t<meta property=\"og:image:height\" content=\"3000\" \/>\n\t<meta property=\"og:image:type\" content=\"image\/jpeg\" \/>\n<meta name=\"twitter:card\" content=\"summary_large_image\" \/>\n<meta name=\"twitter:site\" content=\"@gkvibrating\" \/>\n<meta name=\"twitter:label1\" content=\"Tiempo de lectura\" \/>\n\t<meta name=\"twitter:data1\" content=\"6 minutos\" \/>\n<!-- \/ Yoast SEO plugin. -->","yoast_head_json":{"title":"Pol\u00edtica de privacidad | General Kinematics","description":"Nuestra Pol\u00edtica de privacidad rige la forma en que General Kinematics re\u00fane, usa, mantiene y divulga la informaci\u00f3n recopilada de los visitantes al sitio web. Leer m\u00e1s.","robots":{"index":"index","follow":"follow","max-snippet":"max-snippet:-1","max-image-preview":"max-image-preview:large","max-video-preview":"max-video-preview:-1"},"canonical":"https:\/\/www.generalkinematics.com\/es\/politica-de-privacidad\/","og_locale":"es_ES","og_type":"article","og_title":"Pol\u00edtica de privacidad | General Kinematics","og_description":"Nuestra Pol\u00edtica de privacidad rige la forma en que General Kinematics re\u00fane, usa, mantiene y divulga la informaci\u00f3n recopilada de los visitantes al sitio web. Leer m\u00e1s.","og_url":"https:\/\/www.generalkinematics.com\/es\/politica-de-privacidad\/","og_site_name":"General Kinematics","article_publisher":"https:\/\/www.facebook.com\/generalkinematics","article_modified_time":"2018-08-03T18:57:22+00:00","og_image":[{"width":3000,"height":3000,"url":"https:\/\/media.generalkinematics.com\/wp-content\/uploads\/2017\/07\/GK-Icon.png","type":"image\/jpeg"}],"twitter_card":"summary_large_image","twitter_site":"@gkvibrating","twitter_misc":{"Tiempo de lectura":"6 minutos"},"schema":{"@context":"https:\/\/schema.org","@graph":[{"@type":"WebPage","@id":"https:\/\/www.generalkinematics.com\/es\/politica-de-privacidad\/","url":"https:\/\/www.generalkinematics.com\/es\/politica-de-privacidad\/","name":"Pol\u00edtica de privacidad | General Kinematics","isPartOf":{"@id":"https:\/\/www.generalkinematics.com\/es\/#website"},"datePublished":"2014-11-11T22:11:12+00:00","dateModified":"2018-08-03T18:57:22+00:00","description":"Nuestra Pol\u00edtica de privacidad rige la forma en que General Kinematics re\u00fane, usa, mantiene y divulga la informaci\u00f3n recopilada de los visitantes al sitio web. Leer m\u00e1s.","breadcrumb":{"@id":"https:\/\/www.generalkinematics.com\/es\/politica-de-privacidad\/#breadcrumb"},"inLanguage":"es","potentialAction":[{"@type":"ReadAction","target":["https:\/\/www.generalkinematics.com\/es\/politica-de-privacidad\/"]}]},{"@type":"BreadcrumbList","@id":"https:\/\/www.generalkinematics.com\/es\/politica-de-privacidad\/#breadcrumb","itemListElement":[{"@type":"ListItem","position":1,"name":"GK Home","item":"https:\/\/www.generalkinematics.com\/es\/"},{"@type":"ListItem","position":2,"name":"Pol\u00edtica de privacidad"}]},{"@type":"WebSite","@id":"https:\/\/www.generalkinematics.com\/es\/#website","url":"https:\/\/www.generalkinematics.com\/es\/","name":"General Kinematics","description":"","publisher":{"@id":"https:\/\/www.generalkinematics.com\/es\/#organization"},"potentialAction":[{"@type":"SearchAction","target":{"@type":"EntryPoint","urlTemplate":"https:\/\/www.generalkinematics.com\/es\/?s={search_term_string}"},"query-input":{"@type":"PropertyValueSpecification","valueRequired":true,"valueName":"search_term_string"}}],"inLanguage":"es"},{"@type":"Organization","@id":"https:\/\/www.generalkinematics.com\/es\/#organization","name":"General Kinematics","url":"https:\/\/www.generalkinematics.com\/es\/","logo":{"@type":"ImageObject","inLanguage":"es","@id":"https:\/\/www.generalkinematics.com\/es\/#\/schema\/logo\/image\/","url":"https:\/\/media.generalkinematics.com\/wp-content\/uploads\/2018\/03\/logo.png","contentUrl":"https:\/\/media.generalkinematics.com\/wp-content\/uploads\/2018\/03\/logo.png","width":313,"height":100,"caption":"General Kinematics"},"image":{"@id":"https:\/\/www.generalkinematics.com\/es\/#\/schema\/logo\/image\/"},"sameAs":["https:\/\/www.facebook.com\/generalkinematics","https:\/\/x.com\/gkvibrating"]}]}},"_links":{"self":[{"href":"https:\/\/www.generalkinematics.com\/es\/wp-json\/wp\/v2\/pages\/36097","targetHints":{"allow":["GET"]}}],"collection":[{"href":"https:\/\/www.generalkinematics.com\/es\/wp-json\/wp\/v2\/pages"}],"about":[{"href":"https:\/\/www.generalkinematics.com\/es\/wp-json\/wp\/v2\/types\/page"}],"author":[{"embeddable":true,"href":"https:\/\/www.generalkinematics.com\/es\/wp-json\/wp\/v2\/users\/5"}],"replies":[{"embeddable":true,"href":"https:\/\/www.generalkinematics.com\/es\/wp-json\/wp\/v2\/comments?post=36097"}],"version-history":[{"count":0,"href":"https:\/\/www.generalkinematics.com\/es\/wp-json\/wp\/v2\/pages\/36097\/revisions"}],"wp:attachment":[{"href":"https:\/\/www.generalkinematics.com\/es\/wp-json\/wp\/v2\/media?parent=36097"}],"curies":[{"name":"wp","href":"https:\/\/api.w.org\/{rel}","templated":true}]}}