{"id":36098,"date":"2018-05-23T05:16:53","date_gmt":"2018-05-23T10:16:53","guid":{"rendered":"https:\/\/www.generalkinematics.com\/tarjeta-de-temporada-de-vacaciones-2014\/"},"modified":"2018-05-23T05:16:56","modified_gmt":"2018-05-23T10:16:56","slug":"tarjeta-de-temporada-de-vacaciones-2014","status":"publish","type":"page","link":"https:\/\/www.generalkinematics.com\/es\/tarjeta-de-temporada-de-vacaciones-2014\/","title":{"rendered":"Tarjeta de temporada de vacaciones 2014"},"content":{"rendered":"<div class=\"wpb-content-wrapper\"><p>[vc_row][vc_column width=\u00bb1\/1&#8243;][vc_column_text]<\/p>\n<h1 style=\"text-align: center\">\u00a1Feliz temporada de vacaciones de parte de General Kinematics!<\/h1>\n<p>&nbsp;<\/p>\n<p style=\"text-align: center\">\n<p style=\"text-align: center\">\u00bfTiene problemas para ver el v\u00eddeo en YouTube? \u00a1V\u00e9alo <a href=\"https:\/\/www.dropbox.com\/s\/8eo7195ailcf065\/Christmas%202014.mp4?dl=0\" target=\"_blank\">aqu\u00ed en Dropbox<\/a>!<\/p>\n<p style=\"text-align: center\">\n<p style=\"text-align: center\">Haga clic en las fotograf\u00edas para ver las im\u00e1genes completas.[\/vc_column_text][\/vc_column][vc_row][vc_column width=\u00bb1\/1&#8243;][vc_gallery type=\u00bbimage_grid\u00bb interval=\u00bb3&#8243; images=\u00bb10314,10313,10312,10311,10310,10309,10308,10307,10306,10305,10304,10303,10302,10301,10300&#8243; onclick=\u00bblink_image\u00bb custom_links_target=\u00bb_self\u00bb][\/vc_column][\/vc_row]<\/p>\n<\/div>","protected":false},"excerpt":{"rendered":"<p>[vc_row][vc_column width=\u00bb1\/1&#8243;][vc_column_text] \u00a1Feliz temporada de vacaciones de parte de General Kinematics! &nbsp; \u00bfTiene problemas para ver el v\u00eddeo en YouTube? \u00a1V\u00e9alo aqu\u00ed en Dropbox! Haga clic en las fotograf\u00edas para ver las im\u00e1genes completas.[\/vc_column_text][\/vc_column][vc_row][vc_column width=\u00bb1\/1&#8243;][vc_gallery type=\u00bbimage_grid\u00bb interval=\u00bb3&#8243; images=\u00bb10314,10313,10312,10311,10310,10309,10308,10307,10306,10305,10304,10303,10302,10301,10300&#8243; onclick=\u00bblink_image\u00bb custom_links_target=\u00bb_self\u00bb][\/vc_column][\/vc_row]<\/p>\n","protected":false},"author":5,"featured_media":0,"parent":0,"menu_order":0,"comment_status":"open","ping_status":"closed","template":"","meta":{"_acf_changed":false,"om_disable_all_campaigns":false,"ep_exclude_from_search":false,"footnotes":""},"class_list":["post-36098","page","type-page","status-publish","hentry"],"acf":[],"yoast_head":"<!-- This site is optimized with the Yoast SEO plugin v27.2 - https:\/\/yoast.com\/product\/yoast-seo-wordpress\/ -->\n<title>\u00a1Feliz temporada de vacaciones de 2014! | General Kinematics<\/title>\n<meta name=\"description\" content=\"Feliz temporada de vacaciones de parte de General Kinematics y Trinket, el elfo de la temporada de vacaciones de GK. \u00a1Le invitamos a ver nuestro video y las im\u00e1genes de nuestra temporada de vacaciones y diversi\u00f3n en GK!\" \/>\n<meta name=\"robots\" content=\"index, follow, max-snippet:-1, max-image-preview:large, max-video-preview:-1\" \/>\n<link rel=\"canonical\" href=\"https:\/\/www.generalkinematics.com\/es\/tarjeta-de-temporada-de-vacaciones-2014\/\" \/>\n<meta property=\"og:locale\" content=\"es_ES\" \/>\n<meta property=\"og:type\" content=\"article\" \/>\n<meta property=\"og:title\" content=\"\u00a1Feliz temporada de vacaciones de 2014! | General Kinematics\" \/>\n<meta property=\"og:description\" content=\"Feliz temporada de vacaciones de parte de General Kinematics y Trinket, el elfo de la temporada de vacaciones de GK. \u00a1Le invitamos a ver nuestro video y las im\u00e1genes de nuestra temporada de vacaciones y diversi\u00f3n en GK!\" \/>\n<meta property=\"og:url\" content=\"https:\/\/www.generalkinematics.com\/es\/tarjeta-de-temporada-de-vacaciones-2014\/\" \/>\n<meta property=\"og:site_name\" content=\"General Kinematics\" \/>\n<meta property=\"article:publisher\" content=\"https:\/\/www.facebook.com\/generalkinematics\" \/>\n<meta property=\"article:modified_time\" content=\"2018-05-23T10:16:56+00:00\" \/>\n<meta property=\"og:image\" content=\"https:\/\/media.generalkinematics.com\/wp-content\/uploads\/2017\/07\/GK-Icon.png\" \/>\n\t<meta property=\"og:image:width\" content=\"3000\" \/>\n\t<meta property=\"og:image:height\" content=\"3000\" \/>\n\t<meta property=\"og:image:type\" content=\"image\/jpeg\" \/>\n<meta name=\"twitter:card\" content=\"summary_large_image\" \/>\n<meta name=\"twitter:site\" content=\"@gkvibrating\" \/>\n<!-- \/ Yoast SEO plugin. -->","yoast_head_json":{"title":"\u00a1Feliz temporada de vacaciones de 2014! | General Kinematics","description":"Feliz temporada de vacaciones de parte de General Kinematics y Trinket, el elfo de la temporada de vacaciones de GK. \u00a1Le invitamos a ver nuestro video y las im\u00e1genes de nuestra temporada de vacaciones y diversi\u00f3n en GK!","robots":{"index":"index","follow":"follow","max-snippet":"max-snippet:-1","max-image-preview":"max-image-preview:large","max-video-preview":"max-video-preview:-1"},"canonical":"https:\/\/www.generalkinematics.com\/es\/tarjeta-de-temporada-de-vacaciones-2014\/","og_locale":"es_ES","og_type":"article","og_title":"\u00a1Feliz temporada de vacaciones de 2014! | General Kinematics","og_description":"Feliz temporada de vacaciones de parte de General Kinematics y Trinket, el elfo de la temporada de vacaciones de GK. \u00a1Le invitamos a ver nuestro video y las im\u00e1genes de nuestra temporada de vacaciones y diversi\u00f3n en GK!","og_url":"https:\/\/www.generalkinematics.com\/es\/tarjeta-de-temporada-de-vacaciones-2014\/","og_site_name":"General Kinematics","article_publisher":"https:\/\/www.facebook.com\/generalkinematics","article_modified_time":"2018-05-23T10:16:56+00:00","og_image":[{"width":3000,"height":3000,"url":"https:\/\/media.generalkinematics.com\/wp-content\/uploads\/2017\/07\/GK-Icon.png","type":"image\/jpeg"}],"twitter_card":"summary_large_image","twitter_site":"@gkvibrating","schema":{"@context":"https:\/\/schema.org","@graph":[{"@type":"WebPage","@id":"https:\/\/www.generalkinematics.com\/es\/tarjeta-de-temporada-de-vacaciones-2014\/","url":"https:\/\/www.generalkinematics.com\/es\/tarjeta-de-temporada-de-vacaciones-2014\/","name":"\u00a1Feliz temporada de vacaciones de 2014! | General Kinematics","isPartOf":{"@id":"https:\/\/www.generalkinematics.com\/es\/#website"},"datePublished":"2018-05-23T10:16:53+00:00","dateModified":"2018-05-23T10:16:56+00:00","description":"Feliz temporada de vacaciones de parte de General Kinematics y Trinket, el elfo de la temporada de vacaciones de GK. \u00a1Le invitamos a ver nuestro video y las im\u00e1genes de nuestra temporada de vacaciones y diversi\u00f3n en GK!","breadcrumb":{"@id":"https:\/\/www.generalkinematics.com\/es\/tarjeta-de-temporada-de-vacaciones-2014\/#breadcrumb"},"inLanguage":"es","potentialAction":[{"@type":"ReadAction","target":["https:\/\/www.generalkinematics.com\/es\/tarjeta-de-temporada-de-vacaciones-2014\/"]}]},{"@type":"BreadcrumbList","@id":"https:\/\/www.generalkinematics.com\/es\/tarjeta-de-temporada-de-vacaciones-2014\/#breadcrumb","itemListElement":[{"@type":"ListItem","position":1,"name":"GK Home","item":"https:\/\/www.generalkinematics.com\/es\/"},{"@type":"ListItem","position":2,"name":"Tarjeta de temporada de vacaciones 2014"}]},{"@type":"WebSite","@id":"https:\/\/www.generalkinematics.com\/es\/#website","url":"https:\/\/www.generalkinematics.com\/es\/","name":"General Kinematics","description":"","publisher":{"@id":"https:\/\/www.generalkinematics.com\/es\/#organization"},"potentialAction":[{"@type":"SearchAction","target":{"@type":"EntryPoint","urlTemplate":"https:\/\/www.generalkinematics.com\/es\/?s={search_term_string}"},"query-input":{"@type":"PropertyValueSpecification","valueRequired":true,"valueName":"search_term_string"}}],"inLanguage":"es"},{"@type":"Organization","@id":"https:\/\/www.generalkinematics.com\/es\/#organization","name":"General Kinematics","url":"https:\/\/www.generalkinematics.com\/es\/","logo":{"@type":"ImageObject","inLanguage":"es","@id":"https:\/\/www.generalkinematics.com\/es\/#\/schema\/logo\/image\/","url":"https:\/\/media.generalkinematics.com\/wp-content\/uploads\/2018\/03\/logo.png","contentUrl":"https:\/\/media.generalkinematics.com\/wp-content\/uploads\/2018\/03\/logo.png","width":313,"height":100,"caption":"General Kinematics"},"image":{"@id":"https:\/\/www.generalkinematics.com\/es\/#\/schema\/logo\/image\/"},"sameAs":["https:\/\/www.facebook.com\/generalkinematics","https:\/\/x.com\/gkvibrating"]}]}},"_links":{"self":[{"href":"https:\/\/www.generalkinematics.com\/es\/wp-json\/wp\/v2\/pages\/36098","targetHints":{"allow":["GET"]}}],"collection":[{"href":"https:\/\/www.generalkinematics.com\/es\/wp-json\/wp\/v2\/pages"}],"about":[{"href":"https:\/\/www.generalkinematics.com\/es\/wp-json\/wp\/v2\/types\/page"}],"author":[{"embeddable":true,"href":"https:\/\/www.generalkinematics.com\/es\/wp-json\/wp\/v2\/users\/5"}],"replies":[{"embeddable":true,"href":"https:\/\/www.generalkinematics.com\/es\/wp-json\/wp\/v2\/comments?post=36098"}],"version-history":[{"count":0,"href":"https:\/\/www.generalkinematics.com\/es\/wp-json\/wp\/v2\/pages\/36098\/revisions"}],"wp:attachment":[{"href":"https:\/\/www.generalkinematics.com\/es\/wp-json\/wp\/v2\/media?parent=36098"}],"curies":[{"name":"wp","href":"https:\/\/api.w.org\/{rel}","templated":true}]}}