{"id":39412,"date":"2015-12-04T12:32:26","date_gmt":"2015-12-04T18:32:26","guid":{"rendered":"https:\/\/www.generalkinematics.com\/24-7-365-repuestos-y-servicio-de-gk-siempre-alli-para-usted\/"},"modified":"2019-01-08T15:29:06","modified_gmt":"2019-01-08T21:29:06","slug":"24-7-365-repuestos-y-servicio-de-gk-siempre-alli-para-usted","status":"publish","type":"page","link":"https:\/\/www.generalkinematics.com\/es\/24-7-365-repuestos-y-servicio-de-gk-siempre-alli-para-usted\/","title":{"rendered":"24\/7\/365, Repuestos y servicio de GK, siempre all\u00ed para usted."},"content":{"rendered":"<div class=\"wpb-content-wrapper\"><p>[vc_row][vc_column][vc_column_text]Independientemente del lugar del mundo donde se encuentre, GK est\u00e1 a su plena disposici\u00f3n siempre que necesite asistencia para sus productos vibratorios o rotatorios, bien sean m\u00e1quinas General Kinematics u otra marca de equipos. Los repuestos de GK est\u00e1n a su disposici\u00f3n las 24 horas del d\u00eda para mantener a su equipo vibratorio en marcha y funcionando. \u00bfNecesita a un t\u00e9cnico de servicio de GK para ayudarle a solucionar un problema en sus propias instalaciones? \u00a1No hay ning\u00fan problema! GK dispone de t\u00e9cnicos de servicio en todo el mundo para atenderle en sus propias instalaciones a la mayor brevedad posible. En el formulario de comentarios que aparece debajo, s\u00edrvase incluir el N.\u00ba de serie de la unidad, el tipo de equipo, la fecha requerida y la descripci\u00f3n general del asunto o el problema.[\/vc_column_text][\/vc_column][\/vc_row][vc_row][vc_column width=\u00bb1\/2&#8243;][vc_raw_html]PGlmcmFtZSBzdHlsZT0iYm9yZGVyOiAwOyIgc3JjPSJodHRwczovL2dvLnBhcmRvdC5jb20vbC8xNDU4MDEvMjAxOC0wOC0wNy9zcWZuNj9IaWRkZW49aHR0cHM6Ly9nZW5lcmFsa2luZW1hdGljcy5jb20vY29udGFjdC1nay1wYXJ0cy1zZXJ2aWNlLyAiIHdpZHRoPSIxMDAlIiBoZWlnaHQ9IjEwMDAiIGZyYW1lYm9yZGVyPSIwIj48L2lmcmFtZT4NCg0KPHNjcmlwdD4oZnVuY3Rpb24odyxkLHQscix1KXt2YXIgZixuLGk7d1t1XT13W3VdfHxbXSxmPWZ1bmN0aW9uKCl7dmFyIG89e3RpOiIyNTAwNzc4OCJ9O28ucT13W3VdLHdbdV09bmV3IFVFVChvKSx3W3VdLnB1c2goInBhZ2VMb2FkIil9LG49ZC5jcmVhdGVFbGVtZW50KHQpLG4uc3JjPXIsbi5hc3luYz0xLG4ub25sb2FkPW4ub25yZWFkeXN0YXRlY2hhbmdlPWZ1bmN0aW9uKCl7dmFyIHM9dGhpcy5yZWFkeVN0YXRlO3MmJnMhPT0ibG9hZGVkIiYmcyE9PSJjb21wbGV0ZSJ8fChmKCksbi5vbmxvYWQ9bi5vbnJlYWR5c3RhdGVjaGFuZ2U9bnVsbCl9LGk9ZC5nZXRFbGVtZW50c0J5VGFnTmFtZSh0KVswXSxpLnBhcmVudE5vZGUuaW5zZXJ0QmVmb3JlKG4saSl9KSh3aW5kb3csZG9jdW1lbnQsInNjcmlwdCIsIi8vYmF0LmJpbmcuY29tL2JhdC5qcyIsInVldHEiKTs8L3NjcmlwdD4=[\/vc_raw_html][\/vc_column][vc_column width=\u00bb1\/2&#8243;][vc_raw_html]PGlmcmFtZSBzdHlsZT0iYm9yZGVyOiAwOyIgc3JjPSJodHRwczovL3d3dy5nb29nbGUuY29tL21hcHMvZW1iZWQ\/cGI9ITFtMTQhMW04ITFtMyExZDExODE3LjAyMjM1NjI3MjI0NCEyZC04OC4yOTQ0MTk5ITNkNDIuMjMwMzUyMyEzbTIhMWkxMDI0ITJpNzY4ITRmMTMuMSEzbTMhMW0yITFzMHgwJTNBMHhiNGM0NDI5ZDk5MmZlZTBmITJzR2VuZXJhbCtLaW5lbWF0aWNzK0NvcnBvcmF0aW9uITVlMCEzbTIhMXNlbiEyc3VzITR2MTQ0OTI0NzgyMzk2NiIgd2lkdGg9IjEwMCUiIGhlaWdodD0iMjkyIiBmcmFtZWJvcmRlcj0iMCIgYWxsb3dmdWxsc2NyZWVuPSJhbGxvd2Z1bGxzY3JlZW4iPjwvaWZyYW1lPg==[\/vc_raw_html][vc_column_text css_animation=\u00bbright-to-left\u00bb]<strong>Oficinas centrales de General Kinematics<\/strong><\/p>\n<p>5050 Rickert Rd<br \/>\nCrystal Lake, IL 60014<\/p>\n<h2>GK Componentes:<\/h2>\n<p><strong>North \/ South America<\/strong><\/p>\n<p>Business hours: 8 AM &#8211; 5PM CST<\/p>\n<p>Ph.: <a href=\"tel:815-455-3222\">815-455-3222<\/a><\/p>\n<p>Email: compsalesgroup@generalkinematics.com<\/p>\n<p>GK Parts After hours: Ph.: <a href=\"tel:815-455-3222\">815-455-3222<\/a>, Option 2<\/p>\n<p><strong>EuropeanComponentes<\/strong><\/p>\n<p>GK Europe GmbH<\/p>\n<p>Office Hours: 8 AM \u2013 5 PM CET<\/p>\n<p>Email: gkeparts@generalkinematics.com<\/p>\n<p>Ph:\u00a0<a href=\"tel:49 (0)211 542250 10\">49 (0)211 542250 10<\/a><\/p>\n<p><strong>Asia and India<\/strong><\/p>\n<p>Foundry &#8211; General Kinematics Thailand<\/p>\n<p>Ph: <a href=\"tel:+91 9880 291 311\">+91 9880 291 311<\/a><\/p>\n<p>Non-Foundry &#8211; General Kinematics (Beijing), Ltd.<\/p>\n<p>Ph: <a href=\"tel:+86-10-8587-9561\">+86-10-8587-9561<\/a><\/p>\n<h2>GK Servicio:<\/h2>\n<p><strong>North \/ South America<\/strong><\/p>\n<p>Business hours: 8 AM &#8211; 5PM CST<\/p>\n<p>Ph.: <a href=\"tel:815-455-3222\">815-455-3222<\/a><\/p>\n<p>GK Service After hours: Ph.: <a href=\"tel:815-455-3222\">815-455-3222<\/a>, Option 1<\/p>\n<p><strong>European Servicio GK Europe GmbH<\/strong><\/p>\n<p>Office Hours: 8 AM \u2013 5 PM CET<\/p>\n<p>Ph:\u00a0<a href=\"tel:+49 (0)211 542250 10\">49 (0)211 542250 10<\/a><\/p>\n<p><strong>Asia and India<\/strong><\/p>\n<p>Foundry &#8211; General Kinematics Thailand<\/p>\n<p>Ph: <a href=\"tel:+91 9880 291 311\">+91 9880 291 311<\/a><\/p>\n<p>Non-Foundry &#8211; General Kinematics (Beijing), Ltd.<\/p>\n<p>Ph: <a href=\"tel:+86-10-8587-9561\">+86-10-8587-9561<\/a>[\/vc_column_text][\/vc_column][\/vc_row]<\/p>\n<\/div>","protected":false},"excerpt":{"rendered":"<p>[vc_row][vc_column][vc_column_text]Independientemente del lugar del mundo donde se encuentre, GK est\u00e1 a su plena disposici\u00f3n siempre que necesite asistencia para sus productos vibratorios o rotatorios, bien sean m\u00e1quinas General Kinematics u otra marca de equipos. Los repuestos de GK est\u00e1n a su disposici\u00f3n las 24 horas del d\u00eda para mantener a su equipo vibratorio en marcha [&hellip;]<\/p>\n","protected":false},"author":5,"featured_media":0,"parent":0,"menu_order":0,"comment_status":"closed","ping_status":"closed","template":"page-templates\/page-full-width.php","meta":{"_acf_changed":false,"om_disable_all_campaigns":false,"ep_exclude_from_search":false,"footnotes":""},"class_list":["post-39412","page","type-page","status-publish","hentry"],"acf":[],"yoast_head":"<!-- This site is optimized with the Yoast SEO plugin v27.2 - https:\/\/yoast.com\/product\/yoast-seo-wordpress\/ -->\n<title>24\/7\/365, Repuestos y servicio de GK, siempre all\u00ed para usted. | General Kinematics<\/title>\n<meta name=\"robots\" content=\"index, follow, max-snippet:-1, max-image-preview:large, max-video-preview:-1\" \/>\n<link rel=\"canonical\" href=\"https:\/\/www.generalkinematics.com\/es\/24-7-365-repuestos-y-servicio-de-gk-siempre-alli-para-usted\/\" \/>\n<meta property=\"og:locale\" content=\"es_ES\" \/>\n<meta property=\"og:type\" content=\"article\" \/>\n<meta property=\"og:title\" content=\"24\/7\/365, Repuestos y servicio de GK, siempre all\u00ed para usted. | General Kinematics\" \/>\n<meta property=\"og:description\" content=\"[vc_row][vc_column][vc_column_text]Independientemente del lugar del mundo donde se encuentre, GK est\u00e1 a su plena disposici\u00f3n siempre que necesite asistencia para sus productos vibratorios o rotatorios, bien sean m\u00e1quinas General Kinematics u otra marca de equipos. Los repuestos de GK est\u00e1n a su disposici\u00f3n las 24 horas del d\u00eda para mantener a su equipo vibratorio en marcha [&hellip;]\" \/>\n<meta property=\"og:url\" content=\"https:\/\/www.generalkinematics.com\/es\/24-7-365-repuestos-y-servicio-de-gk-siempre-alli-para-usted\/\" \/>\n<meta property=\"og:site_name\" content=\"General Kinematics\" \/>\n<meta property=\"article:publisher\" content=\"https:\/\/www.facebook.com\/generalkinematics\" \/>\n<meta property=\"article:modified_time\" content=\"2019-01-08T21:29:06+00:00\" \/>\n<meta property=\"og:image\" content=\"https:\/\/media.generalkinematics.com\/wp-content\/uploads\/2017\/07\/GK-Icon.png\" \/>\n\t<meta property=\"og:image:width\" content=\"3000\" \/>\n\t<meta property=\"og:image:height\" content=\"3000\" \/>\n\t<meta property=\"og:image:type\" content=\"image\/jpeg\" \/>\n<meta name=\"twitter:card\" content=\"summary_large_image\" \/>\n<meta name=\"twitter:site\" content=\"@gkvibrating\" \/>\n<meta name=\"twitter:label1\" content=\"Tiempo de lectura\" \/>\n\t<meta name=\"twitter:data1\" content=\"2 minutos\" \/>\n<!-- \/ Yoast SEO plugin. -->","yoast_head_json":{"title":"24\/7\/365, Repuestos y servicio de GK, siempre all\u00ed para usted. | General Kinematics","robots":{"index":"index","follow":"follow","max-snippet":"max-snippet:-1","max-image-preview":"max-image-preview:large","max-video-preview":"max-video-preview:-1"},"canonical":"https:\/\/www.generalkinematics.com\/es\/24-7-365-repuestos-y-servicio-de-gk-siempre-alli-para-usted\/","og_locale":"es_ES","og_type":"article","og_title":"24\/7\/365, Repuestos y servicio de GK, siempre all\u00ed para usted. | General Kinematics","og_description":"[vc_row][vc_column][vc_column_text]Independientemente del lugar del mundo donde se encuentre, GK est\u00e1 a su plena disposici\u00f3n siempre que necesite asistencia para sus productos vibratorios o rotatorios, bien sean m\u00e1quinas General Kinematics u otra marca de equipos. Los repuestos de GK est\u00e1n a su disposici\u00f3n las 24 horas del d\u00eda para mantener a su equipo vibratorio en marcha [&hellip;]","og_url":"https:\/\/www.generalkinematics.com\/es\/24-7-365-repuestos-y-servicio-de-gk-siempre-alli-para-usted\/","og_site_name":"General Kinematics","article_publisher":"https:\/\/www.facebook.com\/generalkinematics","article_modified_time":"2019-01-08T21:29:06+00:00","og_image":[{"width":3000,"height":3000,"url":"https:\/\/media.generalkinematics.com\/wp-content\/uploads\/2017\/07\/GK-Icon.png","type":"image\/jpeg"}],"twitter_card":"summary_large_image","twitter_site":"@gkvibrating","twitter_misc":{"Tiempo de lectura":"2 minutos"},"schema":{"@context":"https:\/\/schema.org","@graph":[{"@type":"WebPage","@id":"https:\/\/www.generalkinematics.com\/es\/24-7-365-repuestos-y-servicio-de-gk-siempre-alli-para-usted\/","url":"https:\/\/www.generalkinematics.com\/es\/24-7-365-repuestos-y-servicio-de-gk-siempre-alli-para-usted\/","name":"24\/7\/365, Repuestos y servicio de GK, siempre all\u00ed para usted. | General Kinematics","isPartOf":{"@id":"https:\/\/www.generalkinematics.com\/es\/#website"},"datePublished":"2015-12-04T18:32:26+00:00","dateModified":"2019-01-08T21:29:06+00:00","breadcrumb":{"@id":"https:\/\/www.generalkinematics.com\/es\/24-7-365-repuestos-y-servicio-de-gk-siempre-alli-para-usted\/#breadcrumb"},"inLanguage":"es","potentialAction":[{"@type":"ReadAction","target":["https:\/\/www.generalkinematics.com\/es\/24-7-365-repuestos-y-servicio-de-gk-siempre-alli-para-usted\/"]}]},{"@type":"BreadcrumbList","@id":"https:\/\/www.generalkinematics.com\/es\/24-7-365-repuestos-y-servicio-de-gk-siempre-alli-para-usted\/#breadcrumb","itemListElement":[{"@type":"ListItem","position":1,"name":"GK Home","item":"https:\/\/www.generalkinematics.com\/es\/"},{"@type":"ListItem","position":2,"name":"24\/7\/365, Repuestos y servicio de GK, siempre all\u00ed para usted."}]},{"@type":"WebSite","@id":"https:\/\/www.generalkinematics.com\/es\/#website","url":"https:\/\/www.generalkinematics.com\/es\/","name":"General Kinematics","description":"","publisher":{"@id":"https:\/\/www.generalkinematics.com\/es\/#organization"},"potentialAction":[{"@type":"SearchAction","target":{"@type":"EntryPoint","urlTemplate":"https:\/\/www.generalkinematics.com\/es\/?s={search_term_string}"},"query-input":{"@type":"PropertyValueSpecification","valueRequired":true,"valueName":"search_term_string"}}],"inLanguage":"es"},{"@type":"Organization","@id":"https:\/\/www.generalkinematics.com\/es\/#organization","name":"General Kinematics","url":"https:\/\/www.generalkinematics.com\/es\/","logo":{"@type":"ImageObject","inLanguage":"es","@id":"https:\/\/www.generalkinematics.com\/es\/#\/schema\/logo\/image\/","url":"https:\/\/media.generalkinematics.com\/wp-content\/uploads\/2018\/03\/logo.png","contentUrl":"https:\/\/media.generalkinematics.com\/wp-content\/uploads\/2018\/03\/logo.png","width":313,"height":100,"caption":"General Kinematics"},"image":{"@id":"https:\/\/www.generalkinematics.com\/es\/#\/schema\/logo\/image\/"},"sameAs":["https:\/\/www.facebook.com\/generalkinematics","https:\/\/x.com\/gkvibrating"]}]}},"_links":{"self":[{"href":"https:\/\/www.generalkinematics.com\/es\/wp-json\/wp\/v2\/pages\/39412","targetHints":{"allow":["GET"]}}],"collection":[{"href":"https:\/\/www.generalkinematics.com\/es\/wp-json\/wp\/v2\/pages"}],"about":[{"href":"https:\/\/www.generalkinematics.com\/es\/wp-json\/wp\/v2\/types\/page"}],"author":[{"embeddable":true,"href":"https:\/\/www.generalkinematics.com\/es\/wp-json\/wp\/v2\/users\/5"}],"replies":[{"embeddable":true,"href":"https:\/\/www.generalkinematics.com\/es\/wp-json\/wp\/v2\/comments?post=39412"}],"version-history":[{"count":0,"href":"https:\/\/www.generalkinematics.com\/es\/wp-json\/wp\/v2\/pages\/39412\/revisions"}],"wp:attachment":[{"href":"https:\/\/www.generalkinematics.com\/es\/wp-json\/wp\/v2\/media?parent=39412"}],"curies":[{"name":"wp","href":"https:\/\/api.w.org\/{rel}","templated":true}]}}