{"id":39435,"date":"2015-12-11T12:54:23","date_gmt":"2015-12-11T18:54:23","guid":{"rendered":"https:\/\/www.generalkinematics.com\/preguntas-frecuentes\/"},"modified":"2022-12-08T14:25:11","modified_gmt":"2022-12-08T20:25:11","slug":"preguntas-frecuentes","status":"publish","type":"page","link":"https:\/\/www.generalkinematics.com\/es\/preguntas-frecuentes\/","title":{"rendered":"PREGUNTAS FRECUENTES"},"content":{"rendered":"<p><span style=\"font-weight: 400;\">La siguiente es una lista corta de las preguntas que nos realizan con m\u00e1s frecuencia. Para obtener m\u00e1s informaci\u00f3n sobre General Kinematics, s\u00edrvase contactarnos a trav\u00e9s de nuestro <\/span><a href=\"https:\/\/www.generalkinematics.com\/es\/contactar-a-general-kinematics\/\"><span style=\"font-weight: 400;\">Centro de contacto<\/span><\/a><span style=\"font-weight: 400;\">.<\/span><\/p>\n<h3><b>\u00bfDe d\u00f3nde proviene el nombre General Kinematics?<\/b><\/h3>\n<p><span style=\"font-weight: 400;\">Kinematics (cinem\u00e1tica) es el \u201cestudio de la <\/span><a href=\"https:\/\/en.wikipedia.org\/wiki\/Classical_mechanics\" target=\"_blank\" rel=\"noopener noreferrer\"><span style=\"font-weight: 400;\">mec\u00e1nica cl\u00e1sica<\/span><\/a><span style=\"font-weight: 400;\"> que describe al<\/span><a href=\"https:\/\/en.wikipedia.org\/wiki\/Motion_(physics)\"><span style=\"font-weight: 400;\"> movimiento<\/span><\/a><span style=\"font-weight: 400;\"> de puntos, cuerpos (objeto), y sistemas de cuerpos (grupos de objetos), sin tener en cuenta las causas del movimiento\u201d. (<\/span><i><span style=\"font-weight: 400;\">Wikipedia<\/span><\/i><span style=\"font-weight: 400;\">) En General Kinematics, construimos m\u00e1quinas que utilizan el movimiento vibratorio de manera sorprendentes. Algunas veces aprovechamos la vibraci\u00f3n para mover toneladas de minerales cuesta arriba, o para limpiar suavemente piezas calientes, incandescentes y met\u00e1licas en talleres de fundici\u00f3n, o para clasificar y separar materiales reciclables y as\u00ed mantenerlos fuera de los rellenos sanitarios. \u00a0Tambi\u00e9n usamos otros tipos de movimiento, incluidos sopladores, cuchillas de aire, sistemas hidr\u00e1ulicos y tambores rotatorios para ayudar a nuestros clientes a procesar materiales, ahorrar energ\u00eda y generar ingresos.<\/span><\/p>\n<p><span style=\"font-weight: 400;\">Los ingenieros de General Kinematics son especialistas en la ciencia del movimiento. Si necesita clasificar, mover, batir, sacudir o girar materiales pesados, calientes, combinados, delicados, abrasivos, h\u00famedos y\/o pegajosos, GK puede ayudarle a moverlos en la direcci\u00f3n correcta.<\/span><\/p>\n<h3><b>\u00bfQui\u00e9n es mi contacto en GK?<\/b><\/h3>\n<p><span style=\"font-weight: 400;\">General Kinematics tiene asociaciones estrat\u00e9gicas con representantes de fabricantes t\u00e9cnicamente calificados en todo el mundo, al igual que una n\u00f3mina completa de ingenieros de ventas. Si su empresa es un taller de fundici\u00f3n, s\u00edrvase consultar <\/span><span style=\"font-weight: 400;\"><a href=\"https:\/\/www.generalkinematics.com\/es\/representantes-de-fundicion\/\">este mapa<\/a>\u00a0y si no es un taller de fundici\u00f3n, consulte <a href=\"https:\/\/www.generalkinematics.com\/es\/representantes-ajenos-a-la-fundicion\/\">este mapa<\/a><\/span><span style=\"font-weight: 400;\">\u00a0para obtener informaci\u00f3n sobre sus contactos principales. O simplemente diligencie <\/span><a href=\"https:\/\/www.generalkinematics.com\/es\/contactar-a-general-kinematics\/\"><span style=\"font-weight: 400;\">este formulario<\/span><\/a><span style=\"font-weight: 400;\"> y le responderemos oportunamente. <\/span><\/p>\n<h3><b>\u00bfD\u00f3nde est\u00e1 ubicada GK?<\/b><\/h3>\n<p><span style=\"font-weight: 400;\">Las oficinas centrales de General Kinematics est\u00e1n ubicadas en Estados Unidos, cerca de Chicago IL, con las \u00e1reas de ingenier\u00eda, soporte de ventas t\u00e9cnicas, Investigaci\u00f3n y Desarrollo, un centro de pruebas y una planta de producci\u00f3n de vanguardia. Adem\u00e1s, General Kinematics tiene oficinas de ventas t\u00e9cnicas, instalaciones de fabricaci\u00f3n \u201cCapacitadas\/autorizadas por la f\u00e1brica\u201d, centros de servicio, bodegas y representantes de ventas en todo el mundo.<\/span><\/p>\n<h3><b>Directrices de protecci\u00f3n y seguridad para el recorrido por la planta de GK<\/b><\/h3>\n<p>Cuando visite GK, s\u00edrvase estudiar atentamente nuestras <a href=\"https:\/\/www.generalkinematics.com\/es\/seguridad-de-la-planta-de-gk\/\">directrices de protecci\u00f3n y seguridad<\/a>. \u00a1Estas directrices le garantizan una visita a nuestra planta que ser\u00e1 de gran utilidad!<\/p>\n<h3><b>\u00bfEst\u00e1n contratando personal?<\/b><\/h3>\n<p><span style=\"font-weight: 400;\">\u00a1S\u00ed! Si es un ingeniero talentoso o tiene experiencia t\u00e9cnica en las \u00e1reas de producci\u00f3n e industrial, queremos hablar con usted. Compruebe nuestra oferta actual de puestos de trabajo en la p\u00e1gina de carrera laboral de GK.<\/span><\/p>\n<h3><b>\u00bfC\u00f3mo se resuelven los problemas y se presta el servicio de soporte en horas no laborables?<\/b><\/h3>\n<p><span style=\"font-weight: 400;\">General Kinematics se compromete a prestar, sin interrupci\u00f3n y durante todo el a\u00f1o, sus servicios a los clientes de todo el mundo para limitar en la mayor medida posible el tiempo fuera de servicio de sus equipos. La siguiente es una presentaci\u00f3n sobre la forma como manejamos estas situaciones:<\/span><\/p>\n<p><img decoding=\"async\" class=\"alignnone wp-image-14584\" src=\"https:\/\/www.generalkinematics.com\/wp-content\/uploads\/2015\/12\/After-Hours-Tree-390x244.jpg\" alt=\"Estructura del horario de atenci\u00f3n en horas no laborables\" width=\"539\" height=\"337\" srcset=\"https:\/\/www.generalkinematics.com\/wp-content\/uploads\/2015\/12\/After-Hours-Tree-390x244.jpg 390w, https:\/\/www.generalkinematics.com\/wp-content\/uploads\/2015\/12\/After-Hours-Tree-300x188.jpg 300w, https:\/\/www.generalkinematics.com\/wp-content\/uploads\/2015\/12\/After-Hours-Tree-768x480.jpg 768w, https:\/\/www.generalkinematics.com\/wp-content\/uploads\/2015\/12\/After-Hours-Tree-400x250.jpg 400w, https:\/\/www.generalkinematics.com\/wp-content\/uploads\/2015\/12\/After-Hours-Tree-430x270.jpg 430w, https:\/\/www.generalkinematics.com\/wp-content\/uploads\/2015\/12\/After-Hours-Tree.jpg 913w\" sizes=\"(max-width: 639px) 98vw, (max-width: 1199px) 64vw, 539px\" \/><\/p>\n<p>Cuando deje un mensaje, s\u00edrvase dejar su nombre, n\u00famero de tel\u00e9fono, empresa y una breve descripci\u00f3n de su necesidad y el n\u00famero de serie de la unidad, si fuese posible. Esta informaci\u00f3n nos ayudar\u00e1 a responder con mayor prontitud su solicitud. \u00a1Le recordamos que nuestro objetivo es responderle en un plazo de una hora o menos!<\/p>\n<h3><\/h3>\n","protected":false},"excerpt":{"rendered":"<p>La siguiente es una lista corta de las preguntas que nos realizan con m\u00e1s frecuencia. Para obtener m\u00e1s informaci\u00f3n sobre General Kinematics, s\u00edrvase contactarnos a trav\u00e9s de nuestro Centro de contacto. \u00bfDe d\u00f3nde proviene el nombre General Kinematics? Kinematics (cinem\u00e1tica) es el \u201cestudio de la mec\u00e1nica cl\u00e1sica que describe al movimiento de puntos, cuerpos (objeto), [&hellip;]<\/p>\n","protected":false},"author":7,"featured_media":0,"parent":0,"menu_order":0,"comment_status":"closed","ping_status":"closed","template":"","meta":{"_acf_changed":false,"om_disable_all_campaigns":false,"ep_exclude_from_search":false,"footnotes":""},"class_list":["post-39435","page","type-page","status-publish","hentry"],"acf":[],"yoast_head":"<!-- This site is optimized with the Yoast SEO plugin v27.2 - https:\/\/yoast.com\/product\/yoast-seo-wordpress\/ -->\n<title>PREGUNTAS FRECUENTES | General Kinematics<\/title>\n<meta name=\"robots\" content=\"index, follow, max-snippet:-1, max-image-preview:large, max-video-preview:-1\" \/>\n<link rel=\"canonical\" href=\"https:\/\/www.generalkinematics.com\/es\/preguntas-frecuentes\/\" \/>\n<meta property=\"og:locale\" content=\"es_ES\" \/>\n<meta property=\"og:type\" content=\"article\" \/>\n<meta property=\"og:title\" content=\"PREGUNTAS FRECUENTES | General Kinematics\" \/>\n<meta property=\"og:description\" content=\"La siguiente es una lista corta de las preguntas que nos realizan con m\u00e1s frecuencia. Para obtener m\u00e1s informaci\u00f3n sobre General Kinematics, s\u00edrvase contactarnos a trav\u00e9s de nuestro Centro de contacto. \u00bfDe d\u00f3nde proviene el nombre General Kinematics? Kinematics (cinem\u00e1tica) es el \u201cestudio de la mec\u00e1nica cl\u00e1sica que describe al movimiento de puntos, cuerpos (objeto), [&hellip;]\" \/>\n<meta property=\"og:url\" content=\"https:\/\/www.generalkinematics.com\/es\/preguntas-frecuentes\/\" \/>\n<meta property=\"og:site_name\" content=\"General Kinematics\" \/>\n<meta property=\"article:publisher\" content=\"https:\/\/www.facebook.com\/generalkinematics\" \/>\n<meta property=\"article:modified_time\" content=\"2022-12-08T20:25:11+00:00\" \/>\n<meta property=\"og:image\" content=\"https:\/\/www.generalkinematics.com\/wp-content\/uploads\/2015\/12\/After-Hours-Tree-390x244.jpg\" \/>\n<meta name=\"twitter:card\" content=\"summary_large_image\" \/>\n<meta name=\"twitter:site\" content=\"@gkvibrating\" \/>\n<meta name=\"twitter:label1\" content=\"Tiempo de lectura\" \/>\n\t<meta name=\"twitter:data1\" content=\"3 minutos\" \/>\n<!-- \/ Yoast SEO plugin. -->","yoast_head_json":{"title":"PREGUNTAS FRECUENTES | General Kinematics","robots":{"index":"index","follow":"follow","max-snippet":"max-snippet:-1","max-image-preview":"max-image-preview:large","max-video-preview":"max-video-preview:-1"},"canonical":"https:\/\/www.generalkinematics.com\/es\/preguntas-frecuentes\/","og_locale":"es_ES","og_type":"article","og_title":"PREGUNTAS FRECUENTES | General Kinematics","og_description":"La siguiente es una lista corta de las preguntas que nos realizan con m\u00e1s frecuencia. Para obtener m\u00e1s informaci\u00f3n sobre General Kinematics, s\u00edrvase contactarnos a trav\u00e9s de nuestro Centro de contacto. \u00bfDe d\u00f3nde proviene el nombre General Kinematics? Kinematics (cinem\u00e1tica) es el \u201cestudio de la mec\u00e1nica cl\u00e1sica que describe al movimiento de puntos, cuerpos (objeto), [&hellip;]","og_url":"https:\/\/www.generalkinematics.com\/es\/preguntas-frecuentes\/","og_site_name":"General Kinematics","article_publisher":"https:\/\/www.facebook.com\/generalkinematics","article_modified_time":"2022-12-08T20:25:11+00:00","og_image":[{"url":"https:\/\/www.generalkinematics.com\/wp-content\/uploads\/2015\/12\/After-Hours-Tree-390x244.jpg","type":"","width":"","height":""}],"twitter_card":"summary_large_image","twitter_site":"@gkvibrating","twitter_misc":{"Tiempo de lectura":"3 minutos"},"schema":{"@context":"https:\/\/schema.org","@graph":[{"@type":"WebPage","@id":"https:\/\/www.generalkinematics.com\/es\/preguntas-frecuentes\/","url":"https:\/\/www.generalkinematics.com\/es\/preguntas-frecuentes\/","name":"PREGUNTAS FRECUENTES | General Kinematics","isPartOf":{"@id":"https:\/\/www.generalkinematics.com\/es\/#website"},"primaryImageOfPage":{"@id":"https:\/\/www.generalkinematics.com\/es\/preguntas-frecuentes\/#primaryimage"},"image":{"@id":"https:\/\/www.generalkinematics.com\/es\/preguntas-frecuentes\/#primaryimage"},"thumbnailUrl":"https:\/\/www.generalkinematics.com\/wp-content\/uploads\/2015\/12\/After-Hours-Tree-390x244.jpg","datePublished":"2015-12-11T18:54:23+00:00","dateModified":"2022-12-08T20:25:11+00:00","breadcrumb":{"@id":"https:\/\/www.generalkinematics.com\/es\/preguntas-frecuentes\/#breadcrumb"},"inLanguage":"es","potentialAction":[{"@type":"ReadAction","target":["https:\/\/www.generalkinematics.com\/es\/preguntas-frecuentes\/"]}]},{"@type":"ImageObject","inLanguage":"es","@id":"https:\/\/www.generalkinematics.com\/es\/preguntas-frecuentes\/#primaryimage","url":"https:\/\/www.generalkinematics.com\/wp-content\/uploads\/2015\/12\/After-Hours-Tree-390x244.jpg","contentUrl":"https:\/\/www.generalkinematics.com\/wp-content\/uploads\/2015\/12\/After-Hours-Tree-390x244.jpg"},{"@type":"BreadcrumbList","@id":"https:\/\/www.generalkinematics.com\/es\/preguntas-frecuentes\/#breadcrumb","itemListElement":[{"@type":"ListItem","position":1,"name":"GK Home","item":"https:\/\/www.generalkinematics.com\/es\/"},{"@type":"ListItem","position":2,"name":"PREGUNTAS FRECUENTES"}]},{"@type":"WebSite","@id":"https:\/\/www.generalkinematics.com\/es\/#website","url":"https:\/\/www.generalkinematics.com\/es\/","name":"General Kinematics","description":"","publisher":{"@id":"https:\/\/www.generalkinematics.com\/es\/#organization"},"potentialAction":[{"@type":"SearchAction","target":{"@type":"EntryPoint","urlTemplate":"https:\/\/www.generalkinematics.com\/es\/?s={search_term_string}"},"query-input":{"@type":"PropertyValueSpecification","valueRequired":true,"valueName":"search_term_string"}}],"inLanguage":"es"},{"@type":"Organization","@id":"https:\/\/www.generalkinematics.com\/es\/#organization","name":"General Kinematics","url":"https:\/\/www.generalkinematics.com\/es\/","logo":{"@type":"ImageObject","inLanguage":"es","@id":"https:\/\/www.generalkinematics.com\/es\/#\/schema\/logo\/image\/","url":"https:\/\/media.generalkinematics.com\/wp-content\/uploads\/2018\/03\/logo.png","contentUrl":"https:\/\/media.generalkinematics.com\/wp-content\/uploads\/2018\/03\/logo.png","width":313,"height":100,"caption":"General Kinematics"},"image":{"@id":"https:\/\/www.generalkinematics.com\/es\/#\/schema\/logo\/image\/"},"sameAs":["https:\/\/www.facebook.com\/generalkinematics","https:\/\/x.com\/gkvibrating"]}]}},"_links":{"self":[{"href":"https:\/\/www.generalkinematics.com\/es\/wp-json\/wp\/v2\/pages\/39435","targetHints":{"allow":["GET"]}}],"collection":[{"href":"https:\/\/www.generalkinematics.com\/es\/wp-json\/wp\/v2\/pages"}],"about":[{"href":"https:\/\/www.generalkinematics.com\/es\/wp-json\/wp\/v2\/types\/page"}],"author":[{"embeddable":true,"href":"https:\/\/www.generalkinematics.com\/es\/wp-json\/wp\/v2\/users\/7"}],"replies":[{"embeddable":true,"href":"https:\/\/www.generalkinematics.com\/es\/wp-json\/wp\/v2\/comments?post=39435"}],"version-history":[{"count":0,"href":"https:\/\/www.generalkinematics.com\/es\/wp-json\/wp\/v2\/pages\/39435\/revisions"}],"wp:attachment":[{"href":"https:\/\/www.generalkinematics.com\/es\/wp-json\/wp\/v2\/media?parent=39435"}],"curies":[{"name":"wp","href":"https:\/\/api.w.org\/{rel}","templated":true}]}}