{"id":41115,"date":"2018-07-30T11:12:18","date_gmt":"2018-07-30T16:12:18","guid":{"rendered":"https:\/\/www.generalkinematics.com\/seguridad-de-la-planta-de-gk\/"},"modified":"2018-07-30T11:12:40","modified_gmt":"2018-07-30T16:12:40","slug":"seguridad-de-la-planta-de-gk","status":"publish","type":"page","link":"https:\/\/www.generalkinematics.com\/es\/seguridad-de-la-planta-de-gk\/","title":{"rendered":"Seguridad de la planta de GK"},"content":{"rendered":"<h2>Directrices de protecci\u00f3n y seguridad para el recorrido por la planta<\/h2>\n<p>\u200b\u200bAl llegar a General Kinematics, por favor estacione en el parqueadero para visitantes que est\u00e1 cerca de la entrada principal. Tras observar el video de seguridad y firmar el Acuerdo de no divulgaci\u00f3n, la recepcionista de GK le invitar\u00e1 a esperar en nuestro recibidor hasta que se haga presente su contacto.<\/p>\n<p>La siguiente informaci\u00f3n es para hacerle conocer nuestras pol\u00edticas vigentes en relaci\u00f3n con las visitas a las oficinas centrales globales de General Kinematics.<\/p>\n<p><strong>Reglas generales<\/strong><\/p>\n<ul>\n<li>Durante su visita, mant\u00e9ngase con su contacto de General Kinematics. No se permite visitar \u00e1reas de la planta sin compa\u00f1\u00eda.<\/li>\n<li>Para mantener una comunicaci\u00f3n efectiva, mant\u00e9ngase junto con el grupo y siempre lleve puestas las prendas de protecci\u00f3n suministradas.<\/li>\n<li>Antes de su visita, notifique a su contacto los siguientes datos: tratamiento dado, nombre, apellido y empresa. Los cambios de nombre pueden hacerse con un plazo m\u00e1ximo de 24 horas antes de su visita.<\/li>\n<\/ul>\n<p><strong>Protecci\u00f3n<\/strong><\/p>\n<ul>\n<li>Cuando visite la planta, se le suministra el equipo de protecci\u00f3n personal (EPP) apropiado.<\/li>\n<li>Se requiere el uso de los siguientes equipos: chaqueta de seguridad reflectante, protecci\u00f3n para los o\u00eddos, gafas de seguridad.<\/li>\n<li>Fumar est\u00e1 prohibido, excepto en las zonas designadas especialmente para fumar.<\/li>\n<li>No se permite calzado descubierto ni tacones altos. Para realizar el recorrido, utilice zapatos cerrados (no se requieren zapatos con puntera de acero). Tambi\u00e9n se exige el uso de pantalones y ropa c\u00f3moda.<\/li>\n<li>Mant\u00e9ngase dentro de las l\u00edneas para peatones y fuera de los edificios.<\/li>\n<li>Tenga cuidado con los veh\u00edculos guiados autom\u00e1ticamente, montacargas, gr\u00faas y la maquinaria en movimiento en las zonas de producci\u00f3n.<\/li>\n<li>Est\u00e1 estrictamente prohibido tocar las m\u00e1quinas y los equipos, excepto que su visita sea de naturaleza t\u00e9cnica.<\/li>\n<li>Si se llegase a presentar una situaci\u00f3n de emergencia, mant\u00e9ngase con su contacto de GK que acompa\u00f1ar\u00e1 a los visitantes para sacarlos del edificio por la salida m\u00e1s cercana.<\/li>\n<\/ul>\n<p><strong>Seguridad<\/strong><\/p>\n<ul>\n<li>No se permiten equipos de filmaci\u00f3n, incluidos, entre otros, c\u00e1maras y tel\u00e9fonos celulares con c\u00e1mara. No se permite el uso de tel\u00e9fonos m\u00f3viles para tomar fotos en todo el edificio.<\/li>\n<li>Las escarapelas de visitante deben estar visibles durante su visita.<\/li>\n<li>Sacar cualquier tipo de material de la f\u00e1brica est\u00e1 estrictamente prohibido.<\/li>\n<\/ul>\n<p>Por favor, env\u00ede el nombre y la informaci\u00f3n de contacto al l\u00edder de su grupo antes de la visita. Tambi\u00e9n puede informar a Mrs. Julie Snave llamando al 815-455-3222 o enviando un mensaje electr\u00f3nico a <a href=\"mailto:jsnave@generalkinematics.com\">jsnave@generalkinematics.com<\/a> en caso de cambios o retrasos el d\u00eda de su visita.<\/p>\n<p>&nbsp;<\/p>\n<p>\u00a1Agradecemos su cooperaci\u00f3n!<\/p>\n<p><em>Comit\u00e9 de seguridad de GK<\/em><\/p>\n","protected":false},"excerpt":{"rendered":"<p>Directrices de protecci\u00f3n y seguridad para el recorrido por la planta \u200b\u200bAl llegar a General Kinematics, por favor estacione en el parqueadero para visitantes que est\u00e1 cerca de la entrada principal. Tras observar el video de seguridad y firmar el Acuerdo de no divulgaci\u00f3n, la recepcionista de GK le invitar\u00e1 a esperar en nuestro recibidor [&hellip;]<\/p>\n","protected":false},"author":5,"featured_media":0,"parent":0,"menu_order":0,"comment_status":"closed","ping_status":"closed","template":"","meta":{"_acf_changed":false,"om_disable_all_campaigns":false,"ep_exclude_from_search":false,"footnotes":""},"class_list":["post-41115","page","type-page","status-publish","hentry"],"acf":[],"yoast_head":"<!-- This site is optimized with the Yoast SEO plugin v27.2 - https:\/\/yoast.com\/product\/yoast-seo-wordpress\/ -->\n<title>Seguridad de la planta de GK | General Kinematics<\/title>\n<meta name=\"robots\" content=\"index, follow, max-snippet:-1, max-image-preview:large, max-video-preview:-1\" \/>\n<link rel=\"canonical\" href=\"https:\/\/www.generalkinematics.com\/es\/seguridad-de-la-planta-de-gk\/\" \/>\n<meta property=\"og:locale\" content=\"es_ES\" \/>\n<meta property=\"og:type\" content=\"article\" \/>\n<meta property=\"og:title\" content=\"Seguridad de la planta de GK | General Kinematics\" \/>\n<meta property=\"og:description\" content=\"Directrices de protecci\u00f3n y seguridad para el recorrido por la planta \u200b\u200bAl llegar a General Kinematics, por favor estacione en el parqueadero para visitantes que est\u00e1 cerca de la entrada principal. Tras observar el video de seguridad y firmar el Acuerdo de no divulgaci\u00f3n, la recepcionista de GK le invitar\u00e1 a esperar en nuestro recibidor [&hellip;]\" \/>\n<meta property=\"og:url\" content=\"https:\/\/www.generalkinematics.com\/es\/seguridad-de-la-planta-de-gk\/\" \/>\n<meta property=\"og:site_name\" content=\"General Kinematics\" \/>\n<meta property=\"article:publisher\" content=\"https:\/\/www.facebook.com\/generalkinematics\" \/>\n<meta property=\"article:modified_time\" content=\"2018-07-30T16:12:40+00:00\" \/>\n<meta property=\"og:image\" content=\"https:\/\/media.generalkinematics.com\/wp-content\/uploads\/2017\/07\/GK-Icon.png\" \/>\n\t<meta property=\"og:image:width\" content=\"3000\" \/>\n\t<meta property=\"og:image:height\" content=\"3000\" \/>\n\t<meta property=\"og:image:type\" content=\"image\/jpeg\" \/>\n<meta name=\"twitter:card\" content=\"summary_large_image\" \/>\n<meta name=\"twitter:site\" content=\"@gkvibrating\" \/>\n<meta name=\"twitter:label1\" content=\"Tiempo de lectura\" \/>\n\t<meta name=\"twitter:data1\" content=\"2 minutos\" \/>\n<!-- \/ Yoast SEO plugin. -->","yoast_head_json":{"title":"Seguridad de la planta de GK | General Kinematics","robots":{"index":"index","follow":"follow","max-snippet":"max-snippet:-1","max-image-preview":"max-image-preview:large","max-video-preview":"max-video-preview:-1"},"canonical":"https:\/\/www.generalkinematics.com\/es\/seguridad-de-la-planta-de-gk\/","og_locale":"es_ES","og_type":"article","og_title":"Seguridad de la planta de GK | General Kinematics","og_description":"Directrices de protecci\u00f3n y seguridad para el recorrido por la planta \u200b\u200bAl llegar a General Kinematics, por favor estacione en el parqueadero para visitantes que est\u00e1 cerca de la entrada principal. Tras observar el video de seguridad y firmar el Acuerdo de no divulgaci\u00f3n, la recepcionista de GK le invitar\u00e1 a esperar en nuestro recibidor [&hellip;]","og_url":"https:\/\/www.generalkinematics.com\/es\/seguridad-de-la-planta-de-gk\/","og_site_name":"General Kinematics","article_publisher":"https:\/\/www.facebook.com\/generalkinematics","article_modified_time":"2018-07-30T16:12:40+00:00","og_image":[{"width":3000,"height":3000,"url":"https:\/\/media.generalkinematics.com\/wp-content\/uploads\/2017\/07\/GK-Icon.png","type":"image\/jpeg"}],"twitter_card":"summary_large_image","twitter_site":"@gkvibrating","twitter_misc":{"Tiempo de lectura":"2 minutos"},"schema":{"@context":"https:\/\/schema.org","@graph":[{"@type":"WebPage","@id":"https:\/\/www.generalkinematics.com\/es\/seguridad-de-la-planta-de-gk\/","url":"https:\/\/www.generalkinematics.com\/es\/seguridad-de-la-planta-de-gk\/","name":"Seguridad de la planta de GK | General Kinematics","isPartOf":{"@id":"https:\/\/www.generalkinematics.com\/es\/#website"},"datePublished":"2018-07-30T16:12:18+00:00","dateModified":"2018-07-30T16:12:40+00:00","breadcrumb":{"@id":"https:\/\/www.generalkinematics.com\/es\/seguridad-de-la-planta-de-gk\/#breadcrumb"},"inLanguage":"es","potentialAction":[{"@type":"ReadAction","target":["https:\/\/www.generalkinematics.com\/es\/seguridad-de-la-planta-de-gk\/"]}]},{"@type":"BreadcrumbList","@id":"https:\/\/www.generalkinematics.com\/es\/seguridad-de-la-planta-de-gk\/#breadcrumb","itemListElement":[{"@type":"ListItem","position":1,"name":"GK Home","item":"https:\/\/www.generalkinematics.com\/es\/"},{"@type":"ListItem","position":2,"name":"Seguridad de la planta de GK"}]},{"@type":"WebSite","@id":"https:\/\/www.generalkinematics.com\/es\/#website","url":"https:\/\/www.generalkinematics.com\/es\/","name":"General Kinematics","description":"","publisher":{"@id":"https:\/\/www.generalkinematics.com\/es\/#organization"},"potentialAction":[{"@type":"SearchAction","target":{"@type":"EntryPoint","urlTemplate":"https:\/\/www.generalkinematics.com\/es\/?s={search_term_string}"},"query-input":{"@type":"PropertyValueSpecification","valueRequired":true,"valueName":"search_term_string"}}],"inLanguage":"es"},{"@type":"Organization","@id":"https:\/\/www.generalkinematics.com\/es\/#organization","name":"General Kinematics","url":"https:\/\/www.generalkinematics.com\/es\/","logo":{"@type":"ImageObject","inLanguage":"es","@id":"https:\/\/www.generalkinematics.com\/es\/#\/schema\/logo\/image\/","url":"https:\/\/media.generalkinematics.com\/wp-content\/uploads\/2018\/03\/logo.png","contentUrl":"https:\/\/media.generalkinematics.com\/wp-content\/uploads\/2018\/03\/logo.png","width":313,"height":100,"caption":"General Kinematics"},"image":{"@id":"https:\/\/www.generalkinematics.com\/es\/#\/schema\/logo\/image\/"},"sameAs":["https:\/\/www.facebook.com\/generalkinematics","https:\/\/x.com\/gkvibrating"]}]}},"_links":{"self":[{"href":"https:\/\/www.generalkinematics.com\/es\/wp-json\/wp\/v2\/pages\/41115","targetHints":{"allow":["GET"]}}],"collection":[{"href":"https:\/\/www.generalkinematics.com\/es\/wp-json\/wp\/v2\/pages"}],"about":[{"href":"https:\/\/www.generalkinematics.com\/es\/wp-json\/wp\/v2\/types\/page"}],"author":[{"embeddable":true,"href":"https:\/\/www.generalkinematics.com\/es\/wp-json\/wp\/v2\/users\/5"}],"replies":[{"embeddable":true,"href":"https:\/\/www.generalkinematics.com\/es\/wp-json\/wp\/v2\/comments?post=41115"}],"version-history":[{"count":0,"href":"https:\/\/www.generalkinematics.com\/es\/wp-json\/wp\/v2\/pages\/41115\/revisions"}],"wp:attachment":[{"href":"https:\/\/www.generalkinematics.com\/es\/wp-json\/wp\/v2\/media?parent=41115"}],"curies":[{"name":"wp","href":"https:\/\/api.w.org\/{rel}","templated":true}]}}