{"id":42148,"date":"2016-05-25T16:42:56","date_gmt":"2016-05-25T21:42:56","guid":{"rendered":"https:\/\/www.generalkinematics.com\/future-gk-engineer\/"},"modified":"2020-04-01T16:17:24","modified_gmt":"2020-04-01T21:17:24","slug":"future-gk-engineer","status":"publish","type":"page","link":"https:\/\/www.generalkinematics.com\/es\/future-gk-engineer\/","title":{"rendered":"Futuro ingeniero de GK"},"content":{"rendered":"<div class=\"wpb-content-wrapper\"><p>[vc_row][vc_column][vc_column_text]<\/p>\n<h2><strong>#FutureGKEngineer<\/strong><\/h2>\n<p><strong>\u00bfSe ha preguntado de d\u00f3nde proviene el mantillo de los parques? \u00bfO c\u00f3mo se recicla el papel de los cuadernos? \u00bfY qu\u00e9 opina sobre la forma como se elaboran los motores de los veh\u00edculos o se moldean las piezas de las bicicletas?<\/strong><\/p>\n<p>\u00a1Los <a href=\"https:\/\/www.generalkinematics.com\/es\/vibration-equipment\/\" target=\"_blank\" rel=\"noopener noreferrer\">equipos <\/a>de General Kinematics son parte de una gran cantidad de procesos diferentes que usted ni se imaginaba que existieran! GK necesita ingenieros mec\u00e1nicos brillantes (\u00a1que es de donde <em>usted<\/em> viene!)\u00a0que puedan dise\u00f1ar, construir y probar nuestras m\u00e1quinas. Nuestras m\u00e1quinas participan en una gran cantidad de procesos e industrias diferentes para automatizar y hacer m\u00e1s seguro el trabajo en beneficio de nuestros clientes.<\/p>\n<p>Siempre que compre o use virtualmente cualquier producto, puede estar seguro de que un ingeniero mec\u00e1nico particip\u00f3 en su elaboraci\u00f3n. La ingenier\u00eda mec\u00e1nica es uno de los campos m\u00e1s amplios de la ingenier\u00eda. Por esta raz\u00f3n, el trabajo de los ingenieros mec\u00e1nicos var\u00eda por sector y tipo de trabajo.<\/p>\n<p><img decoding=\"async\" class=\"size-medium wp-image-35296 aligncenter\" src=\"https:\/\/www.generalkinematics.com\/wp-content\/uploads\/2018\/03\/IMG_0899-390x260.jpg\" alt=\"ingenieros j\u00f3venes\" width=\"390\" height=\"260\" srcset=\"https:\/\/www.generalkinematics.com\/wp-content\/uploads\/2018\/03\/IMG_0899-390x260.jpg 390w, https:\/\/www.generalkinematics.com\/wp-content\/uploads\/2018\/03\/IMG_0899-300x200.jpg 300w, https:\/\/www.generalkinematics.com\/wp-content\/uploads\/2018\/03\/IMG_0899-768x512.jpg 768w, https:\/\/www.generalkinematics.com\/wp-content\/uploads\/2018\/03\/IMG_0899-1024x683.jpg 1024w\" sizes=\"(max-width: 639px) 98vw, (max-width: 1199px) 64vw, 390px\" \/><\/p>\n<p>En la <strong><a href=\"https:\/\/www.generalkinematics.com\/es\/soluciones-de-fundicion-y-metalcasting\/\" target=\"_blank\" rel=\"noopener noreferrer\">industria de fundici\u00f3n o la metalister\u00eda<\/a><\/strong>, nuestras mesas desmoldeadoras mueven las grandes piezas fundidas met\u00e1licas dentro de la instalaci\u00f3n con un movimiento lateral de manera que no se produce demasiado ruido o el sonido no es demasiado intenso. En la <strong><a href=\"https:\/\/www.generalkinematics.com\/es\/soluciones-de-reciclaje\/\" target=\"_blank\" rel=\"noopener noreferrer\">industria de reciclaje<\/a><\/strong>, nuestras cribas sacuden los residuos de construcci\u00f3n y demolici\u00f3n y separan las piezas m\u00e1s peque\u00f1as de las de mayor tama\u00f1o. En todas estas aplicaciones, los ingenieros participan asegur\u00e1ndose de que nuestras m\u00e1quinas se adapten al espacio disponible, realicen el trabajo para el que est\u00e1n dise\u00f1adas y mejorar el proceso del cliente.<\/p>\n<p><a href=\"https:\/\/www.generalkinematics.com\/wp-content\/uploads\/2016\/04\/IMG_5188.jpg\" rel=\"attachment wp-att-10908\"><img decoding=\"async\" class=\"size-medium wp-image-10908 aligncenter\" src=\"https:\/\/www.generalkinematics.com\/wp-content\/uploads\/2016\/04\/IMG_5188-390x260.jpg\" srcset=\"https:\/\/www.generalkinematics.com\/wp-content\/uploads\/2016\/04\/IMG_5188-390x260.jpg 390w, https:\/\/www.generalkinematics.com\/wp-content\/uploads\/2016\/04\/IMG_5188-768x512.jpg 768w, https:\/\/www.generalkinematics.com\/wp-content\/uploads\/2016\/04\/IMG_5188-1024x683.jpg 1024w\" alt=\"IMG_5188\" width=\"390\" height=\"260\" \/><\/a><\/p>\n<h2>\u00bfQuiere ser un futuro ingeniero de GK?<\/h2>\n<p>Comience por mejorar sus habilidades matem\u00e1ticas. Los c\u00e1lculos matem\u00e1ticos complejos no solo se utilizan para determinar c\u00f3mo funcionan nuestros equipos, sino en la forma como fluye el proceso (producci\u00f3n, movimiento, etc.). Tambi\u00e9n comience por mejorar sus habilidades inform\u00e1ticas. Los ingenieros de GK utilizan software de vanguardia para el Dise\u00f1o Asistido por Computador (DAC) y la Manufactura Asistida por Computador (MAC). Con este potente software, los ingenieros pueden simular nuevos dise\u00f1os, al igual que modificar los dise\u00f1os existentes para mantener a nuestros equipos funcionando correctamente.<\/p>\n<figure id=\"attachment_10906\" class=\"thumbnail wp-caption aligncenter\"><\/figure>\n<p><img decoding=\"async\" class=\"size-medium wp-image-35301 aligncenter\" src=\"https:\/\/www.generalkinematics.com\/wp-content\/uploads\/2018\/03\/FTC-Visit-11.17.15_2-390x302.jpg\" alt=\"\" width=\"390\" height=\"302\" srcset=\"https:\/\/www.generalkinematics.com\/wp-content\/uploads\/2018\/03\/FTC-Visit-11.17.15_2-390x302.jpg 390w, https:\/\/www.generalkinematics.com\/wp-content\/uploads\/2018\/03\/FTC-Visit-11.17.15_2-300x232.jpg 300w, https:\/\/www.generalkinematics.com\/wp-content\/uploads\/2018\/03\/FTC-Visit-11.17.15_2-768x594.jpg 768w, https:\/\/www.generalkinematics.com\/wp-content\/uploads\/2018\/03\/FTC-Visit-11.17.15_2.jpg 842w\" sizes=\"(max-width: 639px) 98vw, (max-width: 1199px) 64vw, 390px\" \/><\/p>\n<p>Por \u00faltimo, los ingenieros mec\u00e1nicos de GK estudian muchas materias durante su formaci\u00f3n que incluyen entre otras, f\u00edsica, din\u00e1mica y est\u00e1tica, resistencia de materiales y transferencia t\u00e9rmica entre otras. Tambi\u00e9n sirve poder entender y aplicar conceptos que abarcan desde la qu\u00edmica a la ingenier\u00eda el\u00e9ctrica.<\/p>\n<p>\u00a1Para obtener m\u00e1s informaci\u00f3n sobre la ciencia que respalda a los equipos de GK, visite nuestra <a href=\"https:\/\/www.generalkinematics.com\/es\/ventaja-de-la-doble-masa-de-gk\/\" target=\"_blank\" rel=\"noopener noreferrer\">p\u00e1gina Ventaja de la doble masa<\/a>\u00a0 o esta p\u00e1gina que\u00a0<a href=\"https:\/\/en.wikipedia.org\/wiki\/Kinematics\" target=\"_blank\" rel=\"noopener noreferrer\">le ense\u00f1a sobre la \u201ccinem\u00e1tica\u201d<\/a>\u00a0 \u00a0o haga clic en el bot\u00f3n \u00abEl poder de la vibraci\u00f3n\u00bb para interactuar con una Criba de GK.<\/p>\n<p>&nbsp;<\/p>\n<p><a href=\"https:\/\/www.generalkinematics.com\/wp-content\/uploads\/2017\/10\/GKrocksconveyor.htm\" target=\"_blank\" rel=\"attachment wp-att-10912 noopener noreferrer\"><img decoding=\"async\" class=\"aligncenter wp-image-10912\" src=\"https:\/\/www.generalkinematics.com\/wp-content\/uploads\/2017\/10\/the-power-of-vibration.png\" \/><\/a><\/p>\n<p>&nbsp;<\/p>\n<h2>\u00a1Observe el avi\u00f3n de papel que est\u00e1 construyendo el Futuro ingeniero de GK!<\/h2>\n<p>&nbsp;<\/p>\n<div class=\"epyt-video-wrapper\"><iframe  id=\"_ytid_58478\"  width=\"480\" height=\"270\"  data-origwidth=\"480\" data-origheight=\"270\"  data-relstop=\"1\" src=\"https:\/\/www.youtube.com\/embed\/rcTQNGZB_gc?enablejsapi=1&#038;autoplay=0&#038;cc_load_policy=0&#038;cc_lang_pref=&#038;iv_load_policy=1&#038;loop=0&#038;rel=0&#038;fs=1&#038;playsinline=0&#038;autohide=2&#038;theme=dark&#038;color=red&#038;controls=1&#038;disablekb=0&#038;\" class=\"__youtube_prefs__  epyt-is-override  no-lazyload\" title=\"YouTube player\"  allow=\"fullscreen; accelerometer; autoplay; clipboard-write; encrypted-media; gyroscope; picture-in-picture; web-share\" referrerpolicy=\"strict-origin-when-cross-origin\" allowfullscreen data-no-lazy=\"1\" data-skipgform_ajax_framebjll=\"\"><\/iframe><\/div>\n<p><a href=\"https:\/\/www.generalkinematics.com\/contact\/employment-opportunities\/\" target=\"_blank\" rel=\"attachment wp-att-10912 noopener noreferrer\"><img decoding=\"async\" class=\"aligncenter wp-image-10912\" src=\"https:\/\/www.generalkinematics.com\/wp-content\/uploads\/2016\/04\/button-GK-jobs-390x98.jpg\" srcset=\"https:\/\/www.generalkinematics.com\/wp-content\/uploads\/2016\/04\/button-GK-jobs-390x98.jpg 390w, https:\/\/www.generalkinematics.com\/wp-content\/uploads\/2016\/04\/button-GK-jobs.jpg 400w\" alt=\"button-GK-jobs\" width=\"200\" height=\"50\" \/><\/a>[\/vc_column_text][\/vc_column][\/vc_row]<\/p>\n<\/div>","protected":false},"excerpt":{"rendered":"<p>[vc_row][vc_column][vc_column_text] #FutureGKEngineer \u00bfSe ha preguntado de d\u00f3nde proviene el mantillo de los parques? \u00bfO c\u00f3mo se recicla el papel de los cuadernos? \u00bfY qu\u00e9 opina sobre la forma como se elaboran los motores de los veh\u00edculos o se moldean las piezas de las bicicletas? \u00a1Los equipos de General Kinematics son parte de una gran cantidad [&hellip;]<\/p>\n","protected":false},"author":7,"featured_media":0,"parent":0,"menu_order":0,"comment_status":"closed","ping_status":"closed","template":"","meta":{"_acf_changed":false,"om_disable_all_campaigns":false,"ep_exclude_from_search":false,"footnotes":""},"class_list":["post-42148","page","type-page","status-publish","hentry"],"acf":[],"yoast_head":"<!-- This site is optimized with the Yoast SEO plugin v27.2 - https:\/\/yoast.com\/product\/yoast-seo-wordpress\/ -->\n<title>Futuro ingeniero de GK | General Kinematics<\/title>\n<meta name=\"robots\" content=\"index, follow, max-snippet:-1, max-image-preview:large, max-video-preview:-1\" \/>\n<link rel=\"canonical\" href=\"https:\/\/www.generalkinematics.com\/es\/future-gk-engineer\/\" \/>\n<meta property=\"og:locale\" content=\"es_ES\" \/>\n<meta property=\"og:type\" content=\"article\" \/>\n<meta property=\"og:title\" content=\"Futuro ingeniero de GK | General Kinematics\" \/>\n<meta property=\"og:description\" content=\"[vc_row][vc_column][vc_column_text] #FutureGKEngineer \u00bfSe ha preguntado de d\u00f3nde proviene el mantillo de los parques? \u00bfO c\u00f3mo se recicla el papel de los cuadernos? \u00bfY qu\u00e9 opina sobre la forma como se elaboran los motores de los veh\u00edculos o se moldean las piezas de las bicicletas? \u00a1Los equipos de General Kinematics son parte de una gran cantidad [&hellip;]\" \/>\n<meta property=\"og:url\" content=\"https:\/\/www.generalkinematics.com\/es\/future-gk-engineer\/\" \/>\n<meta property=\"og:site_name\" content=\"General Kinematics\" \/>\n<meta property=\"article:publisher\" content=\"https:\/\/www.facebook.com\/generalkinematics\" \/>\n<meta property=\"article:modified_time\" content=\"2020-04-01T21:17:24+00:00\" \/>\n<meta property=\"og:image\" content=\"https:\/\/www.generalkinematics.com\/wp-content\/uploads\/2018\/03\/IMG_0899-390x260.jpg\" \/>\n<meta name=\"twitter:card\" content=\"summary_large_image\" \/>\n<meta name=\"twitter:site\" content=\"@gkvibrating\" \/>\n<meta name=\"twitter:label1\" content=\"Tiempo de lectura\" \/>\n\t<meta name=\"twitter:data1\" content=\"3 minutos\" \/>\n<!-- \/ Yoast SEO plugin. -->","yoast_head_json":{"title":"Futuro ingeniero de GK | General Kinematics","robots":{"index":"index","follow":"follow","max-snippet":"max-snippet:-1","max-image-preview":"max-image-preview:large","max-video-preview":"max-video-preview:-1"},"canonical":"https:\/\/www.generalkinematics.com\/es\/future-gk-engineer\/","og_locale":"es_ES","og_type":"article","og_title":"Futuro ingeniero de GK | General Kinematics","og_description":"[vc_row][vc_column][vc_column_text] #FutureGKEngineer \u00bfSe ha preguntado de d\u00f3nde proviene el mantillo de los parques? \u00bfO c\u00f3mo se recicla el papel de los cuadernos? \u00bfY qu\u00e9 opina sobre la forma como se elaboran los motores de los veh\u00edculos o se moldean las piezas de las bicicletas? \u00a1Los equipos de General Kinematics son parte de una gran cantidad [&hellip;]","og_url":"https:\/\/www.generalkinematics.com\/es\/future-gk-engineer\/","og_site_name":"General Kinematics","article_publisher":"https:\/\/www.facebook.com\/generalkinematics","article_modified_time":"2020-04-01T21:17:24+00:00","og_image":[{"url":"https:\/\/www.generalkinematics.com\/wp-content\/uploads\/2018\/03\/IMG_0899-390x260.jpg","type":"","width":"","height":""}],"twitter_card":"summary_large_image","twitter_site":"@gkvibrating","twitter_misc":{"Tiempo de lectura":"3 minutos"},"schema":{"@context":"https:\/\/schema.org","@graph":[{"@type":"WebPage","@id":"https:\/\/www.generalkinematics.com\/es\/future-gk-engineer\/","url":"https:\/\/www.generalkinematics.com\/es\/future-gk-engineer\/","name":"Futuro ingeniero de GK | General Kinematics","isPartOf":{"@id":"https:\/\/www.generalkinematics.com\/es\/#website"},"primaryImageOfPage":{"@id":"https:\/\/www.generalkinematics.com\/es\/future-gk-engineer\/#primaryimage"},"image":{"@id":"https:\/\/www.generalkinematics.com\/es\/future-gk-engineer\/#primaryimage"},"thumbnailUrl":"https:\/\/www.generalkinematics.com\/wp-content\/uploads\/2018\/03\/IMG_0899-390x260.jpg","datePublished":"2016-05-25T21:42:56+00:00","dateModified":"2020-04-01T21:17:24+00:00","breadcrumb":{"@id":"https:\/\/www.generalkinematics.com\/es\/future-gk-engineer\/#breadcrumb"},"inLanguage":"es","potentialAction":[{"@type":"ReadAction","target":["https:\/\/www.generalkinematics.com\/es\/future-gk-engineer\/"]}]},{"@type":"ImageObject","inLanguage":"es","@id":"https:\/\/www.generalkinematics.com\/es\/future-gk-engineer\/#primaryimage","url":"https:\/\/www.generalkinematics.com\/wp-content\/uploads\/2018\/03\/IMG_0899-390x260.jpg","contentUrl":"https:\/\/www.generalkinematics.com\/wp-content\/uploads\/2018\/03\/IMG_0899-390x260.jpg"},{"@type":"BreadcrumbList","@id":"https:\/\/www.generalkinematics.com\/es\/future-gk-engineer\/#breadcrumb","itemListElement":[{"@type":"ListItem","position":1,"name":"GK Home","item":"https:\/\/www.generalkinematics.com\/es\/"},{"@type":"ListItem","position":2,"name":"Futuro ingeniero de GK"}]},{"@type":"WebSite","@id":"https:\/\/www.generalkinematics.com\/es\/#website","url":"https:\/\/www.generalkinematics.com\/es\/","name":"General Kinematics","description":"","publisher":{"@id":"https:\/\/www.generalkinematics.com\/es\/#organization"},"potentialAction":[{"@type":"SearchAction","target":{"@type":"EntryPoint","urlTemplate":"https:\/\/www.generalkinematics.com\/es\/?s={search_term_string}"},"query-input":{"@type":"PropertyValueSpecification","valueRequired":true,"valueName":"search_term_string"}}],"inLanguage":"es"},{"@type":"Organization","@id":"https:\/\/www.generalkinematics.com\/es\/#organization","name":"General Kinematics","url":"https:\/\/www.generalkinematics.com\/es\/","logo":{"@type":"ImageObject","inLanguage":"es","@id":"https:\/\/www.generalkinematics.com\/es\/#\/schema\/logo\/image\/","url":"https:\/\/media.generalkinematics.com\/wp-content\/uploads\/2018\/03\/logo.png","contentUrl":"https:\/\/media.generalkinematics.com\/wp-content\/uploads\/2018\/03\/logo.png","width":313,"height":100,"caption":"General Kinematics"},"image":{"@id":"https:\/\/www.generalkinematics.com\/es\/#\/schema\/logo\/image\/"},"sameAs":["https:\/\/www.facebook.com\/generalkinematics","https:\/\/x.com\/gkvibrating"]}]}},"_links":{"self":[{"href":"https:\/\/www.generalkinematics.com\/es\/wp-json\/wp\/v2\/pages\/42148","targetHints":{"allow":["GET"]}}],"collection":[{"href":"https:\/\/www.generalkinematics.com\/es\/wp-json\/wp\/v2\/pages"}],"about":[{"href":"https:\/\/www.generalkinematics.com\/es\/wp-json\/wp\/v2\/types\/page"}],"author":[{"embeddable":true,"href":"https:\/\/www.generalkinematics.com\/es\/wp-json\/wp\/v2\/users\/7"}],"replies":[{"embeddable":true,"href":"https:\/\/www.generalkinematics.com\/es\/wp-json\/wp\/v2\/comments?post=42148"}],"version-history":[{"count":0,"href":"https:\/\/www.generalkinematics.com\/es\/wp-json\/wp\/v2\/pages\/42148\/revisions"}],"wp:attachment":[{"href":"https:\/\/www.generalkinematics.com\/es\/wp-json\/wp\/v2\/media?parent=42148"}],"curies":[{"name":"wp","href":"https:\/\/api.w.org\/{rel}","templated":true}]}}