{"id":42171,"date":"2012-04-04T12:51:00","date_gmt":"2012-04-04T17:51:00","guid":{"rendered":"https:\/\/www.generalkinematics.com\/mining-equipment\/"},"modified":"2025-07-23T10:13:42","modified_gmt":"2025-07-23T15:13:42","slug":"mineria-y-soluciones-minerales","status":"publish","type":"page","link":"https:\/\/www.generalkinematics.com\/es\/mineria-y-soluciones-minerales\/","title":{"rendered":"Equipos para Miner\u00eda y Minerales"},"content":{"rendered":"<div class=\"wpb-content-wrapper\"><p>[vc_row][vc_column][vc_column_text css=\u00bb\u00bb]<strong>Durante m\u00e1s de sesenta a\u00f1os, General Kinematics ha liderado las industrias de Miner\u00eda, Minerales y Agregados con sus innovaciones en equipos de vibratorios de proceso.<\/strong><\/p>\n<p>Las principales fortalezas de GK se basan en la capacidad para crear equipos vibratorios mineros de alta calidad y eficiencia energ\u00e9tica para resolver los problemas de proceso m\u00e1s dif\u00edciles. Nuestro comprobado historial como fabricantes y proveedores de equipos mineros se puede encontrar en la extensa base instalada de m\u00e1s de 40.000 unidades vibratorias en m\u00e1s de 35 pa\u00edses. GK respalda todos sus equipos vibratorios mineros, con un servicio postventa y soporte inigualable en toda nuestra red global.<\/p>\n<p>Junto con los equipos de perforaci\u00f3n, tronadura y excavadoras, la industria minera requiere alimentadores vibratorios, cribas, harneros o zarandas y molinos de molienda. Cuando los materiales extra\u00eddos se trasladan de la mina o cantera a la superficie, al \u00e1rea de clasificaci\u00f3n o a la planta, los alimentadores mantienen el proceso funcionando sin problemas moviendo el material al flujo correcto y al lugar correcto. Junto con los alimentadores, los harneros, cribas o zarandas asumen una carga sustancial al separar el contenido deseado desde material alimentado. Por ejemplo, una criba vibratoria puede permitir que las part\u00edculas de suciedad, rocas y polvo se desprendan, dejando el material valioso movi\u00e9ndose hacia su destino. Los chancadores tambi\u00e9n ayudan a remover el exceso de material para facilitar la colecci\u00f3n del contenido deseado. Esto a menudo es realizado triturando, moliendo o descomponiendo grandes trozos de material para extraer el producto deseado.<\/p>\n<p>La industria minera ha logrado grandes avances en la extracci\u00f3n de dep\u00f3sitos y la eliminaci\u00f3n del material deseado de los desechos. Los equipos mineros ahora son m\u00e1s eficientes porque la actual tecnolog\u00eda ahorra energ\u00eda y reduce la cantidad de productos qu\u00edmicos nocivos necesarios para extraer el material deseado de su entorno. A\u00fan se necesitan equipos pesados y resistentes a la intemperie para extraer, transportar y procesar minerales tanto met\u00e1licos como no met\u00e1licos, carb\u00f3n y metales preciosos del suelo, la arena y las rocas.<\/p>\n<p>Los equipos de GK activan y regulan adecuadamente el flujo de material y pueden integrarse f\u00e1cilmente en toda la l\u00ednea de proceso. Los innovadores equipos mineros de GK son m\u00e1s compactos y capaces de procesar material de m\u00e1s eficiente, incrementando la capacidad de la compa\u00f1\u00eda minera para invertir en maquinaria superior sin romper el presupuesto. Tambi\u00e9n se han realizado mejoras en la automatizaci\u00f3n de estos innovadores equipos mineros, facilitando el monitoreo y el mantenimiento de m\u00e1s m\u00e1quinas reduciendo en general las horas de trabajo de los operadores.<\/p>\n<p>GK tiene productos que son cruciales para la industria minera. Nuestro foco en detalle de cada faceta de nuestros equipos se enfatiza en todo el mundo. Conocidos por su confiabilidad, longevidad y desempe\u00f1o experto, por lo cual tendr\u00e1 un producto de la m\u00e1s alta calidad para impulsar sus objetivos.<\/p>\n<p>A continuaci\u00f3n, explore nuestra selecci\u00f3n de equipos mineros para encontrar la unidad que mejor se adapte a las necesidades de su aplicaci\u00f3n o que resuelva los desaf\u00edos de su proceso.<\/p>\n<p>[\/vc_column_text][\/vc_column][\/vc_row][vc_row full_width=\u00bbstretch_row\u00bb el_class=\u00bbcategory_page\u00bb css=\u00bb.vc_custom_1521765161598{background-image: url(https:\/\/www.generalkinematics.com\/wp-content\/uploads\/2018\/03\/industry-landing-lines.png?id=34782) !important;background-position: 0 0 !important;background-repeat: no-repeat !important;}\u00bb][vc_column][vc_custom_heading text=\u00bbSoluciones de miner\u00eda\u00bb font_container=\u00bbtag:h2|text_align:center|color:%239f2437&#8243; use_theme_fonts=\u00bbyes\u00bb][vc_column_text]<\/p>\n<p style=\"text-align: center;\"><em>Desde tama\u00f1os est\u00e1ndar hasta sistemas de ingenier\u00eda personalizada, los equipos de miner\u00eda de GK est\u00e1n dise\u00f1ados para durar.<\/em><\/p>\n<p>[\/vc_column_text][\/vc_column][\/vc_row][vc_row el_class=\u00bbcontainer category_page cat_image\u00bb][vc_column width=\u00bb1\/3&#8243;][vc_single_image image=\u00bb35741&#8243; img_size=\u00bbfull\u00bb alignment=\u00bbcenter\u00bb onclick=\u00bbcustom_link\u00bb title=\u00bbALIMENTADORES VIBRATORIOS\u00bb link=\u00bbhttps:\/\/www.generalkinematics.com\/es\/categoria-producto\/mineria-y-soluciones-mierales\/alimentadores-vibratorios-mineria-y-soluciones-minerales\/\u00bb][\/vc_column][vc_column width=\u00bb1\/3&#8243;][vc_single_image image=\u00bb35718&#8243; img_size=\u00bbfull\u00bb alignment=\u00bbcenter\u00bb onclick=\u00bbcustom_link\u00bb title=\u00bbSOLUCIONES DE CRIBADO\u00bb link=\u00bbhttps:\/\/www.generalkinematics.com\/es\/categoria-producto\/mineria-y-soluciones-mierales\/soluciones-de-cribas-es\/\u00bb][\/vc_column][vc_column width=\u00bb1\/3&#8243;][vc_single_image image=\u00bb26708&#8243; img_size=\u00bbfull\u00bb alignment=\u00bbcenter\u00bb onclick=\u00bbcustom_link\u00bb title=\u00bbACTIVACI\u00d3N DE MATERIALES\u00bb link=\u00bb\/es\/categoria-producto\/mineria-y-soluciones-mierales\/activacion-material\/\u00bb][\/vc_column][\/vc_row]<\/p>\n<\/div>","protected":false},"excerpt":{"rendered":"<p>[vc_row][vc_column][vc_column_text css=\u00bb\u00bb]Durante m\u00e1s de sesenta a\u00f1os, General Kinematics ha liderado las industrias de Miner\u00eda, Minerales y Agregados con sus innovaciones en equipos de vibratorios de proceso. Las principales fortalezas de GK se basan en la capacidad para crear equipos vibratorios mineros de alta calidad y eficiencia energ\u00e9tica para resolver los problemas de proceso m\u00e1s dif\u00edciles. [&hellip;]<\/p>\n","protected":false},"author":5,"featured_media":0,"parent":0,"menu_order":0,"comment_status":"closed","ping_status":"closed","template":"page-templates\/page-full-width.php","meta":{"_acf_changed":false,"om_disable_all_campaigns":false,"ep_exclude_from_search":false,"footnotes":""},"class_list":["post-42171","page","type-page","status-publish","hentry"],"acf":[],"yoast_head":"<!-- This site is optimized with the Yoast SEO plugin v27.2 - https:\/\/yoast.com\/product\/yoast-seo-wordpress\/ -->\n<title>Equipos para Miner\u00eda y Minerales | General Kinematics<\/title>\n<meta name=\"description\" content=\"Explore nuestras innovadoras . Durante m\u00e1s de 50 a\u00f1os, los equipos vibratorios de General Kinematics han liderado el mercado de la maquinaria para miner\u00eda.\" \/>\n<meta name=\"robots\" content=\"index, follow, max-snippet:-1, max-image-preview:large, max-video-preview:-1\" \/>\n<link rel=\"canonical\" href=\"https:\/\/www.generalkinematics.com\/es\/mineria-y-soluciones-minerales\/\" \/>\n<meta property=\"og:locale\" content=\"es_ES\" \/>\n<meta property=\"og:type\" content=\"article\" \/>\n<meta property=\"og:title\" content=\"Equipos para Miner\u00eda y Minerales | General Kinematics\" \/>\n<meta property=\"og:description\" content=\"Explore nuestras innovadoras . Durante m\u00e1s de 50 a\u00f1os, los equipos vibratorios de General Kinematics han liderado el mercado de la maquinaria para miner\u00eda.\" \/>\n<meta property=\"og:url\" content=\"https:\/\/www.generalkinematics.com\/es\/mineria-y-soluciones-minerales\/\" \/>\n<meta property=\"og:site_name\" content=\"General Kinematics\" \/>\n<meta property=\"article:publisher\" content=\"https:\/\/www.facebook.com\/generalkinematics\" \/>\n<meta property=\"article:modified_time\" content=\"2025-07-23T15:13:42+00:00\" \/>\n<meta property=\"og:image\" content=\"https:\/\/media.generalkinematics.com\/wp-content\/uploads\/2017\/07\/GK-Icon.png\" \/>\n\t<meta property=\"og:image:width\" content=\"3000\" \/>\n\t<meta property=\"og:image:height\" content=\"3000\" \/>\n\t<meta property=\"og:image:type\" content=\"image\/jpeg\" \/>\n<meta name=\"twitter:card\" content=\"summary_large_image\" \/>\n<meta name=\"twitter:site\" content=\"@gkvibrating\" \/>\n<meta name=\"twitter:label1\" content=\"Tiempo de lectura\" \/>\n\t<meta name=\"twitter:data1\" content=\"3 minutos\" \/>\n<!-- \/ Yoast SEO plugin. -->","yoast_head_json":{"title":"Equipos para Miner\u00eda y Minerales | General Kinematics","description":"Explore nuestras innovadoras . Durante m\u00e1s de 50 a\u00f1os, los equipos vibratorios de General Kinematics han liderado el mercado de la maquinaria para miner\u00eda.","robots":{"index":"index","follow":"follow","max-snippet":"max-snippet:-1","max-image-preview":"max-image-preview:large","max-video-preview":"max-video-preview:-1"},"canonical":"https:\/\/www.generalkinematics.com\/es\/mineria-y-soluciones-minerales\/","og_locale":"es_ES","og_type":"article","og_title":"Equipos para Miner\u00eda y Minerales | General Kinematics","og_description":"Explore nuestras innovadoras . Durante m\u00e1s de 50 a\u00f1os, los equipos vibratorios de General Kinematics han liderado el mercado de la maquinaria para miner\u00eda.","og_url":"https:\/\/www.generalkinematics.com\/es\/mineria-y-soluciones-minerales\/","og_site_name":"General Kinematics","article_publisher":"https:\/\/www.facebook.com\/generalkinematics","article_modified_time":"2025-07-23T15:13:42+00:00","og_image":[{"width":3000,"height":3000,"url":"https:\/\/media.generalkinematics.com\/wp-content\/uploads\/2017\/07\/GK-Icon.png","type":"image\/jpeg"}],"twitter_card":"summary_large_image","twitter_site":"@gkvibrating","twitter_misc":{"Tiempo de lectura":"3 minutos"},"schema":{"@context":"https:\/\/schema.org","@graph":[{"@type":"WebPage","@id":"https:\/\/www.generalkinematics.com\/es\/mineria-y-soluciones-minerales\/","url":"https:\/\/www.generalkinematics.com\/es\/mineria-y-soluciones-minerales\/","name":"Equipos para Miner\u00eda y Minerales | General Kinematics","isPartOf":{"@id":"https:\/\/www.generalkinematics.com\/es\/#website"},"datePublished":"2012-04-04T17:51:00+00:00","dateModified":"2025-07-23T15:13:42+00:00","description":"Explore nuestras innovadoras . Durante m\u00e1s de 50 a\u00f1os, los equipos vibratorios de General Kinematics han liderado el mercado de la maquinaria para miner\u00eda.","breadcrumb":{"@id":"https:\/\/www.generalkinematics.com\/es\/mineria-y-soluciones-minerales\/#breadcrumb"},"inLanguage":"es","potentialAction":[{"@type":"ReadAction","target":["https:\/\/www.generalkinematics.com\/es\/mineria-y-soluciones-minerales\/"]}]},{"@type":"BreadcrumbList","@id":"https:\/\/www.generalkinematics.com\/es\/mineria-y-soluciones-minerales\/#breadcrumb","itemListElement":[{"@type":"ListItem","position":1,"name":"GK Home","item":"https:\/\/www.generalkinematics.com\/es\/"},{"@type":"ListItem","position":2,"name":"Equipos para Miner\u00eda y Minerales"}]},{"@type":"WebSite","@id":"https:\/\/www.generalkinematics.com\/es\/#website","url":"https:\/\/www.generalkinematics.com\/es\/","name":"General Kinematics","description":"","publisher":{"@id":"https:\/\/www.generalkinematics.com\/es\/#organization"},"potentialAction":[{"@type":"SearchAction","target":{"@type":"EntryPoint","urlTemplate":"https:\/\/www.generalkinematics.com\/es\/?s={search_term_string}"},"query-input":{"@type":"PropertyValueSpecification","valueRequired":true,"valueName":"search_term_string"}}],"inLanguage":"es"},{"@type":"Organization","@id":"https:\/\/www.generalkinematics.com\/es\/#organization","name":"General Kinematics","url":"https:\/\/www.generalkinematics.com\/es\/","logo":{"@type":"ImageObject","inLanguage":"es","@id":"https:\/\/www.generalkinematics.com\/es\/#\/schema\/logo\/image\/","url":"https:\/\/media.generalkinematics.com\/wp-content\/uploads\/2018\/03\/logo.png","contentUrl":"https:\/\/media.generalkinematics.com\/wp-content\/uploads\/2018\/03\/logo.png","width":313,"height":100,"caption":"General Kinematics"},"image":{"@id":"https:\/\/www.generalkinematics.com\/es\/#\/schema\/logo\/image\/"},"sameAs":["https:\/\/www.facebook.com\/generalkinematics","https:\/\/x.com\/gkvibrating"]}]}},"_links":{"self":[{"href":"https:\/\/www.generalkinematics.com\/es\/wp-json\/wp\/v2\/pages\/42171","targetHints":{"allow":["GET"]}}],"collection":[{"href":"https:\/\/www.generalkinematics.com\/es\/wp-json\/wp\/v2\/pages"}],"about":[{"href":"https:\/\/www.generalkinematics.com\/es\/wp-json\/wp\/v2\/types\/page"}],"author":[{"embeddable":true,"href":"https:\/\/www.generalkinematics.com\/es\/wp-json\/wp\/v2\/users\/5"}],"replies":[{"embeddable":true,"href":"https:\/\/www.generalkinematics.com\/es\/wp-json\/wp\/v2\/comments?post=42171"}],"version-history":[{"count":0,"href":"https:\/\/www.generalkinematics.com\/es\/wp-json\/wp\/v2\/pages\/42171\/revisions"}],"wp:attachment":[{"href":"https:\/\/www.generalkinematics.com\/es\/wp-json\/wp\/v2\/media?parent=42171"}],"curies":[{"name":"wp","href":"https:\/\/api.w.org\/{rel}","templated":true}]}}