{"id":42172,"date":"2018-01-29T12:01:46","date_gmt":"2018-01-29T18:01:46","guid":{"rendered":"https:\/\/www.generalkinematics.com\/foundry-equipment\/"},"modified":"2022-12-08T14:36:52","modified_gmt":"2022-12-08T20:36:52","slug":"soluciones-de-fundicion-y-metalcasting","status":"publish","type":"page","link":"https:\/\/www.generalkinematics.com\/es\/soluciones-de-fundicion-y-metalcasting\/","title":{"rendered":"Fundici\u00f3n y Fundici\u00f3n de metales"},"content":{"rendered":"<div class=\"wpb-content-wrapper\"><p>[vc_row el_class=\u00bbcategory_page\u00bb][vc_column][vc_column_text]<strong>Desde el dep\u00f3sito de chatarra hasta el despacho, el equipo de fundici\u00f3n de General Kinematics tiene una soluci\u00f3n para mejorar el flujo y la productividad de su planta de fundici\u00f3n&#8230;<\/strong><\/p>\n<p>Con la m\u00e1s amplia selecci\u00f3n del sector en lo que respecta a equipos vibratorios y rotatorios de fundici\u00f3n, GK puede mejorar el flujo de sus procesos para demostrar el valor real para su producci\u00f3n y rentabilidad. GK ha ayudado a la mayor\u00eda de plantas de fundici\u00f3n rentables y eficientes a convertir sus inversiones de capital en beneficios. El equipo de fundici\u00f3n de GK incrementa la producci\u00f3n de piezas de fundici\u00f3n, disminuye el da\u00f1o de las piezas correspondientes y reduce el costo de mantenimiento. Consulte nuestra l\u00ednea de m\u00e1quinas de fundici\u00f3n a continuaci\u00f3n y haga clic en cada una para obtener m\u00e1s informaci\u00f3n sobre las caracter\u00edsticas y los beneficios.[\/vc_column_text][\/vc_column][\/vc_row][vc_row el_class=\u00bbbutton_div category_page\u00bb][vc_column][vc_btn title=\u00bbArena h\u00fameda\u00bb style=\u00bbclassic\u00bb shape=\u00bbsquare\u00bb link=\u00bburl:%23green_sand|\u00bb el_class=\u00bbscrollable\u00bb][vc_btn title=\u00bbSin hornear\u00bb style=\u00bbclassic\u00bb shape=\u00bbsquare\u00bb link=\u00bburl:%23no_bake|\u00bb el_class=\u00bbscrollable\u00bb][vc_btn title=\u00bbRecuperaci\u00f3n de materiales\u00bb style=\u00bbclassic\u00bb shape=\u00bbsquare\u00bb link=\u00bburl:%23material_reclamation|\u00bb el_class=\u00bbscrollable\u00bb][vc_btn title=\u00bbHerramientas de selector\u00bb style=\u00bbclassic\u00bb shape=\u00bbsquare\u00bb link=\u00bburl:%23selector_tools|\u00bb el_class=\u00bbscrollable\u00bb][vc_btn title=\u00bbOtras soluciones de fundici\u00f3n\u00bb style=\u00bbclassic\u00bb shape=\u00bbsquare\u00bb link=\u00bburl:%23other_solutions|\u00bb el_class=\u00bbscrollable\u00bb][\/vc_column][\/vc_row][vc_row full_width=\u00bbstretch_row\u00bb el_class=\u00bbcategory_page\u00bb css=\u00bb.vc_custom_1522100907601{background-image: url(https:\/\/www.generalkinematics.com\/wp-content\/uploads\/2018\/03\/industry-landing-lines.png?id=34782) !important;background-position: 0 0 !important;background-repeat: no-repeat !important;}\u00bb el_id=\u00bbgreen_sand\u00bb][vc_column][vc_custom_heading text=\u00bbArena h\u00fameda\u00bb font_container=\u00bbtag:h2|text_align:center|color:%239f2437&#8243; use_theme_fonts=\u00bbyes\u00bb][vc_column_text]<em>General Kinematics crea y fabrica una l\u00ednea completa de soluciones para cada \u00e1rea de su Fundici\u00f3n con Arena H\u00fameda.<\/em><\/p>\n<div align=\"center\"><\/div>\n<p>[\/vc_column_text][\/vc_column][\/vc_row][vc_row el_class=\u00bbcontainer category_page cat_image\u00bb][vc_column width=\u00bb1\/3&#8243;][vc_single_image image=\u00bb26304&#8243; img_size=\u00bbfull\u00bb alignment=\u00bbcenter\u00bb onclick=\u00bbcustom_link\u00bb title=\u00bb\u00c1rea de desmoldeadoras\u00bb link=\u00bb\/es\/categoria-producto\/soluciones-de-fundicion-y-metalcasting\/tambores-vibratorios-y-sacudidas\/sacudidas-vibratorias-rotativas\/\u00bb][\/vc_column][vc_column width=\u00bb1\/3&#8243;][vc_single_image image=\u00bb26312&#8243; img_size=\u00bbfull\u00bb alignment=\u00bbcenter\u00bb onclick=\u00bbcustom_link\u00bb title=\u00bbEnfriamiento de piezas fundidas\u00bb link=\u00bb\/es\/categoria-producto\/soluciones-de-fundicion-y-metalcasting\/enfriamiento-de-colada\/\u00bb][\/vc_column][vc_column width=\u00bb1\/3&#8243;][vc_single_image image=\u00bb42195&#8243; img_size=\u00bbfull\u00bb alignment=\u00bbcenter\u00bb onclick=\u00bbcustom_link\u00bb title=\u00bbSal\u00f3n de limpieza\u00bb link=\u00bb\/es\/categoria-producto\/soluciones-de-fundicion-y-metalcasting\/soluciones-para-salas-de-limpieza\/\u00bb][\/vc_column][\/vc_row][vc_row el_class=\u00bbcontainer category_page cat_image\u00bb][vc_column width=\u00bb1\/3&#8243;][vc_single_image image=\u00bb42185&#8243; img_size=\u00bbfull\u00bb alignment=\u00bbcenter\u00bb onclick=\u00bbcustom_link\u00bb title=\u00bbManipulaci\u00f3n de materiales\u00bb link=\u00bb\/es\/categoria-producto\/soluciones-de-fundicion-y-metalcasting\/manejo-de-materiales\/\u00bb][\/vc_column][vc_column width=\u00bb1\/3&#8243;][vc_single_image image=\u00bb42190&#8243; img_size=\u00bbfull\u00bb alignment=\u00bbcenter\u00bb onclick=\u00bbcustom_link\u00bb title=\u00bbDepartamento de fundici\u00f3n\u00bb link=\u00bb\/es\/categoria-producto\/soluciones-de-fundicion-y-metalcasting\/equipo-de-cubierta-de-fusion\/\u00bb][\/vc_column][vc_column width=\u00bb1\/3&#8243;][vc_single_image image=\u00bb30625&#8243; img_size=\u00bbfull\u00bb alignment=\u00bbcenter\u00bb onclick=\u00bbcustom_link\u00bb title=\u00bbPlanta de arena\u00bb link=\u00bbhttps:\/\/www.generalkinematics.com\/es\/categoria-producto\/procesamiento-manejo-de-arena\/\u00bb][\/vc_column][\/vc_row][vc_row full_width=\u00bbstretch_row\u00bb el_class=\u00bbcategory_page\u00bb css=\u00bb.vc_custom_1522101495395{background-image: url(https:\/\/www.generalkinematics.com\/wp-content\/uploads\/2018\/03\/industry-landing-lines.png?id=34782) !important;background-position: 0 0 !important;background-repeat: no-repeat !important;}\u00bb el_id=\u00bbno_bake\u00bb][vc_column][vc_custom_heading text=\u00bbSin hornear\u00bb font_container=\u00bbtag:h2|text_align:center|color:%239f2437&#8243; use_theme_fonts=\u00bbyes\u00bb][vc_column_text]<em>El equipo de fundici\u00f3n sin hornear de General Kinematics reduce el tiempo fuera de servicio y mejora la capacidad de producci\u00f3n.<\/em><\/p>\n<div align=\"center\"><\/div>\n<div align=\"center\"><\/div>\n<p>[\/vc_column_text][\/vc_column][\/vc_row][vc_row el_class=\u00bbcontainer category_page cat_image\u00bb][vc_column width=\u00bb1\/3&#8243;][vc_single_image image=\u00bb26884&#8243; img_size=\u00bbfull\u00bb alignment=\u00bbcenter\u00bb onclick=\u00bbcustom_link\u00bb title=\u00bbDepartamento de fundici\u00f3n\u00bb link=\u00bb\/es\/categoria-producto\/soluciones-de-fundicion-y-metalcasting\/equipo-de-cubierta-de-fusion\/\u00bb][\/vc_column][vc_column width=\u00bb1\/3&#8243;][vc_single_image image=\u00bb42200&#8243; img_size=\u00bbfull\u00bb alignment=\u00bbcenter\u00bb onclick=\u00bbcustom_link\u00bb title=\u00bb\u00c1rea de desmoldeadoras\u00bb link=\u00bb\/es\/categoria-producto\/soluciones-de-fundicion-y-metalcasting\/tambores-vibratorios-y-sacudidas\/sacudida\/\u00bb][\/vc_column][vc_column width=\u00bb1\/3&#8243;][vc_single_image image=\u00bb42205&#8243; img_size=\u00bbfull\u00bb alignment=\u00bbcenter\u00bb onclick=\u00bbcustom_link\u00bb title=\u00bbAtrici\u00f3n con arena\u00bb link=\u00bb\/es\/categoria-producto\/soluciones-de-fundicion-y-metalcasting\/sistemas-de-arena-recuperacion\/desgaste-de-arena\/\u00bb][\/vc_column][\/vc_row][vc_row el_class=\u00bbcontainer category_page cat_image\u00bb][vc_column width=\u00bb1\/3&#8243;][vc_single_image image=\u00bb42214&#8243; img_size=\u00bbfull\u00bb alignment=\u00bbcenter\u00bb onclick=\u00bbcustom_link\u00bb title=\u00bbEnfriamiento \/ calentamiento de arena\u00bb link=\u00bbhttps:\/\/www.generalkinematics.com\/es\/categoria-producto\/soluciones-de-fundicion-y-metalcasting\/sistemas-de-arena-recuperacion\/equipo-de-enfriamiento-de-arena\/\u00bb][\/vc_column][vc_column width=\u00bb1\/3&#8243;][vc_single_image image=\u00bb26040&#8243; img_size=\u00bbfull\u00bb alignment=\u00bbcenter\u00bb onclick=\u00bbcustom_link\u00bb title=\u00bbManipulaci\u00f3n de materiales\u00bb link=\u00bb\/es\/categoria-producto\/soluciones-de-fundicion-y-metalcasting\/manejo-de-materiales\/\u00bb][\/vc_column][vc_column width=\u00bb1\/3&#8243;][vc_single_image image=\u00bb22104&#8243; img_size=\u00bbfull\u00bb alignment=\u00bbcenter\u00bb onclick=\u00bbcustom_link\u00bb title=\u00bbOtros equipos\u00bb link=\u00bb\/es\/categoria-producto\/soluciones-de-fundicion-y-metalcasting\/otras-soluciones\/\u00bb][\/vc_column][\/vc_row][vc_row full_width=\u00bbstretch_row\u00bb el_class=\u00bbcategory_page\u00bb css=\u00bb.vc_custom_1522101514499{background-image: url(https:\/\/www.generalkinematics.com\/wp-content\/uploads\/2018\/03\/industry-landing-lines.png?id=34782) !important;background-position: 0 0 !important;background-repeat: no-repeat !important;}\u00bb el_id=\u00bbmaterial_reclamation\u00bb][vc_column][vc_custom_heading text=\u00bbRecuperaci\u00f3n de materiales\u00bb font_container=\u00bbtag:h2|text_align:center|color:%239f2437&#8243; use_theme_fonts=\u00bbyes\u00bb][vc_column_text]<em>Para aplicaciones de materiales dif\u00edciles de manejar, GK se encuentra en una posici\u00f3n \u00fanica para ofrecer soluciones vibratorias y rotatorias que hacen que sea una operaci\u00f3n m\u00e1s f\u00e1cil, segura y eficiente.<\/em><\/p>\n<div align=\"center\"><\/div>\n<div align=\"center\"><\/div>\n<p>[\/vc_column_text][\/vc_column][\/vc_row][vc_row el_class=\u00bbcontainer category_page cat_image\u00bb][vc_column width=\u00bb1\/3&#8243;][vc_single_image image=\u00bb42219&#8243; img_size=\u00bbfull\u00bb alignment=\u00bbcenter\u00bb onclick=\u00bbcustom_link\u00bb title=\u00bbRecuperadores de escoria VIBRA-DRUM\u00ae\u00bb link=\u00bb\/es\/producto\/dross-reclamation-systems\/\u00bb][\/vc_column][vc_column width=\u00bb1\/3&#8243;][vc_single_image image=\u00bb26880&#8243; img_size=\u00bbfull\u00bb alignment=\u00bbcenter\u00bb onclick=\u00bbcustom_link\u00bb title=\u00bbRecuperadores rotatorios DUCTA-SERIES\u2122\u00bb link=\u00bb\/es\/producto\/recuperadora-de-arena-rotatoria\/\u00bb][\/vc_column][vc_column width=\u00bb1\/3&#8243;][vc_single_image image=\u00bb42230&#8243; img_size=\u00bbfull\u00bb alignment=\u00bbcenter\u00bb onclick=\u00bbcustom_link\u00bb title=\u00bbEnfriamiento vibratorio de escoria h\u00famedo o seco\u00bb link=\u00bb\/es\/producto\/cinta-transportadora-de-enfriamiento\/\u00bb][\/vc_column][\/vc_row][vc_row full_width=\u00bbstretch_row\u00bb el_class=\u00bbcategory_page\u00bb css=\u00bb.vc_custom_1522101534553{background-image: url(https:\/\/www.generalkinematics.com\/wp-content\/uploads\/2018\/03\/industry-landing-lines.png?id=34782) !important;background-position: 0 0 !important;background-repeat: no-repeat !important;}\u00bb el_id=\u00bbselector_tools\u00bb][vc_column][vc_custom_heading text=\u00bbHerramientas de selector\u00bb font_container=\u00bbtag:h2|text_align:center|color:%239f2437&#8243; use_theme_fonts=\u00bbyes\u00bb][vc_column_text]<em>General Kinematics se especializa en soluciones de desmoldeo vibratorio y rotatorio para la industria de la fundici\u00f3n. Desde cribas peque\u00f1as hasta gigantescos sistemas de desmoldeado sin hornear, GK tiene la soluci\u00f3n adecuada para liberar sus piezas fundidas.\u00a0Utilice las herramientas de selector para ayudarlo a encontrar el equipo de fundici\u00f3n m\u00e1s adecuado para sus necesidades.<\/em><\/p>\n<div align=\"center\"><\/div>\n<p>[\/vc_column_text][\/vc_column][\/vc_row][vc_row el_class=\u00bbcontainer category_page cat_image\u00bb][vc_column width=\u00bb1\/4&#8243;][vc_single_image image=\u00bb16964&#8243; img_size=\u00bbfull\u00bb alignment=\u00bbcenter\u00bb onclick=\u00bbcustom_link\u00bb title=\u00bbTambores de fundici\u00f3n rotatorios DUCTA-SERIES\u2122\u00bb link=\u00bbhttps:\/\/www.generalkinematics.com\/es\/soluciones-de-fundicion-y-metalcasting\/ductaseries-rotary-foundry-drums\/\u00bb][\/vc_column][vc_column width=\u00bb1\/4&#8243;][vc_single_image image=\u00bb26348&#8243; img_size=\u00bbfull\u00bb alignment=\u00bbcenter\u00bb onclick=\u00bbcustom_link\u00bb title=\u00bbCentro de selecci\u00f3n de desmoldeo de GK\u00bb link=\u00bbhttps:\/\/www.generalkinematics.com\/es\/soluciones-de-fundicion-y-metalcasting\/selector-de-desmoldeadoras-de-fundicion\/\u00bb][\/vc_column][vc_column width=\u00bb1\/4&#8243;][vc_single_image image=\u00bb26040&#8243; img_size=\u00bbfull\u00bb alignment=\u00bbcenter\u00bb onclick=\u00bbcustom_link\u00bb title=\u00bbSelector de transportadora\u00bb link=\u00bb\/es\/producto\/cintas-transportadoras-vibratorias-para-aplicaciones-de-fundicion\/\u00bb][\/vc_column][vc_column width=\u00bb1\/4&#8243;][vc_single_image image=\u00bb35778&#8243; img_size=\u00bbfull\u00bb alignment=\u00bbcenter\u00bb onclick=\u00bbcustom_link\u00bb title=\u00bbSelector de alimentador\u00bb link=\u00bbhttps:\/\/www.generalkinematics.com\/es\/soluciones-de-fundicion-y-metalcasting\/vibratory-feeders-for-foundry\/\u00bb][\/vc_column][\/vc_row][vc_row full_width=\u00bbstretch_row\u00bb el_class=\u00bbcategory_page\u00bb css=\u00bb.vc_custom_1522107477225{background-image: url(https:\/\/www.generalkinematics.com\/wp-content\/uploads\/2018\/03\/industry-landing-lines.png?id=34782) !important;background-position: 0 0 !important;background-repeat: no-repeat !important;}\u00bb el_id=\u00bbother_solutions\u00bb][vc_column][vc_custom_heading text=\u00bbOtras soluciones de fundici\u00f3n\u00bb font_container=\u00bbtag:h2|text_align:center|color:%239f2437&#8243; use_theme_fonts=\u00bbyes\u00bb][vc_column_text]<em>General Kinematics tiene una larga historia en lo que corresponde a la aplicaci\u00f3n de la ciencia vibratoria a aplicaciones \u00fanicas. Las siguientes son soluciones con m\u00e1s equipos utilizadas por las mejores plantas de fundici\u00f3n de todo el mundo.<\/em><\/p>\n<div align=\"center\"><\/div>\n<div align=\"center\"><\/div>\n<p>[\/vc_column_text][\/vc_column][\/vc_row][vc_row el_class=\u00bbcontainer category_page cat_image\u00bb][vc_column width=\u00bb1\/3&#8243;][vc_single_image image=\u00bb42245&#8243; img_size=\u00bbfull\u00bb alignment=\u00bbcenter\u00bb onclick=\u00bbcustom_link\u00bb title=\u00bbSistemas de fundici\u00f3n por espuma perdida\u00bb link=\u00bb\/es\/producto\/sistema-fundicion-por-espuma-perdida\/\u00bb][\/vc_column][vc_column width=\u00bb1\/3&#8243;][vc_single_image image=\u00bb26044&#8243; img_size=\u00bbfull\u00bb alignment=\u00bbcenter\u00bb onclick=\u00bbcustom_link\u00bb title=\u00bbTambor de medio vibratorio VIBRA-CLEAN\u2122\u00bb link=\u00bb\/es\/producto\/tambor-de-medio-vibratorio\/\u00bb][\/vc_column][vc_column width=\u00bb1\/3&#8243;][vc_single_image image=\u00bb42250&#8243; img_size=\u00bbfull\u00bb alignment=\u00bbcenter\u00bb onclick=\u00bbcustom_link\u00bb title=\u00bbTrituradora de coladas VIBRA-JAW\u2122\u00bb link=\u00bb\/es\/producto\/vibra-jaw-trituradoras-vibratorias-de-mandibulas\/\u00bb][\/vc_column][\/vc_row][vc_row el_class=\u00bbcontainer category_page cat_image\u00bb][vc_column width=\u00bb1\/3&#8243;][vc_single_image image=\u00bb42256&#8243; img_size=\u00bbfull\u00bb alignment=\u00bbcenter\u00bb onclick=\u00bbcustom_link\u00bb title=\u00bbAlimentador de palanquillas para sistemas de inducci\u00f3n\u00bb link=\u00bb\/es\/producto\/sistemas-de-alimentacion-de-cubas\/\u00bb][\/vc_column][vc_column width=\u00bb1\/3&#8243;][vc_single_image image=\u00bb21924&#8243; img_size=\u00bbfull\u00bb alignment=\u00bbcenter\u00bb onclick=\u00bbcustom_link\u00bb title=\u00bbRevestimientos y carcasas de tambores rotatorios LOCK-TITE\u2122\u00bb link=\u00bb\/es\/producto\/revestimientos-de-tambores-rotatorios\/\u00bb][\/vc_column][vc_column width=\u00bb1\/3&#8243;][vc_single_image image=\u00bb26028&#8243; img_size=\u00bbfull\u00bb alignment=\u00bbcenter\u00bb onclick=\u00bbcustom_link\u00bb title=\u00bbProcesamiento de fundici\u00f3n a presi\u00f3n\u00bb link=\u00bbhttps:\/\/www.generalkinematics.com\/es\/soluciones-de-fundicion-de-chatarra-a-presion\/\u00bb][\/vc_column][\/vc_row]<\/p>\n<\/div>","protected":false},"excerpt":{"rendered":"<p>[vc_row el_class=\u00bbcategory_page\u00bb][vc_column][vc_column_text]Desde el dep\u00f3sito de chatarra hasta el despacho, el equipo de fundici\u00f3n de General Kinematics tiene una soluci\u00f3n para mejorar el flujo y la productividad de su planta de fundici\u00f3n&#8230; Con la m\u00e1s amplia selecci\u00f3n del sector en lo que respecta a equipos vibratorios y rotatorios de fundici\u00f3n, GK puede mejorar el flujo de [&hellip;]<\/p>\n","protected":false},"author":101026,"featured_media":34891,"parent":0,"menu_order":0,"comment_status":"closed","ping_status":"closed","template":"page-templates\/page-full-width.php","meta":{"_acf_changed":false,"om_disable_all_campaigns":false,"ep_exclude_from_search":false,"footnotes":""},"class_list":["post-42172","page","type-page","status-publish","has-post-thumbnail","hentry"],"acf":[],"yoast_head":"<!-- This site is optimized with the Yoast SEO plugin v27.2 - https:\/\/yoast.com\/product\/yoast-seo-wordpress\/ -->\n<title>Equipos y m\u00e1quinas de fundici\u00f3n | General Kinematics<\/title>\n<meta name=\"description\" content=\"Explore el completo cat\u00e1logo de equipos y m\u00e1quinas de fundici\u00f3n de General Kinematics. Pinche sobre cada una para obtener informaci\u00f3n m\u00e1s detallada sobre sus caracter\u00edsticas y beneficios de uso.\" \/>\n<meta name=\"robots\" content=\"index, follow, max-snippet:-1, max-image-preview:large, max-video-preview:-1\" \/>\n<link rel=\"canonical\" href=\"https:\/\/www.generalkinematics.com\/es\/soluciones-de-fundicion-y-metalcasting\/\" \/>\n<meta property=\"og:locale\" content=\"es_ES\" \/>\n<meta property=\"og:type\" content=\"article\" \/>\n<meta property=\"og:title\" content=\"Equipos y m\u00e1quinas de fundici\u00f3n | General Kinematics\" \/>\n<meta property=\"og:description\" content=\"Explore el completo cat\u00e1logo de equipos y m\u00e1quinas de fundici\u00f3n de General Kinematics. Pinche sobre cada una para obtener informaci\u00f3n m\u00e1s detallada sobre sus caracter\u00edsticas y beneficios de uso.\" \/>\n<meta property=\"og:url\" content=\"https:\/\/www.generalkinematics.com\/es\/soluciones-de-fundicion-y-metalcasting\/\" \/>\n<meta property=\"og:site_name\" content=\"General Kinematics\" \/>\n<meta property=\"article:publisher\" content=\"https:\/\/www.facebook.com\/generalkinematics\" \/>\n<meta property=\"article:modified_time\" content=\"2022-12-08T20:36:52+00:00\" \/>\n<meta property=\"og:image\" content=\"https:\/\/media.generalkinematics.com\/wp-content\/uploads\/2018\/03\/Foundry-Header-80.jpg\" \/>\n\t<meta property=\"og:image:width\" content=\"1202\" \/>\n\t<meta property=\"og:image:height\" content=\"632\" \/>\n\t<meta property=\"og:image:type\" content=\"image\/jpeg\" \/>\n<meta name=\"twitter:card\" content=\"summary_large_image\" \/>\n<meta name=\"twitter:site\" content=\"@gkvibrating\" \/>\n<meta name=\"twitter:label1\" content=\"Tiempo de lectura\" \/>\n\t<meta name=\"twitter:data1\" content=\"4 minutos\" \/>\n<!-- \/ Yoast SEO plugin. -->","yoast_head_json":{"title":"Equipos y m\u00e1quinas de fundici\u00f3n | General Kinematics","description":"Explore el completo cat\u00e1logo de equipos y m\u00e1quinas de fundici\u00f3n de General Kinematics. Pinche sobre cada una para obtener informaci\u00f3n m\u00e1s detallada sobre sus caracter\u00edsticas y beneficios de uso.","robots":{"index":"index","follow":"follow","max-snippet":"max-snippet:-1","max-image-preview":"max-image-preview:large","max-video-preview":"max-video-preview:-1"},"canonical":"https:\/\/www.generalkinematics.com\/es\/soluciones-de-fundicion-y-metalcasting\/","og_locale":"es_ES","og_type":"article","og_title":"Equipos y m\u00e1quinas de fundici\u00f3n | General Kinematics","og_description":"Explore el completo cat\u00e1logo de equipos y m\u00e1quinas de fundici\u00f3n de General Kinematics. Pinche sobre cada una para obtener informaci\u00f3n m\u00e1s detallada sobre sus caracter\u00edsticas y beneficios de uso.","og_url":"https:\/\/www.generalkinematics.com\/es\/soluciones-de-fundicion-y-metalcasting\/","og_site_name":"General Kinematics","article_publisher":"https:\/\/www.facebook.com\/generalkinematics","article_modified_time":"2022-12-08T20:36:52+00:00","og_image":[{"width":1202,"height":632,"url":"https:\/\/media.generalkinematics.com\/wp-content\/uploads\/2018\/03\/Foundry-Header-80.jpg","type":"image\/jpeg"}],"twitter_card":"summary_large_image","twitter_site":"@gkvibrating","twitter_misc":{"Tiempo de lectura":"4 minutos"},"schema":{"@context":"https:\/\/schema.org","@graph":[{"@type":"WebPage","@id":"https:\/\/www.generalkinematics.com\/es\/soluciones-de-fundicion-y-metalcasting\/","url":"https:\/\/www.generalkinematics.com\/es\/soluciones-de-fundicion-y-metalcasting\/","name":"Equipos y m\u00e1quinas de fundici\u00f3n | General Kinematics","isPartOf":{"@id":"https:\/\/www.generalkinematics.com\/es\/#website"},"primaryImageOfPage":{"@id":"https:\/\/www.generalkinematics.com\/es\/soluciones-de-fundicion-y-metalcasting\/#primaryimage"},"image":{"@id":"https:\/\/www.generalkinematics.com\/es\/soluciones-de-fundicion-y-metalcasting\/#primaryimage"},"thumbnailUrl":"https:\/\/media.generalkinematics.com\/wp-content\/uploads\/2018\/03\/Foundry-Header-80.jpg","datePublished":"2018-01-29T18:01:46+00:00","dateModified":"2022-12-08T20:36:52+00:00","description":"Explore el completo cat\u00e1logo de equipos y m\u00e1quinas de fundici\u00f3n de General Kinematics. Pinche sobre cada una para obtener informaci\u00f3n m\u00e1s detallada sobre sus caracter\u00edsticas y beneficios de uso.","breadcrumb":{"@id":"https:\/\/www.generalkinematics.com\/es\/soluciones-de-fundicion-y-metalcasting\/#breadcrumb"},"inLanguage":"es","potentialAction":[{"@type":"ReadAction","target":["https:\/\/www.generalkinematics.com\/es\/soluciones-de-fundicion-y-metalcasting\/"]}]},{"@type":"ImageObject","inLanguage":"es","@id":"https:\/\/www.generalkinematics.com\/es\/soluciones-de-fundicion-y-metalcasting\/#primaryimage","url":"https:\/\/media.generalkinematics.com\/wp-content\/uploads\/2018\/03\/Foundry-Header-80.jpg","contentUrl":"https:\/\/media.generalkinematics.com\/wp-content\/uploads\/2018\/03\/Foundry-Header-80.jpg","width":1202,"height":632},{"@type":"BreadcrumbList","@id":"https:\/\/www.generalkinematics.com\/es\/soluciones-de-fundicion-y-metalcasting\/#breadcrumb","itemListElement":[{"@type":"ListItem","position":1,"name":"GK Home","item":"https:\/\/www.generalkinematics.com\/es\/"},{"@type":"ListItem","position":2,"name":"Fundici\u00f3n y Fundici\u00f3n de metales"}]},{"@type":"WebSite","@id":"https:\/\/www.generalkinematics.com\/es\/#website","url":"https:\/\/www.generalkinematics.com\/es\/","name":"General Kinematics","description":"","publisher":{"@id":"https:\/\/www.generalkinematics.com\/es\/#organization"},"potentialAction":[{"@type":"SearchAction","target":{"@type":"EntryPoint","urlTemplate":"https:\/\/www.generalkinematics.com\/es\/?s={search_term_string}"},"query-input":{"@type":"PropertyValueSpecification","valueRequired":true,"valueName":"search_term_string"}}],"inLanguage":"es"},{"@type":"Organization","@id":"https:\/\/www.generalkinematics.com\/es\/#organization","name":"General Kinematics","url":"https:\/\/www.generalkinematics.com\/es\/","logo":{"@type":"ImageObject","inLanguage":"es","@id":"https:\/\/www.generalkinematics.com\/es\/#\/schema\/logo\/image\/","url":"https:\/\/media.generalkinematics.com\/wp-content\/uploads\/2018\/03\/logo.png","contentUrl":"https:\/\/media.generalkinematics.com\/wp-content\/uploads\/2018\/03\/logo.png","width":313,"height":100,"caption":"General Kinematics"},"image":{"@id":"https:\/\/www.generalkinematics.com\/es\/#\/schema\/logo\/image\/"},"sameAs":["https:\/\/www.facebook.com\/generalkinematics","https:\/\/x.com\/gkvibrating"]}]}},"_links":{"self":[{"href":"https:\/\/www.generalkinematics.com\/es\/wp-json\/wp\/v2\/pages\/42172","targetHints":{"allow":["GET"]}}],"collection":[{"href":"https:\/\/www.generalkinematics.com\/es\/wp-json\/wp\/v2\/pages"}],"about":[{"href":"https:\/\/www.generalkinematics.com\/es\/wp-json\/wp\/v2\/types\/page"}],"author":[{"embeddable":true,"href":"https:\/\/www.generalkinematics.com\/es\/wp-json\/wp\/v2\/users\/101026"}],"replies":[{"embeddable":true,"href":"https:\/\/www.generalkinematics.com\/es\/wp-json\/wp\/v2\/comments?post=42172"}],"version-history":[{"count":0,"href":"https:\/\/www.generalkinematics.com\/es\/wp-json\/wp\/v2\/pages\/42172\/revisions"}],"wp:featuredmedia":[{"embeddable":true,"href":"https:\/\/www.generalkinematics.com\/es\/wp-json\/wp\/v2\/media\/34891"}],"wp:attachment":[{"href":"https:\/\/www.generalkinematics.com\/es\/wp-json\/wp\/v2\/media?parent=42172"}],"curies":[{"name":"wp","href":"https:\/\/api.w.org\/{rel}","templated":true}]}}