{"id":42733,"date":"2012-04-24T15:12:52","date_gmt":"2012-04-24T20:12:52","guid":{"rendered":"https:\/\/www.generalkinematics.com\/processing-equipment\/"},"modified":"2018-10-09T21:01:00","modified_gmt":"2018-10-10T02:01:00","slug":"soluciones-de-procesamiento-a-granel","status":"publish","type":"page","link":"https:\/\/www.generalkinematics.com\/es\/soluciones-de-procesamiento-a-granel\/","title":{"rendered":"Procesamiento a granel"},"content":{"rendered":"<div class=\"wpb-content-wrapper\"><p>[vc_row][vc_column][vc_column_text]<strong>El equipo de manipulaci\u00f3n de materiales a granel simplifica el proceso intensivo de gesti\u00f3n de ingredientes, piezas y otros materiales a granel.<\/strong><\/p>\n<p>General Kinematics combina tecnolog\u00edas innovadoras con la visi\u00f3n y creatividad del proceso de producci\u00f3n para ofrecer soluciones de ingenier\u00eda que mejoran sus procesos de producci\u00f3n. Al proporcionar a nuestros clientes una ventaja competitiva, la manipulaci\u00f3n de materiales a granel ya no genera frustraci\u00f3n ni p\u00e9rdida de tiempo y dinero.<\/p>\n<p>General Kinematics cuenta con la experiencia y el conocimiento para responder a sus objetivos de equipos de procesamiento confiables y eficientes en el procesamiento de materiales a granel. Las soluciones de GK pueden calentar, enfriar, recubrir, transportar, alimentar, elevar, aglomerar, triturar, entre otras cosas, y al mismo tiempo pueden reducir el consumo de energ\u00eda, el mantenimiento y el tiempo fuera de servicio. General Kinematics es l\u00edder en la industria y puede resolver cualquier problema de procesamiento o manipulaci\u00f3n de materiales a granel y brindarle la asistencia que usted y su empresa necesitan.<\/p>\n<p>Consulte todas nuestras soluciones de procesamiento y sistemas de manipulaci\u00f3n de materiales a granel, o <a href=\"https:\/\/www.generalkinematics.com\/es\/contactar-a-general-kinematics\/\">cont\u00e1ctenos para personalizar un sistema que sea adecuado para usted<\/a>.[\/vc_column_text][\/vc_column][\/vc_row][vc_row full_width=\u00bbstretch_row\u00bb el_class=\u00bbcategory_page\u00bb css=\u00bb.vc_custom_1521858672348{background-image: url(https:\/\/www.generalkinematics.com\/wp-content\/uploads\/2018\/03\/industry-landing-lines.png?id=34782) !important;background-position: 0 0 !important;background-repeat: no-repeat !important;}\u00bb][vc_column][vc_custom_heading text=\u00bbSoluciones de procesamiento\u00bb font_container=\u00bbtag:h2|text_align:center|color:%239f2437&#8243; use_theme_fonts=\u00bbyes\u00bb][vc_column_text]<\/p>\n<p style=\"text-align: center;\"><em>Desde tama\u00f1os est\u00e1ndar hasta sistemas de ingenier\u00eda personalizados, los equipos de procesamiento y manipulaci\u00f3n de materiales a granel de GK se fabrican para mejorar su proceso y reducir el tiempo fuera de servicio.<\/em><\/p>\n<p>[\/vc_column_text][\/vc_column][\/vc_row][vc_row el_class=\u00bbcontainer category_page cat_image\u00bb][vc_column width=\u00bb1\/3&#8243;][vc_single_image image=\u00bb26008&#8243; img_size=\u00bbfull\u00bb alignment=\u00bbcenter\u00bb onclick=\u00bbcustom_link\u00bb title=\u00bbProcesadores de cama de fluidos\u00bb link=\u00bb\/es\/categoria-producto\/soluciones-de-procesamiento-a-granel\/procesadores-de-lecho-fluidizado-gk\/\u00bb][\/vc_column][vc_column width=\u00bb1\/3&#8243;][vc_single_image image=\u00bb26240&#8243; img_size=\u00bbfull\u00bb alignment=\u00bbcenter\u00bb onclick=\u00bbcustom_link\u00bb title=\u00bbCintas transportadoras vibratorias\u00bb link=\u00bb\/es\/categoria-producto\/soluciones-de-procesamiento-a-granel\/cribas-vibratorios\/\u00bb][\/vc_column][vc_column width=\u00bb1\/3&#8243;][vc_single_image image=\u00bb26012&#8243; img_size=\u00bbfull\u00bb alignment=\u00bbcenter\u00bb onclick=\u00bbcustom_link\u00bb title=\u00bbAlimentadores vibratorios\u00bb link=\u00bb\/es\/categoria-producto\/soluciones-de-procesamiento-a-granel\/alimentadores-vibratorios-soluciones-de-procesamiento-a-granel\/\u00bb][\/vc_column][\/vc_row][vc_row el_class=\u00bbcontainer category_page cat_image\u00bb][vc_column width=\u00bb1\/3&#8243;][vc_single_image image=\u00bb27856&#8243; img_size=\u00bbfull\u00bb alignment=\u00bbcenter\u00bb onclick=\u00bbcustom_link\u00bb title=\u00bbProcesadores de material rotatorios y vibratorios\u00bb link=\u00bb\/es\/categoria-producto\/soluciones-de-procesamiento-a-granel\/procesadores-giratorios-vibratorios\/\u00bb][\/vc_column][vc_column width=\u00bb1\/3&#8243;][vc_single_image image=\u00bb18572&#8243; img_size=\u00bbfull\u00bb alignment=\u00bbcenter\u00bb onclick=\u00bbcustom_link\u00bb title=\u00bbEquipo de embalaje y embarque\u00bb link=\u00bb\/es\/categoria-producto\/soluciones-de-procesamiento-a-granel\/equipo-de-embalaje-y-envio\/\u00bb][\/vc_column][vc_column width=\u00bb1\/3&#8243;][vc_single_image image=\u00bb42875&#8243; img_size=\u00bbfull\u00bb alignment=\u00bbcenter\u00bb onclick=\u00bbcustom_link\u00bb title=\u00bbCribado y clasificaci\u00f3n\u00bb link=\u00bb\/es\/categoria-producto\/soluciones-de-procesamiento-a-granel\/cribas-clasificacion\/\u00bb][\/vc_column][\/vc_row]<\/p>\n<\/div>","protected":false},"excerpt":{"rendered":"<p>[vc_row][vc_column][vc_column_text]El equipo de manipulaci\u00f3n de materiales a granel simplifica el proceso intensivo de gesti\u00f3n de ingredientes, piezas y otros materiales a granel. General Kinematics combina tecnolog\u00edas innovadoras con la visi\u00f3n y creatividad del proceso de producci\u00f3n para ofrecer soluciones de ingenier\u00eda que mejoran sus procesos de producci\u00f3n. Al proporcionar a nuestros clientes una ventaja competitiva, [&hellip;]<\/p>\n","protected":false},"author":5,"featured_media":0,"parent":0,"menu_order":0,"comment_status":"closed","ping_status":"closed","template":"page-templates\/page-full-width.php","meta":{"_acf_changed":false,"om_disable_all_campaigns":false,"ep_exclude_from_search":false,"footnotes":""},"class_list":["post-42733","page","type-page","status-publish","hentry"],"acf":[],"yoast_head":"<!-- This site is optimized with the Yoast SEO plugin v27.5 - https:\/\/yoast.com\/product\/yoast-seo-wordpress\/ -->\n<title>Equipos de manipulaci\u00f3n de materiales y procesos a granel | General Kinematics<\/title>\n<meta name=\"description\" content=\"GK cuenta con la experiencia y el conocimiento para responder a sus objetivos de sistemas de equipos de procesamiento a granel y manipulaci\u00f3n de materiales eficientes y confiables. \u00a1Obtenga m\u00e1s informaci\u00f3n!\" \/>\n<meta name=\"robots\" content=\"index, follow, max-snippet:-1, max-image-preview:large, max-video-preview:-1\" \/>\n<link rel=\"canonical\" href=\"https:\/\/www.generalkinematics.com\/es\/soluciones-de-procesamiento-a-granel\/\" \/>\n<meta property=\"og:locale\" content=\"es_ES\" \/>\n<meta property=\"og:type\" content=\"article\" \/>\n<meta property=\"og:title\" content=\"Equipos de manipulaci\u00f3n de materiales y procesos a granel | General Kinematics\" \/>\n<meta property=\"og:description\" content=\"GK cuenta con la experiencia y el conocimiento para responder a sus objetivos de sistemas de equipos de procesamiento a granel y manipulaci\u00f3n de materiales eficientes y confiables. \u00a1Obtenga m\u00e1s informaci\u00f3n!\" \/>\n<meta property=\"og:url\" content=\"https:\/\/www.generalkinematics.com\/es\/soluciones-de-procesamiento-a-granel\/\" \/>\n<meta property=\"og:site_name\" content=\"General Kinematics\" \/>\n<meta property=\"article:publisher\" content=\"https:\/\/www.facebook.com\/generalkinematics\" \/>\n<meta property=\"article:modified_time\" content=\"2018-10-10T02:01:00+00:00\" \/>\n<meta property=\"og:image\" content=\"https:\/\/media.generalkinematics.com\/wp-content\/uploads\/2017\/07\/GK-Icon.png\" \/>\n\t<meta property=\"og:image:width\" content=\"3000\" \/>\n\t<meta property=\"og:image:height\" content=\"3000\" \/>\n\t<meta property=\"og:image:type\" content=\"image\/jpeg\" \/>\n<meta name=\"twitter:card\" content=\"summary_large_image\" \/>\n<meta name=\"twitter:site\" content=\"@gkvibrating\" \/>\n<meta name=\"twitter:label1\" content=\"Tiempo de lectura\" \/>\n\t<meta name=\"twitter:data1\" content=\"3 minutos\" \/>\n<!-- \/ Yoast SEO plugin. -->","yoast_head_json":{"title":"Equipos de manipulaci\u00f3n de materiales y procesos a granel | General Kinematics","description":"GK cuenta con la experiencia y el conocimiento para responder a sus objetivos de sistemas de equipos de procesamiento a granel y manipulaci\u00f3n de materiales eficientes y confiables. \u00a1Obtenga m\u00e1s informaci\u00f3n!","robots":{"index":"index","follow":"follow","max-snippet":"max-snippet:-1","max-image-preview":"max-image-preview:large","max-video-preview":"max-video-preview:-1"},"canonical":"https:\/\/www.generalkinematics.com\/es\/soluciones-de-procesamiento-a-granel\/","og_locale":"es_ES","og_type":"article","og_title":"Equipos de manipulaci\u00f3n de materiales y procesos a granel | General Kinematics","og_description":"GK cuenta con la experiencia y el conocimiento para responder a sus objetivos de sistemas de equipos de procesamiento a granel y manipulaci\u00f3n de materiales eficientes y confiables. \u00a1Obtenga m\u00e1s informaci\u00f3n!","og_url":"https:\/\/www.generalkinematics.com\/es\/soluciones-de-procesamiento-a-granel\/","og_site_name":"General Kinematics","article_publisher":"https:\/\/www.facebook.com\/generalkinematics","article_modified_time":"2018-10-10T02:01:00+00:00","og_image":[{"width":3000,"height":3000,"url":"https:\/\/media.generalkinematics.com\/wp-content\/uploads\/2017\/07\/GK-Icon.png","type":"image\/jpeg"}],"twitter_card":"summary_large_image","twitter_site":"@gkvibrating","twitter_misc":{"Tiempo de lectura":"3 minutos"},"schema":{"@context":"https:\/\/schema.org","@graph":[{"@type":"WebPage","@id":"https:\/\/www.generalkinematics.com\/es\/soluciones-de-procesamiento-a-granel\/","url":"https:\/\/www.generalkinematics.com\/es\/soluciones-de-procesamiento-a-granel\/","name":"Equipos de manipulaci\u00f3n de materiales y procesos a granel | General Kinematics","isPartOf":{"@id":"https:\/\/www.generalkinematics.com\/es\/#website"},"datePublished":"2012-04-24T20:12:52+00:00","dateModified":"2018-10-10T02:01:00+00:00","description":"GK cuenta con la experiencia y el conocimiento para responder a sus objetivos de sistemas de equipos de procesamiento a granel y manipulaci\u00f3n de materiales eficientes y confiables. \u00a1Obtenga m\u00e1s informaci\u00f3n!","breadcrumb":{"@id":"https:\/\/www.generalkinematics.com\/es\/soluciones-de-procesamiento-a-granel\/#breadcrumb"},"inLanguage":"es","potentialAction":[{"@type":"ReadAction","target":["https:\/\/www.generalkinematics.com\/es\/soluciones-de-procesamiento-a-granel\/"]}]},{"@type":"BreadcrumbList","@id":"https:\/\/www.generalkinematics.com\/es\/soluciones-de-procesamiento-a-granel\/#breadcrumb","itemListElement":[{"@type":"ListItem","position":1,"name":"GK Home","item":"https:\/\/www.generalkinematics.com\/es\/"},{"@type":"ListItem","position":2,"name":"Procesamiento a granel"}]},{"@type":"WebSite","@id":"https:\/\/www.generalkinematics.com\/es\/#website","url":"https:\/\/www.generalkinematics.com\/es\/","name":"General Kinematics","description":"","publisher":{"@id":"https:\/\/www.generalkinematics.com\/es\/#organization"},"potentialAction":[{"@type":"SearchAction","target":{"@type":"EntryPoint","urlTemplate":"https:\/\/www.generalkinematics.com\/es\/?s={search_term_string}"},"query-input":{"@type":"PropertyValueSpecification","valueRequired":true,"valueName":"search_term_string"}}],"inLanguage":"es"},{"@type":"Organization","@id":"https:\/\/www.generalkinematics.com\/es\/#organization","name":"General Kinematics","url":"https:\/\/www.generalkinematics.com\/es\/","logo":{"@type":"ImageObject","inLanguage":"es","@id":"https:\/\/www.generalkinematics.com\/es\/#\/schema\/logo\/image\/","url":"https:\/\/media.generalkinematics.com\/wp-content\/uploads\/2018\/03\/logo.png","contentUrl":"https:\/\/media.generalkinematics.com\/wp-content\/uploads\/2018\/03\/logo.png","width":313,"height":100,"caption":"General Kinematics"},"image":{"@id":"https:\/\/www.generalkinematics.com\/es\/#\/schema\/logo\/image\/"},"sameAs":["https:\/\/www.facebook.com\/generalkinematics","https:\/\/x.com\/gkvibrating"]}]}},"_links":{"self":[{"href":"https:\/\/www.generalkinematics.com\/es\/wp-json\/wp\/v2\/pages\/42733","targetHints":{"allow":["GET"]}}],"collection":[{"href":"https:\/\/www.generalkinematics.com\/es\/wp-json\/wp\/v2\/pages"}],"about":[{"href":"https:\/\/www.generalkinematics.com\/es\/wp-json\/wp\/v2\/types\/page"}],"author":[{"embeddable":true,"href":"https:\/\/www.generalkinematics.com\/es\/wp-json\/wp\/v2\/users\/5"}],"replies":[{"embeddable":true,"href":"https:\/\/www.generalkinematics.com\/es\/wp-json\/wp\/v2\/comments?post=42733"}],"version-history":[{"count":0,"href":"https:\/\/www.generalkinematics.com\/es\/wp-json\/wp\/v2\/pages\/42733\/revisions"}],"wp:attachment":[{"href":"https:\/\/www.generalkinematics.com\/es\/wp-json\/wp\/v2\/media?parent=42733"}],"curies":[{"name":"wp","href":"https:\/\/api.w.org\/{rel}","templated":true}]}}