{"id":42734,"date":"2012-04-24T15:15:37","date_gmt":"2012-04-24T20:15:37","guid":{"rendered":"https:\/\/www.generalkinematics.com\/recycling-equipment\/"},"modified":"2018-10-24T11:48:58","modified_gmt":"2018-10-24T16:48:58","slug":"soluciones-de-reciclaje","status":"publish","type":"page","link":"https:\/\/www.generalkinematics.com\/es\/soluciones-de-reciclaje\/","title":{"rendered":"Recuperaci\u00f3n de recursos"},"content":{"rendered":"<div class=\"wpb-content-wrapper\"><p>[vc_row][vc_column][vc_column_text]<strong>Para obtener lo mejor en equipos de recuperaci\u00f3n de recursos y equipos de reciclaje, no busque m\u00e1s, lo tiene General Kinematics.<\/strong><\/p>\n<p>A medida que surgen nuevos procesos y desaf\u00edos medioambientales, GK se encuentra en una posici\u00f3n \u00fanica para ayudarlo a crear nuevas soluciones para resolver los problemas de procesos m\u00e1s dif\u00edciles y aumentar su \u00edndice de recuperaci\u00f3n general.<\/p>\n<p>General Kinematics ha sido pionera en la aplicaci\u00f3n de separaci\u00f3n vibratoria a trav\u00e9s de productos y m\u00e1quinas de reciclaje, como nuestra criba primaria FINGER-SCREEN\u2122 y el clasificador neum\u00e1tico DE-STONER\u00ae. Ambos equipos de reciclaje clasifican y separan eficientemente los materiales reciclables utilizando niveles bajos de demanda de energ\u00eda y mano de obra.<\/p>\n<p>GK tambi\u00e9n dise\u00f1a sistemas de reciclaje completos para la recuperaci\u00f3n de materiales. Tambi\u00e9n trabajaremos con su proveedor de sistemas para suministrar nuestras soluciones comprobadas de clasificaci\u00f3n vibratoria para aumentar la eficiencia de su clasificaci\u00f3n. Consulte nuestra selecci\u00f3n de equipos de reciclaje y encuentre la soluci\u00f3n que mejor se adapte a sus necesidades.[\/vc_column_text][\/vc_column][\/vc_row][vc_row full_width=\u00bbstretch_row\u00bb el_class=\u00bbcategory_page\u00bb css=\u00bb.vc_custom_1521856281097{background-image: url(https:\/\/www.generalkinematics.com\/wp-content\/uploads\/2018\/03\/industry-landing-lines.png?id=34782) !important;background-position: 0 0 !important;background-repeat: no-repeat !important;}\u00bb][vc_column][vc_custom_heading text=\u00bbSoluciones de recuperaci\u00f3n de recursos\u00bb font_container=\u00bbtag:h2|text_align:center|color:%239f2437&#8243; use_theme_fonts=\u00bbyes\u00bb][vc_column_text]<\/p>\n<p style=\"text-align: center;\"><em>El equipo de recuperaci\u00f3n de recursos de General Kinematics est\u00e1 dise\u00f1ado para ayudarlo a resolver los desaf\u00edos de su proceso de reciclaje, aumentar sus \u00edndices de recuperaci\u00f3n y aumentar la eficiencia.<\/em><\/p>\n<p>[\/vc_column_text][\/vc_column][\/vc_row][vc_row el_class=\u00bbcontainer category_page cat_image\u00bb][vc_column width=\u00bb1\/4&#8243;][vc_single_image image=\u00bb26228&#8243; img_size=\u00bbfull\u00bb alignment=\u00bbcenter\u00bb onclick=\u00bbcustom_link\u00bb title=\u00bbSoluciones de basura electr\u00f3nica\u00bb link=\u00bb\/es\/categoria-producto\/soluciones-de-reciclaje\/basura-electronica\/\u00bb][\/vc_column][vc_column width=\u00bb1\/4&#8243;][vc_single_image image=\u00bb26728&#8243; img_size=\u00bbfull\u00bb alignment=\u00bbcenter\u00bb onclick=\u00bbcustom_link\u00bb title=\u00bbSoluciones de reciclaje de vidrio\u00bb link=\u00bbhttps:\/\/www.generalkinematics.com\/es\/categoria-producto\/soluciones-de-reciclaje\/fibra-de-vidrio\/\u00bb][\/vc_column][vc_column width=\u00bb1\/4&#8243;][vc_single_image image=\u00bb28684&#8243; img_size=\u00bbfull\u00bb alignment=\u00bbcenter\u00bb onclick=\u00bbcustom_link\u00bb title=\u00bbEquipo de reciclaje de un solo flujo \/ CeI\u00bb link=\u00bb\/es\/categoria-producto\/soluciones-de-reciclaje\/secuencia-unica-ici\/\u00bb][\/vc_column][vc_column width=\u00bb1\/4&#8243;][vc_single_image image=\u00bb42829&#8243; img_size=\u00bbfull\u00bb alignment=\u00bbcenter\u00bb onclick=\u00bbcustom_link\u00bb title=\u00bbReciclaje de llantas\u00bb link=\u00bb\/es\/categoria-producto\/soluciones-de-reciclaje\/reciclaje-de-llantas\/\u00bb][\/vc_column][\/vc_row][vc_row el_class=\u00bbcontainer category_page cat_image\u00bb][vc_column width=\u00bb1\/4&#8243;][vc_single_image image=\u00bb22240&#8243; img_size=\u00bbfull\u00bb alignment=\u00bbcenter\u00bb onclick=\u00bbcustom_link\u00bb title=\u00bbSoluciones de reciclaje de Construcci\u00f3n y Demolici\u00f3n\u00bb link=\u00bb\/es\/categoria-producto\/soluciones-de-reciclaje\/soluciones-de-reciclaje-de-construccion-y-demolicion-es\/\u00bb][\/vc_column][vc_column width=\u00bb1\/4&#8243;][vc_single_image image=\u00bb23748&#8243; img_size=\u00bbfull\u00bb alignment=\u00bbcenter\u00bb onclick=\u00bbcustom_link\u00bb title=\u00bbEquipo de silvicultura, maderas y biomasa\u00bb link=\u00bb\/es\/categoria-producto\/soluciones-de-reciclaje\/equipos-de-manejo-de-madera-forestal\/\u00bb][\/vc_column][vc_column width=\u00bb1\/4&#8243;][vc_single_image image=\u00bb33984&#8243; img_size=\u00bbfull\u00bb alignment=\u00bbcenter\u00bb onclick=\u00bbcustom_link\u00bb title=\u00bbEquipo de reciclaje Multi-Stream\u2122\u00bb link=\u00bb\/es\/categoria-producto\/soluciones-de-reciclaje\/equipo-de-reciclaje-multi-stream\/\u00bb][\/vc_column][vc_column width=\u00bb1\/4&#8243;][vc_single_image image=\u00bb26768&#8243; img_size=\u00bbfull\u00bb alignment=\u00bbcenter\u00bb onclick=\u00bbcustom_link\u00bb title=\u00bbSoluciones de procesamiento de chatarra\u00bb link=\u00bb\/es\/categoria-producto\/soluciones-de-reciclaje\/equipo-de-procesamiento-de-desechos\/\u00bb][\/vc_column][\/vc_row][vc_row el_class=\u00bbcontainer category_page cat_image\u00bb][vc_column width=\u00bb1\/2&#8243;][vc_single_image image=\u00bb42834&#8243; img_size=\u00bbfull\u00bb alignment=\u00bbcenter\u00bb onclick=\u00bbcustom_link\u00bb title=\u00bbSoluciones de clasificaci\u00f3n de Residuos S\u00f3lidos Urbanos\u00bb link=\u00bb\/es\/categoria-producto\/soluciones-de-reciclaje\/soluciones-de-clasificacion-de-residuos-solidos-municipales\/\u00bb][\/vc_column][vc_column width=\u00bb1\/2&#8243;][vc_single_image image=\u00bb26748&#8243; img_size=\u00bbfull\u00bb alignment=\u00bbcenter\u00bb onclick=\u00bbcustom_link\u00bb title=\u00bbEquipo de producci\u00f3n de energ\u00eda a base de desechos (WTE)\u00bb link=\u00bb\/es\/categoria-producto\/soluciones-de-reciclaje\/equipo-de-residuos-energeticas\/\u00bb][\/vc_column][\/vc_row]<\/p>\n<\/div>","protected":false},"excerpt":{"rendered":"<p>[vc_row][vc_column][vc_column_text]Para obtener lo mejor en equipos de recuperaci\u00f3n de recursos y equipos de reciclaje, no busque m\u00e1s, lo tiene General Kinematics. A medida que surgen nuevos procesos y desaf\u00edos medioambientales, GK se encuentra en una posici\u00f3n \u00fanica para ayudarlo a crear nuevas soluciones para resolver los problemas de procesos m\u00e1s dif\u00edciles y aumentar su \u00edndice [&hellip;]<\/p>\n","protected":false},"author":5,"featured_media":0,"parent":0,"menu_order":0,"comment_status":"closed","ping_status":"closed","template":"page-templates\/page-full-width.php","meta":{"_acf_changed":false,"om_disable_all_campaigns":false,"ep_exclude_from_search":false,"footnotes":""},"class_list":["post-42734","page","type-page","status-publish","hentry"],"acf":[],"yoast_head":"<!-- This site is optimized with the Yoast SEO plugin v27.2 - https:\/\/yoast.com\/product\/yoast-seo-wordpress\/ -->\n<title>Maquinaria de reciclaje de residuos industriales | General Kinematics<\/title>\n<meta name=\"description\" content=\"Visite el cat\u00e1logo de maquinaria de reciclaje de residuos industriales de General Kinematics. Estos equipos est\u00e1n dise\u00f1ados para aumentar los \u00edndices de recuperaci\u00f3n y la eficiencia del proceso.\" \/>\n<meta name=\"robots\" content=\"index, follow, max-snippet:-1, max-image-preview:large, max-video-preview:-1\" \/>\n<link rel=\"canonical\" href=\"https:\/\/www.generalkinematics.com\/es\/soluciones-de-reciclaje\/\" \/>\n<meta property=\"og:locale\" content=\"es_ES\" \/>\n<meta property=\"og:type\" content=\"article\" \/>\n<meta property=\"og:title\" content=\"Maquinaria de reciclaje de residuos industriales | General Kinematics\" \/>\n<meta property=\"og:description\" content=\"Visite el cat\u00e1logo de maquinaria de reciclaje de residuos industriales de General Kinematics. Estos equipos est\u00e1n dise\u00f1ados para aumentar los \u00edndices de recuperaci\u00f3n y la eficiencia del proceso.\" \/>\n<meta property=\"og:url\" content=\"https:\/\/www.generalkinematics.com\/es\/soluciones-de-reciclaje\/\" \/>\n<meta property=\"og:site_name\" content=\"General Kinematics\" \/>\n<meta property=\"article:publisher\" content=\"https:\/\/www.facebook.com\/generalkinematics\" \/>\n<meta property=\"article:modified_time\" content=\"2018-10-24T16:48:58+00:00\" \/>\n<meta property=\"og:image\" content=\"https:\/\/media.generalkinematics.com\/wp-content\/uploads\/2017\/07\/GK-Icon.png\" \/>\n\t<meta property=\"og:image:width\" content=\"3000\" \/>\n\t<meta property=\"og:image:height\" content=\"3000\" \/>\n\t<meta property=\"og:image:type\" content=\"image\/jpeg\" \/>\n<meta name=\"twitter:card\" content=\"summary_large_image\" \/>\n<meta name=\"twitter:site\" content=\"@gkvibrating\" \/>\n<meta name=\"twitter:label1\" content=\"Tiempo de lectura\" \/>\n\t<meta name=\"twitter:data1\" content=\"3 minutos\" \/>\n<!-- \/ Yoast SEO plugin. -->","yoast_head_json":{"title":"Maquinaria de reciclaje de residuos industriales | General Kinematics","description":"Visite el cat\u00e1logo de maquinaria de reciclaje de residuos industriales de General Kinematics. Estos equipos est\u00e1n dise\u00f1ados para aumentar los \u00edndices de recuperaci\u00f3n y la eficiencia del proceso.","robots":{"index":"index","follow":"follow","max-snippet":"max-snippet:-1","max-image-preview":"max-image-preview:large","max-video-preview":"max-video-preview:-1"},"canonical":"https:\/\/www.generalkinematics.com\/es\/soluciones-de-reciclaje\/","og_locale":"es_ES","og_type":"article","og_title":"Maquinaria de reciclaje de residuos industriales | General Kinematics","og_description":"Visite el cat\u00e1logo de maquinaria de reciclaje de residuos industriales de General Kinematics. Estos equipos est\u00e1n dise\u00f1ados para aumentar los \u00edndices de recuperaci\u00f3n y la eficiencia del proceso.","og_url":"https:\/\/www.generalkinematics.com\/es\/soluciones-de-reciclaje\/","og_site_name":"General Kinematics","article_publisher":"https:\/\/www.facebook.com\/generalkinematics","article_modified_time":"2018-10-24T16:48:58+00:00","og_image":[{"width":3000,"height":3000,"url":"https:\/\/media.generalkinematics.com\/wp-content\/uploads\/2017\/07\/GK-Icon.png","type":"image\/jpeg"}],"twitter_card":"summary_large_image","twitter_site":"@gkvibrating","twitter_misc":{"Tiempo de lectura":"3 minutos"},"schema":{"@context":"https:\/\/schema.org","@graph":[{"@type":"WebPage","@id":"https:\/\/www.generalkinematics.com\/es\/soluciones-de-reciclaje\/","url":"https:\/\/www.generalkinematics.com\/es\/soluciones-de-reciclaje\/","name":"Maquinaria de reciclaje de residuos industriales | General Kinematics","isPartOf":{"@id":"https:\/\/www.generalkinematics.com\/es\/#website"},"datePublished":"2012-04-24T20:15:37+00:00","dateModified":"2018-10-24T16:48:58+00:00","description":"Visite el cat\u00e1logo de maquinaria de reciclaje de residuos industriales de General Kinematics. Estos equipos est\u00e1n dise\u00f1ados para aumentar los \u00edndices de recuperaci\u00f3n y la eficiencia del proceso.","breadcrumb":{"@id":"https:\/\/www.generalkinematics.com\/es\/soluciones-de-reciclaje\/#breadcrumb"},"inLanguage":"es","potentialAction":[{"@type":"ReadAction","target":["https:\/\/www.generalkinematics.com\/es\/soluciones-de-reciclaje\/"]}]},{"@type":"BreadcrumbList","@id":"https:\/\/www.generalkinematics.com\/es\/soluciones-de-reciclaje\/#breadcrumb","itemListElement":[{"@type":"ListItem","position":1,"name":"GK Home","item":"https:\/\/www.generalkinematics.com\/es\/"},{"@type":"ListItem","position":2,"name":"Recuperaci\u00f3n de recursos"}]},{"@type":"WebSite","@id":"https:\/\/www.generalkinematics.com\/es\/#website","url":"https:\/\/www.generalkinematics.com\/es\/","name":"General Kinematics","description":"","publisher":{"@id":"https:\/\/www.generalkinematics.com\/es\/#organization"},"potentialAction":[{"@type":"SearchAction","target":{"@type":"EntryPoint","urlTemplate":"https:\/\/www.generalkinematics.com\/es\/?s={search_term_string}"},"query-input":{"@type":"PropertyValueSpecification","valueRequired":true,"valueName":"search_term_string"}}],"inLanguage":"es"},{"@type":"Organization","@id":"https:\/\/www.generalkinematics.com\/es\/#organization","name":"General Kinematics","url":"https:\/\/www.generalkinematics.com\/es\/","logo":{"@type":"ImageObject","inLanguage":"es","@id":"https:\/\/www.generalkinematics.com\/es\/#\/schema\/logo\/image\/","url":"https:\/\/media.generalkinematics.com\/wp-content\/uploads\/2018\/03\/logo.png","contentUrl":"https:\/\/media.generalkinematics.com\/wp-content\/uploads\/2018\/03\/logo.png","width":313,"height":100,"caption":"General Kinematics"},"image":{"@id":"https:\/\/www.generalkinematics.com\/es\/#\/schema\/logo\/image\/"},"sameAs":["https:\/\/www.facebook.com\/generalkinematics","https:\/\/x.com\/gkvibrating"]}]}},"_links":{"self":[{"href":"https:\/\/www.generalkinematics.com\/es\/wp-json\/wp\/v2\/pages\/42734","targetHints":{"allow":["GET"]}}],"collection":[{"href":"https:\/\/www.generalkinematics.com\/es\/wp-json\/wp\/v2\/pages"}],"about":[{"href":"https:\/\/www.generalkinematics.com\/es\/wp-json\/wp\/v2\/types\/page"}],"author":[{"embeddable":true,"href":"https:\/\/www.generalkinematics.com\/es\/wp-json\/wp\/v2\/users\/5"}],"replies":[{"embeddable":true,"href":"https:\/\/www.generalkinematics.com\/es\/wp-json\/wp\/v2\/comments?post=42734"}],"version-history":[{"count":0,"href":"https:\/\/www.generalkinematics.com\/es\/wp-json\/wp\/v2\/pages\/42734\/revisions"}],"wp:attachment":[{"href":"https:\/\/www.generalkinematics.com\/es\/wp-json\/wp\/v2\/media?parent=42734"}],"curies":[{"name":"wp","href":"https:\/\/api.w.org\/{rel}","templated":true}]}}