{"id":42735,"date":"2012-04-24T20:16:40","date_gmt":"2012-04-25T01:16:40","guid":{"rendered":"https:\/\/www.generalkinematics.com\/industrial-machine-parts\/"},"modified":"2024-06-26T15:43:52","modified_gmt":"2024-06-26T20:43:52","slug":"gk-piezas","status":"publish","type":"page","link":"https:\/\/www.generalkinematics.com\/es\/gk-piezas\/","title":{"rendered":"Piezas de M\u00e1quinas Industriales"},"content":{"rendered":"<div class=\"wpb-content-wrapper\"><p>[vc_row][vc_column][vc_column_text]Los profesionales t\u00e9cnicos del \u00e1rea de Piezas de GK se rigen por esta f\u00f3rmula simple: proporcionar a los clientes las piezas de maquinaria industrial que necesitan a un precio justo, entregar oportunamente dichas piezas y prestarles el mejor servicio de atenci\u00f3n del sector.<\/p>\n<p>Durante m\u00e1s de 50 a\u00f1os, General Kinematics ha establecido y redefinido el est\u00e1ndar para piezas de equipos industriales de calidad, entregas r\u00e1pidas y atenci\u00f3n al cliente. Por esta raz\u00f3n, \u00a1estamos a su plena disposici\u00f3n las 24 horas del d\u00eda, los 7 d\u00edas de la semana y los 365 d\u00edas del a\u00f1o!\u00a0<a href=\"https:\/\/www.generalkinematics.com\/es\/24-7-365-repuestos-y-servicio-de-gk-siempre-alli-para-usted\/\">Nuestro personal especialista de soporte t\u00e9cnico, est\u00e1 listo y dispuesto a proporcionarle el servicio de soporte que necesita<\/a>\u00a0para todos sus productos vibratorios o rotatorios, sean equipos de nuestra marca o no.<\/p>\n<p>Independientemente de la marca de equipos vibratorios que pueda tener, General Kinematics puede ayudarlo a mantenerlos con un funcionamiento s\u00f3lido. Nuestro departamento de repuestos cuenta con un gran inventario de resortes, estabilizadores, motores y otras piezas y accesorios de equipos vibratorios en existencia, listos para enviarlos el mismo d\u00eda. Obtenga m\u00e1s informaci\u00f3n sobre nuestro departamento de Servicio de campo de categor\u00eda mundial <a href=\"https:\/\/www.generalkinematics.com\/es\/gk-service\/\">aqu\u00ed<\/a>.<\/p>\n<p>Haga clic en cada opci\u00f3n a continuaci\u00f3n para obtener m\u00e1s informaci\u00f3n sobre c\u00f3mo el equipo de repuestos y servicios de GK puede ayudarlo:[\/vc_column_text][\/vc_column][\/vc_row][vc_row el_class=\u00bbbutton_div category_page\u00bb][vc_column width=\u00bb1\/2&#8243;][vc_btn title=\u00bbPiezas de repuesto\u00bb shape=\u00bbsquare\u00bb align=\u00bbcenter\u00bb link=\u00bburl:%23replacement|\u00bb el_class=\u00bbscrollable\u00bb][\/vc_column][vc_column width=\u00bb1\/2&#8243;][vc_btn title=\u00bbReconstrucciones de equipos\u00bb shape=\u00bbsquare\u00bb align=\u00bbcenter\u00bb link=\u00bburl:%23rebuilds|\u00bb el_class=\u00bbscrollable\u00bb][\/vc_column][\/vc_row][vc_row full_width=\u00bbstretch_row\u00bb el_class=\u00bbcategory_page\u00bb css=\u00bb.vc_custom_1521926666738{background-image: url(https:\/\/www.generalkinematics.com\/wp-content\/uploads\/2018\/03\/industry-landing-lines.png?id=34782) !important;background-position: 0 0 !important;background-repeat: no-repeat !important;}\u00bb el_id=\u00bbreplacement\u00bb][vc_column][vc_single_image image=\u00bb35875&#8243; img_size=\u00bbmedium\u00bb alignment=\u00bbcenter\u00bb][vc_column_text]<\/p>\n<p style=\"text-align: center;\">Mantenga su equipo funcionando con piezas de repuesto GK. Las piezas de repuesto dise\u00f1adas por GK mejoran el rendimiento y el tiempo de funcionamiento de la m\u00e1quina.<\/p>\n<p>[\/vc_column_text][\/vc_column][\/vc_row][vc_row el_class=\u00bbcontainer category_page cat_image\u00bb][vc_column width=\u00bb1\/3&#8243;][vc_single_image image=\u00bb42845&#8243; img_size=\u00bbfull\u00bb alignment=\u00bbcenter\u00bb onclick=\u00bbcustom_link\u00bb title=\u00bbpiezas de maquinas vibratorios\u00bb link=\u00bb\/es\/categoria-producto\/gkparts-com-es\/piezas-de-maquinas-vibratorios\/\u00bb][\/vc_column][vc_column width=\u00bb1\/3&#8243;][vc_single_image image=\u00bb42850&#8243; img_size=\u00bbfull\u00bb alignment=\u00bbcenter\u00bb onclick=\u00bbcustom_link\u00bb title=\u00bbMotores vibratorios de GK\u00bb link=\u00bb\/es\/categoria-producto\/gkparts-com-es\/motores-vibratorios-gk\/\u00bb][\/vc_column][vc_column width=\u00bb1\/3&#8243;][vc_single_image image=\u00bb42855&#8243; img_size=\u00bbfull\u00bb alignment=\u00bbcenter\u00bb onclick=\u00bbcustom_link\u00bb title=\u00bbControles y monitoreo\u00bb link=\u00bb\/es\/categoria-producto\/gkparts-com-es\/controles-y-monitoreo\/\u00bb][\/vc_column][\/vc_row][vc_row el_class=\u00bbcontainer category_page cat_image\u00bb][vc_column width=\u00bb1\/3&#8243;][vc_single_image image=\u00bb42860&#8243; img_size=\u00bbfull\u00bb alignment=\u00bbcenter\u00bb onclick=\u00bbcustom_link\u00bb title=\u00bbPiezas y componentes rotatorios\u00bb link=\u00bb\/es\/categoria-producto\/gkparts-com-es\/piezas-y-componentes-rotativos\/\u00bb][\/vc_column][vc_column width=\u00bb1\/3&#8243;][vc_single_image image=\u00bb42865&#8243; img_size=\u00bbfull\u00bb alignment=\u00bbcenter\u00bb onclick=\u00bbcustom_link\u00bb title=\u00bbComponentes\u00bb link=\u00bb\/es\/categoria-producto\/gkparts-com-es\/fabricaciones\/\u00bb][\/vc_column][vc_column width=\u00bb1\/3&#8243;][vc_single_image image=\u00bb42870&#8243; img_size=\u00bbfull\u00bb alignment=\u00bbcenter\u00bb onclick=\u00bbcustom_link\u00bb title=\u00bbPiezas para equipos que no son de GK\u00bb link=\u00bb\/es\/categoria-producto\/gkparts-com-es\/equipo-no-gk\/\u00bb][\/vc_column][\/vc_row][vc_row full_width=\u00bbstretch_row\u00bb el_class=\u00bbcategory_page\u00bb css=\u00bb.vc_custom_1521926837891{background-image: url(https:\/\/www.generalkinematics.com\/wp-content\/uploads\/2018\/03\/industry-landing-lines.png?id=34782) !important;background-position: 0 0 !important;background-repeat: no-repeat !important;}\u00bb el_id=\u00bbrebuilds\u00bb][vc_column][vc_custom_heading text=\u00bbReconstrucciones de equipos\u00bb font_container=\u00bbtag:h2|text_align:center|color:%239f2437&#8243; use_theme_fonts=\u00bbyes\u00bb][\/vc_column][\/vc_row][vc_row][vc_column][vc_column_text]Si quiere la seguridad de poseer un producto nuevo, pero cree que es mucho mejor un equipo usado, GK puede ayudarle. Nuestro programa de reacondicionamiento certificado por la f\u00e1brica, restaura su m\u00e1quina GK dej\u00e1ndola \u00abcomo nueva\u00bb. Este proceso implica una revisi\u00f3n estructural completa, reemplazo o actualizaci\u00f3n de componentes, y m\u00e1s. <a href=\"https:\/\/www.generalkinematics.com\/es\/contactar-a-general-kinematics\/\" target=\"_blank\" rel=\"noopener noreferrer\">P\u00f3ngase en contacto con el departamento de ventas de GK<\/a> para obtener m\u00e1s informaci\u00f3n.<\/p>\n<p><b>Estudios de casos de piezas y equipos:\u00a0<\/b><\/p>\n<p><a href=\"\/case-study-equipment-rebuild-vibrating-charge-feeder-whats-shaking-at-gk\/\">Reacondicionamiento de un Alimentador de carga de GK<\/a><\/p>\n<p><a href=\"\/case-study-equipment-refurbishment-whats-shaking-at-gk\/\">Restauraci\u00f3n de Vibra-Mill<\/a>[\/vc_column_text][\/vc_column][\/vc_row]<\/p>\n<\/div>","protected":false},"excerpt":{"rendered":"<p>[vc_row][vc_column][vc_column_text]Los profesionales t\u00e9cnicos del \u00e1rea de Piezas de GK se rigen por esta f\u00f3rmula simple: proporcionar a los clientes las piezas de maquinaria industrial que necesitan a un precio justo, entregar oportunamente dichas piezas y prestarles el mejor servicio de atenci\u00f3n del sector. Durante m\u00e1s de 50 a\u00f1os, General Kinematics ha establecido y redefinido el [&hellip;]<\/p>\n","protected":false},"author":5,"featured_media":35908,"parent":0,"menu_order":0,"comment_status":"closed","ping_status":"closed","template":"page-templates\/page-full-width.php","meta":{"_acf_changed":false,"om_disable_all_campaigns":false,"ep_exclude_from_search":false,"footnotes":""},"class_list":["post-42735","page","type-page","status-publish","has-post-thumbnail","hentry"],"acf":[],"yoast_head":"<!-- This site is optimized with the Yoast SEO plugin v27.2 - https:\/\/yoast.com\/product\/yoast-seo-wordpress\/ -->\n<title>Repuestos industriales para maquinaria pesada | General Kinematics<\/title>\n<meta name=\"description\" content=\"Sepa c\u00f3mo General Kinematics puede proporcionarle los repuestos industriales para maquinaria pesada que necesita en cualquier momento y de forma r\u00e1pida y profesional, independientemente de su marca.\" \/>\n<meta name=\"robots\" content=\"index, follow, max-snippet:-1, max-image-preview:large, max-video-preview:-1\" \/>\n<link rel=\"canonical\" href=\"https:\/\/www.generalkinematics.com\/es\/gk-piezas\/\" \/>\n<meta property=\"og:locale\" content=\"es_ES\" \/>\n<meta property=\"og:type\" content=\"article\" \/>\n<meta property=\"og:title\" content=\"Repuestos industriales para maquinaria pesada | General Kinematics\" \/>\n<meta property=\"og:description\" content=\"Sepa c\u00f3mo General Kinematics puede proporcionarle los repuestos industriales para maquinaria pesada que necesita en cualquier momento y de forma r\u00e1pida y profesional, independientemente de su marca.\" \/>\n<meta property=\"og:url\" content=\"https:\/\/www.generalkinematics.com\/es\/gk-piezas\/\" \/>\n<meta property=\"og:site_name\" content=\"General Kinematics\" \/>\n<meta property=\"article:publisher\" content=\"https:\/\/www.facebook.com\/generalkinematics\" \/>\n<meta property=\"article:modified_time\" content=\"2024-06-26T20:43:52+00:00\" \/>\n<meta property=\"og:image\" content=\"https:\/\/media.generalkinematics.com\/wp-content\/uploads\/2018\/05\/Springs.png\" \/>\n\t<meta property=\"og:image:width\" content=\"2064\" \/>\n\t<meta property=\"og:image:height\" content=\"585\" \/>\n\t<meta property=\"og:image:type\" content=\"image\/jpeg\" \/>\n<meta name=\"twitter:card\" content=\"summary_large_image\" \/>\n<meta name=\"twitter:site\" content=\"@gkvibrating\" \/>\n<meta name=\"twitter:label1\" content=\"Tiempo de lectura\" \/>\n\t<meta name=\"twitter:data1\" content=\"3 minutos\" \/>\n<!-- \/ Yoast SEO plugin. -->","yoast_head_json":{"title":"Repuestos industriales para maquinaria pesada | General Kinematics","description":"Sepa c\u00f3mo General Kinematics puede proporcionarle los repuestos industriales para maquinaria pesada que necesita en cualquier momento y de forma r\u00e1pida y profesional, independientemente de su marca.","robots":{"index":"index","follow":"follow","max-snippet":"max-snippet:-1","max-image-preview":"max-image-preview:large","max-video-preview":"max-video-preview:-1"},"canonical":"https:\/\/www.generalkinematics.com\/es\/gk-piezas\/","og_locale":"es_ES","og_type":"article","og_title":"Repuestos industriales para maquinaria pesada | General Kinematics","og_description":"Sepa c\u00f3mo General Kinematics puede proporcionarle los repuestos industriales para maquinaria pesada que necesita en cualquier momento y de forma r\u00e1pida y profesional, independientemente de su marca.","og_url":"https:\/\/www.generalkinematics.com\/es\/gk-piezas\/","og_site_name":"General Kinematics","article_publisher":"https:\/\/www.facebook.com\/generalkinematics","article_modified_time":"2024-06-26T20:43:52+00:00","og_image":[{"width":2064,"height":585,"url":"https:\/\/media.generalkinematics.com\/wp-content\/uploads\/2018\/05\/Springs.png","type":"image\/jpeg"}],"twitter_card":"summary_large_image","twitter_site":"@gkvibrating","twitter_misc":{"Tiempo de lectura":"3 minutos"},"schema":{"@context":"https:\/\/schema.org","@graph":[{"@type":"WebPage","@id":"https:\/\/www.generalkinematics.com\/es\/gk-piezas\/","url":"https:\/\/www.generalkinematics.com\/es\/gk-piezas\/","name":"Repuestos industriales para maquinaria pesada | General Kinematics","isPartOf":{"@id":"https:\/\/www.generalkinematics.com\/es\/#website"},"primaryImageOfPage":{"@id":"https:\/\/www.generalkinematics.com\/es\/gk-piezas\/#primaryimage"},"image":{"@id":"https:\/\/www.generalkinematics.com\/es\/gk-piezas\/#primaryimage"},"thumbnailUrl":"https:\/\/media.generalkinematics.com\/wp-content\/uploads\/2018\/05\/Springs.png","datePublished":"2012-04-25T01:16:40+00:00","dateModified":"2024-06-26T20:43:52+00:00","description":"Sepa c\u00f3mo General Kinematics puede proporcionarle los repuestos industriales para maquinaria pesada que necesita en cualquier momento y de forma r\u00e1pida y profesional, independientemente de su marca.","breadcrumb":{"@id":"https:\/\/www.generalkinematics.com\/es\/gk-piezas\/#breadcrumb"},"inLanguage":"es","potentialAction":[{"@type":"ReadAction","target":["https:\/\/www.generalkinematics.com\/es\/gk-piezas\/"]}]},{"@type":"ImageObject","inLanguage":"es","@id":"https:\/\/www.generalkinematics.com\/es\/gk-piezas\/#primaryimage","url":"https:\/\/media.generalkinematics.com\/wp-content\/uploads\/2018\/05\/Springs.png","contentUrl":"https:\/\/media.generalkinematics.com\/wp-content\/uploads\/2018\/05\/Springs.png","width":2064,"height":585,"caption":"Parts Banner"},{"@type":"BreadcrumbList","@id":"https:\/\/www.generalkinematics.com\/es\/gk-piezas\/#breadcrumb","itemListElement":[{"@type":"ListItem","position":1,"name":"GK Home","item":"https:\/\/www.generalkinematics.com\/es\/"},{"@type":"ListItem","position":2,"name":"Piezas de M\u00e1quinas Industriales"}]},{"@type":"WebSite","@id":"https:\/\/www.generalkinematics.com\/es\/#website","url":"https:\/\/www.generalkinematics.com\/es\/","name":"General Kinematics","description":"","publisher":{"@id":"https:\/\/www.generalkinematics.com\/es\/#organization"},"potentialAction":[{"@type":"SearchAction","target":{"@type":"EntryPoint","urlTemplate":"https:\/\/www.generalkinematics.com\/es\/?s={search_term_string}"},"query-input":{"@type":"PropertyValueSpecification","valueRequired":true,"valueName":"search_term_string"}}],"inLanguage":"es"},{"@type":"Organization","@id":"https:\/\/www.generalkinematics.com\/es\/#organization","name":"General Kinematics","url":"https:\/\/www.generalkinematics.com\/es\/","logo":{"@type":"ImageObject","inLanguage":"es","@id":"https:\/\/www.generalkinematics.com\/es\/#\/schema\/logo\/image\/","url":"https:\/\/media.generalkinematics.com\/wp-content\/uploads\/2018\/03\/logo.png","contentUrl":"https:\/\/media.generalkinematics.com\/wp-content\/uploads\/2018\/03\/logo.png","width":313,"height":100,"caption":"General Kinematics"},"image":{"@id":"https:\/\/www.generalkinematics.com\/es\/#\/schema\/logo\/image\/"},"sameAs":["https:\/\/www.facebook.com\/generalkinematics","https:\/\/x.com\/gkvibrating"]}]}},"_links":{"self":[{"href":"https:\/\/www.generalkinematics.com\/es\/wp-json\/wp\/v2\/pages\/42735","targetHints":{"allow":["GET"]}}],"collection":[{"href":"https:\/\/www.generalkinematics.com\/es\/wp-json\/wp\/v2\/pages"}],"about":[{"href":"https:\/\/www.generalkinematics.com\/es\/wp-json\/wp\/v2\/types\/page"}],"author":[{"embeddable":true,"href":"https:\/\/www.generalkinematics.com\/es\/wp-json\/wp\/v2\/users\/5"}],"replies":[{"embeddable":true,"href":"https:\/\/www.generalkinematics.com\/es\/wp-json\/wp\/v2\/comments?post=42735"}],"version-history":[{"count":0,"href":"https:\/\/www.generalkinematics.com\/es\/wp-json\/wp\/v2\/pages\/42735\/revisions"}],"wp:featuredmedia":[{"embeddable":true,"href":"https:\/\/www.generalkinematics.com\/es\/wp-json\/wp\/v2\/media\/35908"}],"wp:attachment":[{"href":"https:\/\/www.generalkinematics.com\/es\/wp-json\/wp\/v2\/media?parent=42735"}],"curies":[{"name":"wp","href":"https:\/\/api.w.org\/{rel}","templated":true}]}}