{"id":42736,"date":"2012-05-06T00:13:35","date_gmt":"2012-05-06T05:13:35","guid":{"rendered":"https:\/\/www.generalkinematics.com\/references-gk-vibrating\/"},"modified":"2024-12-06T11:08:29","modified_gmt":"2024-12-06T17:08:29","slug":"references-gk-vibrating","status":"publish","type":"page","link":"https:\/\/www.generalkinematics.com\/es\/references-gk-vibrating\/","title":{"rendered":"Soluciones vibratorias de GK"},"content":{"rendered":"<div class=\"wpb-content-wrapper\"><p>[vc_row][vc_column][vc_column_text css=\u00bb\u00bb]<\/p>\n<h3 style=\"text-align: center;\">General Kinematics se enorgullece de su enfoque completo en el cliente para proporcionar soluciones que superan las expectativas. A continuaci\u00f3n, se detallan algunos de los comentarios que hemos recibido de nuestros clientes.<\/h3>\n<p>&nbsp;<\/p>\n<p>[\/vc_column_text][\/vc_column][\/vc_row][vc_row][vc_column][vc_empty_space height=\u00bb64px\u00bb][\/vc_column][\/vc_row][vc_row][vc_column][vc_empty_space height=\u00bb64px\u00bb][\/vc_column][\/vc_row][vc_row][vc_column width=\u00bb1\/2&#8243;][vc_column_text]<\/p>\n<h2 style=\"text-align: left;\">Comparta su historia con GK<\/h2>\n<p>\u00bfTiene su propia experiencia con GK que desea compartir?\u00a0<a href=\"https:\/\/www.generalkinematics.com\/es\/diganos-lo-que-piensa-sobre-gk\/\">\u00a1Av\u00edsenos!<\/a>[\/vc_column_text][\/vc_column][vc_column width=\u00bb1\/2&#8243;][vc_column_text]<\/p>\n<h2 style=\"text-align: center;\">Recuperaci\u00f3n de recursos en acci\u00f3n<\/h2>\n<p style=\"text-align: center;\"><a href=\"http:\/\/client.recyclingtoday.com\/generalkinematics\/\" target=\"_blank\" rel=\"noopener\">Visite nuestra p\u00e1gina con perfiles e informaci\u00f3n sobre los clientes de GK y sus experiencias con nuestros equipos.<\/a><\/p>\n<p>&nbsp;<\/p>\n<h3 style=\"text-align: center;\">\u00a0<a href=\"http:\/\/client.recyclingtoday.com\/generalkinematics\/\" target=\"_blank\" rel=\"noopener\"><img decoding=\"async\" class=\"wp-image-32310 size-medium aligncenter\" src=\"https:\/\/www.generalkinematics.com\/wp-content\/uploads\/2017\/10\/profiles-390x99.jpg\" alt=\"\" width=\"390\" height=\"99\" srcset=\"https:\/\/www.generalkinematics.com\/wp-content\/uploads\/2017\/10\/profiles-390x99.jpg 390w, https:\/\/www.generalkinematics.com\/wp-content\/uploads\/2017\/10\/profiles-300x77.jpg 300w, https:\/\/www.generalkinematics.com\/wp-content\/uploads\/2017\/10\/profiles-768x196.jpg 768w, https:\/\/www.generalkinematics.com\/wp-content\/uploads\/2017\/10\/profiles.jpg 980w\" sizes=\"(max-width: 639px) 98vw, (max-width: 1199px) 64vw, 390px\" \/><\/a><\/h3>\n<p>[\/vc_column_text][\/vc_column][\/vc_row][vc_row][vc_column][vc_empty_space height=\u00bb64px\u00bb][\/vc_column][\/vc_row][vc_row][vc_column][vc_empty_space height=\u00bb64px\u00bb][\/vc_column][\/vc_row][vc_row][vc_column width=\u00bb1\/2&#8243;][vc_column_text]<\/p>\n<h3 style=\"text-align: center;\"><\/h3>\n<p style=\"text-align: left;\"><span style=\"font-weight: 400;\"><img decoding=\"async\" class=\"wp-image-32235 alignleft\" src=\"https:\/\/www.generalkinematics.com\/wp-content\/uploads\/2017\/10\/Clock-1.png\" alt=\"\" width=\"133\" height=\"133\" srcset=\"https:\/\/www.generalkinematics.com\/wp-content\/uploads\/2017\/10\/Clock-1.png 348w, https:\/\/www.generalkinematics.com\/wp-content\/uploads\/2017\/10\/Clock-1-200x200.png 200w, https:\/\/www.generalkinematics.com\/wp-content\/uploads\/2017\/10\/Clock-1-300x300.png 300w, https:\/\/www.generalkinematics.com\/wp-content\/uploads\/2017\/10\/Clock-1-100x100.png 100w, https:\/\/www.generalkinematics.com\/wp-content\/uploads\/2017\/10\/Clock-1-150x150.png 150w, https:\/\/www.generalkinematics.com\/wp-content\/uploads\/2017\/10\/Clock-1-250x250.png 250w, https:\/\/www.generalkinematics.com\/wp-content\/uploads\/2017\/10\/Clock-1-50x50.png 50w, https:\/\/www.generalkinematics.com\/wp-content\/uploads\/2017\/10\/Clock-1-600x600.png 600w, https:\/\/www.generalkinematics.com\/wp-content\/uploads\/2017\/10\/Clock-1-90x90.png 90w, https:\/\/www.generalkinematics.com\/wp-content\/uploads\/2017\/10\/Clock-1-125x125.png 125w\" sizes=\"(max-width: 639px) 98vw, (max-width: 1199px) 64vw, 133px\" \/>\u201c\u00bbDos de nuestras plantas tienen <\/span><span style=\"font-weight: 400;\">cribas de GK que funcionan 20 horas al d\u00eda, 6 d\u00edas a la semana<\/span><span style=\"font-weight: 400;\">. <\/span><span style=\"font-weight: 400;\">El dise\u00f1o robusto de GK se ha traducido en un tiempo fuera de servicio m\u00ednimo. A nuestros muchachos de mantenimiento les encanta. Las cribas han funcionado fant\u00e1sticamente y son una parte fundamental de nuestro proceso de fabricaci\u00f3n\u00bb.<\/span><\/p>\n<p style=\"text-align: right;\"><span style=\"font-weight: 400;\"> &#8211; <\/span><b><i>Rashid Shakir, Dir. de Ingenier\u00eda, American Wood Fibers<\/i><\/b><\/p>\n<p>&nbsp;<\/p>\n<p>&nbsp;<\/p>\n<p>&nbsp;<\/p>\n<p>[\/vc_column_text][\/vc_column][vc_column width=\u00bb1\/2&#8243;][vc_column_text css_animation=\u00bbslideInUp\u00bb]<img decoding=\"async\" class=\"wp-image-32275 alignleft\" src=\"https:\/\/www.generalkinematics.com\/wp-content\/uploads\/2017\/10\/pen-paper.png\" alt=\"\" width=\"93\" height=\"100\" srcset=\"https:\/\/www.generalkinematics.com\/wp-content\/uploads\/2017\/10\/pen-paper.png 321w, https:\/\/www.generalkinematics.com\/wp-content\/uploads\/2017\/10\/pen-paper-300x322.png 300w\" sizes=\"(max-width: 639px) 98vw, (max-width: 1199px) 64vw, 93px\" \/><\/p>\n<p style=\"text-align: left;\">\u00abAgradecemos toda la ayuda que General Kinematics nos ha brindado para dise\u00f1ar nuestro sistema de recuperaci\u00f3n.\u00a0 Todas las piezas <span style=\"text-align: right;\">comienzan a integrarse y estamos muy emocionados de ver el resultado final una vez que tengamos nuestro sistema en funcionamiento\u00bb.<\/span><\/p>\n<p style=\"text-align: right;\"><strong><em>&#8211; Brad More, Gerente de Proyectos, Badger Alloys<\/em><\/strong><\/p>\n<p>[\/vc_column_text][\/vc_column][\/vc_row][vc_row][vc_column][vc_empty_space][\/vc_column][\/vc_row][vc_row][vc_column width=\u00bb1\/2&#8243;][vc_column_text css_animation=\u00bbslideInUp\u00bb]<img decoding=\"async\" class=\"wp-image-32265 alignleft\" src=\"https:\/\/www.generalkinematics.com\/wp-content\/uploads\/2017\/10\/hard-hat-390x286.png\" alt=\"\" width=\"124\" height=\"91\" srcset=\"https:\/\/www.generalkinematics.com\/wp-content\/uploads\/2017\/10\/hard-hat-390x286.png 390w, https:\/\/www.generalkinematics.com\/wp-content\/uploads\/2017\/10\/hard-hat-300x220.png 300w, https:\/\/www.generalkinematics.com\/wp-content\/uploads\/2017\/10\/hard-hat-482x348.png 482w, https:\/\/www.generalkinematics.com\/wp-content\/uploads\/2017\/10\/hard-hat-80x60.png 80w, https:\/\/www.generalkinematics.com\/wp-content\/uploads\/2017\/10\/hard-hat.png 474w\" sizes=\"(max-width: 639px) 98vw, (max-width: 1199px) 64vw, 124px\" \/><span style=\"text-align: right;\">\u00abAcabamos de terminar de instalar nuestro nuevo motor del agitador de GK&#8230; su personal de servicio de campo hizo un gran trabajo y nos ayud\u00f3 a que funcione correctamente\u00bb.<\/span><\/p>\n<p>&nbsp;<\/p>\n<p style=\"text-align: right;\"><em style=\"text-align: right;\"><strong>&#8211; Joed Baker, Kilgore Flares Co. LLC<\/strong><\/em><\/p>\n<p>[\/vc_column_text][\/vc_column][vc_column width=\u00bb1\/2&#8243;][vc_column_text]<\/p>\n<p style=\"text-align: left;\">\u201cAcabamos de recibir los estabilizadores de reemplazo para nuestra cinta transportadora vibratoria que no es de GK. Parece que son m\u00e1s resistentes que los originales y el tama\u00f1o es perfecto\u201d.<\/p>\n<p><img decoding=\"async\" class=\" wp-image-32295 alignright\" src=\"https:\/\/www.generalkinematics.com\/wp-content\/uploads\/2017\/10\/rocker-leg.png\" alt=\"\" width=\"119\" height=\"143\" srcset=\"https:\/\/www.generalkinematics.com\/wp-content\/uploads\/2017\/10\/rocker-leg.png 302w, https:\/\/www.generalkinematics.com\/wp-content\/uploads\/2017\/10\/rocker-leg-300x361.png 300w\" sizes=\"(max-width: 639px) 98vw, (max-width: 1199px) 64vw, 119px\" \/><\/p>\n<p style=\"text-align: right;\">\u00a0<strong><em>&#8211; Charles Graves, VAE Nortrak<\/em><\/strong><\/p>\n<p>[\/vc_column_text][\/vc_column][\/vc_row][vc_row][vc_column][vc_empty_space][\/vc_column][\/vc_row][vc_row][vc_column width=\u00bb1\/2&#8243;][vc_column_text]<img decoding=\"async\" class=\"wp-image-32255 alignleft\" src=\"https:\/\/www.generalkinematics.com\/wp-content\/uploads\/2017\/10\/glove-390x415.png\" alt=\"\" width=\"129\" height=\"137\" srcset=\"https:\/\/www.generalkinematics.com\/wp-content\/uploads\/2017\/10\/glove-390x415.png 390w, https:\/\/www.generalkinematics.com\/wp-content\/uploads\/2017\/10\/glove-300x319.png 300w, https:\/\/www.generalkinematics.com\/wp-content\/uploads\/2017\/10\/glove.png 424w\" sizes=\"(max-width: 639px) 98vw, (max-width: 1199px) 64vw, 129px\" \/><\/p>\n<p style=\"text-align: left;\">\u00abMe gustar\u00eda elogiar a su equipo de producci\u00f3n y servicios de ingenier\u00eda en cuanto a su excelente trabajo profesional en las transportadoras oscilantes y las bandejas de recambio que compramos recientemente&#8230;&#8230;..todos calzan como un guante&#8230;trabajo maravilloso de los empleados de GK&#8230;&#8230;..todos ustedes deber\u00edan estar orgullosos del trabajo artesanal que realizan&#8230;&#8230;.\u00a1gracias de nuevo! \u00ab<\/p>\n<p style=\"text-align: left;\">\u00a0<em><strong>&#8211; Tom Fitzgerald, Ingeniero de Proyectos, Urick Foundry Company<\/strong><\/em><\/p>\n<p>[\/vc_column_text][\/vc_column][vc_column width=\u00bb1\/2&#8243;][vc_column_text css_animation=\u00bbslideInUp\u00bb]<\/p>\n<p style=\"text-align: right;\">\u00abLas unidades de GK han tenido un buen rendimiento y el tiempo de actividad ha mejorado enormemente\u00bb.<\/p>\n<p style=\"text-align: right;\"><strong><em>&#8211; Julio Cesar da Silva, Fremax<\/em><\/strong><\/p>\n<p>[\/vc_column_text][\/vc_column][\/vc_row][vc_row][vc_column][vc_empty_space][\/vc_column][\/vc_row][vc_row][vc_column width=\u00bb1\/2&#8243;][vc_column_text css_animation=\u00bbslideInUp\u00bb]<\/p>\n<p style=\"text-align: left;\">\u00abGK ofrece repetibilidad y confiabilidad, que son un par de facetas de las cuales indudablemente dependemos para mantener nuestra empresa efectiva\u00bb.<img decoding=\"async\" class=\" wp-image-32300 alignright\" src=\"https:\/\/www.generalkinematics.com\/wp-content\/uploads\/2017\/10\/stars-390x73.png\" alt=\"\" width=\"240\" height=\"45\" srcset=\"https:\/\/www.generalkinematics.com\/wp-content\/uploads\/2017\/10\/stars-390x73.png 390w, https:\/\/www.generalkinematics.com\/wp-content\/uploads\/2017\/10\/stars-300x56.png 300w, https:\/\/www.generalkinematics.com\/wp-content\/uploads\/2017\/10\/stars.png 461w\" sizes=\"(max-width: 639px) 98vw, (max-width: 1199px) 64vw, 240px\" \/><\/p>\n<p style=\"text-align: left;\"><strong><em>&#8211; Michael Hemmila, Waupaca Foundry<\/em><\/strong><\/p>\n<p>[\/vc_column_text][\/vc_column][vc_column width=\u00bb1\/2&#8243;][vc_column_text]<\/p>\n<p style=\"text-align: left;\"><img decoding=\"async\" class=\" wp-image-32250 alignleft\" src=\"https:\/\/www.generalkinematics.com\/wp-content\/uploads\/2017\/10\/FS.png\" alt=\"\" width=\"124\" height=\"146\" srcset=\"https:\/\/www.generalkinematics.com\/wp-content\/uploads\/2017\/10\/FS.png 351w, https:\/\/www.generalkinematics.com\/wp-content\/uploads\/2017\/10\/FS-300x353.png 300w\" sizes=\"(max-width: 639px) 98vw, (max-width: 1199px) 64vw, 124px\" \/>\u00abSobre el tema de su empresa y sus productos, y c\u00f3mo han formado parte de mi carrera en la industria del reciclaje, me gustar\u00eda decir que, durante m\u00e1s de 30 a\u00f1os, el uso de los equipos de General Kinematics solo se ha visto opacado por una cosa&#8230; las buenas personas que trabajan para su organizaci\u00f3n. Dado que mi experiencia abarca varias generaciones de la familia de GK y muchas l\u00edneas de productos y aplicaciones industriales diferentes, siento que los rasgos comunes se aplican a todas&#8230; un dise\u00f1o superior y la aplicaci\u00f3n de productos de calidad por parte de personas sinceramente serviciales que me enorgullece llamar amigos. General Kinematics deber\u00eda estar orgullosa del efecto positivo que han tenido en la industria y las empresas que se han beneficiado del uso de sus productos\u00bb.<\/p>\n<p style=\"text-align: right;\">\u00a0<strong><em>&#8211; Dennis Ciccotelli, Steinert US<\/em><\/strong><\/p>\n<p>[\/vc_column_text][\/vc_column][\/vc_row][vc_row][vc_column][vc_empty_space][\/vc_column][\/vc_row][vc_row][vc_column width=\u00bb1\/2&#8243;][vc_column_text]<\/p>\n<p style=\"text-align: left;\"><img decoding=\"async\" class=\" wp-image-32215 alignleft\" src=\"https:\/\/www.generalkinematics.com\/wp-content\/uploads\/2017\/10\/time.png\" alt=\"\" width=\"69\" height=\"150\" srcset=\"https:\/\/www.generalkinematics.com\/wp-content\/uploads\/2017\/10\/time.png 186w, https:\/\/www.generalkinematics.com\/wp-content\/uploads\/2017\/10\/time-138x300.png 138w\" sizes=\"(max-width: 639px) 98vw, (max-width: 1199px) 64vw, 69px\" \/>\u00abQuer\u00eda hablar sobre los agitadores de GK que tenemos en uso. Hemos utilizado unidades de agitadores de GK en nuestra planta de Newport, KY, durante 15 a\u00f1os con poco o ning\u00fan problema, con muy poco mantenimiento y conservaci\u00f3n. Estos agitadores funcionan tan bien que la mayor\u00eda de nuestras plantas de trituraci\u00f3n ahora los utilizan, simplemente porque funcionan todos los d\u00edas y tienen un buen rendimiento en cada una de las \u00e1reas en las que los utilizamos. Entonces, si me preguntan c\u00f3mo son los productos de GK, debo decir que realmente nos dan buenos resultados. Si alguna vez actualizamos o cambiamos alguno de estos agitadores, me gustar\u00eda quedarme con General Kinematics, debido al bajo costo de mantenimiento y al servicio que recibimos cuando lo necesitamos\u00bb.<\/p>\n<p style=\"text-align: right;\"><strong><em>&#8211; Arvil Pennington, Gerente de Operaciones de Planta, River Metals Recycling, Newport, KY<\/em><\/strong><\/p>\n<p>&nbsp;<\/p>\n<p>[\/vc_column_text][\/vc_column][vc_column width=\u00bb1\/2&#8243;][vc_column_text css_animation=\u00bbslideInUp\u00bb]<\/p>\n<p style=\"text-align: left;\"><img decoding=\"async\" class=\" wp-image-32280 alignleft\" src=\"https:\/\/www.generalkinematics.com\/wp-content\/uploads\/2017\/10\/phone.png\" alt=\"\" width=\"95\" height=\"148\" \/>\u00abDespu\u00e9s de trece a\u00f1os todav\u00eda puedo llamar a GK, hablar con ellos sobre nuevos problemas o nuevas formas de hacer cosas con equipos viejos, y es como hablar con un buen socio comercial. Ellos entienden y entran en acci\u00f3n. Mano de obra de calidad, servicio s\u00f3lido y una relaci\u00f3n centrada en el cliente que resulta dif\u00edcil ponerle valor. No puede equivocarse\u00bb.<\/p>\n<p style=\"text-align: right;\"><em><strong>&#8211; Alan Harleston, Gerente de Planta, Covanta Union Inc.<\/strong><\/em><\/p>\n<p>[\/vc_column_text][\/vc_column][\/vc_row][vc_row][vc_column][vc_empty_space][\/vc_column][\/vc_row][vc_row][vc_column width=\u00bb1\/2&#8243;][vc_column_text css_animation=\u00bbslideInUp\u00bb]<\/p>\n<p style=\"text-align: left;\">\u00abGracias por su ayuda para actualizar nuestros archivos. Como siempre, GK est\u00e1 ah\u00ed cuando necesitamos ayuda\u00bb.<img decoding=\"async\" class=\"wp-image-32245 alignright\" src=\"https:\/\/www.generalkinematics.com\/wp-content\/uploads\/2017\/10\/folder.png\" alt=\"\" width=\"119\" height=\"103\" srcset=\"https:\/\/www.generalkinematics.com\/wp-content\/uploads\/2017\/10\/folder.png 331w, https:\/\/www.generalkinematics.com\/wp-content\/uploads\/2017\/10\/folder-300x258.png 300w\" sizes=\"(max-width: 639px) 98vw, (max-width: 1199px) 64vw, 119px\" \/><\/p>\n<p style=\"text-align: left;\"><strong><em>&#8211; David E. Boseley, Jefe de Ingenieros de Proyectos, East Jordan Iron Works<\/em><\/strong><\/p>\n<p>[\/vc_column_text][\/vc_column][vc_column width=\u00bb1\/2&#8243;][vc_column_text]<\/p>\n<p style=\"text-align: left;\">\u00abGeneral Kinematics ha seguido demostrando su superioridad en los sistemas de transporte vibratorio. GK contin\u00faa esforz\u00e1ndose por ofrecer la m\u00e1s alta calidad, servicio, costo y tiempo de entrega&#8230; no existe mejor opci\u00f3n que una transportadora vibratoria de GK\u201d.<\/p>\n<p style=\"text-align: left;\"><strong><em>&#8211; G. Degenhart &#8211; Subgerente de Ingenier\u00eda, Aisin Automotive Casting, Tennessee<\/em><\/strong><\/p>\n<p>[\/vc_column_text][\/vc_column][\/vc_row][vc_row][vc_column][vc_empty_space][\/vc_column][\/vc_row][vc_row][vc_column width=\u00bb1\/2&#8243;][vc_column_text]<\/p>\n<p style=\"text-align: left;\"><img decoding=\"async\" class=\" wp-image-32225 alignleft\" src=\"https:\/\/www.generalkinematics.com\/wp-content\/uploads\/2017\/10\/check.png\" alt=\"\" width=\"181\" height=\"142\" srcset=\"https:\/\/www.generalkinematics.com\/wp-content\/uploads\/2017\/10\/check.png 324w, https:\/\/www.generalkinematics.com\/wp-content\/uploads\/2017\/10\/check-300x235.png 300w\" sizes=\"(max-width: 639px) 98vw, (max-width: 1199px) 64vw, 181px\" \/>\u00abCon nuestra nueva unidad de GK hemos podido enfocar nuestra atenci\u00f3n de mantenimiento en otros equipos. Antes de instalar la unidad de GK, trabaj\u00e1bamos todos los d\u00edas en nuestro vibrador triturador, ahora tan solo lo encendemos y funciona siempre. Hemos procesado m\u00e1s de 1 mill\u00f3n de toneladas con nuestra trituradora y a\u00fan no hemos realizado ning\u00fan trabajo requerido en nuestra GK con el oscilador triturador. Realmente nos gusta la confiabilidad de esta unidad y los bajos requisitos de mantenimiento\u00bb.<\/p>\n<p style=\"text-align: right;\"><strong><em>&#8211; Rusty Manning, Riverside Engineering, Inc.<\/em><\/strong><\/p>\n<p>[\/vc_column_text][\/vc_column][vc_column width=\u00bb1\/2&#8243;][vc_column_text css_animation=\u00bbslideInUp\u00bb]\u00bbLa unidad FINGER-SCREEN\u2122 de GK hace un gran trabajo al presentar material en las cribas de clasificaci\u00f3n para que se pueda elegir f\u00e1cilmente lo que se est\u00e1 tratando de clasificar\u00bb.<\/p>\n<p><em><strong>&#8211; Kim Williams, Marpan Recycling<img decoding=\"async\" class=\" wp-image-32300 alignright\" src=\"https:\/\/www.generalkinematics.com\/wp-content\/uploads\/2017\/10\/stars-390x73.png\" alt=\"\u00edcono de cinco estrellas\" width=\"208\" height=\"39\" srcset=\"https:\/\/www.generalkinematics.com\/wp-content\/uploads\/2017\/10\/stars-390x73.png 390w, https:\/\/www.generalkinematics.com\/wp-content\/uploads\/2017\/10\/stars-300x56.png 300w, https:\/\/www.generalkinematics.com\/wp-content\/uploads\/2017\/10\/stars.png 461w\" sizes=\"(max-width: 639px) 98vw, (max-width: 1199px) 64vw, 208px\" \/><\/strong><\/em>[\/vc_column_text][\/vc_column][\/vc_row][vc_row][vc_column][vc_empty_space][\/vc_column][\/vc_row]<\/p>\n<\/div>","protected":false},"excerpt":{"rendered":"<p>General Kinematics se enorgullece de su enfoque completo en el cliente para proporcionar soluciones que superan las expectativas. A continuaci\u00f3n, se detallan algunos de los comentarios que hemos recibido de nuestros clientes. \u00bfTiene su propia experiencia con GK que desea compartir? \u00a1Av\u00edsenos!<\/p>\n","protected":false},"author":5,"featured_media":0,"parent":0,"menu_order":0,"comment_status":"closed","ping_status":"closed","template":"page-templates\/page-full-width.php","meta":{"_acf_changed":false,"om_disable_all_campaigns":false,"ep_exclude_from_search":false,"footnotes":""},"class_list":["post-42736","page","type-page","status-publish","hentry"],"acf":[],"yoast_head":"<!-- This site is optimized with the Yoast SEO plugin v27.2 - https:\/\/yoast.com\/product\/yoast-seo-wordpress\/ -->\n<title>Opiniones sobre nuestros equipos de vibraciones | General Kinematics<\/title>\n<meta name=\"description\" content=\"General Kinematics tiene una orgullosa historia de relaciones con los clientes. \u00a1Mira lo que otras personas que compraron GK tienen que decir sobre sus equipos!\" \/>\n<meta name=\"robots\" content=\"index, follow, max-snippet:-1, max-image-preview:large, max-video-preview:-1\" \/>\n<link rel=\"canonical\" href=\"https:\/\/www.generalkinematics.com\/es\/references-gk-vibrating\/\" \/>\n<meta property=\"og:locale\" content=\"es_ES\" \/>\n<meta property=\"og:type\" content=\"article\" \/>\n<meta property=\"og:title\" content=\"Opiniones sobre nuestros equipos de vibraciones | General Kinematics\" \/>\n<meta property=\"og:description\" content=\"General Kinematics tiene una orgullosa historia de relaciones con los clientes. \u00a1Mira lo que otras personas que compraron GK tienen que decir sobre sus equipos!\" \/>\n<meta property=\"og:url\" content=\"https:\/\/www.generalkinematics.com\/es\/references-gk-vibrating\/\" \/>\n<meta property=\"og:site_name\" content=\"General Kinematics\" \/>\n<meta property=\"article:publisher\" content=\"https:\/\/www.facebook.com\/generalkinematics\" \/>\n<meta property=\"article:modified_time\" content=\"2024-12-06T17:08:29+00:00\" \/>\n<meta property=\"og:image\" content=\"https:\/\/www.generalkinematics.com\/wp-content\/uploads\/2017\/10\/profiles-390x99.jpg\" \/>\n<meta name=\"twitter:card\" content=\"summary_large_image\" \/>\n<meta name=\"twitter:site\" content=\"@gkvibrating\" \/>\n<meta name=\"twitter:label1\" content=\"Tiempo de lectura\" \/>\n\t<meta name=\"twitter:data1\" content=\"7 minutos\" \/>\n<!-- \/ Yoast SEO plugin. -->","yoast_head_json":{"title":"Opiniones sobre nuestros equipos de vibraciones | General Kinematics","description":"General Kinematics tiene una orgullosa historia de relaciones con los clientes. \u00a1Mira lo que otras personas que compraron GK tienen que decir sobre sus equipos!","robots":{"index":"index","follow":"follow","max-snippet":"max-snippet:-1","max-image-preview":"max-image-preview:large","max-video-preview":"max-video-preview:-1"},"canonical":"https:\/\/www.generalkinematics.com\/es\/references-gk-vibrating\/","og_locale":"es_ES","og_type":"article","og_title":"Opiniones sobre nuestros equipos de vibraciones | General Kinematics","og_description":"General Kinematics tiene una orgullosa historia de relaciones con los clientes. \u00a1Mira lo que otras personas que compraron GK tienen que decir sobre sus equipos!","og_url":"https:\/\/www.generalkinematics.com\/es\/references-gk-vibrating\/","og_site_name":"General Kinematics","article_publisher":"https:\/\/www.facebook.com\/generalkinematics","article_modified_time":"2024-12-06T17:08:29+00:00","og_image":[{"url":"https:\/\/www.generalkinematics.com\/wp-content\/uploads\/2017\/10\/profiles-390x99.jpg","type":"","width":"","height":""}],"twitter_card":"summary_large_image","twitter_site":"@gkvibrating","twitter_misc":{"Tiempo de lectura":"7 minutos"},"schema":{"@context":"https:\/\/schema.org","@graph":[{"@type":"WebPage","@id":"https:\/\/www.generalkinematics.com\/es\/references-gk-vibrating\/","url":"https:\/\/www.generalkinematics.com\/es\/references-gk-vibrating\/","name":"Opiniones sobre nuestros equipos de vibraciones | General Kinematics","isPartOf":{"@id":"https:\/\/www.generalkinematics.com\/es\/#website"},"primaryImageOfPage":{"@id":"https:\/\/www.generalkinematics.com\/es\/references-gk-vibrating\/#primaryimage"},"image":{"@id":"https:\/\/www.generalkinematics.com\/es\/references-gk-vibrating\/#primaryimage"},"thumbnailUrl":"https:\/\/www.generalkinematics.com\/wp-content\/uploads\/2017\/10\/profiles-390x99.jpg","datePublished":"2012-05-06T05:13:35+00:00","dateModified":"2024-12-06T17:08:29+00:00","description":"General Kinematics tiene una orgullosa historia de relaciones con los clientes. \u00a1Mira lo que otras personas que compraron GK tienen que decir sobre sus equipos!","breadcrumb":{"@id":"https:\/\/www.generalkinematics.com\/es\/references-gk-vibrating\/#breadcrumb"},"inLanguage":"es","potentialAction":[{"@type":"ReadAction","target":["https:\/\/www.generalkinematics.com\/es\/references-gk-vibrating\/"]}]},{"@type":"ImageObject","inLanguage":"es","@id":"https:\/\/www.generalkinematics.com\/es\/references-gk-vibrating\/#primaryimage","url":"https:\/\/www.generalkinematics.com\/wp-content\/uploads\/2017\/10\/profiles-390x99.jpg","contentUrl":"https:\/\/www.generalkinematics.com\/wp-content\/uploads\/2017\/10\/profiles-390x99.jpg"},{"@type":"BreadcrumbList","@id":"https:\/\/www.generalkinematics.com\/es\/references-gk-vibrating\/#breadcrumb","itemListElement":[{"@type":"ListItem","position":1,"name":"GK Home","item":"https:\/\/www.generalkinematics.com\/es\/"},{"@type":"ListItem","position":2,"name":"Soluciones vibratorias de GK"}]},{"@type":"WebSite","@id":"https:\/\/www.generalkinematics.com\/es\/#website","url":"https:\/\/www.generalkinematics.com\/es\/","name":"General Kinematics","description":"","publisher":{"@id":"https:\/\/www.generalkinematics.com\/es\/#organization"},"potentialAction":[{"@type":"SearchAction","target":{"@type":"EntryPoint","urlTemplate":"https:\/\/www.generalkinematics.com\/es\/?s={search_term_string}"},"query-input":{"@type":"PropertyValueSpecification","valueRequired":true,"valueName":"search_term_string"}}],"inLanguage":"es"},{"@type":"Organization","@id":"https:\/\/www.generalkinematics.com\/es\/#organization","name":"General Kinematics","url":"https:\/\/www.generalkinematics.com\/es\/","logo":{"@type":"ImageObject","inLanguage":"es","@id":"https:\/\/www.generalkinematics.com\/es\/#\/schema\/logo\/image\/","url":"https:\/\/media.generalkinematics.com\/wp-content\/uploads\/2018\/03\/logo.png","contentUrl":"https:\/\/media.generalkinematics.com\/wp-content\/uploads\/2018\/03\/logo.png","width":313,"height":100,"caption":"General Kinematics"},"image":{"@id":"https:\/\/www.generalkinematics.com\/es\/#\/schema\/logo\/image\/"},"sameAs":["https:\/\/www.facebook.com\/generalkinematics","https:\/\/x.com\/gkvibrating"]}]}},"_links":{"self":[{"href":"https:\/\/www.generalkinematics.com\/es\/wp-json\/wp\/v2\/pages\/42736","targetHints":{"allow":["GET"]}}],"collection":[{"href":"https:\/\/www.generalkinematics.com\/es\/wp-json\/wp\/v2\/pages"}],"about":[{"href":"https:\/\/www.generalkinematics.com\/es\/wp-json\/wp\/v2\/types\/page"}],"author":[{"embeddable":true,"href":"https:\/\/www.generalkinematics.com\/es\/wp-json\/wp\/v2\/users\/5"}],"replies":[{"embeddable":true,"href":"https:\/\/www.generalkinematics.com\/es\/wp-json\/wp\/v2\/comments?post=42736"}],"version-history":[{"count":0,"href":"https:\/\/www.generalkinematics.com\/es\/wp-json\/wp\/v2\/pages\/42736\/revisions"}],"wp:attachment":[{"href":"https:\/\/www.generalkinematics.com\/es\/wp-json\/wp\/v2\/media?parent=42736"}],"curies":[{"name":"wp","href":"https:\/\/api.w.org\/{rel}","templated":true}]}}