{"id":42737,"date":"2012-05-30T16:14:21","date_gmt":"2012-05-30T21:14:21","guid":{"rendered":"https:\/\/www.generalkinematics.com\/oem\/"},"modified":"2018-09-27T17:51:12","modified_gmt":"2018-09-27T22:51:12","slug":"oem","status":"publish","type":"page","link":"https:\/\/www.generalkinematics.com\/es\/oem\/","title":{"rendered":"Soluciones vibratorias de GK"},"content":{"rendered":"<h1>Integraci\u00f3n de OEM<\/h1>\n<h2>Agregue la confiabilidad y el rendimiento comprobados de GK a su l\u00ednea de productos.<\/h2>\n<hr \/>\n<p><img decoding=\"async\" src=\"https:\/\/www.generalkinematics.com\/wp-content\/uploads\/images\/oem.jpg\" alt=\"\" width=\"330\" height=\"500\" align=\"right\" \/><\/p>\n<p>Como Fabricante de Equipos Originales (OEM, por sus siglas en ingl\u00e9s), puede contar con General Kinematics para obtener equipos dise\u00f1ados para cumplir con los requisitos espec\u00edficos de su aplicaci\u00f3n. Al integrar los equipos de GK en sus soluciones, su empresa lograr\u00e1 la diferenciaci\u00f3n del producto y obtendr\u00e1 una ventaja competitiva en el mercado. Tambi\u00e9n se beneficiar\u00e1 del alcance y los recursos que han convertido a General Kinematics en el l\u00edder como una de las marcas de soluciones de procesos vibratorios m\u00e1s reconocidas y respetadas del mundo.<\/p>\n<p>Las soluciones de General Kinematics para clientes OEM abarcan desde componentes que se pueden incorporar al dise\u00f1o de los OEM para completar las m\u00e1quinas que componen la mayor parte del producto OEM. Esto permite a los Fabricantes de Equipos Originales concentrar los recursos en el dise\u00f1o, desarrollo y fabricaci\u00f3n de su producto \u00fanico y confiar en General Kinematics para obtener las tecnolog\u00edas clave para que todo funcione.<\/p>\n<ul class=\"gk-ul\">\n<li>Benef\u00edciese trabajando con los mejores equipos vibratorios de la industria.<\/li>\n<li>Conc\u00e9ntrese en el desarrollo de sus productos \u00fanicos&#8230; d\u00e9jenos la parte vibratoria a nosotros.<\/li>\n<\/ul>\n<p>Para obtener m\u00e1s informaci\u00f3n sobre la integraci\u00f3n de productos OEM, comun\u00edquese con un <a href=\"mailto:tmusschoot@generalkinematics.com\">especialista en tecnolog\u00edas de GK<\/a> para obtener informaci\u00f3n espec\u00edfica sobre la aplicaci\u00f3n.<\/p>\n","protected":false},"excerpt":{"rendered":"<p>Integraci\u00f3n de OEM Agregue la confiabilidad y el rendimiento comprobados de GK a su l\u00ednea de productos. Como Fabricante de Equipos Originales (OEM, por sus siglas en ingl\u00e9s), puede contar con General Kinematics para obtener equipos dise\u00f1ados para cumplir con los requisitos espec\u00edficos de su aplicaci\u00f3n. Al integrar los equipos de GK en sus soluciones, [&hellip;]<\/p>\n","protected":false},"author":5,"featured_media":0,"parent":0,"menu_order":0,"comment_status":"closed","ping_status":"closed","template":"","meta":{"_acf_changed":false,"om_disable_all_campaigns":false,"ep_exclude_from_search":false,"footnotes":""},"class_list":["post-42737","page","type-page","status-publish","hentry"],"acf":[],"yoast_head":"<!-- This site is optimized with the Yoast SEO plugin v27.2 - https:\/\/yoast.com\/product\/yoast-seo-wordpress\/ -->\n<title>Fabricante de equipos OEM | General Kinematics<\/title>\n<meta name=\"description\" content=\"Conf\u00ede en la experiencia de General Kinematics como fabricante de equipos OEM para integrarlos en las soluciones de su empresa y lograr as\u00ed diferenciar su producto frente a sus competidores.\" \/>\n<meta name=\"robots\" content=\"index, follow, max-snippet:-1, max-image-preview:large, max-video-preview:-1\" \/>\n<link rel=\"canonical\" href=\"https:\/\/www.generalkinematics.com\/es\/oem\/\" \/>\n<meta property=\"og:locale\" content=\"es_ES\" \/>\n<meta property=\"og:type\" content=\"article\" \/>\n<meta property=\"og:title\" content=\"Fabricante de equipos OEM | General Kinematics\" \/>\n<meta property=\"og:description\" content=\"Conf\u00ede en la experiencia de General Kinematics como fabricante de equipos OEM para integrarlos en las soluciones de su empresa y lograr as\u00ed diferenciar su producto frente a sus competidores.\" \/>\n<meta property=\"og:url\" content=\"https:\/\/www.generalkinematics.com\/es\/oem\/\" \/>\n<meta property=\"og:site_name\" content=\"General Kinematics\" \/>\n<meta property=\"article:publisher\" content=\"https:\/\/www.facebook.com\/generalkinematics\" \/>\n<meta property=\"article:modified_time\" content=\"2018-09-27T22:51:12+00:00\" \/>\n<meta property=\"og:image\" content=\"https:\/\/www.generalkinematics.com\/wp-content\/uploads\/images\/oem.jpg\" \/>\n<meta name=\"twitter:card\" content=\"summary_large_image\" \/>\n<meta name=\"twitter:site\" content=\"@gkvibrating\" \/>\n<meta name=\"twitter:label1\" content=\"Tiempo de lectura\" \/>\n\t<meta name=\"twitter:data1\" content=\"1 minuto\" \/>\n<!-- \/ Yoast SEO plugin. -->","yoast_head_json":{"title":"Fabricante de equipos OEM | General Kinematics","description":"Conf\u00ede en la experiencia de General Kinematics como fabricante de equipos OEM para integrarlos en las soluciones de su empresa y lograr as\u00ed diferenciar su producto frente a sus competidores.","robots":{"index":"index","follow":"follow","max-snippet":"max-snippet:-1","max-image-preview":"max-image-preview:large","max-video-preview":"max-video-preview:-1"},"canonical":"https:\/\/www.generalkinematics.com\/es\/oem\/","og_locale":"es_ES","og_type":"article","og_title":"Fabricante de equipos OEM | General Kinematics","og_description":"Conf\u00ede en la experiencia de General Kinematics como fabricante de equipos OEM para integrarlos en las soluciones de su empresa y lograr as\u00ed diferenciar su producto frente a sus competidores.","og_url":"https:\/\/www.generalkinematics.com\/es\/oem\/","og_site_name":"General Kinematics","article_publisher":"https:\/\/www.facebook.com\/generalkinematics","article_modified_time":"2018-09-27T22:51:12+00:00","og_image":[{"url":"https:\/\/www.generalkinematics.com\/wp-content\/uploads\/images\/oem.jpg","type":"","width":"","height":""}],"twitter_card":"summary_large_image","twitter_site":"@gkvibrating","twitter_misc":{"Tiempo de lectura":"1 minuto"},"schema":{"@context":"https:\/\/schema.org","@graph":[{"@type":"WebPage","@id":"https:\/\/www.generalkinematics.com\/es\/oem\/","url":"https:\/\/www.generalkinematics.com\/es\/oem\/","name":"Fabricante de equipos OEM | General Kinematics","isPartOf":{"@id":"https:\/\/www.generalkinematics.com\/es\/#website"},"primaryImageOfPage":{"@id":"https:\/\/www.generalkinematics.com\/es\/oem\/#primaryimage"},"image":{"@id":"https:\/\/www.generalkinematics.com\/es\/oem\/#primaryimage"},"thumbnailUrl":"https:\/\/www.generalkinematics.com\/wp-content\/uploads\/images\/oem.jpg","datePublished":"2012-05-30T21:14:21+00:00","dateModified":"2018-09-27T22:51:12+00:00","description":"Conf\u00ede en la experiencia de General Kinematics como fabricante de equipos OEM para integrarlos en las soluciones de su empresa y lograr as\u00ed diferenciar su producto frente a sus competidores.","breadcrumb":{"@id":"https:\/\/www.generalkinematics.com\/es\/oem\/#breadcrumb"},"inLanguage":"es","potentialAction":[{"@type":"ReadAction","target":["https:\/\/www.generalkinematics.com\/es\/oem\/"]}]},{"@type":"ImageObject","inLanguage":"es","@id":"https:\/\/www.generalkinematics.com\/es\/oem\/#primaryimage","url":"https:\/\/www.generalkinematics.com\/wp-content\/uploads\/images\/oem.jpg","contentUrl":"https:\/\/www.generalkinematics.com\/wp-content\/uploads\/images\/oem.jpg"},{"@type":"BreadcrumbList","@id":"https:\/\/www.generalkinematics.com\/es\/oem\/#breadcrumb","itemListElement":[{"@type":"ListItem","position":1,"name":"GK Home","item":"https:\/\/www.generalkinematics.com\/es\/"},{"@type":"ListItem","position":2,"name":"Soluciones vibratorias de GK"}]},{"@type":"WebSite","@id":"https:\/\/www.generalkinematics.com\/es\/#website","url":"https:\/\/www.generalkinematics.com\/es\/","name":"General Kinematics","description":"","publisher":{"@id":"https:\/\/www.generalkinematics.com\/es\/#organization"},"potentialAction":[{"@type":"SearchAction","target":{"@type":"EntryPoint","urlTemplate":"https:\/\/www.generalkinematics.com\/es\/?s={search_term_string}"},"query-input":{"@type":"PropertyValueSpecification","valueRequired":true,"valueName":"search_term_string"}}],"inLanguage":"es"},{"@type":"Organization","@id":"https:\/\/www.generalkinematics.com\/es\/#organization","name":"General Kinematics","url":"https:\/\/www.generalkinematics.com\/es\/","logo":{"@type":"ImageObject","inLanguage":"es","@id":"https:\/\/www.generalkinematics.com\/es\/#\/schema\/logo\/image\/","url":"https:\/\/media.generalkinematics.com\/wp-content\/uploads\/2018\/03\/logo.png","contentUrl":"https:\/\/media.generalkinematics.com\/wp-content\/uploads\/2018\/03\/logo.png","width":313,"height":100,"caption":"General Kinematics"},"image":{"@id":"https:\/\/www.generalkinematics.com\/es\/#\/schema\/logo\/image\/"},"sameAs":["https:\/\/www.facebook.com\/generalkinematics","https:\/\/x.com\/gkvibrating"]}]}},"_links":{"self":[{"href":"https:\/\/www.generalkinematics.com\/es\/wp-json\/wp\/v2\/pages\/42737","targetHints":{"allow":["GET"]}}],"collection":[{"href":"https:\/\/www.generalkinematics.com\/es\/wp-json\/wp\/v2\/pages"}],"about":[{"href":"https:\/\/www.generalkinematics.com\/es\/wp-json\/wp\/v2\/types\/page"}],"author":[{"embeddable":true,"href":"https:\/\/www.generalkinematics.com\/es\/wp-json\/wp\/v2\/users\/5"}],"replies":[{"embeddable":true,"href":"https:\/\/www.generalkinematics.com\/es\/wp-json\/wp\/v2\/comments?post=42737"}],"version-history":[{"count":0,"href":"https:\/\/www.generalkinematics.com\/es\/wp-json\/wp\/v2\/pages\/42737\/revisions"}],"wp:attachment":[{"href":"https:\/\/www.generalkinematics.com\/es\/wp-json\/wp\/v2\/media?parent=42737"}],"curies":[{"name":"wp","href":"https:\/\/api.w.org\/{rel}","templated":true}]}}