{"id":42738,"date":"2013-08-01T17:15:30","date_gmt":"2013-08-01T22:15:30","guid":{"rendered":"https:\/\/www.generalkinematics.com\/gk-rd-lab\/"},"modified":"2022-07-20T09:49:24","modified_gmt":"2022-07-20T14:49:24","slug":"gk-rd-lab","status":"publish","type":"page","link":"https:\/\/www.generalkinematics.com\/es\/gk-rd-lab\/","title":{"rendered":"Laboratorio de Investigaci\u00f3n y Desarrollo de GK"},"content":{"rendered":"<div class=\"wpb-content-wrapper\"><h2>Laboratorio de Investigaci\u00f3n y Desarrollo de GK<\/h2>\n<p>Una de las mejores formas de justificar la inversi\u00f3n en nuevos equipos es saber que har\u00e1n el trabajo que necesita antes de comprarlo. GK mantiene un inventario completo de la tecnolog\u00eda vibratoria dise\u00f1ada para calificar su material antes de la compra.<\/p>\n<h3>Aspectos destacados del laboratorio<\/h3>\n<ul>\n<li>El personal de laboratorio de tiempo completo con d\u00e9cadas de experiencia en pruebas de productos puede determinar r\u00e1pidamente la mejor tecnolog\u00eda de GK para mejorar su proceso.<\/li>\n<li>La opci\u00f3n para ver la calificaci\u00f3n se realiza en persona o a trav\u00e9s de enlaces de video privados en l\u00ednea.<\/li>\n<li>Capacidad de ejecutar lotes peque\u00f1os hasta pruebas de proceso a gran escala.<\/li>\n<li>Laboratorio de materiales en el sitio para la verificaci\u00f3n del producto.<\/li>\n<li>Las demostraciones tambi\u00e9n se pueden ejecutar en sus instalaciones para utilizar materiales de su l\u00ednea.<\/li>\n<\/ul>\n<h3>Obtenga m\u00e1s informaci\u00f3n sobre nuestros laboratorios:<\/h3>\n<p><img decoding=\"async\" class=\"alignleft wp-image-15999\" src=\"https:\/\/www.generalkinematics.com\/wp-content\/uploads\/2017\/06\/2017-06-13-12.22.28-390x260.png\" alt=\"\" width=\"149\" height=\"99\" srcset=\"https:\/\/www.generalkinematics.com\/wp-content\/uploads\/2017\/06\/2017-06-13-12.22.28-390x260.png 390w, https:\/\/www.generalkinematics.com\/wp-content\/uploads\/2017\/06\/2017-06-13-12.22.28-300x200.png 300w, https:\/\/www.generalkinematics.com\/wp-content\/uploads\/2017\/06\/2017-06-13-12.22.28-768x512.png 768w, https:\/\/www.generalkinematics.com\/wp-content\/uploads\/2017\/06\/2017-06-13-12.22.28-1024x683.png 1024w, https:\/\/www.generalkinematics.com\/wp-content\/uploads\/2017\/06\/2017-06-13-12.22.28-360x240.png 360w, https:\/\/www.generalkinematics.com\/wp-content\/uploads\/2017\/06\/2017-06-13-12.22.28-600x400.png 600w\" sizes=\"(max-width: 639px) 98vw, (max-width: 1199px) 64vw, 149px\" \/><\/p>\n<h4>Laboratorio de cama de fluidos:<\/h4>\n<p>La instalaci\u00f3n de prueba por lotes peque\u00f1os permite un c\u00e1lculo r\u00e1pido y preciso de las caracter\u00edsticas del material y los par\u00e1metros para determinar la ampliaci\u00f3n y los requisitos de aire del proceso.<\/p>\n<hr \/>\n<p><img decoding=\"async\" class=\"alignleft wp-image-16000\" src=\"https:\/\/www.generalkinematics.com\/wp-content\/uploads\/2017\/06\/2017-06-13-12.23.01-390x257.png\" alt=\"\" width=\"151\" height=\"100\" srcset=\"https:\/\/www.generalkinematics.com\/wp-content\/uploads\/2017\/06\/2017-06-13-12.23.01-390x257.png 390w, https:\/\/www.generalkinematics.com\/wp-content\/uploads\/2017\/06\/2017-06-13-12.23.01-300x200.png 300w, https:\/\/www.generalkinematics.com\/wp-content\/uploads\/2017\/06\/2017-06-13-12.23.01-768x507.png 768w, https:\/\/www.generalkinematics.com\/wp-content\/uploads\/2017\/06\/2017-06-13-12.23.01-1024x675.png 1024w, https:\/\/www.generalkinematics.com\/wp-content\/uploads\/2017\/06\/2017-06-13-12.23.01-360x240.png 360w, https:\/\/www.generalkinematics.com\/wp-content\/uploads\/2017\/06\/2017-06-13-12.23.01-600x400.png 600w\" sizes=\"(max-width: 639px) 98vw, (max-width: 1199px) 64vw, 151px\" \/><\/p>\n<h4>Laboratorio de materiales:<\/h4>\n<p>GK adopta un enfoque de servicio completo para procesar su producto, incluido el an\u00e1lisis cuando sea necesario. Nuestras capacidades de laboratorio de materiales incluyen el an\u00e1lisis de part\u00edculas secas y h\u00famedas, an\u00e1lisis de humedad, im\u00e1genes microsc\u00f3picas y m\u00e1s.<\/p>\n<hr \/>\n<p><img decoding=\"async\" class=\"alignleft wp-image-6574\" src=\"https:\/\/www.generalkinematics.com\/wp-content\/uploads\/classifier-1.jpg\" alt=\"clasificador\" width=\"150\" height=\"108\" \/><\/p>\n<h4>Laboratorio de cribado \/ clasificaci\u00f3n:<\/h4>\n<p>Clasificar materiales es una especialidad en el laboratorio de GK. Si necesita cribar, seleccionar, clasificar o separar productos por tama\u00f1o o tipo de material, GK tiene la tecnolog\u00eda para lograr sus objetivos.<\/p>\n<hr \/>\n<p><img decoding=\"async\" class=\"alignleft wp-image-6575\" src=\"https:\/\/www.generalkinematics.com\/wp-content\/uploads\/foundry-1.jpg\" alt=\"fundici\u00f3n\" width=\"150\" height=\"108\" \/><\/p>\n<h4>Laboratorio de fundici\u00f3n:<\/h4>\n<p>Desde desmoldeadoras de fundici\u00f3n hasta la recuperaci\u00f3n de arena y escoria, el an\u00e1lisis de su producto en el laboratorio de fundici\u00f3n de GK verificar\u00e1 los resultados que busca lograr antes de la compra.[\/vc_column_text][\/vc_column][\/vc_row]<\/p>\n<p>&nbsp;<\/p>\n<div class=\"epyt-video-wrapper\"><iframe  id=\"_ytid_18508\"  width=\"480\" height=\"270\"  data-origwidth=\"480\" data-origheight=\"270\"  data-relstop=\"1\" src=\"https:\/\/www.youtube.com\/embed\/vsCgF-us0Ms?enablejsapi=1&#038;autoplay=0&#038;cc_load_policy=0&#038;cc_lang_pref=&#038;iv_load_policy=1&#038;loop=0&#038;rel=0&#038;fs=1&#038;playsinline=0&#038;autohide=2&#038;theme=dark&#038;color=red&#038;controls=1&#038;disablekb=0&#038;\" class=\"__youtube_prefs__  epyt-is-override  no-lazyload\" title=\"YouTube player\"  allow=\"fullscreen; accelerometer; autoplay; clipboard-write; encrypted-media; gyroscope; picture-in-picture; web-share\" referrerpolicy=\"strict-origin-when-cross-origin\" allowfullscreen data-no-lazy=\"1\" data-skipgform_ajax_framebjll=\"\"><\/iframe><\/div>\n<\/div>","protected":false},"excerpt":{"rendered":"<p>Laboratorio de Investigaci\u00f3n y Desarrollo de GK Una de las mejores formas de justificar la inversi\u00f3n en nuevos equipos es saber que har\u00e1n el trabajo que necesita antes de comprarlo. GK mantiene un inventario completo de la tecnolog\u00eda vibratoria dise\u00f1ada para calificar su material antes de la compra. Aspectos destacados del laboratorio El personal de [&hellip;]<\/p>\n","protected":false},"author":2,"featured_media":0,"parent":0,"menu_order":0,"comment_status":"closed","ping_status":"closed","template":"page-templates\/page-full-width.php","meta":{"_acf_changed":false,"om_disable_all_campaigns":false,"ep_exclude_from_search":false,"footnotes":""},"class_list":["post-42738","page","type-page","status-publish","hentry"],"acf":[],"yoast_head":"<!-- This site is optimized with the Yoast SEO plugin v27.2 - https:\/\/yoast.com\/product\/yoast-seo-wordpress\/ -->\n<title>Laboratorio de materiales | General Kinematics<\/title>\n<meta name=\"description\" content=\"Conozca los laboratorios de materiales General Kinematics. Vea en este v\u00eddeo c\u00f3mo la prueba y an\u00e1lisis riguroso de materiales juega un papel fundamental en el desarrollo de nuestros productos.\" \/>\n<meta name=\"robots\" content=\"index, follow, max-snippet:-1, max-image-preview:large, max-video-preview:-1\" \/>\n<link rel=\"canonical\" href=\"https:\/\/www.generalkinematics.com\/es\/gk-rd-lab\/\" \/>\n<meta property=\"og:locale\" content=\"es_ES\" \/>\n<meta property=\"og:type\" content=\"article\" \/>\n<meta property=\"og:title\" content=\"Laboratorio de materiales | General Kinematics\" \/>\n<meta property=\"og:description\" content=\"Conozca los laboratorios de materiales General Kinematics. Vea en este v\u00eddeo c\u00f3mo la prueba y an\u00e1lisis riguroso de materiales juega un papel fundamental en el desarrollo de nuestros productos.\" \/>\n<meta property=\"og:url\" content=\"https:\/\/www.generalkinematics.com\/es\/gk-rd-lab\/\" \/>\n<meta property=\"og:site_name\" content=\"General Kinematics\" \/>\n<meta property=\"article:publisher\" content=\"https:\/\/www.facebook.com\/generalkinematics\" \/>\n<meta property=\"article:modified_time\" content=\"2022-07-20T14:49:24+00:00\" \/>\n<meta property=\"og:image\" content=\"https:\/\/www.generalkinematics.com\/wp-content\/uploads\/2017\/06\/2017-06-13-12.22.28-390x260.png\" \/>\n<meta name=\"twitter:card\" content=\"summary_large_image\" \/>\n<meta name=\"twitter:site\" content=\"@gkvibrating\" \/>\n<meta name=\"twitter:label1\" content=\"Tiempo de lectura\" \/>\n\t<meta name=\"twitter:data1\" content=\"3 minutos\" \/>\n<!-- \/ Yoast SEO plugin. -->","yoast_head_json":{"title":"Laboratorio de materiales | General Kinematics","description":"Conozca los laboratorios de materiales General Kinematics. Vea en este v\u00eddeo c\u00f3mo la prueba y an\u00e1lisis riguroso de materiales juega un papel fundamental en el desarrollo de nuestros productos.","robots":{"index":"index","follow":"follow","max-snippet":"max-snippet:-1","max-image-preview":"max-image-preview:large","max-video-preview":"max-video-preview:-1"},"canonical":"https:\/\/www.generalkinematics.com\/es\/gk-rd-lab\/","og_locale":"es_ES","og_type":"article","og_title":"Laboratorio de materiales | General Kinematics","og_description":"Conozca los laboratorios de materiales General Kinematics. Vea en este v\u00eddeo c\u00f3mo la prueba y an\u00e1lisis riguroso de materiales juega un papel fundamental en el desarrollo de nuestros productos.","og_url":"https:\/\/www.generalkinematics.com\/es\/gk-rd-lab\/","og_site_name":"General Kinematics","article_publisher":"https:\/\/www.facebook.com\/generalkinematics","article_modified_time":"2022-07-20T14:49:24+00:00","og_image":[{"url":"https:\/\/www.generalkinematics.com\/wp-content\/uploads\/2017\/06\/2017-06-13-12.22.28-390x260.png","type":"","width":"","height":""}],"twitter_card":"summary_large_image","twitter_site":"@gkvibrating","twitter_misc":{"Tiempo de lectura":"3 minutos"},"schema":{"@context":"https:\/\/schema.org","@graph":[{"@type":"WebPage","@id":"https:\/\/www.generalkinematics.com\/es\/gk-rd-lab\/","url":"https:\/\/www.generalkinematics.com\/es\/gk-rd-lab\/","name":"Laboratorio de materiales | General Kinematics","isPartOf":{"@id":"https:\/\/www.generalkinematics.com\/es\/#website"},"primaryImageOfPage":{"@id":"https:\/\/www.generalkinematics.com\/es\/gk-rd-lab\/#primaryimage"},"image":{"@id":"https:\/\/www.generalkinematics.com\/es\/gk-rd-lab\/#primaryimage"},"thumbnailUrl":"https:\/\/www.generalkinematics.com\/wp-content\/uploads\/2017\/06\/2017-06-13-12.22.28-390x260.png","datePublished":"2013-08-01T22:15:30+00:00","dateModified":"2022-07-20T14:49:24+00:00","description":"Conozca los laboratorios de materiales General Kinematics. Vea en este v\u00eddeo c\u00f3mo la prueba y an\u00e1lisis riguroso de materiales juega un papel fundamental en el desarrollo de nuestros productos.","breadcrumb":{"@id":"https:\/\/www.generalkinematics.com\/es\/gk-rd-lab\/#breadcrumb"},"inLanguage":"es","potentialAction":[{"@type":"ReadAction","target":["https:\/\/www.generalkinematics.com\/es\/gk-rd-lab\/"]}]},{"@type":"ImageObject","inLanguage":"es","@id":"https:\/\/www.generalkinematics.com\/es\/gk-rd-lab\/#primaryimage","url":"https:\/\/www.generalkinematics.com\/wp-content\/uploads\/2017\/06\/2017-06-13-12.22.28-390x260.png","contentUrl":"https:\/\/www.generalkinematics.com\/wp-content\/uploads\/2017\/06\/2017-06-13-12.22.28-390x260.png"},{"@type":"BreadcrumbList","@id":"https:\/\/www.generalkinematics.com\/es\/gk-rd-lab\/#breadcrumb","itemListElement":[{"@type":"ListItem","position":1,"name":"GK Home","item":"https:\/\/www.generalkinematics.com\/es\/"},{"@type":"ListItem","position":2,"name":"Laboratorio de Investigaci\u00f3n y Desarrollo de GK"}]},{"@type":"WebSite","@id":"https:\/\/www.generalkinematics.com\/es\/#website","url":"https:\/\/www.generalkinematics.com\/es\/","name":"General Kinematics","description":"","publisher":{"@id":"https:\/\/www.generalkinematics.com\/es\/#organization"},"potentialAction":[{"@type":"SearchAction","target":{"@type":"EntryPoint","urlTemplate":"https:\/\/www.generalkinematics.com\/es\/?s={search_term_string}"},"query-input":{"@type":"PropertyValueSpecification","valueRequired":true,"valueName":"search_term_string"}}],"inLanguage":"es"},{"@type":"Organization","@id":"https:\/\/www.generalkinematics.com\/es\/#organization","name":"General Kinematics","url":"https:\/\/www.generalkinematics.com\/es\/","logo":{"@type":"ImageObject","inLanguage":"es","@id":"https:\/\/www.generalkinematics.com\/es\/#\/schema\/logo\/image\/","url":"https:\/\/media.generalkinematics.com\/wp-content\/uploads\/2018\/03\/logo.png","contentUrl":"https:\/\/media.generalkinematics.com\/wp-content\/uploads\/2018\/03\/logo.png","width":313,"height":100,"caption":"General Kinematics"},"image":{"@id":"https:\/\/www.generalkinematics.com\/es\/#\/schema\/logo\/image\/"},"sameAs":["https:\/\/www.facebook.com\/generalkinematics","https:\/\/x.com\/gkvibrating"]}]}},"_links":{"self":[{"href":"https:\/\/www.generalkinematics.com\/es\/wp-json\/wp\/v2\/pages\/42738","targetHints":{"allow":["GET"]}}],"collection":[{"href":"https:\/\/www.generalkinematics.com\/es\/wp-json\/wp\/v2\/pages"}],"about":[{"href":"https:\/\/www.generalkinematics.com\/es\/wp-json\/wp\/v2\/types\/page"}],"author":[{"embeddable":true,"href":"https:\/\/www.generalkinematics.com\/es\/wp-json\/wp\/v2\/users\/2"}],"replies":[{"embeddable":true,"href":"https:\/\/www.generalkinematics.com\/es\/wp-json\/wp\/v2\/comments?post=42738"}],"version-history":[{"count":0,"href":"https:\/\/www.generalkinematics.com\/es\/wp-json\/wp\/v2\/pages\/42738\/revisions"}],"wp:attachment":[{"href":"https:\/\/www.generalkinematics.com\/es\/wp-json\/wp\/v2\/media?parent=42738"}],"curies":[{"name":"wp","href":"https:\/\/api.w.org\/{rel}","templated":true}]}}