{"id":42739,"date":"2016-05-25T14:22:36","date_gmt":"2016-05-25T19:22:36","guid":{"rendered":"https:\/\/www.generalkinematics.com\/gk-service\/"},"modified":"2020-02-18T10:16:44","modified_gmt":"2020-02-18T16:16:44","slug":"servicio-de-gk","status":"publish","type":"page","link":"https:\/\/www.generalkinematics.com\/es\/servicio-de-gk\/","title":{"rendered":"Servicio de GK"},"content":{"rendered":"<div class=\"wpb-content-wrapper\"><p>[vc_row][vc_column][vc_column_text]Nuestro objetivo es brindar un servicio superior a nuestros clientes que supere las expectativas. GK Field Service brinda soporte integral con un veterano personal de servicio, una metodolog\u00eda de implementaci\u00f3n comprobada en el terreno y un servicio de asistencia profesional. Los t\u00e9cnicos de servicio de GK tienen a\u00f1os de experiencia en todos los productos vibratorios de cinem\u00e1tica general instalados en todo el mundo, y llegan bien preparados para ayudarlo de manera r\u00e1pida y eficiente. Despu\u00e9s de todo, nadie sabe m\u00e1s sobre una m\u00e1quina que las personas que la construyeron. Las capacidades de General Kinematics Field Service van desde lo simple hasta lo aparentemente imposible.<\/p>\n<p>Algunos de nuestros servicios se ofrecen con una simple llamada telef\u00f3nica:<\/p>\n<ul>\n<li><strong>Instalaci\u00f3n y asistencia de arranque<\/strong><\/li>\n<li><strong>Inspecci\u00f3n de equipos nuevos ya instalados<\/strong><\/li>\n<li><strong>Soluci\u00f3n de problemas de equipos vibratorios GK o equipos de la competencia<\/strong><\/li>\n<li><strong>An\u00e1lisis de vibraciones in situ<\/strong><\/li>\n<li><strong>Puesta en marcha de un nuevo equipo o sistema de maquinaria<\/strong><\/li>\n<li><strong>Optimizaci\u00f3n de procesos<\/strong><\/li>\n<li><strong>Ayuda de reconstrucci\u00f3n de menor a mayor<\/strong><\/li>\n<\/ul>\n<p><strong><a href=\"https:\/\/www.generalkinematics.com\/es\/24-7-365-repuestos-y-servicio-de-gk-siempre-alli-para-usted\/\">Si necesita asistencia en el lugar, en cualquier parte del mundo, solo ll\u00e1menos.<\/a>.<\/strong>[\/vc_column_text][\/vc_column][\/vc_row][vc_row full_width=\u00bbstretch_row\u00bb el_class=\u00bbcategory_page\u00bb css=\u00bb.vc_custom_1522365042558{background-image: url(https:\/\/www.generalkinematics.com\/wp-content\/uploads\/2018\/03\/industry-landing-lines.png?id=34782) !important;background-position: 0 0 !important;background-repeat: no-repeat !important;}\u00bb][vc_column][vc_single_image image=\u00bb35864&#8243; img_size=\u00bbmedium\u00bb alignment=\u00bbcenter\u00bb][vc_column_text]<\/p>\n<p style=\"text-align: center;\"><em>Disponible de forma ininterrumpida en todo el mundo.<\/em><\/p>\n<p>[\/vc_column_text][\/vc_column][\/vc_row][vc_row el_class=\u00bbcontainer category_page cat_image\u00bb][vc_column width=\u00bb1\/4&#8243;][vc_single_image image=\u00bb35247&#8243; img_size=\u00bbfull\u00bb alignment=\u00bbcenter\u00bb onclick=\u00bbcustom_link\u00bb title=\u00bbCapacitaci\u00f3n e inspecciones de mantenimiento\u00bb link=\u00bb\/es\/categoria-producto\/servicio-de-campo-principal-de-gk\/entrenamiento-vibratorio\/\u00bb][\/vc_column][vc_column width=\u00bb1\/4&#8243;][vc_single_image image=\u00bb41932&#8243; img_size=\u00bbfull\u00bb alignment=\u00bbcenter\u00bb onclick=\u00bbcustom_link\u00bb title=\u00bbInformaci\u00f3n de contacto\u00bb link=\u00bb\/es\/24-7-365-repuestos-y-servicio-de-gk-siempre-alli-para-usted\/\u00bb][\/vc_column][vc_column width=\u00bb1\/4&#8243;][vc_single_image image=\u00bb28928&#8243; img_size=\u00bbfull\u00bb alignment=\u00bbcenter\u00bb onclick=\u00bbcustom_link\u00bb title=\u00bbSeminarios gratuitos\u00bb link=\u00bb\/es\/categoria-producto\/servicio-de-campo-principal-de-gk\/seminario-gratuito\/\u00bb][\/vc_column][vc_column width=\u00bb1\/4&#8243;][vc_single_image image=\u00bb35185&#8243; img_size=\u00bbfull\u00bb alignment=\u00bbcenter\u00bb onclick=\u00bbcustom_link\u00bb title=\u00bbCentro de recursos\u00bb link=\u00bb\/es\/centro-tecnico\/\u00bb][\/vc_column][\/vc_row][vc_row][vc_column][vc_column_text]General Kinematics provee equipos de procesos vibratorios para muchas industrias diferentes. Cada pieza est\u00e1 dise\u00f1ada a medida para aplicaciones o procesos espec\u00edficos. Es poco probable que dos equipos sean completamente id\u00e9nticos. Aunque pueden ser similares, a menudo utilizan diferentes componentes, pueden realizar diferentes operaciones o procesos, y pueden tener diferentes caracter\u00edsticas operativas. Dado que estas diferencias inherentes representan un mayor desaf\u00edo para el personal de mantenimiento o ingenier\u00eda para comprender y realizar el mantenimiento del equipo de manera adecuada, General Kinematics se enorgullece de ofrecer a nuestros clientes los siguientes servicios:<\/p>\n<ul>\n<li style=\"text-align: left;\"><a href=\"https:\/\/www.generalkinematics.com\/es\/producto\/instalacion-in-situ\/\">Servicios de asesor\u00eda para Administraci\u00f3n de proyectos\/Instalaci\u00f3n in situ\/Reparaci\u00f3n<\/a><\/li>\n<li style=\"text-align: left;\"><a href=\"https:\/\/www.generalkinematics.com\/es\/producto\/inspecciones-de-mantenimiento-preventivo\/\">Inspecciones de mantenimiento preventivo<\/a><\/li>\n<li style=\"text-align: left;\"><a href=\"https:\/\/www.generalkinematics.com\/es\/producto\/programas-de-inspeccion-por-contrato\/\">Programas de inspecci\u00f3n por contrato<\/a><\/li>\n<li style=\"text-align: left;\"><a href=\"https:\/\/www.generalkinematics.com\/es\/producto\/seminarios-de-mantenimiento-de-equipos\/\">Capacitaci\u00f3n de mantenimiento preventivo y resoluci\u00f3n de problemas<\/a><\/li>\n<li style=\"text-align: left;\"><a href=\"https:\/\/www.generalkinematics.com\/es\/producto\/analisis-vibratorio\/\">An\u00e1lisis vibratorio<\/a><\/li>\n<li style=\"text-align: left;\"><a href=\"https:\/\/www.generalkinematics.com\/es\/producto\/reparacion-e-inspeccion-de-equipos-vibratorios-no-gk\/\">Reparaci\u00f3n e inspecci\u00f3n de equipos vibratorios no GK<\/a><\/li>\n<li style=\"text-align: left;\">Adem\u00e1s, obtenga m\u00e1s informaci\u00f3n sobre las piezas de calidad que instalamos\u00a0<a href=\"https:\/\/www.generalkinematics.com\/es\/industrial-machine-parts\/\">aqu\u00ed<\/a>.<\/li>\n<\/ul>\n<p>[\/vc_column_text][\/vc_column][\/vc_row]<\/p>\n<\/div>","protected":false},"excerpt":{"rendered":"<p>Nuestro objetivo es brindar un servicio superior a nuestros clientes que supere las expectativas. GK Field Service brinda soporte integral con un veterano personal de servicio, una metodolog\u00eda de implementaci\u00f3n comprobada en el terreno y un servicio de asistencia profesional. Los t\u00e9cnicos de servicio de GK tienen a\u00f1os de experiencia en todos los productos vibratorios de cinem\u00e1tica general instalados en todo el mundo, y llegan bien preparados para ayudarlo de manera r\u00e1pida y eficiente. Despu\u00e9s de todo, nadie sabe m\u00e1s sobre una m\u00e1quina que las personas que la construyeron. Las capacidades de General Kinematics Field Service van desde lo simple hasta lo aparentemente imposible.<\/p>\n","protected":false},"author":5,"featured_media":0,"parent":0,"menu_order":0,"comment_status":"closed","ping_status":"closed","template":"page-templates\/page-full-width.php","meta":{"_acf_changed":false,"om_disable_all_campaigns":false,"ep_exclude_from_search":false,"footnotes":""},"class_list":["post-42739","page","type-page","status-publish","hentry"],"acf":[],"yoast_head":"<!-- This site is optimized with the Yoast SEO plugin v27.2 - https:\/\/yoast.com\/product\/yoast-seo-wordpress\/ -->\n<title>Servicios t\u00e9cnicos industriales | GK Service | General Kinematics<\/title>\n<meta name=\"description\" content=\"Contacte con los servicios t\u00e9cnicos industriales de General Kinematics cuando necesite asistencia. Los experimentados profesionales de GK Field Service le brindan un soporte integral, r\u00e1pido y eficaz.\" \/>\n<meta name=\"robots\" content=\"index, follow, max-snippet:-1, max-image-preview:large, max-video-preview:-1\" \/>\n<link rel=\"canonical\" href=\"https:\/\/www.generalkinematics.com\/es\/servicio-de-gk\/\" \/>\n<meta property=\"og:locale\" content=\"es_ES\" \/>\n<meta property=\"og:type\" content=\"article\" \/>\n<meta property=\"og:title\" content=\"Servicios t\u00e9cnicos industriales | GK Service | General Kinematics\" \/>\n<meta property=\"og:description\" content=\"Contacte con los servicios t\u00e9cnicos industriales de General Kinematics cuando necesite asistencia. Los experimentados profesionales de GK Field Service le brindan un soporte integral, r\u00e1pido y eficaz.\" \/>\n<meta property=\"og:url\" content=\"https:\/\/www.generalkinematics.com\/es\/servicio-de-gk\/\" \/>\n<meta property=\"og:site_name\" content=\"General Kinematics\" \/>\n<meta property=\"article:publisher\" content=\"https:\/\/www.facebook.com\/generalkinematics\" \/>\n<meta property=\"article:modified_time\" content=\"2020-02-18T16:16:44+00:00\" \/>\n<meta property=\"og:image\" content=\"https:\/\/media.generalkinematics.com\/wp-content\/uploads\/2017\/07\/GK-Icon.png\" \/>\n\t<meta property=\"og:image:width\" content=\"3000\" \/>\n\t<meta property=\"og:image:height\" content=\"3000\" \/>\n\t<meta property=\"og:image:type\" content=\"image\/jpeg\" \/>\n<meta name=\"twitter:card\" content=\"summary_large_image\" \/>\n<meta name=\"twitter:site\" content=\"@gkvibrating\" \/>\n<meta name=\"twitter:label1\" content=\"Tiempo de lectura\" \/>\n\t<meta name=\"twitter:data1\" content=\"3 minutos\" \/>\n<!-- \/ Yoast SEO plugin. -->","yoast_head_json":{"title":"Servicios t\u00e9cnicos industriales | GK Service | General Kinematics","description":"Contacte con los servicios t\u00e9cnicos industriales de General Kinematics cuando necesite asistencia. Los experimentados profesionales de GK Field Service le brindan un soporte integral, r\u00e1pido y eficaz.","robots":{"index":"index","follow":"follow","max-snippet":"max-snippet:-1","max-image-preview":"max-image-preview:large","max-video-preview":"max-video-preview:-1"},"canonical":"https:\/\/www.generalkinematics.com\/es\/servicio-de-gk\/","og_locale":"es_ES","og_type":"article","og_title":"Servicios t\u00e9cnicos industriales | GK Service | General Kinematics","og_description":"Contacte con los servicios t\u00e9cnicos industriales de General Kinematics cuando necesite asistencia. Los experimentados profesionales de GK Field Service le brindan un soporte integral, r\u00e1pido y eficaz.","og_url":"https:\/\/www.generalkinematics.com\/es\/servicio-de-gk\/","og_site_name":"General Kinematics","article_publisher":"https:\/\/www.facebook.com\/generalkinematics","article_modified_time":"2020-02-18T16:16:44+00:00","og_image":[{"width":3000,"height":3000,"url":"https:\/\/media.generalkinematics.com\/wp-content\/uploads\/2017\/07\/GK-Icon.png","type":"image\/jpeg"}],"twitter_card":"summary_large_image","twitter_site":"@gkvibrating","twitter_misc":{"Tiempo de lectura":"3 minutos"},"schema":{"@context":"https:\/\/schema.org","@graph":[{"@type":"WebPage","@id":"https:\/\/www.generalkinematics.com\/es\/servicio-de-gk\/","url":"https:\/\/www.generalkinematics.com\/es\/servicio-de-gk\/","name":"Servicios t\u00e9cnicos industriales | GK Service | General Kinematics","isPartOf":{"@id":"https:\/\/www.generalkinematics.com\/es\/#website"},"datePublished":"2016-05-25T19:22:36+00:00","dateModified":"2020-02-18T16:16:44+00:00","description":"Contacte con los servicios t\u00e9cnicos industriales de General Kinematics cuando necesite asistencia. Los experimentados profesionales de GK Field Service le brindan un soporte integral, r\u00e1pido y eficaz.","breadcrumb":{"@id":"https:\/\/www.generalkinematics.com\/es\/servicio-de-gk\/#breadcrumb"},"inLanguage":"es","potentialAction":[{"@type":"ReadAction","target":["https:\/\/www.generalkinematics.com\/es\/servicio-de-gk\/"]}]},{"@type":"BreadcrumbList","@id":"https:\/\/www.generalkinematics.com\/es\/servicio-de-gk\/#breadcrumb","itemListElement":[{"@type":"ListItem","position":1,"name":"GK Home","item":"https:\/\/www.generalkinematics.com\/es\/"},{"@type":"ListItem","position":2,"name":"Servicio de GK"}]},{"@type":"WebSite","@id":"https:\/\/www.generalkinematics.com\/es\/#website","url":"https:\/\/www.generalkinematics.com\/es\/","name":"General Kinematics","description":"","publisher":{"@id":"https:\/\/www.generalkinematics.com\/es\/#organization"},"potentialAction":[{"@type":"SearchAction","target":{"@type":"EntryPoint","urlTemplate":"https:\/\/www.generalkinematics.com\/es\/?s={search_term_string}"},"query-input":{"@type":"PropertyValueSpecification","valueRequired":true,"valueName":"search_term_string"}}],"inLanguage":"es"},{"@type":"Organization","@id":"https:\/\/www.generalkinematics.com\/es\/#organization","name":"General Kinematics","url":"https:\/\/www.generalkinematics.com\/es\/","logo":{"@type":"ImageObject","inLanguage":"es","@id":"https:\/\/www.generalkinematics.com\/es\/#\/schema\/logo\/image\/","url":"https:\/\/media.generalkinematics.com\/wp-content\/uploads\/2018\/03\/logo.png","contentUrl":"https:\/\/media.generalkinematics.com\/wp-content\/uploads\/2018\/03\/logo.png","width":313,"height":100,"caption":"General Kinematics"},"image":{"@id":"https:\/\/www.generalkinematics.com\/es\/#\/schema\/logo\/image\/"},"sameAs":["https:\/\/www.facebook.com\/generalkinematics","https:\/\/x.com\/gkvibrating"]}]}},"_links":{"self":[{"href":"https:\/\/www.generalkinematics.com\/es\/wp-json\/wp\/v2\/pages\/42739","targetHints":{"allow":["GET"]}}],"collection":[{"href":"https:\/\/www.generalkinematics.com\/es\/wp-json\/wp\/v2\/pages"}],"about":[{"href":"https:\/\/www.generalkinematics.com\/es\/wp-json\/wp\/v2\/types\/page"}],"author":[{"embeddable":true,"href":"https:\/\/www.generalkinematics.com\/es\/wp-json\/wp\/v2\/users\/5"}],"replies":[{"embeddable":true,"href":"https:\/\/www.generalkinematics.com\/es\/wp-json\/wp\/v2\/comments?post=42739"}],"version-history":[{"count":0,"href":"https:\/\/www.generalkinematics.com\/es\/wp-json\/wp\/v2\/pages\/42739\/revisions"}],"wp:attachment":[{"href":"https:\/\/www.generalkinematics.com\/es\/wp-json\/wp\/v2\/media?parent=42739"}],"curies":[{"name":"wp","href":"https:\/\/api.w.org\/{rel}","templated":true}]}}