{"id":42740,"date":"2016-06-20T12:51:02","date_gmt":"2016-06-20T17:51:02","guid":{"rendered":"https:\/\/www.generalkinematics.com\/vibration-equipment\/"},"modified":"2020-04-03T13:50:14","modified_gmt":"2020-04-03T18:50:14","slug":"vibration-equipment","status":"publish","type":"page","link":"https:\/\/www.generalkinematics.com\/es\/vibration-equipment\/","title":{"rendered":"Productos"},"content":{"rendered":"<div class=\"wpb-content-wrapper\"><p>[vc_row][vc_column][vc_column_text]<\/p>\n<h2>Soluciones de equipos y productos de General Kinematics<\/h2>\n<p><strong><em>Soluciones de ingenier\u00eda para sus procesos de producci\u00f3n cr\u00edticos<\/em><\/strong><\/p>\n<p>GK proporciona soluciones vibratorias dise\u00f1adas a medida y sistemas, soluciones y equipos rotativos para resolver los requisitos m\u00e1s importantes de su proceso. Cada soluci\u00f3n de GK est\u00e1 dise\u00f1ada sin perder de vista sus objetivos de proceso final, teniendo en cuenta la eficiencia energ\u00e9tica, la facilidad de mantenimiento, la confiabilidad y el rendimiento general del sistema.<\/p>\n<p>La filosof\u00eda de dise\u00f1o conservador de General Kinematics, combinada con nuestra tecnolog\u00eda de transmisi\u00f3n de doble masa, genera soluciones de equipos vibratorios que superan con gran diferencia a la competencia. Cada m\u00e1quina se somete a un an\u00e1lisis completo de <a href=\"https:\/\/www.generalkinematics.com\/es\/sistema-de-calidad\/\">rendimiento de calidad ISO 9001:2015<\/a> antes de salir de la planta de producci\u00f3n de GK, lo cual garantiza que su m\u00e1quina tendr\u00e1 un excelente rendimiento desde el primer d\u00eda de funcionamiento.<\/p>\n<h3>Para encontrar la soluci\u00f3n vibratoria, rotativa o de sistema de GK que mejor resuelva los requisitos de su proceso, seleccione una opci\u00f3n del portal de la industria a continuaci\u00f3n:<\/h3>\n<p>[\/vc_column_text][\/vc_column][\/vc_row][vc_row][vc_column width=\u00bb1\/2&#8243;][vc_single_image image=\u00bb44164&#8243; img_size=\u00bblarge\u00bb onclick=\u00bbcustom_link\u00bb link=\u00bbhttps:\/\/www.generalkinematics.com\/es\/soluciones-de-fundicion-y-metalcasting\/\u00bb][vc_column_text]<\/p>\n<h2><a href=\"https:\/\/www.generalkinematics.com\/es\/soluciones-de-fundicion-y-metalcasting\/\">Fundici\u00f3n y Metalcasting<\/a><\/h2>\n<p>[\/vc_column_text][\/vc_column][vc_column width=\u00bb1\/2&#8243;][vc_single_image image=\u00bb44159&#8243; img_size=\u00bblarge\u00bb onclick=\u00bbcustom_link\u00bb link=\u00bbhttps:\/\/www.generalkinematics.com\/es\/soluciones-de-reciclaje\/\u00bb][vc_column_text]<\/p>\n<h2><a href=\"https:\/\/www.generalkinematics.com\/es\/soluciones-de-reciclaje\/\">Recuperaci\u00f3n de recursos<\/a><\/h2>\n<p>[\/vc_column_text][\/vc_column][\/vc_row][vc_row][vc_column width=\u00bb1\/2&#8243;][vc_single_image image=\u00bb44169&#8243; img_size=\u00bblarge\u00bb onclick=\u00bbcustom_link\u00bb link=\u00bbhttps:\/\/www.generalkinematics.com\/es\/mineria-y-soluciones-mierales\/\u00bb][vc_column_text]<\/p>\n<h2><a href=\"https:\/\/www.generalkinematics.com\/es\/mineria-y-soluciones-mierales\/\">Miner\u00eda y Minerales<\/a><\/h2>\n<p>[\/vc_column_text][\/vc_column][vc_column width=\u00bb1\/2&#8243;][vc_single_image image=\u00bb44174&#8243; img_size=\u00bblarge\u00bb onclick=\u00bbcustom_link\u00bb link=\u00bbhttps:\/\/www.generalkinematics.com\/es\/soluciones-de-procesamiento-a-granel\/\u00bb][vc_column_text]<\/p>\n<h2><a href=\"https:\/\/www.generalkinematics.com\/es\/soluciones-de-procesamiento-a-granel\/\">Procesamiento a granel<\/a><\/h2>\n<p>[\/vc_column_text][\/vc_column][\/vc_row][vc_row][vc_column][vc_single_image image=\u00bb44179&#8243; img_size=\u00bblarge\u00bb alignment=\u00bbcenter\u00bb onclick=\u00bbcustom_link\u00bb link=\u00bbhttps:\/\/www.generalkinematics.com\/es\/gk-piezas\/\u00bb][vc_column_text]<\/p>\n<h2 style=\"text-align: center;\"><a href=\"https:\/\/www.generalkinematics.com\/es\/gk-piezas\/\">Piezas de m\u00e1quinas industriales<\/a><\/h2>\n<p>[\/vc_column_text][vc_empty_space height=\u00bb62px\u00bb][\/vc_column][\/vc_row][vc_row][vc_column width=\u00bb1\/2&#8243;][vc_column_text]<\/p>\n<h2><a href=\"https:\/\/www.generalkinematics.com\/es\/soluciones-de-fundicion-y-metalcasting\/\">Fundici\u00f3n \/ Fundici\u00f3n de metales<\/a><\/h2>\n<p>GK es reconocida por sus equipos de trabajo pesado, incluidos los alimentadores y transportadoras para la manipulaci\u00f3n de chatarra, desmoldeadoras para la manipulaci\u00f3n de cualquier tipo de piezas de fundici\u00f3n, as\u00ed como equipos de enfriamiento de fundici\u00f3n dise\u00f1ados para hacer m\u00e1s trabajo en menos espacio.[\/vc_column_text][\/vc_column][vc_column width=\u00bb1\/2&#8243;][vc_column_text]<\/p>\n<h2><a href=\"https:\/\/www.generalkinematics.com\/es\/categoria-producto\/mineria-y-soluciones-mierales\/activacion-material\/\">Carb\u00f3n \/ Generaci\u00f3n de energ\u00eda<\/a><\/h2>\n<p>La alimentaci\u00f3n y activaci\u00f3n del carb\u00f3n es una funci\u00f3n principal del procesamiento del carb\u00f3n. El equipo de GK activa y regula correctamente el flujo de material y puede integrarse f\u00e1cilmente en toda su l\u00ednea de proceso.[\/vc_column_text][\/vc_column][\/vc_row][vc_row][vc_column width=\u00bb1\/2&#8243;][vc_column_text]<\/p>\n<h2><a href=\"https:\/\/www.generalkinematics.com\/es\/mineria-y-soluciones-mierales\/\">Miner\u00eda \/ Agregados Minerales<\/a><\/h2>\n<p>Las transportadoras, cribas y alimentadores de GK son ideales para afrontar los desaf\u00edos de procesos complicados. Nuestros equipos vibratorios de trituraci\u00f3n y desgaste tienen una mayor eficiencia y pueden procesar m\u00e1s material.[\/vc_column_text][\/vc_column][vc_column width=\u00bb1\/2&#8243;][vc_column_text]<\/p>\n<h2><a href=\"https:\/\/www.generalkinematics.com\/es\/soluciones-de-procesamiento-a-granel\/\">Procesamiento a Granel \/ Alimentos \/ Medicamentos<\/a><\/h2>\n<p>Los secadores y enfriadores de cama de fluidos vibratoria de GK se utilizan en instalaciones de procesamiento de alimentos y materiales a granel. Se pueden utilizar transportadoras de acero inoxidable, entre otros componentes, en entornos sanitarios y funcionan de manera confiable durante a\u00f1os.[\/vc_column_text][\/vc_column][\/vc_row][vc_row][vc_column width=\u00bb1\/2&#8243;][vc_column_text]<\/p>\n<h2><a href=\"https:\/\/www.generalkinematics.com\/es\/soluciones-de-reciclaje\/\">Residuos urbanos \/ comerciales \/ construcci\u00f3n<\/a><\/h2>\n<p>El equipo de reciclaje de GK es conocido como el \u201ccoraz\u00f3n\u00bb de los sistemas de clasificaci\u00f3n en todo el mundo. Se pueden utilizar cribas y separadores neum\u00e1ticos, entre otros componentes, durante todo el proceso de construcci\u00f3n y demolici\u00f3n o para el reciclaje.[\/vc_column_text][\/vc_column][vc_column width=\u00bb1\/2&#8243;][vc_column_text]<\/p>\n<h2><a href=\"https:\/\/www.generalkinematics.com\/es\/categoria-producto\/soluciones-de-reciclaje\/equipos-de-manejo-de-madera-forestal\/\">Procesamiento de Madera \/ Silvicultura<\/a><\/h2>\n<p>Las transportadoras, cribas y alimentadores vibratorios de GK de servicio ligero a intermedio se utilizan en plantas de celulosa y papel en todo el mundo. Adem\u00e1s, las cribas de barras de GK se utilizan para clasificar de manera eficiente los productos derivados de la madera.[\/vc_column_text][\/vc_column][\/vc_row][vc_row][vc_column width=\u00bb1\/2&#8243;][vc_column_text]<\/p>\n<h2><a href=\"https:\/\/www.generalkinematics.com\/es\/categoria-producto\/soluciones-de-reciclaje\/equipo-de-procesamiento-de-desechos\/\">Chatarra \/ Reciclaje de Metales<\/a><\/h2>\n<p>El equipo de reciclaje de chatarra de GK es capaz de manejar sobrecargas y demandas incre\u00edbles, pero puede seguir funcionando de forma confiable y continua durante a\u00f1os. Obtenga m\u00e1s informaci\u00f3n sobre nuestros alimentadores, osciladores de molino bajo y sistemas de clasificaci\u00f3n para residuos de fragmentaci\u00f3n de veh\u00edculos y otros productos b\u00e1sicos.<\/p>\n<p>[\/vc_column_text][\/vc_column][vc_column width=\u00bb1\/2&#8243;][vc_column_text]<\/p>\n<h2><a href=\"https:\/\/www.generalkinematics.com\/es\/gk-piezas\/\">Servicio \/ Piezas de GK<\/a><\/h2>\n<p>No importa qu\u00e9 tipo de equipo vibratorio tenga, General Kinematics puede ayudarlo a mantenerlo con un funcionamiento s\u00f3lido. El departamento de repuestos de GK cuenta con un gran inventario de resortes, estabilizadores, motores y otras piezas y accesorios de equipos vibratorios en existencia, listos para enviarlos el mismo d\u00eda.[\/vc_column_text][\/vc_column][\/vc_row]<\/p>\n<\/div>","protected":false},"excerpt":{"rendered":"<p>Soluciones de ingenier\u00eda para sus procesos de producci\u00f3n cr\u00edticos. GK proporciona soluciones vibratorias dise\u00f1adas a medida y sistemas, soluciones y equipos rotativos para resolver los requisitos m\u00e1s importantes de su proceso. Cada soluci\u00f3n de GK est\u00e1 dise\u00f1ada sin perder de vista sus objetivos de proceso final, teniendo en cuenta la eficiencia energ\u00e9tica, la facilidad de mantenimiento, la confiabilidad y el rendimiento general del sistema.<\/p>\n","protected":false},"author":5,"featured_media":0,"parent":0,"menu_order":0,"comment_status":"closed","ping_status":"closed","template":"page-templates\/page-full-width.php","meta":{"_acf_changed":false,"om_disable_all_campaigns":false,"ep_exclude_from_search":false,"footnotes":""},"class_list":["post-42740","page","type-page","status-publish","hentry"],"acf":[],"yoast_head":"<!-- This site is optimized with the Yoast SEO plugin v27.2 - https:\/\/yoast.com\/product\/yoast-seo-wordpress\/ -->\n<title>Soluciones de sistemas vibratorios | General Kinematics<\/title>\n<meta name=\"description\" content=\"Seleccione su sector y encuentre los sistemas vibratorios que mejor se adapten a sus necesidades. Todos los productos de General Kinematics est\u00e1n dise\u00f1ados pensando en el cliente y sus objetivos.\" \/>\n<meta name=\"robots\" content=\"index, follow, max-snippet:-1, max-image-preview:large, max-video-preview:-1\" \/>\n<link rel=\"canonical\" href=\"https:\/\/www.generalkinematics.com\/es\/vibration-equipment\/\" \/>\n<meta property=\"og:locale\" content=\"es_ES\" \/>\n<meta property=\"og:type\" content=\"article\" \/>\n<meta property=\"og:title\" content=\"Soluciones de sistemas vibratorios | General Kinematics\" \/>\n<meta property=\"og:description\" content=\"Seleccione su sector y encuentre los sistemas vibratorios que mejor se adapten a sus necesidades. Todos los productos de General Kinematics est\u00e1n dise\u00f1ados pensando en el cliente y sus objetivos.\" \/>\n<meta property=\"og:url\" content=\"https:\/\/www.generalkinematics.com\/es\/vibration-equipment\/\" \/>\n<meta property=\"og:site_name\" content=\"General Kinematics\" \/>\n<meta property=\"article:publisher\" content=\"https:\/\/www.facebook.com\/generalkinematics\" \/>\n<meta property=\"article:modified_time\" content=\"2020-04-03T18:50:14+00:00\" \/>\n<meta property=\"og:image\" content=\"https:\/\/media.generalkinematics.com\/wp-content\/uploads\/2017\/07\/GK-Icon.png\" \/>\n\t<meta property=\"og:image:width\" content=\"3000\" \/>\n\t<meta property=\"og:image:height\" content=\"3000\" \/>\n\t<meta property=\"og:image:type\" content=\"image\/jpeg\" \/>\n<meta name=\"twitter:card\" content=\"summary_large_image\" \/>\n<meta name=\"twitter:site\" content=\"@gkvibrating\" \/>\n<meta name=\"twitter:label1\" content=\"Tiempo de lectura\" \/>\n\t<meta name=\"twitter:data1\" content=\"5 minutos\" \/>\n<!-- \/ Yoast SEO plugin. -->","yoast_head_json":{"title":"Soluciones de sistemas vibratorios | General Kinematics","description":"Seleccione su sector y encuentre los sistemas vibratorios que mejor se adapten a sus necesidades. Todos los productos de General Kinematics est\u00e1n dise\u00f1ados pensando en el cliente y sus objetivos.","robots":{"index":"index","follow":"follow","max-snippet":"max-snippet:-1","max-image-preview":"max-image-preview:large","max-video-preview":"max-video-preview:-1"},"canonical":"https:\/\/www.generalkinematics.com\/es\/vibration-equipment\/","og_locale":"es_ES","og_type":"article","og_title":"Soluciones de sistemas vibratorios | General Kinematics","og_description":"Seleccione su sector y encuentre los sistemas vibratorios que mejor se adapten a sus necesidades. Todos los productos de General Kinematics est\u00e1n dise\u00f1ados pensando en el cliente y sus objetivos.","og_url":"https:\/\/www.generalkinematics.com\/es\/vibration-equipment\/","og_site_name":"General Kinematics","article_publisher":"https:\/\/www.facebook.com\/generalkinematics","article_modified_time":"2020-04-03T18:50:14+00:00","og_image":[{"width":3000,"height":3000,"url":"https:\/\/media.generalkinematics.com\/wp-content\/uploads\/2017\/07\/GK-Icon.png","type":"image\/jpeg"}],"twitter_card":"summary_large_image","twitter_site":"@gkvibrating","twitter_misc":{"Tiempo de lectura":"5 minutos"},"schema":{"@context":"https:\/\/schema.org","@graph":[{"@type":"WebPage","@id":"https:\/\/www.generalkinematics.com\/es\/vibration-equipment\/","url":"https:\/\/www.generalkinematics.com\/es\/vibration-equipment\/","name":"Soluciones de sistemas vibratorios | General Kinematics","isPartOf":{"@id":"https:\/\/www.generalkinematics.com\/es\/#website"},"datePublished":"2016-06-20T17:51:02+00:00","dateModified":"2020-04-03T18:50:14+00:00","description":"Seleccione su sector y encuentre los sistemas vibratorios que mejor se adapten a sus necesidades. Todos los productos de General Kinematics est\u00e1n dise\u00f1ados pensando en el cliente y sus objetivos.","breadcrumb":{"@id":"https:\/\/www.generalkinematics.com\/es\/vibration-equipment\/#breadcrumb"},"inLanguage":"es","potentialAction":[{"@type":"ReadAction","target":["https:\/\/www.generalkinematics.com\/es\/vibration-equipment\/"]}]},{"@type":"BreadcrumbList","@id":"https:\/\/www.generalkinematics.com\/es\/vibration-equipment\/#breadcrumb","itemListElement":[{"@type":"ListItem","position":1,"name":"GK Home","item":"https:\/\/www.generalkinematics.com\/es\/"},{"@type":"ListItem","position":2,"name":"Productos"}]},{"@type":"WebSite","@id":"https:\/\/www.generalkinematics.com\/es\/#website","url":"https:\/\/www.generalkinematics.com\/es\/","name":"General Kinematics","description":"","publisher":{"@id":"https:\/\/www.generalkinematics.com\/es\/#organization"},"potentialAction":[{"@type":"SearchAction","target":{"@type":"EntryPoint","urlTemplate":"https:\/\/www.generalkinematics.com\/es\/?s={search_term_string}"},"query-input":{"@type":"PropertyValueSpecification","valueRequired":true,"valueName":"search_term_string"}}],"inLanguage":"es"},{"@type":"Organization","@id":"https:\/\/www.generalkinematics.com\/es\/#organization","name":"General Kinematics","url":"https:\/\/www.generalkinematics.com\/es\/","logo":{"@type":"ImageObject","inLanguage":"es","@id":"https:\/\/www.generalkinematics.com\/es\/#\/schema\/logo\/image\/","url":"https:\/\/media.generalkinematics.com\/wp-content\/uploads\/2018\/03\/logo.png","contentUrl":"https:\/\/media.generalkinematics.com\/wp-content\/uploads\/2018\/03\/logo.png","width":313,"height":100,"caption":"General Kinematics"},"image":{"@id":"https:\/\/www.generalkinematics.com\/es\/#\/schema\/logo\/image\/"},"sameAs":["https:\/\/www.facebook.com\/generalkinematics","https:\/\/x.com\/gkvibrating"]}]}},"_links":{"self":[{"href":"https:\/\/www.generalkinematics.com\/es\/wp-json\/wp\/v2\/pages\/42740","targetHints":{"allow":["GET"]}}],"collection":[{"href":"https:\/\/www.generalkinematics.com\/es\/wp-json\/wp\/v2\/pages"}],"about":[{"href":"https:\/\/www.generalkinematics.com\/es\/wp-json\/wp\/v2\/types\/page"}],"author":[{"embeddable":true,"href":"https:\/\/www.generalkinematics.com\/es\/wp-json\/wp\/v2\/users\/5"}],"replies":[{"embeddable":true,"href":"https:\/\/www.generalkinematics.com\/es\/wp-json\/wp\/v2\/comments?post=42740"}],"version-history":[{"count":0,"href":"https:\/\/www.generalkinematics.com\/es\/wp-json\/wp\/v2\/pages\/42740\/revisions"}],"wp:attachment":[{"href":"https:\/\/www.generalkinematics.com\/es\/wp-json\/wp\/v2\/media?parent=42740"}],"curies":[{"name":"wp","href":"https:\/\/api.w.org\/{rel}","templated":true}]}}