{"id":42979,"date":"2018-04-05T20:42:43","date_gmt":"2018-04-06T01:42:43","guid":{"rendered":"https:\/\/www.generalkinematics.com\/foundry-equipment\/tambores-de-fundicion-rotatorios\/"},"modified":"2020-07-14T13:54:00","modified_gmt":"2020-07-14T18:54:00","slug":"ductaseries-rotary-foundry-drums","status":"publish","type":"page","link":"https:\/\/www.generalkinematics.com\/es\/soluciones-de-fundicion-y-metalcasting\/ductaseries-rotary-foundry-drums\/","title":{"rendered":"Tambores de fundici\u00f3n rotatorios DUCTA-SERIES\u2122"},"content":{"rendered":"<div class=\"wpb-content-wrapper\"><p>[vc_row][vc_column][vc_column_text]<\/p>\n<h1><img decoding=\"async\" class=\"alignleft\" src=\"https:\/\/www.generalkinematics.com\/wp-content\/uploads\/2013\/02\/ducta-series-rotary-main-drum-1.png\" alt=\"\" width=\"533\" height=\"382\"><\/h1>\n<h2>M\u00e1quinas rotatorias de alto desempe\u00f1o para plantas de fundici\u00f3n industriales<\/h2>\n<p>&nbsp;<\/p>\n<p>&nbsp;<\/p>\n<h2>Caracter\u00edsticas innovadoras. Menos mantenimiento. Servicio excepcional.<\/h2>\n<p>\u00bfC\u00f3mo se mejora un producto? Le pregunta a quienes lo est\u00e1n usando. Eso es exactamente lo que hizo GK al dise\u00f1ar la l\u00ednea DUCTA-SERIES\u2122 de tambores rotatorios. Un dise\u00f1o f\u00e1cil de mantener, revestimientos que no necesitan un equipo de f\u00fatbol para instalarlos y un concepto de paquete integral con el respaldo de los equipos de ventas y servicios de GK son solo algunas de las ventajas que los tambores DUCTA-SERIES\u2122 de GK ofrecen a su planta de fundici\u00f3n.<\/p>\n<h2><\/h2>\n<h2><\/h2>\n<div>\n<p>&nbsp;<\/p>\n<\/div>\n<p>[\/vc_column_text][\/vc_column][\/vc_row][vc_row][vc_column][vc_empty_space][vc_separator border_width=\u00bb2&#8243;][vc_empty_space][\/vc_column][\/vc_row][vc_row][vc_column width=\u00bb1\/6&#8243;][\/vc_column][vc_column width=\u00bb1\/6&#8243;][vc_btn title=\u00bbBeneficios del dise\u00f1o\u00bb style=\u00bbflat\u00bb shape=\u00bbsquare\u00bb color=\u00bbinverse\u00bb link=\u00bburl:%23screen_info|\u00bb][\/vc_column][vc_column width=\u00bb1\/6&#8243;][vc_btn title=\u00bbOpciones de tambores\u00bb style=\u00bbflat\u00bb shape=\u00bbsquare\u00bb color=\u00bbinverse\u00bb link=\u00bburl:%23xl_series|\u00bb][\/vc_column][vc_column width=\u00bb1\/6&#8243;][vc_btn title=\u00bb Revestimientos \u00bb style=\u00bbflat\u00bb shape=\u00bbsquare\u00bb color=\u00bbinverse\u00bb link=\u00bburl:%23liners|\u00bb][\/vc_column][vc_column width=\u00bb1\/6&#8243;][vc_btn title=\u00bbVideos\u00bb style=\u00bbflat\u00bb shape=\u00bbsquare\u00bb color=\u00bbinverse\u00bb link=\u00bburl:%23rotary_videos|\u00bb][\/vc_column][vc_column width=\u00bb1\/6&#8243;][\/vc_column][\/vc_row][vc_row][vc_column][vc_empty_space][vc_separator border_width=\u00bb2&#8243;][\/vc_column][vc_column][\/vc_column][\/vc_row][vc_row][vc_column el_id=\u00bbscreen_info\u00bb][vc_empty_space height=\u00bb92px\u00bb][\/vc_column][\/vc_row][vc_row][vc_column][vc_column_text]<\/p>\n<h2><strong>Dos estilos para adaptarse mejor a su proceso.<br \/>\n<\/strong><\/h2>\n<div><\/div>\n<div>\n<p>Al ser una empresa de soluciones de ingenier\u00eda, siempre estamos buscando maneras diferentes y mejores de perfeccionar el equipo para su proceso. Lo mismo aplica para los tambores de fundici\u00f3n rotatorios. En General Kinematics, se eval\u00faan los requisitos del proceso y la ubicaci\u00f3n para la instalaci\u00f3n; luego, se crea una soluci\u00f3n personalizada ideal para usted. Contamos con filosof\u00edas de dise\u00f1os diferentes en funci\u00f3n de la disposici\u00f3n de la aplicaci\u00f3n y el proceso.<\/p>\n<\/div>\n<p>[\/vc_column_text][\/vc_column][\/vc_row][vc_row][vc_column][vc_column_text]<\/p>\n<h2>Tambores rotatorios de la serie XL<\/h2>\n<p>La opci\u00f3n de menor mantenimiento es la l\u00ednea DUCTA-SERIES XL de tambores rotatorios. Estos tambores separan la arena, el metal atrapado o los medios del cuerpo del tambor en un transportador vibratorio o de cinta ubicado debajo. Esto elimina la necesidad de tener que reemplazar el cuerpo del tambor, ya que ning\u00fan material entra en contacto con la carcasa. Tambi\u00e9n da lugar a varios niveles de cribado y clasificaci\u00f3n de la arena y elementos met\u00e1licos fuera del cuerpo del tambor. Las \u00e1reas de desgaste son de f\u00e1cil acceso y los paneles resistentes a la abrasi\u00f3n son f\u00e1ciles de reemplazar y duran mucho tiempo.<\/p>\n<p>&nbsp;<\/p>\n<h2>Tambores rotatorios de la serie SL<\/h2>\n<p>Otra opci\u00f3n es la l\u00ednea DUCTA-SERIES SL de tambores rotatorios. Estos tambores utilizan la carcasa interior del tambor para transportar el material de regreso a la descarga de arena de entrada\/rueda de retorno de medios, pero es m\u00e1s f\u00e1cil realizar el mantenimiento de este dise\u00f1o que de los dise\u00f1os tradicionales. Los paneles del sistema de revestimiento LOCK-TITE de GK se pueden reemplazar con mayor facilidad y permiten un mejor acceso al \u00e1rea entre el revestimiento y el cuerpo para poder realizar una limpieza y reparaci\u00f3n r\u00e1pida. Los cuerpos del DUCTA-SERIES\u2122 SL y los revestimientos LOCK-TITE tambi\u00e9n est\u00e1n disponibles como una actualizaci\u00f3n para los tambores rotatorios existentes, por lo que puede actualizar instalaciones existentes sin convertir por completo la l\u00ednea de fundici\u00f3n.[\/vc_column_text][\/vc_column][\/vc_row][vc_row][vc_column el_id=\u00bbxl_series\u00bb][vc_empty_space][\/vc_column][\/vc_row][vc_row el_class=\u00bbcontainer category_page cat_image\u00bb][vc_column width=\u00bb1\/3&#8243;][vc_single_image image=\u00bb46640&#8243; img_size=\u00bb1500X1200&#8243; alignment=\u00bbcenter\u00bb onclick=\u00bbcustom_link\u00bb title=\u00bbTambores rotatorios de medios DUCTA-CLEAN\u00ae\u00bb link=\u00bbhttps:\/\/www.generalkinematics.com\/product\/clean-rotary-drum\/\u00bb][\/vc_column][vc_column width=\u00bb1\/3&#8243;][vc_single_image image=\u00bb46650&#8243; img_size=\u00bb1500X1200&#8243; alignment=\u00bbcenter\u00bb onclick=\u00bbcustom_link\u00bb title=\u00bbAgitadoras rotatorias DUCTA-SCREEN\u2122\u00bb link=\u00bbhttps:\/\/www.generalkinematics.com\/product\/screen-rotary-machine\/\u00bb][\/vc_column][vc_column width=\u00bb1\/3&#8243;][vc_single_image image=\u00bb46655&#8243; img_size=\u00bb1500X1200&#8243; alignment=\u00bbcenter\u00bb onclick=\u00bbcustom_link\u00bb title=\u00bbMolino rotatorio de colada DUCTA-SPRUE\u00ae\u00bb link=\u00bbhttps:\/\/www.generalkinematics.com\/product\/sprue-rotary-drum\/\u00bb][\/vc_column][\/vc_row][vc_row el_class=\u00bbcontainer category_page cat_image\u00bb][vc_column width=\u00bb1\/3&#8243;][vc_single_image image=\u00bb46645&#8243; img_size=\u00bb1500X1200&#8243; alignment=\u00bbcenter\u00bb onclick=\u00bbcustom_link\u00bb title=\u00bbTambores de enfriamiento de fundici\u00f3n y arena DUCTA-COOL\u2122\u00bb link=\u00bbhttps:\/\/www.generalkinematics.com\/product\/ducta-cool-rotary-cooling-drums-gk-foundry\/\u00bb][\/vc_column][vc_column width=\u00bb1\/3&#8243;][vc_single_image image=\u00bb46635&#8243; img_size=\u00bb1500X1200&#8243; alignment=\u00bbcenter\u00bb onclick=\u00bbcustom_link\u00bb title=\u00bbTrituradora de terrones\/recuperadora de arena rotatoria DUCTA-CLAIM\u2122\u00bb link=\u00bbhttps:\/\/www.generalkinematics.com\/product\/ducta-claim-rotary-lump-crusher-sand-reclaimer\/\u00bb][\/vc_column][vc_column width=\u00bb1\/3&#8243;][vc_single_image image=\u00bb46665&#8243; img_size=\u00bb1500X1200&#8243; alignment=\u00bbcenter\u00bb onclick=\u00bbcustom_link\u00bb title=\u00bbRecuperadores rotatorios de escoria\u00bb link=\u00bbhttp:\/\/www.generalkinematics.com\/product\/dross-rotary-systems\/\u00bb][\/vc_column][\/vc_row][vc_row el_class=\u00bbcontainer category_page cat_image\u00bb][vc_column width=\u00bb1\/3&#8243;][\/vc_column][vc_column width=\u00bb1\/3&#8243;][vc_single_image image=\u00bb46670&#8243; img_size=\u00bb1500X1200&#8243; alignment=\u00bbcenter\u00bb onclick=\u00bbcustom_link\u00bb title=\u00bbSecadores rotatorios\u00bb link=\u00bbhttps:\/\/www.generalkinematics.com\/product\/rotary-dryer\/\u00bb][\/vc_column][vc_column width=\u00bb1\/3&#8243;][vc_single_image image=\u00bb46675&#8243; img_size=\u00bb1500X1200&#8243; alignment=\u00bbcenter\u00bb onclick=\u00bbcustom_link\u00bb link=\u00bbhttps:\/\/www.generalkinematics.com\/product\/rotary-sand-screen\/\u00bb title=\u00bbCribas de arena rotatorias\u00bb][\/vc_column][\/vc_row][vc_row el_id=\u00bbsl_series\u00bb][vc_column][vc_empty_space height=\u00bb92px\u00bb][vc_separator border_width=\u00bb2&#8243;][\/vc_column][\/vc_row][vc_row][vc_column][vc_column_text]<\/p>\n<p>[\/vc_column_text][\/vc_column][\/vc_row][vc_row el_id=\u00bbliners\u00bb][vc_column][vc_empty_space][\/vc_column][\/vc_row][vc_row][vc_column][vc_column_text]<\/p>\n<div><\/div>\n<div><\/div>\n<div><\/div>\n<p>&nbsp;<\/p>\n<p>&nbsp;<\/p>\n<h2><strong>POR \u00daLTIMO&#8230; REVESTIMIENTOS QUE tienen sentido.<br \/>\n<\/strong><\/h2>\n<div>Ambos estilos de tambores DUCTA-SERIES de GK utilizan el sistema de revestimiento comprobado LOCK-TITE, los cartuchos atornillados al revestimiento fabricados y comprobados que ofrecen larga duraci\u00f3n y f\u00e1cil reemplazo. Los revestimientos est\u00e1n construidos a partir de materiales resistentes a la abrasi\u00f3n, lo que incluye la placa protectora AR 450+ o la TRI-BRAZE(R) opcional para una vida \u00fatil mucho m\u00e1s larga que los paneles de revestimiento d\u00factiles y austemperados.<\/div>\n<div><\/div>\n<div>Cada panel est\u00e1 dise\u00f1ado para maximizar la vida \u00fatil y el rendimiento del proceso&#8230; No son paneles de fundici\u00f3n estereotipados que solo hacen el trabajo a medias. Y a diferencia de las rejillas de hierro fundido anteriores, si los requisitos del proceso cambian, se pueden modificar los revestimientos LOCK-TITE con facilidad al moverlos, levantarlos y realizar el cribado del modo que desee.<\/div>\n<div><\/div>\n<div>\u00bfPosee un tambor rotatorio que quiere actualizar para usar revestimientos LOCK-TITE? \u00a1No hay problema! Muchas de las plantas de fundici\u00f3n l\u00edderes en Norteam\u00e9rica ya han realizado el cambio por revestimientos LOCK-TITE de GK, cuerpos de tambores y componentes para aprovechar al m\u00e1ximo el rendimiento de los tambores rotatorios existentes.<\/div>\n<div><\/div>\n<div><\/div>\n<div><\/div>\n<div><\/div>\n<div><\/div>\n<div><\/div>\n<p>[\/vc_column_text][\/vc_column][\/vc_row][vc_row el_class=\u00bbcontainer category_page cat_image\u00bb][vc_column width=\u00bb1\/3&#8243;][vc_single_image image=\u00bb46660&#8243; img_size=\u00bb1500X1200&#8243; alignment=\u00bbcenter\u00bb onclick=\u00bbcustom_link\u00bb title=\u00bbJuegos de actualizaci\u00f3n de revestimiento rotatorio de reemplazo LOCK-TITE\u2122\u00bb link=\u00bbhttps:\/\/www.generalkinematics.com\/product\/lock-tite-rotary-drum-liners-and-bodies\/\u00bb][\/vc_column][vc_column width=\u00bb1\/3&#8243;][vc_single_image image=\u00bb46625&#8243; img_size=\u00bb1500X1200&#8243; alignment=\u00bbcenter\u00bb onclick=\u00bbcustom_link\u00bb title=\u00bbEnsamblajes de cuerpo y revestimiento del tambor rotatorio de reemplazo\u00bb link=\u00bbhttps:\/\/www.generalkinematics.com\/product\/rotary-drum-bodies\/\u00bb][\/vc_column][vc_column width=\u00bb1\/3&#8243;][vc_single_image image=\u00bb46630&#8243; img_size=\u00bb1500X1200&#8243; alignment=\u00bbcenter\u00bb onclick=\u00bbcustom_link\u00bb title=\u00bbConversiones de impulso del tambor rotatorio\u00bb link=\u00bbhttps:\/\/www.generalkinematics.com\/product\/rotary-drum-drive-conversion\/\u00bb][\/vc_column][\/vc_row][vc_row el_id=\u00bbrotary_videos\u00bb][vc_column][vc_empty_space][\/vc_column][\/vc_row][vc_row][vc_column][vc_separator border_width=\u00bb4&#8243;][\/vc_column][\/vc_row][vc_row][vc_column][vc_custom_heading text=\u00bbVIDEOS\u00bb font_container=\u00bbtag:h2|text_align:center\u00bb google_fonts=\u00bbfont_family:Roboto%3A100%2C100italic%2C300%2C300italic%2Cregular%2Citalic%2C500%2C500italic%2C700%2C700italic%2C900%2C900italic|font_style:400%20regular%3A400%3Anormal\u00bb][\/vc_column][\/vc_row][vc_row][vc_column width=\u00bb1\/4&#8243;][\/vc_column][vc_column width=\u00bb1\/2&#8243;][vc_column_text][\/vc_column_text][\/vc_column][vc_column width=\u00bb1\/4&#8243;][\/vc_column][\/vc_row][vc_row][vc_column][vc_empty_space height=\u00bb62px\u00bb][\/vc_column][\/vc_row]<\/p>\n<\/div>","protected":false},"excerpt":{"rendered":"<p>[vc_row][vc_column][vc_column_text] M\u00e1quinas rotatorias de alto desempe\u00f1o para plantas de fundici\u00f3n industriales &nbsp; &nbsp; Caracter\u00edsticas innovadoras. Menos mantenimiento. Servicio excepcional. \u00bfC\u00f3mo se mejora un producto? Le pregunta a quienes lo est\u00e1n usando. Eso es exactamente lo que hizo GK al dise\u00f1ar la l\u00ednea DUCTA-SERIES\u2122 de tambores rotatorios. Un dise\u00f1o f\u00e1cil de mantener, revestimientos que no necesitan [&hellip;]<\/p>\n","protected":false},"author":5,"featured_media":0,"parent":42172,"menu_order":0,"comment_status":"closed","ping_status":"closed","template":"page-templates\/page-full-width.php","meta":{"_acf_changed":false,"om_disable_all_campaigns":false,"ep_exclude_from_search":false,"footnotes":""},"class_list":["post-42979","page","type-page","status-publish","hentry"],"acf":[],"yoast_head":"<!-- This site is optimized with the Yoast SEO plugin v27.2 - https:\/\/yoast.com\/product\/yoast-seo-wordpress\/ -->\n<title>Tambores de fundici\u00f3n rotatorios DUCTA-SERIES\u2122 | General Kinematics<\/title>\n<meta name=\"description\" content=\"\u00bfC\u00f3mo se mejora un producto? Le pregunta a quienes lo est\u00e1n usando. Eso es exactamente lo que hizo GK al dise\u00f1ar la l\u00ednea DUCTA-SERIES\u2122 de tambores rotatorios. Un dise\u00f1o f\u00e1cil de mantener, revestimientos que no necesitan un equipo de f\u00fatbol para instalarlos y un concepto de paquete integral con el respaldo de los equipos de ventas y servicios de GK\" \/>\n<meta name=\"robots\" content=\"index, follow, max-snippet:-1, max-image-preview:large, max-video-preview:-1\" \/>\n<link rel=\"canonical\" href=\"https:\/\/www.generalkinematics.com\/es\/soluciones-de-fundicion-y-metalcasting\/ductaseries-rotary-foundry-drums\/\" \/>\n<meta property=\"og:locale\" content=\"es_ES\" \/>\n<meta property=\"og:type\" content=\"article\" \/>\n<meta property=\"og:title\" content=\"Tambores de fundici\u00f3n rotatorios DUCTA-SERIES\u2122 | General Kinematics\" \/>\n<meta property=\"og:description\" content=\"\u00bfC\u00f3mo se mejora un producto? Le pregunta a quienes lo est\u00e1n usando. Eso es exactamente lo que hizo GK al dise\u00f1ar la l\u00ednea DUCTA-SERIES\u2122 de tambores rotatorios. Un dise\u00f1o f\u00e1cil de mantener, revestimientos que no necesitan un equipo de f\u00fatbol para instalarlos y un concepto de paquete integral con el respaldo de los equipos de ventas y servicios de GK\" \/>\n<meta property=\"og:url\" content=\"https:\/\/www.generalkinematics.com\/es\/soluciones-de-fundicion-y-metalcasting\/ductaseries-rotary-foundry-drums\/\" \/>\n<meta property=\"og:site_name\" content=\"General Kinematics\" \/>\n<meta property=\"article:publisher\" content=\"https:\/\/www.facebook.com\/generalkinematics\" \/>\n<meta property=\"article:modified_time\" content=\"2020-07-14T18:54:00+00:00\" \/>\n<meta property=\"og:image\" content=\"https:\/\/www.generalkinematics.com\/wp-content\/uploads\/2013\/02\/ducta-series-rotary-main-drum-1.png\" \/>\n<meta name=\"twitter:card\" content=\"summary_large_image\" \/>\n<meta name=\"twitter:site\" content=\"@gkvibrating\" \/>\n<meta name=\"twitter:label1\" content=\"Tiempo de lectura\" \/>\n\t<meta name=\"twitter:data1\" content=\"7 minutos\" \/>\n<!-- \/ Yoast SEO plugin. -->","yoast_head_json":{"title":"Tambores de fundici\u00f3n rotatorios DUCTA-SERIES\u2122 | General Kinematics","description":"\u00bfC\u00f3mo se mejora un producto? Le pregunta a quienes lo est\u00e1n usando. Eso es exactamente lo que hizo GK al dise\u00f1ar la l\u00ednea DUCTA-SERIES\u2122 de tambores rotatorios. Un dise\u00f1o f\u00e1cil de mantener, revestimientos que no necesitan un equipo de f\u00fatbol para instalarlos y un concepto de paquete integral con el respaldo de los equipos de ventas y servicios de GK","robots":{"index":"index","follow":"follow","max-snippet":"max-snippet:-1","max-image-preview":"max-image-preview:large","max-video-preview":"max-video-preview:-1"},"canonical":"https:\/\/www.generalkinematics.com\/es\/soluciones-de-fundicion-y-metalcasting\/ductaseries-rotary-foundry-drums\/","og_locale":"es_ES","og_type":"article","og_title":"Tambores de fundici\u00f3n rotatorios DUCTA-SERIES\u2122 | General Kinematics","og_description":"\u00bfC\u00f3mo se mejora un producto? Le pregunta a quienes lo est\u00e1n usando. Eso es exactamente lo que hizo GK al dise\u00f1ar la l\u00ednea DUCTA-SERIES\u2122 de tambores rotatorios. Un dise\u00f1o f\u00e1cil de mantener, revestimientos que no necesitan un equipo de f\u00fatbol para instalarlos y un concepto de paquete integral con el respaldo de los equipos de ventas y servicios de GK","og_url":"https:\/\/www.generalkinematics.com\/es\/soluciones-de-fundicion-y-metalcasting\/ductaseries-rotary-foundry-drums\/","og_site_name":"General Kinematics","article_publisher":"https:\/\/www.facebook.com\/generalkinematics","article_modified_time":"2020-07-14T18:54:00+00:00","og_image":[{"url":"https:\/\/www.generalkinematics.com\/wp-content\/uploads\/2013\/02\/ducta-series-rotary-main-drum-1.png","type":"","width":"","height":""}],"twitter_card":"summary_large_image","twitter_site":"@gkvibrating","twitter_misc":{"Tiempo de lectura":"7 minutos"},"schema":{"@context":"https:\/\/schema.org","@graph":[{"@type":"WebPage","@id":"https:\/\/www.generalkinematics.com\/es\/soluciones-de-fundicion-y-metalcasting\/ductaseries-rotary-foundry-drums\/","url":"https:\/\/www.generalkinematics.com\/es\/soluciones-de-fundicion-y-metalcasting\/ductaseries-rotary-foundry-drums\/","name":"Tambores de fundici\u00f3n rotatorios DUCTA-SERIES\u2122 | General Kinematics","isPartOf":{"@id":"https:\/\/www.generalkinematics.com\/es\/#website"},"primaryImageOfPage":{"@id":"https:\/\/www.generalkinematics.com\/es\/soluciones-de-fundicion-y-metalcasting\/ductaseries-rotary-foundry-drums\/#primaryimage"},"image":{"@id":"https:\/\/www.generalkinematics.com\/es\/soluciones-de-fundicion-y-metalcasting\/ductaseries-rotary-foundry-drums\/#primaryimage"},"thumbnailUrl":"https:\/\/www.generalkinematics.com\/wp-content\/uploads\/2013\/02\/ducta-series-rotary-main-drum-1.png","datePublished":"2018-04-06T01:42:43+00:00","dateModified":"2020-07-14T18:54:00+00:00","description":"\u00bfC\u00f3mo se mejora un producto? Le pregunta a quienes lo est\u00e1n usando. Eso es exactamente lo que hizo GK al dise\u00f1ar la l\u00ednea DUCTA-SERIES\u2122 de tambores rotatorios. Un dise\u00f1o f\u00e1cil de mantener, revestimientos que no necesitan un equipo de f\u00fatbol para instalarlos y un concepto de paquete integral con el respaldo de los equipos de ventas y servicios de GK","breadcrumb":{"@id":"https:\/\/www.generalkinematics.com\/es\/soluciones-de-fundicion-y-metalcasting\/ductaseries-rotary-foundry-drums\/#breadcrumb"},"inLanguage":"es","potentialAction":[{"@type":"ReadAction","target":["https:\/\/www.generalkinematics.com\/es\/soluciones-de-fundicion-y-metalcasting\/ductaseries-rotary-foundry-drums\/"]}]},{"@type":"ImageObject","inLanguage":"es","@id":"https:\/\/www.generalkinematics.com\/es\/soluciones-de-fundicion-y-metalcasting\/ductaseries-rotary-foundry-drums\/#primaryimage","url":"https:\/\/www.generalkinematics.com\/wp-content\/uploads\/2013\/02\/ducta-series-rotary-main-drum-1.png","contentUrl":"https:\/\/www.generalkinematics.com\/wp-content\/uploads\/2013\/02\/ducta-series-rotary-main-drum-1.png"},{"@type":"BreadcrumbList","@id":"https:\/\/www.generalkinematics.com\/es\/soluciones-de-fundicion-y-metalcasting\/ductaseries-rotary-foundry-drums\/#breadcrumb","itemListElement":[{"@type":"ListItem","position":1,"name":"GK Home","item":"https:\/\/www.generalkinematics.com\/es\/"},{"@type":"ListItem","position":2,"name":"Fundici\u00f3n y Fundici\u00f3n de metales","item":"https:\/\/www.generalkinematics.com\/es\/soluciones-de-fundicion-y-metalcasting\/"},{"@type":"ListItem","position":3,"name":"Tambores de fundici\u00f3n rotatorios DUCTA-SERIES\u2122"}]},{"@type":"WebSite","@id":"https:\/\/www.generalkinematics.com\/es\/#website","url":"https:\/\/www.generalkinematics.com\/es\/","name":"General Kinematics","description":"","publisher":{"@id":"https:\/\/www.generalkinematics.com\/es\/#organization"},"potentialAction":[{"@type":"SearchAction","target":{"@type":"EntryPoint","urlTemplate":"https:\/\/www.generalkinematics.com\/es\/?s={search_term_string}"},"query-input":{"@type":"PropertyValueSpecification","valueRequired":true,"valueName":"search_term_string"}}],"inLanguage":"es"},{"@type":"Organization","@id":"https:\/\/www.generalkinematics.com\/es\/#organization","name":"General Kinematics","url":"https:\/\/www.generalkinematics.com\/es\/","logo":{"@type":"ImageObject","inLanguage":"es","@id":"https:\/\/www.generalkinematics.com\/es\/#\/schema\/logo\/image\/","url":"https:\/\/media.generalkinematics.com\/wp-content\/uploads\/2018\/03\/logo.png","contentUrl":"https:\/\/media.generalkinematics.com\/wp-content\/uploads\/2018\/03\/logo.png","width":313,"height":100,"caption":"General Kinematics"},"image":{"@id":"https:\/\/www.generalkinematics.com\/es\/#\/schema\/logo\/image\/"},"sameAs":["https:\/\/www.facebook.com\/generalkinematics","https:\/\/x.com\/gkvibrating"]}]}},"_links":{"self":[{"href":"https:\/\/www.generalkinematics.com\/es\/wp-json\/wp\/v2\/pages\/42979","targetHints":{"allow":["GET"]}}],"collection":[{"href":"https:\/\/www.generalkinematics.com\/es\/wp-json\/wp\/v2\/pages"}],"about":[{"href":"https:\/\/www.generalkinematics.com\/es\/wp-json\/wp\/v2\/types\/page"}],"author":[{"embeddable":true,"href":"https:\/\/www.generalkinematics.com\/es\/wp-json\/wp\/v2\/users\/5"}],"replies":[{"embeddable":true,"href":"https:\/\/www.generalkinematics.com\/es\/wp-json\/wp\/v2\/comments?post=42979"}],"version-history":[{"count":0,"href":"https:\/\/www.generalkinematics.com\/es\/wp-json\/wp\/v2\/pages\/42979\/revisions"}],"up":[{"embeddable":true,"href":"https:\/\/www.generalkinematics.com\/es\/wp-json\/wp\/v2\/pages\/42172"}],"wp:attachment":[{"href":"https:\/\/www.generalkinematics.com\/es\/wp-json\/wp\/v2\/media?parent=42979"}],"curies":[{"name":"wp","href":"https:\/\/api.w.org\/{rel}","templated":true}]}}