{"id":43550,"date":"2012-05-02T21:51:20","date_gmt":"2012-05-03T02:51:20","guid":{"rendered":"https:\/\/www.generalkinematics.com\/mining-equipment\/cintas-transportadoras-vibratorias-de-cenizas-de-fondo\/"},"modified":"2018-09-27T17:47:23","modified_gmt":"2018-09-27T22:47:23","slug":"cintas-transportadoras-vibratorias-de-cenizas-de-fondo","status":"publish","type":"page","link":"https:\/\/www.generalkinematics.com\/es\/mineria-y-soluciones-minerales\/cintas-transportadoras-vibratorias-de-cenizas-de-fondo\/","title":{"rendered":"Cintas transportadoras vibratorias de cenizas de fondo"},"content":{"rendered":"<h1>Cintas transportadoras de cenizas de fondo<\/h1>\n<p>&nbsp;<\/p>\n<p><img decoding=\"async\" title=\"Cintas transportadoras de cenizas de fondo\" src=\"https:\/\/www.generalkinematics.com\/wp-content\/uploads\/images\/mining_products\/header\/bottomash_conveyor.jpg\" alt=\"Cintas transportadoras de cenizas de fondo\" width=\"375\" height=\"180\" \/><\/p>\n<p>&nbsp;<\/p>\n<h2>Descripci\u00f3n del producto:<\/h2>\n<p>Las caracter\u00edsticas excepcionales de dise\u00f1o equilibrado, construcci\u00f3n resistente e ingenier\u00eda sofisticada, mantienen a las cintas transportadoras vibratorias SYNCRO-COIL\u00ae de General Kinematics en pleno funcionamiento las 24 horas, todos los d\u00edas, bajo condiciones altamente adversas en aplicaciones de manipulaci\u00f3n de ceniza.<\/p>\n<p>&nbsp;<\/p>\n<h2>Caracter\u00edsticas:<\/h2>\n<ul>\n<li>La bandeja reemplazable de acero de aleaci\u00f3n para trabajo pesado resiste las condiciones de alto impacto y de carga variable.<\/li>\n<li>La superficie suave y continua de la bandeja no tiene ning\u00fan pelda\u00f1o o resalto.<\/li>\n<li>Resiste el efecto del calor, agua, sustancias qu\u00edmicas y objetos pesados.<\/li>\n<li>Una transmisi\u00f3n exc\u00e9ntrica simple proporciona la amplitud de recorrido necesaria para el transporte de ceniza de fondo.<\/li>\n<li>Los resortes reactivos de la bobina en acero galvanizado resistente a la corrosi\u00f3n, instalados en espiral, eliminan la alta tensi\u00f3n que es com\u00fan en los resortes asegurados con abrazaderas o listones.<\/li>\n<li>El sistema de balanceo por compensaci\u00f3n, totalmente reactivo a la carga de materiales, garantiza la instalaci\u00f3n libre de vibraci\u00f3n, minimizando las fuerzas trasmitidas por la carga de impacto.<\/li>\n<li>La transmisi\u00f3n exc\u00e9ntrica SYNCRO-CUSHION de frecuencia natural reduce el torque de arranque y elimina la concentraci\u00f3n de alta tensi\u00f3n en la conexi\u00f3n de la transmisi\u00f3n.<\/li>\n<li>Las unidades funcionan con baja demanda de potencia para un nivel m\u00e1ximo de eficiencia energ\u00e9tica.<\/li>\n<\/ul>\n","protected":false},"excerpt":{"rendered":"<p>Cintas transportadoras de cenizas de fondo &nbsp; &nbsp; Descripci\u00f3n del producto: Las caracter\u00edsticas excepcionales de dise\u00f1o equilibrado, construcci\u00f3n resistente e ingenier\u00eda sofisticada, mantienen a las cintas transportadoras vibratorias SYNCRO-COIL\u00ae de General Kinematics en pleno funcionamiento las 24 horas, todos los d\u00edas, bajo condiciones altamente adversas en aplicaciones de manipulaci\u00f3n de ceniza. &nbsp; Caracter\u00edsticas: La bandeja [&hellip;]<\/p>\n","protected":false},"author":5,"featured_media":0,"parent":42171,"menu_order":0,"comment_status":"open","ping_status":"open","template":"","meta":{"_acf_changed":false,"om_disable_all_campaigns":false,"ep_exclude_from_search":false,"footnotes":""},"class_list":["post-43550","page","type-page","status-publish","hentry"],"acf":[],"yoast_head":"<!-- This site is optimized with the Yoast SEO plugin v27.2 - https:\/\/yoast.com\/product\/yoast-seo-wordpress\/ -->\n<title>Transportadores vibratorios u oscilantes | General Kinematics<\/title>\n<meta name=\"description\" content=\"Descubra el dise\u00f1o equilibrado y robusto de los transportadores vibratorios u oscilantes de cenizas de General Kinematics, dise\u00f1ados para durar y resistir en las condiciones m\u00e1s adversas.\" \/>\n<meta name=\"robots\" content=\"index, follow, max-snippet:-1, max-image-preview:large, max-video-preview:-1\" \/>\n<link rel=\"canonical\" href=\"https:\/\/www.generalkinematics.com\/es\/mineria-y-soluciones-minerales\/cintas-transportadoras-vibratorias-de-cenizas-de-fondo\/\" \/>\n<meta property=\"og:locale\" content=\"es_ES\" \/>\n<meta property=\"og:type\" content=\"article\" \/>\n<meta property=\"og:title\" content=\"Transportadores vibratorios u oscilantes | General Kinematics\" \/>\n<meta property=\"og:description\" content=\"Descubra el dise\u00f1o equilibrado y robusto de los transportadores vibratorios u oscilantes de cenizas de General Kinematics, dise\u00f1ados para durar y resistir en las condiciones m\u00e1s adversas.\" \/>\n<meta property=\"og:url\" content=\"https:\/\/www.generalkinematics.com\/es\/mineria-y-soluciones-minerales\/cintas-transportadoras-vibratorias-de-cenizas-de-fondo\/\" \/>\n<meta property=\"og:site_name\" content=\"General Kinematics\" \/>\n<meta property=\"article:publisher\" content=\"https:\/\/www.facebook.com\/generalkinematics\" \/>\n<meta property=\"article:modified_time\" content=\"2018-09-27T22:47:23+00:00\" \/>\n<meta property=\"og:image\" content=\"https:\/\/www.generalkinematics.com\/wp-content\/uploads\/images\/mining_products\/header\/bottomash_conveyor.jpg\" \/>\n<meta name=\"twitter:card\" content=\"summary_large_image\" \/>\n<meta name=\"twitter:site\" content=\"@gkvibrating\" \/>\n<meta name=\"twitter:label1\" content=\"Tiempo de lectura\" \/>\n\t<meta name=\"twitter:data1\" content=\"1 minuto\" \/>\n<!-- \/ Yoast SEO plugin. -->","yoast_head_json":{"title":"Transportadores vibratorios u oscilantes | General Kinematics","description":"Descubra el dise\u00f1o equilibrado y robusto de los transportadores vibratorios u oscilantes de cenizas de General Kinematics, dise\u00f1ados para durar y resistir en las condiciones m\u00e1s adversas.","robots":{"index":"index","follow":"follow","max-snippet":"max-snippet:-1","max-image-preview":"max-image-preview:large","max-video-preview":"max-video-preview:-1"},"canonical":"https:\/\/www.generalkinematics.com\/es\/mineria-y-soluciones-minerales\/cintas-transportadoras-vibratorias-de-cenizas-de-fondo\/","og_locale":"es_ES","og_type":"article","og_title":"Transportadores vibratorios u oscilantes | General Kinematics","og_description":"Descubra el dise\u00f1o equilibrado y robusto de los transportadores vibratorios u oscilantes de cenizas de General Kinematics, dise\u00f1ados para durar y resistir en las condiciones m\u00e1s adversas.","og_url":"https:\/\/www.generalkinematics.com\/es\/mineria-y-soluciones-minerales\/cintas-transportadoras-vibratorias-de-cenizas-de-fondo\/","og_site_name":"General Kinematics","article_publisher":"https:\/\/www.facebook.com\/generalkinematics","article_modified_time":"2018-09-27T22:47:23+00:00","og_image":[{"url":"https:\/\/www.generalkinematics.com\/wp-content\/uploads\/images\/mining_products\/header\/bottomash_conveyor.jpg","type":"","width":"","height":""}],"twitter_card":"summary_large_image","twitter_site":"@gkvibrating","twitter_misc":{"Tiempo de lectura":"1 minuto"},"schema":{"@context":"https:\/\/schema.org","@graph":[{"@type":"WebPage","@id":"https:\/\/www.generalkinematics.com\/es\/mineria-y-soluciones-minerales\/cintas-transportadoras-vibratorias-de-cenizas-de-fondo\/","url":"https:\/\/www.generalkinematics.com\/es\/mineria-y-soluciones-minerales\/cintas-transportadoras-vibratorias-de-cenizas-de-fondo\/","name":"Transportadores vibratorios u oscilantes | General Kinematics","isPartOf":{"@id":"https:\/\/www.generalkinematics.com\/es\/#website"},"primaryImageOfPage":{"@id":"https:\/\/www.generalkinematics.com\/es\/mineria-y-soluciones-minerales\/cintas-transportadoras-vibratorias-de-cenizas-de-fondo\/#primaryimage"},"image":{"@id":"https:\/\/www.generalkinematics.com\/es\/mineria-y-soluciones-minerales\/cintas-transportadoras-vibratorias-de-cenizas-de-fondo\/#primaryimage"},"thumbnailUrl":"https:\/\/www.generalkinematics.com\/wp-content\/uploads\/images\/mining_products\/header\/bottomash_conveyor.jpg","datePublished":"2012-05-03T02:51:20+00:00","dateModified":"2018-09-27T22:47:23+00:00","description":"Descubra el dise\u00f1o equilibrado y robusto de los transportadores vibratorios u oscilantes de cenizas de General Kinematics, dise\u00f1ados para durar y resistir en las condiciones m\u00e1s adversas.","breadcrumb":{"@id":"https:\/\/www.generalkinematics.com\/es\/mineria-y-soluciones-minerales\/cintas-transportadoras-vibratorias-de-cenizas-de-fondo\/#breadcrumb"},"inLanguage":"es","potentialAction":[{"@type":"ReadAction","target":["https:\/\/www.generalkinematics.com\/es\/mineria-y-soluciones-minerales\/cintas-transportadoras-vibratorias-de-cenizas-de-fondo\/"]}]},{"@type":"ImageObject","inLanguage":"es","@id":"https:\/\/www.generalkinematics.com\/es\/mineria-y-soluciones-minerales\/cintas-transportadoras-vibratorias-de-cenizas-de-fondo\/#primaryimage","url":"https:\/\/www.generalkinematics.com\/wp-content\/uploads\/images\/mining_products\/header\/bottomash_conveyor.jpg","contentUrl":"https:\/\/www.generalkinematics.com\/wp-content\/uploads\/images\/mining_products\/header\/bottomash_conveyor.jpg"},{"@type":"BreadcrumbList","@id":"https:\/\/www.generalkinematics.com\/es\/mineria-y-soluciones-minerales\/cintas-transportadoras-vibratorias-de-cenizas-de-fondo\/#breadcrumb","itemListElement":[{"@type":"ListItem","position":1,"name":"GK Home","item":"https:\/\/www.generalkinematics.com\/es\/"},{"@type":"ListItem","position":2,"name":"Equipos para Miner\u00eda y Minerales","item":"https:\/\/www.generalkinematics.com\/es\/mineria-y-soluciones-minerales\/"},{"@type":"ListItem","position":3,"name":"Cintas transportadoras vibratorias de cenizas de fondo"}]},{"@type":"WebSite","@id":"https:\/\/www.generalkinematics.com\/es\/#website","url":"https:\/\/www.generalkinematics.com\/es\/","name":"General Kinematics","description":"","publisher":{"@id":"https:\/\/www.generalkinematics.com\/es\/#organization"},"potentialAction":[{"@type":"SearchAction","target":{"@type":"EntryPoint","urlTemplate":"https:\/\/www.generalkinematics.com\/es\/?s={search_term_string}"},"query-input":{"@type":"PropertyValueSpecification","valueRequired":true,"valueName":"search_term_string"}}],"inLanguage":"es"},{"@type":"Organization","@id":"https:\/\/www.generalkinematics.com\/es\/#organization","name":"General Kinematics","url":"https:\/\/www.generalkinematics.com\/es\/","logo":{"@type":"ImageObject","inLanguage":"es","@id":"https:\/\/www.generalkinematics.com\/es\/#\/schema\/logo\/image\/","url":"https:\/\/media.generalkinematics.com\/wp-content\/uploads\/2018\/03\/logo.png","contentUrl":"https:\/\/media.generalkinematics.com\/wp-content\/uploads\/2018\/03\/logo.png","width":313,"height":100,"caption":"General Kinematics"},"image":{"@id":"https:\/\/www.generalkinematics.com\/es\/#\/schema\/logo\/image\/"},"sameAs":["https:\/\/www.facebook.com\/generalkinematics","https:\/\/x.com\/gkvibrating"]}]}},"_links":{"self":[{"href":"https:\/\/www.generalkinematics.com\/es\/wp-json\/wp\/v2\/pages\/43550","targetHints":{"allow":["GET"]}}],"collection":[{"href":"https:\/\/www.generalkinematics.com\/es\/wp-json\/wp\/v2\/pages"}],"about":[{"href":"https:\/\/www.generalkinematics.com\/es\/wp-json\/wp\/v2\/types\/page"}],"author":[{"embeddable":true,"href":"https:\/\/www.generalkinematics.com\/es\/wp-json\/wp\/v2\/users\/5"}],"replies":[{"embeddable":true,"href":"https:\/\/www.generalkinematics.com\/es\/wp-json\/wp\/v2\/comments?post=43550"}],"version-history":[{"count":0,"href":"https:\/\/www.generalkinematics.com\/es\/wp-json\/wp\/v2\/pages\/43550\/revisions"}],"up":[{"embeddable":true,"href":"https:\/\/www.generalkinematics.com\/es\/wp-json\/wp\/v2\/pages\/42171"}],"wp:attachment":[{"href":"https:\/\/www.generalkinematics.com\/es\/wp-json\/wp\/v2\/media?parent=43550"}],"curies":[{"name":"wp","href":"https:\/\/api.w.org\/{rel}","templated":true}]}}