{"id":43551,"date":"2012-05-03T22:25:03","date_gmt":"2012-05-04T03:25:03","guid":{"rendered":"https:\/\/www.generalkinematics.com\/recycling-equipment\/mini-mrf\/"},"modified":"2018-09-28T08:35:00","modified_gmt":"2018-09-28T13:35:00","slug":"mini-mrf","status":"publish","type":"page","link":"https:\/\/www.generalkinematics.com\/es\/soluciones-de-reciclaje\/mini-mrf\/","title":{"rendered":"MINI-MRF\u2122"},"content":{"rendered":"<h1>Sistemas de reciclaje MINI-MRF\u2122<\/h1>\n<p><img decoding=\"async\" title=\"Sistemas de reciclaje MINI-MRF\u2122\" src=\"https:\/\/www.generalkinematics.com\/wp-content\/uploads\/images\/recyclingproducts\/header\/minimrf.jpg\" alt=\"Sistemas de reciclaje MINI-MRF\u2122\" width=\"375\" height=\"160\" \/><\/p>\n<p>&nbsp;<\/p>\n<h2>Descripci\u00f3n del producto:<\/h2>\n<p><img decoding=\"async\" src=\"https:\/\/www.generalkinematics.com\/wp-content\/uploads\/images\/recycling\/minimrfbutton.jpg\" alt=\"\" \/><\/p>\n<p>El sistema MINI-MRF\u2122 de General Kinematics es un sistema de reciclaje de bajo tonelaje, dise\u00f1ado para recuperar materiales con un alto grado de eficiencia. Los sistemas b\u00e1sicos incluyen cribado primario con una l\u00ednea de selecci\u00f3n en una estaci\u00f3n cu\u00e1druple, todo montado en un sistema de soporte f\u00e1cil de instalar, dise\u00f1ados para utilizar contenedores rodados como recipientes para la clasificaci\u00f3n de materiales. Las opciones adicionales incluyen l\u00edneas de selecci\u00f3n ampliadas, separaci\u00f3n magn\u00e9tica de ferrosos y no ferrosos y los Clasificadores neum\u00e1ticos DE-STONER\u00ae de GK para maximizar la recuperaci\u00f3n de materiales.<\/p>\n<p>&nbsp;<\/p>\n<h2>Caracter\u00edsticas:<\/h2>\n<ul>\n<li>Dise\u00f1o del sistema que facilita su instalaci\u00f3n.<\/li>\n<li>FINGER-SCREEN\u2122 de General Kinematics para la separaci\u00f3n de materiales de tama\u00f1o negativo del cribado superior.<\/li>\n<li>Banda de selecci\u00f3n de trabajo pesado y contenedores de clasificaci\u00f3n.<\/li>\n<li>Costo de capital bajo.<\/li>\n<li>Perfecto para empresas peque\u00f1as o municipios.<\/li>\n<li>M\u00f3dulos opcionales de clasificaci\u00f3n que facilitan la ampliaci\u00f3n a medida que crece su negocio.<\/li>\n<\/ul>\n","protected":false},"excerpt":{"rendered":"<p>Sistemas de reciclaje MINI-MRF\u2122 &nbsp; Descripci\u00f3n del producto: El sistema MINI-MRF\u2122 de General Kinematics es un sistema de reciclaje de bajo tonelaje, dise\u00f1ado para recuperar materiales con un alto grado de eficiencia. Los sistemas b\u00e1sicos incluyen cribado primario con una l\u00ednea de selecci\u00f3n en una estaci\u00f3n cu\u00e1druple, todo montado en un sistema de soporte f\u00e1cil [&hellip;]<\/p>\n","protected":false},"author":5,"featured_media":0,"parent":42734,"menu_order":0,"comment_status":"open","ping_status":"open","template":"","meta":{"_acf_changed":false,"om_disable_all_campaigns":false,"ep_exclude_from_search":false,"footnotes":""},"class_list":["post-43551","page","type-page","status-publish","hentry"],"acf":[],"yoast_head":"<!-- This site is optimized with the Yoast SEO plugin v27.2 - https:\/\/yoast.com\/product\/yoast-seo-wordpress\/ -->\n<title>M\u00e1quinas de reciclaje de bajo tonelaje | General Kinematics<\/title>\n<meta name=\"description\" content=\"Obtenga m\u00e1s informaci\u00f3n sobre las m\u00e1quinas de reciclaje MINI-MRF\u2122 de General Kinematics, unos equipos de bajo tonelaje dise\u00f1ados especialmente para la recuperaci\u00f3n de material con alta eficiencia.\" \/>\n<meta name=\"robots\" content=\"index, follow, max-snippet:-1, max-image-preview:large, max-video-preview:-1\" \/>\n<link rel=\"canonical\" href=\"https:\/\/www.generalkinematics.com\/es\/soluciones-de-reciclaje\/mini-mrf\/\" \/>\n<meta property=\"og:locale\" content=\"es_ES\" \/>\n<meta property=\"og:type\" content=\"article\" \/>\n<meta property=\"og:title\" content=\"M\u00e1quinas de reciclaje de bajo tonelaje | General Kinematics\" \/>\n<meta property=\"og:description\" content=\"Obtenga m\u00e1s informaci\u00f3n sobre las m\u00e1quinas de reciclaje MINI-MRF\u2122 de General Kinematics, unos equipos de bajo tonelaje dise\u00f1ados especialmente para la recuperaci\u00f3n de material con alta eficiencia.\" \/>\n<meta property=\"og:url\" content=\"https:\/\/www.generalkinematics.com\/es\/soluciones-de-reciclaje\/mini-mrf\/\" \/>\n<meta property=\"og:site_name\" content=\"General Kinematics\" \/>\n<meta property=\"article:publisher\" content=\"https:\/\/www.facebook.com\/generalkinematics\" \/>\n<meta property=\"article:modified_time\" content=\"2018-09-28T13:35:00+00:00\" \/>\n<meta property=\"og:image\" content=\"https:\/\/www.generalkinematics.com\/wp-content\/uploads\/images\/recyclingproducts\/header\/minimrf.jpg\" \/>\n<meta name=\"twitter:card\" content=\"summary_large_image\" \/>\n<meta name=\"twitter:site\" content=\"@gkvibrating\" \/>\n<meta name=\"twitter:label1\" content=\"Tiempo de lectura\" \/>\n\t<meta name=\"twitter:data1\" content=\"1 minuto\" \/>\n<!-- \/ Yoast SEO plugin. -->","yoast_head_json":{"title":"M\u00e1quinas de reciclaje de bajo tonelaje | General Kinematics","description":"Obtenga m\u00e1s informaci\u00f3n sobre las m\u00e1quinas de reciclaje MINI-MRF\u2122 de General Kinematics, unos equipos de bajo tonelaje dise\u00f1ados especialmente para la recuperaci\u00f3n de material con alta eficiencia.","robots":{"index":"index","follow":"follow","max-snippet":"max-snippet:-1","max-image-preview":"max-image-preview:large","max-video-preview":"max-video-preview:-1"},"canonical":"https:\/\/www.generalkinematics.com\/es\/soluciones-de-reciclaje\/mini-mrf\/","og_locale":"es_ES","og_type":"article","og_title":"M\u00e1quinas de reciclaje de bajo tonelaje | General Kinematics","og_description":"Obtenga m\u00e1s informaci\u00f3n sobre las m\u00e1quinas de reciclaje MINI-MRF\u2122 de General Kinematics, unos equipos de bajo tonelaje dise\u00f1ados especialmente para la recuperaci\u00f3n de material con alta eficiencia.","og_url":"https:\/\/www.generalkinematics.com\/es\/soluciones-de-reciclaje\/mini-mrf\/","og_site_name":"General Kinematics","article_publisher":"https:\/\/www.facebook.com\/generalkinematics","article_modified_time":"2018-09-28T13:35:00+00:00","og_image":[{"url":"https:\/\/www.generalkinematics.com\/wp-content\/uploads\/images\/recyclingproducts\/header\/minimrf.jpg","type":"","width":"","height":""}],"twitter_card":"summary_large_image","twitter_site":"@gkvibrating","twitter_misc":{"Tiempo de lectura":"1 minuto"},"schema":{"@context":"https:\/\/schema.org","@graph":[{"@type":"WebPage","@id":"https:\/\/www.generalkinematics.com\/es\/soluciones-de-reciclaje\/mini-mrf\/","url":"https:\/\/www.generalkinematics.com\/es\/soluciones-de-reciclaje\/mini-mrf\/","name":"M\u00e1quinas de reciclaje de bajo tonelaje | General Kinematics","isPartOf":{"@id":"https:\/\/www.generalkinematics.com\/es\/#website"},"primaryImageOfPage":{"@id":"https:\/\/www.generalkinematics.com\/es\/soluciones-de-reciclaje\/mini-mrf\/#primaryimage"},"image":{"@id":"https:\/\/www.generalkinematics.com\/es\/soluciones-de-reciclaje\/mini-mrf\/#primaryimage"},"thumbnailUrl":"https:\/\/www.generalkinematics.com\/wp-content\/uploads\/images\/recyclingproducts\/header\/minimrf.jpg","datePublished":"2012-05-04T03:25:03+00:00","dateModified":"2018-09-28T13:35:00+00:00","description":"Obtenga m\u00e1s informaci\u00f3n sobre las m\u00e1quinas de reciclaje MINI-MRF\u2122 de General Kinematics, unos equipos de bajo tonelaje dise\u00f1ados especialmente para la recuperaci\u00f3n de material con alta eficiencia.","breadcrumb":{"@id":"https:\/\/www.generalkinematics.com\/es\/soluciones-de-reciclaje\/mini-mrf\/#breadcrumb"},"inLanguage":"es","potentialAction":[{"@type":"ReadAction","target":["https:\/\/www.generalkinematics.com\/es\/soluciones-de-reciclaje\/mini-mrf\/"]}]},{"@type":"ImageObject","inLanguage":"es","@id":"https:\/\/www.generalkinematics.com\/es\/soluciones-de-reciclaje\/mini-mrf\/#primaryimage","url":"https:\/\/www.generalkinematics.com\/wp-content\/uploads\/images\/recyclingproducts\/header\/minimrf.jpg","contentUrl":"https:\/\/www.generalkinematics.com\/wp-content\/uploads\/images\/recyclingproducts\/header\/minimrf.jpg"},{"@type":"BreadcrumbList","@id":"https:\/\/www.generalkinematics.com\/es\/soluciones-de-reciclaje\/mini-mrf\/#breadcrumb","itemListElement":[{"@type":"ListItem","position":1,"name":"GK Home","item":"https:\/\/www.generalkinematics.com\/es\/"},{"@type":"ListItem","position":2,"name":"Recuperaci\u00f3n de recursos","item":"https:\/\/www.generalkinematics.com\/es\/soluciones-de-reciclaje\/"},{"@type":"ListItem","position":3,"name":"MINI-MRF\u2122"}]},{"@type":"WebSite","@id":"https:\/\/www.generalkinematics.com\/es\/#website","url":"https:\/\/www.generalkinematics.com\/es\/","name":"General Kinematics","description":"","publisher":{"@id":"https:\/\/www.generalkinematics.com\/es\/#organization"},"potentialAction":[{"@type":"SearchAction","target":{"@type":"EntryPoint","urlTemplate":"https:\/\/www.generalkinematics.com\/es\/?s={search_term_string}"},"query-input":{"@type":"PropertyValueSpecification","valueRequired":true,"valueName":"search_term_string"}}],"inLanguage":"es"},{"@type":"Organization","@id":"https:\/\/www.generalkinematics.com\/es\/#organization","name":"General Kinematics","url":"https:\/\/www.generalkinematics.com\/es\/","logo":{"@type":"ImageObject","inLanguage":"es","@id":"https:\/\/www.generalkinematics.com\/es\/#\/schema\/logo\/image\/","url":"https:\/\/media.generalkinematics.com\/wp-content\/uploads\/2018\/03\/logo.png","contentUrl":"https:\/\/media.generalkinematics.com\/wp-content\/uploads\/2018\/03\/logo.png","width":313,"height":100,"caption":"General Kinematics"},"image":{"@id":"https:\/\/www.generalkinematics.com\/es\/#\/schema\/logo\/image\/"},"sameAs":["https:\/\/www.facebook.com\/generalkinematics","https:\/\/x.com\/gkvibrating"]}]}},"_links":{"self":[{"href":"https:\/\/www.generalkinematics.com\/es\/wp-json\/wp\/v2\/pages\/43551","targetHints":{"allow":["GET"]}}],"collection":[{"href":"https:\/\/www.generalkinematics.com\/es\/wp-json\/wp\/v2\/pages"}],"about":[{"href":"https:\/\/www.generalkinematics.com\/es\/wp-json\/wp\/v2\/types\/page"}],"author":[{"embeddable":true,"href":"https:\/\/www.generalkinematics.com\/es\/wp-json\/wp\/v2\/users\/5"}],"replies":[{"embeddable":true,"href":"https:\/\/www.generalkinematics.com\/es\/wp-json\/wp\/v2\/comments?post=43551"}],"version-history":[{"count":0,"href":"https:\/\/www.generalkinematics.com\/es\/wp-json\/wp\/v2\/pages\/43551\/revisions"}],"up":[{"embeddable":true,"href":"https:\/\/www.generalkinematics.com\/es\/wp-json\/wp\/v2\/pages\/42734"}],"wp:attachment":[{"href":"https:\/\/www.generalkinematics.com\/es\/wp-json\/wp\/v2\/media?parent=43551"}],"curies":[{"name":"wp","href":"https:\/\/api.w.org\/{rel}","templated":true}]}}