{"id":43552,"date":"2012-05-04T00:07:19","date_gmt":"2012-05-04T05:07:19","guid":{"rendered":"https:\/\/www.generalkinematics.com\/recycling-equipment\/cribas-vibratorias-de-doble-masa-vibracion-de-gk\/"},"modified":"2018-09-28T08:38:55","modified_gmt":"2018-09-28T13:38:55","slug":"cribas-vibratorias-de-doble-masa-vibracion-de-gk","status":"publish","type":"page","link":"https:\/\/www.generalkinematics.com\/es\/soluciones-de-reciclaje\/cribas-vibratorias-de-doble-masa-vibracion-de-gk\/","title":{"rendered":"Cribas vibratorias de doble masa | Vibraci\u00f3n de GK"},"content":{"rendered":"<h1>Cribas vibratorias de doble masa<\/h1>\n<p><img decoding=\"async\" title=\"Cribas vibratorias de doble masa\" src=\"https:\/\/www.generalkinematics.com\/wp-content\/uploads\/images\/foundry_products\/header\/two_mass_screens.jpg\" alt=\"Cribas vibratorias de doble masa\" width=\"375\" height=\"160\" \/><\/p>\n<p>&nbsp;<\/p>\n<h2>Descripci\u00f3n del producto:<\/h2>\n<p>Las cribas de doble masa de General Kinematics son incomparables en t\u00e9rminos de confiabilidad y desempe\u00f1o. El sistema comprobado de transmisi\u00f3n de doble masa de GK reduce el consumo el\u00e9ctrico e incrementa la eficiencia de la operaci\u00f3n de cribado frente a los dise\u00f1os tradicionales de transmisi\u00f3n directa (fuerza bruta). Las opciones incluyen cubiertas reemplazables, unidades de varias cubiertas, cubiertas estilo banana y acabados especiales resistentes a la corrosi\u00f3n. Las cribas de doble masa de GK est\u00e1n disponibles en tama\u00f1os est\u00e1ndar y personalizados que se adaptan f\u00e1cilmente a los procesos existentes.<\/p>\n<p>&nbsp;<\/p>\n<h2>Caracter\u00edsticas:<\/h2>\n<ul>\n<li>El dise\u00f1o de doble masa permite reducir hasta en 5 veces el consumo el\u00e9ctrico frente a las cribas normales de transmisi\u00f3n directa (150 HP comparado con los 30 HP de las unidades de GK).<\/li>\n<li>Las cribas de doble masa de GK son reactivas a la carga. Entre m\u00e1s alto es el tonelaje, mayor es la eficiencia de la operaci\u00f3n de cribado.<\/li>\n<li>El dise\u00f1o de doble masa mantiene el nivel del recorrido, mientras que la fuerza bruta pierde el recorrido a medida que se coloca m\u00e1s material.<\/li>\n<li>La criba de doble masa de GK se puede instalar f\u00e1cilmente. Simplemente se conecta y queda lista para ser utilizada.<\/li>\n<li>Los motores vibratorios compactos de baja potencia van instalados en la unidad lo que a su vez permite sustituciones r\u00e1pidas.<\/li>\n<\/ul>\n","protected":false},"excerpt":{"rendered":"<p>Cribas vibratorias de doble masa &nbsp; Descripci\u00f3n del producto: Las cribas de doble masa de General Kinematics son incomparables en t\u00e9rminos de confiabilidad y desempe\u00f1o. El sistema comprobado de transmisi\u00f3n de doble masa de GK reduce el consumo el\u00e9ctrico e incrementa la eficiencia de la operaci\u00f3n de cribado frente a los dise\u00f1os tradicionales de transmisi\u00f3n [&hellip;]<\/p>\n","protected":false},"author":5,"featured_media":0,"parent":42734,"menu_order":0,"comment_status":"open","ping_status":"open","template":"","meta":{"_acf_changed":false,"om_disable_all_campaigns":false,"ep_exclude_from_search":false,"footnotes":""},"class_list":["post-43552","page","type-page","status-publish","hentry"],"acf":[],"yoast_head":"<!-- This site is optimized with the Yoast SEO plugin v27.2 - https:\/\/yoast.com\/product\/yoast-seo-wordpress\/ -->\n<title>Cribas vibratorias de doble masa | General Kinematics<\/title>\n<meta name=\"description\" content=\"Conozca las m\u00faltiples ventajas de las cribas vibratorias de doble masa de General Kinematics. La reducci\u00f3n del consumo el\u00e9ctrico o una mayor eficacia en el cribado son s\u00f3lo algunas de sus ventajas.\" \/>\n<meta name=\"robots\" content=\"index, follow, max-snippet:-1, max-image-preview:large, max-video-preview:-1\" \/>\n<link rel=\"canonical\" href=\"https:\/\/www.generalkinematics.com\/es\/soluciones-de-reciclaje\/cribas-vibratorias-de-doble-masa-vibracion-de-gk\/\" \/>\n<meta property=\"og:locale\" content=\"es_ES\" \/>\n<meta property=\"og:type\" content=\"article\" \/>\n<meta property=\"og:title\" content=\"Cribas vibratorias de doble masa | General Kinematics\" \/>\n<meta property=\"og:description\" content=\"Conozca las m\u00faltiples ventajas de las cribas vibratorias de doble masa de General Kinematics. La reducci\u00f3n del consumo el\u00e9ctrico o una mayor eficacia en el cribado son s\u00f3lo algunas de sus ventajas.\" \/>\n<meta property=\"og:url\" content=\"https:\/\/www.generalkinematics.com\/es\/soluciones-de-reciclaje\/cribas-vibratorias-de-doble-masa-vibracion-de-gk\/\" \/>\n<meta property=\"og:site_name\" content=\"General Kinematics\" \/>\n<meta property=\"article:publisher\" content=\"https:\/\/www.facebook.com\/generalkinematics\" \/>\n<meta property=\"article:modified_time\" content=\"2018-09-28T13:38:55+00:00\" \/>\n<meta property=\"og:image\" content=\"https:\/\/www.generalkinematics.com\/wp-content\/uploads\/images\/foundry_products\/header\/two_mass_screens.jpg\" \/>\n<meta name=\"twitter:card\" content=\"summary_large_image\" \/>\n<meta name=\"twitter:site\" content=\"@gkvibrating\" \/>\n<meta name=\"twitter:label1\" content=\"Tiempo de lectura\" \/>\n\t<meta name=\"twitter:data1\" content=\"1 minuto\" \/>\n<!-- \/ Yoast SEO plugin. -->","yoast_head_json":{"title":"Cribas vibratorias de doble masa | General Kinematics","description":"Conozca las m\u00faltiples ventajas de las cribas vibratorias de doble masa de General Kinematics. La reducci\u00f3n del consumo el\u00e9ctrico o una mayor eficacia en el cribado son s\u00f3lo algunas de sus ventajas.","robots":{"index":"index","follow":"follow","max-snippet":"max-snippet:-1","max-image-preview":"max-image-preview:large","max-video-preview":"max-video-preview:-1"},"canonical":"https:\/\/www.generalkinematics.com\/es\/soluciones-de-reciclaje\/cribas-vibratorias-de-doble-masa-vibracion-de-gk\/","og_locale":"es_ES","og_type":"article","og_title":"Cribas vibratorias de doble masa | General Kinematics","og_description":"Conozca las m\u00faltiples ventajas de las cribas vibratorias de doble masa de General Kinematics. La reducci\u00f3n del consumo el\u00e9ctrico o una mayor eficacia en el cribado son s\u00f3lo algunas de sus ventajas.","og_url":"https:\/\/www.generalkinematics.com\/es\/soluciones-de-reciclaje\/cribas-vibratorias-de-doble-masa-vibracion-de-gk\/","og_site_name":"General Kinematics","article_publisher":"https:\/\/www.facebook.com\/generalkinematics","article_modified_time":"2018-09-28T13:38:55+00:00","og_image":[{"url":"https:\/\/www.generalkinematics.com\/wp-content\/uploads\/images\/foundry_products\/header\/two_mass_screens.jpg","type":"","width":"","height":""}],"twitter_card":"summary_large_image","twitter_site":"@gkvibrating","twitter_misc":{"Tiempo de lectura":"1 minuto"},"schema":{"@context":"https:\/\/schema.org","@graph":[{"@type":"WebPage","@id":"https:\/\/www.generalkinematics.com\/es\/soluciones-de-reciclaje\/cribas-vibratorias-de-doble-masa-vibracion-de-gk\/","url":"https:\/\/www.generalkinematics.com\/es\/soluciones-de-reciclaje\/cribas-vibratorias-de-doble-masa-vibracion-de-gk\/","name":"Cribas vibratorias de doble masa | General Kinematics","isPartOf":{"@id":"https:\/\/www.generalkinematics.com\/es\/#website"},"primaryImageOfPage":{"@id":"https:\/\/www.generalkinematics.com\/es\/soluciones-de-reciclaje\/cribas-vibratorias-de-doble-masa-vibracion-de-gk\/#primaryimage"},"image":{"@id":"https:\/\/www.generalkinematics.com\/es\/soluciones-de-reciclaje\/cribas-vibratorias-de-doble-masa-vibracion-de-gk\/#primaryimage"},"thumbnailUrl":"https:\/\/www.generalkinematics.com\/wp-content\/uploads\/images\/foundry_products\/header\/two_mass_screens.jpg","datePublished":"2012-05-04T05:07:19+00:00","dateModified":"2018-09-28T13:38:55+00:00","description":"Conozca las m\u00faltiples ventajas de las cribas vibratorias de doble masa de General Kinematics. La reducci\u00f3n del consumo el\u00e9ctrico o una mayor eficacia en el cribado son s\u00f3lo algunas de sus ventajas.","breadcrumb":{"@id":"https:\/\/www.generalkinematics.com\/es\/soluciones-de-reciclaje\/cribas-vibratorias-de-doble-masa-vibracion-de-gk\/#breadcrumb"},"inLanguage":"es","potentialAction":[{"@type":"ReadAction","target":["https:\/\/www.generalkinematics.com\/es\/soluciones-de-reciclaje\/cribas-vibratorias-de-doble-masa-vibracion-de-gk\/"]}]},{"@type":"ImageObject","inLanguage":"es","@id":"https:\/\/www.generalkinematics.com\/es\/soluciones-de-reciclaje\/cribas-vibratorias-de-doble-masa-vibracion-de-gk\/#primaryimage","url":"https:\/\/www.generalkinematics.com\/wp-content\/uploads\/images\/foundry_products\/header\/two_mass_screens.jpg","contentUrl":"https:\/\/www.generalkinematics.com\/wp-content\/uploads\/images\/foundry_products\/header\/two_mass_screens.jpg"},{"@type":"BreadcrumbList","@id":"https:\/\/www.generalkinematics.com\/es\/soluciones-de-reciclaje\/cribas-vibratorias-de-doble-masa-vibracion-de-gk\/#breadcrumb","itemListElement":[{"@type":"ListItem","position":1,"name":"GK Home","item":"https:\/\/www.generalkinematics.com\/es\/"},{"@type":"ListItem","position":2,"name":"Recuperaci\u00f3n de recursos","item":"https:\/\/www.generalkinematics.com\/es\/soluciones-de-reciclaje\/"},{"@type":"ListItem","position":3,"name":"Cribas vibratorias de doble masa | Vibraci\u00f3n de GK"}]},{"@type":"WebSite","@id":"https:\/\/www.generalkinematics.com\/es\/#website","url":"https:\/\/www.generalkinematics.com\/es\/","name":"General Kinematics","description":"","publisher":{"@id":"https:\/\/www.generalkinematics.com\/es\/#organization"},"potentialAction":[{"@type":"SearchAction","target":{"@type":"EntryPoint","urlTemplate":"https:\/\/www.generalkinematics.com\/es\/?s={search_term_string}"},"query-input":{"@type":"PropertyValueSpecification","valueRequired":true,"valueName":"search_term_string"}}],"inLanguage":"es"},{"@type":"Organization","@id":"https:\/\/www.generalkinematics.com\/es\/#organization","name":"General Kinematics","url":"https:\/\/www.generalkinematics.com\/es\/","logo":{"@type":"ImageObject","inLanguage":"es","@id":"https:\/\/www.generalkinematics.com\/es\/#\/schema\/logo\/image\/","url":"https:\/\/media.generalkinematics.com\/wp-content\/uploads\/2018\/03\/logo.png","contentUrl":"https:\/\/media.generalkinematics.com\/wp-content\/uploads\/2018\/03\/logo.png","width":313,"height":100,"caption":"General Kinematics"},"image":{"@id":"https:\/\/www.generalkinematics.com\/es\/#\/schema\/logo\/image\/"},"sameAs":["https:\/\/www.facebook.com\/generalkinematics","https:\/\/x.com\/gkvibrating"]}]}},"_links":{"self":[{"href":"https:\/\/www.generalkinematics.com\/es\/wp-json\/wp\/v2\/pages\/43552","targetHints":{"allow":["GET"]}}],"collection":[{"href":"https:\/\/www.generalkinematics.com\/es\/wp-json\/wp\/v2\/pages"}],"about":[{"href":"https:\/\/www.generalkinematics.com\/es\/wp-json\/wp\/v2\/types\/page"}],"author":[{"embeddable":true,"href":"https:\/\/www.generalkinematics.com\/es\/wp-json\/wp\/v2\/users\/5"}],"replies":[{"embeddable":true,"href":"https:\/\/www.generalkinematics.com\/es\/wp-json\/wp\/v2\/comments?post=43552"}],"version-history":[{"count":0,"href":"https:\/\/www.generalkinematics.com\/es\/wp-json\/wp\/v2\/pages\/43552\/revisions"}],"up":[{"embeddable":true,"href":"https:\/\/www.generalkinematics.com\/es\/wp-json\/wp\/v2\/pages\/42734"}],"wp:attachment":[{"href":"https:\/\/www.generalkinematics.com\/es\/wp-json\/wp\/v2\/media?parent=43552"}],"curies":[{"name":"wp","href":"https:\/\/api.w.org\/{rel}","templated":true}]}}