{"id":43553,"date":"2012-05-04T00:51:48","date_gmt":"2012-05-04T05:51:48","guid":{"rendered":"https:\/\/www.generalkinematics.com\/recycling-equipment\/soluciones-secundarias-de-clasificacion\/"},"modified":"2018-09-28T08:37:34","modified_gmt":"2018-09-28T13:37:34","slug":"soluciones-secundarias-de-clasificacion","status":"publish","type":"page","link":"https:\/\/www.generalkinematics.com\/es\/soluciones-de-reciclaje\/soluciones-secundarias-de-clasificacion\/","title":{"rendered":"Soluciones secundarias de clasificaci\u00f3n"},"content":{"rendered":"<h1>Soluciones secundarias de clasificaci\u00f3n<\/h1>\n<p><img decoding=\"async\" title=\"Soluciones secundarias de clasificaci\u00f3n\" src=\"https:\/\/www.generalkinematics.com\/wp-content\/uploads\/images\/recyclingproducts\/header\/secondary_sorting.jpg\" alt=\"Soluciones secundarias de clasificaci\u00f3n\" width=\"375\" height=\"160\" \/><\/p>\n<p>&nbsp;<\/p>\n<h2>Descripci\u00f3n del producto:<\/h2>\n<p>Las soluciones secundarias de clasificaci\u00f3n de General Kinematics para la recuperaci\u00f3n de chatarra pueden ayudar a incrementar la eficiencia del proceso de clasificaci\u00f3n y la capacidad de producci\u00f3n. Los alimentadores de ECS y magn\u00e9ticos de GK ofrecen una presentaci\u00f3n de calidad superior para los equipos de reconocimiento de productos e incrementan la eficacia del proceso de clasificaci\u00f3n. La ubicaci\u00f3n del Clasificador neum\u00e1tico DE-STONER\u00ae de GK antes del equipo de reconocimiento del producto, concentra el material recuperable antes de realizar los otros procesos para poder realizar una separaci\u00f3n m\u00e1s precisa. <a href=\"https:\/\/www.generalkinematics.com\/es\/contactar-a-general-kinematics\/\" target=\"_blank\" rel=\"noopener\">P\u00f3ngase en contacto con un especialista en tecnolog\u00eda de reciclaje de GK <\/a>para obtener informaci\u00f3n sobre soluciones para aplicaciones espec\u00edficas.<\/p>\n<p>&nbsp;<\/p>\n<h2>Caracter\u00edsticas:<\/h2>\n<ul>\n<li>Concentraci\u00f3n de los materiales recuperables.<\/li>\n<li>Mejor presentaci\u00f3n del material recuperable al equipo de reconocimiento del producto.<\/li>\n<li>Reducci\u00f3n de los costos de mantenimiento y energ\u00e9ticos a trav\u00e9s del uso de la tecnolog\u00eda vibratoria de doble masa de GK.<\/li>\n<\/ul>\n","protected":false},"excerpt":{"rendered":"<p>Soluciones secundarias de clasificaci\u00f3n &nbsp; Descripci\u00f3n del producto: Las soluciones secundarias de clasificaci\u00f3n de General Kinematics para la recuperaci\u00f3n de chatarra pueden ayudar a incrementar la eficiencia del proceso de clasificaci\u00f3n y la capacidad de producci\u00f3n. Los alimentadores de ECS y magn\u00e9ticos de GK ofrecen una presentaci\u00f3n de calidad superior para los equipos de reconocimiento [&hellip;]<\/p>\n","protected":false},"author":5,"featured_media":0,"parent":42734,"menu_order":0,"comment_status":"open","ping_status":"open","template":"","meta":{"_acf_changed":false,"om_disable_all_campaigns":false,"ep_exclude_from_search":false,"footnotes":""},"class_list":["post-43553","page","type-page","status-publish","hentry"],"acf":[],"yoast_head":"<!-- This site is optimized with the Yoast SEO plugin v27.2 - https:\/\/yoast.com\/product\/yoast-seo-wordpress\/ -->\n<title>Separadores de materias vibratorios | General Kinematics<\/title>\n<meta name=\"description\" content=\"Conozca las caracter\u00edsticas de los separadores de materias vibratorios de General Kinematics; equipos dise\u00f1ados para aumentar la eficacia de la clasificaci\u00f3n y el rendimiento del proceso de reciclaje..\" \/>\n<meta name=\"robots\" content=\"index, follow, max-snippet:-1, max-image-preview:large, max-video-preview:-1\" \/>\n<link rel=\"canonical\" href=\"https:\/\/www.generalkinematics.com\/es\/soluciones-de-reciclaje\/soluciones-secundarias-de-clasificacion\/\" \/>\n<meta property=\"og:locale\" content=\"es_ES\" \/>\n<meta property=\"og:type\" content=\"article\" \/>\n<meta property=\"og:title\" content=\"Separadores de materias vibratorios | General Kinematics\" \/>\n<meta property=\"og:description\" content=\"Conozca las caracter\u00edsticas de los separadores de materias vibratorios de General Kinematics; equipos dise\u00f1ados para aumentar la eficacia de la clasificaci\u00f3n y el rendimiento del proceso de reciclaje..\" \/>\n<meta property=\"og:url\" content=\"https:\/\/www.generalkinematics.com\/es\/soluciones-de-reciclaje\/soluciones-secundarias-de-clasificacion\/\" \/>\n<meta property=\"og:site_name\" content=\"General Kinematics\" \/>\n<meta property=\"article:publisher\" content=\"https:\/\/www.facebook.com\/generalkinematics\" \/>\n<meta property=\"article:modified_time\" content=\"2018-09-28T13:37:34+00:00\" \/>\n<meta property=\"og:image\" content=\"https:\/\/www.generalkinematics.com\/wp-content\/uploads\/images\/recyclingproducts\/header\/secondary_sorting.jpg\" \/>\n<meta name=\"twitter:card\" content=\"summary_large_image\" \/>\n<meta name=\"twitter:site\" content=\"@gkvibrating\" \/>\n<meta name=\"twitter:label1\" content=\"Tiempo de lectura\" \/>\n\t<meta name=\"twitter:data1\" content=\"1 minuto\" \/>\n<!-- \/ Yoast SEO plugin. -->","yoast_head_json":{"title":"Separadores de materias vibratorios | General Kinematics","description":"Conozca las caracter\u00edsticas de los separadores de materias vibratorios de General Kinematics; equipos dise\u00f1ados para aumentar la eficacia de la clasificaci\u00f3n y el rendimiento del proceso de reciclaje..","robots":{"index":"index","follow":"follow","max-snippet":"max-snippet:-1","max-image-preview":"max-image-preview:large","max-video-preview":"max-video-preview:-1"},"canonical":"https:\/\/www.generalkinematics.com\/es\/soluciones-de-reciclaje\/soluciones-secundarias-de-clasificacion\/","og_locale":"es_ES","og_type":"article","og_title":"Separadores de materias vibratorios | General Kinematics","og_description":"Conozca las caracter\u00edsticas de los separadores de materias vibratorios de General Kinematics; equipos dise\u00f1ados para aumentar la eficacia de la clasificaci\u00f3n y el rendimiento del proceso de reciclaje..","og_url":"https:\/\/www.generalkinematics.com\/es\/soluciones-de-reciclaje\/soluciones-secundarias-de-clasificacion\/","og_site_name":"General Kinematics","article_publisher":"https:\/\/www.facebook.com\/generalkinematics","article_modified_time":"2018-09-28T13:37:34+00:00","og_image":[{"url":"https:\/\/www.generalkinematics.com\/wp-content\/uploads\/images\/recyclingproducts\/header\/secondary_sorting.jpg","type":"","width":"","height":""}],"twitter_card":"summary_large_image","twitter_site":"@gkvibrating","twitter_misc":{"Tiempo de lectura":"1 minuto"},"schema":{"@context":"https:\/\/schema.org","@graph":[{"@type":"WebPage","@id":"https:\/\/www.generalkinematics.com\/es\/soluciones-de-reciclaje\/soluciones-secundarias-de-clasificacion\/","url":"https:\/\/www.generalkinematics.com\/es\/soluciones-de-reciclaje\/soluciones-secundarias-de-clasificacion\/","name":"Separadores de materias vibratorios | General Kinematics","isPartOf":{"@id":"https:\/\/www.generalkinematics.com\/es\/#website"},"primaryImageOfPage":{"@id":"https:\/\/www.generalkinematics.com\/es\/soluciones-de-reciclaje\/soluciones-secundarias-de-clasificacion\/#primaryimage"},"image":{"@id":"https:\/\/www.generalkinematics.com\/es\/soluciones-de-reciclaje\/soluciones-secundarias-de-clasificacion\/#primaryimage"},"thumbnailUrl":"https:\/\/www.generalkinematics.com\/wp-content\/uploads\/images\/recyclingproducts\/header\/secondary_sorting.jpg","datePublished":"2012-05-04T05:51:48+00:00","dateModified":"2018-09-28T13:37:34+00:00","description":"Conozca las caracter\u00edsticas de los separadores de materias vibratorios de General Kinematics; equipos dise\u00f1ados para aumentar la eficacia de la clasificaci\u00f3n y el rendimiento del proceso de reciclaje..","breadcrumb":{"@id":"https:\/\/www.generalkinematics.com\/es\/soluciones-de-reciclaje\/soluciones-secundarias-de-clasificacion\/#breadcrumb"},"inLanguage":"es","potentialAction":[{"@type":"ReadAction","target":["https:\/\/www.generalkinematics.com\/es\/soluciones-de-reciclaje\/soluciones-secundarias-de-clasificacion\/"]}]},{"@type":"ImageObject","inLanguage":"es","@id":"https:\/\/www.generalkinematics.com\/es\/soluciones-de-reciclaje\/soluciones-secundarias-de-clasificacion\/#primaryimage","url":"https:\/\/www.generalkinematics.com\/wp-content\/uploads\/images\/recyclingproducts\/header\/secondary_sorting.jpg","contentUrl":"https:\/\/www.generalkinematics.com\/wp-content\/uploads\/images\/recyclingproducts\/header\/secondary_sorting.jpg"},{"@type":"BreadcrumbList","@id":"https:\/\/www.generalkinematics.com\/es\/soluciones-de-reciclaje\/soluciones-secundarias-de-clasificacion\/#breadcrumb","itemListElement":[{"@type":"ListItem","position":1,"name":"GK Home","item":"https:\/\/www.generalkinematics.com\/es\/"},{"@type":"ListItem","position":2,"name":"Recuperaci\u00f3n de recursos","item":"https:\/\/www.generalkinematics.com\/es\/soluciones-de-reciclaje\/"},{"@type":"ListItem","position":3,"name":"Soluciones secundarias de clasificaci\u00f3n"}]},{"@type":"WebSite","@id":"https:\/\/www.generalkinematics.com\/es\/#website","url":"https:\/\/www.generalkinematics.com\/es\/","name":"General Kinematics","description":"","publisher":{"@id":"https:\/\/www.generalkinematics.com\/es\/#organization"},"potentialAction":[{"@type":"SearchAction","target":{"@type":"EntryPoint","urlTemplate":"https:\/\/www.generalkinematics.com\/es\/?s={search_term_string}"},"query-input":{"@type":"PropertyValueSpecification","valueRequired":true,"valueName":"search_term_string"}}],"inLanguage":"es"},{"@type":"Organization","@id":"https:\/\/www.generalkinematics.com\/es\/#organization","name":"General Kinematics","url":"https:\/\/www.generalkinematics.com\/es\/","logo":{"@type":"ImageObject","inLanguage":"es","@id":"https:\/\/www.generalkinematics.com\/es\/#\/schema\/logo\/image\/","url":"https:\/\/media.generalkinematics.com\/wp-content\/uploads\/2018\/03\/logo.png","contentUrl":"https:\/\/media.generalkinematics.com\/wp-content\/uploads\/2018\/03\/logo.png","width":313,"height":100,"caption":"General Kinematics"},"image":{"@id":"https:\/\/www.generalkinematics.com\/es\/#\/schema\/logo\/image\/"},"sameAs":["https:\/\/www.facebook.com\/generalkinematics","https:\/\/x.com\/gkvibrating"]}]}},"_links":{"self":[{"href":"https:\/\/www.generalkinematics.com\/es\/wp-json\/wp\/v2\/pages\/43553","targetHints":{"allow":["GET"]}}],"collection":[{"href":"https:\/\/www.generalkinematics.com\/es\/wp-json\/wp\/v2\/pages"}],"about":[{"href":"https:\/\/www.generalkinematics.com\/es\/wp-json\/wp\/v2\/types\/page"}],"author":[{"embeddable":true,"href":"https:\/\/www.generalkinematics.com\/es\/wp-json\/wp\/v2\/users\/5"}],"replies":[{"embeddable":true,"href":"https:\/\/www.generalkinematics.com\/es\/wp-json\/wp\/v2\/comments?post=43553"}],"version-history":[{"count":0,"href":"https:\/\/www.generalkinematics.com\/es\/wp-json\/wp\/v2\/pages\/43553\/revisions"}],"up":[{"embeddable":true,"href":"https:\/\/www.generalkinematics.com\/es\/wp-json\/wp\/v2\/pages\/42734"}],"wp:attachment":[{"href":"https:\/\/www.generalkinematics.com\/es\/wp-json\/wp\/v2\/media?parent=43553"}],"curies":[{"name":"wp","href":"https:\/\/api.w.org\/{rel}","templated":true}]}}