{"id":43586,"date":"2012-12-14T05:38:59","date_gmt":"2012-12-14T11:38:59","guid":{"rendered":"https:\/\/www.generalkinematics.com\/technical-center\/"},"modified":"2024-12-06T10:54:03","modified_gmt":"2024-12-06T16:54:03","slug":"centro-tecnico","status":"publish","type":"page","link":"https:\/\/www.generalkinematics.com\/es\/centro-tecnico\/","title":{"rendered":"Centro t\u00e9cnico de GK"},"content":{"rendered":"<div class=\"wpb-content-wrapper\"><p>[vc_row][vc_column][vc_column_text]<\/p>\n<h4>Ponga a trabajar la experiencia y los conocimientos de GK para mejorar sus procesos.<\/h4>\n<p>Desde materiales microm\u00e9tricos hasta grandes piezas fundidas y agregados, General Kinematics tiene la experiencia y habilidad para resolver los retos que plantean procesos complejos. El Centro t\u00e9cnico de GK le facilita el acceso a una parte de esta base de conocimientos para mejorar su comprensi\u00f3n de lo que diferencia a la tecnolog\u00eda de General Kinematics de otros proveedores de equipos vibratorios y expande las capacidades que le ofrece GK cuando usted se convierte en nuestro asociado.[\/vc_column_text][vc_row_inner][vc_column_inner width=\u00bb1\/2&#8243;][vc_column_text]<\/p>\n<h2 style=\"text-align: center;\">Lo m\u00e1s destacado de clientes<\/h2>\n<p>[\/vc_column_text][vc_separator][vc_column_text css=\u00bb\u00bb][\/vc_column_text][\/vc_column_inner][vc_column_inner width=\u00bb1\/2&#8243;][vc_column_text]<\/p>\n<h2 style=\"text-align: center;\">Videos de mantenimiento<\/h2>\n<p>[\/vc_column_text][vc_separator][vc_column_text css=\u00bb\u00bb][\/vc_column_text][\/vc_column_inner][\/vc_row_inner][vc_row_inner][vc_column_inner][vc_empty_space][\/vc_column_inner][\/vc_row_inner][vc_separator][vc_empty_space][vc_row_inner][vc_column_inner][vc_empty_space][\/vc_column_inner][\/vc_row_inner][vc_text_separator title=\u00bbBIBLIOTECA DE RECURSOS\u00bb color=\u00bbcustom\u00bb accent_color=\u00bb#c92e2e\u00bb][vc_row_inner][vc_column_inner width=\u00bb1\/3&#8243;][vc_hoverbox image=\u00bb15999&#8243; primary_title=\u00bbLABORATORIO DE IyD DE GK\u00bb primary_title_font_container=\u00bbcolor:%23ffffff\u00bb primary_title_use_theme_fonts=\u00bbyes\u00bb hover_title=\u00bbLABORATORIO DE IyD DE GK\u00bb hover_title_font_container=\u00bbcolor:%23ffffff\u00bb hover_title_use_theme_fonts=\u00bbyes\u00bb shape=\u00bbsquare\u00bb hover_background_color=\u00bbcustom\u00bb el_width=\u00bb80&#8243; hover_btn_title=\u00bbVer la p\u00e1gina\u00bb hover_btn_style=\u00bb3d\u00bb use_custom_fonts_primary_title=\u00bbtrue\u00bb use_custom_fonts_hover_title=\u00bbtrue\u00bb hover_add_button=\u00bbtrue\u00bb hover_btn_link=\u00bburl:https%3A%2F%2Fwww.generalkinematics.com%2Fes%2Fgk-rd-lab%2F|\u00bb hover_custom_background=\u00bb#c1272d\u00bb][\/vc_hoverbox][\/vc_column_inner][vc_column_inner width=\u00bb1\/3&#8243;][vc_hoverbox image=\u00bb33904&#8243; primary_title=\u00bbCONTROL DE EQUIPOS\u00bb primary_title_font_container=\u00bbcolor:%23ffffff\u00bb primary_title_use_theme_fonts=\u00bbyes\u00bb hover_title=\u00bbCONTROL DE EQUIPOS\u00bb hover_title_font_container=\u00bbcolor:%23ffffff\u00bb hover_title_use_theme_fonts=\u00bbyes\u00bb shape=\u00bbsquare\u00bb hover_background_color=\u00bbcustom\u00bb el_width=\u00bb80&#8243; hover_btn_title=\u00bbVer la p\u00e1gina\u00bb hover_btn_style=\u00bb3d\u00bb use_custom_fonts_primary_title=\u00bbtrue\u00bb use_custom_fonts_hover_title=\u00bbtrue\u00bb hover_add_button=\u00bbtrue\u00bb hover_btn_link=\u00bburl:https%3A%2F%2Fwww.generalkinematics.com%2Fes%2Fcategoria-producto%2Fgkparts-com-es%2Fcontroles-y-monitoreo%2F|||\u00bb hover_custom_background=\u00bb#c1272d\u00bb][\/vc_hoverbox][\/vc_column_inner][vc_column_inner width=\u00bb1\/3&#8243;][vc_hoverbox image=\u00bb33898&#8243; primary_title=\u00bbVENTAJAS DE LA TRANSMISI\u00d3N DE LA CINTA TRANSPORTADORA SYNCRO-COIL DE GK\u00bb primary_title_font_container=\u00bbcolor:%23ffffff\u00bb primary_title_use_theme_fonts=\u00bbyes\u00bb hover_title=\u00bbVENTAJAS DE LA TRANSMISI\u00d3N DE LA CINTA TRANSPORTADORA SYNCRO-COIL DE GK\u00bb hover_title_font_container=\u00bbcolor:%23ffffff\u00bb hover_title_use_theme_fonts=\u00bbyes\u00bb shape=\u00bbsquare\u00bb hover_background_color=\u00bbcustom\u00bb el_width=\u00bb80&#8243; hover_btn_title=\u00bbVer la p\u00e1gina\u00bb hover_btn_style=\u00bb3d\u00bb use_custom_fonts_primary_title=\u00bbtrue\u00bb use_custom_fonts_hover_title=\u00bbtrue\u00bb hover_add_button=\u00bbtrue\u00bb hover_btn_link=\u00bburl:https%3A%2F%2Fwww.generalkinematics.com%2Fes%2Ftransmisiones-de-resorte-de-bobina-syncro-cushion-lo-que-sucede-en-gk%2F|\u00bb hover_custom_background=\u00bb#c1272d\u00bb][\/vc_hoverbox][\/vc_column_inner][\/vc_row_inner][vc_row_inner][vc_column_inner][vc_empty_space][\/vc_column_inner][\/vc_row_inner][vc_row_inner][vc_column_inner width=\u00bb1\/3&#8243;][vc_hoverbox image=\u00bb31528&#8243; primary_title=\u00bbEXPLICACI\u00d3N DE LAS MANERAS DE BALANCEO DE LAS CINTAS TRANSPORTADORAS DE GK\u00bb primary_title_font_container=\u00bbcolor:%23ffffff\u00bb primary_title_use_theme_fonts=\u00bbyes\u00bb hover_title=\u00bbEXPLICACI\u00d3N DE LAS MANERAS DE BALANCEO DE LAS CINTAS TRANSPORTADORAS DE GK\u00bb hover_title_font_container=\u00bbfont_size:20|color:%23ffffff\u00bb hover_title_use_theme_fonts=\u00bbyes\u00bb shape=\u00bbsquare\u00bb hover_background_color=\u00bbcustom\u00bb el_width=\u00bb80&#8243; hover_btn_title=\u00bbVer la p\u00e1gina\u00bb hover_btn_style=\u00bb3d\u00bb use_custom_fonts_primary_title=\u00bbtrue\u00bb use_custom_fonts_hover_title=\u00bbtrue\u00bb hover_add_button=\u00bbtrue\u00bb hover_custom_background=\u00bb#c1272d\u00bb hover_btn_link=\u00bburl:https%3A%2F%2Fwww.generalkinematics.com%2Fes%2Fcentro-tecnico%2Fbalanceo-vibratorio%2F|||\u00bb primary_title_link=\u00bb|||\u00bb][\/vc_hoverbox][\/vc_column_inner][vc_column_inner width=\u00bb1\/3&#8243;][vc_hoverbox image=\u00bb14236&#8243; primary_title=\u00bbCONSEJOS PARA INICIAR EN EL RECICLAJE\u00bb primary_title_font_container=\u00bbcolor:%23ffffff\u00bb primary_title_use_theme_fonts=\u00bbyes\u00bb hover_title=\u00bbCONSEJOS PARA INICIAR EN EL RECICLAJE\u00bb hover_title_font_container=\u00bbfont_size:20|color:%23ffffff\u00bb hover_title_use_theme_fonts=\u00bbyes\u00bb shape=\u00bbsquare\u00bb hover_background_color=\u00bbcustom\u00bb el_width=\u00bb80&#8243; hover_btn_title=\u00bbVer la p\u00e1gina\u00bb hover_btn_style=\u00bb3d\u00bb use_custom_fonts_primary_title=\u00bbtrue\u00bb use_custom_fonts_hover_title=\u00bbtrue\u00bb hover_add_button=\u00bbtrue\u00bb hover_custom_background=\u00bb#c1272d\u00bb hover_btn_link=\u00bburl:https%3A%2F%2Fwww.generalkinematics.com%2Fes%2Fconsejos-para-iniciar-un-centro-de-reciclaje-que-sucede-en-gk%2F|\u00bb primary_title_link=\u00bb|||\u00bb][\/vc_hoverbox][\/vc_column_inner][vc_column_inner width=\u00bb1\/3&#8243;][vc_hoverbox image=\u00bb11988&#8243; primary_title=\u00bbSELECTOR DE DESMOLDEADORA DE GK\u00bb primary_title_font_container=\u00bbcolor:%23ffffff\u00bb primary_title_use_theme_fonts=\u00bbyes\u00bb hover_title=\u00bbSELECTOR DE DESMOLDEADORA DE GK\u00bb hover_title_font_container=\u00bbfont_size:20|color:%23ffffff\u00bb hover_title_use_theme_fonts=\u00bbyes\u00bb shape=\u00bbsquare\u00bb hover_background_color=\u00bbcustom\u00bb el_width=\u00bb80&#8243; hover_btn_title=\u00bbVer la p\u00e1gina\u00bb hover_btn_style=\u00bb3d\u00bb use_custom_fonts_primary_title=\u00bbtrue\u00bb use_custom_fonts_hover_title=\u00bbtrue\u00bb hover_add_button=\u00bbtrue\u00bb hover_custom_background=\u00bb#c1272d\u00bb hover_btn_link=\u00bburl:https%3A%2F%2Fwww.generalkinematics.com%2Fes%2Fsoluciones-de-fundicion-y-metalcasting%2Fselector-de-desmoldeadoras-de-fundicion%2F|||\u00bb][\/vc_hoverbox][\/vc_column_inner][\/vc_row_inner][vc_row_inner][vc_column_inner][vc_empty_space][\/vc_column_inner][\/vc_row_inner][vc_row_inner][vc_column_inner width=\u00bb1\/3&#8243;][vc_hoverbox image=\u00bb14145&#8243; primary_title=\u00bbSEPARACI\u00d3N POR DENSIDAD: \u00bfPOR QU\u00c9 EL AIRE ES MEJOR QUE EL AGUA?\u00bb primary_title_font_container=\u00bbcolor:%23ffffff\u00bb primary_title_use_theme_fonts=\u00bbyes\u00bb hover_title=\u00bbSEPARACI\u00d3N POR DENSIDAD: \u00bfPOR QU\u00c9 EL AIRE ES MEJOR QUE EL AGUA?\u00bb hover_title_font_container=\u00bbfont_size:20|color:%23ffffff\u00bb hover_title_use_theme_fonts=\u00bbyes\u00bb shape=\u00bbsquare\u00bb hover_background_color=\u00bbcustom\u00bb el_width=\u00bb80&#8243; hover_btn_title=\u00bbVer la p\u00e1gina\u00bb hover_btn_style=\u00bb3d\u00bb use_custom_fonts_primary_title=\u00bbtrue\u00bb use_custom_fonts_hover_title=\u00bbtrue\u00bb hover_add_button=\u00bbtrue\u00bb hover_custom_background=\u00bb#c1272d\u00bb hover_btn_link=\u00bburl:https%3A%2F%2Fgreenhatgk-wpengine.netdna-ssl.com%2Fwp-content%2Fuploads%2Ftechdocs%2Fdestoner.pdf|\u00bb][\/vc_hoverbox][\/vc_column_inner][vc_column_inner width=\u00bb1\/3&#8243;][vc_hoverbox image=\u00bb12467&#8243; primary_title=\u00bbTAMBORES VIBRATORIOS VS. ROTATORIOS \u00bfCU\u00c1L ES EL MEJOR?\u00bb primary_title_font_container=\u00bbcolor:%23ffffff\u00bb primary_title_use_theme_fonts=\u00bbyes\u00bb hover_title=\u00bbTAMBORES VIBRATORIOS VS. ROTATORIOS \u00bfCU\u00c1L ES EL MEJOR?\u00bb hover_title_font_container=\u00bbfont_size:20|color:%23ffffff\u00bb hover_title_google_fonts=\u00bbfont_family:Lato%3A100%2C100italic%2C300%2C300italic%2Cregular%2Citalic%2C700%2C700italic%2C900%2C900italic|font_style:900%20bold%20regular%3A900%3Anormal\u00bb shape=\u00bbsquare\u00bb hover_background_color=\u00bbcustom\u00bb el_width=\u00bb80&#8243; hover_btn_title=\u00bbVer la p\u00e1gina\u00bb hover_btn_style=\u00bb3d\u00bb use_custom_fonts_primary_title=\u00bbtrue\u00bb use_custom_fonts_hover_title=\u00bbtrue\u00bb hover_add_button=\u00bbtrue\u00bb hover_custom_background=\u00bb#c1272d\u00bb hover_btn_link=\u00bburl:https%3A%2F%2Fgreenhatgk-wpengine.netdna-ssl.com%2Fwp-content%2Fuploads%2Ftechdocs%2Frvvdrumtech.pdf|\u00bb][\/vc_hoverbox][\/vc_column_inner][vc_column_inner width=\u00bb1\/3&#8243;][vc_hoverbox image=\u00bb12788&#8243; primary_title=\u00bb\u00bfQU\u00c9 ES LA TECNOLOG\u00cdA VIBRATORIA DE DOBLE MASA?\u00bb primary_title_font_container=\u00bbcolor:%23ffffff\u00bb primary_title_use_theme_fonts=\u00bbyes\u00bb hover_title=\u00bb\u00bfQU\u00c9 ES LA TECNOLOG\u00cdA VIBRATORIA DE DOBLE MASA?\u00bb hover_title_font_container=\u00bbfont_size:20|color:%23ffffff\u00bb hover_title_use_theme_fonts=\u00bbyes\u00bb shape=\u00bbsquare\u00bb hover_background_color=\u00bbcustom\u00bb el_width=\u00bb80&#8243; hover_btn_title=\u00bbVer la p\u00e1gina\u00bb hover_btn_style=\u00bb3d\u00bb use_custom_fonts_primary_title=\u00bbtrue\u00bb use_custom_fonts_hover_title=\u00bbtrue\u00bb hover_add_button=\u00bbtrue\u00bb hover_custom_background=\u00bb#c1272d\u00bb hover_btn_link=\u00bburl:https%3A%2F%2Fwww.generalkinematics.com%2Fes%2Fventaja-de-la-doble-masa-de-gk%2F|\u00bb primary_title_link=\u00bb|||\u00bb][\/vc_hoverbox][\/vc_column_inner][\/vc_row_inner][vc_row_inner][vc_column_inner][vc_empty_space][\/vc_column_inner][\/vc_row_inner][vc_row_inner][vc_column_inner width=\u00bb1\/3&#8243;][vc_hoverbox image=\u00bb13164&#8243; primary_title=\u00bbPRUEBA DE COMPARACI\u00d3N DE LOS BUJES DE GK\u00bb primary_title_font_container=\u00bbcolor:%23ffffff\u00bb primary_title_use_theme_fonts=\u00bbyes\u00bb hover_title=\u00bbPRUEBA DE COMPARACI\u00d3N DE LOS BUJES DE GK\u00bb hover_title_font_container=\u00bbfont_size:20|color:%23ffffff\u00bb hover_title_use_theme_fonts=\u00bbyes\u00bb shape=\u00bbsquare\u00bb hover_background_color=\u00bbcustom\u00bb el_width=\u00bb80&#8243; hover_btn_title=\u00bbVer la p\u00e1gina\u00bb hover_btn_style=\u00bb3d\u00bb use_custom_fonts_primary_title=\u00bbtrue\u00bb use_custom_fonts_hover_title=\u00bbtrue\u00bb hover_add_button=\u00bbtrue\u00bb hover_custom_background=\u00bb#c1272d\u00bb hover_btn_link=\u00bburl:https%3A%2F%2Fwww.generalkinematics.com%2Fes%2Fblog%2Fen-vivo-desde-el-laboratorio-prueba-de-vida-util-de-los-bujes-del-estabilizador%2F|\u00bb][\/vc_hoverbox][\/vc_column_inner][vc_column_inner width=\u00bb1\/3&#8243;][vc_hoverbox image=\u00bb6538&#8243; primary_title=\u00bbVENTAJAS DEL ESTABILIZADOR DE ALUMINIO\u00bb primary_title_font_container=\u00bbcolor:%23ffffff\u00bb primary_title_use_theme_fonts=\u00bbyes\u00bb hover_title=\u00bbVENTAJAS DEL ESTABILIZADOR DE ALUMINIO\u00bb hover_title_font_container=\u00bbfont_size:20|color:%23ffffff\u00bb hover_title_use_theme_fonts=\u00bbyes\u00bb shape=\u00bbsquare\u00bb hover_background_color=\u00bbcustom\u00bb el_width=\u00bb80&#8243; hover_btn_title=\u00bbVer la p\u00e1gina\u00bb hover_btn_style=\u00bb3d\u00bb use_custom_fonts_primary_title=\u00bbtrue\u00bb use_custom_fonts_hover_title=\u00bbtrue\u00bb hover_add_button=\u00bbtrue\u00bb hover_custom_background=\u00bb#c1272d\u00bb hover_btn_link=\u00bburl:https%3A%2F%2Fwww.generalkinematics.com%2Fes%2Fproducto%2Festabilizadores-patas-de-balancin-de-aluminio-y-calidad-premium-de-general-kinematics%2F|||\u00bb primary_title_link=\u00bb|||\u00bb][\/vc_hoverbox][\/vc_column_inner][vc_column_inner width=\u00bb1\/3&#8243;][vc_hoverbox image=\u00bb12748&#8243; primary_title=\u00bbBIBLIOTECA DE RECURSOS DEL ALIMENTADOR PARA-MOUNT\u00ae\u00bb primary_title_font_container=\u00bbcolor:%23ffffff\u00bb primary_title_use_theme_fonts=\u00bbyes\u00bb hover_title=\u00bbBIBLIOTECA DE RECURSOS DEL ALIMENTADOR PARA-MOUNT\u00ae\u00bb hover_title_font_container=\u00bbfont_size:20|color:%23ffffff\u00bb hover_title_use_theme_fonts=\u00bbyes\u00bb shape=\u00bbsquare\u00bb hover_background_color=\u00bbcustom\u00bb el_width=\u00bb80&#8243; hover_btn_title=\u00bbVer la p\u00e1gina\u00bb hover_btn_style=\u00bb3d\u00bb use_custom_fonts_primary_title=\u00bbtrue\u00bb use_custom_fonts_hover_title=\u00bbtrue\u00bb hover_add_button=\u00bbtrue\u00bb hover_custom_background=\u00bb#c1272d\u00bb hover_btn_link=\u00bburl:%2F%3Fp%3D14405|\u00bb][\/vc_hoverbox][\/vc_column_inner][\/vc_row_inner][vc_empty_space][vc_separator][\/vc_column][\/vc_row]<\/p>\n<\/div>","protected":false},"excerpt":{"rendered":"<p>[vc_row][vc_column][vc_column_text] Ponga a trabajar la experiencia y los conocimientos de GK para mejorar sus procesos. Desde materiales microm\u00e9tricos hasta grandes piezas fundidas y agregados, General Kinematics tiene la experiencia y habilidad para resolver los retos que plantean procesos complejos. El Centro t\u00e9cnico de GK le facilita el acceso a una parte de esta base de [&hellip;]<\/p>\n","protected":false},"author":5,"featured_media":0,"parent":0,"menu_order":3,"comment_status":"closed","ping_status":"closed","template":"page-templates\/page-full-width.php","meta":{"_acf_changed":false,"om_disable_all_campaigns":false,"ep_exclude_from_search":false,"footnotes":""},"class_list":["post-43586","page","type-page","status-publish","hentry"],"acf":[],"yoast_head":"<!-- This site is optimized with the Yoast SEO plugin v27.2 - https:\/\/yoast.com\/product\/yoast-seo-wordpress\/ -->\n<title>Servicios de mantenimiento industrial | General Kinematics<\/title>\n<meta name=\"description\" content=\"Aproveche la dilatada experiencia de nuestros servicios de mantenimiento industrial para resolver desaf\u00edos. Acceda al portal de soporte t\u00e9cnico industrial de General Kinematics.\" \/>\n<meta name=\"robots\" content=\"index, follow, max-snippet:-1, max-image-preview:large, max-video-preview:-1\" \/>\n<link rel=\"canonical\" href=\"https:\/\/www.generalkinematics.com\/es\/centro-tecnico\/\" \/>\n<meta property=\"og:locale\" content=\"es_ES\" \/>\n<meta property=\"og:type\" content=\"article\" \/>\n<meta property=\"og:title\" content=\"Servicios de mantenimiento industrial | General Kinematics\" \/>\n<meta property=\"og:description\" content=\"Aproveche la dilatada experiencia de nuestros servicios de mantenimiento industrial para resolver desaf\u00edos. Acceda al portal de soporte t\u00e9cnico industrial de General Kinematics.\" \/>\n<meta property=\"og:url\" content=\"https:\/\/www.generalkinematics.com\/es\/centro-tecnico\/\" \/>\n<meta property=\"og:site_name\" content=\"General Kinematics\" \/>\n<meta property=\"article:publisher\" content=\"https:\/\/www.facebook.com\/generalkinematics\" \/>\n<meta property=\"article:modified_time\" content=\"2024-12-06T16:54:03+00:00\" \/>\n<meta property=\"og:image\" content=\"https:\/\/media.generalkinematics.com\/wp-content\/uploads\/2017\/07\/GK-Icon.png\" \/>\n\t<meta property=\"og:image:width\" content=\"3000\" \/>\n\t<meta property=\"og:image:height\" content=\"3000\" \/>\n\t<meta property=\"og:image:type\" content=\"image\/jpeg\" \/>\n<meta name=\"twitter:card\" content=\"summary_large_image\" \/>\n<meta name=\"twitter:site\" content=\"@gkvibrating\" \/>\n<meta name=\"twitter:label1\" content=\"Tiempo de lectura\" \/>\n\t<meta name=\"twitter:data1\" content=\"5 minutos\" \/>\n<!-- \/ Yoast SEO plugin. -->","yoast_head_json":{"title":"Servicios de mantenimiento industrial | General Kinematics","description":"Aproveche la dilatada experiencia de nuestros servicios de mantenimiento industrial para resolver desaf\u00edos. Acceda al portal de soporte t\u00e9cnico industrial de General Kinematics.","robots":{"index":"index","follow":"follow","max-snippet":"max-snippet:-1","max-image-preview":"max-image-preview:large","max-video-preview":"max-video-preview:-1"},"canonical":"https:\/\/www.generalkinematics.com\/es\/centro-tecnico\/","og_locale":"es_ES","og_type":"article","og_title":"Servicios de mantenimiento industrial | General Kinematics","og_description":"Aproveche la dilatada experiencia de nuestros servicios de mantenimiento industrial para resolver desaf\u00edos. Acceda al portal de soporte t\u00e9cnico industrial de General Kinematics.","og_url":"https:\/\/www.generalkinematics.com\/es\/centro-tecnico\/","og_site_name":"General Kinematics","article_publisher":"https:\/\/www.facebook.com\/generalkinematics","article_modified_time":"2024-12-06T16:54:03+00:00","og_image":[{"width":3000,"height":3000,"url":"https:\/\/media.generalkinematics.com\/wp-content\/uploads\/2017\/07\/GK-Icon.png","type":"image\/jpeg"}],"twitter_card":"summary_large_image","twitter_site":"@gkvibrating","twitter_misc":{"Tiempo de lectura":"5 minutos"},"schema":{"@context":"https:\/\/schema.org","@graph":[{"@type":"WebPage","@id":"https:\/\/www.generalkinematics.com\/es\/centro-tecnico\/","url":"https:\/\/www.generalkinematics.com\/es\/centro-tecnico\/","name":"Servicios de mantenimiento industrial | General Kinematics","isPartOf":{"@id":"https:\/\/www.generalkinematics.com\/es\/#website"},"datePublished":"2012-12-14T11:38:59+00:00","dateModified":"2024-12-06T16:54:03+00:00","description":"Aproveche la dilatada experiencia de nuestros servicios de mantenimiento industrial para resolver desaf\u00edos. Acceda al portal de soporte t\u00e9cnico industrial de General Kinematics.","breadcrumb":{"@id":"https:\/\/www.generalkinematics.com\/es\/centro-tecnico\/#breadcrumb"},"inLanguage":"es","potentialAction":[{"@type":"ReadAction","target":["https:\/\/www.generalkinematics.com\/es\/centro-tecnico\/"]}]},{"@type":"BreadcrumbList","@id":"https:\/\/www.generalkinematics.com\/es\/centro-tecnico\/#breadcrumb","itemListElement":[{"@type":"ListItem","position":1,"name":"GK Home","item":"https:\/\/www.generalkinematics.com\/es\/"},{"@type":"ListItem","position":2,"name":"Centro t\u00e9cnico de GK"}]},{"@type":"WebSite","@id":"https:\/\/www.generalkinematics.com\/es\/#website","url":"https:\/\/www.generalkinematics.com\/es\/","name":"General Kinematics","description":"","publisher":{"@id":"https:\/\/www.generalkinematics.com\/es\/#organization"},"potentialAction":[{"@type":"SearchAction","target":{"@type":"EntryPoint","urlTemplate":"https:\/\/www.generalkinematics.com\/es\/?s={search_term_string}"},"query-input":{"@type":"PropertyValueSpecification","valueRequired":true,"valueName":"search_term_string"}}],"inLanguage":"es"},{"@type":"Organization","@id":"https:\/\/www.generalkinematics.com\/es\/#organization","name":"General Kinematics","url":"https:\/\/www.generalkinematics.com\/es\/","logo":{"@type":"ImageObject","inLanguage":"es","@id":"https:\/\/www.generalkinematics.com\/es\/#\/schema\/logo\/image\/","url":"https:\/\/media.generalkinematics.com\/wp-content\/uploads\/2018\/03\/logo.png","contentUrl":"https:\/\/media.generalkinematics.com\/wp-content\/uploads\/2018\/03\/logo.png","width":313,"height":100,"caption":"General Kinematics"},"image":{"@id":"https:\/\/www.generalkinematics.com\/es\/#\/schema\/logo\/image\/"},"sameAs":["https:\/\/www.facebook.com\/generalkinematics","https:\/\/x.com\/gkvibrating"]}]}},"_links":{"self":[{"href":"https:\/\/www.generalkinematics.com\/es\/wp-json\/wp\/v2\/pages\/43586","targetHints":{"allow":["GET"]}}],"collection":[{"href":"https:\/\/www.generalkinematics.com\/es\/wp-json\/wp\/v2\/pages"}],"about":[{"href":"https:\/\/www.generalkinematics.com\/es\/wp-json\/wp\/v2\/types\/page"}],"author":[{"embeddable":true,"href":"https:\/\/www.generalkinematics.com\/es\/wp-json\/wp\/v2\/users\/5"}],"replies":[{"embeddable":true,"href":"https:\/\/www.generalkinematics.com\/es\/wp-json\/wp\/v2\/comments?post=43586"}],"version-history":[{"count":0,"href":"https:\/\/www.generalkinematics.com\/es\/wp-json\/wp\/v2\/pages\/43586\/revisions"}],"wp:attachment":[{"href":"https:\/\/www.generalkinematics.com\/es\/wp-json\/wp\/v2\/media?parent=43586"}],"curies":[{"name":"wp","href":"https:\/\/api.w.org\/{rel}","templated":true}]}}