{"id":43951,"date":"2017-12-01T09:41:17","date_gmt":"2017-12-01T15:41:17","guid":{"rendered":"https:\/\/www.generalkinematics.com\/die-casting-scrap-solutions\/"},"modified":"2018-10-01T09:37:22","modified_gmt":"2018-10-01T14:37:22","slug":"soluciones-de-fundicion-de-chatarra-a-presion","status":"publish","type":"page","link":"https:\/\/www.generalkinematics.com\/es\/soluciones-de-fundicion-de-chatarra-a-presion\/","title":{"rendered":"Soluciones de fundici\u00f3n de chatarra a presi\u00f3n"},"content":{"rendered":"<div class=\"wpb-content-wrapper\"><p>[vc_row][vc_column parallax=\u00bbcontent-moving\u00bb parallax_image=\u00bb33094&#8243;][vc_column_text css=\u00bb.vc_custom_1511793782624{padding-top: 100px !important;padding-bottom: 100px !important;}\u00bb]<\/p>\n<h2 style=\"text-align: center;\"><span style=\"color: #fff;\">ELIJA LA MEJOR CINTA TRANSPORTADORA Y ALIMENTADOR<br \/>\nPARA SU CENTRO DE FUNDICI\u00d3N DE METALES<\/span><\/h2>\n<p>[\/vc_column_text][\/vc_column][\/vc_row][vc_row][vc_column][vc_separator color=\u00bbcustom\u00bb style=\u00bbdouble\u00bb accent_color=\u00bb#b32b3c\u00bb css=\u00bb.vc_custom_1511402364659{margin-top: 25px !important;}\u00bb][\/vc_column][\/vc_row][vc_row][vc_column width=\u00bb1\/4&#8243;][vc_single_image image=\u00bb11964&#8243; alignment=\u00bbcenter\u00bb onclick=\u00bbcustom_link\u00bb link=\u00bbhttps:\/\/www.generalkinematics.com\/product\/v-trough-vibratory-inclined-conveyors\/\u00bb][\/vc_column][vc_column width=\u00bb3\/4&#8243;][vc_column_text]<\/p>\n<h3><a href=\"https:\/\/www.generalkinematics.com\/es\/producto\/v-trough-cintas-transportadoras-inclinadas-vibratorias\/\">V-TROUGH\u00ae \u2013 Cintas transportadoras inclinadas vibratorias<\/a><\/h3>\n<p>Las cintas transportadoras inclinadas V-TROUGH\u00ae de General Kinematics est\u00e1n dise\u00f1adas para elevar su producto sin los problemas inherentes de las bandas met\u00e1licas y otros productos de elevaci\u00f3n. Las unidades V-TROUGH\u00ae se basan en los dise\u00f1os comprobados de las cintas transportadoras de GK, con caracter\u00edsticas \u00fanicas como nuestro sistema de transmisi\u00f3n vibratoria PARA-MOUNT II\u00ae y est\u00e1n disponibles en varias opciones de balanceo para satisfacer de la mejor forma las necesidades de su proceso.[\/vc_column_text][\/vc_column][\/vc_row][vc_row][vc_column width=\u00bb1\/4&#8243;][vc_single_image image=\u00bb11955&#8243; alignment=\u00bbcenter\u00bb onclick=\u00bbcustom_link\u00bb link=\u00bbhttps:\/\/www.generalkinematics.com\/product\/trenchveyor\/\u00bb][\/vc_column][vc_column width=\u00bb3\/4&#8243;][vc_column_text]<\/p>\n<h3><a href=\"https:\/\/www.generalkinematics.com\/es\/producto\/trenchveyor\/\">TRENCHVEYOR\u2122<\/a><\/h3>\n<p>La cinta transportadora vibratoria montada sobre una zanja TRENCHVEYOR\u2122 de General Kinematics est\u00e1 dise\u00f1ada para reducir el tama\u00f1o del foso y los problemas de mantenimiento. Toda la maquinaria est\u00e1 emplazada sobre la bandeja vibratoria, con los componentes de la transmisi\u00f3n montados sobre el suelo para facilitar el acceso. Cada cinta transportadora vibratoria TRENCHVEYOR\u2122 est\u00e1 dise\u00f1ada a la medida del cliente conforme a su aplicaci\u00f3n, con opciones como revestimientos reemplazables antiadherentes o resistentes a la abrasi\u00f3n. La cinta transportadora TRENCHVEYOR\u2122 tambi\u00e9n puede dise\u00f1arse con opciones de inclinaci\u00f3n o declinaci\u00f3n, para proporcionar m\u00e1s flexibilidad a la hora de dise\u00f1ar su proceso.[\/vc_column_text][\/vc_column][\/vc_row][vc_row][vc_column width=\u00bb1\/4&#8243;][vc_single_image image=\u00bb11733&#8243; alignment=\u00bbcenter\u00bb onclick=\u00bbcustom_link\u00bb link=\u00bbhttps:\/\/www.generalkinematics.com\/product\/bi-directional-feeder\/\u00bb][\/vc_column][vc_column width=\u00bb3\/4&#8243;][vc_column_text]<\/p>\n<h3><a href=\"https:\/\/www.generalkinematics.com\/es\/producto\/alimentadores-vibratorios-two-way\/\">Alimentadores vibratorios TWO-WAY\u2122<\/a><\/h3>\n<p>Los alimentadores vibratorios TWO-WAY\u2122 de General Kinematics permiten acceder a una amplia variedad de posibilidades de procesamiento. La cinta transportadora bidireccional TWO-WAY\u2122 le permite alternar el flujo de material para el procesamiento multidireccional de productos, para el rechazo del producto en mal estado, o cualquier otro proceso que pueda necesitar transporte multidireccional desde una sola unidad. El recorrido completamente horizontal de las unidades, mezcla el material sin ning\u00fan impacto y con una reducci\u00f3n importante en lo que respecta al ruido. Disponibles con dise\u00f1o recto y el novedoso dise\u00f1o curvo bidireccional.[\/vc_column_text][\/vc_column][\/vc_row][vc_row][vc_column width=\u00bb1\/4&#8243;][vc_single_image image=\u00bb14099&#8243; alignment=\u00bbcenter\u00bb onclick=\u00bbcustom_link\u00bb link=\u00bbhttps:\/\/www.generalkinematics.com\/product\/vibrating-feeder\/\u00bb][\/vc_column][vc_column width=\u00bb3\/4&#8243;][vc_column_text]<\/p>\n<h3><a href=\"https:\/\/www.generalkinematics.com\/es\/producto\/alimentadores-vibratorios\/\">Alimentadores vibratorios PARA-MOUNT II\u00ae<\/a><\/h3>\n<p>Su desempe\u00f1o comprobado y el funcionamiento libre de mantenimiento hacen de los alimentadores vibratorios PARA-MOUNT II\u00ae la primera elecci\u00f3n de alimentadores vibratorios para las aplicaciones m\u00e1s exigentes. Ofrecen una mayor capacidad de alimentaci\u00f3n, reducci\u00f3n de los costos de energ\u00eda, confiabilidad excepcional y facilidad de mantenimiento.[\/vc_column_text][\/vc_column][\/vc_row]<\/p>\n<\/div>","protected":false},"excerpt":{"rendered":"<p>[vc_row][vc_column parallax=\u00bbcontent-moving\u00bb parallax_image=\u00bb33094&#8243;][vc_column_text css=\u00bb.vc_custom_1511793782624{padding-top: 100px !important;padding-bottom: 100px !important;}\u00bb] ELIJA LA MEJOR CINTA TRANSPORTADORA Y ALIMENTADOR PARA SU CENTRO DE FUNDICI\u00d3N DE METALES [\/vc_column_text][\/vc_column][\/vc_row][vc_row][vc_column][vc_separator color=\u00bbcustom\u00bb style=\u00bbdouble\u00bb accent_color=\u00bb#b32b3c\u00bb css=\u00bb.vc_custom_1511402364659{margin-top: 25px !important;}\u00bb][\/vc_column][\/vc_row][vc_row][vc_column width=\u00bb1\/4&#8243;][vc_single_image image=\u00bb11964&#8243; alignment=\u00bbcenter\u00bb onclick=\u00bbcustom_link\u00bb link=\u00bbhttps:\/\/www.generalkinematics.com\/product\/v-trough-vibratory-inclined-conveyors\/\u00bb][\/vc_column][vc_column width=\u00bb3\/4&#8243;][vc_column_text] V-TROUGH\u00ae \u2013 Cintas transportadoras inclinadas vibratorias Las cintas transportadoras inclinadas V-TROUGH\u00ae de General Kinematics est\u00e1n dise\u00f1adas para elevar su producto [&hellip;]<\/p>\n","protected":false},"author":5,"featured_media":23624,"parent":0,"menu_order":0,"comment_status":"closed","ping_status":"closed","template":"page-templates\/page-full-width.php","meta":{"_acf_changed":false,"om_disable_all_campaigns":false,"ep_exclude_from_search":false,"footnotes":""},"class_list":["post-43951","page","type-page","status-publish","has-post-thumbnail","hentry"],"acf":[],"yoast_head":"<!-- This site is optimized with the Yoast SEO plugin v27.2 - https:\/\/yoast.com\/product\/yoast-seo-wordpress\/ -->\n<title>Fundici\u00f3n a presi\u00f3n de chatarra | General Kinematics<\/title>\n<meta name=\"description\" content=\"Explore la excelente gama de equipos para fundici\u00f3n a presi\u00f3n disponible en General Kinematics. Elija ahora el m\u00e1s adecuado transportador y alimentador para su instalaci\u00f3n de fundici\u00f3n de chatarra.\" \/>\n<meta name=\"robots\" content=\"index, follow, max-snippet:-1, max-image-preview:large, max-video-preview:-1\" \/>\n<link rel=\"canonical\" href=\"https:\/\/www.generalkinematics.com\/es\/soluciones-de-fundicion-de-chatarra-a-presion\/\" \/>\n<meta property=\"og:locale\" content=\"es_ES\" \/>\n<meta property=\"og:type\" content=\"article\" \/>\n<meta property=\"og:title\" content=\"Fundici\u00f3n a presi\u00f3n de chatarra | General Kinematics\" \/>\n<meta property=\"og:description\" content=\"Explore la excelente gama de equipos para fundici\u00f3n a presi\u00f3n disponible en General Kinematics. Elija ahora el m\u00e1s adecuado transportador y alimentador para su instalaci\u00f3n de fundici\u00f3n de chatarra.\" \/>\n<meta property=\"og:url\" content=\"https:\/\/www.generalkinematics.com\/es\/soluciones-de-fundicion-de-chatarra-a-presion\/\" \/>\n<meta property=\"og:site_name\" content=\"General Kinematics\" \/>\n<meta property=\"article:publisher\" content=\"https:\/\/www.facebook.com\/generalkinematics\" \/>\n<meta property=\"article:modified_time\" content=\"2018-10-01T14:37:22+00:00\" \/>\n<meta property=\"og:image\" content=\"https:\/\/www.generalkinematics.com\/wp-content\/uploads\/2015\/05\/scan00102.jpg\" \/>\n\t<meta property=\"og:image:width\" content=\"2146\" \/>\n\t<meta property=\"og:image:height\" content=\"1607\" \/>\n\t<meta property=\"og:image:type\" content=\"image\/jpeg\" \/>\n<meta name=\"twitter:card\" content=\"summary_large_image\" \/>\n<meta name=\"twitter:site\" content=\"@gkvibrating\" \/>\n<meta name=\"twitter:label1\" content=\"Tiempo de lectura\" \/>\n\t<meta name=\"twitter:data1\" content=\"3 minutos\" \/>\n<!-- \/ Yoast SEO plugin. -->","yoast_head_json":{"title":"Fundici\u00f3n a presi\u00f3n de chatarra | General Kinematics","description":"Explore la excelente gama de equipos para fundici\u00f3n a presi\u00f3n disponible en General Kinematics. Elija ahora el m\u00e1s adecuado transportador y alimentador para su instalaci\u00f3n de fundici\u00f3n de chatarra.","robots":{"index":"index","follow":"follow","max-snippet":"max-snippet:-1","max-image-preview":"max-image-preview:large","max-video-preview":"max-video-preview:-1"},"canonical":"https:\/\/www.generalkinematics.com\/es\/soluciones-de-fundicion-de-chatarra-a-presion\/","og_locale":"es_ES","og_type":"article","og_title":"Fundici\u00f3n a presi\u00f3n de chatarra | General Kinematics","og_description":"Explore la excelente gama de equipos para fundici\u00f3n a presi\u00f3n disponible en General Kinematics. Elija ahora el m\u00e1s adecuado transportador y alimentador para su instalaci\u00f3n de fundici\u00f3n de chatarra.","og_url":"https:\/\/www.generalkinematics.com\/es\/soluciones-de-fundicion-de-chatarra-a-presion\/","og_site_name":"General Kinematics","article_publisher":"https:\/\/www.facebook.com\/generalkinematics","article_modified_time":"2018-10-01T14:37:22+00:00","og_image":[{"width":2146,"height":1607,"url":"https:\/\/www.generalkinematics.com\/wp-content\/uploads\/2015\/05\/scan00102.jpg","type":"image\/jpeg"}],"twitter_card":"summary_large_image","twitter_site":"@gkvibrating","twitter_misc":{"Tiempo de lectura":"3 minutos"},"schema":{"@context":"https:\/\/schema.org","@graph":[{"@type":"WebPage","@id":"https:\/\/www.generalkinematics.com\/es\/soluciones-de-fundicion-de-chatarra-a-presion\/","url":"https:\/\/www.generalkinematics.com\/es\/soluciones-de-fundicion-de-chatarra-a-presion\/","name":"Fundici\u00f3n a presi\u00f3n de chatarra | General Kinematics","isPartOf":{"@id":"https:\/\/www.generalkinematics.com\/es\/#website"},"primaryImageOfPage":{"@id":"https:\/\/www.generalkinematics.com\/es\/soluciones-de-fundicion-de-chatarra-a-presion\/#primaryimage"},"image":{"@id":"https:\/\/www.generalkinematics.com\/es\/soluciones-de-fundicion-de-chatarra-a-presion\/#primaryimage"},"thumbnailUrl":"https:\/\/media.generalkinematics.com\/wp-content\/uploads\/2015\/05\/v-trough-conveyor-e1693245546756.jpg","datePublished":"2017-12-01T15:41:17+00:00","dateModified":"2018-10-01T14:37:22+00:00","description":"Explore la excelente gama de equipos para fundici\u00f3n a presi\u00f3n disponible en General Kinematics. Elija ahora el m\u00e1s adecuado transportador y alimentador para su instalaci\u00f3n de fundici\u00f3n de chatarra.","breadcrumb":{"@id":"https:\/\/www.generalkinematics.com\/es\/soluciones-de-fundicion-de-chatarra-a-presion\/#breadcrumb"},"inLanguage":"es","potentialAction":[{"@type":"ReadAction","target":["https:\/\/www.generalkinematics.com\/es\/soluciones-de-fundicion-de-chatarra-a-presion\/"]}]},{"@type":"ImageObject","inLanguage":"es","@id":"https:\/\/www.generalkinematics.com\/es\/soluciones-de-fundicion-de-chatarra-a-presion\/#primaryimage","url":"https:\/\/media.generalkinematics.com\/wp-content\/uploads\/2015\/05\/v-trough-conveyor-e1693245546756.jpg","contentUrl":"https:\/\/media.generalkinematics.com\/wp-content\/uploads\/2015\/05\/v-trough-conveyor-e1693245546756.jpg","width":1800,"height":1348},{"@type":"BreadcrumbList","@id":"https:\/\/www.generalkinematics.com\/es\/soluciones-de-fundicion-de-chatarra-a-presion\/#breadcrumb","itemListElement":[{"@type":"ListItem","position":1,"name":"GK Home","item":"https:\/\/www.generalkinematics.com\/es\/"},{"@type":"ListItem","position":2,"name":"Soluciones de fundici\u00f3n de chatarra a presi\u00f3n"}]},{"@type":"WebSite","@id":"https:\/\/www.generalkinematics.com\/es\/#website","url":"https:\/\/www.generalkinematics.com\/es\/","name":"General Kinematics","description":"","publisher":{"@id":"https:\/\/www.generalkinematics.com\/es\/#organization"},"potentialAction":[{"@type":"SearchAction","target":{"@type":"EntryPoint","urlTemplate":"https:\/\/www.generalkinematics.com\/es\/?s={search_term_string}"},"query-input":{"@type":"PropertyValueSpecification","valueRequired":true,"valueName":"search_term_string"}}],"inLanguage":"es"},{"@type":"Organization","@id":"https:\/\/www.generalkinematics.com\/es\/#organization","name":"General Kinematics","url":"https:\/\/www.generalkinematics.com\/es\/","logo":{"@type":"ImageObject","inLanguage":"es","@id":"https:\/\/www.generalkinematics.com\/es\/#\/schema\/logo\/image\/","url":"https:\/\/media.generalkinematics.com\/wp-content\/uploads\/2018\/03\/logo.png","contentUrl":"https:\/\/media.generalkinematics.com\/wp-content\/uploads\/2018\/03\/logo.png","width":313,"height":100,"caption":"General Kinematics"},"image":{"@id":"https:\/\/www.generalkinematics.com\/es\/#\/schema\/logo\/image\/"},"sameAs":["https:\/\/www.facebook.com\/generalkinematics","https:\/\/x.com\/gkvibrating"]}]}},"_links":{"self":[{"href":"https:\/\/www.generalkinematics.com\/es\/wp-json\/wp\/v2\/pages\/43951","targetHints":{"allow":["GET"]}}],"collection":[{"href":"https:\/\/www.generalkinematics.com\/es\/wp-json\/wp\/v2\/pages"}],"about":[{"href":"https:\/\/www.generalkinematics.com\/es\/wp-json\/wp\/v2\/types\/page"}],"author":[{"embeddable":true,"href":"https:\/\/www.generalkinematics.com\/es\/wp-json\/wp\/v2\/users\/5"}],"replies":[{"embeddable":true,"href":"https:\/\/www.generalkinematics.com\/es\/wp-json\/wp\/v2\/comments?post=43951"}],"version-history":[{"count":0,"href":"https:\/\/www.generalkinematics.com\/es\/wp-json\/wp\/v2\/pages\/43951\/revisions"}],"wp:featuredmedia":[{"embeddable":true,"href":"https:\/\/www.generalkinematics.com\/es\/wp-json\/wp\/v2\/media\/23624"}],"wp:attachment":[{"href":"https:\/\/www.generalkinematics.com\/es\/wp-json\/wp\/v2\/media?parent=43951"}],"curies":[{"name":"wp","href":"https:\/\/api.w.org\/{rel}","templated":true}]}}