{"id":43954,"date":"2017-11-16T11:59:35","date_gmt":"2017-11-16T17:59:35","guid":{"rendered":"https:\/\/www.generalkinematics.com\/la-diferencia-vibratoria\/"},"modified":"2018-09-28T09:25:16","modified_gmt":"2018-09-28T14:25:16","slug":"la-diferencia-vibratoria","status":"publish","type":"page","link":"https:\/\/www.generalkinematics.com\/es\/la-diferencia-vibratoria\/","title":{"rendered":"La diferencia vibratoria"},"content":{"rendered":"<div class=\"wpb-content-wrapper\"><p>[vc_row][vc_column css_animation=\u00bbfadeIn\u00bb][vc_column_text css_animation=\u00bbfadeIn\u00bb]<\/p>\n<blockquote><p><img decoding=\"async\" class=\" wp-image-32089 alignleft\" src=\"https:\/\/www.generalkinematics.com\/wp-content\/uploads\/2017\/10\/quote2.png\" alt=\"\" width=\"134\" height=\"60\" \/>\u00abDos de nuestras plantas tienen pantallas GK que funcionan 20 horas al d\u00eda, 6 d\u00edas a la semana. El dise\u00f1o robusto de GK se tradujo en un tiempo de inactividad m\u00ednimo. A nuestros t\u00e9cnicos de mantenimiento les encanta. Las pantallas han tenido un desempe\u00f1o fant\u00e1stico y son una parte fundamental de nuestro proceso de fabricaci\u00f3n\u00bb.<\/p>\n<p style=\"text-align: right;\"><em><strong>Rashid Shakir, Dir. of Engineering, American Wood Fibers<\/strong><\/em><\/p>\n<\/blockquote>\n<p>[\/vc_column_text][\/vc_column][\/vc_row][vc_row][vc_column][vc_column_text]<a href=\"https:\/\/www.generalkinematics.com\/es\/references-gk-vibrating\/\">Vea lo que otros clientes de GK est\u00e1n diciendo.<\/a><\/p>\n<p>El dise\u00f1o de productos de alta calidad, la artesan\u00eda de calidad mundial y el soporte en el mercado secundario le brindan la ventaja estrat\u00e9gica que necesita para mejorar su proceso. Se ha demostrado que nuestro equipo brinda beneficios operacionales de menor tiempo de inactividad, mejores capacidades y el mejor costo total de propiedad.<\/p>\n<p>Using vibration creates long-term value. GK&#8217;s value is built into our product and beyond. We support our customers before, during and long after installation to ensure a smooth process. Our skilled team is there for you throughout.[\/vc_column_text][\/vc_column][\/vc_row][vc_row equal_height=\u00bbyes\u00bb content_placement=\u00bbmiddle\u00bb][vc_column width=\u00bb1\/2&#8243;][vc_single_image image=\u00bb31472&#8243; img_size=\u00bbfull\u00bb alignment=\u00bbcenter\u00bb css_animation=\u00bbbounceIn\u00bb][\/vc_column][vc_column width=\u00bb1\/2&#8243; css=\u00bb.vc_custom_1510851031697{background-image: url(https:\/\/www.generalkinematics.com\/wp-content\/uploads\/2017\/11\/right-bubble.png?id=32888) !important;background-position: center !important;background-repeat: no-repeat !important;background-size: contain !important;}\u00bb el_class=\u00bbwv-bubble-columns\u00bb][vc_column_text css_animation=\u00bbbounceInUp\u00bb css=\u00bb.vc_custom_1510851110087{margin-left: 15px !important;padding-right: 12px !important;padding-left: 12px !important;}\u00bb el_class=\u00bbwv-first-bubble-text\u00bb]<em><strong>La vibraci\u00f3n es el futuro. Los equipos del pasado tienen muchas partes m\u00f3viles que aumentan el riesgo de rotura. El equipo GK aprovecha el poder de la vibraci\u00f3n para hacer que el material haga el trabajo. Menos movimiento significa una vida \u00fatil m\u00e1s larga para su equipo.<br \/>\n.<\/strong><\/em>[\/vc_column_text][\/vc_column][\/vc_row][vc_row equal_height=\u00bbyes\u00bb content_placement=\u00bbmiddle\u00bb][vc_column width=\u00bb1\/2&#8243; css=\u00bb.vc_custom_1510851043797{background-image: url(https:\/\/www.generalkinematics.com\/wp-content\/uploads\/2017\/11\/Left-Bubble.png?id=32883) !important;background-position: center !important;background-repeat: no-repeat !important;background-size: contain !important;}\u00bb el_class=\u00bbwv-bubble-columns\u00bb][vc_column_text css_animation=\u00bbbounceInUp\u00bb css=\u00bb.vc_custom_1522857274460{margin-left: 15px !important;padding-right: 70px !important;padding-left: 25px !important;}\u00bb]<em><strong>Las piezas menos m\u00f3viles significan menos mantenimiento, reparaciones y tiempo de inactividad para su proceso.<\/strong><\/em>[\/vc_column_text][\/vc_column][vc_column width=\u00bb1\/2&#8243;][vc_single_image image=\u00bb31467&#8243; alignment=\u00bbcenter\u00bb css_animation=\u00bbbounceIn\u00bb][\/vc_column][\/vc_row][vc_row equal_height=\u00bbyes\u00bb content_placement=\u00bbmiddle\u00bb][vc_column width=\u00bb1\/2&#8243;][vc_single_image image=\u00bb31477&#8243; img_size=\u00bbfull\u00bb alignment=\u00bbcenter\u00bb css_animation=\u00bbbounceIn\u00bb][\/vc_column][vc_column width=\u00bb1\/2&#8243; css=\u00bb.vc_custom_1510851054491{background-image: url(https:\/\/www.generalkinematics.com\/wp-content\/uploads\/2017\/11\/right-bubble.png?id=32888) !important;background-position: center !important;background-repeat: no-repeat !important;background-size: contain !important;}\u00bb el_class=\u00bbwv-bubble-columns\u00bb][vc_column_text css_animation=\u00bbbounceInUp\u00bb css=\u00bb.vc_custom_1522857558129{margin-left: 15px !important;padding-right: 25px !important;padding-left: 70px !important;}\u00bb]<em><strong>El equipo vibratorio requiere menos energ\u00eda, lo que reduce el costo de su energ\u00eda.<\/strong><\/em>[\/vc_column_text][\/vc_column][\/vc_row][vc_row equal_height=\u00bbyes\u00bb content_placement=\u00bbmiddle\u00bb][vc_column width=\u00bb1\/2&#8243; css=\u00bb.vc_custom_1510851065000{background-image: url(https:\/\/www.generalkinematics.com\/wp-content\/uploads\/2017\/11\/Left-Bubble.png?id=32883) !important;background-position: center !important;background-repeat: no-repeat !important;background-size: contain !important;}\u00bb el_class=\u00bbwv-bubble-columns\u00bb][vc_column_text css_animation=\u00bbbounceInUp\u00bb css=\u00bb.vc_custom_1522857512531{margin-left: 15px !important;padding-right: 70px !important;padding-left: 25px !important;}\u00bb]<em><strong>La certificaci\u00f3n ISO garantiza que obtendr\u00e1 un producto de calidad.<\/strong><\/em>[\/vc_column_text][\/vc_column][vc_column width=\u00bb1\/2&#8243;][vc_single_image image=\u00bb31482&#8243; alignment=\u00bbcenter\u00bb css_animation=\u00bbbounceIn\u00bb][\/vc_column][\/vc_row][vc_row equal_height=\u00bbyes\u00bb content_placement=\u00bbmiddle\u00bb][vc_column width=\u00bb1\/2&#8243;][vc_single_image image=\u00bb31487&#8243; img_size=\u00bbfull\u00bb alignment=\u00bbcenter\u00bb css_animation=\u00bbbounceIn\u00bb][\/vc_column][vc_column width=\u00bb1\/2&#8243; css=\u00bb.vc_custom_1510853930359{background-image: url(https:\/\/www.generalkinematics.com\/wp-content\/uploads\/2017\/11\/right-bubble.png?id=32888) !important;background-position: center !important;background-repeat: no-repeat !important;background-size: contain !important;}\u00bb el_class=\u00bbwv-bubble-columns\u00bb][vc_column_text css_animation=\u00bbbounceInUp\u00bb css=\u00bb.vc_custom_1510851306319{margin-left: 15px !important;padding-right: 12px !important;padding-left: 12px !important;}\u00bb]<em><strong>GK se dedica a hacer que nuestros productos sean seguros para las personas que los utilizan. Trabajar de acuerdo con OSHA garantiza que nuestros productos cumplen con los requisitos de seguridad para nuestros clientes.<\/strong><\/em>[\/vc_column_text][\/vc_column][\/vc_row]<\/p>\n<\/div>","protected":false},"excerpt":{"rendered":"<p>[vc_row][vc_column css_animation=\u00bbfadeIn\u00bb][vc_column_text css_animation=\u00bbfadeIn\u00bb] \u00abDos de nuestras plantas tienen pantallas GK que funcionan 20 horas al d\u00eda, 6 d\u00edas a la semana. El dise\u00f1o robusto de GK se tradujo en un tiempo de inactividad m\u00ednimo. A nuestros t\u00e9cnicos de mantenimiento les encanta. Las pantallas han tenido un desempe\u00f1o fant\u00e1stico y son una parte fundamental de nuestro [&hellip;]<\/p>\n","protected":false},"author":101013,"featured_media":25000,"parent":0,"menu_order":0,"comment_status":"closed","ping_status":"closed","template":"page-templates\/page-full-width.php","meta":{"_acf_changed":false,"om_disable_all_campaigns":false,"ep_exclude_from_search":false,"footnotes":""},"class_list":["post-43954","page","type-page","status-publish","has-post-thumbnail","hentry"],"acf":[],"yoast_head":"<!-- This site is optimized with the Yoast SEO plugin v27.2 - https:\/\/yoast.com\/product\/yoast-seo-wordpress\/ -->\n<title>La diferencia de la vibraci\u00f3n industrial | General Kinematics<\/title>\n<meta name=\"description\" content=\"Descubra por qu\u00e9 la vibraci\u00f3n industrial y los vibradores industriales son la soluci\u00f3n del futuro leyendo las opiniones de los usuarios de equipos vibratorios industriales de General Kinematics.\" \/>\n<meta name=\"robots\" content=\"index, follow, max-snippet:-1, max-image-preview:large, max-video-preview:-1\" \/>\n<link rel=\"canonical\" href=\"https:\/\/www.generalkinematics.com\/es\/la-diferencia-vibratoria\/\" \/>\n<meta property=\"og:locale\" content=\"es_ES\" \/>\n<meta property=\"og:type\" content=\"article\" \/>\n<meta property=\"og:title\" content=\"La diferencia de la vibraci\u00f3n industrial | General Kinematics\" \/>\n<meta property=\"og:description\" content=\"Descubra por qu\u00e9 la vibraci\u00f3n industrial y los vibradores industriales son la soluci\u00f3n del futuro leyendo las opiniones de los usuarios de equipos vibratorios industriales de General Kinematics.\" \/>\n<meta property=\"og:url\" content=\"https:\/\/www.generalkinematics.com\/es\/la-diferencia-vibratoria\/\" \/>\n<meta property=\"og:site_name\" content=\"General Kinematics\" \/>\n<meta property=\"article:publisher\" content=\"https:\/\/www.facebook.com\/generalkinematics\" \/>\n<meta property=\"article:modified_time\" content=\"2018-09-28T14:25:16+00:00\" \/>\n<meta property=\"og:image\" content=\"https:\/\/www.generalkinematics.com\/wp-content\/uploads\/2015\/07\/@ISRI14_Exhibit_Hall_Opening_138.jpg\" \/>\n\t<meta property=\"og:image:width\" content=\"1024\" \/>\n\t<meta property=\"og:image:height\" content=\"679\" \/>\n\t<meta property=\"og:image:type\" content=\"image\/jpeg\" \/>\n<meta name=\"twitter:card\" content=\"summary_large_image\" \/>\n<meta name=\"twitter:site\" content=\"@gkvibrating\" \/>\n<meta name=\"twitter:label1\" content=\"Tiempo de lectura\" \/>\n\t<meta name=\"twitter:data1\" content=\"4 minutos\" \/>\n<!-- \/ Yoast SEO plugin. -->","yoast_head_json":{"title":"La diferencia de la vibraci\u00f3n industrial | General Kinematics","description":"Descubra por qu\u00e9 la vibraci\u00f3n industrial y los vibradores industriales son la soluci\u00f3n del futuro leyendo las opiniones de los usuarios de equipos vibratorios industriales de General Kinematics.","robots":{"index":"index","follow":"follow","max-snippet":"max-snippet:-1","max-image-preview":"max-image-preview:large","max-video-preview":"max-video-preview:-1"},"canonical":"https:\/\/www.generalkinematics.com\/es\/la-diferencia-vibratoria\/","og_locale":"es_ES","og_type":"article","og_title":"La diferencia de la vibraci\u00f3n industrial | General Kinematics","og_description":"Descubra por qu\u00e9 la vibraci\u00f3n industrial y los vibradores industriales son la soluci\u00f3n del futuro leyendo las opiniones de los usuarios de equipos vibratorios industriales de General Kinematics.","og_url":"https:\/\/www.generalkinematics.com\/es\/la-diferencia-vibratoria\/","og_site_name":"General Kinematics","article_publisher":"https:\/\/www.facebook.com\/generalkinematics","article_modified_time":"2018-09-28T14:25:16+00:00","og_image":[{"width":1024,"height":679,"url":"https:\/\/www.generalkinematics.com\/wp-content\/uploads\/2015\/07\/@ISRI14_Exhibit_Hall_Opening_138.jpg","type":"image\/jpeg"}],"twitter_card":"summary_large_image","twitter_site":"@gkvibrating","twitter_misc":{"Tiempo de lectura":"4 minutos"},"schema":{"@context":"https:\/\/schema.org","@graph":[{"@type":"WebPage","@id":"https:\/\/www.generalkinematics.com\/es\/la-diferencia-vibratoria\/","url":"https:\/\/www.generalkinematics.com\/es\/la-diferencia-vibratoria\/","name":"La diferencia de la vibraci\u00f3n industrial | General Kinematics","isPartOf":{"@id":"https:\/\/www.generalkinematics.com\/es\/#website"},"primaryImageOfPage":{"@id":"https:\/\/www.generalkinematics.com\/es\/la-diferencia-vibratoria\/#primaryimage"},"image":{"@id":"https:\/\/www.generalkinematics.com\/es\/la-diferencia-vibratoria\/#primaryimage"},"thumbnailUrl":"https:\/\/media.generalkinematics.com\/wp-content\/uploads\/2015\/07\/%40ISRI14_Exhibit_Hall_Opening_138.jpg","datePublished":"2017-11-16T17:59:35+00:00","dateModified":"2018-09-28T14:25:16+00:00","description":"Descubra por qu\u00e9 la vibraci\u00f3n industrial y los vibradores industriales son la soluci\u00f3n del futuro leyendo las opiniones de los usuarios de equipos vibratorios industriales de General Kinematics.","breadcrumb":{"@id":"https:\/\/www.generalkinematics.com\/es\/la-diferencia-vibratoria\/#breadcrumb"},"inLanguage":"es","potentialAction":[{"@type":"ReadAction","target":["https:\/\/www.generalkinematics.com\/es\/la-diferencia-vibratoria\/"]}]},{"@type":"ImageObject","inLanguage":"es","@id":"https:\/\/www.generalkinematics.com\/es\/la-diferencia-vibratoria\/#primaryimage","url":"https:\/\/media.generalkinematics.com\/wp-content\/uploads\/2015\/07\/%40ISRI14_Exhibit_Hall_Opening_138.jpg","contentUrl":"https:\/\/media.generalkinematics.com\/wp-content\/uploads\/2015\/07\/%40ISRI14_Exhibit_Hall_Opening_138.jpg","width":1024,"height":679,"caption":"general-kinematics-high-stroke-feeder"},{"@type":"BreadcrumbList","@id":"https:\/\/www.generalkinematics.com\/es\/la-diferencia-vibratoria\/#breadcrumb","itemListElement":[{"@type":"ListItem","position":1,"name":"GK Home","item":"https:\/\/www.generalkinematics.com\/es\/"},{"@type":"ListItem","position":2,"name":"La diferencia vibratoria"}]},{"@type":"WebSite","@id":"https:\/\/www.generalkinematics.com\/es\/#website","url":"https:\/\/www.generalkinematics.com\/es\/","name":"General Kinematics","description":"","publisher":{"@id":"https:\/\/www.generalkinematics.com\/es\/#organization"},"potentialAction":[{"@type":"SearchAction","target":{"@type":"EntryPoint","urlTemplate":"https:\/\/www.generalkinematics.com\/es\/?s={search_term_string}"},"query-input":{"@type":"PropertyValueSpecification","valueRequired":true,"valueName":"search_term_string"}}],"inLanguage":"es"},{"@type":"Organization","@id":"https:\/\/www.generalkinematics.com\/es\/#organization","name":"General Kinematics","url":"https:\/\/www.generalkinematics.com\/es\/","logo":{"@type":"ImageObject","inLanguage":"es","@id":"https:\/\/www.generalkinematics.com\/es\/#\/schema\/logo\/image\/","url":"https:\/\/media.generalkinematics.com\/wp-content\/uploads\/2018\/03\/logo.png","contentUrl":"https:\/\/media.generalkinematics.com\/wp-content\/uploads\/2018\/03\/logo.png","width":313,"height":100,"caption":"General Kinematics"},"image":{"@id":"https:\/\/www.generalkinematics.com\/es\/#\/schema\/logo\/image\/"},"sameAs":["https:\/\/www.facebook.com\/generalkinematics","https:\/\/x.com\/gkvibrating"]}]}},"_links":{"self":[{"href":"https:\/\/www.generalkinematics.com\/es\/wp-json\/wp\/v2\/pages\/43954","targetHints":{"allow":["GET"]}}],"collection":[{"href":"https:\/\/www.generalkinematics.com\/es\/wp-json\/wp\/v2\/pages"}],"about":[{"href":"https:\/\/www.generalkinematics.com\/es\/wp-json\/wp\/v2\/types\/page"}],"author":[{"embeddable":true,"href":"https:\/\/www.generalkinematics.com\/es\/wp-json\/wp\/v2\/users\/101013"}],"replies":[{"embeddable":true,"href":"https:\/\/www.generalkinematics.com\/es\/wp-json\/wp\/v2\/comments?post=43954"}],"version-history":[{"count":0,"href":"https:\/\/www.generalkinematics.com\/es\/wp-json\/wp\/v2\/pages\/43954\/revisions"}],"wp:featuredmedia":[{"embeddable":true,"href":"https:\/\/www.generalkinematics.com\/es\/wp-json\/wp\/v2\/media\/25000"}],"wp:attachment":[{"href":"https:\/\/www.generalkinematics.com\/es\/wp-json\/wp\/v2\/media?parent=43954"}],"curies":[{"name":"wp","href":"https:\/\/api.w.org\/{rel}","templated":true}]}}