{"id":44102,"date":"2012-05-05T18:28:13","date_gmt":"2012-05-05T23:28:13","guid":{"rendered":"https:\/\/www.generalkinematics.com\/soluciones-vibratorias-de-alimentacion-alimentadores-de-gk\/"},"modified":"2018-09-28T09:31:59","modified_gmt":"2018-09-28T14:31:59","slug":"soluciones-vibratorias-de-alimentacion-alimentadores-de-gk","status":"publish","type":"page","link":"https:\/\/www.generalkinematics.com\/es\/soluciones-vibratorias-de-alimentacion-alimentadores-de-gk\/","title":{"rendered":"Soluciones vibratorias de alimentaci\u00f3n | Alimentadores de GK"},"content":{"rendered":"<h1>INFORMACI\u00d3N T\u00c9CNICA<\/h1>\n<h2>Informaci\u00f3n y aspectos relevantes sobre los alimentadores vibratorios de GK.<\/h2>\n<p>&nbsp;<\/p>\n<p><a href=\"https:\/\/www.generalkinematics.com\/es\/soluciones-vibratorias-de-alimentacion-alimentadores-de-gk\/\">Alimentadores vibratorios<\/a> | <a href=\"https:\/\/www.generalkinematics.com\/es\/tamanos-estandar-de-los-alimentadores-alimentadores-de-gk\/\">Activador \/ Alimentadores Un-Coaler<\/a> | <a href=\"https:\/\/www.generalkinematics.com\/es\/informacion-tecnica-alimentadores-de-gk\/\">Informaci\u00f3n t\u00e9cnica<\/a> | <a href=\"https:\/\/www.generalkinematics.com\/es\/piezas-para-alimentadores-vibratorios-alimentadores-de-gk\/\">Piezas y Servicio<\/a><\/p>\n<h2 class=\"redtext\">Tipos de alimentadores vibratorios Para-Mount II:<\/h2>\n<ul>\n<li class=\"regtext\"><span class=\"bodytext\"><a href=\"https:\/\/www.generalkinematics.com\/es\/tamanos-estandar-de-los-alimentadores-alimentadores-de-gk-2\/\"><strong>Alimentadores de bandeja vibratoria de doble masa electromec\u00e1nica PARA-MOUNT II\u00ae <\/strong> &#8211;<\/a> para trabajo mediano y pesado. <\/span><\/li>\n<li class=\"regtext\"><span class=\"bodytext\"><strong><a href=\"https:\/\/www.generalkinematics.com\/es\/tamanos-estandar-de-los-alimentadores-alimentadores-de-gk-3\/\">PARA-MOUNT\u00ae I Alimentadores vibratorios totalmente cerrados<\/a><\/strong> &#8211; para una mayor eliminaci\u00f3n del polvo<\/span><\/li>\n<li class=\"regtext\"><span class=\"bodytext\"><a href=\"https:\/\/www.generalkinematics.com\/es\/tamanos-estandar-de-los-alimentadores-alimentadores-de-gk-4\/\"><strong>Alimentadores de distribuci\u00f3n de alto recorrido PARA-MOUNT II\u00ae<\/strong><\/a> &#8211; optimizados para distribuir y presentar homog\u00e9neamente el material. <\/span><\/li>\n<li class=\"regtext\"><span class=\"bodytext\"><a href=\"https:\/\/www.generalkinematics.com\/es\/tamanos-estandar-de-los-alimentadores-alimentadores-de-gk-5\/\"><strong>Cribas vibratorias para rocas PARA-MOUNT II\u00ae<\/strong><\/a> &#8211; Alimentadores de gran tama\u00f1o para trabajo pesado y la manipulaci\u00f3n de materiales. <\/span><\/li>\n<\/ul>\n<p>&nbsp;<\/p>\n<p>&nbsp;<\/p>\n<p>&nbsp;<\/p>\n<h2 class=\"redtext\">Otros tipos de alimentadores de GK:<\/h2>\n<ul>\n<li class=\"regtext\"><span class=\"bodytext\"><strong><a href=\"https:\/\/www.generalkinematics.com\/es\/tablas-de-tamanos-de-la-serie-s\/\">Alimentadores vibratorios SERIE S<\/a><\/strong> &#8211; Alimentadores impulsados por tablillas para aplicaciones de trabajo liviano a medio. <\/span><\/li>\n<li class=\"regtext\"><span class=\"bodytext\"><a href=\"https:\/\/www.generalkinematics.com\/es\/tamanos-estandar-de-los-alimentadores-alimentadores-de-gk-6\/\"><strong>Alimentadores Air Duo<\/strong><\/a> &#8211; Transmisiones neum\u00e1ticas de doble masa para flujos de alimentaci\u00f3n variables. <\/span><\/li>\n<li class=\"regtext\"><span class=\"bodytext\"><strong><a href=\"https:\/\/www.generalkinematics.com\/es\/tamanos-estandar-de-los-alimentadores-alimentadores-de-gk\/\">Activador \/ Alimentador UNCOALER<\/a><\/strong> &#8211; combina la activaci\u00f3n de pilas con los alimentadores en t\u00e1ndem para el flujo preciso del material. <\/span><\/li>\n<li class=\"regtext\"><span class=\"bodytext\"><strong><a href=\"https:\/\/www.generalkinematics.com\/es\/tamanos-estandar-de-los-alimentadores-alimentadores-de-gk-7\/\">Alimentadores TWO-WAY\u2122<\/a><\/strong> &#8211; Alimentadores bidireccionales para mover el producto en direcciones opuestas.<\/span><\/li>\n<\/ul>\n<p>&nbsp;<\/p>\n<p>&nbsp;<\/p>\n<p>&nbsp;<\/p>\n<h2 class=\"redtext\">Aplicaciones y sectores que utilizan los alimentadores vibratorios<\/h2>\n<p><span class=\"bodytext14\">Los alimentadores vibratorios de GK funcionan en todo el mundo, con muchos de ellos a\u00fan en funcionamiento despu\u00e9s de m\u00e1s de 40 a\u00f1os. Algunos de los usos m\u00e1s comunes de los alimentadores son los siguientes: <\/span><\/p>\n<ul>\n<li class=\"regtext\">Agregados<\/li>\n<li class=\"regtext\">Sustancias qu\u00edmicas<\/li>\n<li class=\"regtext\">Carb\u00f3n<\/li>\n<li class=\"regtext\">Alimentos<\/li>\n<li class=\"regtext\">Fundici\u00f3n<\/li>\n<li class=\"regtext\">Materiales industriales<\/li>\n<li class=\"regtext\">Minerales<\/li>\n<li class=\"regtext\">Alimentos para mascotas<\/li>\n<li class=\"regtext\">F\u00e1rmacos<\/li>\n<li class=\"regtext\">Reciclaje<\/li>\n<li class=\"regtext\">Chatarra met\u00e1lica<\/li>\n<li class=\"regtext\">Combinaci\u00f3n de materiales de varios tipos<\/li>\n<\/ul>\n","protected":false},"excerpt":{"rendered":"<p>INFORMACI\u00d3N T\u00c9CNICA Informaci\u00f3n y aspectos relevantes sobre los alimentadores vibratorios de GK. &nbsp; Alimentadores vibratorios | Activador \/ Alimentadores Un-Coaler | Informaci\u00f3n t\u00e9cnica | Piezas y Servicio Tipos de alimentadores vibratorios Para-Mount II: Alimentadores de bandeja vibratoria de doble masa electromec\u00e1nica PARA-MOUNT II\u00ae &#8211; para trabajo mediano y pesado. PARA-MOUNT\u00ae I Alimentadores vibratorios totalmente cerrados [&hellip;]<\/p>\n","protected":false},"author":5,"featured_media":0,"parent":0,"menu_order":0,"comment_status":"open","ping_status":"open","template":"","meta":{"_acf_changed":false,"om_disable_all_campaigns":false,"ep_exclude_from_search":false,"footnotes":""},"class_list":["post-44102","page","type-page","status-publish","hentry"],"acf":[],"yoast_head":"<!-- This site is optimized with the Yoast SEO plugin v27.2 - https:\/\/yoast.com\/product\/yoast-seo-wordpress\/ -->\n<title>Informaci\u00f3n t\u00e9cnica de alimentadores vibratorios | General Kinematics<\/title>\n<meta name=\"description\" content=\"Acceda a toda la informaci\u00f3n t\u00e9cnica de los alimentadores vibratorios de General Kinematics. Muchos de nuestros alimentadores vibrantes llevan trabajando con \u00e9xito por m\u00e1s de 40 a\u00f1os.\" \/>\n<meta name=\"robots\" content=\"index, follow, max-snippet:-1, max-image-preview:large, max-video-preview:-1\" \/>\n<link rel=\"canonical\" href=\"https:\/\/www.generalkinematics.com\/es\/soluciones-vibratorias-de-alimentacion-alimentadores-de-gk\/\" \/>\n<meta property=\"og:locale\" content=\"es_ES\" \/>\n<meta property=\"og:type\" content=\"article\" \/>\n<meta property=\"og:title\" content=\"Informaci\u00f3n t\u00e9cnica de alimentadores vibratorios | General Kinematics\" \/>\n<meta property=\"og:description\" content=\"Acceda a toda la informaci\u00f3n t\u00e9cnica de los alimentadores vibratorios de General Kinematics. Muchos de nuestros alimentadores vibrantes llevan trabajando con \u00e9xito por m\u00e1s de 40 a\u00f1os.\" \/>\n<meta property=\"og:url\" content=\"https:\/\/www.generalkinematics.com\/es\/soluciones-vibratorias-de-alimentacion-alimentadores-de-gk\/\" \/>\n<meta property=\"og:site_name\" content=\"General Kinematics\" \/>\n<meta property=\"article:publisher\" content=\"https:\/\/www.facebook.com\/generalkinematics\" \/>\n<meta property=\"article:modified_time\" content=\"2018-09-28T14:31:59+00:00\" \/>\n<meta property=\"og:image\" content=\"https:\/\/media.generalkinematics.com\/wp-content\/uploads\/2017\/07\/GK-Icon.png\" \/>\n\t<meta property=\"og:image:width\" content=\"3000\" \/>\n\t<meta property=\"og:image:height\" content=\"3000\" \/>\n\t<meta property=\"og:image:type\" content=\"image\/jpeg\" \/>\n<meta name=\"twitter:card\" content=\"summary_large_image\" \/>\n<meta name=\"twitter:site\" content=\"@gkvibrating\" \/>\n<meta name=\"twitter:label1\" content=\"Tiempo de lectura\" \/>\n\t<meta name=\"twitter:data1\" content=\"1 minuto\" \/>\n<!-- \/ Yoast SEO plugin. -->","yoast_head_json":{"title":"Informaci\u00f3n t\u00e9cnica de alimentadores vibratorios | General Kinematics","description":"Acceda a toda la informaci\u00f3n t\u00e9cnica de los alimentadores vibratorios de General Kinematics. Muchos de nuestros alimentadores vibrantes llevan trabajando con \u00e9xito por m\u00e1s de 40 a\u00f1os.","robots":{"index":"index","follow":"follow","max-snippet":"max-snippet:-1","max-image-preview":"max-image-preview:large","max-video-preview":"max-video-preview:-1"},"canonical":"https:\/\/www.generalkinematics.com\/es\/soluciones-vibratorias-de-alimentacion-alimentadores-de-gk\/","og_locale":"es_ES","og_type":"article","og_title":"Informaci\u00f3n t\u00e9cnica de alimentadores vibratorios | General Kinematics","og_description":"Acceda a toda la informaci\u00f3n t\u00e9cnica de los alimentadores vibratorios de General Kinematics. Muchos de nuestros alimentadores vibrantes llevan trabajando con \u00e9xito por m\u00e1s de 40 a\u00f1os.","og_url":"https:\/\/www.generalkinematics.com\/es\/soluciones-vibratorias-de-alimentacion-alimentadores-de-gk\/","og_site_name":"General Kinematics","article_publisher":"https:\/\/www.facebook.com\/generalkinematics","article_modified_time":"2018-09-28T14:31:59+00:00","og_image":[{"width":3000,"height":3000,"url":"https:\/\/media.generalkinematics.com\/wp-content\/uploads\/2017\/07\/GK-Icon.png","type":"image\/jpeg"}],"twitter_card":"summary_large_image","twitter_site":"@gkvibrating","twitter_misc":{"Tiempo de lectura":"1 minuto"},"schema":{"@context":"https:\/\/schema.org","@graph":[{"@type":"WebPage","@id":"https:\/\/www.generalkinematics.com\/es\/soluciones-vibratorias-de-alimentacion-alimentadores-de-gk\/","url":"https:\/\/www.generalkinematics.com\/es\/soluciones-vibratorias-de-alimentacion-alimentadores-de-gk\/","name":"Informaci\u00f3n t\u00e9cnica de alimentadores vibratorios | General Kinematics","isPartOf":{"@id":"https:\/\/www.generalkinematics.com\/es\/#website"},"datePublished":"2012-05-05T23:28:13+00:00","dateModified":"2018-09-28T14:31:59+00:00","description":"Acceda a toda la informaci\u00f3n t\u00e9cnica de los alimentadores vibratorios de General Kinematics. Muchos de nuestros alimentadores vibrantes llevan trabajando con \u00e9xito por m\u00e1s de 40 a\u00f1os.","breadcrumb":{"@id":"https:\/\/www.generalkinematics.com\/es\/soluciones-vibratorias-de-alimentacion-alimentadores-de-gk\/#breadcrumb"},"inLanguage":"es","potentialAction":[{"@type":"ReadAction","target":["https:\/\/www.generalkinematics.com\/es\/soluciones-vibratorias-de-alimentacion-alimentadores-de-gk\/"]}]},{"@type":"BreadcrumbList","@id":"https:\/\/www.generalkinematics.com\/es\/soluciones-vibratorias-de-alimentacion-alimentadores-de-gk\/#breadcrumb","itemListElement":[{"@type":"ListItem","position":1,"name":"GK Home","item":"https:\/\/www.generalkinematics.com\/es\/"},{"@type":"ListItem","position":2,"name":"Soluciones vibratorias de alimentaci\u00f3n | Alimentadores de GK"}]},{"@type":"WebSite","@id":"https:\/\/www.generalkinematics.com\/es\/#website","url":"https:\/\/www.generalkinematics.com\/es\/","name":"General Kinematics","description":"","publisher":{"@id":"https:\/\/www.generalkinematics.com\/es\/#organization"},"potentialAction":[{"@type":"SearchAction","target":{"@type":"EntryPoint","urlTemplate":"https:\/\/www.generalkinematics.com\/es\/?s={search_term_string}"},"query-input":{"@type":"PropertyValueSpecification","valueRequired":true,"valueName":"search_term_string"}}],"inLanguage":"es"},{"@type":"Organization","@id":"https:\/\/www.generalkinematics.com\/es\/#organization","name":"General Kinematics","url":"https:\/\/www.generalkinematics.com\/es\/","logo":{"@type":"ImageObject","inLanguage":"es","@id":"https:\/\/www.generalkinematics.com\/es\/#\/schema\/logo\/image\/","url":"https:\/\/media.generalkinematics.com\/wp-content\/uploads\/2018\/03\/logo.png","contentUrl":"https:\/\/media.generalkinematics.com\/wp-content\/uploads\/2018\/03\/logo.png","width":313,"height":100,"caption":"General Kinematics"},"image":{"@id":"https:\/\/www.generalkinematics.com\/es\/#\/schema\/logo\/image\/"},"sameAs":["https:\/\/www.facebook.com\/generalkinematics","https:\/\/x.com\/gkvibrating"]}]}},"_links":{"self":[{"href":"https:\/\/www.generalkinematics.com\/es\/wp-json\/wp\/v2\/pages\/44102","targetHints":{"allow":["GET"]}}],"collection":[{"href":"https:\/\/www.generalkinematics.com\/es\/wp-json\/wp\/v2\/pages"}],"about":[{"href":"https:\/\/www.generalkinematics.com\/es\/wp-json\/wp\/v2\/types\/page"}],"author":[{"embeddable":true,"href":"https:\/\/www.generalkinematics.com\/es\/wp-json\/wp\/v2\/users\/5"}],"replies":[{"embeddable":true,"href":"https:\/\/www.generalkinematics.com\/es\/wp-json\/wp\/v2\/comments?post=44102"}],"version-history":[{"count":0,"href":"https:\/\/www.generalkinematics.com\/es\/wp-json\/wp\/v2\/pages\/44102\/revisions"}],"wp:attachment":[{"href":"https:\/\/www.generalkinematics.com\/es\/wp-json\/wp\/v2\/media?parent=44102"}],"curies":[{"name":"wp","href":"https:\/\/api.w.org\/{rel}","templated":true}]}}