{"id":44104,"date":"2012-05-05T18:31:00","date_gmt":"2012-05-05T23:31:00","guid":{"rendered":"https:\/\/www.generalkinematics.com\/informacion-tecnica-alimentadores-de-gk\/"},"modified":"2024-06-28T10:44:52","modified_gmt":"2024-06-28T15:44:52","slug":"informacion-tecnica-alimentadores-de-gk","status":"publish","type":"page","link":"https:\/\/www.generalkinematics.com\/es\/informacion-tecnica-alimentadores-de-gk\/","title":{"rendered":"Informaci\u00f3n t\u00e9cnica | Alimentadores de GK"},"content":{"rendered":"<h1>INFORMACI\u00d3N T\u00c9CNICA<\/h1>\n<h2>Informaci\u00f3n y aspectos relevantes sobre los alimentadores vibratorios de GK.<\/h2>\n<p><br clear=\"all\" \/><a href=\"https:\/\/www.generalkinematics.com\/es\/soluciones-vibratorias-de-alimentacion-alimentadores-de-gk\/\">Alimentadores vibratorios<\/a> | <a href=\"https:\/\/www.generalkinematics.com\/es\/tamanos-estandar-de-los-alimentadores-alimentadores-de-gk\/\">Activador\/Alimentadores UN-COALER\u00ae<\/a><\/p>\n<p><a href=\"https:\/\/www.generalkinematics.com\/es\/informacion-tecnica-alimentadores-de-gk\/\">Informaci\u00f3n t\u00e9cnica<\/a> | <a href=\"https:\/\/www.generalkinematics.com\/es\/piezas-para-alimentadores-vibratorios-alimentadores-de-gk\/\">Piezas y Servicio<\/a><\/p>\n<p>&nbsp;<\/p>\n<h2>Folletos:<\/h2>\n<ul>\n<li><a href=\"\/wp-content\/uploads\/2012\/05\/GKP-05_Bin_Activation.pdf\" target=\"_blank\" rel=\"noopener noreferrer\"><strong><img decoding=\"async\" class=\"size-full wp-image-12674 alignleft\" src=\"https:\/\/www.generalkinematics.com\/wp-content\/uploads\/2014\/05\/brochure.png\" alt=\"folleto\" width=\"32\" height=\"32\" align=\"middle\" hspace=\"11\" srcset=\"https:\/\/www.generalkinematics.com\/wp-content\/uploads\/2014\/05\/brochure.png 32w, https:\/\/www.generalkinematics.com\/wp-content\/uploads\/2014\/05\/brochure-200x200.png 200w, https:\/\/www.generalkinematics.com\/wp-content\/uploads\/2014\/05\/brochure-100x100.png 100w, https:\/\/www.generalkinematics.com\/wp-content\/uploads\/2014\/05\/brochure-150x150.png 150w, https:\/\/www.generalkinematics.com\/wp-content\/uploads\/2014\/05\/brochure-250x250.png 250w, https:\/\/www.generalkinematics.com\/wp-content\/uploads\/2014\/05\/brochure-50x50.png 50w, https:\/\/www.generalkinematics.com\/wp-content\/uploads\/2014\/05\/brochure-479x500.png 479w, https:\/\/www.generalkinematics.com\/wp-content\/uploads\/2014\/05\/brochure-600x600.png 600w, https:\/\/www.generalkinematics.com\/wp-content\/uploads\/2014\/05\/brochure-90x90.png 90w\" sizes=\"(max-width: 639px) 98vw, (max-width: 1199px) 64vw, 32px\" \/>Activadores de silos<\/strong><\/a><\/li>\n<li><a href=\"\/wp-content\/uploads\/2012\/05\/GKR04_Highstroke_Feeder.pdf\"><img decoding=\"async\" class=\"alignleft size-full wp-image-12674\" src=\"https:\/\/www.generalkinematics.com\/wp-content\/uploads\/2014\/05\/brochure.png\" alt=\"folleto\" width=\"32\" height=\"32\" align=\"middle\" hspace=\"11\" srcset=\"https:\/\/www.generalkinematics.com\/wp-content\/uploads\/2014\/05\/brochure.png 32w, https:\/\/www.generalkinematics.com\/wp-content\/uploads\/2014\/05\/brochure-200x200.png 200w, https:\/\/www.generalkinematics.com\/wp-content\/uploads\/2014\/05\/brochure-100x100.png 100w, https:\/\/www.generalkinematics.com\/wp-content\/uploads\/2014\/05\/brochure-150x150.png 150w, https:\/\/www.generalkinematics.com\/wp-content\/uploads\/2014\/05\/brochure-250x250.png 250w, https:\/\/www.generalkinematics.com\/wp-content\/uploads\/2014\/05\/brochure-50x50.png 50w, https:\/\/www.generalkinematics.com\/wp-content\/uploads\/2014\/05\/brochure-479x500.png 479w, https:\/\/www.generalkinematics.com\/wp-content\/uploads\/2014\/05\/brochure-600x600.png 600w, https:\/\/www.generalkinematics.com\/wp-content\/uploads\/2014\/05\/brochure-90x90.png 90w\" sizes=\"(max-width: 639px) 98vw, (max-width: 1199px) 64vw, 32px\" \/><\/a><strong><strong><a href=\"\/wp-content\/uploads\/2012\/05\/GKR04_Highstroke_Feeder.pdf\" target=\"_blank\" rel=\"noopener noreferrer\">Alimentadores de recorrido alto<\/a><\/strong><\/strong><\/li>\n<li><a href=\"\/wp-content\/uploads\/2012\/05\/GKCP03_Vibratory-101.pdf\"><img decoding=\"async\" class=\"alignleft size-full wp-image-12674\" src=\"https:\/\/www.generalkinematics.com\/wp-content\/uploads\/2014\/05\/brochure.png\" alt=\"folleto\" width=\"32\" height=\"32\" align=\"middle\" hspace=\"11\" srcset=\"https:\/\/www.generalkinematics.com\/wp-content\/uploads\/2014\/05\/brochure.png 32w, https:\/\/www.generalkinematics.com\/wp-content\/uploads\/2014\/05\/brochure-200x200.png 200w, https:\/\/www.generalkinematics.com\/wp-content\/uploads\/2014\/05\/brochure-100x100.png 100w, https:\/\/www.generalkinematics.com\/wp-content\/uploads\/2014\/05\/brochure-150x150.png 150w, https:\/\/www.generalkinematics.com\/wp-content\/uploads\/2014\/05\/brochure-250x250.png 250w, https:\/\/www.generalkinematics.com\/wp-content\/uploads\/2014\/05\/brochure-50x50.png 50w, https:\/\/www.generalkinematics.com\/wp-content\/uploads\/2014\/05\/brochure-479x500.png 479w, https:\/\/www.generalkinematics.com\/wp-content\/uploads\/2014\/05\/brochure-600x600.png 600w, https:\/\/www.generalkinematics.com\/wp-content\/uploads\/2014\/05\/brochure-90x90.png 90w\" sizes=\"(max-width: 639px) 98vw, (max-width: 1199px) 64vw, 32px\" \/><\/a><strong><strong><a href=\"\/wp-content\/uploads\/2012\/05\/GKCP03_Vibratory-101.pdf\" target=\"_blank\" rel=\"noopener noreferrer\">101 clases de alimentadores vibratorios<\/a><\/strong><\/strong><\/li>\n<li><a href=\"\/wp-content\/uploads\/2012\/05\/GKR08_Container_Loading.pdf\"><img decoding=\"async\" class=\"alignleft size-full wp-image-12674\" src=\"https:\/\/www.generalkinematics.com\/wp-content\/uploads\/2014\/05\/brochure.png\" alt=\"folleto\" width=\"32\" height=\"32\" align=\"middle\" hspace=\"11\" srcset=\"https:\/\/www.generalkinematics.com\/wp-content\/uploads\/2014\/05\/brochure.png 32w, https:\/\/www.generalkinematics.com\/wp-content\/uploads\/2014\/05\/brochure-200x200.png 200w, https:\/\/www.generalkinematics.com\/wp-content\/uploads\/2014\/05\/brochure-100x100.png 100w, https:\/\/www.generalkinematics.com\/wp-content\/uploads\/2014\/05\/brochure-150x150.png 150w, https:\/\/www.generalkinematics.com\/wp-content\/uploads\/2014\/05\/brochure-250x250.png 250w, https:\/\/www.generalkinematics.com\/wp-content\/uploads\/2014\/05\/brochure-50x50.png 50w, https:\/\/www.generalkinematics.com\/wp-content\/uploads\/2014\/05\/brochure-479x500.png 479w, https:\/\/www.generalkinematics.com\/wp-content\/uploads\/2014\/05\/brochure-600x600.png 600w, https:\/\/www.generalkinematics.com\/wp-content\/uploads\/2014\/05\/brochure-90x90.png 90w\" sizes=\"(max-width: 639px) 98vw, (max-width: 1199px) 64vw, 32px\" \/><\/a><strong><strong><a href=\"\/wp-content\/uploads\/2012\/05\/GKR08_Container_Loading.pdf\" target=\"_blank\" rel=\"noopener noreferrer\">Sistemas de carga de contenedores Load-Rite<\/a><\/strong><\/strong><\/li>\n<li><a href=\"\/wp-content\/uploads\/2012\/05\/GKF06_twoway.pdf\"><img decoding=\"async\" class=\"alignleft size-full wp-image-12674\" src=\"https:\/\/www.generalkinematics.com\/wp-content\/uploads\/2014\/05\/brochure.png\" alt=\"folleto\" width=\"32\" height=\"32\" align=\"middle\" hspace=\"11\" srcset=\"https:\/\/www.generalkinematics.com\/wp-content\/uploads\/2014\/05\/brochure.png 32w, https:\/\/www.generalkinematics.com\/wp-content\/uploads\/2014\/05\/brochure-200x200.png 200w, https:\/\/www.generalkinematics.com\/wp-content\/uploads\/2014\/05\/brochure-100x100.png 100w, https:\/\/www.generalkinematics.com\/wp-content\/uploads\/2014\/05\/brochure-150x150.png 150w, https:\/\/www.generalkinematics.com\/wp-content\/uploads\/2014\/05\/brochure-250x250.png 250w, https:\/\/www.generalkinematics.com\/wp-content\/uploads\/2014\/05\/brochure-50x50.png 50w, https:\/\/www.generalkinematics.com\/wp-content\/uploads\/2014\/05\/brochure-479x500.png 479w, https:\/\/www.generalkinematics.com\/wp-content\/uploads\/2014\/05\/brochure-600x600.png 600w, https:\/\/www.generalkinematics.com\/wp-content\/uploads\/2014\/05\/brochure-90x90.png 90w\" sizes=\"(max-width: 639px) 98vw, (max-width: 1199px) 64vw, 32px\" \/><\/a><strong><strong><a href=\"\/wp-content\/uploads\/2012\/05\/GKF06_twoway.pdf\" target=\"_blank\" rel=\"noopener noreferrer\">Alimentadores bidireccionales Two-Way<\/a><\/strong><\/strong><\/li>\n<li><a href=\"\/wp-content\/uploads\/2012\/05\/GKM04_uncoaler.pdf\"><img decoding=\"async\" class=\"alignleft size-full wp-image-12674\" src=\"https:\/\/www.generalkinematics.com\/wp-content\/uploads\/2014\/05\/brochure.png\" alt=\"folleto\" width=\"32\" height=\"32\" align=\"middle\" hspace=\"11\" srcset=\"https:\/\/www.generalkinematics.com\/wp-content\/uploads\/2014\/05\/brochure.png 32w, https:\/\/www.generalkinematics.com\/wp-content\/uploads\/2014\/05\/brochure-200x200.png 200w, https:\/\/www.generalkinematics.com\/wp-content\/uploads\/2014\/05\/brochure-100x100.png 100w, https:\/\/www.generalkinematics.com\/wp-content\/uploads\/2014\/05\/brochure-150x150.png 150w, https:\/\/www.generalkinematics.com\/wp-content\/uploads\/2014\/05\/brochure-250x250.png 250w, https:\/\/www.generalkinematics.com\/wp-content\/uploads\/2014\/05\/brochure-50x50.png 50w, https:\/\/www.generalkinematics.com\/wp-content\/uploads\/2014\/05\/brochure-479x500.png 479w, https:\/\/www.generalkinematics.com\/wp-content\/uploads\/2014\/05\/brochure-600x600.png 600w, https:\/\/www.generalkinematics.com\/wp-content\/uploads\/2014\/05\/brochure-90x90.png 90w\" sizes=\"(max-width: 639px) 98vw, (max-width: 1199px) 64vw, 32px\" \/><\/a><strong><strong><a href=\"\/wp-content\/uploads\/2012\/05\/GKM04_uncoaler.pdf\" target=\"_blank\" rel=\"noopener noreferrer\">Activador lagunar alimentador Un-Coaler<\/a><\/strong><\/strong><\/li>\n<li><a href=\"\/wp-content\/uploads\/2012\/05\/GKF02_Feeders_small.pdf\"><img decoding=\"async\" class=\"alignleft size-full wp-image-12674\" src=\"https:\/\/www.generalkinematics.com\/wp-content\/uploads\/2014\/05\/brochure.png\" alt=\"folleto\" width=\"32\" height=\"32\" align=\"middle\" hspace=\"11\" srcset=\"https:\/\/www.generalkinematics.com\/wp-content\/uploads\/2014\/05\/brochure.png 32w, https:\/\/www.generalkinematics.com\/wp-content\/uploads\/2014\/05\/brochure-200x200.png 200w, https:\/\/www.generalkinematics.com\/wp-content\/uploads\/2014\/05\/brochure-100x100.png 100w, https:\/\/www.generalkinematics.com\/wp-content\/uploads\/2014\/05\/brochure-150x150.png 150w, https:\/\/www.generalkinematics.com\/wp-content\/uploads\/2014\/05\/brochure-250x250.png 250w, https:\/\/www.generalkinematics.com\/wp-content\/uploads\/2014\/05\/brochure-50x50.png 50w, https:\/\/www.generalkinematics.com\/wp-content\/uploads\/2014\/05\/brochure-479x500.png 479w, https:\/\/www.generalkinematics.com\/wp-content\/uploads\/2014\/05\/brochure-600x600.png 600w, https:\/\/www.generalkinematics.com\/wp-content\/uploads\/2014\/05\/brochure-90x90.png 90w\" sizes=\"(max-width: 639px) 98vw, (max-width: 1199px) 64vw, 32px\" \/><\/a><a href=\"\/wp-content\/uploads\/2012\/05\/GKF02_Feeders_small.pdf\" target=\"_blank\" rel=\"noopener noreferrer\"><strong>Alimentadores vibratorios<\/strong><\/a><\/li>\n<li><a href=\"\/wp-content\/uploads\/2012\/05\/GKM03_Feeders.pdf\"><img decoding=\"async\" class=\"alignleft size-full wp-image-12674\" src=\"https:\/\/www.generalkinematics.com\/wp-content\/uploads\/2014\/05\/brochure.png\" alt=\"folleto\" width=\"32\" height=\"32\" align=\"middle\" hspace=\"11\" srcset=\"https:\/\/www.generalkinematics.com\/wp-content\/uploads\/2014\/05\/brochure.png 32w, https:\/\/www.generalkinematics.com\/wp-content\/uploads\/2014\/05\/brochure-200x200.png 200w, https:\/\/www.generalkinematics.com\/wp-content\/uploads\/2014\/05\/brochure-100x100.png 100w, https:\/\/www.generalkinematics.com\/wp-content\/uploads\/2014\/05\/brochure-150x150.png 150w, https:\/\/www.generalkinematics.com\/wp-content\/uploads\/2014\/05\/brochure-250x250.png 250w, https:\/\/www.generalkinematics.com\/wp-content\/uploads\/2014\/05\/brochure-50x50.png 50w, https:\/\/www.generalkinematics.com\/wp-content\/uploads\/2014\/05\/brochure-479x500.png 479w, https:\/\/www.generalkinematics.com\/wp-content\/uploads\/2014\/05\/brochure-600x600.png 600w, https:\/\/www.generalkinematics.com\/wp-content\/uploads\/2014\/05\/brochure-90x90.png 90w\" sizes=\"(max-width: 639px) 98vw, (max-width: 1199px) 64vw, 32px\" \/><\/a><a href=\"\/wp-content\/uploads\/2012\/05\/GKM03_Feeders.pdf\" target=\"_blank\" rel=\"noopener noreferrer\"><strong>Alimentadores vibratorios de bandeja<\/strong><\/a><\/li>\n<\/ul>\n<h2>Informaci\u00f3n sobre el alimentador vibratorio legado PARA-MOUNT\u00ae:<\/h2>\n<p>Con instalaciones en funcionamiento despu\u00e9s de m\u00e1s de 40 a\u00f1os, los alimentadores vibratorios<strong> PARA-MOUNT\u00ae <\/strong> de General Kinematics ofrecen desempe\u00f1o superior y sin igual en aplicaciones con flujo regulable o fijo. Con instalaciones legadas en todo el mundo, General Kinematics a\u00fan tiene en inventario todas las piezas y componentes de repuesto para mantener en funcionamiento su alimentador <strong>PARA-MOUNT\u00ae <\/strong> original.<\/p>\n<ul>\n<li><a href=\"https:\/\/www.generalkinematics.com\/es\/solucion-de-problemas-del-alimentador-para-mount\/\" target=\"_blank\" rel=\"noopener noreferrer\">Gu\u00eda para la soluci\u00f3n de problemas de las unidades Para-Mount<\/a><\/li>\n<li><a href=\"https:\/\/www.generalkinematics.com\/es\/tablas-de-capacidad-de-las-unidades-para-mount\/\" target=\"_blank\" rel=\"noopener noreferrer\">Informaci\u00f3n sobre la capacidad de las unidades Para-Mount<\/a><\/li>\n<\/ul>\n<p>&nbsp;<\/p>\n<h2>Art\u00edculos<\/h2>\n<ul>\n<li><a href=\"\/new-developments-of-vibratory-feeders-for-large-bulk-material-reclaim-systems-gk-feeders\/\" target=\"_blank\" rel=\"noopener noreferrer\">Nuevos avances de los alimentadores vibratorios para los grandes sistemas de recuperaci\u00f3n de materiales a granel.<\/a><\/li>\n<li><a href=\"https:\/\/www.generalkinematics.com\/es\/alimentadores-vibratorios-para-almacenaje-y-recuperacion-alimentadores-de-gk\/\" target=\"_blank\" rel=\"noopener noreferrer\">Alimentadores vibratorios para almacenaje y recuperaci\u00f3n<\/a><\/li>\n<\/ul>\n<p>&nbsp;<\/p>\n<h2>Tablas de dimensionamiento:<\/h2>\n<ul>\n<li><a href=\"https:\/\/www.generalkinematics.com\/es\/tablas-de-tamanos-del-alimentador-vibratorio\/\" target=\"_blank\" rel=\"noopener noreferrer\">Alimentadores vibratorios PARA-MOUNT II\u00ae<\/a><\/li>\n<li><a href=\"https:\/\/www.generalkinematics.com\/es\/producto\/gk-activador-alimentador-un-coaler\/\" target=\"_blank\" rel=\"noopener noreferrer\">Alimentadores activadores UN-COALER\u00ae<\/a><\/li>\n<li><a href=\"https:\/\/www.generalkinematics.com\/es\/tablas-de-tamanos-de-la-serie-s\/\" target=\"_blank\" rel=\"noopener noreferrer\">Alimentadores vibratorios de la SERIE-S<\/a><\/li>\n<\/ul>\n","protected":false},"excerpt":{"rendered":"<p>INFORMACI\u00d3N T\u00c9CNICA Informaci\u00f3n y aspectos relevantes sobre los alimentadores vibratorios de GK. Alimentadores vibratorios | Activador\/Alimentadores UN-COALER\u00ae Informaci\u00f3n t\u00e9cnica | Piezas y Servicio &nbsp; Folletos: Activadores de silos Alimentadores de recorrido alto 101 clases de alimentadores vibratorios Sistemas de carga de contenedores Load-Rite Alimentadores bidireccionales Two-Way Activador lagunar alimentador Un-Coaler Alimentadores vibratorios Alimentadores vibratorios de [&hellip;]<\/p>\n","protected":false},"author":5,"featured_media":0,"parent":0,"menu_order":0,"comment_status":"open","ping_status":"open","template":"","meta":{"_acf_changed":false,"om_disable_all_campaigns":false,"ep_exclude_from_search":false,"footnotes":""},"class_list":["post-44104","page","type-page","status-publish","hentry"],"acf":[],"yoast_head":"<!-- This site is optimized with the Yoast SEO plugin v27.2 - https:\/\/yoast.com\/product\/yoast-seo-wordpress\/ -->\n<title>Informaci\u00f3n industrial | General Kinematics<\/title>\n<meta name=\"description\" content=\"Descargue nuestras gu\u00edas, tablas y art\u00edculos con toda la informaci\u00f3n t\u00e9cnica industrial de los alimentadores vibratorios de General Kinematics y familiar\u00edcese con todos sus detalles.\" \/>\n<meta name=\"robots\" content=\"index, follow, max-snippet:-1, max-image-preview:large, max-video-preview:-1\" \/>\n<link rel=\"canonical\" href=\"https:\/\/www.generalkinematics.com\/es\/informacion-tecnica-alimentadores-de-gk\/\" \/>\n<meta property=\"og:locale\" content=\"es_ES\" \/>\n<meta property=\"og:type\" content=\"article\" \/>\n<meta property=\"og:title\" content=\"Informaci\u00f3n industrial | General Kinematics\" \/>\n<meta property=\"og:description\" content=\"Descargue nuestras gu\u00edas, tablas y art\u00edculos con toda la informaci\u00f3n t\u00e9cnica industrial de los alimentadores vibratorios de General Kinematics y familiar\u00edcese con todos sus detalles.\" \/>\n<meta property=\"og:url\" content=\"https:\/\/www.generalkinematics.com\/es\/informacion-tecnica-alimentadores-de-gk\/\" \/>\n<meta property=\"og:site_name\" content=\"General Kinematics\" \/>\n<meta property=\"article:publisher\" content=\"https:\/\/www.facebook.com\/generalkinematics\" \/>\n<meta property=\"article:modified_time\" content=\"2024-06-28T15:44:52+00:00\" \/>\n<meta property=\"og:image\" content=\"https:\/\/www.generalkinematics.com\/wp-content\/uploads\/2014\/05\/brochure.png\" \/>\n<meta name=\"twitter:card\" content=\"summary_large_image\" \/>\n<meta name=\"twitter:site\" content=\"@gkvibrating\" \/>\n<meta name=\"twitter:label1\" content=\"Tiempo de lectura\" \/>\n\t<meta name=\"twitter:data1\" content=\"1 minuto\" \/>\n<!-- \/ Yoast SEO plugin. -->","yoast_head_json":{"title":"Informaci\u00f3n industrial | General Kinematics","description":"Descargue nuestras gu\u00edas, tablas y art\u00edculos con toda la informaci\u00f3n t\u00e9cnica industrial de los alimentadores vibratorios de General Kinematics y familiar\u00edcese con todos sus detalles.","robots":{"index":"index","follow":"follow","max-snippet":"max-snippet:-1","max-image-preview":"max-image-preview:large","max-video-preview":"max-video-preview:-1"},"canonical":"https:\/\/www.generalkinematics.com\/es\/informacion-tecnica-alimentadores-de-gk\/","og_locale":"es_ES","og_type":"article","og_title":"Informaci\u00f3n industrial | General Kinematics","og_description":"Descargue nuestras gu\u00edas, tablas y art\u00edculos con toda la informaci\u00f3n t\u00e9cnica industrial de los alimentadores vibratorios de General Kinematics y familiar\u00edcese con todos sus detalles.","og_url":"https:\/\/www.generalkinematics.com\/es\/informacion-tecnica-alimentadores-de-gk\/","og_site_name":"General Kinematics","article_publisher":"https:\/\/www.facebook.com\/generalkinematics","article_modified_time":"2024-06-28T15:44:52+00:00","og_image":[{"url":"https:\/\/www.generalkinematics.com\/wp-content\/uploads\/2014\/05\/brochure.png","type":"","width":"","height":""}],"twitter_card":"summary_large_image","twitter_site":"@gkvibrating","twitter_misc":{"Tiempo de lectura":"1 minuto"},"schema":{"@context":"https:\/\/schema.org","@graph":[{"@type":"WebPage","@id":"https:\/\/www.generalkinematics.com\/es\/informacion-tecnica-alimentadores-de-gk\/","url":"https:\/\/www.generalkinematics.com\/es\/informacion-tecnica-alimentadores-de-gk\/","name":"Informaci\u00f3n industrial | General Kinematics","isPartOf":{"@id":"https:\/\/www.generalkinematics.com\/es\/#website"},"primaryImageOfPage":{"@id":"https:\/\/www.generalkinematics.com\/es\/informacion-tecnica-alimentadores-de-gk\/#primaryimage"},"image":{"@id":"https:\/\/www.generalkinematics.com\/es\/informacion-tecnica-alimentadores-de-gk\/#primaryimage"},"thumbnailUrl":"https:\/\/www.generalkinematics.com\/wp-content\/uploads\/2014\/05\/brochure.png","datePublished":"2012-05-05T23:31:00+00:00","dateModified":"2024-06-28T15:44:52+00:00","description":"Descargue nuestras gu\u00edas, tablas y art\u00edculos con toda la informaci\u00f3n t\u00e9cnica industrial de los alimentadores vibratorios de General Kinematics y familiar\u00edcese con todos sus detalles.","breadcrumb":{"@id":"https:\/\/www.generalkinematics.com\/es\/informacion-tecnica-alimentadores-de-gk\/#breadcrumb"},"inLanguage":"es","potentialAction":[{"@type":"ReadAction","target":["https:\/\/www.generalkinematics.com\/es\/informacion-tecnica-alimentadores-de-gk\/"]}]},{"@type":"ImageObject","inLanguage":"es","@id":"https:\/\/www.generalkinematics.com\/es\/informacion-tecnica-alimentadores-de-gk\/#primaryimage","url":"https:\/\/www.generalkinematics.com\/wp-content\/uploads\/2014\/05\/brochure.png","contentUrl":"https:\/\/www.generalkinematics.com\/wp-content\/uploads\/2014\/05\/brochure.png"},{"@type":"BreadcrumbList","@id":"https:\/\/www.generalkinematics.com\/es\/informacion-tecnica-alimentadores-de-gk\/#breadcrumb","itemListElement":[{"@type":"ListItem","position":1,"name":"GK Home","item":"https:\/\/www.generalkinematics.com\/es\/"},{"@type":"ListItem","position":2,"name":"Informaci\u00f3n t\u00e9cnica | Alimentadores de GK"}]},{"@type":"WebSite","@id":"https:\/\/www.generalkinematics.com\/es\/#website","url":"https:\/\/www.generalkinematics.com\/es\/","name":"General Kinematics","description":"","publisher":{"@id":"https:\/\/www.generalkinematics.com\/es\/#organization"},"potentialAction":[{"@type":"SearchAction","target":{"@type":"EntryPoint","urlTemplate":"https:\/\/www.generalkinematics.com\/es\/?s={search_term_string}"},"query-input":{"@type":"PropertyValueSpecification","valueRequired":true,"valueName":"search_term_string"}}],"inLanguage":"es"},{"@type":"Organization","@id":"https:\/\/www.generalkinematics.com\/es\/#organization","name":"General Kinematics","url":"https:\/\/www.generalkinematics.com\/es\/","logo":{"@type":"ImageObject","inLanguage":"es","@id":"https:\/\/www.generalkinematics.com\/es\/#\/schema\/logo\/image\/","url":"https:\/\/media.generalkinematics.com\/wp-content\/uploads\/2018\/03\/logo.png","contentUrl":"https:\/\/media.generalkinematics.com\/wp-content\/uploads\/2018\/03\/logo.png","width":313,"height":100,"caption":"General Kinematics"},"image":{"@id":"https:\/\/www.generalkinematics.com\/es\/#\/schema\/logo\/image\/"},"sameAs":["https:\/\/www.facebook.com\/generalkinematics","https:\/\/x.com\/gkvibrating"]}]}},"_links":{"self":[{"href":"https:\/\/www.generalkinematics.com\/es\/wp-json\/wp\/v2\/pages\/44104","targetHints":{"allow":["GET"]}}],"collection":[{"href":"https:\/\/www.generalkinematics.com\/es\/wp-json\/wp\/v2\/pages"}],"about":[{"href":"https:\/\/www.generalkinematics.com\/es\/wp-json\/wp\/v2\/types\/page"}],"author":[{"embeddable":true,"href":"https:\/\/www.generalkinematics.com\/es\/wp-json\/wp\/v2\/users\/5"}],"replies":[{"embeddable":true,"href":"https:\/\/www.generalkinematics.com\/es\/wp-json\/wp\/v2\/comments?post=44104"}],"version-history":[{"count":0,"href":"https:\/\/www.generalkinematics.com\/es\/wp-json\/wp\/v2\/pages\/44104\/revisions"}],"wp:attachment":[{"href":"https:\/\/www.generalkinematics.com\/es\/wp-json\/wp\/v2\/media?parent=44104"}],"curies":[{"name":"wp","href":"https:\/\/api.w.org\/{rel}","templated":true}]}}