{"id":44105,"date":"2012-05-05T18:32:17","date_gmt":"2012-05-05T23:32:17","guid":{"rendered":"https:\/\/www.generalkinematics.com\/piezas-para-alimentadores-vibratorios-alimentadores-de-gk\/"},"modified":"2018-09-28T09:29:35","modified_gmt":"2018-09-28T14:29:35","slug":"piezas-para-alimentadores-vibratorios-alimentadores-de-gk","status":"publish","type":"page","link":"https:\/\/www.generalkinematics.com\/es\/piezas-para-alimentadores-vibratorios-alimentadores-de-gk\/","title":{"rendered":"Piezas para alimentadores vibratorios | Alimentadores de GK"},"content":{"rendered":"<h1>PIEZAS Y SERVICIO PARA LOS ALIMENTADORES VIBRATORIOS<\/h1>\n<h2>Piezas y accesorios para todas las marcas m\u00e1s importantes de equipos vibratorios:<\/h2>\n<p style=\"text-align: center;\"><a href=\"https:\/\/www.generalkinematics.com\/es\/soluciones-vibratorias-de-alimentacion-alimentadores-de-gk\/\">Alimentadores vibratorios<\/a> | <a href=\"https:\/\/www.generalkinematics.com\/es\/tamanos-estandar-de-los-alimentadores-alimentadores-de-gk\/\">Activador \/ Alimentadores UN-COALER\u00ae<\/a> | <a href=\"https:\/\/www.generalkinematics.com\/es\/informacion-tecnica-alimentadores-de-gk\/\">Informaci\u00f3n t\u00e9cnica<\/a> | <a href=\"https:\/\/www.generalkinematics.com\/es\/piezas-para-alimentadores-vibratorios-alimentadores-de-gk\/\">Piezas y Servicio<\/a><\/p>\n<p class=\"bodytext14\" align=\"left\">General Kinematics se enorgullece de su servicio de asistencia al cliente. Sea que tenga un equipo vibratorio de GK o de otra marca, estamos aqu\u00ed para ayudarle a mantener sus procesos en funcionamiento. GK est\u00e1 disponible en l\u00ednea y en persona las 24 horas del d\u00eda para ayudarle a resolver los problemas de sus equipos o procesos. Si necesita piezas de repuesto para equipos vibratorios de GK o de otras marcas, visite nuestro sitio web de piezas (cuyo v\u00ednculo aparece debajo); ll\u00e1menos inmediatamente para ayudarle al <span class=\"number\">815-455-3222; o env\u00ede en cualquier momento un mensaje a nuestra <a href=\"mailto:Service@GeneralKinematics.com\" target=\"_blank\" rel=\"noopener\">direcci\u00f3n de correo electr\u00f3nico haciendo clic aqu\u00ed<\/a>.\u00a0<\/span><\/p>\n<div align=\"center\">\n<p>\u00a0<img decoding=\"async\" class=\" size-medium wp-image-13156 aligncenter\" src=\"https:\/\/www.generalkinematics.com\/wp-content\/uploads\/2012\/04\/GK-Parts-logo-390x105.jpg\" alt=\"Logotipo de piezas de GK\" width=\"390\" height=\"105\" srcset=\"https:\/\/www.generalkinematics.com\/wp-content\/uploads\/2012\/04\/GK-Parts-logo-390x105.jpg 390w, https:\/\/www.generalkinematics.com\/wp-content\/uploads\/2012\/04\/GK-Parts-logo-300x81.jpg 300w, https:\/\/www.generalkinematics.com\/wp-content\/uploads\/2012\/04\/GK-Parts-logo-768x208.jpg 768w, https:\/\/www.generalkinematics.com\/wp-content\/uploads\/2012\/04\/GK-Parts-logo-1024x277.jpg 1024w, https:\/\/www.generalkinematics.com\/wp-content\/uploads\/2012\/04\/GK-Parts-logo.jpg 1986w\" sizes=\"(max-width: 639px) 98vw, (max-width: 1199px) 64vw, 390px\" \/><\/p>\n<p><a class=\"products_headline2\" href=\"\/gkparts\/\"><strong>VISITE GKPARTS.COM\u00ae <\/strong><\/a><\/p>\n<hr \/>\n<h3 class=\"bodytext14\" align=\"left\"><strong class=\"redtext\">CONTACTAR AL SERVICIO DE ATENCI\u00d3N AL CLIENTE <\/strong><\/h3>\n<\/div>\n<p class=\"bodytext14\" align=\"left\">Los representantes del Servicio de atenci\u00f3n al cliente de GK est\u00e1n disponibles las 24 horas del d\u00eda, 7 d\u00edas de la semana. Puede contactar a nuestros profesionales de servicio de lunes a viernes durante nuestro horario normal de trabajo<\/p>\n<p>entre las 7 A.M. y las 5 P.M. hora est\u00e1ndar del centro. Para asistencia fuera de las horas normales de trabajo, s\u00edrvase llamar a los n\u00fameros que aparecen debajo\u2026<\/p>\n<p>&nbsp;<\/p>\n<div align=\"center\">\n<table class=\"bodytext\" border=\"1\" width=\"364\" cellspacing=\"0\" cellpadding=\"0\" align=\"center\">\n<tbody>\n<tr>\n<td class=\"regtext\" width=\"62\" height=\"26\"><strong><a href=\"mailto:rniemi@generalkinematics.com\">Ron Niemi <\/a><\/strong><\/td>\n<td class=\"regtext\" width=\"177\">Ventas de componentes<\/td>\n<td class=\"bodytext\" align=\"right\" width=\"117\">\n<p class=\"bodytext\" align=\"left\">(847) 274-6070<\/p>\n<\/td>\n<\/tr>\n<tr>\n<td class=\"regtext\" height=\"29\"><a href=\"mailto:cschuett@generalkinematics.com\"><strong>Carl Schuett<\/strong><\/a><\/td>\n<td class=\"regtext\">Gerente de servicios de campo<\/td>\n<td class=\"bodytext\" align=\"right\">\n<p class=\"bodytext\" align=\"left\">(815)\u00a0455-3222 *<\/p>\n<\/td>\n<\/tr>\n<tr>\n<td class=\"regtext\"><a href=\"mailto:rsmith@generalkinematics.com\"><strong>Randy Smith<\/strong><\/a><\/td>\n<td class=\"regtext\">Vicepresidente de Servicios t\u00e9cnicos y Venta de componentes<\/td>\n<td class=\"bodytext\" align=\"right\">\n<p class=\"bodytext\" align=\"left\">(847) 420-5306<\/p>\n<\/td>\n<\/tr>\n<\/tbody>\n<\/table>\n<p style=\"text-align: center;\">*Presione 1 para Piezas; Presione 2 para Servicio<\/p>\n<p>&nbsp;<\/p>\n<\/div>\n<h3 class=\"bodytext14\" align=\"left\"><strong class=\"redtext\">SERVICIO Y CAPACITACI\u00d3N IN SITU<\/strong><\/h3>\n<p>Siempre que necesite asistencia t\u00e9cnica para sus equipos vibratorios, llame a nuestro <strong><em>\u00abHombre el movimiento\u00bb. de General Kinematics. <\/em><\/strong>Nuestro personal est\u00e1 disponible para ayudarle a diagnosticar, inspeccionar y reparar sus equipos vibratorios. El equipo de servicios de General Kinematics est\u00e1 especialmente capacitado para comprender la din\u00e1mica de los equipos vibratorios y para resolver los problemas relacionados con sus equipos.<\/p>\n<p>Llame hoy mismo a General Kinematics y simplemente pregunte por nuestro departamento de servicio al cliente. Trabajamos con usted para mejorar la base de conocimientos y el conjunto de habilidades de su fuerza de trabajo. \u00a1Esto ser\u00e1 parte de esa ventaja competitiva que es tan primordial en el entorno mundial actual!<\/p>\n","protected":false},"excerpt":{"rendered":"<p>PIEZAS Y SERVICIO PARA LOS ALIMENTADORES VIBRATORIOS Piezas y accesorios para todas las marcas m\u00e1s importantes de equipos vibratorios: Alimentadores vibratorios | Activador \/ Alimentadores UN-COALER\u00ae | Informaci\u00f3n t\u00e9cnica | Piezas y Servicio General Kinematics se enorgullece de su servicio de asistencia al cliente. Sea que tenga un equipo vibratorio de GK o de otra [&hellip;]<\/p>\n","protected":false},"author":5,"featured_media":0,"parent":0,"menu_order":0,"comment_status":"open","ping_status":"open","template":"","meta":{"_acf_changed":false,"om_disable_all_campaigns":false,"ep_exclude_from_search":false,"footnotes":""},"class_list":["post-44105","page","type-page","status-publish","hentry"],"acf":[],"yoast_head":"<!-- This site is optimized with the Yoast SEO plugin v27.2 - https:\/\/yoast.com\/product\/yoast-seo-wordpress\/ -->\n<title>Repuestos de m\u00e1quinas industriales vibratorias | General Kinematics<\/title>\n<meta name=\"description\" content=\"Contacte con el servicio de repuestos de m\u00e1quinas industriales vibratorias de General Kinematics si busca urgentemente accesorios para alimentadores de vibraci\u00f3n. Estamos disponibles 24 horas al d\u00eda.\" \/>\n<meta name=\"robots\" content=\"index, follow, max-snippet:-1, max-image-preview:large, max-video-preview:-1\" \/>\n<link rel=\"canonical\" href=\"https:\/\/www.generalkinematics.com\/es\/piezas-para-alimentadores-vibratorios-alimentadores-de-gk\/\" \/>\n<meta property=\"og:locale\" content=\"es_ES\" \/>\n<meta property=\"og:type\" content=\"article\" \/>\n<meta property=\"og:title\" content=\"Repuestos de m\u00e1quinas industriales vibratorias | General Kinematics\" \/>\n<meta property=\"og:description\" content=\"Contacte con el servicio de repuestos de m\u00e1quinas industriales vibratorias de General Kinematics si busca urgentemente accesorios para alimentadores de vibraci\u00f3n. Estamos disponibles 24 horas al d\u00eda.\" \/>\n<meta property=\"og:url\" content=\"https:\/\/www.generalkinematics.com\/es\/piezas-para-alimentadores-vibratorios-alimentadores-de-gk\/\" \/>\n<meta property=\"og:site_name\" content=\"General Kinematics\" \/>\n<meta property=\"article:publisher\" content=\"https:\/\/www.facebook.com\/generalkinematics\" \/>\n<meta property=\"article:modified_time\" content=\"2018-09-28T14:29:35+00:00\" \/>\n<meta property=\"og:image\" content=\"https:\/\/www.generalkinematics.com\/wp-content\/uploads\/2012\/04\/GK-Parts-logo-390x105.jpg\" \/>\n<meta name=\"twitter:card\" content=\"summary_large_image\" \/>\n<meta name=\"twitter:site\" content=\"@gkvibrating\" \/>\n<meta name=\"twitter:label1\" content=\"Tiempo de lectura\" \/>\n\t<meta name=\"twitter:data1\" content=\"2 minutos\" \/>\n<!-- \/ Yoast SEO plugin. -->","yoast_head_json":{"title":"Repuestos de m\u00e1quinas industriales vibratorias | General Kinematics","description":"Contacte con el servicio de repuestos de m\u00e1quinas industriales vibratorias de General Kinematics si busca urgentemente accesorios para alimentadores de vibraci\u00f3n. Estamos disponibles 24 horas al d\u00eda.","robots":{"index":"index","follow":"follow","max-snippet":"max-snippet:-1","max-image-preview":"max-image-preview:large","max-video-preview":"max-video-preview:-1"},"canonical":"https:\/\/www.generalkinematics.com\/es\/piezas-para-alimentadores-vibratorios-alimentadores-de-gk\/","og_locale":"es_ES","og_type":"article","og_title":"Repuestos de m\u00e1quinas industriales vibratorias | General Kinematics","og_description":"Contacte con el servicio de repuestos de m\u00e1quinas industriales vibratorias de General Kinematics si busca urgentemente accesorios para alimentadores de vibraci\u00f3n. Estamos disponibles 24 horas al d\u00eda.","og_url":"https:\/\/www.generalkinematics.com\/es\/piezas-para-alimentadores-vibratorios-alimentadores-de-gk\/","og_site_name":"General Kinematics","article_publisher":"https:\/\/www.facebook.com\/generalkinematics","article_modified_time":"2018-09-28T14:29:35+00:00","og_image":[{"url":"https:\/\/www.generalkinematics.com\/wp-content\/uploads\/2012\/04\/GK-Parts-logo-390x105.jpg","type":"","width":"","height":""}],"twitter_card":"summary_large_image","twitter_site":"@gkvibrating","twitter_misc":{"Tiempo de lectura":"2 minutos"},"schema":{"@context":"https:\/\/schema.org","@graph":[{"@type":"WebPage","@id":"https:\/\/www.generalkinematics.com\/es\/piezas-para-alimentadores-vibratorios-alimentadores-de-gk\/","url":"https:\/\/www.generalkinematics.com\/es\/piezas-para-alimentadores-vibratorios-alimentadores-de-gk\/","name":"Repuestos de m\u00e1quinas industriales vibratorias | General Kinematics","isPartOf":{"@id":"https:\/\/www.generalkinematics.com\/es\/#website"},"primaryImageOfPage":{"@id":"https:\/\/www.generalkinematics.com\/es\/piezas-para-alimentadores-vibratorios-alimentadores-de-gk\/#primaryimage"},"image":{"@id":"https:\/\/www.generalkinematics.com\/es\/piezas-para-alimentadores-vibratorios-alimentadores-de-gk\/#primaryimage"},"thumbnailUrl":"https:\/\/www.generalkinematics.com\/wp-content\/uploads\/2012\/04\/GK-Parts-logo-390x105.jpg","datePublished":"2012-05-05T23:32:17+00:00","dateModified":"2018-09-28T14:29:35+00:00","description":"Contacte con el servicio de repuestos de m\u00e1quinas industriales vibratorias de General Kinematics si busca urgentemente accesorios para alimentadores de vibraci\u00f3n. Estamos disponibles 24 horas al d\u00eda.","breadcrumb":{"@id":"https:\/\/www.generalkinematics.com\/es\/piezas-para-alimentadores-vibratorios-alimentadores-de-gk\/#breadcrumb"},"inLanguage":"es","potentialAction":[{"@type":"ReadAction","target":["https:\/\/www.generalkinematics.com\/es\/piezas-para-alimentadores-vibratorios-alimentadores-de-gk\/"]}]},{"@type":"ImageObject","inLanguage":"es","@id":"https:\/\/www.generalkinematics.com\/es\/piezas-para-alimentadores-vibratorios-alimentadores-de-gk\/#primaryimage","url":"https:\/\/www.generalkinematics.com\/wp-content\/uploads\/2012\/04\/GK-Parts-logo-390x105.jpg","contentUrl":"https:\/\/www.generalkinematics.com\/wp-content\/uploads\/2012\/04\/GK-Parts-logo-390x105.jpg"},{"@type":"BreadcrumbList","@id":"https:\/\/www.generalkinematics.com\/es\/piezas-para-alimentadores-vibratorios-alimentadores-de-gk\/#breadcrumb","itemListElement":[{"@type":"ListItem","position":1,"name":"GK Home","item":"https:\/\/www.generalkinematics.com\/es\/"},{"@type":"ListItem","position":2,"name":"Piezas para alimentadores vibratorios | Alimentadores de GK"}]},{"@type":"WebSite","@id":"https:\/\/www.generalkinematics.com\/es\/#website","url":"https:\/\/www.generalkinematics.com\/es\/","name":"General Kinematics","description":"","publisher":{"@id":"https:\/\/www.generalkinematics.com\/es\/#organization"},"potentialAction":[{"@type":"SearchAction","target":{"@type":"EntryPoint","urlTemplate":"https:\/\/www.generalkinematics.com\/es\/?s={search_term_string}"},"query-input":{"@type":"PropertyValueSpecification","valueRequired":true,"valueName":"search_term_string"}}],"inLanguage":"es"},{"@type":"Organization","@id":"https:\/\/www.generalkinematics.com\/es\/#organization","name":"General Kinematics","url":"https:\/\/www.generalkinematics.com\/es\/","logo":{"@type":"ImageObject","inLanguage":"es","@id":"https:\/\/www.generalkinematics.com\/es\/#\/schema\/logo\/image\/","url":"https:\/\/media.generalkinematics.com\/wp-content\/uploads\/2018\/03\/logo.png","contentUrl":"https:\/\/media.generalkinematics.com\/wp-content\/uploads\/2018\/03\/logo.png","width":313,"height":100,"caption":"General Kinematics"},"image":{"@id":"https:\/\/www.generalkinematics.com\/es\/#\/schema\/logo\/image\/"},"sameAs":["https:\/\/www.facebook.com\/generalkinematics","https:\/\/x.com\/gkvibrating"]}]}},"_links":{"self":[{"href":"https:\/\/www.generalkinematics.com\/es\/wp-json\/wp\/v2\/pages\/44105","targetHints":{"allow":["GET"]}}],"collection":[{"href":"https:\/\/www.generalkinematics.com\/es\/wp-json\/wp\/v2\/pages"}],"about":[{"href":"https:\/\/www.generalkinematics.com\/es\/wp-json\/wp\/v2\/types\/page"}],"author":[{"embeddable":true,"href":"https:\/\/www.generalkinematics.com\/es\/wp-json\/wp\/v2\/users\/5"}],"replies":[{"embeddable":true,"href":"https:\/\/www.generalkinematics.com\/es\/wp-json\/wp\/v2\/comments?post=44105"}],"version-history":[{"count":0,"href":"https:\/\/www.generalkinematics.com\/es\/wp-json\/wp\/v2\/pages\/44105\/revisions"}],"wp:attachment":[{"href":"https:\/\/www.generalkinematics.com\/es\/wp-json\/wp\/v2\/media?parent=44105"}],"curies":[{"name":"wp","href":"https:\/\/api.w.org\/{rel}","templated":true}]}}