{"id":44107,"date":"2012-05-05T19:54:24","date_gmt":"2012-05-06T00:54:24","guid":{"rendered":"https:\/\/www.generalkinematics.com\/tablas-de-capacidad-de-las-unidades-para-mount\/"},"modified":"2018-09-27T17:53:04","modified_gmt":"2018-09-27T22:53:04","slug":"tablas-de-capacidad-de-las-unidades-para-mount","status":"publish","type":"page","link":"https:\/\/www.generalkinematics.com\/es\/tablas-de-capacidad-de-las-unidades-para-mount\/","title":{"rendered":"Tablas de capacidad de las unidades Para-Mount"},"content":{"rendered":"<p><a href=\"https:\/\/www.generalkinematics.com\/es\/soluciones-vibratorias-de-alimentacion-alimentadores-de-gk\/\">Alimentadores vibratorios<\/a> | <a href=\"https:\/\/www.generalkinematics.com\/es\/tamanos-estandar-de-los-alimentadores-alimentadores-de-gk\/\">Activador \/ Alimentadores Un-Coaler<\/a> | <a href=\"https:\/\/www.generalkinematics.com\/es\/informacion-tecnica-alimentadores-de-gk\/\">Informaci\u00f3n t\u00e9cnica<\/a> | <a href=\"https:\/\/www.generalkinematics.com\/es\/piezas-para-alimentadores-vibratorios-alimentadores-de-gk\/\">Piezas y Servicio<\/a><\/p>\n<h1 class=\"pagetitle\">ALIMENTADORES VIBRATORIOS PARA-MOUNT\u00ae<\/h1>\n<h2 class=\"products_headline2\">Informaci\u00f3n sobre la capacidad<\/h2>\n<p>&nbsp;<\/p>\n<hr \/>\n<p><img decoding=\"async\" src=\"https:\/\/www.generalkinematics.com\/wp-content\/uploads\/2012\/05\/capacitychart-1.png\" alt=\"\" width=\"350\" height=\"556\" align=\"right\" \/><\/p>\n<p>&nbsp;<\/p>\n<p class=\"bodytext14\">Si dispone actualmente de un alimentador <strong>PARA-MOUNT\u00ae<\/strong> de General Kinematics y busca determinar la capacidad que puede obtener de la m\u00e1quina, consulte la tabla que aparece a la derecha.<\/p>\n<p>&nbsp;<\/p>\n<p class=\"bodytext14\">Las capacidades indicadas en la tabla son gu\u00edas para determinar la anchura de la bandeja recomendada con base en una densidad a granel conocida y la capacidad deseada.<\/p>\n<p>&nbsp;<\/p>\n<p class=\"bodytext14\">Como ejemplo, considere 650 TPH de carb\u00f3n a 50 PCF. Extienda la l\u00ednea horizontal a partir del 650 sobre el eje vertical para cruzarse con una l\u00ednea extendida desde 50 en el eje horizontal \u2013 la intersecci\u00f3n indica una bandeja de 60&#8243; de ancho.<\/p>\n<p>&nbsp;<\/p>\n<p class=\"bodytext14\">La tabla debe usarse como gu\u00eda \u00fanicamente porque los flujos de alimentaci\u00f3n var\u00edan con las caracter\u00edsticas del material, por ejemplo la distribuci\u00f3n del tama\u00f1o de la part\u00edcula, el contenido de humedad, el \u00e1ngulo de respuesta y la densidad a granel. El desplazamiento m\u00e1ximo del material se obtiene bajando el alimentador en concordancia con la abertura de la tolva, el \u00e1ngulo de respuesta y la longitud del alimentador.<\/p>\n<p>&nbsp;<\/p>\n<p class=\"bodytext14\">Algunas veces es necesario determinar la anchura y longitud del alimentador con base en la abertura m\u00ednima de la tolva necesaria para prevenir el puenteado de material.<\/p>\n<p>&nbsp;<\/p>\n<p class=\"bodytext14\">Si pretende instalar un alimentador <strong>PARA-MOUNT\u00ae<\/strong> en una nueva aplicaci\u00f3n que es diferente de la aplicaci\u00f3n original para el que fue dise\u00f1ado, <a href=\"https:\/\/www.generalkinematics.com\/es\/contactar-a-general-kinematics\/\">p\u00f3ngase en contacto con General Kinematics para obtener informaci\u00f3n sobre el proceso de instalaci\u00f3n y afinamiento.<\/a><\/p>\n","protected":false},"excerpt":{"rendered":"<p>Alimentadores vibratorios | Activador \/ Alimentadores Un-Coaler | Informaci\u00f3n t\u00e9cnica | Piezas y Servicio ALIMENTADORES VIBRATORIOS PARA-MOUNT\u00ae Informaci\u00f3n sobre la capacidad &nbsp; &nbsp; Si dispone actualmente de un alimentador PARA-MOUNT\u00ae de General Kinematics y busca determinar la capacidad que puede obtener de la m\u00e1quina, consulte la tabla que aparece a la derecha. &nbsp; Las capacidades [&hellip;]<\/p>\n","protected":false},"author":5,"featured_media":0,"parent":0,"menu_order":0,"comment_status":"open","ping_status":"open","template":"","meta":{"_acf_changed":false,"om_disable_all_campaigns":false,"ep_exclude_from_search":false,"footnotes":""},"class_list":["post-44107","page","type-page","status-publish","hentry"],"acf":[],"yoast_head":"<!-- This site is optimized with the Yoast SEO plugin v27.2 - https:\/\/yoast.com\/product\/yoast-seo-wordpress\/ -->\n<title>Capacidad de los alimentadores PARA-MOUNT II\u00ae | General Kinematics<\/title>\n<meta name=\"description\" content=\"Consulte la tabla que muestra la capacidad de los alimentadores PARA-MOUNT II\u00ae de General Kinematics. La capacidad del alimentador vibratorio sirve para determinar el ancho de canal recomendado.\" \/>\n<meta name=\"robots\" content=\"index, follow, max-snippet:-1, max-image-preview:large, max-video-preview:-1\" \/>\n<link rel=\"canonical\" href=\"https:\/\/www.generalkinematics.com\/es\/tablas-de-capacidad-de-las-unidades-para-mount\/\" \/>\n<meta property=\"og:locale\" content=\"es_ES\" \/>\n<meta property=\"og:type\" content=\"article\" \/>\n<meta property=\"og:title\" content=\"Capacidad de los alimentadores PARA-MOUNT II\u00ae | General Kinematics\" \/>\n<meta property=\"og:description\" content=\"Consulte la tabla que muestra la capacidad de los alimentadores PARA-MOUNT II\u00ae de General Kinematics. La capacidad del alimentador vibratorio sirve para determinar el ancho de canal recomendado.\" \/>\n<meta property=\"og:url\" content=\"https:\/\/www.generalkinematics.com\/es\/tablas-de-capacidad-de-las-unidades-para-mount\/\" \/>\n<meta property=\"og:site_name\" content=\"General Kinematics\" \/>\n<meta property=\"article:publisher\" content=\"https:\/\/www.facebook.com\/generalkinematics\" \/>\n<meta property=\"article:modified_time\" content=\"2018-09-27T22:53:04+00:00\" \/>\n<meta property=\"og:image\" content=\"https:\/\/www.generalkinematics.com\/wp-content\/uploads\/2012\/05\/capacitychart-1.png\" \/>\n<meta name=\"twitter:card\" content=\"summary_large_image\" \/>\n<meta name=\"twitter:site\" content=\"@gkvibrating\" \/>\n<meta name=\"twitter:label1\" content=\"Tiempo de lectura\" \/>\n\t<meta name=\"twitter:data1\" content=\"1 minuto\" \/>\n<!-- \/ Yoast SEO plugin. -->","yoast_head_json":{"title":"Capacidad de los alimentadores PARA-MOUNT II\u00ae | General Kinematics","description":"Consulte la tabla que muestra la capacidad de los alimentadores PARA-MOUNT II\u00ae de General Kinematics. La capacidad del alimentador vibratorio sirve para determinar el ancho de canal recomendado.","robots":{"index":"index","follow":"follow","max-snippet":"max-snippet:-1","max-image-preview":"max-image-preview:large","max-video-preview":"max-video-preview:-1"},"canonical":"https:\/\/www.generalkinematics.com\/es\/tablas-de-capacidad-de-las-unidades-para-mount\/","og_locale":"es_ES","og_type":"article","og_title":"Capacidad de los alimentadores PARA-MOUNT II\u00ae | General Kinematics","og_description":"Consulte la tabla que muestra la capacidad de los alimentadores PARA-MOUNT II\u00ae de General Kinematics. La capacidad del alimentador vibratorio sirve para determinar el ancho de canal recomendado.","og_url":"https:\/\/www.generalkinematics.com\/es\/tablas-de-capacidad-de-las-unidades-para-mount\/","og_site_name":"General Kinematics","article_publisher":"https:\/\/www.facebook.com\/generalkinematics","article_modified_time":"2018-09-27T22:53:04+00:00","og_image":[{"url":"https:\/\/www.generalkinematics.com\/wp-content\/uploads\/2012\/05\/capacitychart-1.png","type":"","width":"","height":""}],"twitter_card":"summary_large_image","twitter_site":"@gkvibrating","twitter_misc":{"Tiempo de lectura":"1 minuto"},"schema":{"@context":"https:\/\/schema.org","@graph":[{"@type":"WebPage","@id":"https:\/\/www.generalkinematics.com\/es\/tablas-de-capacidad-de-las-unidades-para-mount\/","url":"https:\/\/www.generalkinematics.com\/es\/tablas-de-capacidad-de-las-unidades-para-mount\/","name":"Capacidad de los alimentadores PARA-MOUNT II\u00ae | General Kinematics","isPartOf":{"@id":"https:\/\/www.generalkinematics.com\/es\/#website"},"primaryImageOfPage":{"@id":"https:\/\/www.generalkinematics.com\/es\/tablas-de-capacidad-de-las-unidades-para-mount\/#primaryimage"},"image":{"@id":"https:\/\/www.generalkinematics.com\/es\/tablas-de-capacidad-de-las-unidades-para-mount\/#primaryimage"},"thumbnailUrl":"https:\/\/www.generalkinematics.com\/wp-content\/uploads\/2012\/05\/capacitychart-1.png","datePublished":"2012-05-06T00:54:24+00:00","dateModified":"2018-09-27T22:53:04+00:00","description":"Consulte la tabla que muestra la capacidad de los alimentadores PARA-MOUNT II\u00ae de General Kinematics. La capacidad del alimentador vibratorio sirve para determinar el ancho de canal recomendado.","breadcrumb":{"@id":"https:\/\/www.generalkinematics.com\/es\/tablas-de-capacidad-de-las-unidades-para-mount\/#breadcrumb"},"inLanguage":"es","potentialAction":[{"@type":"ReadAction","target":["https:\/\/www.generalkinematics.com\/es\/tablas-de-capacidad-de-las-unidades-para-mount\/"]}]},{"@type":"ImageObject","inLanguage":"es","@id":"https:\/\/www.generalkinematics.com\/es\/tablas-de-capacidad-de-las-unidades-para-mount\/#primaryimage","url":"https:\/\/www.generalkinematics.com\/wp-content\/uploads\/2012\/05\/capacitychart-1.png","contentUrl":"https:\/\/www.generalkinematics.com\/wp-content\/uploads\/2012\/05\/capacitychart-1.png"},{"@type":"BreadcrumbList","@id":"https:\/\/www.generalkinematics.com\/es\/tablas-de-capacidad-de-las-unidades-para-mount\/#breadcrumb","itemListElement":[{"@type":"ListItem","position":1,"name":"GK Home","item":"https:\/\/www.generalkinematics.com\/es\/"},{"@type":"ListItem","position":2,"name":"Tablas de capacidad de las unidades Para-Mount"}]},{"@type":"WebSite","@id":"https:\/\/www.generalkinematics.com\/es\/#website","url":"https:\/\/www.generalkinematics.com\/es\/","name":"General Kinematics","description":"","publisher":{"@id":"https:\/\/www.generalkinematics.com\/es\/#organization"},"potentialAction":[{"@type":"SearchAction","target":{"@type":"EntryPoint","urlTemplate":"https:\/\/www.generalkinematics.com\/es\/?s={search_term_string}"},"query-input":{"@type":"PropertyValueSpecification","valueRequired":true,"valueName":"search_term_string"}}],"inLanguage":"es"},{"@type":"Organization","@id":"https:\/\/www.generalkinematics.com\/es\/#organization","name":"General Kinematics","url":"https:\/\/www.generalkinematics.com\/es\/","logo":{"@type":"ImageObject","inLanguage":"es","@id":"https:\/\/www.generalkinematics.com\/es\/#\/schema\/logo\/image\/","url":"https:\/\/media.generalkinematics.com\/wp-content\/uploads\/2018\/03\/logo.png","contentUrl":"https:\/\/media.generalkinematics.com\/wp-content\/uploads\/2018\/03\/logo.png","width":313,"height":100,"caption":"General Kinematics"},"image":{"@id":"https:\/\/www.generalkinematics.com\/es\/#\/schema\/logo\/image\/"},"sameAs":["https:\/\/www.facebook.com\/generalkinematics","https:\/\/x.com\/gkvibrating"]}]}},"_links":{"self":[{"href":"https:\/\/www.generalkinematics.com\/es\/wp-json\/wp\/v2\/pages\/44107","targetHints":{"allow":["GET"]}}],"collection":[{"href":"https:\/\/www.generalkinematics.com\/es\/wp-json\/wp\/v2\/pages"}],"about":[{"href":"https:\/\/www.generalkinematics.com\/es\/wp-json\/wp\/v2\/types\/page"}],"author":[{"embeddable":true,"href":"https:\/\/www.generalkinematics.com\/es\/wp-json\/wp\/v2\/users\/5"}],"replies":[{"embeddable":true,"href":"https:\/\/www.generalkinematics.com\/es\/wp-json\/wp\/v2\/comments?post=44107"}],"version-history":[{"count":0,"href":"https:\/\/www.generalkinematics.com\/es\/wp-json\/wp\/v2\/pages\/44107\/revisions"}],"wp:attachment":[{"href":"https:\/\/www.generalkinematics.com\/es\/wp-json\/wp\/v2\/media?parent=44107"}],"curies":[{"name":"wp","href":"https:\/\/api.w.org\/{rel}","templated":true}]}}