{"id":44114,"date":"2012-05-05T23:01:18","date_gmt":"2012-05-06T04:01:18","guid":{"rendered":"https:\/\/www.generalkinematics.com\/consejos-para-iniciar-un-centro-de-reciclaje-que-sucede-en-gk\/"},"modified":"2018-09-28T09:26:54","modified_gmt":"2018-09-28T14:26:54","slug":"consejos-para-iniciar-un-centro-de-reciclaje-que-sucede-en-gk","status":"publish","type":"page","link":"https:\/\/www.generalkinematics.com\/es\/consejos-para-iniciar-un-centro-de-reciclaje-que-sucede-en-gk\/","title":{"rendered":"Consejos para iniciar un centro de reciclaje  | \u00bfQu\u00e9 sucede en GK?"},"content":{"rendered":"<h1>Consejos para iniciar un centro de reciclaje<\/h1>\n<h4>8 de noviembre de 2010<\/h4>\n<h4>Por General Kinematics<\/h4>\n<p>&nbsp;<\/p>\n<p>\u00bfQuiere iniciar un centro de reciclaje pero no est\u00e1 seguro de c\u00f3mo debe hacerlo? GK ha compilado una lista de requisitos para ayudarle a determinar si es factible reciclar en su zona.<\/p>\n<p>Para iniciar:<\/p>\n<p>&nbsp;<\/p>\n<ul>\n<li>Determine el tipo de material que su centro va a procesar. Los materiales m\u00e1s comunes son residuos urbanos, residuos comerciales, escombro de construcci\u00f3n y demolici\u00f3n o productos especiales como reciclaje de basura electr\u00f3nica.<\/li>\n<li>Determine los requisitos gubernamentales locales y el tama\u00f1o del mercado para el procesamiento de los materiales especiales que desea reciclar.<\/li>\n<li>Determine el cargo por tonelada de basura entregada en el relleno sanitario y, posteriormente, elabore un modelo de negocio basado en el cargo de entrega de basuras y los beneficios que generan los materiales frente a los costos estimados para montar y hacer funcionar una empresa de reciclaje rentable.<\/li>\n<li>Busque un lugar apropiado para su centro de procesamiento que ofrezca facilidad de acceso a los veh\u00edculos y que este cerca de empresas que est\u00e9n dispuestas a comprar los materiales reciclados.<\/li>\n<li><a href=\"https:\/\/www.generalkinematics.com\/es\/recycling-7\/\">Adquiera o alquile el equipo de clasificaci\u00f3n, selecci\u00f3n y embalaje del material reciclado.<\/a> Necesitar\u00e1 este equipo para procesar los materiales reciclables.<\/li>\n<\/ul>\n<p>&nbsp;<\/p>\n<h2>Informaci\u00f3n adicional:<\/h2>\n<p>&nbsp;<\/p>\n<p><a href=\"http:\/\/www.epa.gov\/wastes\/conserve\/smm\/wastewise\/pubs\/howtopdf.pdf\" target=\"_blank\" rel=\"noopener\">EPA: C\u00f3mo iniciar o ampliar un programa de recolecci\u00f3n para reciclaje<\/a><\/p>\n<p>&nbsp;<\/p>\n","protected":false},"excerpt":{"rendered":"<p>Consejos para iniciar un centro de reciclaje 8 de noviembre de 2010 Por General Kinematics &nbsp; \u00bfQuiere iniciar un centro de reciclaje pero no est\u00e1 seguro de c\u00f3mo debe hacerlo? GK ha compilado una lista de requisitos para ayudarle a determinar si es factible reciclar en su zona. Para iniciar: &nbsp; Determine el tipo de [&hellip;]<\/p>\n","protected":false},"author":5,"featured_media":0,"parent":0,"menu_order":0,"comment_status":"open","ping_status":"open","template":"","meta":{"_acf_changed":false,"om_disable_all_campaigns":false,"ep_exclude_from_search":false,"footnotes":""},"class_list":["post-44114","page","type-page","status-publish","hentry"],"acf":[],"yoast_head":"<!-- This site is optimized with the Yoast SEO plugin v27.2 - https:\/\/yoast.com\/product\/yoast-seo-wordpress\/ -->\n<title>C\u00f3mo crear una empresa de reciclaje | General Kinematics<\/title>\n<meta name=\"description\" content=\"\u00bfQuiere saber c\u00f3mo crear una empresa de reciclaje? Lea los consejos de General Kinematics sobre c\u00f3mo iniciar una empresa de reciclaje de residuos y eval\u00fae la viabilidad de su proyecto.\" \/>\n<meta name=\"robots\" content=\"index, follow, max-snippet:-1, max-image-preview:large, max-video-preview:-1\" \/>\n<link rel=\"canonical\" href=\"https:\/\/www.generalkinematics.com\/es\/consejos-para-iniciar-un-centro-de-reciclaje-que-sucede-en-gk\/\" \/>\n<meta property=\"og:locale\" content=\"es_ES\" \/>\n<meta property=\"og:type\" content=\"article\" \/>\n<meta property=\"og:title\" content=\"C\u00f3mo crear una empresa de reciclaje | General Kinematics\" \/>\n<meta property=\"og:description\" content=\"\u00bfQuiere saber c\u00f3mo crear una empresa de reciclaje? Lea los consejos de General Kinematics sobre c\u00f3mo iniciar una empresa de reciclaje de residuos y eval\u00fae la viabilidad de su proyecto.\" \/>\n<meta property=\"og:url\" content=\"https:\/\/www.generalkinematics.com\/es\/consejos-para-iniciar-un-centro-de-reciclaje-que-sucede-en-gk\/\" \/>\n<meta property=\"og:site_name\" content=\"General Kinematics\" \/>\n<meta property=\"article:publisher\" content=\"https:\/\/www.facebook.com\/generalkinematics\" \/>\n<meta property=\"article:modified_time\" content=\"2018-09-28T14:26:54+00:00\" \/>\n<meta property=\"og:image\" content=\"https:\/\/media.generalkinematics.com\/wp-content\/uploads\/2017\/07\/GK-Icon.png\" \/>\n\t<meta property=\"og:image:width\" content=\"3000\" \/>\n\t<meta property=\"og:image:height\" content=\"3000\" \/>\n\t<meta property=\"og:image:type\" content=\"image\/jpeg\" \/>\n<meta name=\"twitter:card\" content=\"summary_large_image\" \/>\n<meta name=\"twitter:site\" content=\"@gkvibrating\" \/>\n<meta name=\"twitter:label1\" content=\"Tiempo de lectura\" \/>\n\t<meta name=\"twitter:data1\" content=\"1 minuto\" \/>\n<!-- \/ Yoast SEO plugin. -->","yoast_head_json":{"title":"C\u00f3mo crear una empresa de reciclaje | General Kinematics","description":"\u00bfQuiere saber c\u00f3mo crear una empresa de reciclaje? Lea los consejos de General Kinematics sobre c\u00f3mo iniciar una empresa de reciclaje de residuos y eval\u00fae la viabilidad de su proyecto.","robots":{"index":"index","follow":"follow","max-snippet":"max-snippet:-1","max-image-preview":"max-image-preview:large","max-video-preview":"max-video-preview:-1"},"canonical":"https:\/\/www.generalkinematics.com\/es\/consejos-para-iniciar-un-centro-de-reciclaje-que-sucede-en-gk\/","og_locale":"es_ES","og_type":"article","og_title":"C\u00f3mo crear una empresa de reciclaje | General Kinematics","og_description":"\u00bfQuiere saber c\u00f3mo crear una empresa de reciclaje? Lea los consejos de General Kinematics sobre c\u00f3mo iniciar una empresa de reciclaje de residuos y eval\u00fae la viabilidad de su proyecto.","og_url":"https:\/\/www.generalkinematics.com\/es\/consejos-para-iniciar-un-centro-de-reciclaje-que-sucede-en-gk\/","og_site_name":"General Kinematics","article_publisher":"https:\/\/www.facebook.com\/generalkinematics","article_modified_time":"2018-09-28T14:26:54+00:00","og_image":[{"width":3000,"height":3000,"url":"https:\/\/media.generalkinematics.com\/wp-content\/uploads\/2017\/07\/GK-Icon.png","type":"image\/jpeg"}],"twitter_card":"summary_large_image","twitter_site":"@gkvibrating","twitter_misc":{"Tiempo de lectura":"1 minuto"},"schema":{"@context":"https:\/\/schema.org","@graph":[{"@type":"WebPage","@id":"https:\/\/www.generalkinematics.com\/es\/consejos-para-iniciar-un-centro-de-reciclaje-que-sucede-en-gk\/","url":"https:\/\/www.generalkinematics.com\/es\/consejos-para-iniciar-un-centro-de-reciclaje-que-sucede-en-gk\/","name":"C\u00f3mo crear una empresa de reciclaje | General Kinematics","isPartOf":{"@id":"https:\/\/www.generalkinematics.com\/es\/#website"},"datePublished":"2012-05-06T04:01:18+00:00","dateModified":"2018-09-28T14:26:54+00:00","description":"\u00bfQuiere saber c\u00f3mo crear una empresa de reciclaje? Lea los consejos de General Kinematics sobre c\u00f3mo iniciar una empresa de reciclaje de residuos y eval\u00fae la viabilidad de su proyecto.","breadcrumb":{"@id":"https:\/\/www.generalkinematics.com\/es\/consejos-para-iniciar-un-centro-de-reciclaje-que-sucede-en-gk\/#breadcrumb"},"inLanguage":"es","potentialAction":[{"@type":"ReadAction","target":["https:\/\/www.generalkinematics.com\/es\/consejos-para-iniciar-un-centro-de-reciclaje-que-sucede-en-gk\/"]}]},{"@type":"BreadcrumbList","@id":"https:\/\/www.generalkinematics.com\/es\/consejos-para-iniciar-un-centro-de-reciclaje-que-sucede-en-gk\/#breadcrumb","itemListElement":[{"@type":"ListItem","position":1,"name":"GK Home","item":"https:\/\/www.generalkinematics.com\/es\/"},{"@type":"ListItem","position":2,"name":"Consejos para iniciar un centro de reciclaje | \u00bfQu\u00e9 sucede en GK?"}]},{"@type":"WebSite","@id":"https:\/\/www.generalkinematics.com\/es\/#website","url":"https:\/\/www.generalkinematics.com\/es\/","name":"General Kinematics","description":"","publisher":{"@id":"https:\/\/www.generalkinematics.com\/es\/#organization"},"potentialAction":[{"@type":"SearchAction","target":{"@type":"EntryPoint","urlTemplate":"https:\/\/www.generalkinematics.com\/es\/?s={search_term_string}"},"query-input":{"@type":"PropertyValueSpecification","valueRequired":true,"valueName":"search_term_string"}}],"inLanguage":"es"},{"@type":"Organization","@id":"https:\/\/www.generalkinematics.com\/es\/#organization","name":"General Kinematics","url":"https:\/\/www.generalkinematics.com\/es\/","logo":{"@type":"ImageObject","inLanguage":"es","@id":"https:\/\/www.generalkinematics.com\/es\/#\/schema\/logo\/image\/","url":"https:\/\/media.generalkinematics.com\/wp-content\/uploads\/2018\/03\/logo.png","contentUrl":"https:\/\/media.generalkinematics.com\/wp-content\/uploads\/2018\/03\/logo.png","width":313,"height":100,"caption":"General Kinematics"},"image":{"@id":"https:\/\/www.generalkinematics.com\/es\/#\/schema\/logo\/image\/"},"sameAs":["https:\/\/www.facebook.com\/generalkinematics","https:\/\/x.com\/gkvibrating"]}]}},"_links":{"self":[{"href":"https:\/\/www.generalkinematics.com\/es\/wp-json\/wp\/v2\/pages\/44114","targetHints":{"allow":["GET"]}}],"collection":[{"href":"https:\/\/www.generalkinematics.com\/es\/wp-json\/wp\/v2\/pages"}],"about":[{"href":"https:\/\/www.generalkinematics.com\/es\/wp-json\/wp\/v2\/types\/page"}],"author":[{"embeddable":true,"href":"https:\/\/www.generalkinematics.com\/es\/wp-json\/wp\/v2\/users\/5"}],"replies":[{"embeddable":true,"href":"https:\/\/www.generalkinematics.com\/es\/wp-json\/wp\/v2\/comments?post=44114"}],"version-history":[{"count":0,"href":"https:\/\/www.generalkinematics.com\/es\/wp-json\/wp\/v2\/pages\/44114\/revisions"}],"wp:attachment":[{"href":"https:\/\/www.generalkinematics.com\/es\/wp-json\/wp\/v2\/media?parent=44114"}],"curies":[{"name":"wp","href":"https:\/\/api.w.org\/{rel}","templated":true}]}}