{"id":44116,"date":"2012-05-06T16:25:52","date_gmt":"2012-05-06T21:25:52","guid":{"rendered":"https:\/\/www.generalkinematics.com\/transmisiones-de-resorte-de-bobina-syncro-cushion-lo-que-sucede-en-gk\/"},"modified":"2018-09-28T08:52:25","modified_gmt":"2018-09-28T13:52:25","slug":"transmisiones-de-resorte-de-bobina-syncro-cushion-lo-que-sucede-en-gk","status":"publish","type":"page","link":"https:\/\/www.generalkinematics.com\/es\/transmisiones-de-resorte-de-bobina-syncro-cushion-lo-que-sucede-en-gk\/","title":{"rendered":"Transmisiones de resorte de bobina Syncro-Cushion  | Lo que sucede en GK"},"content":{"rendered":"<h1 class=\"pagetitle\">Transmisiones de resorte de bobina Syncro-Cushion<\/h1>\n<div class=\"post-info\"><span class=\"date published time\" title=\"2010-04-21T12:00:57+0000\">21 de abril de 2010<\/span> Por General Kinematics<\/div>\n<p>&nbsp;<\/p>\n<p class=\"bodytext14\">Combinando las ventajas de la acci\u00f3n vibratoria de la frecuencia natural con una transmisi\u00f3n resistente y la conexi\u00f3n de la bandeja, la transmisi\u00f3n de resorte de bobina Syncro-Cushion de General Kinematics ofrece un nivel de desempe\u00f1o excepcional en condiciones de funcionamiento adversas o de carga alta.<\/p>\n<p class=\"bodytext14\">La transmisi\u00f3n Syncro-Cushion equipada con resorte de bobina elimina los problemas asociados con la fatiga y el deterioro t\u00e9rmico de las conexiones completas de bandeja de bloque de caucho. Los resortes de aleaci\u00f3n alta y baja tensi\u00f3n se adaptan a la aplicaci\u00f3n de la cinta transportadora de manera que absorben las fuerzas desfasadas durante el arranque y la parada.<\/p>\n<p class=\"bodytext14\">La conexi\u00f3n flexible del resorte de bobina de la bandeja permite la acci\u00f3n oscilatoria del eje para sincronizarse plenamente con la frecuencia natural del sistema de resortes de reacci\u00f3n, minimizando as\u00ed los requisitos del par de fuerza de arranque del motor y eliminando la concentraci\u00f3n de alta tensi\u00f3n en los componentes de la transmisi\u00f3n y la conexi\u00f3n de la bandeja.<\/p>\n<p class=\"bodytext14\">El eje de la transmisi\u00f3n, una pieza s\u00f3lida de acero de aleaci\u00f3n con un componente exc\u00e9ntrico labrado a m\u00e1quina de manera integral, funciona con rodamientos antifricci\u00f3n, de trabajo pesado, que se alinean autom\u00e1ticamente. Los brazos de conexi\u00f3n est\u00e1n dise\u00f1ados para permitir desmontar el eje y los rodamientos sin tener que desarmar todo el sistema de transmisi\u00f3n.<\/p>\n<p>El dise\u00f1o simplificado, con menos piezas, y la conveniencia de la lubricaci\u00f3n de todos los rodamientos a trav\u00e9s de tubos en un solo punto, facilita el trabajo de mantenimiento.<\/p>\n<p>Para obtener m\u00e1s informaci\u00f3n acerca de la modernizaci\u00f3n de su cinta transportadora existente con una transmisi\u00f3n Syncro-Cushion de GK, p\u00f3ngase en contacto con nuestro departamento de Piezas y Servicio llamando al <span class=\"number\">815-455-3222<\/span>.<\/p>\n","protected":false},"excerpt":{"rendered":"<p>Transmisiones de resorte de bobina Syncro-Cushion 21 de abril de 2010 Por General Kinematics &nbsp; Combinando las ventajas de la acci\u00f3n vibratoria de la frecuencia natural con una transmisi\u00f3n resistente y la conexi\u00f3n de la bandeja, la transmisi\u00f3n de resorte de bobina Syncro-Cushion de General Kinematics ofrece un nivel de desempe\u00f1o excepcional en condiciones de [&hellip;]<\/p>\n","protected":false},"author":5,"featured_media":0,"parent":0,"menu_order":0,"comment_status":"open","ping_status":"open","template":"","meta":{"_acf_changed":false,"om_disable_all_campaigns":false,"ep_exclude_from_search":false,"footnotes":""},"class_list":["post-44116","page","type-page","status-publish","hentry"],"acf":[],"yoast_head":"<!-- This site is optimized with the Yoast SEO plugin v27.2 - https:\/\/yoast.com\/product\/yoast-seo-wordpress\/ -->\n<title>Sistema de muelles helicoidales | General Kinematics<\/title>\n<meta name=\"description\" content=\"Descubra ahora las ventajas que ofrece el sistema de muelles helicoidales de General Kinematics. Este equipamiento ofrece un rendimiento excepcional en condiciones de carga elevada.\" \/>\n<meta name=\"robots\" content=\"index, follow, max-snippet:-1, max-image-preview:large, max-video-preview:-1\" \/>\n<link rel=\"canonical\" href=\"https:\/\/www.generalkinematics.com\/es\/transmisiones-de-resorte-de-bobina-syncro-cushion-lo-que-sucede-en-gk\/\" \/>\n<meta property=\"og:locale\" content=\"es_ES\" \/>\n<meta property=\"og:type\" content=\"article\" \/>\n<meta property=\"og:title\" content=\"Sistema de muelles helicoidales | General Kinematics\" \/>\n<meta property=\"og:description\" content=\"Descubra ahora las ventajas que ofrece el sistema de muelles helicoidales de General Kinematics. Este equipamiento ofrece un rendimiento excepcional en condiciones de carga elevada.\" \/>\n<meta property=\"og:url\" content=\"https:\/\/www.generalkinematics.com\/es\/transmisiones-de-resorte-de-bobina-syncro-cushion-lo-que-sucede-en-gk\/\" \/>\n<meta property=\"og:site_name\" content=\"General Kinematics\" \/>\n<meta property=\"article:publisher\" content=\"https:\/\/www.facebook.com\/generalkinematics\" \/>\n<meta property=\"article:modified_time\" content=\"2018-09-28T13:52:25+00:00\" \/>\n<meta property=\"og:image\" content=\"https:\/\/media.generalkinematics.com\/wp-content\/uploads\/2017\/07\/GK-Icon.png\" \/>\n\t<meta property=\"og:image:width\" content=\"3000\" \/>\n\t<meta property=\"og:image:height\" content=\"3000\" \/>\n\t<meta property=\"og:image:type\" content=\"image\/jpeg\" \/>\n<meta name=\"twitter:card\" content=\"summary_large_image\" \/>\n<meta name=\"twitter:site\" content=\"@gkvibrating\" \/>\n<meta name=\"twitter:label1\" content=\"Tiempo de lectura\" \/>\n\t<meta name=\"twitter:data1\" content=\"2 minutos\" \/>\n<!-- \/ Yoast SEO plugin. -->","yoast_head_json":{"title":"Sistema de muelles helicoidales | General Kinematics","description":"Descubra ahora las ventajas que ofrece el sistema de muelles helicoidales de General Kinematics. Este equipamiento ofrece un rendimiento excepcional en condiciones de carga elevada.","robots":{"index":"index","follow":"follow","max-snippet":"max-snippet:-1","max-image-preview":"max-image-preview:large","max-video-preview":"max-video-preview:-1"},"canonical":"https:\/\/www.generalkinematics.com\/es\/transmisiones-de-resorte-de-bobina-syncro-cushion-lo-que-sucede-en-gk\/","og_locale":"es_ES","og_type":"article","og_title":"Sistema de muelles helicoidales | General Kinematics","og_description":"Descubra ahora las ventajas que ofrece el sistema de muelles helicoidales de General Kinematics. Este equipamiento ofrece un rendimiento excepcional en condiciones de carga elevada.","og_url":"https:\/\/www.generalkinematics.com\/es\/transmisiones-de-resorte-de-bobina-syncro-cushion-lo-que-sucede-en-gk\/","og_site_name":"General Kinematics","article_publisher":"https:\/\/www.facebook.com\/generalkinematics","article_modified_time":"2018-09-28T13:52:25+00:00","og_image":[{"width":3000,"height":3000,"url":"https:\/\/media.generalkinematics.com\/wp-content\/uploads\/2017\/07\/GK-Icon.png","type":"image\/jpeg"}],"twitter_card":"summary_large_image","twitter_site":"@gkvibrating","twitter_misc":{"Tiempo de lectura":"2 minutos"},"schema":{"@context":"https:\/\/schema.org","@graph":[{"@type":"WebPage","@id":"https:\/\/www.generalkinematics.com\/es\/transmisiones-de-resorte-de-bobina-syncro-cushion-lo-que-sucede-en-gk\/","url":"https:\/\/www.generalkinematics.com\/es\/transmisiones-de-resorte-de-bobina-syncro-cushion-lo-que-sucede-en-gk\/","name":"Sistema de muelles helicoidales | General Kinematics","isPartOf":{"@id":"https:\/\/www.generalkinematics.com\/es\/#website"},"datePublished":"2012-05-06T21:25:52+00:00","dateModified":"2018-09-28T13:52:25+00:00","description":"Descubra ahora las ventajas que ofrece el sistema de muelles helicoidales de General Kinematics. Este equipamiento ofrece un rendimiento excepcional en condiciones de carga elevada.","breadcrumb":{"@id":"https:\/\/www.generalkinematics.com\/es\/transmisiones-de-resorte-de-bobina-syncro-cushion-lo-que-sucede-en-gk\/#breadcrumb"},"inLanguage":"es","potentialAction":[{"@type":"ReadAction","target":["https:\/\/www.generalkinematics.com\/es\/transmisiones-de-resorte-de-bobina-syncro-cushion-lo-que-sucede-en-gk\/"]}]},{"@type":"BreadcrumbList","@id":"https:\/\/www.generalkinematics.com\/es\/transmisiones-de-resorte-de-bobina-syncro-cushion-lo-que-sucede-en-gk\/#breadcrumb","itemListElement":[{"@type":"ListItem","position":1,"name":"GK Home","item":"https:\/\/www.generalkinematics.com\/es\/"},{"@type":"ListItem","position":2,"name":"Transmisiones de resorte de bobina Syncro-Cushion | Lo que sucede en GK"}]},{"@type":"WebSite","@id":"https:\/\/www.generalkinematics.com\/es\/#website","url":"https:\/\/www.generalkinematics.com\/es\/","name":"General Kinematics","description":"","publisher":{"@id":"https:\/\/www.generalkinematics.com\/es\/#organization"},"potentialAction":[{"@type":"SearchAction","target":{"@type":"EntryPoint","urlTemplate":"https:\/\/www.generalkinematics.com\/es\/?s={search_term_string}"},"query-input":{"@type":"PropertyValueSpecification","valueRequired":true,"valueName":"search_term_string"}}],"inLanguage":"es"},{"@type":"Organization","@id":"https:\/\/www.generalkinematics.com\/es\/#organization","name":"General Kinematics","url":"https:\/\/www.generalkinematics.com\/es\/","logo":{"@type":"ImageObject","inLanguage":"es","@id":"https:\/\/www.generalkinematics.com\/es\/#\/schema\/logo\/image\/","url":"https:\/\/media.generalkinematics.com\/wp-content\/uploads\/2018\/03\/logo.png","contentUrl":"https:\/\/media.generalkinematics.com\/wp-content\/uploads\/2018\/03\/logo.png","width":313,"height":100,"caption":"General Kinematics"},"image":{"@id":"https:\/\/www.generalkinematics.com\/es\/#\/schema\/logo\/image\/"},"sameAs":["https:\/\/www.facebook.com\/generalkinematics","https:\/\/x.com\/gkvibrating"]}]}},"_links":{"self":[{"href":"https:\/\/www.generalkinematics.com\/es\/wp-json\/wp\/v2\/pages\/44116","targetHints":{"allow":["GET"]}}],"collection":[{"href":"https:\/\/www.generalkinematics.com\/es\/wp-json\/wp\/v2\/pages"}],"about":[{"href":"https:\/\/www.generalkinematics.com\/es\/wp-json\/wp\/v2\/types\/page"}],"author":[{"embeddable":true,"href":"https:\/\/www.generalkinematics.com\/es\/wp-json\/wp\/v2\/users\/5"}],"replies":[{"embeddable":true,"href":"https:\/\/www.generalkinematics.com\/es\/wp-json\/wp\/v2\/comments?post=44116"}],"version-history":[{"count":0,"href":"https:\/\/www.generalkinematics.com\/es\/wp-json\/wp\/v2\/pages\/44116\/revisions"}],"wp:attachment":[{"href":"https:\/\/www.generalkinematics.com\/es\/wp-json\/wp\/v2\/media?parent=44116"}],"curies":[{"name":"wp","href":"https:\/\/api.w.org\/{rel}","templated":true}]}}