{"id":44200,"date":"2013-01-17T18:05:07","date_gmt":"2013-01-18T00:05:07","guid":{"rendered":"https:\/\/www.generalkinematics.com\/proteja-el-medio-ambiente\/"},"modified":"2023-08-02T18:07:16","modified_gmt":"2023-08-02T23:07:16","slug":"go-green","status":"publish","type":"page","link":"https:\/\/www.generalkinematics.com\/es\/go-green\/","title":{"rendered":"Declaraci\u00f3n sobre sustentabilidad"},"content":{"rendered":"<div class=\"wpb-content-wrapper\"><p>[vc_row][vc_column][vc_empty_space][\/vc_column][\/vc_row][vc_row content_placement=\u00bbmiddle\u00bb css=\u00bb.vc_custom_1686325894944{margin-right: 70px !important;margin-left: 70px !important;}\u00bb][vc_column][vc_column_text]<span style=\"font-weight: 400;\"><img decoding=\"async\" class=\"alignleft wp-image-53300 size-full\" src=\"https:\/\/media.generalkinematics.com\/wp-content\/uploads\/2023\/06\/icon.png\" alt=\"\u00edcono de sustentabilidad\" width=\"95\" height=\"86\">En General&nbsp;Kinematics, la sustentabilidad es una parte esencial en todo lo que hacemos. Ya sea a trav\u00e9s de nuestras pr\u00e1cticas empresariales diarias, el dise\u00f1o de los equipos o la estructura fundacional de la empresa, la sustentabilidad desempe\u00f1a un papel esencial. <\/span>[\/vc_column_text][\/vc_column][\/vc_row][vc_row][vc_column][vc_empty_space][\/vc_column][\/vc_row][vc_row css=\u00bb.vc_custom_1686173313954{background-color: #efefef !important;}\u00bb][vc_column width=\u00bb1\/2&#8243;][vc_column_text]<\/p>\n<h2><b>Pr\u00e1cticas empresariales sustentables<\/b><\/h2>\n<p><span style=\"font-weight: 400;\">General&nbsp;Kinematics se esfuerza por operar sus instalaciones de fabricaci\u00f3n de forma que su impacto medioambiental sea lo m\u00e1s insignificante posible. En nuestras instalaciones, se reciclan m\u00e1s de 2.000.000&nbsp;lb de chatarra al a\u00f1o. Constantemente actualizamos los procesos para utilizar tecnolog\u00eda innovadora y eficiente, lo que nos ayuda a reducir el consumo de papel y recursos y optimizar la utilizaci\u00f3n de embalaje para evitar utilizarlo, utilizar menos, reutilizar o utilizar materiales biodegradables cuando sea posible. <\/span>[\/vc_column_text][\/vc_column][vc_column width=\u00bb1\/2&#8243;][vc_column_text]<\/p>\n<h2><b>Socios sustentables<\/b><\/h2>\n<p><span style=\"font-weight: 400;\">Nuestras pol\u00edticas establecen que todos nuestros proveedores deben abastecerse de forma \u00e9tica y tener un certificado de calidad que cumpla las expectativas de las normas ISO. Para nosotros, es importante que nuestro ecosistema de fabricaci\u00f3n trabaje en conjunto para alcanzar los mismos objetivos y est\u00e1ndares de calidad.<\/span>[\/vc_column_text][\/vc_column][\/vc_row][vc_row][vc_column][vc_column_text]<\/p>\n<h2><b>Participaci\u00f3n de la comunidad<\/b><\/h2>\n<p><span style=\"font-weight: 400;\">En cada una de las comunidades donde opera General&nbsp;Kinematics, buscamos oportunidades para compartir nuestras habilidades y beneficiar a los vecinos. <\/span><\/p>\n<p><span style=\"font-weight: 400;\">Nuestro Equipo de Acci\u00f3n Comunitaria colabora con organizaciones locales para retribuir y ayudar a mejorar nuestra comunidad, tanto por el medioambiente que nos rodea como para las personas que viven en \u00e9l. <\/span><\/p>\n<p><span style=\"font-weight: 400;\">Los empleados de GK continuamente buscan oportunidades para ofrecer trabajo voluntario y recolectar bienes o fondos para hacer donaciones locales. Frecuentemente, los empleados de General&nbsp;Kinematics representan a la empresa en eventos comunitarios; adem\u00e1s, GK trabaja con el distrito escolar local para ofrecer recorridos en las instalaciones para los estudiantes.<\/span><\/p>\n<p><span style=\"font-weight: 400;\">Tener trabajadores expertos es esencial para la sustentabilidad, y General&nbsp;Kinematics participa de forma activa con organizaciones y consorcios de buenas pr\u00e1cticas en nuestras comunidades. En el condado de McHenry, Illinois, General&nbsp;Kinematics es un l\u00edder activo en el Manufacturing&nbsp;Pathways&nbsp;Consortium, donde promueve oportunidades laborales en la industria de la fabricaci\u00f3n para los j\u00f3venes locales a trav\u00e9s de pr\u00e1cticas, pasant\u00edas, formaci\u00f3n y eventos educativos. Entre estas actividades, mostramos con orgullo todos los aspectos de la fabricaci\u00f3n, desafiando los prejuicios que podr\u00edan evitar que alguien considere una carrera en el \u00e1rea de la fabricaci\u00f3n. <\/span>[\/vc_column_text][\/vc_column][\/vc_row][vc_row][vc_column width=\u00bb2\/3&#8243;][vc_empty_space][vc_column_text]<\/p>\n<h2><b>Colaboraci\u00f3n sustentable<\/b><\/h2>\n<p><span style=\"font-weight: 400;\">En conjunto con nuestra amplia base de clientes, General&nbsp;Kinematics recicla equipos y sistemas, lo que ayuda a evitar que millones de toneladas de material desechable lleguen a vertederos cada a\u00f1o. Esto reduce el impacto ambiental causado por la adquisici\u00f3n de materias primas y redirige los recursos renovables al flujo de producci\u00f3n; de esta forma, se reduce el consumo de energ\u00eda y se maximiza el valor del material.<\/span>[\/vc_column_text][\/vc_column][vc_column width=\u00bb1\/3&#8243;][vc_single_image image=\u00bb53289&#8243; img_size=\u00bbmedium\u00bb][\/vc_column][\/vc_row][vc_row full_width=\u00bbstretch_row\u00bb css=\u00bb.vc_custom_1686174240634{background-color: #aaaaaa !important;}\u00bb][vc_column width=\u00bb1\/6&#8243;][\/vc_column][vc_column width=\u00bb2\/3&#8243;][vc_column_text]<\/p>\n<h2><span style=\"color: #ffffff;\"><b>Dise\u00f1os verdes<\/b><\/span><\/h2>\n<p><span style=\"font-weight: 400; color: #ffffff;\">General&nbsp;Kinematics ha sido pionera en el dise\u00f1o de procesos ecol\u00f3gicamente responsables que se utilizan en aplicaciones de manipulaci\u00f3n de materiales. Los sistemas de impulso vibratorio Two-Mass de GK ahorran energ\u00eda usando dos tercios menos de potencia para alcanzar la misma salida que un sistema de masa \u00fanica (fuerza bruta). Esta reducci\u00f3n de potencia disminuye el consumo de energ\u00eda y los costos de electricidad de forma significativa. Los equipos Two-Mass son m\u00e1s rentables de mantener, ya que se eliminan las correas, los motores grandes y los rodamientos.<\/span><\/p>\n<p><span style=\"font-weight: 400; color: #ffffff;\">Adem\u00e1s de nuestro dise\u00f1o Two-Mass, los equipos de GK no se fabrican con una obsolescencia programada; nuestros equipos est\u00e1n pensados para soportar golpes y durar m\u00e1s que la competencia. Estamos orgullosos de la durabilidad y longevidad de nuestros productos, que ayudan a preservar los recursos naturales agotados debido a la reproducci\u00f3n y sustituci\u00f3n constantes. Puede encontrar unidades de GK en el campo que han estado funcionando durante m\u00e1s de 60 a\u00f1os, y unidades retiradas de servicio de un cliente que frecuentemente reaparecen instaladas en una de las instalaciones de otro cliente e incluso con un uso diferente. <\/span><\/p>\n<p><span style=\"font-weight: 400; color: #ffffff;\">Cuando una unidad llega al final de su larga vida \u00fatil, nuestro dise\u00f1o nos permite desmontarla y separar sus materiales f\u00e1cilmente. M\u00e1s del 90&nbsp;% de estos materiales se pueden reciclar infinitas veces, lo que reduce a\u00fan m\u00e1s nuestra huella de carbono.<\/span>[\/vc_column_text][\/vc_column][vc_column width=\u00bb1\/6&#8243;][\/vc_column][\/vc_row][vc_row][vc_column][vc_single_image image=\u00bb44156&#8243; img_size=\u00bbLarge\u00bb alignment=\u00bbcenter\u00bb][\/vc_column][\/vc_row][vc_row][vc_column][vc_column_text]<\/p>\n<h2><b>Clientes sustentables<\/b><\/h2>\n<p><span style=\"font-weight: 400;\">La recuperaci\u00f3n de materiales es crucial para reducir el impacto ambiental en los procesos de nuestros clientes. GK ofrece una l\u00ednea completa de soluciones para la recuperaci\u00f3n de colada, arena, escoria, metales ferrosos y no ferrosos, productos biol\u00f3gicos, part\u00edculas finas, madera y otros productos reutilizables que generalmente se desechan. Al reutilizar estos materiales, nuestros clientes reducen los costos de la materia prima y mejoran la eficiencia del proceso de producci\u00f3n.<\/span>[\/vc_column_text][\/vc_column][\/vc_row][vc_row][vc_column][vc_column_text]<\/p>\n<h2><b>Un futuro sustentable<\/b><\/h2>\n<p><span style=\"font-weight: 400;\">Seguimos mejorando nuestros esfuerzos a medida que encontramos nuevas formas de reducir nuestros desechos y ayudar a las comunidades. General&nbsp;Kinematics se enorgullece de ayudar a las fundaciones que concientizan sobre el reciclaje, la sustentabilidad de la industria y el mejoramiento de los procesos:<\/span>[\/vc_column_text][\/vc_column][\/vc_row][vc_row][vc_column width=\u00bb1\/4&#8243;][vc_single_image image=\u00bb14554&#8243;][\/vc_column][vc_column width=\u00bb1\/4&#8243;][vc_single_image image=\u00bb50421&#8243;][\/vc_column][vc_column width=\u00bb1\/4&#8243;][vc_single_image image=\u00bb14557&#8243;][\/vc_column][vc_column width=\u00bb1\/4&#8243;][vc_single_image image=\u00bb14561&#8243;][\/vc_column][\/vc_row]<\/p>\n<\/div>","protected":false},"excerpt":{"rendered":"<p>[vc_row][vc_column][vc_empty_space][\/vc_column][\/vc_row][vc_row content_placement=\u00bbmiddle\u00bb css=\u00bb.vc_custom_1686325894944{margin-right: 70px !important;margin-left: 70px !important;}\u00bb][vc_column][vc_column_text]En General&nbsp;Kinematics, la sustentabilidad es una parte esencial en todo lo que hacemos. Ya sea a trav\u00e9s de nuestras pr\u00e1cticas empresariales diarias, el dise\u00f1o de los equipos o la estructura fundacional de la empresa, la sustentabilidad desempe\u00f1a un papel esencial. [\/vc_column_text][\/vc_column][\/vc_row][vc_row][vc_column][vc_empty_space][\/vc_column][\/vc_row][vc_row css=\u00bb.vc_custom_1686173313954{background-color: #efefef !important;}\u00bb][vc_column width=\u00bb1\/2&#8243;][vc_column_text] Pr\u00e1cticas empresariales sustentables General&nbsp;Kinematics [&hellip;]<\/p>\n","protected":false},"author":5,"featured_media":0,"parent":0,"menu_order":0,"comment_status":"closed","ping_status":"closed","template":"page-templates\/page-full-width.php","meta":{"_acf_changed":false,"om_disable_all_campaigns":false,"ep_exclude_from_search":false,"footnotes":""},"class_list":["post-44200","page","type-page","status-publish","hentry"],"acf":[],"yoast_head":"<!-- This site is optimized with the Yoast SEO plugin v27.2 - https:\/\/yoast.com\/product\/yoast-seo-wordpress\/ -->\n<title>Empresa de maquinaria ecol\u00f3gica y energ\u00e9ticamente eficiente | General\u00a0Kinematics<\/title>\n<meta name=\"description\" content=\"En General\u00a0Kinematics, siempre hemos sido respetuosos con el medioambiente. Conozca c\u00f3mo nuestros equipos usan menos energ\u00eda con nuestro sistema Two-Mass.\" \/>\n<meta name=\"robots\" content=\"index, follow, max-snippet:-1, max-image-preview:large, max-video-preview:-1\" \/>\n<link rel=\"canonical\" href=\"https:\/\/www.generalkinematics.com\/es\/go-green\/\" \/>\n<meta property=\"og:locale\" content=\"es_ES\" \/>\n<meta property=\"og:type\" content=\"article\" \/>\n<meta property=\"og:title\" content=\"Empresa de maquinaria ecol\u00f3gica y energ\u00e9ticamente eficiente | General\u00a0Kinematics\" \/>\n<meta property=\"og:description\" content=\"En General\u00a0Kinematics, siempre hemos sido respetuosos con el medioambiente. Conozca c\u00f3mo nuestros equipos usan menos energ\u00eda con nuestro sistema Two-Mass.\" \/>\n<meta property=\"og:url\" content=\"https:\/\/www.generalkinematics.com\/es\/go-green\/\" \/>\n<meta property=\"og:site_name\" content=\"General Kinematics\" \/>\n<meta property=\"article:publisher\" content=\"https:\/\/www.facebook.com\/generalkinematics\" \/>\n<meta property=\"article:modified_time\" content=\"2023-08-02T23:07:16+00:00\" \/>\n<meta property=\"og:image\" content=\"https:\/\/www.generalkinematics.com\/wp-content\/uploads\/2023\/06\/icon.png\" \/>\n<meta name=\"twitter:card\" content=\"summary_large_image\" \/>\n<meta name=\"twitter:site\" content=\"@gkvibrating\" \/>\n<meta name=\"twitter:label1\" content=\"Tiempo de lectura\" \/>\n\t<meta name=\"twitter:data1\" content=\"5 minutos\" \/>\n<!-- \/ Yoast SEO plugin. -->","yoast_head_json":{"title":"Empresa de maquinaria ecol\u00f3gica y energ\u00e9ticamente eficiente | General\u00a0Kinematics","description":"En General\u00a0Kinematics, siempre hemos sido respetuosos con el medioambiente. Conozca c\u00f3mo nuestros equipos usan menos energ\u00eda con nuestro sistema Two-Mass.","robots":{"index":"index","follow":"follow","max-snippet":"max-snippet:-1","max-image-preview":"max-image-preview:large","max-video-preview":"max-video-preview:-1"},"canonical":"https:\/\/www.generalkinematics.com\/es\/go-green\/","og_locale":"es_ES","og_type":"article","og_title":"Empresa de maquinaria ecol\u00f3gica y energ\u00e9ticamente eficiente | General\u00a0Kinematics","og_description":"En General\u00a0Kinematics, siempre hemos sido respetuosos con el medioambiente. Conozca c\u00f3mo nuestros equipos usan menos energ\u00eda con nuestro sistema Two-Mass.","og_url":"https:\/\/www.generalkinematics.com\/es\/go-green\/","og_site_name":"General Kinematics","article_publisher":"https:\/\/www.facebook.com\/generalkinematics","article_modified_time":"2023-08-02T23:07:16+00:00","og_image":[{"url":"https:\/\/www.generalkinematics.com\/wp-content\/uploads\/2023\/06\/icon.png","type":"","width":"","height":""}],"twitter_card":"summary_large_image","twitter_site":"@gkvibrating","twitter_misc":{"Tiempo de lectura":"5 minutos"},"schema":{"@context":"https:\/\/schema.org","@graph":[{"@type":"WebPage","@id":"https:\/\/www.generalkinematics.com\/es\/go-green\/","url":"https:\/\/www.generalkinematics.com\/es\/go-green\/","name":"Empresa de maquinaria ecol\u00f3gica y energ\u00e9ticamente eficiente | General\u00a0Kinematics","isPartOf":{"@id":"https:\/\/www.generalkinematics.com\/es\/#website"},"primaryImageOfPage":{"@id":"https:\/\/www.generalkinematics.com\/es\/go-green\/#primaryimage"},"image":{"@id":"https:\/\/www.generalkinematics.com\/es\/go-green\/#primaryimage"},"thumbnailUrl":"https:\/\/www.generalkinematics.com\/wp-content\/uploads\/2023\/06\/icon.png","datePublished":"2013-01-18T00:05:07+00:00","dateModified":"2023-08-02T23:07:16+00:00","description":"En General\u00a0Kinematics, siempre hemos sido respetuosos con el medioambiente. Conozca c\u00f3mo nuestros equipos usan menos energ\u00eda con nuestro sistema Two-Mass.","breadcrumb":{"@id":"https:\/\/www.generalkinematics.com\/es\/go-green\/#breadcrumb"},"inLanguage":"es","potentialAction":[{"@type":"ReadAction","target":["https:\/\/www.generalkinematics.com\/es\/go-green\/"]}]},{"@type":"ImageObject","inLanguage":"es","@id":"https:\/\/www.generalkinematics.com\/es\/go-green\/#primaryimage","url":"https:\/\/www.generalkinematics.com\/wp-content\/uploads\/2023\/06\/icon.png","contentUrl":"https:\/\/www.generalkinematics.com\/wp-content\/uploads\/2023\/06\/icon.png"},{"@type":"BreadcrumbList","@id":"https:\/\/www.generalkinematics.com\/es\/go-green\/#breadcrumb","itemListElement":[{"@type":"ListItem","position":1,"name":"GK Home","item":"https:\/\/www.generalkinematics.com\/es\/"},{"@type":"ListItem","position":2,"name":"Declaraci\u00f3n sobre sustentabilidad"}]},{"@type":"WebSite","@id":"https:\/\/www.generalkinematics.com\/es\/#website","url":"https:\/\/www.generalkinematics.com\/es\/","name":"General Kinematics","description":"","publisher":{"@id":"https:\/\/www.generalkinematics.com\/es\/#organization"},"potentialAction":[{"@type":"SearchAction","target":{"@type":"EntryPoint","urlTemplate":"https:\/\/www.generalkinematics.com\/es\/?s={search_term_string}"},"query-input":{"@type":"PropertyValueSpecification","valueRequired":true,"valueName":"search_term_string"}}],"inLanguage":"es"},{"@type":"Organization","@id":"https:\/\/www.generalkinematics.com\/es\/#organization","name":"General Kinematics","url":"https:\/\/www.generalkinematics.com\/es\/","logo":{"@type":"ImageObject","inLanguage":"es","@id":"https:\/\/www.generalkinematics.com\/es\/#\/schema\/logo\/image\/","url":"https:\/\/media.generalkinematics.com\/wp-content\/uploads\/2018\/03\/logo.png","contentUrl":"https:\/\/media.generalkinematics.com\/wp-content\/uploads\/2018\/03\/logo.png","width":313,"height":100,"caption":"General Kinematics"},"image":{"@id":"https:\/\/www.generalkinematics.com\/es\/#\/schema\/logo\/image\/"},"sameAs":["https:\/\/www.facebook.com\/generalkinematics","https:\/\/x.com\/gkvibrating"]}]}},"_links":{"self":[{"href":"https:\/\/www.generalkinematics.com\/es\/wp-json\/wp\/v2\/pages\/44200","targetHints":{"allow":["GET"]}}],"collection":[{"href":"https:\/\/www.generalkinematics.com\/es\/wp-json\/wp\/v2\/pages"}],"about":[{"href":"https:\/\/www.generalkinematics.com\/es\/wp-json\/wp\/v2\/types\/page"}],"author":[{"embeddable":true,"href":"https:\/\/www.generalkinematics.com\/es\/wp-json\/wp\/v2\/users\/5"}],"replies":[{"embeddable":true,"href":"https:\/\/www.generalkinematics.com\/es\/wp-json\/wp\/v2\/comments?post=44200"}],"version-history":[{"count":0,"href":"https:\/\/www.generalkinematics.com\/es\/wp-json\/wp\/v2\/pages\/44200\/revisions"}],"wp:attachment":[{"href":"https:\/\/www.generalkinematics.com\/es\/wp-json\/wp\/v2\/media?parent=44200"}],"curies":[{"name":"wp","href":"https:\/\/api.w.org\/{rel}","templated":true}]}}