{"id":44209,"date":"2014-02-06T12:49:00","date_gmt":"2014-02-06T18:49:00","guid":{"rendered":"https:\/\/www.generalkinematics.com\/negocio-de-herramientas-y-tienda-de-prendas-de-general-kinematics-general-kinematics\/"},"modified":"2020-01-28T17:39:12","modified_gmt":"2020-01-28T23:39:12","slug":"negocio-de-herramientas-y-tienda-de-prendas-de-general-kinematics-general-kinematics","status":"publish","type":"page","link":"https:\/\/www.generalkinematics.com\/es\/negocio-de-herramientas-y-tienda-de-prendas-de-general-kinematics-general-kinematics\/","title":{"rendered":"Tienda de herramientas y prendas"},"content":{"rendered":"<p>\u00bfBusca las \u00faltimas herramientas y prendas de General Kinematics? \u00a1Obtenerlas nunca antes hab\u00eda sido m\u00e1s f\u00e1cil! Con nuestro nuevo almac\u00e9n de Kinematics, puede pedir cualquiera de los productos siguientes a trav\u00e9s de nuestro sitio. \u00a1Le enviamos directamente los productos adquiridos! Si busca gorras y chaquetas o herramientas para realizar el trabajo, puede encontrarlas aqu\u00ed.<\/p>\n<div style=\"margin-top: 100px;\"><div class=\"woocommerce columns-4 \"><\/div><\/div>\n<style>\n<p>.price{display:none}<\/p>\n<\/style>\n","protected":false},"excerpt":{"rendered":"<p>\u00bfBusca las \u00faltimas herramientas y prendas de General Kinematics? \u00a1Obtenerlas nunca antes hab\u00eda sido m\u00e1s f\u00e1cil! Con nuestro nuevo almac\u00e9n de Kinematics, puede pedir cualquiera de los productos siguientes a trav\u00e9s de nuestro sitio. \u00a1Le enviamos directamente los productos adquiridos! Si busca gorras y chaquetas o herramientas para realizar el trabajo, puede encontrarlas aqu\u00ed.<\/p>\n","protected":false},"author":5,"featured_media":0,"parent":0,"menu_order":0,"comment_status":"closed","ping_status":"closed","template":"page-templates\/page-full-width.php","meta":{"_acf_changed":false,"om_disable_all_campaigns":false,"ep_exclude_from_search":false,"footnotes":""},"class_list":["post-44209","page","type-page","status-publish","hentry"],"acf":[],"yoast_head":"<!-- This site is optimized with the Yoast SEO plugin v27.2 - https:\/\/yoast.com\/product\/yoast-seo-wordpress\/ -->\n<title>Tienda de herramientas y prendas de General Kinematics | General Kinematics<\/title>\n<meta name=\"description\" content=\"La tienda de General Kinematics ofrece herramientas y prendas para cubrir sus necesidades cin\u00e9ticas. \u00a1Consulte nuestra selecci\u00f3n para encontrar la herramienta que necesita o adquirir una gorra de b\u00e9isbol de GK!\" \/>\n<meta name=\"robots\" content=\"index, follow, max-snippet:-1, max-image-preview:large, max-video-preview:-1\" \/>\n<link rel=\"canonical\" href=\"https:\/\/www.generalkinematics.com\/es\/negocio-de-herramientas-y-tienda-de-prendas-de-general-kinematics-general-kinematics\/\" \/>\n<meta property=\"og:locale\" content=\"es_ES\" \/>\n<meta property=\"og:type\" content=\"article\" \/>\n<meta property=\"og:title\" content=\"Tienda de herramientas y prendas de General Kinematics | General Kinematics\" \/>\n<meta property=\"og:description\" content=\"La tienda de General Kinematics ofrece herramientas y prendas para cubrir sus necesidades cin\u00e9ticas. \u00a1Consulte nuestra selecci\u00f3n para encontrar la herramienta que necesita o adquirir una gorra de b\u00e9isbol de GK!\" \/>\n<meta property=\"og:url\" content=\"https:\/\/www.generalkinematics.com\/es\/negocio-de-herramientas-y-tienda-de-prendas-de-general-kinematics-general-kinematics\/\" \/>\n<meta property=\"og:site_name\" content=\"General Kinematics\" \/>\n<meta property=\"article:publisher\" content=\"https:\/\/www.facebook.com\/generalkinematics\" \/>\n<meta property=\"article:modified_time\" content=\"2020-01-28T23:39:12+00:00\" \/>\n<meta property=\"og:image\" content=\"https:\/\/media.generalkinematics.com\/wp-content\/uploads\/2017\/07\/GK-Icon.png\" \/>\n\t<meta property=\"og:image:width\" content=\"3000\" \/>\n\t<meta property=\"og:image:height\" content=\"3000\" \/>\n\t<meta property=\"og:image:type\" content=\"image\/jpeg\" \/>\n<meta name=\"twitter:card\" content=\"summary_large_image\" \/>\n<meta name=\"twitter:site\" content=\"@gkvibrating\" \/>\n<!-- \/ Yoast SEO plugin. -->","yoast_head_json":{"title":"Tienda de herramientas y prendas de General Kinematics | General Kinematics","description":"La tienda de General Kinematics ofrece herramientas y prendas para cubrir sus necesidades cin\u00e9ticas. \u00a1Consulte nuestra selecci\u00f3n para encontrar la herramienta que necesita o adquirir una gorra de b\u00e9isbol de GK!","robots":{"index":"index","follow":"follow","max-snippet":"max-snippet:-1","max-image-preview":"max-image-preview:large","max-video-preview":"max-video-preview:-1"},"canonical":"https:\/\/www.generalkinematics.com\/es\/negocio-de-herramientas-y-tienda-de-prendas-de-general-kinematics-general-kinematics\/","og_locale":"es_ES","og_type":"article","og_title":"Tienda de herramientas y prendas de General Kinematics | General Kinematics","og_description":"La tienda de General Kinematics ofrece herramientas y prendas para cubrir sus necesidades cin\u00e9ticas. \u00a1Consulte nuestra selecci\u00f3n para encontrar la herramienta que necesita o adquirir una gorra de b\u00e9isbol de GK!","og_url":"https:\/\/www.generalkinematics.com\/es\/negocio-de-herramientas-y-tienda-de-prendas-de-general-kinematics-general-kinematics\/","og_site_name":"General Kinematics","article_publisher":"https:\/\/www.facebook.com\/generalkinematics","article_modified_time":"2020-01-28T23:39:12+00:00","og_image":[{"width":3000,"height":3000,"url":"https:\/\/media.generalkinematics.com\/wp-content\/uploads\/2017\/07\/GK-Icon.png","type":"image\/jpeg"}],"twitter_card":"summary_large_image","twitter_site":"@gkvibrating","schema":{"@context":"https:\/\/schema.org","@graph":[{"@type":"WebPage","@id":"https:\/\/www.generalkinematics.com\/es\/negocio-de-herramientas-y-tienda-de-prendas-de-general-kinematics-general-kinematics\/","url":"https:\/\/www.generalkinematics.com\/es\/negocio-de-herramientas-y-tienda-de-prendas-de-general-kinematics-general-kinematics\/","name":"Tienda de herramientas y prendas de General Kinematics | General Kinematics","isPartOf":{"@id":"https:\/\/www.generalkinematics.com\/es\/#website"},"datePublished":"2014-02-06T18:49:00+00:00","dateModified":"2020-01-28T23:39:12+00:00","description":"La tienda de General Kinematics ofrece herramientas y prendas para cubrir sus necesidades cin\u00e9ticas. \u00a1Consulte nuestra selecci\u00f3n para encontrar la herramienta que necesita o adquirir una gorra de b\u00e9isbol de GK!","breadcrumb":{"@id":"https:\/\/www.generalkinematics.com\/es\/negocio-de-herramientas-y-tienda-de-prendas-de-general-kinematics-general-kinematics\/#breadcrumb"},"inLanguage":"es","potentialAction":[{"@type":"ReadAction","target":["https:\/\/www.generalkinematics.com\/es\/negocio-de-herramientas-y-tienda-de-prendas-de-general-kinematics-general-kinematics\/"]}]},{"@type":"BreadcrumbList","@id":"https:\/\/www.generalkinematics.com\/es\/negocio-de-herramientas-y-tienda-de-prendas-de-general-kinematics-general-kinematics\/#breadcrumb","itemListElement":[{"@type":"ListItem","position":1,"name":"GK Home","item":"https:\/\/www.generalkinematics.com\/es\/"},{"@type":"ListItem","position":2,"name":"Tienda de herramientas y prendas"}]},{"@type":"WebSite","@id":"https:\/\/www.generalkinematics.com\/es\/#website","url":"https:\/\/www.generalkinematics.com\/es\/","name":"General Kinematics","description":"","publisher":{"@id":"https:\/\/www.generalkinematics.com\/es\/#organization"},"potentialAction":[{"@type":"SearchAction","target":{"@type":"EntryPoint","urlTemplate":"https:\/\/www.generalkinematics.com\/es\/?s={search_term_string}"},"query-input":{"@type":"PropertyValueSpecification","valueRequired":true,"valueName":"search_term_string"}}],"inLanguage":"es"},{"@type":"Organization","@id":"https:\/\/www.generalkinematics.com\/es\/#organization","name":"General Kinematics","url":"https:\/\/www.generalkinematics.com\/es\/","logo":{"@type":"ImageObject","inLanguage":"es","@id":"https:\/\/www.generalkinematics.com\/es\/#\/schema\/logo\/image\/","url":"https:\/\/media.generalkinematics.com\/wp-content\/uploads\/2018\/03\/logo.png","contentUrl":"https:\/\/media.generalkinematics.com\/wp-content\/uploads\/2018\/03\/logo.png","width":313,"height":100,"caption":"General Kinematics"},"image":{"@id":"https:\/\/www.generalkinematics.com\/es\/#\/schema\/logo\/image\/"},"sameAs":["https:\/\/www.facebook.com\/generalkinematics","https:\/\/x.com\/gkvibrating"]}]}},"_links":{"self":[{"href":"https:\/\/www.generalkinematics.com\/es\/wp-json\/wp\/v2\/pages\/44209","targetHints":{"allow":["GET"]}}],"collection":[{"href":"https:\/\/www.generalkinematics.com\/es\/wp-json\/wp\/v2\/pages"}],"about":[{"href":"https:\/\/www.generalkinematics.com\/es\/wp-json\/wp\/v2\/types\/page"}],"author":[{"embeddable":true,"href":"https:\/\/www.generalkinematics.com\/es\/wp-json\/wp\/v2\/users\/5"}],"replies":[{"embeddable":true,"href":"https:\/\/www.generalkinematics.com\/es\/wp-json\/wp\/v2\/comments?post=44209"}],"version-history":[{"count":0,"href":"https:\/\/www.generalkinematics.com\/es\/wp-json\/wp\/v2\/pages\/44209\/revisions"}],"wp:attachment":[{"href":"https:\/\/www.generalkinematics.com\/es\/wp-json\/wp\/v2\/media?parent=44209"}],"curies":[{"name":"wp","href":"https:\/\/api.w.org\/{rel}","templated":true}]}}