{"id":44213,"date":"2014-07-02T13:26:39","date_gmt":"2014-07-02T18:26:39","guid":{"rendered":"https:\/\/www.generalkinematics.com\/centro-tecnico\/engineering-mining-journal-2014\/"},"modified":"2018-09-28T09:17:18","modified_gmt":"2018-09-28T14:17:18","slug":"engineering-mining-journal-2014","status":"publish","type":"page","link":"https:\/\/www.generalkinematics.com\/es\/centro-tecnico\/engineering-mining-journal-2014\/","title":{"rendered":"Engineering &amp; Mining Journal 2014"},"content":{"rendered":"","protected":false},"excerpt":{"rendered":"","protected":false},"author":5,"featured_media":0,"parent":43586,"menu_order":0,"comment_status":"open","ping_status":"open","template":"","meta":{"_acf_changed":false,"om_disable_all_campaigns":false,"ep_exclude_from_search":false,"footnotes":""},"class_list":["post-44213","page","type-page","status-publish","hentry"],"acf":[],"yoast_head":"<!-- This site is optimized with the Yoast SEO plugin v27.2 - https:\/\/yoast.com\/product\/yoast-seo-wordpress\/ -->\n<title>Art\u00edculos sobre equipos vibratorios industriales | General Kinematics<\/title>\n<meta name=\"description\" content=\"Conozca General Kinematics leyendo los art\u00edculos sobre equipos vibratorios industriales publicados en la revista E&amp;MJ. Lea \u00e9stos y otros art\u00edculos de ingenier\u00eda industrial en nuestro portal.\" \/>\n<meta name=\"robots\" content=\"index, follow, max-snippet:-1, max-image-preview:large, max-video-preview:-1\" \/>\n<link rel=\"canonical\" href=\"https:\/\/www.generalkinematics.com\/es\/centro-tecnico\/engineering-mining-journal-2014\/\" \/>\n<meta property=\"og:locale\" content=\"es_ES\" \/>\n<meta property=\"og:type\" content=\"article\" \/>\n<meta property=\"og:title\" content=\"Art\u00edculos sobre equipos vibratorios industriales | General Kinematics\" \/>\n<meta property=\"og:description\" content=\"Conozca General Kinematics leyendo los art\u00edculos sobre equipos vibratorios industriales publicados en la revista E&amp;MJ. Lea \u00e9stos y otros art\u00edculos de ingenier\u00eda industrial en nuestro portal.\" \/>\n<meta property=\"og:url\" content=\"https:\/\/www.generalkinematics.com\/es\/centro-tecnico\/engineering-mining-journal-2014\/\" \/>\n<meta property=\"og:site_name\" content=\"General Kinematics\" \/>\n<meta property=\"article:publisher\" content=\"https:\/\/www.facebook.com\/generalkinematics\" \/>\n<meta property=\"article:modified_time\" content=\"2018-09-28T14:17:18+00:00\" \/>\n<meta property=\"og:image\" content=\"https:\/\/media.generalkinematics.com\/wp-content\/uploads\/2017\/07\/GK-Icon.png\" \/>\n\t<meta property=\"og:image:width\" content=\"3000\" \/>\n\t<meta property=\"og:image:height\" content=\"3000\" \/>\n\t<meta property=\"og:image:type\" content=\"image\/jpeg\" \/>\n<meta name=\"twitter:card\" content=\"summary_large_image\" \/>\n<meta name=\"twitter:site\" content=\"@gkvibrating\" \/>\n<!-- \/ Yoast SEO plugin. -->","yoast_head_json":{"title":"Art\u00edculos sobre equipos vibratorios industriales | General Kinematics","description":"Conozca General Kinematics leyendo los art\u00edculos sobre equipos vibratorios industriales publicados en la revista E&MJ. Lea \u00e9stos y otros art\u00edculos de ingenier\u00eda industrial en nuestro portal.","robots":{"index":"index","follow":"follow","max-snippet":"max-snippet:-1","max-image-preview":"max-image-preview:large","max-video-preview":"max-video-preview:-1"},"canonical":"https:\/\/www.generalkinematics.com\/es\/centro-tecnico\/engineering-mining-journal-2014\/","og_locale":"es_ES","og_type":"article","og_title":"Art\u00edculos sobre equipos vibratorios industriales | General Kinematics","og_description":"Conozca General Kinematics leyendo los art\u00edculos sobre equipos vibratorios industriales publicados en la revista E&MJ. Lea \u00e9stos y otros art\u00edculos de ingenier\u00eda industrial en nuestro portal.","og_url":"https:\/\/www.generalkinematics.com\/es\/centro-tecnico\/engineering-mining-journal-2014\/","og_site_name":"General Kinematics","article_publisher":"https:\/\/www.facebook.com\/generalkinematics","article_modified_time":"2018-09-28T14:17:18+00:00","og_image":[{"width":3000,"height":3000,"url":"https:\/\/media.generalkinematics.com\/wp-content\/uploads\/2017\/07\/GK-Icon.png","type":"image\/jpeg"}],"twitter_card":"summary_large_image","twitter_site":"@gkvibrating","schema":{"@context":"https:\/\/schema.org","@graph":[{"@type":"WebPage","@id":"https:\/\/www.generalkinematics.com\/es\/centro-tecnico\/engineering-mining-journal-2014\/","url":"https:\/\/www.generalkinematics.com\/es\/centro-tecnico\/engineering-mining-journal-2014\/","name":"Art\u00edculos sobre equipos vibratorios industriales | General Kinematics","isPartOf":{"@id":"https:\/\/www.generalkinematics.com\/es\/#website"},"datePublished":"2014-07-02T18:26:39+00:00","dateModified":"2018-09-28T14:17:18+00:00","description":"Conozca General Kinematics leyendo los art\u00edculos sobre equipos vibratorios industriales publicados en la revista E&MJ. Lea \u00e9stos y otros art\u00edculos de ingenier\u00eda industrial en nuestro portal.","breadcrumb":{"@id":"https:\/\/www.generalkinematics.com\/es\/centro-tecnico\/engineering-mining-journal-2014\/#breadcrumb"},"inLanguage":"es","potentialAction":[{"@type":"ReadAction","target":["https:\/\/www.generalkinematics.com\/es\/centro-tecnico\/engineering-mining-journal-2014\/"]}]},{"@type":"BreadcrumbList","@id":"https:\/\/www.generalkinematics.com\/es\/centro-tecnico\/engineering-mining-journal-2014\/#breadcrumb","itemListElement":[{"@type":"ListItem","position":1,"name":"GK Home","item":"https:\/\/www.generalkinematics.com\/es\/"},{"@type":"ListItem","position":2,"name":"Centro t\u00e9cnico de GK","item":"https:\/\/www.generalkinematics.com\/es\/centro-tecnico\/"},{"@type":"ListItem","position":3,"name":"Engineering &amp; Mining Journal 2014"}]},{"@type":"WebSite","@id":"https:\/\/www.generalkinematics.com\/es\/#website","url":"https:\/\/www.generalkinematics.com\/es\/","name":"General Kinematics","description":"","publisher":{"@id":"https:\/\/www.generalkinematics.com\/es\/#organization"},"potentialAction":[{"@type":"SearchAction","target":{"@type":"EntryPoint","urlTemplate":"https:\/\/www.generalkinematics.com\/es\/?s={search_term_string}"},"query-input":{"@type":"PropertyValueSpecification","valueRequired":true,"valueName":"search_term_string"}}],"inLanguage":"es"},{"@type":"Organization","@id":"https:\/\/www.generalkinematics.com\/es\/#organization","name":"General Kinematics","url":"https:\/\/www.generalkinematics.com\/es\/","logo":{"@type":"ImageObject","inLanguage":"es","@id":"https:\/\/www.generalkinematics.com\/es\/#\/schema\/logo\/image\/","url":"https:\/\/media.generalkinematics.com\/wp-content\/uploads\/2018\/03\/logo.png","contentUrl":"https:\/\/media.generalkinematics.com\/wp-content\/uploads\/2018\/03\/logo.png","width":313,"height":100,"caption":"General Kinematics"},"image":{"@id":"https:\/\/www.generalkinematics.com\/es\/#\/schema\/logo\/image\/"},"sameAs":["https:\/\/www.facebook.com\/generalkinematics","https:\/\/x.com\/gkvibrating"]}]}},"_links":{"self":[{"href":"https:\/\/www.generalkinematics.com\/es\/wp-json\/wp\/v2\/pages\/44213","targetHints":{"allow":["GET"]}}],"collection":[{"href":"https:\/\/www.generalkinematics.com\/es\/wp-json\/wp\/v2\/pages"}],"about":[{"href":"https:\/\/www.generalkinematics.com\/es\/wp-json\/wp\/v2\/types\/page"}],"author":[{"embeddable":true,"href":"https:\/\/www.generalkinematics.com\/es\/wp-json\/wp\/v2\/users\/5"}],"replies":[{"embeddable":true,"href":"https:\/\/www.generalkinematics.com\/es\/wp-json\/wp\/v2\/comments?post=44213"}],"version-history":[{"count":0,"href":"https:\/\/www.generalkinematics.com\/es\/wp-json\/wp\/v2\/pages\/44213\/revisions"}],"up":[{"embeddable":true,"href":"https:\/\/www.generalkinematics.com\/es\/wp-json\/wp\/v2\/pages\/43586"}],"wp:attachment":[{"href":"https:\/\/www.generalkinematics.com\/es\/wp-json\/wp\/v2\/media?parent=44213"}],"curies":[{"name":"wp","href":"https:\/\/api.w.org\/{rel}","templated":true}]}}