{"id":44215,"date":"2015-01-07T11:06:57","date_gmt":"2015-01-07T17:06:57","guid":{"rendered":"https:\/\/www.generalkinematics.com\/gifa-2015\/"},"modified":"2018-09-20T08:22:26","modified_gmt":"2018-09-20T13:22:26","slug":"gifa-2015","status":"publish","type":"page","link":"https:\/\/www.generalkinematics.com\/es\/gifa-2015\/","title":{"rendered":"GIFA 2015"},"content":{"rendered":"","protected":false},"excerpt":{"rendered":"","protected":false},"author":5,"featured_media":0,"parent":0,"menu_order":0,"comment_status":"open","ping_status":"closed","template":"","meta":{"_acf_changed":false,"om_disable_all_campaigns":false,"ep_exclude_from_search":false,"footnotes":""},"class_list":["post-44215","page","type-page","status-publish","hentry"],"acf":[],"yoast_head":"<!-- This site is optimized with the Yoast SEO plugin v27.5 - https:\/\/yoast.com\/product\/yoast-seo-wordpress\/ -->\n<title>Feria GIFA 2015 | General Kinematics<\/title>\n<meta name=\"description\" content=\"\u00a1General Kinematics estar\u00e1 en la Feria GIFA 2015 en D\u00fcsseldorf, Alemania! Conozca m\u00e1s sobre nuestro stand y equipos en exhibici\u00f3n. \u00a1Vis\u00edtenos hoy mismo!\" \/>\n<meta name=\"robots\" content=\"index, follow, max-snippet:-1, max-image-preview:large, max-video-preview:-1\" \/>\n<link rel=\"canonical\" href=\"https:\/\/www.generalkinematics.com\/es\/gifa-2015\/\" \/>\n<meta property=\"og:locale\" content=\"es_ES\" \/>\n<meta property=\"og:type\" content=\"article\" \/>\n<meta property=\"og:title\" content=\"Feria GIFA 2015 | General Kinematics\" \/>\n<meta property=\"og:description\" content=\"\u00a1General Kinematics estar\u00e1 en la Feria GIFA 2015 en D\u00fcsseldorf, Alemania! Conozca m\u00e1s sobre nuestro stand y equipos en exhibici\u00f3n. \u00a1Vis\u00edtenos hoy mismo!\" \/>\n<meta property=\"og:url\" content=\"https:\/\/www.generalkinematics.com\/es\/gifa-2015\/\" \/>\n<meta property=\"og:site_name\" content=\"General Kinematics\" \/>\n<meta property=\"article:publisher\" content=\"https:\/\/www.facebook.com\/generalkinematics\" \/>\n<meta property=\"article:modified_time\" content=\"2018-09-20T13:22:26+00:00\" \/>\n<meta property=\"og:image\" content=\"https:\/\/media.generalkinematics.com\/wp-content\/uploads\/2017\/07\/GK-Icon.png\" \/>\n\t<meta property=\"og:image:width\" content=\"3000\" \/>\n\t<meta property=\"og:image:height\" content=\"3000\" \/>\n\t<meta property=\"og:image:type\" content=\"image\/jpeg\" \/>\n<meta name=\"twitter:card\" content=\"summary_large_image\" \/>\n<meta name=\"twitter:site\" content=\"@gkvibrating\" \/>\n<!-- \/ Yoast SEO plugin. -->","yoast_head_json":{"title":"Feria GIFA 2015 | General Kinematics","description":"\u00a1General Kinematics estar\u00e1 en la Feria GIFA 2015 en D\u00fcsseldorf, Alemania! Conozca m\u00e1s sobre nuestro stand y equipos en exhibici\u00f3n. \u00a1Vis\u00edtenos hoy mismo!","robots":{"index":"index","follow":"follow","max-snippet":"max-snippet:-1","max-image-preview":"max-image-preview:large","max-video-preview":"max-video-preview:-1"},"canonical":"https:\/\/www.generalkinematics.com\/es\/gifa-2015\/","og_locale":"es_ES","og_type":"article","og_title":"Feria GIFA 2015 | General Kinematics","og_description":"\u00a1General Kinematics estar\u00e1 en la Feria GIFA 2015 en D\u00fcsseldorf, Alemania! Conozca m\u00e1s sobre nuestro stand y equipos en exhibici\u00f3n. \u00a1Vis\u00edtenos hoy mismo!","og_url":"https:\/\/www.generalkinematics.com\/es\/gifa-2015\/","og_site_name":"General Kinematics","article_publisher":"https:\/\/www.facebook.com\/generalkinematics","article_modified_time":"2018-09-20T13:22:26+00:00","og_image":[{"width":3000,"height":3000,"url":"https:\/\/media.generalkinematics.com\/wp-content\/uploads\/2017\/07\/GK-Icon.png","type":"image\/jpeg"}],"twitter_card":"summary_large_image","twitter_site":"@gkvibrating","schema":{"@context":"https:\/\/schema.org","@graph":[{"@type":"WebPage","@id":"https:\/\/www.generalkinematics.com\/es\/gifa-2015\/","url":"https:\/\/www.generalkinematics.com\/es\/gifa-2015\/","name":"Feria GIFA 2015 | General Kinematics","isPartOf":{"@id":"https:\/\/www.generalkinematics.com\/es\/#website"},"datePublished":"2015-01-07T17:06:57+00:00","dateModified":"2018-09-20T13:22:26+00:00","description":"\u00a1General Kinematics estar\u00e1 en la Feria GIFA 2015 en D\u00fcsseldorf, Alemania! Conozca m\u00e1s sobre nuestro stand y equipos en exhibici\u00f3n. \u00a1Vis\u00edtenos hoy mismo!","breadcrumb":{"@id":"https:\/\/www.generalkinematics.com\/es\/gifa-2015\/#breadcrumb"},"inLanguage":"es","potentialAction":[{"@type":"ReadAction","target":["https:\/\/www.generalkinematics.com\/es\/gifa-2015\/"]}]},{"@type":"BreadcrumbList","@id":"https:\/\/www.generalkinematics.com\/es\/gifa-2015\/#breadcrumb","itemListElement":[{"@type":"ListItem","position":1,"name":"GK Home","item":"https:\/\/www.generalkinematics.com\/es\/"},{"@type":"ListItem","position":2,"name":"GIFA 2015"}]},{"@type":"WebSite","@id":"https:\/\/www.generalkinematics.com\/es\/#website","url":"https:\/\/www.generalkinematics.com\/es\/","name":"General Kinematics","description":"","publisher":{"@id":"https:\/\/www.generalkinematics.com\/es\/#organization"},"potentialAction":[{"@type":"SearchAction","target":{"@type":"EntryPoint","urlTemplate":"https:\/\/www.generalkinematics.com\/es\/?s={search_term_string}"},"query-input":{"@type":"PropertyValueSpecification","valueRequired":true,"valueName":"search_term_string"}}],"inLanguage":"es"},{"@type":"Organization","@id":"https:\/\/www.generalkinematics.com\/es\/#organization","name":"General Kinematics","url":"https:\/\/www.generalkinematics.com\/es\/","logo":{"@type":"ImageObject","inLanguage":"es","@id":"https:\/\/www.generalkinematics.com\/es\/#\/schema\/logo\/image\/","url":"https:\/\/media.generalkinematics.com\/wp-content\/uploads\/2018\/03\/logo.png","contentUrl":"https:\/\/media.generalkinematics.com\/wp-content\/uploads\/2018\/03\/logo.png","width":313,"height":100,"caption":"General Kinematics"},"image":{"@id":"https:\/\/www.generalkinematics.com\/es\/#\/schema\/logo\/image\/"},"sameAs":["https:\/\/www.facebook.com\/generalkinematics","https:\/\/x.com\/gkvibrating"]}]}},"_links":{"self":[{"href":"https:\/\/www.generalkinematics.com\/es\/wp-json\/wp\/v2\/pages\/44215","targetHints":{"allow":["GET"]}}],"collection":[{"href":"https:\/\/www.generalkinematics.com\/es\/wp-json\/wp\/v2\/pages"}],"about":[{"href":"https:\/\/www.generalkinematics.com\/es\/wp-json\/wp\/v2\/types\/page"}],"author":[{"embeddable":true,"href":"https:\/\/www.generalkinematics.com\/es\/wp-json\/wp\/v2\/users\/5"}],"replies":[{"embeddable":true,"href":"https:\/\/www.generalkinematics.com\/es\/wp-json\/wp\/v2\/comments?post=44215"}],"version-history":[{"count":0,"href":"https:\/\/www.generalkinematics.com\/es\/wp-json\/wp\/v2\/pages\/44215\/revisions"}],"wp:attachment":[{"href":"https:\/\/www.generalkinematics.com\/es\/wp-json\/wp\/v2\/media?parent=44215"}],"curies":[{"name":"wp","href":"https:\/\/api.w.org\/{rel}","templated":true}]}}