{"id":44220,"date":"2012-05-02T16:26:04","date_gmt":"2012-05-02T21:26:04","guid":{"rendered":"https:\/\/www.generalkinematics.com\/foundry-equipment\/sistemas-de-adicion-por-cuchara\/"},"modified":"2018-09-27T17:32:50","modified_gmt":"2018-09-27T22:32:50","slug":"sistemas-de-adicion-por-cuchara","status":"publish","type":"page","link":"https:\/\/www.generalkinematics.com\/es\/soluciones-de-fundicion-y-metalcasting\/sistemas-de-adicion-por-cuchara\/","title":{"rendered":"Sistemas de adici\u00f3n por cuchara"},"content":{"rendered":"<h1>Sistemas de adici\u00f3n por cuchara<\/h1>\n<p><img decoding=\"async\" class=\"left-menu-img\" title=\"Sistemas de adici\u00f3n por cuchara\" src=\"https:\/\/www.generalkinematics.com\/wp-content\/uploads\/images\/foundry_products\/header\/ladle_addition.jpg\" alt=\"Sistemas de adici\u00f3n por cuchara\" width=\"375\" height=\"180\" \/><\/p>\n<p>&nbsp;<\/p>\n<h2>Descripci\u00f3n del producto:<\/h2>\n<p>Prepare y agregue el inoculante u otros materiales antes de verter con los sistemas de adici\u00f3n por cuchara de GK. Los sistemas incluyen contenedores y alimentadores de materiales individuales, alimentadores de composici\u00f3n de carga, alimentadores de transportadores y otras opciones para medir y suministrar con precisi\u00f3n la mezcla correcta de ingredientes a su receta de metal.<\/p>\n<h2>Caracter\u00edsticas:<\/h2>\n<ul>\n<li>Los contenedores se llenan con los alimentadores de GK, equipados con sistemas de transmisi\u00f3n electromec\u00e1nicos o neum\u00e1ticos, seg\u00fan el tama\u00f1o y la aplicaci\u00f3n.<\/li>\n<li>Los alimentadores de composici\u00f3n de carga utilizan celdas de pesaje para medir con precisi\u00f3n la cantidad correcta de material para su mezcla particular de metales.<\/li>\n<li>Los sistemas totalmente automatizados pueden integrarse a los sistemas de control existentes y llevar a cabo sus procesos sin problemas.<\/li>\n<\/ul>\n","protected":false},"excerpt":{"rendered":"<p>Sistemas de adici\u00f3n por cuchara &nbsp; Descripci\u00f3n del producto: Prepare y agregue el inoculante u otros materiales antes de verter con los sistemas de adici\u00f3n por cuchara de GK. Los sistemas incluyen contenedores y alimentadores de materiales individuales, alimentadores de composici\u00f3n de carga, alimentadores de transportadores y otras opciones para medir y suministrar con precisi\u00f3n [&hellip;]<\/p>\n","protected":false},"author":5,"featured_media":0,"parent":42172,"menu_order":0,"comment_status":"open","ping_status":"open","template":"","meta":{"_acf_changed":false,"om_disable_all_campaigns":false,"ep_exclude_from_search":false,"footnotes":""},"class_list":["post-44220","page","type-page","status-publish","hentry"],"acf":[],"yoast_head":"<!-- This site is optimized with the Yoast SEO plugin v27.5 - https:\/\/yoast.com\/product\/yoast-seo-wordpress\/ -->\n<title>Sistema de colada de fundici\u00f3n | General Kinematics<\/title>\n<meta name=\"description\" content=\"Descubra c\u00f3mo el sistema de colada de fundici\u00f3n de General Kinematics proporciona la cantidad \u00f3ptima de ingredientes necesarios. Totalmente automatizado, este sistema garantiza mediciones precisas.\" \/>\n<meta name=\"robots\" content=\"index, follow, max-snippet:-1, max-image-preview:large, max-video-preview:-1\" \/>\n<link rel=\"canonical\" href=\"https:\/\/www.generalkinematics.com\/es\/soluciones-de-fundicion-y-metalcasting\/sistemas-de-adicion-por-cuchara\/\" \/>\n<meta property=\"og:locale\" content=\"es_ES\" \/>\n<meta property=\"og:type\" content=\"article\" \/>\n<meta property=\"og:title\" content=\"Sistema de colada de fundici\u00f3n | General Kinematics\" \/>\n<meta property=\"og:description\" content=\"Descubra c\u00f3mo el sistema de colada de fundici\u00f3n de General Kinematics proporciona la cantidad \u00f3ptima de ingredientes necesarios. Totalmente automatizado, este sistema garantiza mediciones precisas.\" \/>\n<meta property=\"og:url\" content=\"https:\/\/www.generalkinematics.com\/es\/soluciones-de-fundicion-y-metalcasting\/sistemas-de-adicion-por-cuchara\/\" \/>\n<meta property=\"og:site_name\" content=\"General Kinematics\" \/>\n<meta property=\"article:publisher\" content=\"https:\/\/www.facebook.com\/generalkinematics\" \/>\n<meta property=\"article:modified_time\" content=\"2018-09-27T22:32:50+00:00\" \/>\n<meta property=\"og:image\" content=\"https:\/\/www.generalkinematics.com\/wp-content\/uploads\/images\/foundry_products\/header\/ladle_addition.jpg\" \/>\n<meta name=\"twitter:card\" content=\"summary_large_image\" \/>\n<meta name=\"twitter:site\" content=\"@gkvibrating\" \/>\n<meta name=\"twitter:label1\" content=\"Tiempo de lectura\" \/>\n\t<meta name=\"twitter:data1\" content=\"1 minuto\" \/>\n<!-- \/ Yoast SEO plugin. -->","yoast_head_json":{"title":"Sistema de colada de fundici\u00f3n | General Kinematics","description":"Descubra c\u00f3mo el sistema de colada de fundici\u00f3n de General Kinematics proporciona la cantidad \u00f3ptima de ingredientes necesarios. Totalmente automatizado, este sistema garantiza mediciones precisas.","robots":{"index":"index","follow":"follow","max-snippet":"max-snippet:-1","max-image-preview":"max-image-preview:large","max-video-preview":"max-video-preview:-1"},"canonical":"https:\/\/www.generalkinematics.com\/es\/soluciones-de-fundicion-y-metalcasting\/sistemas-de-adicion-por-cuchara\/","og_locale":"es_ES","og_type":"article","og_title":"Sistema de colada de fundici\u00f3n | General Kinematics","og_description":"Descubra c\u00f3mo el sistema de colada de fundici\u00f3n de General Kinematics proporciona la cantidad \u00f3ptima de ingredientes necesarios. Totalmente automatizado, este sistema garantiza mediciones precisas.","og_url":"https:\/\/www.generalkinematics.com\/es\/soluciones-de-fundicion-y-metalcasting\/sistemas-de-adicion-por-cuchara\/","og_site_name":"General Kinematics","article_publisher":"https:\/\/www.facebook.com\/generalkinematics","article_modified_time":"2018-09-27T22:32:50+00:00","og_image":[{"url":"https:\/\/www.generalkinematics.com\/wp-content\/uploads\/images\/foundry_products\/header\/ladle_addition.jpg","type":"","width":"","height":""}],"twitter_card":"summary_large_image","twitter_site":"@gkvibrating","twitter_misc":{"Tiempo de lectura":"1 minuto"},"schema":{"@context":"https:\/\/schema.org","@graph":[{"@type":"WebPage","@id":"https:\/\/www.generalkinematics.com\/es\/soluciones-de-fundicion-y-metalcasting\/sistemas-de-adicion-por-cuchara\/","url":"https:\/\/www.generalkinematics.com\/es\/soluciones-de-fundicion-y-metalcasting\/sistemas-de-adicion-por-cuchara\/","name":"Sistema de colada de fundici\u00f3n | General Kinematics","isPartOf":{"@id":"https:\/\/www.generalkinematics.com\/es\/#website"},"primaryImageOfPage":{"@id":"https:\/\/www.generalkinematics.com\/es\/soluciones-de-fundicion-y-metalcasting\/sistemas-de-adicion-por-cuchara\/#primaryimage"},"image":{"@id":"https:\/\/www.generalkinematics.com\/es\/soluciones-de-fundicion-y-metalcasting\/sistemas-de-adicion-por-cuchara\/#primaryimage"},"thumbnailUrl":"https:\/\/www.generalkinematics.com\/wp-content\/uploads\/images\/foundry_products\/header\/ladle_addition.jpg","datePublished":"2012-05-02T21:26:04+00:00","dateModified":"2018-09-27T22:32:50+00:00","description":"Descubra c\u00f3mo el sistema de colada de fundici\u00f3n de General Kinematics proporciona la cantidad \u00f3ptima de ingredientes necesarios. Totalmente automatizado, este sistema garantiza mediciones precisas.","breadcrumb":{"@id":"https:\/\/www.generalkinematics.com\/es\/soluciones-de-fundicion-y-metalcasting\/sistemas-de-adicion-por-cuchara\/#breadcrumb"},"inLanguage":"es","potentialAction":[{"@type":"ReadAction","target":["https:\/\/www.generalkinematics.com\/es\/soluciones-de-fundicion-y-metalcasting\/sistemas-de-adicion-por-cuchara\/"]}]},{"@type":"ImageObject","inLanguage":"es","@id":"https:\/\/www.generalkinematics.com\/es\/soluciones-de-fundicion-y-metalcasting\/sistemas-de-adicion-por-cuchara\/#primaryimage","url":"https:\/\/www.generalkinematics.com\/wp-content\/uploads\/images\/foundry_products\/header\/ladle_addition.jpg","contentUrl":"https:\/\/www.generalkinematics.com\/wp-content\/uploads\/images\/foundry_products\/header\/ladle_addition.jpg"},{"@type":"BreadcrumbList","@id":"https:\/\/www.generalkinematics.com\/es\/soluciones-de-fundicion-y-metalcasting\/sistemas-de-adicion-por-cuchara\/#breadcrumb","itemListElement":[{"@type":"ListItem","position":1,"name":"GK Home","item":"https:\/\/www.generalkinematics.com\/es\/"},{"@type":"ListItem","position":2,"name":"Fundici\u00f3n y Fundici\u00f3n de metales","item":"https:\/\/www.generalkinematics.com\/es\/soluciones-de-fundicion-y-metalcasting\/"},{"@type":"ListItem","position":3,"name":"Sistemas de adici\u00f3n por cuchara"}]},{"@type":"WebSite","@id":"https:\/\/www.generalkinematics.com\/es\/#website","url":"https:\/\/www.generalkinematics.com\/es\/","name":"General Kinematics","description":"","publisher":{"@id":"https:\/\/www.generalkinematics.com\/es\/#organization"},"potentialAction":[{"@type":"SearchAction","target":{"@type":"EntryPoint","urlTemplate":"https:\/\/www.generalkinematics.com\/es\/?s={search_term_string}"},"query-input":{"@type":"PropertyValueSpecification","valueRequired":true,"valueName":"search_term_string"}}],"inLanguage":"es"},{"@type":"Organization","@id":"https:\/\/www.generalkinematics.com\/es\/#organization","name":"General Kinematics","url":"https:\/\/www.generalkinematics.com\/es\/","logo":{"@type":"ImageObject","inLanguage":"es","@id":"https:\/\/www.generalkinematics.com\/es\/#\/schema\/logo\/image\/","url":"https:\/\/media.generalkinematics.com\/wp-content\/uploads\/2018\/03\/logo.png","contentUrl":"https:\/\/media.generalkinematics.com\/wp-content\/uploads\/2018\/03\/logo.png","width":313,"height":100,"caption":"General Kinematics"},"image":{"@id":"https:\/\/www.generalkinematics.com\/es\/#\/schema\/logo\/image\/"},"sameAs":["https:\/\/www.facebook.com\/generalkinematics","https:\/\/x.com\/gkvibrating"]}]}},"_links":{"self":[{"href":"https:\/\/www.generalkinematics.com\/es\/wp-json\/wp\/v2\/pages\/44220","targetHints":{"allow":["GET"]}}],"collection":[{"href":"https:\/\/www.generalkinematics.com\/es\/wp-json\/wp\/v2\/pages"}],"about":[{"href":"https:\/\/www.generalkinematics.com\/es\/wp-json\/wp\/v2\/types\/page"}],"author":[{"embeddable":true,"href":"https:\/\/www.generalkinematics.com\/es\/wp-json\/wp\/v2\/users\/5"}],"replies":[{"embeddable":true,"href":"https:\/\/www.generalkinematics.com\/es\/wp-json\/wp\/v2\/comments?post=44220"}],"version-history":[{"count":0,"href":"https:\/\/www.generalkinematics.com\/es\/wp-json\/wp\/v2\/pages\/44220\/revisions"}],"up":[{"embeddable":true,"href":"https:\/\/www.generalkinematics.com\/es\/wp-json\/wp\/v2\/pages\/42172"}],"wp:attachment":[{"href":"https:\/\/www.generalkinematics.com\/es\/wp-json\/wp\/v2\/media?parent=44220"}],"curies":[{"name":"wp","href":"https:\/\/api.w.org\/{rel}","templated":true}]}}